{"id":4199,"date":"2024-08-22T07:51:13","date_gmt":"2024-08-22T06:51:13","guid":{"rendered":"https:\/\/sxpowercase.com\/?post_type=product&#038;p=4199"},"modified":"2024-08-22T07:51:14","modified_gmt":"2024-08-22T06:51:14","slug":"metal-fitting-corner-brace-cla104","status":"publish","type":"product","link":"https:\/\/sxflightcase.com\/es_es\/producto\/herraje-metalico-esquinero-cla104-2\/","title":{"rendered":"Accesorio met\u00e1lico esquinero CLA104"},"content":{"rendered":"<h3>Escuadra de uni\u00f3n met\u00e1lica SX: Resistencia, Estabilidad y Ahorro Combinados<\/h3>\n<h4>Apoyo fiable en las esquinas para cada proyecto<\/h4>\n<p>Cuando necesite conexiones fuertes y estables, el <span style=\"color: #3366ff;\"><a style=\"color: #3366ff;\" href=\"https:\/\/sxpowercase.com\/product\/metal-fitting-corner-braces-cla103\/\"><strong>Esquinera de ajuste met\u00e1lico<\/strong><\/a><\/span> de SX es la elecci\u00f3n perfecta. Ideal para asegurar esquinas en varios proyectos, desde armarios hasta flight cases, este herraje ofrece un refuerzo fiable donde m\u00e1s se necesita. Al comprar directamente a SX, disfrutar\u00e1 de precios directos de f\u00e1brica inmejorables sin comprometer la calidad.<\/p>\n<h4>Dise\u00f1ado para durar<\/h4>\n<p>SX <strong>Cantoneras de ajuste met\u00e1lico<\/strong> est\u00e1n fabricados con metal de alta calidad, lo que garantiza su resistencia al desgaste. Su robusta construcci\u00f3n garantiza un rendimiento duradero, por lo que son ideales para aplicaciones exigentes. Tanto si trabaja en una construcci\u00f3n profesional a gran escala como en un proyecto de bricolaje, estas riostras ofrecen un soporte fiable y rentable.<\/p>\n<h4>Vers\u00e1til y f\u00e1cil de usar<\/h4>\n<p>Dise\u00f1ado para ser vers\u00e1til, el <a href=\"https:\/\/sxpowercase.com\/\" target=\"_blank\" rel=\"noopener\" title=\"SX\" data-wpil-monitor-id=\"687\">SX<\/a> <strong>Esquinera de ajuste met\u00e1lico<\/strong> pueden utilizarse en numerosas aplicaciones. Ya se trate de asegurar estanter\u00edas, reforzar muebles o construir cajas, estas riostras ofrecen una integraci\u00f3n perfecta. Son f\u00e1ciles de instalar, lo que le ahorrar\u00e1 tiempo y esfuerzo, a la vez que mantiene su presupuesto bajo control gracias a los bajos precios directos de f\u00e1brica de SX.<\/p>\n<h4>Perfecto para proyectos personalizados y reparaciones<\/h4>\n<p>Para construcciones a medida o reparaciones que requieran un soporte adicional en las esquinas, el SX <strong>Esquinera de ajuste met\u00e1lico<\/strong> es imprescindible. Su dise\u00f1o fiable garantiza que sus construcciones se mantengan unidas con firmeza, incluso bajo presi\u00f3n. Y con el compromiso de SX de realizar ventas directas de f\u00e1brica, obtendr\u00e1 herrajes de alta calidad a precios dif\u00edciles de superar, lo que le proporcionar\u00e1 rendimiento y valor.<\/p>\n<h4>La confianza de los expertos del sector<\/h4>\n<p>Tanto los profesionales como los aficionados al bricolaje conf\u00edan en SX para obtener soluciones de ferreter\u00eda asequibles y duraderas. El <strong>Esquinera de ajuste met\u00e1lico<\/strong> es un elemento b\u00e1sico en los kits de herramientas de todo el mundo por su calidad constante y sus precios competitivos. Con SX, no solo invierte en hardware fiable, sino que tambi\u00e9n se beneficia de nuestros ahorros directos de f\u00e1brica, lo que le permite ajustarse al presupuesto.<\/p>\n<h4>Opciones personalizables para necesidades espec\u00edficas<\/h4>\n<p>SX entiende que cada proyecto tiene sus propios requisitos, por lo que nuestro <strong>Cantoneras de ajuste met\u00e1lico<\/strong> pueden adaptarse a sus especificaciones. Si necesita tama\u00f1os espec\u00edficos, acabados o caracter\u00edsticas adicionales, le ofrecemos opciones personalizables sin aumentar los costes. El modelo directo de f\u00e1brica de SX le garantiza que obtendr\u00e1 exactamente lo que necesita, a un precio excelente.<\/p>\n<h4>Calidad asequible en la que puede confiar<\/h4>\n<p>En SX, nos enorgullecemos de ofrecer hardware de primer nivel a precios razonables. Nuestra <strong>Cantoneras de ajuste met\u00e1lico<\/strong> combinan durabilidad y asequibilidad, ofreci\u00e9ndole un rendimiento fiable sin forzar su presupuesto. Gracias a nuestro enfoque directo de f\u00e1brica, siempre obtendr\u00e1 el mejor valor por su dinero, tanto si trabaja en un proyecto profesional como en una tarea de mejora del hogar.<\/p>\n<h4>Construya con confianza, ahorre con SX<\/h4>\n<p>Cuando se trata de reforzar las esquinas, el SX <strong>Esquinera de ajuste met\u00e1lico<\/strong> ofrece la resistencia y estabilidad en las que puede confiar. Su sencilla instalaci\u00f3n, dise\u00f1o duradero y aplicaci\u00f3n vers\u00e1til lo convierten en un componente esencial para una amplia gama de proyectos. Y con nuestros imbatibles precios directos de f\u00e1brica, no tendr\u00e1 que sacrificar la calidad para no salirse del presupuesto. Elija SX para soluciones de herrajes que ofrecen fiabilidad y valor en todo momento.<\/p>\n<p>P\u00f3ngase en contacto con nosotros:<span style=\"color: #0000ff;\"><a style=\"color: #0000ff;\" href=\"https:\/\/sxpowercase.com\/contact-us\/\">https:\/\/sxpowercase.com\/<\/a><\/span><\/p>\n<p>Cat\u00e1logo de productos de hardware\uff1a<span style=\"color: #3366ff;\"><a style=\"color: #3366ff;\" href=\"https:\/\/sxpowercase.com\/wp-content\/uploads\/2024\/07\/\u4e94\u91d1.pdf\">Cat\u00e1logo de accesorios de ferreter\u00eda<\/a><\/span><\/p>","protected":false},"excerpt":{"rendered":"<h3>SX Road Case Abrazaderas de Esquina: Protecci\u00f3n fiable para su equipo<\/h3>\n<p>Las abrazaderas de esquina para maletas SX Road ofrecen un soporte duradero y una sujeci\u00f3n segura para las maletas de su equipo. Dise\u00f1adas para profesionales, estas abrazaderas ofrecen una s\u00f3lida protecci\u00f3n durante el transporte, todo ello a precios directos de f\u00e1brica.<\/p>\n<h3>Dise\u00f1ado para un rendimiento duradero<\/h3>\n<p>Fabricadas con materiales de alta calidad, las abrazaderas SX est\u00e1n dise\u00f1adas para soportar un uso intensivo. Tanto para eventos como para fines industriales, estas abrazaderas garantizan que sus maletas permanezcan intactas y protegidas.<\/p>\n<h3>Abrazaderas vers\u00e1tiles y f\u00e1ciles de instalar<\/h3>\n<p>Las abrazaderas de esquina para maletas SX Road son compatibles con varios dise\u00f1os de maletas, ofreciendo una instalaci\u00f3n sencilla y un ajuste perfecto. Con opciones personalizables, obtendr\u00e1 soluciones a medida sin comprometer la asequibilidad ni la calidad.<\/p>","protected":false},"featured_media":4175,"comment_status":"open","ping_status":"closed","template":"","meta":[],"product_brand":[],"product_cat":[64],"product_tag":[],"class_list":{"0":"post-4199","1":"product","2":"type-product","3":"status-publish","4":"has-post-thumbnail","6":"product_cat-clamps","8":"first","9":"instock","10":"shipping-taxable","11":"product-type-simple"},"yoast_head":"<!-- This site is optimized with the Yoast SEO Premium plugin v27.1 (Yoast SEO v27.2) - https:\/\/yoast.com\/product\/yoast-seo-premium-wordpress\/ -->\n<title>Metal Fitting Corner Brace CLA104 - https:\/\/sxflightcase.com \ud83d\udc97<\/title>\n<meta name=\"description\" content=\"Metal fitting corner braces, factory direct! High-quality, durable braces for reinforcing and securing corners in various applications. Ideal for enhancing stability and strength in furniture, cases, and structures.\" \/>\n<meta name=\"robots\" content=\"index, follow, max-snippet:-1, max-image-preview:large, max-video-preview:-1\" \/>\n<link rel=\"canonical\" href=\"https:\/\/sxflightcase.com\/es_es\/\u4ea7\u54c1\/\u91d1\u5c5e\u914d\u4ef6\u89d2\u6491-cla104-2\/\" \/>\n<meta property=\"og:locale\" content=\"es_ES\" \/>\n<meta property=\"og:type\" content=\"article\" \/>\n<meta property=\"og:title\" content=\"Metal Fitting Corner Brace CLA104\" \/>\n<meta property=\"og:description\" content=\"Metal fitting corner braces, factory direct! High-quality, durable braces for reinforcing and securing corners in various applications. Ideal for enhancing stability and strength in furniture, cases, and structures.\" \/>\n<meta property=\"og:url\" content=\"https:\/\/sxflightcase.com\/es_es\/\u4ea7\u54c1\/\u91d1\u5c5e\u914d\u4ef6\u89d2\u6491-cla104-2\/\" \/>\n<meta property=\"og:site_name\" content=\"https:\/\/sxflightcase.com\" \/>\n<meta property=\"article:publisher\" content=\"https:\/\/www.facebook.com\/profile.php?id=61560407257971\" \/>\n<meta property=\"article:modified_time\" content=\"2024-08-22T06:51:14+00:00\" \/>\n<meta property=\"og:image\" content=\"https:\/\/sxflightcase.com\/wp-content\/uploads\/2024\/08\/CLA104.jpg\" \/>\n\t<meta property=\"og:image:width\" content=\"700\" \/>\n\t<meta property=\"og:image:height\" content=\"700\" \/>\n\t<meta property=\"og:image:type\" content=\"image\/jpeg\" \/>\n<meta name=\"twitter:card\" content=\"summary_large_image\" \/>\n<meta name=\"twitter:label1\" content=\"Tiempo de lectura\" \/>\n\t<meta name=\"twitter:data1\" content=\"3 minutos\" \/>\n<script type=\"application\/ld+json\" class=\"yoast-schema-graph\">{\"@context\":\"https:\/\/schema.org\",\"@graph\":[{\"@type\":\"WebPage\",\"@id\":\"https:\/\/sxflightcase.com\/zh\/\u4ea7\u54c1\/\u91d1\u5c5e\u914d\u4ef6\u89d2\u6491-cla104-2\/\",\"url\":\"https:\/\/sxflightcase.com\/zh\/\u4ea7\u54c1\/\u91d1\u5c5e\u914d\u4ef6\u89d2\u6491-cla104-2\/\",\"name\":\"Metal Fitting Corner Brace CLA104 - https:\/\/sxflightcase.com \ud83d\udc97\",\"isPartOf\":{\"@id\":\"https:\/\/sxflightcase.com\/th\/#website\"},\"primaryImageOfPage\":{\"@id\":\"https:\/\/sxflightcase.com\/zh\/\u4ea7\u54c1\/\u91d1\u5c5e\u914d\u4ef6\u89d2\u6491-cla104-2\/#primaryimage\"},\"image\":{\"@id\":\"https:\/\/sxflightcase.com\/zh\/\u4ea7\u54c1\/\u91d1\u5c5e\u914d\u4ef6\u89d2\u6491-cla104-2\/#primaryimage\"},\"thumbnailUrl\":\"https:\/\/sxflightcase.com\/wp-content\/uploads\/2024\/08\/CLA104.jpg\",\"datePublished\":\"2024-08-22T06:51:13+00:00\",\"dateModified\":\"2024-08-22T06:51:14+00:00\",\"description\":\"Metal fitting corner braces, factory direct! High-quality, durable braces for reinforcing and securing corners in various applications. Ideal for enhancing stability and strength in furniture, cases, and structures.\",\"breadcrumb\":{\"@id\":\"https:\/\/sxflightcase.com\/zh\/\u4ea7\u54c1\/\u91d1\u5c5e\u914d\u4ef6\u89d2\u6491-cla104-2\/#breadcrumb\"},\"inLanguage\":\"es\",\"potentialAction\":[{\"@type\":\"ReadAction\",\"target\":[\"https:\/\/sxflightcase.com\/zh\/\u4ea7\u54c1\/\u91d1\u5c5e\u914d\u4ef6\u89d2\u6491-cla104-2\/\"]}]},{\"@type\":\"ImageObject\",\"inLanguage\":\"es\",\"@id\":\"https:\/\/sxflightcase.com\/zh\/\u4ea7\u54c1\/\u91d1\u5c5e\u914d\u4ef6\u89d2\u6491-cla104-2\/#primaryimage\",\"url\":\"https:\/\/sxflightcase.com\/wp-content\/uploads\/2024\/08\/CLA104.jpg\",\"contentUrl\":\"https:\/\/sxflightcase.com\/wp-content\/uploads\/2024\/08\/CLA104.jpg\",\"width\":700,\"height\":700,\"caption\":\"Metal Fitting Corner Brace\"},{\"@type\":\"BreadcrumbList\",\"@id\":\"https:\/\/sxflightcase.com\/zh\/\u4ea7\u54c1\/\u91d1\u5c5e\u914d\u4ef6\u89d2\u6491-cla104-2\/#breadcrumb\",\"itemListElement\":[{\"@type\":\"ListItem\",\"position\":1,\"name\":\"Home\",\"item\":\"https:\/\/sxflightcase.com\/\"},{\"@type\":\"ListItem\",\"position\":2,\"name\":\"\u0e2a\u0e34\u0e19\u0e04\u0e49\u0e32\",\"item\":\"https:\/\/sxflightcase.com\/th\/shop\/\"},{\"@type\":\"ListItem\",\"position\":3,\"name\":\"Metal Fitting Corner Brace CLA104\"}]},{\"@type\":\"WebSite\",\"@id\":\"https:\/\/sxflightcase.com\/th\/#website\",\"url\":\"https:\/\/sxflightcase.com\/th\/\",\"name\":\"sxpowercase.com\",\"description\":\"Flight Case Factory\",\"publisher\":{\"@id\":\"https:\/\/sxflightcase.com\/th\/#organization\"},\"potentialAction\":[{\"@type\":\"SearchAction\",\"target\":{\"@type\":\"EntryPoint\",\"urlTemplate\":\"https:\/\/sxflightcase.com\/th\/?s={search_term_string}\"},\"query-input\":{\"@type\":\"PropertyValueSpecification\",\"valueRequired\":true,\"valueName\":\"search_term_string\"}}],\"inLanguage\":\"es\"},{\"@type\":\"Organization\",\"@id\":\"https:\/\/sxflightcase.com\/th\/#organization\",\"name\":\"sxpowercase.com\",\"url\":\"https:\/\/sxflightcase.com\/th\/\",\"logo\":{\"@type\":\"ImageObject\",\"inLanguage\":\"es\",\"@id\":\"https:\/\/sxflightcase.com\/th\/#\/schema\/logo\/image\/\",\"url\":\"https:\/\/sxflightcase.com\/wp-content\/uploads\/2024\/04\/1713919036007.jpg\",\"contentUrl\":\"https:\/\/sxflightcase.com\/wp-content\/uploads\/2024\/04\/1713919036007.jpg\",\"width\":382,\"height\":388,\"caption\":\"sxpowercase.com\"},\"image\":{\"@id\":\"https:\/\/sxflightcase.com\/th\/#\/schema\/logo\/image\/\"},\"sameAs\":[\"https:\/\/www.facebook.com\/profile.php?id=61560407257971\"],\"numberOfEmployees\":{\"@type\":\"QuantitativeValue\",\"minValue\":\"11\",\"maxValue\":\"50\"}}]}<\/script>\n<!-- \/ Yoast SEO Premium plugin. -->","yoast_head_json":{"title":"Metal Fitting Corner Brace CLA104 - https:\/\/sxflightcase.com \ud83d\udc97","description":"Escuadras de ajuste met\u00e1lico, \u00a1directas de f\u00e1brica! Tirantes duraderos de alta calidad para reforzar y asegurar esquinas en diversas aplicaciones. Ideales para aumentar la estabilidad y la resistencia en muebles, cajas y estructuras.","robots":{"index":"index","follow":"follow","max-snippet":"max-snippet:-1","max-image-preview":"max-image-preview:large","max-video-preview":"max-video-preview:-1"},"canonical":"https:\/\/sxflightcase.com\/es_es\/\u4ea7\u54c1\/\u91d1\u5c5e\u914d\u4ef6\u89d2\u6491-cla104-2\/","og_locale":"es_ES","og_type":"article","og_title":"Metal Fitting Corner Brace CLA104","og_description":"Metal fitting corner braces, factory direct! High-quality, durable braces for reinforcing and securing corners in various applications. Ideal for enhancing stability and strength in furniture, cases, and structures.","og_url":"https:\/\/sxflightcase.com\/es_es\/\u4ea7\u54c1\/\u91d1\u5c5e\u914d\u4ef6\u89d2\u6491-cla104-2\/","og_site_name":"https:\/\/sxflightcase.com","article_publisher":"https:\/\/www.facebook.com\/profile.php?id=61560407257971","article_modified_time":"2024-08-22T06:51:14+00:00","og_image":[{"width":700,"height":700,"url":"https:\/\/sxflightcase.com\/wp-content\/uploads\/2024\/08\/CLA104.jpg","type":"image\/jpeg"}],"twitter_card":"summary_large_image","twitter_misc":{"Tiempo de lectura":"3 minutos"},"schema":{"@context":"https:\/\/schema.org","@graph":[{"@type":"WebPage","@id":"https:\/\/sxflightcase.com\/zh\/\u4ea7\u54c1\/\u91d1\u5c5e\u914d\u4ef6\u89d2\u6491-cla104-2\/","url":"https:\/\/sxflightcase.com\/zh\/\u4ea7\u54c1\/\u91d1\u5c5e\u914d\u4ef6\u89d2\u6491-cla104-2\/","name":"Metal Fitting Corner Brace CLA104 - https:\/\/sxflightcase.com \ud83d\udc97","isPartOf":{"@id":"https:\/\/sxflightcase.com\/th\/#website"},"primaryImageOfPage":{"@id":"https:\/\/sxflightcase.com\/zh\/\u4ea7\u54c1\/\u91d1\u5c5e\u914d\u4ef6\u89d2\u6491-cla104-2\/#primaryimage"},"image":{"@id":"https:\/\/sxflightcase.com\/zh\/\u4ea7\u54c1\/\u91d1\u5c5e\u914d\u4ef6\u89d2\u6491-cla104-2\/#primaryimage"},"thumbnailUrl":"https:\/\/sxflightcase.com\/wp-content\/uploads\/2024\/08\/CLA104.jpg","datePublished":"2024-08-22T06:51:13+00:00","dateModified":"2024-08-22T06:51:14+00:00","description":"Escuadras de ajuste met\u00e1lico, \u00a1directas de f\u00e1brica! Tirantes duraderos de alta calidad para reforzar y asegurar esquinas en diversas aplicaciones. Ideales para aumentar la estabilidad y la resistencia en muebles, cajas y estructuras.","breadcrumb":{"@id":"https:\/\/sxflightcase.com\/zh\/\u4ea7\u54c1\/\u91d1\u5c5e\u914d\u4ef6\u89d2\u6491-cla104-2\/#breadcrumb"},"inLanguage":"es","potentialAction":[{"@type":"ReadAction","target":["https:\/\/sxflightcase.com\/zh\/\u4ea7\u54c1\/\u91d1\u5c5e\u914d\u4ef6\u89d2\u6491-cla104-2\/"]}]},{"@type":"ImageObject","inLanguage":"es","@id":"https:\/\/sxflightcase.com\/zh\/\u4ea7\u54c1\/\u91d1\u5c5e\u914d\u4ef6\u89d2\u6491-cla104-2\/#primaryimage","url":"https:\/\/sxflightcase.com\/wp-content\/uploads\/2024\/08\/CLA104.jpg","contentUrl":"https:\/\/sxflightcase.com\/wp-content\/uploads\/2024\/08\/CLA104.jpg","width":700,"height":700,"caption":"Metal Fitting Corner Brace"},{"@type":"BreadcrumbList","@id":"https:\/\/sxflightcase.com\/zh\/\u4ea7\u54c1\/\u91d1\u5c5e\u914d\u4ef6\u89d2\u6491-cla104-2\/#breadcrumb","itemListElement":[{"@type":"ListItem","position":1,"name":"Home","item":"https:\/\/sxflightcase.com\/"},{"@type":"ListItem","position":2,"name":"\u0e2a\u0e34\u0e19\u0e04\u0e49\u0e32","item":"https:\/\/sxflightcase.com\/th\/shop\/"},{"@type":"ListItem","position":3,"name":"Metal Fitting Corner Brace CLA104"}]},{"@type":"WebSite","@id":"https:\/\/sxflightcase.com\/th\/#website","url":"https:\/\/sxflightcase.com\/th\/","name":"es.sxpowercase.com","description":"F\u00e1brica de flightcases","publisher":{"@id":"https:\/\/sxflightcase.com\/th\/#organization"},"potentialAction":[{"@type":"SearchAction","target":{"@type":"EntryPoint","urlTemplate":"https:\/\/sxflightcase.com\/th\/?s={search_term_string}"},"query-input":{"@type":"PropertyValueSpecification","valueRequired":true,"valueName":"search_term_string"}}],"inLanguage":"es"},{"@type":"Organization","@id":"https:\/\/sxflightcase.com\/th\/#organization","name":"es.sxpowercase.com","url":"https:\/\/sxflightcase.com\/th\/","logo":{"@type":"ImageObject","inLanguage":"es","@id":"https:\/\/sxflightcase.com\/th\/#\/schema\/logo\/image\/","url":"https:\/\/sxflightcase.com\/wp-content\/uploads\/2024\/04\/1713919036007.jpg","contentUrl":"https:\/\/sxflightcase.com\/wp-content\/uploads\/2024\/04\/1713919036007.jpg","width":382,"height":388,"caption":"sxpowercase.com"},"image":{"@id":"https:\/\/sxflightcase.com\/th\/#\/schema\/logo\/image\/"},"sameAs":["https:\/\/www.facebook.com\/profile.php?id=61560407257971"],"numberOfEmployees":{"@type":"QuantitativeValue","minValue":"11","maxValue":"50"}}]}},"_links":{"self":[{"href":"https:\/\/sxflightcase.com\/es_es\/wp-json\/wp\/v2\/product\/4199","targetHints":{"allow":["GET"]}}],"collection":[{"href":"https:\/\/sxflightcase.com\/es_es\/wp-json\/wp\/v2\/product"}],"about":[{"href":"https:\/\/sxflightcase.com\/es_es\/wp-json\/wp\/v2\/types\/product"}],"replies":[{"embeddable":true,"href":"https:\/\/sxflightcase.com\/es_es\/wp-json\/wp\/v2\/comments?post=4199"}],"version-history":[{"count":0,"href":"https:\/\/sxflightcase.com\/es_es\/wp-json\/wp\/v2\/product\/4199\/revisions"}],"wp:featuredmedia":[{"embeddable":true,"href":"https:\/\/sxflightcase.com\/es_es\/wp-json\/wp\/v2\/media\/4175"}],"wp:attachment":[{"href":"https:\/\/sxflightcase.com\/es_es\/wp-json\/wp\/v2\/media?parent=4199"}],"wp:term":[{"taxonomy":"product_brand","embeddable":true,"href":"https:\/\/sxflightcase.com\/es_es\/wp-json\/wp\/v2\/product_brand?post=4199"},{"taxonomy":"product_cat","embeddable":true,"href":"https:\/\/sxflightcase.com\/es_es\/wp-json\/wp\/v2\/product_cat?post=4199"},{"taxonomy":"product_tag","embeddable":true,"href":"https:\/\/sxflightcase.com\/es_es\/wp-json\/wp\/v2\/product_tag?post=4199"}],"curies":[{"name":"wp","href":"https:\/\/api.w.org\/{rel}","templated":true}]}}