{"id":4207,"date":"2024-08-23T07:18:45","date_gmt":"2024-08-23T06:18:45","guid":{"rendered":"https:\/\/sxpowercase.com\/?post_type=product&#038;p=4207"},"modified":"2024-08-23T07:18:46","modified_gmt":"2024-08-23T06:18:46","slug":"flight-case-corner-clamp-cla401","status":"publish","type":"product","link":"https:\/\/sxflightcase.com\/es_es\/producto\/flight-case-abrazadera-de-esquina-cla401\/","title":{"rendered":"Abrazadera esquinera para flightcases CLA401"},"content":{"rendered":"<h3>SX Flight Case Abrazadera de Esquina: Hardware seguro y asequible para una protecci\u00f3n fiable<\/h3>\n<h4>Mayor durabilidad para sus flight cases<\/h4>\n<p>Cuando se trata de proteger equipos valiosos, SX's <span style=\"color: #3366ff;\"><a style=\"color: #3366ff;\" href=\"https:\/\/sxpowercase.com\/product\/corner-brackets\/\"><strong>Abrazadera de esquina para Flight Case<\/strong><\/a><\/span> es una pieza de ferreter\u00eda esencial. Estas abrazaderas est\u00e1n dise\u00f1adas para reforzar las esquinas de las flight cases, garantizando que su equipo permanezca seguro durante el transporte. Con precios directos de f\u00e1brica, SX ofrece abrazaderas de alta calidad a precios asequibles, asegur\u00e1ndose de obtener hardware de primera calidad sin pagar de m\u00e1s.<\/p>\n<h4>Fabricado para durar con materiales de calidad superior<\/h4>\n<p><a href=\"https:\/\/sxpowercase.com\/\" target=\"_blank\" rel=\"noopener\" title=\"SX\" data-wpil-monitor-id=\"690\">SX<\/a> <strong>Abrazaderas de esquina para flightcases<\/strong> est\u00e1n fabricadas con un metal robusto y duradero que proporciona una resistencia duradera para aplicaciones exigentes. Estas abrazaderas est\u00e1n dise\u00f1adas para soportar el desgaste del uso constante, manteniendo su integridad estructural. El enfoque directo de f\u00e1brica permite a SX ofrecer precios competitivos sin comprometer la calidad de los materiales o la artesan\u00eda.<\/p>\n<h4>F\u00e1cil instalaci\u00f3n y rendimiento fiable<\/h4>\n<p>SX <strong>Abrazaderas de esquina para flightcases<\/strong> est\u00e1n dise\u00f1adas para una instalaci\u00f3n r\u00e1pida y sencilla, por lo que son ideales tanto para profesionales como para aficionados al bricolaje. Las abrazaderas proporcionan un ajuste seguro que garantiza que las esquinas de su flight case est\u00e9n firmemente sujetas en su lugar, reduciendo el riesgo de da\u00f1os. Al centrarse en la venta directa, SX le garantiza que obtendr\u00e1 un hardware fiable a precios bajos, perfecto para proyectos de cualquier escala.<\/p>\n<h4>Calidad de confianza con ahorros de f\u00e1brica<\/h4>\n<p>En SX, la calidad est\u00e1 en el centro de todo lo que hacemos. Nuestra <strong>Abrazaderas de esquina para flightcases<\/strong> se someten a estrictos controles de calidad para garantizar que cumplen las normas m\u00e1s estrictas. Al abastecernos directamente de nuestra f\u00e1brica, repercutimos el ahorro en nuestros clientes al tiempo que mantenemos un nivel de excelencia constante. Obtendr\u00e1 un hardware fiable y rentable, que le proporcionar\u00e1 un excelente valor por su inversi\u00f3n.<\/p>\n<h4>Aplicaciones vers\u00e1tiles para todos los flight cases<\/h4>\n<p>Tanto si est\u00e1 construyendo nuevas flight cases como si est\u00e1 mejorando las existentes, SX <strong>Abrazaderas de esquina para flightcases<\/strong> son lo bastante vers\u00e1tiles para adaptarse a varios dise\u00f1os y tama\u00f1os. Las abrazaderas ofrecen un refuerzo s\u00f3lido tanto para las cajas personalizadas como para las est\u00e1ndar, lo que las convierte en una opci\u00f3n popular en diferentes sectores. Con precios directos de f\u00e1brica, puede equipar f\u00e1cilmente sus cajas con abrazaderas de primera calidad por una fracci\u00f3n de los costes habituales del mercado.<\/p>\n<h4>Soluciones personalizadas para sus necesidades espec\u00edficas<\/h4>\n<p>SX entiende que cada proyecto es \u00fanico, por lo que ofrecemos opciones personalizables para nuestros productos. <strong>Abrazaderas de esquina para flightcases<\/strong>. Si necesita dimensiones, acabados o materiales espec\u00edficos, podemos adaptar nuestros productos a sus requisitos exactos. Nuestro modelo directo de f\u00e1brica hace que estas personalizaciones sean asequibles al tiempo que ofrece la calidad que espera de SX.<\/p>\n<h4>La promesa SX: Calidad y asequibilidad combinadas<\/h4>\n<p>Con SX, nunca tendr\u00e1 que elegir entre calidad y precio. Nuestro <strong>Abrazaderas de esquina para flightcases<\/strong> ofrecen la combinaci\u00f3n perfecta de resistencia, durabilidad y asequibilidad. Gracias a nuestro modelo de venta directa al cliente, obtendr\u00e1 hardware de primer nivel sin los costes a\u00f1adidos de los intermediarios, lo que le garantiza que recibir\u00e1 abrazaderas de alta calidad que se ajustan tanto a sus necesidades como a su presupuesto.<\/p>\n<h4>Elija SX para un hardware de flightcases fiable<\/h4>\n<p>Cuando se trata de asegurar sus flight cases, SX's <strong>Abrazaderas de esquina para flightcases<\/strong> son la elecci\u00f3n ideal. De f\u00e1cil instalaci\u00f3n, construcci\u00f3n duradera y precios imbatibles, nuestras abrazaderas gozan de la confianza de profesionales y usuarios de bricolaje por igual. Elija SX para su pr\u00f3ximo proyecto y experimente las ventajas de una torniller\u00eda de calidad que no rompe el banco.<\/p>\n<p>P\u00f3ngase en contacto con nosotros:<span style=\"color: #0000ff;\"><a style=\"color: #0000ff;\" href=\"https:\/\/sxpowercase.com\/contact-us\/\">https:\/\/sxpowercase.com\/<\/a><\/span><\/p>\n<p>Cat\u00e1logo de productos de hardware\uff1a<span style=\"color: #3366ff;\"><a style=\"color: #3366ff;\" href=\"https:\/\/sxpowercase.com\/wp-content\/uploads\/2024\/07\/\u4e94\u91d1.pdf\">Cat\u00e1logo de accesorios de ferreter\u00eda<\/a><\/span><\/p>","protected":false},"excerpt":{"rendered":"<h3>SX Flight Case Abrazaderas de Esquina: Protecci\u00f3n asequible para su equipo<\/h3>\n<p>SX ofrece abrazaderas esquineras para flightcases de alta calidad que proporcionan un refuerzo fiable de las esquinas de sus flightcases. Con precios directos de f\u00e1brica, obtendr\u00e1 un hardware duradero dise\u00f1ado para proteger su equipo sin gastar de m\u00e1s.<\/p>\n<h3>Fabricado para durar, f\u00e1cil de instalar<\/h3>\n<p>Fabricadas en metal robusto, las abrazaderas de esquina para flightcases SX garantizan una larga durabilidad y son r\u00e1pidas de instalar. Tanto si eres un profesional como un aficionado al bricolaje, estas abrazaderas ofrecen un fuerte soporte para unas flight cases seguras y estables.<\/p>\n<h3>Opciones personalizables a precios de f\u00e1brica<\/h3>\n<p>SX ofrece dimensiones y acabados personalizables para nuestras abrazaderas de esquina para flightcases. Disfrute de un hardware de primera calidad adaptado a sus necesidades a precios inmejorables, gracias a nuestro modelo de venta directa al cliente.<\/p>","protected":false},"featured_media":4178,"comment_status":"open","ping_status":"closed","template":"","meta":[],"product_brand":[],"product_cat":[64],"product_tag":[],"class_list":{"0":"post-4207","1":"product","2":"type-product","3":"status-publish","4":"has-post-thumbnail","6":"product_cat-clamps","8":"first","9":"instock","10":"shipping-taxable","11":"product-type-simple"},"yoast_head":"<!-- This site is optimized with the Yoast SEO Premium plugin v27.1 (Yoast SEO v27.2) - https:\/\/yoast.com\/product\/yoast-seo-premium-wordpress\/ -->\n<title>Flight Case Corner Clamp CLA401 - https:\/\/sxflightcase.com \ud83d\udc97<\/title>\n<meta name=\"description\" content=\"Flight case corner clamp, factory direct! High-quality, durable clamps designed to reinforce and securely fasten flight case corners. Ideal for ensuring long-lasting protection during transport.\" \/>\n<meta name=\"robots\" content=\"index, follow, max-snippet:-1, max-image-preview:large, max-video-preview:-1\" \/>\n<link rel=\"canonical\" href=\"https:\/\/sxflightcase.com\/es_es\/producto\/flight-case-abrazadera-de-esquina-cla401\/\" \/>\n<meta property=\"og:locale\" content=\"es_ES\" \/>\n<meta property=\"og:type\" content=\"article\" \/>\n<meta property=\"og:title\" content=\"Flight Case Corner Clamp CLA401\" \/>\n<meta property=\"og:description\" content=\"Flight case corner clamp, factory direct! High-quality, durable clamps designed to reinforce and securely fasten flight case corners. Ideal for ensuring long-lasting protection during transport.\" \/>\n<meta property=\"og:url\" content=\"https:\/\/sxflightcase.com\/es_es\/producto\/flight-case-abrazadera-de-esquina-cla401\/\" \/>\n<meta property=\"og:site_name\" content=\"https:\/\/sxflightcase.com\" \/>\n<meta property=\"article:publisher\" content=\"https:\/\/www.facebook.com\/profile.php?id=61560407257971\" \/>\n<meta property=\"article:modified_time\" content=\"2024-08-23T06:18:46+00:00\" \/>\n<meta property=\"og:image\" content=\"https:\/\/sxflightcase.com\/wp-content\/uploads\/2024\/08\/CLA401.jpg\" \/>\n\t<meta property=\"og:image:width\" content=\"700\" \/>\n\t<meta property=\"og:image:height\" content=\"700\" \/>\n\t<meta property=\"og:image:type\" content=\"image\/jpeg\" \/>\n<meta name=\"twitter:card\" content=\"summary_large_image\" \/>\n<meta name=\"twitter:label1\" content=\"Tiempo de lectura\" \/>\n\t<meta name=\"twitter:data1\" content=\"4 minutos\" \/>\n<script type=\"application\/ld+json\" class=\"yoast-schema-graph\">{\"@context\":\"https:\/\/schema.org\",\"@graph\":[{\"@type\":\"WebPage\",\"@id\":\"https:\/\/sxflightcase.com\/product\/flight-case-corner-clamp-cla401\/\",\"url\":\"https:\/\/sxflightcase.com\/product\/flight-case-corner-clamp-cla401\/\",\"name\":\"Flight Case Corner Clamp CLA401 - https:\/\/sxflightcase.com \ud83d\udc97\",\"isPartOf\":{\"@id\":\"https:\/\/sxflightcase.com\/th\/#website\"},\"primaryImageOfPage\":{\"@id\":\"https:\/\/sxflightcase.com\/product\/flight-case-corner-clamp-cla401\/#primaryimage\"},\"image\":{\"@id\":\"https:\/\/sxflightcase.com\/product\/flight-case-corner-clamp-cla401\/#primaryimage\"},\"thumbnailUrl\":\"https:\/\/sxflightcase.com\/wp-content\/uploads\/2024\/08\/CLA401.jpg\",\"datePublished\":\"2024-08-23T06:18:45+00:00\",\"dateModified\":\"2024-08-23T06:18:46+00:00\",\"description\":\"Flight case corner clamp, factory direct! High-quality, durable clamps designed to reinforce and securely fasten flight case corners. Ideal for ensuring long-lasting protection during transport.\",\"breadcrumb\":{\"@id\":\"https:\/\/sxflightcase.com\/product\/flight-case-corner-clamp-cla401\/#breadcrumb\"},\"inLanguage\":\"es\",\"potentialAction\":[{\"@type\":\"ReadAction\",\"target\":[\"https:\/\/sxflightcase.com\/product\/flight-case-corner-clamp-cla401\/\"]}]},{\"@type\":\"ImageObject\",\"inLanguage\":\"es\",\"@id\":\"https:\/\/sxflightcase.com\/product\/flight-case-corner-clamp-cla401\/#primaryimage\",\"url\":\"https:\/\/sxflightcase.com\/wp-content\/uploads\/2024\/08\/CLA401.jpg\",\"contentUrl\":\"https:\/\/sxflightcase.com\/wp-content\/uploads\/2024\/08\/CLA401.jpg\",\"width\":700,\"height\":700,\"caption\":\"Flight Case Corner Clamp\"},{\"@type\":\"BreadcrumbList\",\"@id\":\"https:\/\/sxflightcase.com\/product\/flight-case-corner-clamp-cla401\/#breadcrumb\",\"itemListElement\":[{\"@type\":\"ListItem\",\"position\":1,\"name\":\"Home\",\"item\":\"https:\/\/sxflightcase.com\/\"},{\"@type\":\"ListItem\",\"position\":2,\"name\":\"\u0e2a\u0e34\u0e19\u0e04\u0e49\u0e32\",\"item\":\"https:\/\/sxflightcase.com\/th\/shop\/\"},{\"@type\":\"ListItem\",\"position\":3,\"name\":\"Flight Case Corner Clamp CLA401\"}]},{\"@type\":\"WebSite\",\"@id\":\"https:\/\/sxflightcase.com\/th\/#website\",\"url\":\"https:\/\/sxflightcase.com\/th\/\",\"name\":\"sxpowercase.com\",\"description\":\"Flight Case Factory\",\"publisher\":{\"@id\":\"https:\/\/sxflightcase.com\/th\/#organization\"},\"potentialAction\":[{\"@type\":\"SearchAction\",\"target\":{\"@type\":\"EntryPoint\",\"urlTemplate\":\"https:\/\/sxflightcase.com\/th\/?s={search_term_string}\"},\"query-input\":{\"@type\":\"PropertyValueSpecification\",\"valueRequired\":true,\"valueName\":\"search_term_string\"}}],\"inLanguage\":\"es\"},{\"@type\":\"Organization\",\"@id\":\"https:\/\/sxflightcase.com\/th\/#organization\",\"name\":\"sxpowercase.com\",\"url\":\"https:\/\/sxflightcase.com\/th\/\",\"logo\":{\"@type\":\"ImageObject\",\"inLanguage\":\"es\",\"@id\":\"https:\/\/sxflightcase.com\/th\/#\/schema\/logo\/image\/\",\"url\":\"https:\/\/sxflightcase.com\/wp-content\/uploads\/2024\/04\/1713919036007.jpg\",\"contentUrl\":\"https:\/\/sxflightcase.com\/wp-content\/uploads\/2024\/04\/1713919036007.jpg\",\"width\":382,\"height\":388,\"caption\":\"sxpowercase.com\"},\"image\":{\"@id\":\"https:\/\/sxflightcase.com\/th\/#\/schema\/logo\/image\/\"},\"sameAs\":[\"https:\/\/www.facebook.com\/profile.php?id=61560407257971\"],\"numberOfEmployees\":{\"@type\":\"QuantitativeValue\",\"minValue\":\"11\",\"maxValue\":\"50\"}}]}<\/script>\n<!-- \/ Yoast SEO Premium plugin. -->","yoast_head_json":{"title":"Flight Case Corner Clamp CLA401 - https:\/\/sxflightcase.com \ud83d\udc97","description":"Abrazaderas para esquinas de flightcases, \u00a1directas de f\u00e1brica! Abrazaderas duraderas de alta calidad dise\u00f1adas para reforzar y sujetar con seguridad las esquinas de los flightcases. Ideales para garantizar una protecci\u00f3n duradera durante el transporte.","robots":{"index":"index","follow":"follow","max-snippet":"max-snippet:-1","max-image-preview":"max-image-preview:large","max-video-preview":"max-video-preview:-1"},"canonical":"https:\/\/sxflightcase.com\/es_es\/producto\/flight-case-abrazadera-de-esquina-cla401\/","og_locale":"es_ES","og_type":"article","og_title":"Flight Case Corner Clamp CLA401","og_description":"Flight case corner clamp, factory direct! High-quality, durable clamps designed to reinforce and securely fasten flight case corners. Ideal for ensuring long-lasting protection during transport.","og_url":"https:\/\/sxflightcase.com\/es_es\/producto\/flight-case-abrazadera-de-esquina-cla401\/","og_site_name":"https:\/\/sxflightcase.com","article_publisher":"https:\/\/www.facebook.com\/profile.php?id=61560407257971","article_modified_time":"2024-08-23T06:18:46+00:00","og_image":[{"width":700,"height":700,"url":"https:\/\/sxflightcase.com\/wp-content\/uploads\/2024\/08\/CLA401.jpg","type":"image\/jpeg"}],"twitter_card":"summary_large_image","twitter_misc":{"Tiempo de lectura":"4 minutos"},"schema":{"@context":"https:\/\/schema.org","@graph":[{"@type":"WebPage","@id":"https:\/\/sxflightcase.com\/product\/flight-case-corner-clamp-cla401\/","url":"https:\/\/sxflightcase.com\/product\/flight-case-corner-clamp-cla401\/","name":"Flight Case Corner Clamp CLA401 - https:\/\/sxflightcase.com \ud83d\udc97","isPartOf":{"@id":"https:\/\/sxflightcase.com\/th\/#website"},"primaryImageOfPage":{"@id":"https:\/\/sxflightcase.com\/product\/flight-case-corner-clamp-cla401\/#primaryimage"},"image":{"@id":"https:\/\/sxflightcase.com\/product\/flight-case-corner-clamp-cla401\/#primaryimage"},"thumbnailUrl":"https:\/\/sxflightcase.com\/wp-content\/uploads\/2024\/08\/CLA401.jpg","datePublished":"2024-08-23T06:18:45+00:00","dateModified":"2024-08-23T06:18:46+00:00","description":"Abrazaderas para esquinas de flightcases, \u00a1directas de f\u00e1brica! Abrazaderas duraderas de alta calidad dise\u00f1adas para reforzar y sujetar con seguridad las esquinas de los flightcases. Ideales para garantizar una protecci\u00f3n duradera durante el transporte.","breadcrumb":{"@id":"https:\/\/sxflightcase.com\/product\/flight-case-corner-clamp-cla401\/#breadcrumb"},"inLanguage":"es","potentialAction":[{"@type":"ReadAction","target":["https:\/\/sxflightcase.com\/product\/flight-case-corner-clamp-cla401\/"]}]},{"@type":"ImageObject","inLanguage":"es","@id":"https:\/\/sxflightcase.com\/product\/flight-case-corner-clamp-cla401\/#primaryimage","url":"https:\/\/sxflightcase.com\/wp-content\/uploads\/2024\/08\/CLA401.jpg","contentUrl":"https:\/\/sxflightcase.com\/wp-content\/uploads\/2024\/08\/CLA401.jpg","width":700,"height":700,"caption":"Flight Case Corner Clamp"},{"@type":"BreadcrumbList","@id":"https:\/\/sxflightcase.com\/product\/flight-case-corner-clamp-cla401\/#breadcrumb","itemListElement":[{"@type":"ListItem","position":1,"name":"Home","item":"https:\/\/sxflightcase.com\/"},{"@type":"ListItem","position":2,"name":"\u0e2a\u0e34\u0e19\u0e04\u0e49\u0e32","item":"https:\/\/sxflightcase.com\/th\/shop\/"},{"@type":"ListItem","position":3,"name":"Flight Case Corner Clamp CLA401"}]},{"@type":"WebSite","@id":"https:\/\/sxflightcase.com\/th\/#website","url":"https:\/\/sxflightcase.com\/th\/","name":"es.sxpowercase.com","description":"F\u00e1brica de flightcases","publisher":{"@id":"https:\/\/sxflightcase.com\/th\/#organization"},"potentialAction":[{"@type":"SearchAction","target":{"@type":"EntryPoint","urlTemplate":"https:\/\/sxflightcase.com\/th\/?s={search_term_string}"},"query-input":{"@type":"PropertyValueSpecification","valueRequired":true,"valueName":"search_term_string"}}],"inLanguage":"es"},{"@type":"Organization","@id":"https:\/\/sxflightcase.com\/th\/#organization","name":"es.sxpowercase.com","url":"https:\/\/sxflightcase.com\/th\/","logo":{"@type":"ImageObject","inLanguage":"es","@id":"https:\/\/sxflightcase.com\/th\/#\/schema\/logo\/image\/","url":"https:\/\/sxflightcase.com\/wp-content\/uploads\/2024\/04\/1713919036007.jpg","contentUrl":"https:\/\/sxflightcase.com\/wp-content\/uploads\/2024\/04\/1713919036007.jpg","width":382,"height":388,"caption":"sxpowercase.com"},"image":{"@id":"https:\/\/sxflightcase.com\/th\/#\/schema\/logo\/image\/"},"sameAs":["https:\/\/www.facebook.com\/profile.php?id=61560407257971"],"numberOfEmployees":{"@type":"QuantitativeValue","minValue":"11","maxValue":"50"}}]}},"_links":{"self":[{"href":"https:\/\/sxflightcase.com\/es_es\/wp-json\/wp\/v2\/product\/4207","targetHints":{"allow":["GET"]}}],"collection":[{"href":"https:\/\/sxflightcase.com\/es_es\/wp-json\/wp\/v2\/product"}],"about":[{"href":"https:\/\/sxflightcase.com\/es_es\/wp-json\/wp\/v2\/types\/product"}],"replies":[{"embeddable":true,"href":"https:\/\/sxflightcase.com\/es_es\/wp-json\/wp\/v2\/comments?post=4207"}],"version-history":[{"count":0,"href":"https:\/\/sxflightcase.com\/es_es\/wp-json\/wp\/v2\/product\/4207\/revisions"}],"wp:featuredmedia":[{"embeddable":true,"href":"https:\/\/sxflightcase.com\/es_es\/wp-json\/wp\/v2\/media\/4178"}],"wp:attachment":[{"href":"https:\/\/sxflightcase.com\/es_es\/wp-json\/wp\/v2\/media?parent=4207"}],"wp:term":[{"taxonomy":"product_brand","embeddable":true,"href":"https:\/\/sxflightcase.com\/es_es\/wp-json\/wp\/v2\/product_brand?post=4207"},{"taxonomy":"product_cat","embeddable":true,"href":"https:\/\/sxflightcase.com\/es_es\/wp-json\/wp\/v2\/product_cat?post=4207"},{"taxonomy":"product_tag","embeddable":true,"href":"https:\/\/sxflightcase.com\/es_es\/wp-json\/wp\/v2\/product_tag?post=4207"}],"curies":[{"name":"wp","href":"https:\/\/api.w.org\/{rel}","templated":true}]}}