{"id":4211,"date":"2024-08-24T07:59:50","date_gmt":"2024-08-24T06:59:50","guid":{"rendered":"https:\/\/sxpowercase.com\/?post_type=product&#038;p=4211"},"modified":"2024-08-24T07:59:51","modified_gmt":"2024-08-24T06:59:51","slug":"metal-corner-brace-cla502","status":"publish","type":"product","link":"https:\/\/sxflightcase.com\/es_es\/producto\/cantonera-metalica-cla502-2\/","title":{"rendered":"Cantonera met\u00e1lica CLA502"},"content":{"rendered":"<h3>Cantonera Met\u00e1lica SX de Alta Calidad: Soporte duradero a precios asequibles<\/h3>\n<h4>Soportes angulares fiables para una mayor estabilidad<\/h4>\n<p>Cuando se trata de fortalecer y reforzar diversas construcciones, el <span style=\"color: #3366ff;\"><a style=\"color: #3366ff;\" href=\"https:\/\/sxpowercase.com\/product\/flight-case-corner-clamp-cla501\/\"><strong>Esquinera met\u00e1lica<\/strong><\/a><\/span> de SX es un componente esencial. Ya sea para armarios, cajas o muebles, nuestras riostras est\u00e1n dise\u00f1adas para ofrecer el m\u00e1ximo soporte a un bajo coste. Al ofrecer ventas directas de f\u00e1brica, SX proporciona precios inmejorables sin comprometer la calidad, lo que garantiza que obtendr\u00e1 el mejor valor por su compra.<\/p>\n<h4>Construido para ser resistente y duradero<\/h4>\n<p><a href=\"https:\/\/sxpowercase.com\/\" target=\"_blank\" rel=\"noopener\" title=\"SX\" data-wpil-monitor-id=\"692\">SX<\/a> <strong>Cantoneras met\u00e1licas<\/strong> est\u00e1n fabricados con materiales met\u00e1licos duraderos, dise\u00f1ados para soportar cargas pesadas y entornos dif\u00edciles. Nuestros productos se someten a rigurosos controles de calidad para garantizar que cumplen las estrictas normas del sector. Gracias a nuestra distribuci\u00f3n directa de f\u00e1brica, podemos mantener un estricto control sobre la producci\u00f3n a la vez que mantenemos los costes bajos, lo que le permite beneficiarse tanto de una calidad de primer nivel como de unos precios asequibles.<\/p>\n<h4>Instalaci\u00f3n sencilla y aplicaciones vers\u00e1tiles<\/h4>\n<p>Instalaci\u00f3n de SX <strong>Esquinera met\u00e1lica<\/strong> es r\u00e1pido y sencillo, por lo que resulta adecuado tanto para constructores profesionales como para aficionados al bricolaje. Estas riostras son vers\u00e1tiles y proporcionan un soporte fiable para diferentes proyectos, desde asegurar armarios hasta reforzar flight cases. Con el compromiso de SX de ofrecer precios asequibles, podr\u00e1 completar sus proyectos de forma eficaz sin gastar de m\u00e1s.<\/p>\n<h4>Calidad garantizada en cada compra<\/h4>\n<p>En SX, nos enorgullecemos de ofrecer productos en los que nuestros clientes pueden confiar. Nuestra <strong>Cantoneras met\u00e1licas<\/strong> se fabrican bajo estrictas medidas de control de calidad, garantizando un rendimiento constante en cada pieza. Al encargarse directamente de la fabricaci\u00f3n y la distribuci\u00f3n, SX mantiene los precios bajos y, al mismo tiempo, los altos niveles de calidad que esperan nuestros clientes.<\/p>\n<h4>Soluciones a medida para necesidades \u00fanicas<\/h4>\n<p>SX entiende que cada proyecto es \u00fanico. Ofrecemos opciones de personalizaci\u00f3n para nuestros <strong>Cantoneras met\u00e1licas<\/strong>que le permiten elegir el tama\u00f1o, el material o el acabado que mejor se adapte a sus necesidades. A pesar de ofrecer soluciones personalizables, nuestro modelo directo de f\u00e1brica garantiza que siga benefici\u00e1ndose de precios competitivos, incluso para pedidos especializados.<\/p>\n<h4>Hardware con valor a\u00f1adido de SX<\/h4>\n<p>SX se compromete a ofrecer hardware de calidad a precios bajos. Al eliminar intermediarios, podemos ofrecer a nuestros <strong>Cantoneras met\u00e1licas<\/strong> directamente de f\u00e1brica, lo que supone un importante ahorro para nuestros clientes. Tanto si gestiona proyectos a gran escala como peque\u00f1as tareas de bricolaje, puede contar con SX para obtener un hardware rentable y fiable.<\/p>\n<h4>Elija SX para sus necesidades de cantoneras<\/h4>\n<p>Cuando se trata de asegurar y reforzar sus proyectos, conf\u00ede en SX's <strong>Esquinera met\u00e1lica<\/strong>. Combinando durabilidad, facilidad de instalaci\u00f3n y asequibilidad directa de f\u00e1brica, estos tirantes ofrecen una combinaci\u00f3n perfecta de calidad y valor. Para un soporte vers\u00e1til que no rompa el banco, no busque m\u00e1s all\u00e1 de SX, su marca de referencia para soluciones de hardware fiables.<\/p>\n<p>P\u00f3ngase en contacto con nosotros:<span style=\"color: #0000ff;\"><a style=\"color: #0000ff;\" href=\"https:\/\/sxpowercase.com\/contact-us\/\">https:\/\/sxpowercase.com\/<\/a><\/span><\/p>\n<p>Cat\u00e1logo de productos de hardware\uff1a<span style=\"color: #3366ff;\"><a style=\"color: #3366ff;\" href=\"https:\/\/sxpowercase.com\/wp-content\/uploads\/2024\/07\/\u4e94\u91d1.pdf\">Cat\u00e1logo de accesorios de ferreter\u00eda<\/a><\/span><\/p>","protected":false},"excerpt":{"rendered":"<h3>Esquinera met\u00e1lica SX: Soporte asequible y de alta calidad<\/h3>\n<p>Refuerce sus construcciones con las cantoneras met\u00e1licas de SX. Ideal para armarios, cajas y muebles, estos refuerzos proporcionan una resistencia fiable a precios directos de f\u00e1brica, ofreciendo un valor inmejorable sin comprometer la calidad.<\/p>\n<h3>Duradera y hecha para durar<\/h3>\n<p>Fabricadas con metal robusto, las cantoneras met\u00e1licas SX est\u00e1n dise\u00f1adas para soportar cargas pesadas y condiciones duras. Con rigurosos controles de calidad y venta directa de f\u00e1brica, obtendr\u00e1 un rendimiento duradero a precios asequibles.<\/p>\n<h3>F\u00e1cil de instalar, vers\u00e1til para cualquier proyecto<\/h3>\n<p>Las cantoneras met\u00e1licas SX son r\u00e1pidas de instalar y adecuadas para diversas aplicaciones. Tanto si es un profesional como un aficionado al bricolaje, estas vers\u00e1tiles riostras ofrecen un soporte fiable para diferentes necesidades de construcci\u00f3n, todo ello manteniendo los costes bajos.<\/p>","protected":false},"featured_media":4180,"comment_status":"open","ping_status":"closed","template":"","meta":[],"product_brand":[],"product_cat":[64],"product_tag":[],"class_list":{"0":"post-4211","1":"product","2":"type-product","3":"status-publish","4":"has-post-thumbnail","6":"product_cat-clamps","8":"first","9":"instock","10":"shipping-taxable","11":"product-type-simple"},"yoast_head":"<!-- This site is optimized with the Yoast SEO Premium plugin v27.1 (Yoast SEO v27.2) - https:\/\/yoast.com\/product\/yoast-seo-premium-wordpress\/ -->\n<title>Metal Corner Brace CLA502 - https:\/\/sxflightcase.com \ud83d\udc97<\/title>\n<meta name=\"description\" content=\"Metal corner brace, factory direct! High-quality, durable braces for reinforcing and securing corners in furniture, cases, and structures. Perfect for added stability and strength in various applications.\" \/>\n<meta name=\"robots\" content=\"index, follow, max-snippet:-1, max-image-preview:large, max-video-preview:-1\" \/>\n<link rel=\"canonical\" href=\"https:\/\/sxflightcase.com\/es_es\/producto\/cantonera-metalica-cla502-2\/\" \/>\n<meta property=\"og:locale\" content=\"es_ES\" \/>\n<meta property=\"og:type\" content=\"article\" \/>\n<meta property=\"og:title\" content=\"Metal Corner Brace CLA502\" \/>\n<meta property=\"og:description\" content=\"Metal corner brace, factory direct! High-quality, durable braces for reinforcing and securing corners in furniture, cases, and structures. Perfect for added stability and strength in various applications.\" \/>\n<meta property=\"og:url\" content=\"https:\/\/sxflightcase.com\/es_es\/producto\/cantonera-metalica-cla502-2\/\" \/>\n<meta property=\"og:site_name\" content=\"https:\/\/sxflightcase.com\" \/>\n<meta property=\"article:publisher\" content=\"https:\/\/www.facebook.com\/profile.php?id=61560407257971\" \/>\n<meta property=\"article:modified_time\" content=\"2024-08-24T06:59:51+00:00\" \/>\n<meta property=\"og:image\" content=\"https:\/\/sxflightcase.com\/wp-content\/uploads\/2024\/08\/CLA502.jpg\" \/>\n\t<meta property=\"og:image:width\" content=\"700\" \/>\n\t<meta property=\"og:image:height\" content=\"700\" \/>\n\t<meta property=\"og:image:type\" content=\"image\/jpeg\" \/>\n<meta name=\"twitter:card\" content=\"summary_large_image\" \/>\n<meta name=\"twitter:label1\" content=\"Tiempo de lectura\" \/>\n\t<meta name=\"twitter:data1\" content=\"3 minutos\" \/>\n<script type=\"application\/ld+json\" class=\"yoast-schema-graph\">{\"@context\":\"https:\/\/schema.org\",\"@graph\":[{\"@type\":\"WebPage\",\"@id\":\"https:\/\/sxflightcase.com\/product\/metal-corner-brace-cla502\/\",\"url\":\"https:\/\/sxflightcase.com\/product\/metal-corner-brace-cla502\/\",\"name\":\"Metal Corner Brace CLA502 - https:\/\/sxflightcase.com \ud83d\udc97\",\"isPartOf\":{\"@id\":\"https:\/\/sxflightcase.com\/th\/#website\"},\"primaryImageOfPage\":{\"@id\":\"https:\/\/sxflightcase.com\/product\/metal-corner-brace-cla502\/#primaryimage\"},\"image\":{\"@id\":\"https:\/\/sxflightcase.com\/product\/metal-corner-brace-cla502\/#primaryimage\"},\"thumbnailUrl\":\"https:\/\/sxflightcase.com\/wp-content\/uploads\/2024\/08\/CLA502.jpg\",\"datePublished\":\"2024-08-24T06:59:50+00:00\",\"dateModified\":\"2024-08-24T06:59:51+00:00\",\"description\":\"Metal corner brace, factory direct! High-quality, durable braces for reinforcing and securing corners in furniture, cases, and structures. Perfect for added stability and strength in various applications.\",\"breadcrumb\":{\"@id\":\"https:\/\/sxflightcase.com\/product\/metal-corner-brace-cla502\/#breadcrumb\"},\"inLanguage\":\"es\",\"potentialAction\":[{\"@type\":\"ReadAction\",\"target\":[\"https:\/\/sxflightcase.com\/product\/metal-corner-brace-cla502\/\"]}]},{\"@type\":\"ImageObject\",\"inLanguage\":\"es\",\"@id\":\"https:\/\/sxflightcase.com\/product\/metal-corner-brace-cla502\/#primaryimage\",\"url\":\"https:\/\/sxflightcase.com\/wp-content\/uploads\/2024\/08\/CLA502.jpg\",\"contentUrl\":\"https:\/\/sxflightcase.com\/wp-content\/uploads\/2024\/08\/CLA502.jpg\",\"width\":700,\"height\":700,\"caption\":\"Metal Corner Brace\"},{\"@type\":\"BreadcrumbList\",\"@id\":\"https:\/\/sxflightcase.com\/product\/metal-corner-brace-cla502\/#breadcrumb\",\"itemListElement\":[{\"@type\":\"ListItem\",\"position\":1,\"name\":\"Home\",\"item\":\"https:\/\/sxflightcase.com\/\"},{\"@type\":\"ListItem\",\"position\":2,\"name\":\"\u0e2a\u0e34\u0e19\u0e04\u0e49\u0e32\",\"item\":\"https:\/\/sxflightcase.com\/th\/shop\/\"},{\"@type\":\"ListItem\",\"position\":3,\"name\":\"Metal Corner Brace CLA502\"}]},{\"@type\":\"WebSite\",\"@id\":\"https:\/\/sxflightcase.com\/th\/#website\",\"url\":\"https:\/\/sxflightcase.com\/th\/\",\"name\":\"sxpowercase.com\",\"description\":\"Flight Case Factory\",\"publisher\":{\"@id\":\"https:\/\/sxflightcase.com\/th\/#organization\"},\"potentialAction\":[{\"@type\":\"SearchAction\",\"target\":{\"@type\":\"EntryPoint\",\"urlTemplate\":\"https:\/\/sxflightcase.com\/th\/?s={search_term_string}\"},\"query-input\":{\"@type\":\"PropertyValueSpecification\",\"valueRequired\":true,\"valueName\":\"search_term_string\"}}],\"inLanguage\":\"es\"},{\"@type\":\"Organization\",\"@id\":\"https:\/\/sxflightcase.com\/th\/#organization\",\"name\":\"sxpowercase.com\",\"url\":\"https:\/\/sxflightcase.com\/th\/\",\"logo\":{\"@type\":\"ImageObject\",\"inLanguage\":\"es\",\"@id\":\"https:\/\/sxflightcase.com\/th\/#\/schema\/logo\/image\/\",\"url\":\"https:\/\/sxflightcase.com\/wp-content\/uploads\/2024\/04\/1713919036007.jpg\",\"contentUrl\":\"https:\/\/sxflightcase.com\/wp-content\/uploads\/2024\/04\/1713919036007.jpg\",\"width\":382,\"height\":388,\"caption\":\"sxpowercase.com\"},\"image\":{\"@id\":\"https:\/\/sxflightcase.com\/th\/#\/schema\/logo\/image\/\"},\"sameAs\":[\"https:\/\/www.facebook.com\/profile.php?id=61560407257971\"],\"numberOfEmployees\":{\"@type\":\"QuantitativeValue\",\"minValue\":\"11\",\"maxValue\":\"50\"}}]}<\/script>\n<!-- \/ Yoast SEO Premium plugin. -->","yoast_head_json":{"title":"Metal Corner Brace CLA502 - https:\/\/sxflightcase.com \ud83d\udc97","description":"Cantoneras met\u00e1licas, \u00a1directas de f\u00e1brica! Tirantes duraderos de alta calidad para reforzar y asegurar esquinas en muebles, cajas y estructuras. Perfecto para una mayor estabilidad y resistencia en diversas aplicaciones.","robots":{"index":"index","follow":"follow","max-snippet":"max-snippet:-1","max-image-preview":"max-image-preview:large","max-video-preview":"max-video-preview:-1"},"canonical":"https:\/\/sxflightcase.com\/es_es\/producto\/cantonera-metalica-cla502-2\/","og_locale":"es_ES","og_type":"article","og_title":"Metal Corner Brace CLA502","og_description":"Metal corner brace, factory direct! High-quality, durable braces for reinforcing and securing corners in furniture, cases, and structures. Perfect for added stability and strength in various applications.","og_url":"https:\/\/sxflightcase.com\/es_es\/producto\/cantonera-metalica-cla502-2\/","og_site_name":"https:\/\/sxflightcase.com","article_publisher":"https:\/\/www.facebook.com\/profile.php?id=61560407257971","article_modified_time":"2024-08-24T06:59:51+00:00","og_image":[{"width":700,"height":700,"url":"https:\/\/sxflightcase.com\/wp-content\/uploads\/2024\/08\/CLA502.jpg","type":"image\/jpeg"}],"twitter_card":"summary_large_image","twitter_misc":{"Tiempo de lectura":"3 minutos"},"schema":{"@context":"https:\/\/schema.org","@graph":[{"@type":"WebPage","@id":"https:\/\/sxflightcase.com\/product\/metal-corner-brace-cla502\/","url":"https:\/\/sxflightcase.com\/product\/metal-corner-brace-cla502\/","name":"Metal Corner Brace CLA502 - https:\/\/sxflightcase.com \ud83d\udc97","isPartOf":{"@id":"https:\/\/sxflightcase.com\/th\/#website"},"primaryImageOfPage":{"@id":"https:\/\/sxflightcase.com\/product\/metal-corner-brace-cla502\/#primaryimage"},"image":{"@id":"https:\/\/sxflightcase.com\/product\/metal-corner-brace-cla502\/#primaryimage"},"thumbnailUrl":"https:\/\/sxflightcase.com\/wp-content\/uploads\/2024\/08\/CLA502.jpg","datePublished":"2024-08-24T06:59:50+00:00","dateModified":"2024-08-24T06:59:51+00:00","description":"Cantoneras met\u00e1licas, \u00a1directas de f\u00e1brica! Tirantes duraderos de alta calidad para reforzar y asegurar esquinas en muebles, cajas y estructuras. Perfecto para una mayor estabilidad y resistencia en diversas aplicaciones.","breadcrumb":{"@id":"https:\/\/sxflightcase.com\/product\/metal-corner-brace-cla502\/#breadcrumb"},"inLanguage":"es","potentialAction":[{"@type":"ReadAction","target":["https:\/\/sxflightcase.com\/product\/metal-corner-brace-cla502\/"]}]},{"@type":"ImageObject","inLanguage":"es","@id":"https:\/\/sxflightcase.com\/product\/metal-corner-brace-cla502\/#primaryimage","url":"https:\/\/sxflightcase.com\/wp-content\/uploads\/2024\/08\/CLA502.jpg","contentUrl":"https:\/\/sxflightcase.com\/wp-content\/uploads\/2024\/08\/CLA502.jpg","width":700,"height":700,"caption":"Metal Corner Brace"},{"@type":"BreadcrumbList","@id":"https:\/\/sxflightcase.com\/product\/metal-corner-brace-cla502\/#breadcrumb","itemListElement":[{"@type":"ListItem","position":1,"name":"Home","item":"https:\/\/sxflightcase.com\/"},{"@type":"ListItem","position":2,"name":"\u0e2a\u0e34\u0e19\u0e04\u0e49\u0e32","item":"https:\/\/sxflightcase.com\/th\/shop\/"},{"@type":"ListItem","position":3,"name":"Metal Corner Brace CLA502"}]},{"@type":"WebSite","@id":"https:\/\/sxflightcase.com\/th\/#website","url":"https:\/\/sxflightcase.com\/th\/","name":"es.sxpowercase.com","description":"F\u00e1brica de flightcases","publisher":{"@id":"https:\/\/sxflightcase.com\/th\/#organization"},"potentialAction":[{"@type":"SearchAction","target":{"@type":"EntryPoint","urlTemplate":"https:\/\/sxflightcase.com\/th\/?s={search_term_string}"},"query-input":{"@type":"PropertyValueSpecification","valueRequired":true,"valueName":"search_term_string"}}],"inLanguage":"es"},{"@type":"Organization","@id":"https:\/\/sxflightcase.com\/th\/#organization","name":"es.sxpowercase.com","url":"https:\/\/sxflightcase.com\/th\/","logo":{"@type":"ImageObject","inLanguage":"es","@id":"https:\/\/sxflightcase.com\/th\/#\/schema\/logo\/image\/","url":"https:\/\/sxflightcase.com\/wp-content\/uploads\/2024\/04\/1713919036007.jpg","contentUrl":"https:\/\/sxflightcase.com\/wp-content\/uploads\/2024\/04\/1713919036007.jpg","width":382,"height":388,"caption":"sxpowercase.com"},"image":{"@id":"https:\/\/sxflightcase.com\/th\/#\/schema\/logo\/image\/"},"sameAs":["https:\/\/www.facebook.com\/profile.php?id=61560407257971"],"numberOfEmployees":{"@type":"QuantitativeValue","minValue":"11","maxValue":"50"}}]}},"_links":{"self":[{"href":"https:\/\/sxflightcase.com\/es_es\/wp-json\/wp\/v2\/product\/4211","targetHints":{"allow":["GET"]}}],"collection":[{"href":"https:\/\/sxflightcase.com\/es_es\/wp-json\/wp\/v2\/product"}],"about":[{"href":"https:\/\/sxflightcase.com\/es_es\/wp-json\/wp\/v2\/types\/product"}],"replies":[{"embeddable":true,"href":"https:\/\/sxflightcase.com\/es_es\/wp-json\/wp\/v2\/comments?post=4211"}],"version-history":[{"count":0,"href":"https:\/\/sxflightcase.com\/es_es\/wp-json\/wp\/v2\/product\/4211\/revisions"}],"wp:featuredmedia":[{"embeddable":true,"href":"https:\/\/sxflightcase.com\/es_es\/wp-json\/wp\/v2\/media\/4180"}],"wp:attachment":[{"href":"https:\/\/sxflightcase.com\/es_es\/wp-json\/wp\/v2\/media?parent=4211"}],"wp:term":[{"taxonomy":"product_brand","embeddable":true,"href":"https:\/\/sxflightcase.com\/es_es\/wp-json\/wp\/v2\/product_brand?post=4211"},{"taxonomy":"product_cat","embeddable":true,"href":"https:\/\/sxflightcase.com\/es_es\/wp-json\/wp\/v2\/product_cat?post=4211"},{"taxonomy":"product_tag","embeddable":true,"href":"https:\/\/sxflightcase.com\/es_es\/wp-json\/wp\/v2\/product_tag?post=4211"}],"curies":[{"name":"wp","href":"https:\/\/api.w.org\/{rel}","templated":true}]}}