{"id":4220,"date":"2024-08-26T08:22:55","date_gmt":"2024-08-26T07:22:55","guid":{"rendered":"https:\/\/sxpowercase.com\/?post_type=product&#038;p=4220"},"modified":"2024-08-26T08:22:56","modified_gmt":"2024-08-26T07:22:56","slug":"flight-case-corner-brace-cla801","status":"publish","type":"product","link":"https:\/\/sxflightcase.com\/es_es\/producto\/flight-case-cantonera-cla801-2\/","title":{"rendered":"Cantonera para Flight Case CLA801"},"content":{"rendered":"<h3>SX Flight Case Corner Brace: Protecci\u00f3n asequible y fiable para su equipo<\/h3>\n<h4>Refuerce sus maletas con SX Flight Case Corner Brace<\/h4>\n<p>A la hora de construir o actualizar una flight case, es fundamental garantizar una protecci\u00f3n s\u00f3lida. SX ofrece <span style=\"color: #3366ff;\"><a style=\"color: #3366ff;\" href=\"https:\/\/sxpowercase.com\/product\/road-case-clamp-cla701\/\"><strong>Cantonera para Flight Case<\/strong><\/a><\/span> dise\u00f1ados para mejorar la integridad estructural de sus maletas. Tanto si eres un profesional de las giras como un aficionado al bricolaje, nuestras cantoneras proporcionan el nivel adecuado de refuerzo sin arruinarte.<\/p>\n<h4>Dise\u00f1ado para entornos dif\u00edciles<\/h4>\n<p>Nuestra <strong>Escuadras para flightcases<\/strong> est\u00e1n fabricados en metal de alta calidad, lo que garantiza que puedan soportar los rigores del transporte constante. Dise\u00f1adas para evitar da\u00f1os y prolongar la vida \u00fatil de la maleta, estas abrazaderas son esenciales para cualquiera que desee mantener su equipo a salvo. <a href=\"https:\/\/sxpowercase.com\/\" target=\"_blank\" rel=\"noopener\" title=\"SX\" data-wpil-monitor-id=\"698\">SX<\/a> da prioridad a la calidad en cada paso, ofreciendo hardware fiable a precios que siguen siendo accesibles.<\/p>\n<h4>Precios directos de f\u00e1brica para soluciones rentables<\/h4>\n<p>En SX sabemos que la asequibilidad es importante. Por eso nuestros <strong>Escuadras para flightcases<\/strong> est\u00e1n disponibles directamente de f\u00e1brica, lo que elimina los costes de intermediaci\u00f3n. Al ir directamente a la fuente, usted se beneficia de precios m\u00e1s bajos sin dejar de recibir productos de primera calidad. Para los compradores que buscan la mejor relaci\u00f3n calidad-precio sin renunciar a la durabilidad, SX es la elecci\u00f3n perfecta.<\/p>\n<h4>Vers\u00e1til y f\u00e1cil de instalar<\/h4>\n<p>SX <strong>Escuadras para flightcases<\/strong> son lo suficientemente vers\u00e1tiles como para adaptarse a varios dise\u00f1os de maletas, lo que los hace adecuados para diferentes proyectos. El sencillo proceso de instalaci\u00f3n significa que puede a\u00f1adir r\u00e1pida y f\u00e1cilmente estos refuerzos a sus cajas, mejorando la estabilidad y la protecci\u00f3n. Tanto si va a actualizar una carcasa ya existente como si va a construir una nueva desde cero, SX tiene todo lo que necesita.<\/p>\n<h4>Opciones de personalizaci\u00f3n que se adaptan a sus necesidades<\/h4>\n<p>En SX sabemos que cada caso tiene unas necesidades \u00fanicas. Por eso ofrecemos opciones de personalizaci\u00f3n para nuestros <strong>Escuadras para flightcases<\/strong>. Puede seleccionar diferentes tama\u00f1os, acabados y materiales para adaptarlos a su aplicaci\u00f3n espec\u00edfica. Incluso con estas opciones a medida, mantenemos nuestro compromiso de precios bajos de f\u00e1brica, lo que le permite personalizar sin pagar de m\u00e1s.<\/p>\n<h4>Por qu\u00e9 SX es la opci\u00f3n preferida para el hardware de maletines<\/h4>\n<p>SX es una empresa de confianza que ofrece soluciones de hardware asequibles y de alta calidad. Nuestra <strong>Escuadras para flightcases<\/strong> destacan por su robustez, fiabilidad y rentabilidad. Centr\u00e1ndonos en el control de calidad y la satisfacci\u00f3n del cliente, nos aseguramos de que obtenga un hardware duradero que satisfaga exactamente sus necesidades.<\/p>\n<h4>Asegure sus maletas con las cantoneras SX Flight Case<\/h4>\n<p>Cuando se trata de proteger su valioso equipo, cada componente es importante. SX <strong>Escuadras para flightcases<\/strong> ofrecen un refuerzo esencial para sus flight cases, garantizando que su equipo permanezca seguro, por duro que sea el viaje. Elija SX para un hardware asequible y directo de f\u00e1brica que nunca compromete la calidad ni el rendimiento.<\/p>\n<p>P\u00f3ngase en contacto con nosotros:<span style=\"color: #0000ff;\"><a style=\"color: #0000ff;\" href=\"https:\/\/sxpowercase.com\/contact-us\/\">https:\/\/sxpowercase.com\/<\/a><\/span><\/p>\n<p>Cat\u00e1logo de productos de hardware\uff1a<span style=\"color: #3366ff;\"><a style=\"color: #3366ff;\" href=\"https:\/\/sxpowercase.com\/wp-content\/uploads\/2024\/07\/\u4e94\u91d1.pdf\">Cat\u00e1logo de accesorios de ferreter\u00eda<\/a><\/span><\/p>","protected":false},"excerpt":{"rendered":"<h3>SX Flight Case Corner Brace: Protecci\u00f3n reforzada a precios asequibles<\/h3>\n<p>SX ofrece cantoneras met\u00e1licas de alta calidad para reforzar sus cajas durante el transporte frecuente. Las ventas directas de f\u00e1brica garantizan un hardware duradero a precios asequibles.<\/p>\n<h3>Escuadras SX duraderas y f\u00e1ciles de instalar<\/h3>\n<p>Las cantoneras SX se adaptan a varios dise\u00f1os de cajas y son f\u00e1ciles de instalar, proporcionando una mayor estabilidad. Tanto si se trata de actualizar cajas antiguas como de construir nuevas, SX es una elecci\u00f3n de confianza.<\/p>\n<h3>Soluciones personalizadas para satisfacer sus necesidades espec\u00edficas<\/h3>\n<p>SX ofrece opciones de personalizaci\u00f3n del tama\u00f1o y el material, al tiempo que mantiene los precios directos de f\u00e1brica, proporcionando un hardware rentable adaptado a sus requisitos exclusivos.<\/p>","protected":false},"featured_media":4186,"comment_status":"open","ping_status":"closed","template":"","meta":[],"product_brand":[],"product_cat":[64],"product_tag":[],"class_list":{"0":"post-4220","1":"product","2":"type-product","3":"status-publish","4":"has-post-thumbnail","6":"product_cat-clamps","8":"first","9":"instock","10":"shipping-taxable","11":"product-type-simple"},"yoast_head":"<!-- This site is optimized with the Yoast SEO Premium plugin v27.1 (Yoast SEO v27.2) - https:\/\/yoast.com\/product\/yoast-seo-premium-wordpress\/ -->\n<title>Flight Case Corner Brace CLA801 - https:\/\/sxflightcase.com \ud83d\udc97<\/title>\n<meta name=\"description\" content=\"Flight case corner brace, factory direct! Durable, high-quality braces designed to reinforce and secure flight case corners. Ideal for ensuring stability and long-lasting protection during transport.\" \/>\n<meta name=\"robots\" content=\"index, follow, max-snippet:-1, max-image-preview:large, max-video-preview:-1\" \/>\n<link rel=\"canonical\" href=\"https:\/\/sxflightcase.com\/es_es\/producto\/flight-case-cantonera-cla801-2\/\" \/>\n<meta property=\"og:locale\" content=\"es_ES\" \/>\n<meta property=\"og:type\" content=\"article\" \/>\n<meta property=\"og:title\" content=\"Flight Case Corner Brace CLA801\" \/>\n<meta property=\"og:description\" content=\"Flight case corner brace, factory direct! Durable, high-quality braces designed to reinforce and secure flight case corners. Ideal for ensuring stability and long-lasting protection during transport.\" \/>\n<meta property=\"og:url\" content=\"https:\/\/sxflightcase.com\/es_es\/producto\/flight-case-cantonera-cla801-2\/\" \/>\n<meta property=\"og:site_name\" content=\"https:\/\/sxflightcase.com\" \/>\n<meta property=\"article:publisher\" content=\"https:\/\/www.facebook.com\/profile.php?id=61560407257971\" \/>\n<meta property=\"article:modified_time\" content=\"2024-08-26T07:22:56+00:00\" \/>\n<meta property=\"og:image\" content=\"https:\/\/sxflightcase.com\/wp-content\/uploads\/2024\/08\/CLA801.jpg\" \/>\n\t<meta property=\"og:image:width\" content=\"700\" \/>\n\t<meta property=\"og:image:height\" content=\"700\" \/>\n\t<meta property=\"og:image:type\" content=\"image\/jpeg\" \/>\n<meta name=\"twitter:card\" content=\"summary_large_image\" \/>\n<meta name=\"twitter:label1\" content=\"Tiempo de lectura\" \/>\n\t<meta name=\"twitter:data1\" content=\"3 minutos\" \/>\n<script type=\"application\/ld+json\" class=\"yoast-schema-graph\">{\"@context\":\"https:\/\/schema.org\",\"@graph\":[{\"@type\":\"WebPage\",\"@id\":\"https:\/\/sxflightcase.com\/product\/flight-case-corner-brace-cla801\/\",\"url\":\"https:\/\/sxflightcase.com\/product\/flight-case-corner-brace-cla801\/\",\"name\":\"Flight Case Corner Brace CLA801 - https:\/\/sxflightcase.com \ud83d\udc97\",\"isPartOf\":{\"@id\":\"https:\/\/sxflightcase.com\/th\/#website\"},\"primaryImageOfPage\":{\"@id\":\"https:\/\/sxflightcase.com\/product\/flight-case-corner-brace-cla801\/#primaryimage\"},\"image\":{\"@id\":\"https:\/\/sxflightcase.com\/product\/flight-case-corner-brace-cla801\/#primaryimage\"},\"thumbnailUrl\":\"https:\/\/sxflightcase.com\/wp-content\/uploads\/2024\/08\/CLA801.jpg\",\"datePublished\":\"2024-08-26T07:22:55+00:00\",\"dateModified\":\"2024-08-26T07:22:56+00:00\",\"description\":\"Flight case corner brace, factory direct! Durable, high-quality braces designed to reinforce and secure flight case corners. Ideal for ensuring stability and long-lasting protection during transport.\",\"breadcrumb\":{\"@id\":\"https:\/\/sxflightcase.com\/product\/flight-case-corner-brace-cla801\/#breadcrumb\"},\"inLanguage\":\"es\",\"potentialAction\":[{\"@type\":\"ReadAction\",\"target\":[\"https:\/\/sxflightcase.com\/product\/flight-case-corner-brace-cla801\/\"]}]},{\"@type\":\"ImageObject\",\"inLanguage\":\"es\",\"@id\":\"https:\/\/sxflightcase.com\/product\/flight-case-corner-brace-cla801\/#primaryimage\",\"url\":\"https:\/\/sxflightcase.com\/wp-content\/uploads\/2024\/08\/CLA801.jpg\",\"contentUrl\":\"https:\/\/sxflightcase.com\/wp-content\/uploads\/2024\/08\/CLA801.jpg\",\"width\":700,\"height\":700,\"caption\":\"Flight Case Corner Brace\"},{\"@type\":\"BreadcrumbList\",\"@id\":\"https:\/\/sxflightcase.com\/product\/flight-case-corner-brace-cla801\/#breadcrumb\",\"itemListElement\":[{\"@type\":\"ListItem\",\"position\":1,\"name\":\"Home\",\"item\":\"https:\/\/sxflightcase.com\/\"},{\"@type\":\"ListItem\",\"position\":2,\"name\":\"\u0e2a\u0e34\u0e19\u0e04\u0e49\u0e32\",\"item\":\"https:\/\/sxflightcase.com\/th\/shop\/\"},{\"@type\":\"ListItem\",\"position\":3,\"name\":\"Flight Case Corner Brace CLA801\"}]},{\"@type\":\"WebSite\",\"@id\":\"https:\/\/sxflightcase.com\/th\/#website\",\"url\":\"https:\/\/sxflightcase.com\/th\/\",\"name\":\"sxpowercase.com\",\"description\":\"Flight Case Factory\",\"publisher\":{\"@id\":\"https:\/\/sxflightcase.com\/th\/#organization\"},\"potentialAction\":[{\"@type\":\"SearchAction\",\"target\":{\"@type\":\"EntryPoint\",\"urlTemplate\":\"https:\/\/sxflightcase.com\/th\/?s={search_term_string}\"},\"query-input\":{\"@type\":\"PropertyValueSpecification\",\"valueRequired\":true,\"valueName\":\"search_term_string\"}}],\"inLanguage\":\"es\"},{\"@type\":\"Organization\",\"@id\":\"https:\/\/sxflightcase.com\/th\/#organization\",\"name\":\"sxpowercase.com\",\"url\":\"https:\/\/sxflightcase.com\/th\/\",\"logo\":{\"@type\":\"ImageObject\",\"inLanguage\":\"es\",\"@id\":\"https:\/\/sxflightcase.com\/th\/#\/schema\/logo\/image\/\",\"url\":\"https:\/\/sxflightcase.com\/wp-content\/uploads\/2024\/04\/1713919036007.jpg\",\"contentUrl\":\"https:\/\/sxflightcase.com\/wp-content\/uploads\/2024\/04\/1713919036007.jpg\",\"width\":382,\"height\":388,\"caption\":\"sxpowercase.com\"},\"image\":{\"@id\":\"https:\/\/sxflightcase.com\/th\/#\/schema\/logo\/image\/\"},\"sameAs\":[\"https:\/\/www.facebook.com\/profile.php?id=61560407257971\"],\"numberOfEmployees\":{\"@type\":\"QuantitativeValue\",\"minValue\":\"11\",\"maxValue\":\"50\"}}]}<\/script>\n<!-- \/ Yoast SEO Premium plugin. -->","yoast_head_json":{"title":"Flight Case Corner Brace CLA801 - https:\/\/sxflightcase.com \ud83d\udc97","description":"Escuadra de flight case, \u00a1directa de f\u00e1brica! Soportes duraderos y de alta calidad dise\u00f1ados para reforzar y asegurar las esquinas de los flightcases. Ideal para garantizar la estabilidad y la protecci\u00f3n duradera durante el transporte.","robots":{"index":"index","follow":"follow","max-snippet":"max-snippet:-1","max-image-preview":"max-image-preview:large","max-video-preview":"max-video-preview:-1"},"canonical":"https:\/\/sxflightcase.com\/es_es\/producto\/flight-case-cantonera-cla801-2\/","og_locale":"es_ES","og_type":"article","og_title":"Flight Case Corner Brace CLA801","og_description":"Flight case corner brace, factory direct! Durable, high-quality braces designed to reinforce and secure flight case corners. Ideal for ensuring stability and long-lasting protection during transport.","og_url":"https:\/\/sxflightcase.com\/es_es\/producto\/flight-case-cantonera-cla801-2\/","og_site_name":"https:\/\/sxflightcase.com","article_publisher":"https:\/\/www.facebook.com\/profile.php?id=61560407257971","article_modified_time":"2024-08-26T07:22:56+00:00","og_image":[{"width":700,"height":700,"url":"https:\/\/sxflightcase.com\/wp-content\/uploads\/2024\/08\/CLA801.jpg","type":"image\/jpeg"}],"twitter_card":"summary_large_image","twitter_misc":{"Tiempo de lectura":"3 minutos"},"schema":{"@context":"https:\/\/schema.org","@graph":[{"@type":"WebPage","@id":"https:\/\/sxflightcase.com\/product\/flight-case-corner-brace-cla801\/","url":"https:\/\/sxflightcase.com\/product\/flight-case-corner-brace-cla801\/","name":"Flight Case Corner Brace CLA801 - https:\/\/sxflightcase.com \ud83d\udc97","isPartOf":{"@id":"https:\/\/sxflightcase.com\/th\/#website"},"primaryImageOfPage":{"@id":"https:\/\/sxflightcase.com\/product\/flight-case-corner-brace-cla801\/#primaryimage"},"image":{"@id":"https:\/\/sxflightcase.com\/product\/flight-case-corner-brace-cla801\/#primaryimage"},"thumbnailUrl":"https:\/\/sxflightcase.com\/wp-content\/uploads\/2024\/08\/CLA801.jpg","datePublished":"2024-08-26T07:22:55+00:00","dateModified":"2024-08-26T07:22:56+00:00","description":"Escuadra de flight case, \u00a1directa de f\u00e1brica! Soportes duraderos y de alta calidad dise\u00f1ados para reforzar y asegurar las esquinas de los flightcases. Ideal para garantizar la estabilidad y la protecci\u00f3n duradera durante el transporte.","breadcrumb":{"@id":"https:\/\/sxflightcase.com\/product\/flight-case-corner-brace-cla801\/#breadcrumb"},"inLanguage":"es","potentialAction":[{"@type":"ReadAction","target":["https:\/\/sxflightcase.com\/product\/flight-case-corner-brace-cla801\/"]}]},{"@type":"ImageObject","inLanguage":"es","@id":"https:\/\/sxflightcase.com\/product\/flight-case-corner-brace-cla801\/#primaryimage","url":"https:\/\/sxflightcase.com\/wp-content\/uploads\/2024\/08\/CLA801.jpg","contentUrl":"https:\/\/sxflightcase.com\/wp-content\/uploads\/2024\/08\/CLA801.jpg","width":700,"height":700,"caption":"Flight Case Corner Brace"},{"@type":"BreadcrumbList","@id":"https:\/\/sxflightcase.com\/product\/flight-case-corner-brace-cla801\/#breadcrumb","itemListElement":[{"@type":"ListItem","position":1,"name":"Home","item":"https:\/\/sxflightcase.com\/"},{"@type":"ListItem","position":2,"name":"\u0e2a\u0e34\u0e19\u0e04\u0e49\u0e32","item":"https:\/\/sxflightcase.com\/th\/shop\/"},{"@type":"ListItem","position":3,"name":"Flight Case Corner Brace CLA801"}]},{"@type":"WebSite","@id":"https:\/\/sxflightcase.com\/th\/#website","url":"https:\/\/sxflightcase.com\/th\/","name":"es.sxpowercase.com","description":"F\u00e1brica de flightcases","publisher":{"@id":"https:\/\/sxflightcase.com\/th\/#organization"},"potentialAction":[{"@type":"SearchAction","target":{"@type":"EntryPoint","urlTemplate":"https:\/\/sxflightcase.com\/th\/?s={search_term_string}"},"query-input":{"@type":"PropertyValueSpecification","valueRequired":true,"valueName":"search_term_string"}}],"inLanguage":"es"},{"@type":"Organization","@id":"https:\/\/sxflightcase.com\/th\/#organization","name":"es.sxpowercase.com","url":"https:\/\/sxflightcase.com\/th\/","logo":{"@type":"ImageObject","inLanguage":"es","@id":"https:\/\/sxflightcase.com\/th\/#\/schema\/logo\/image\/","url":"https:\/\/sxflightcase.com\/wp-content\/uploads\/2024\/04\/1713919036007.jpg","contentUrl":"https:\/\/sxflightcase.com\/wp-content\/uploads\/2024\/04\/1713919036007.jpg","width":382,"height":388,"caption":"sxpowercase.com"},"image":{"@id":"https:\/\/sxflightcase.com\/th\/#\/schema\/logo\/image\/"},"sameAs":["https:\/\/www.facebook.com\/profile.php?id=61560407257971"],"numberOfEmployees":{"@type":"QuantitativeValue","minValue":"11","maxValue":"50"}}]}},"_links":{"self":[{"href":"https:\/\/sxflightcase.com\/es_es\/wp-json\/wp\/v2\/product\/4220","targetHints":{"allow":["GET"]}}],"collection":[{"href":"https:\/\/sxflightcase.com\/es_es\/wp-json\/wp\/v2\/product"}],"about":[{"href":"https:\/\/sxflightcase.com\/es_es\/wp-json\/wp\/v2\/types\/product"}],"replies":[{"embeddable":true,"href":"https:\/\/sxflightcase.com\/es_es\/wp-json\/wp\/v2\/comments?post=4220"}],"version-history":[{"count":0,"href":"https:\/\/sxflightcase.com\/es_es\/wp-json\/wp\/v2\/product\/4220\/revisions"}],"wp:featuredmedia":[{"embeddable":true,"href":"https:\/\/sxflightcase.com\/es_es\/wp-json\/wp\/v2\/media\/4186"}],"wp:attachment":[{"href":"https:\/\/sxflightcase.com\/es_es\/wp-json\/wp\/v2\/media?parent=4220"}],"wp:term":[{"taxonomy":"product_brand","embeddable":true,"href":"https:\/\/sxflightcase.com\/es_es\/wp-json\/wp\/v2\/product_brand?post=4220"},{"taxonomy":"product_cat","embeddable":true,"href":"https:\/\/sxflightcase.com\/es_es\/wp-json\/wp\/v2\/product_cat?post=4220"},{"taxonomy":"product_tag","embeddable":true,"href":"https:\/\/sxflightcase.com\/es_es\/wp-json\/wp\/v2\/product_tag?post=4220"}],"curies":[{"name":"wp","href":"https:\/\/api.w.org\/{rel}","templated":true}]}}