{"id":4225,"date":"2024-08-27T03:50:31","date_gmt":"2024-08-27T02:50:31","guid":{"rendered":"https:\/\/sxpowercase.com\/?post_type=product&#038;p=4225"},"modified":"2024-08-27T03:50:32","modified_gmt":"2024-08-27T02:50:32","slug":"road-case-corner-brace-cla804","status":"publish","type":"product","link":"https:\/\/sxflightcase.com\/es_es\/producto\/esquinera-para-maletas-de-carretera-cla804\/","title":{"rendered":"Road Case Esquinera CLA804"},"content":{"rendered":"<h3>Esquinera duradera para maletas de carretera de SX<\/h3>\n<p>Cuando se trata de proteger sus equipos durante el transporte, cada detalle es importante. SX <span style=\"color: #3366ff;\"><a style=\"color: #3366ff;\" href=\"https:\/\/sxpowercase.com\/product\/road-case-corner-brace-cla803\/\"><strong>Soporte de esquina para caja de carretera<\/strong><\/a><\/span>\u00a0est\u00e1n dise\u00f1ados para ofrecer una mayor protecci\u00f3n y estabilidad a sus maletas. Estas abrazaderas est\u00e1n dise\u00f1adas para resistir el movimiento constante, garantizando que su equipo permanezca seguro incluso en condiciones dif\u00edciles. Con <a href=\"https:\/\/sxpowercase.com\/\" target=\"_blank\" rel=\"noopener\" title=\"SX\" data-wpil-monitor-id=\"701\">SX<\/a>puede contar con la m\u00e1xima calidad a precios directos de f\u00e1brica, lo que hace que nuestros productos sean fiables y asequibles.<\/p>\n<h3>Construcci\u00f3n resistente para una m\u00e1xima durabilidad<\/h3>\n<p>Nuestra <strong>Esquineras para maletas de carretera<\/strong> est\u00e1n fabricadas con metal de alta calidad, lo que garantiza que proporcionen el refuerzo robusto necesario para un uso exigente. La s\u00f3lida construcci\u00f3n ayuda a evitar da\u00f1os por impactos, ara\u00f1azos y desgaste general, alargando la vida \u00fatil de sus maletas. Con SX, no s\u00f3lo obtendr\u00e1 productos duraderos, sino tambi\u00e9n precios razonables, gracias a nuestro modelo de suministro directo de f\u00e1brica.<\/p>\n<h3>Soluciones rentables con garant\u00eda de calidad<\/h3>\n<p>En SX, creemos que hay que ofrecer productos de alta calidad a precios asequibles. Nuestro enfoque directo de f\u00e1brica elimina a los intermediarios, lo que nos permite ofrecer <strong>Soporte de esquina para caja de carretera<\/strong>\u00a0a precios excepcionalmente bajos sin sacrificar la calidad. Esto garantiza que sus cajas reciban una protecci\u00f3n de primer nivel sin salirse de su presupuesto, lo que convierte a SX en una opci\u00f3n rentable para cualquier proyecto.<\/p>\n<h3>Vers\u00e1til y f\u00e1cil de instalar<\/h3>\n<p>SX <strong>Esquineras para maletas de carretera<\/strong> est\u00e1n dise\u00f1ados para integrarse f\u00e1cilmente en diversos dise\u00f1os de cajas. Tanto si est\u00e1 construyendo una maleta nueva como reforzando una existente, nuestros refuerzos son f\u00e1ciles de instalar, lo que le ahorrar\u00e1 tiempo y esfuerzo. La flexibilidad de nuestros productos los hace adecuados para una amplia gama de aplicaciones, desde cajas profesionales hasta proyectos de bricolaje personalizados.<\/p>\n<h3>Opciones personalizables que se adaptan a sus necesidades<\/h3>\n<p>Entendemos que proyectos diferentes requieren soluciones diferentes. Por eso SX ofrece opciones personalizables para nuestros <strong>Esquineras para maletas de carretera<\/strong>SX le ofrece la posibilidad de elegir el tama\u00f1o, el acabado y el dise\u00f1o que mejor se adapten a sus necesidades espec\u00edficas. Nuestra gama de opciones garantiza que pueda encontrar exactamente lo que necesita, todo ello manteniendo la calidad y la asequibilidad por las que se conoce a SX.<\/p>\n<h3>Con la confianza de los profesionales de la industria<\/h3>\n<p>Profesionales de todo el mundo conf\u00edan en SX para sus necesidades de hardware de maletas de carretera. Nuestra <strong>Esquineras para maletas de carretera<\/strong> est\u00e1n dise\u00f1adas para ofrecer fiabilidad a largo plazo, lo que las convierte en la elecci\u00f3n perfecta para quienes necesitan un hardware fiable. Tanto si protege instrumentos delicados, equipos audiovisuales u otros equipos valiosos, SX se asegura de que sus maletas est\u00e9n preparadas para la carretera.<\/p>\n<h3>Elija SX para una protecci\u00f3n inmejorable<\/h3>\n<p>Cuando se trata de proteger su inversi\u00f3n, conf\u00ede en SX's <strong>Esquineras para maletas de carretera<\/strong>. Con un enfoque en la entrega de productos de alta calidad a precios directos de f\u00e1brica, ofrecemos el equilibrio adecuado entre durabilidad y asequibilidad. Asegure su equipo con confianza y deje que SX sea su socio en la fabricaci\u00f3n de maletas de carretera fiables.<\/p>\n<p>inversi\u00f3n eligiendo SX para su pr\u00f3ximo proyecto.<\/p>\n<p>P\u00f3ngase en contacto con nosotros:<span style=\"color: #0000ff;\"><a style=\"color: #0000ff;\" href=\"https:\/\/sxpowercase.com\/contact-us\/\">https:\/\/sxpowercase.com\/<\/a><\/span><\/p>\n<p>Cat\u00e1logo de productos de hardware\uff1a<span style=\"color: #3366ff;\"><a style=\"color: #3366ff;\" href=\"https:\/\/sxpowercase.com\/wp-content\/uploads\/2024\/07\/\u4e94\u91d1.pdf\">Cat\u00e1logo de accesorios de ferreter\u00eda<\/a><\/span><\/p>","protected":false},"excerpt":{"rendered":"<h3>Esquinera SX Road Case: Protecci\u00f3n duradera y asequible<\/h3>\n<p>SX ofrece esquineros de alta resistencia que proporcionan una estabilidad fiable para las maletas de carretera. Fabricadas en metal resistente, estas cantoneras garantizan un rendimiento duradero a precios directos de f\u00e1brica.<\/p>\n<h3>Refuerce sus cajas con esquineros SX<\/h3>\n<p>Las cantoneras SX est\u00e1n dise\u00f1adas para facilitar su instalaci\u00f3n y son ideales tanto para profesionales como para proyectos de bricolaje. A\u00f1aden protecci\u00f3n y resistencia adicionales a las maletas de carretera, protegi\u00e9ndolas del desgaste.<\/p>\n<h3>Hardware personalizable y rentable de SX<\/h3>\n<p>SX ofrece opciones personalizables para las cantoneras de las cajas de carreteras, satisfaciendo las necesidades \u00fanicas de los proyectos sin dejar de ser asequible. Con la confianza de los profesionales, SX combina calidad y valor en cada producto.<\/p>","protected":false},"featured_media":4189,"comment_status":"open","ping_status":"closed","template":"","meta":[],"product_brand":[],"product_cat":[64],"product_tag":[],"class_list":{"0":"post-4225","1":"product","2":"type-product","3":"status-publish","4":"has-post-thumbnail","6":"product_cat-clamps","8":"first","9":"instock","10":"shipping-taxable","11":"product-type-simple"},"yoast_head":"<!-- This site is optimized with the Yoast SEO Premium plugin v27.1 (Yoast SEO v27.2) - https:\/\/yoast.com\/product\/yoast-seo-premium-wordpress\/ -->\n<title>Road Case Corner Brace CLA804 - https:\/\/sxflightcase.com \ud83d\udc97<\/title>\n<meta name=\"description\" content=\"Road case corner brace, factory direct! High-quality, durable braces designed to reinforce and secure road case corners. Ideal for added stability and protection during heavy-duty transport.\" \/>\n<meta name=\"robots\" content=\"index, follow, max-snippet:-1, max-image-preview:large, max-video-preview:-1\" \/>\n<link rel=\"canonical\" href=\"https:\/\/sxflightcase.com\/es_es\/producto\/esquinera-para-maletas-de-carretera-cla804\/\" \/>\n<meta property=\"og:locale\" content=\"es_ES\" \/>\n<meta property=\"og:type\" content=\"article\" \/>\n<meta property=\"og:title\" content=\"Road Case Corner Brace CLA804\" \/>\n<meta property=\"og:description\" content=\"Road case corner brace, factory direct! High-quality, durable braces designed to reinforce and secure road case corners. Ideal for added stability and protection during heavy-duty transport.\" \/>\n<meta property=\"og:url\" content=\"https:\/\/sxflightcase.com\/es_es\/producto\/esquinera-para-maletas-de-carretera-cla804\/\" \/>\n<meta property=\"og:site_name\" content=\"https:\/\/sxflightcase.com\" \/>\n<meta property=\"article:publisher\" content=\"https:\/\/www.facebook.com\/profile.php?id=61560407257971\" \/>\n<meta property=\"article:modified_time\" content=\"2024-08-27T02:50:32+00:00\" \/>\n<meta property=\"og:image\" content=\"https:\/\/sxflightcase.com\/wp-content\/uploads\/2024\/08\/CLA804.jpg\" \/>\n\t<meta property=\"og:image:width\" content=\"700\" \/>\n\t<meta property=\"og:image:height\" content=\"700\" \/>\n\t<meta property=\"og:image:type\" content=\"image\/jpeg\" \/>\n<meta name=\"twitter:card\" content=\"summary_large_image\" \/>\n<meta name=\"twitter:label1\" content=\"Tiempo de lectura\" \/>\n\t<meta name=\"twitter:data1\" content=\"3 minutos\" \/>\n<script type=\"application\/ld+json\" class=\"yoast-schema-graph\">{\"@context\":\"https:\/\/schema.org\",\"@graph\":[{\"@type\":\"WebPage\",\"@id\":\"https:\/\/sxflightcase.com\/product\/road-case-corner-brace-cla804\/\",\"url\":\"https:\/\/sxflightcase.com\/product\/road-case-corner-brace-cla804\/\",\"name\":\"Road Case Corner Brace CLA804 - https:\/\/sxflightcase.com \ud83d\udc97\",\"isPartOf\":{\"@id\":\"https:\/\/sxflightcase.com\/th\/#website\"},\"primaryImageOfPage\":{\"@id\":\"https:\/\/sxflightcase.com\/product\/road-case-corner-brace-cla804\/#primaryimage\"},\"image\":{\"@id\":\"https:\/\/sxflightcase.com\/product\/road-case-corner-brace-cla804\/#primaryimage\"},\"thumbnailUrl\":\"https:\/\/sxflightcase.com\/wp-content\/uploads\/2024\/08\/CLA804.jpg\",\"datePublished\":\"2024-08-27T02:50:31+00:00\",\"dateModified\":\"2024-08-27T02:50:32+00:00\",\"description\":\"Road case corner brace, factory direct! High-quality, durable braces designed to reinforce and secure road case corners. Ideal for added stability and protection during heavy-duty transport.\",\"breadcrumb\":{\"@id\":\"https:\/\/sxflightcase.com\/product\/road-case-corner-brace-cla804\/#breadcrumb\"},\"inLanguage\":\"es\",\"potentialAction\":[{\"@type\":\"ReadAction\",\"target\":[\"https:\/\/sxflightcase.com\/product\/road-case-corner-brace-cla804\/\"]}]},{\"@type\":\"ImageObject\",\"inLanguage\":\"es\",\"@id\":\"https:\/\/sxflightcase.com\/product\/road-case-corner-brace-cla804\/#primaryimage\",\"url\":\"https:\/\/sxflightcase.com\/wp-content\/uploads\/2024\/08\/CLA804.jpg\",\"contentUrl\":\"https:\/\/sxflightcase.com\/wp-content\/uploads\/2024\/08\/CLA804.jpg\",\"width\":700,\"height\":700,\"caption\":\"Road Case Corner Brace\"},{\"@type\":\"BreadcrumbList\",\"@id\":\"https:\/\/sxflightcase.com\/product\/road-case-corner-brace-cla804\/#breadcrumb\",\"itemListElement\":[{\"@type\":\"ListItem\",\"position\":1,\"name\":\"Home\",\"item\":\"https:\/\/sxflightcase.com\/\"},{\"@type\":\"ListItem\",\"position\":2,\"name\":\"\u0e2a\u0e34\u0e19\u0e04\u0e49\u0e32\",\"item\":\"https:\/\/sxflightcase.com\/th\/shop\/\"},{\"@type\":\"ListItem\",\"position\":3,\"name\":\"Road Case Corner Brace CLA804\"}]},{\"@type\":\"WebSite\",\"@id\":\"https:\/\/sxflightcase.com\/th\/#website\",\"url\":\"https:\/\/sxflightcase.com\/th\/\",\"name\":\"sxpowercase.com\",\"description\":\"Flight Case Factory\",\"publisher\":{\"@id\":\"https:\/\/sxflightcase.com\/th\/#organization\"},\"potentialAction\":[{\"@type\":\"SearchAction\",\"target\":{\"@type\":\"EntryPoint\",\"urlTemplate\":\"https:\/\/sxflightcase.com\/th\/?s={search_term_string}\"},\"query-input\":{\"@type\":\"PropertyValueSpecification\",\"valueRequired\":true,\"valueName\":\"search_term_string\"}}],\"inLanguage\":\"es\"},{\"@type\":\"Organization\",\"@id\":\"https:\/\/sxflightcase.com\/th\/#organization\",\"name\":\"sxpowercase.com\",\"url\":\"https:\/\/sxflightcase.com\/th\/\",\"logo\":{\"@type\":\"ImageObject\",\"inLanguage\":\"es\",\"@id\":\"https:\/\/sxflightcase.com\/th\/#\/schema\/logo\/image\/\",\"url\":\"https:\/\/sxflightcase.com\/wp-content\/uploads\/2024\/04\/1713919036007.jpg\",\"contentUrl\":\"https:\/\/sxflightcase.com\/wp-content\/uploads\/2024\/04\/1713919036007.jpg\",\"width\":382,\"height\":388,\"caption\":\"sxpowercase.com\"},\"image\":{\"@id\":\"https:\/\/sxflightcase.com\/th\/#\/schema\/logo\/image\/\"},\"sameAs\":[\"https:\/\/www.facebook.com\/profile.php?id=61560407257971\"],\"numberOfEmployees\":{\"@type\":\"QuantitativeValue\",\"minValue\":\"11\",\"maxValue\":\"50\"}}]}<\/script>\n<!-- \/ Yoast SEO Premium plugin. -->","yoast_head_json":{"title":"Road Case Corner Brace CLA804 - https:\/\/sxflightcase.com \ud83d\udc97","description":"Refuerzo de esquinas para maletas de carretera, \u00a1directo de f\u00e1brica! Soportes duraderos de alta calidad dise\u00f1ados para reforzar y asegurar las esquinas de las maletas de carretera. Ideal para una mayor estabilidad y protecci\u00f3n durante el transporte de alta resistencia.","robots":{"index":"index","follow":"follow","max-snippet":"max-snippet:-1","max-image-preview":"max-image-preview:large","max-video-preview":"max-video-preview:-1"},"canonical":"https:\/\/sxflightcase.com\/es_es\/producto\/esquinera-para-maletas-de-carretera-cla804\/","og_locale":"es_ES","og_type":"article","og_title":"Road Case Corner Brace CLA804","og_description":"Road case corner brace, factory direct! High-quality, durable braces designed to reinforce and secure road case corners. Ideal for added stability and protection during heavy-duty transport.","og_url":"https:\/\/sxflightcase.com\/es_es\/producto\/esquinera-para-maletas-de-carretera-cla804\/","og_site_name":"https:\/\/sxflightcase.com","article_publisher":"https:\/\/www.facebook.com\/profile.php?id=61560407257971","article_modified_time":"2024-08-27T02:50:32+00:00","og_image":[{"width":700,"height":700,"url":"https:\/\/sxflightcase.com\/wp-content\/uploads\/2024\/08\/CLA804.jpg","type":"image\/jpeg"}],"twitter_card":"summary_large_image","twitter_misc":{"Tiempo de lectura":"3 minutos"},"schema":{"@context":"https:\/\/schema.org","@graph":[{"@type":"WebPage","@id":"https:\/\/sxflightcase.com\/product\/road-case-corner-brace-cla804\/","url":"https:\/\/sxflightcase.com\/product\/road-case-corner-brace-cla804\/","name":"Road Case Corner Brace CLA804 - https:\/\/sxflightcase.com \ud83d\udc97","isPartOf":{"@id":"https:\/\/sxflightcase.com\/th\/#website"},"primaryImageOfPage":{"@id":"https:\/\/sxflightcase.com\/product\/road-case-corner-brace-cla804\/#primaryimage"},"image":{"@id":"https:\/\/sxflightcase.com\/product\/road-case-corner-brace-cla804\/#primaryimage"},"thumbnailUrl":"https:\/\/sxflightcase.com\/wp-content\/uploads\/2024\/08\/CLA804.jpg","datePublished":"2024-08-27T02:50:31+00:00","dateModified":"2024-08-27T02:50:32+00:00","description":"Refuerzo de esquinas para maletas de carretera, \u00a1directo de f\u00e1brica! Soportes duraderos de alta calidad dise\u00f1ados para reforzar y asegurar las esquinas de las maletas de carretera. Ideal para una mayor estabilidad y protecci\u00f3n durante el transporte de alta resistencia.","breadcrumb":{"@id":"https:\/\/sxflightcase.com\/product\/road-case-corner-brace-cla804\/#breadcrumb"},"inLanguage":"es","potentialAction":[{"@type":"ReadAction","target":["https:\/\/sxflightcase.com\/product\/road-case-corner-brace-cla804\/"]}]},{"@type":"ImageObject","inLanguage":"es","@id":"https:\/\/sxflightcase.com\/product\/road-case-corner-brace-cla804\/#primaryimage","url":"https:\/\/sxflightcase.com\/wp-content\/uploads\/2024\/08\/CLA804.jpg","contentUrl":"https:\/\/sxflightcase.com\/wp-content\/uploads\/2024\/08\/CLA804.jpg","width":700,"height":700,"caption":"Road Case Corner Brace"},{"@type":"BreadcrumbList","@id":"https:\/\/sxflightcase.com\/product\/road-case-corner-brace-cla804\/#breadcrumb","itemListElement":[{"@type":"ListItem","position":1,"name":"Home","item":"https:\/\/sxflightcase.com\/"},{"@type":"ListItem","position":2,"name":"\u0e2a\u0e34\u0e19\u0e04\u0e49\u0e32","item":"https:\/\/sxflightcase.com\/th\/shop\/"},{"@type":"ListItem","position":3,"name":"Road Case Corner Brace CLA804"}]},{"@type":"WebSite","@id":"https:\/\/sxflightcase.com\/th\/#website","url":"https:\/\/sxflightcase.com\/th\/","name":"es.sxpowercase.com","description":"F\u00e1brica de flightcases","publisher":{"@id":"https:\/\/sxflightcase.com\/th\/#organization"},"potentialAction":[{"@type":"SearchAction","target":{"@type":"EntryPoint","urlTemplate":"https:\/\/sxflightcase.com\/th\/?s={search_term_string}"},"query-input":{"@type":"PropertyValueSpecification","valueRequired":true,"valueName":"search_term_string"}}],"inLanguage":"es"},{"@type":"Organization","@id":"https:\/\/sxflightcase.com\/th\/#organization","name":"es.sxpowercase.com","url":"https:\/\/sxflightcase.com\/th\/","logo":{"@type":"ImageObject","inLanguage":"es","@id":"https:\/\/sxflightcase.com\/th\/#\/schema\/logo\/image\/","url":"https:\/\/sxflightcase.com\/wp-content\/uploads\/2024\/04\/1713919036007.jpg","contentUrl":"https:\/\/sxflightcase.com\/wp-content\/uploads\/2024\/04\/1713919036007.jpg","width":382,"height":388,"caption":"sxpowercase.com"},"image":{"@id":"https:\/\/sxflightcase.com\/th\/#\/schema\/logo\/image\/"},"sameAs":["https:\/\/www.facebook.com\/profile.php?id=61560407257971"],"numberOfEmployees":{"@type":"QuantitativeValue","minValue":"11","maxValue":"50"}}]}},"_links":{"self":[{"href":"https:\/\/sxflightcase.com\/es_es\/wp-json\/wp\/v2\/product\/4225","targetHints":{"allow":["GET"]}}],"collection":[{"href":"https:\/\/sxflightcase.com\/es_es\/wp-json\/wp\/v2\/product"}],"about":[{"href":"https:\/\/sxflightcase.com\/es_es\/wp-json\/wp\/v2\/types\/product"}],"replies":[{"embeddable":true,"href":"https:\/\/sxflightcase.com\/es_es\/wp-json\/wp\/v2\/comments?post=4225"}],"version-history":[{"count":0,"href":"https:\/\/sxflightcase.com\/es_es\/wp-json\/wp\/v2\/product\/4225\/revisions"}],"wp:featuredmedia":[{"embeddable":true,"href":"https:\/\/sxflightcase.com\/es_es\/wp-json\/wp\/v2\/media\/4189"}],"wp:attachment":[{"href":"https:\/\/sxflightcase.com\/es_es\/wp-json\/wp\/v2\/media?parent=4225"}],"wp:term":[{"taxonomy":"product_brand","embeddable":true,"href":"https:\/\/sxflightcase.com\/es_es\/wp-json\/wp\/v2\/product_brand?post=4225"},{"taxonomy":"product_cat","embeddable":true,"href":"https:\/\/sxflightcase.com\/es_es\/wp-json\/wp\/v2\/product_cat?post=4225"},{"taxonomy":"product_tag","embeddable":true,"href":"https:\/\/sxflightcase.com\/es_es\/wp-json\/wp\/v2\/product_tag?post=4225"}],"curies":[{"name":"wp","href":"https:\/\/api.w.org\/{rel}","templated":true}]}}