{"id":4313,"date":"2024-09-06T07:42:52","date_gmt":"2024-09-06T06:42:52","guid":{"rendered":"https:\/\/sxpowercase.com\/?post_type=product&#038;p=4313"},"modified":"2024-09-06T07:42:53","modified_gmt":"2024-09-06T06:42:53","slug":"rack-rail-pair-raa402","status":"publish","type":"product","link":"https:\/\/sxflightcase.com\/es_es\/producto\/rack-rail-pair-raa402\/","title":{"rendered":"Par de ra\u00edles RAA402"},"content":{"rendered":"<h3>Asegure su equipo con el par de ra\u00edles para rack SX<\/h3>\n<p>Cuando se trata de montar su equipo de forma segura, el <a href=\"https:\/\/sxpowercase.com\/product\/punched-rack-panel-raa401\/\"><strong>Par de ra\u00edles SX<\/strong><\/a> es la elecci\u00f3n ideal. Dise\u00f1ado para ofrecer un fuerte soporte, este producto garantiza que su equipo est\u00e9 instalado de forma segura, proporcionando estabilidad y fiabilidad. <strong>SX<\/strong> ofrece esta soluci\u00f3n a precios directos de f\u00e1brica, lo que le garantiza una alta calidad sin un coste elevado.<\/p>\n<h3>Material de alta calidad para un rendimiento duradero<\/h3>\n<p>Nuestra <strong>Par de ra\u00edles<\/strong> est\u00e1 fabricado con materiales duraderos de alta calidad, lo que garantiza un rendimiento duradero. Tanto si se instala en un estudio profesional como en una oficina dom\u00e9stica, estos ra\u00edles est\u00e1n fabricados para soportar un uso intensivo. En <strong><a href=\"https:\/\/sxpowercase.com\/\" target=\"_blank\" rel=\"noopener\" title=\"SX\" data-wpil-monitor-id=\"728\">SX<\/a><\/strong>, damos prioridad a la garant\u00eda de calidad para asegurarnos de que nuestros productos cumplen las estrictas normas del sector.<\/p>\n<h3>F\u00e1cil instalaci\u00f3n y versatilidad<\/h3>\n<p>El <strong>Par de ra\u00edles SX<\/strong> est\u00e1 dise\u00f1ado para una instalaci\u00f3n r\u00e1pida y sencilla, adapt\u00e1ndose a la mayor\u00eda de los sistemas de rack. Su dise\u00f1o vers\u00e1til le permite alojar una amplia gama de dispositivos, por lo que es la soluci\u00f3n perfecta para cualquier configuraci\u00f3n. Gracias a su ingenier\u00eda de precisi\u00f3n, puede instalarlo con facilidad, ahorrando tiempo y esfuerzo.<\/p>\n<h3>Precios directos de f\u00e1brica para obtener el m\u00e1ximo valor<\/h3>\n<p>En <strong>SX<\/strong>Creemos en ofrecer productos de primera calidad a precios competitivos. Nuestra <strong>Par de ra\u00edles<\/strong> procede directamente de nuestra f\u00e1brica, lo que elimina intermediarios y nos permite repercutir el ahorro en usted. Esto significa que obtendr\u00e1 una calidad superior a un precio asequible, lo que hace que <strong>SX<\/strong> la opci\u00f3n preferida de los compradores con un presupuesto ajustado.<\/p>\n<h3>Fiabilidad de confianza<\/h3>\n<p>Con el <strong>Par de ra\u00edles SX<\/strong>puede contar con un rendimiento fiable en todo momento. Tanto si est\u00e1 montando servidores pesados, equipos de audio u otros dispositivos, estos ra\u00edles le proporcionan el soporte que necesita. Dise\u00f1ados para un ajuste seguro y un movimiento m\u00ednimo, ayudan a proteger sus valiosos equipos.<\/p>\n<h3>Ideal para cualquier entorno<\/h3>\n<p>Desde centros de datos a estudios de grabaci\u00f3n, la <strong>Pares de ra\u00edles SX<\/strong> ofrece una funcionalidad vers\u00e1til. Su dise\u00f1o robusto y su f\u00e1cil adaptabilidad lo hacen adecuado para una gran variedad de aplicaciones. Independientemente de d\u00f3nde los utilice, estos ra\u00edles ofrecen el equilibrio perfecto entre asequibilidad y durabilidad.<\/p>\n<h3>Calidad fiable<\/h3>\n<p>En <strong>SX<\/strong>Nos comprometemos a ofrecerle productos en los que pueda confiar. Cada <strong>Pares de ra\u00edles<\/strong> se somete a estrictos controles de calidad antes de salir de nuestra f\u00e1brica, lo que le garantiza que recibir\u00e1 un producto que superar\u00e1 sus expectativas. Con <strong>SX<\/strong>con la confianza de un trabajo artesanal de calidad a un precio asequible.<\/p>\n<p>Actualice su rack de equipos con el <strong>Pares de ra\u00edles SX<\/strong> y disfrute de funciones de primera calidad, garant\u00eda de calidad y un valor inmejorable, todo ello de una marca en la que puede confiar.<\/p>\n<p>P\u00f3ngase en contacto con nosotros:<span style=\"color: #0000ff;\"><a style=\"color: #0000ff;\" href=\"https:\/\/sxpowercase.com\/contact-us\/\">https:\/\/sxpowercase.com\/<\/a><\/span><\/p>\n<p>Cat\u00e1logo de productos de hardware\uff1a<span style=\"color: #3366ff;\"><a style=\"color: #3366ff;\" href=\"https:\/\/sxpowercase.com\/wp-content\/uploads\/2024\/07\/\u4e94\u91d1.pdf\">Cat\u00e1logo de accesorios de ferreter\u00eda<\/a><\/span><\/p>","protected":false},"excerpt":{"rendered":"<h3>Asegure su instalaci\u00f3n con el par de ra\u00edles para rack SX<\/h3>\n<p>El par de ra\u00edles para rack SX ofrece un soporte fiable y estable para montar su equipo de forma segura, garantizando un rendimiento duradero a precios directos de f\u00e1brica.<\/p>\n<h3>Construcci\u00f3n duradera para uso intensivo<\/h3>\n<p>Fabricado con materiales de alta calidad, el par de ra\u00edles de estanter\u00eda SX est\u00e1 dise\u00f1ado para soportar cargas pesadas, por lo que es perfecto para estudios profesionales u oficinas dom\u00e9sticas.<\/p>\n<h3>F\u00e1cil instalaci\u00f3n y m\u00e1ximo valor<\/h3>\n<p>Con una instalaci\u00f3n r\u00e1pida y un dise\u00f1o vers\u00e1til, el par de ra\u00edles para rack SX se adapta a la mayor\u00eda de los sistemas de rack. Disfrute de la m\u00e1xima calidad a precios asequibles directos de f\u00e1brica.<\/p>","protected":false},"featured_media":4274,"comment_status":"open","ping_status":"closed","template":"","meta":[],"product_brand":[],"product_cat":[66],"product_tag":[],"class_list":{"0":"post-4313","1":"product","2":"type-product","3":"status-publish","4":"has-post-thumbnail","6":"product_cat-rack-hardware","8":"first","9":"instock","10":"shipping-taxable","11":"product-type-simple"},"yoast_head":"<!-- This site is optimized with the Yoast SEO Premium plugin v27.1 (Yoast SEO v27.2) - https:\/\/yoast.com\/product\/yoast-seo-premium-wordpress\/ -->\n<title>Rack Rail Pair RAA402 - https:\/\/sxflightcase.com \ud83d\udc97<\/title>\n<meta name=\"description\" content=\"Rack rail pair, factory direct! High-quality, durable rails designed for secure mounting of rack equipment. Ideal for professional setups in cases, server racks, and more.\" \/>\n<meta name=\"robots\" content=\"index, follow, max-snippet:-1, max-image-preview:large, max-video-preview:-1\" \/>\n<link rel=\"canonical\" href=\"https:\/\/sxflightcase.com\/es_es\/produk\/pasangan-rel-rak-raa402-2\/\" \/>\n<meta property=\"og:locale\" content=\"es_ES\" \/>\n<meta property=\"og:type\" content=\"article\" \/>\n<meta property=\"og:title\" content=\"Rack Rail Pair RAA402\" \/>\n<meta property=\"og:description\" content=\"Rack rail pair, factory direct! High-quality, durable rails designed for secure mounting of rack equipment. Ideal for professional setups in cases, server racks, and more.\" \/>\n<meta property=\"og:url\" content=\"https:\/\/sxflightcase.com\/es_es\/produk\/pasangan-rel-rak-raa402-2\/\" \/>\n<meta property=\"og:site_name\" content=\"https:\/\/sxflightcase.com\" \/>\n<meta property=\"article:publisher\" content=\"https:\/\/www.facebook.com\/profile.php?id=61560407257971\" \/>\n<meta property=\"article:modified_time\" content=\"2024-09-06T06:42:53+00:00\" \/>\n<meta property=\"og:image\" content=\"https:\/\/sxflightcase.com\/wp-content\/uploads\/2024\/09\/RAA402.jpg\" \/>\n\t<meta property=\"og:image:width\" content=\"700\" \/>\n\t<meta property=\"og:image:height\" content=\"700\" \/>\n\t<meta property=\"og:image:type\" content=\"image\/jpeg\" \/>\n<meta name=\"twitter:card\" content=\"summary_large_image\" \/>\n<meta name=\"twitter:label1\" content=\"Tiempo de lectura\" \/>\n\t<meta name=\"twitter:data1\" content=\"3 minutos\" \/>\n<script type=\"application\/ld+json\" class=\"yoast-schema-graph\">{\"@context\":\"https:\/\/schema.org\",\"@graph\":[{\"@type\":\"WebPage\",\"@id\":\"https:\/\/sxflightcase.com\/id\/produk\/pasangan-rel-rak-raa402-2\/\",\"url\":\"https:\/\/sxflightcase.com\/id\/produk\/pasangan-rel-rak-raa402-2\/\",\"name\":\"Rack Rail Pair RAA402 - https:\/\/sxflightcase.com \ud83d\udc97\",\"isPartOf\":{\"@id\":\"https:\/\/sxflightcase.com\/th\/#website\"},\"primaryImageOfPage\":{\"@id\":\"https:\/\/sxflightcase.com\/id\/produk\/pasangan-rel-rak-raa402-2\/#primaryimage\"},\"image\":{\"@id\":\"https:\/\/sxflightcase.com\/id\/produk\/pasangan-rel-rak-raa402-2\/#primaryimage\"},\"thumbnailUrl\":\"https:\/\/sxflightcase.com\/wp-content\/uploads\/2024\/09\/RAA402.jpg\",\"datePublished\":\"2024-09-06T06:42:52+00:00\",\"dateModified\":\"2024-09-06T06:42:53+00:00\",\"description\":\"Rack rail pair, factory direct! High-quality, durable rails designed for secure mounting of rack equipment. Ideal for professional setups in cases, server racks, and more.\",\"breadcrumb\":{\"@id\":\"https:\/\/sxflightcase.com\/id\/produk\/pasangan-rel-rak-raa402-2\/#breadcrumb\"},\"inLanguage\":\"es\",\"potentialAction\":[{\"@type\":\"ReadAction\",\"target\":[\"https:\/\/sxflightcase.com\/id\/produk\/pasangan-rel-rak-raa402-2\/\"]}]},{\"@type\":\"ImageObject\",\"inLanguage\":\"es\",\"@id\":\"https:\/\/sxflightcase.com\/id\/produk\/pasangan-rel-rak-raa402-2\/#primaryimage\",\"url\":\"https:\/\/sxflightcase.com\/wp-content\/uploads\/2024\/09\/RAA402.jpg\",\"contentUrl\":\"https:\/\/sxflightcase.com\/wp-content\/uploads\/2024\/09\/RAA402.jpg\",\"width\":700,\"height\":700,\"caption\":\"Rack Rail Pair\"},{\"@type\":\"BreadcrumbList\",\"@id\":\"https:\/\/sxflightcase.com\/id\/produk\/pasangan-rel-rak-raa402-2\/#breadcrumb\",\"itemListElement\":[{\"@type\":\"ListItem\",\"position\":1,\"name\":\"Home\",\"item\":\"https:\/\/sxflightcase.com\/\"},{\"@type\":\"ListItem\",\"position\":2,\"name\":\"\u0e2a\u0e34\u0e19\u0e04\u0e49\u0e32\",\"item\":\"https:\/\/sxflightcase.com\/th\/shop\/\"},{\"@type\":\"ListItem\",\"position\":3,\"name\":\"Rack Rail Pair RAA402\"}]},{\"@type\":\"WebSite\",\"@id\":\"https:\/\/sxflightcase.com\/th\/#website\",\"url\":\"https:\/\/sxflightcase.com\/th\/\",\"name\":\"sxpowercase.com\",\"description\":\"Flight Case Factory\",\"publisher\":{\"@id\":\"https:\/\/sxflightcase.com\/th\/#organization\"},\"potentialAction\":[{\"@type\":\"SearchAction\",\"target\":{\"@type\":\"EntryPoint\",\"urlTemplate\":\"https:\/\/sxflightcase.com\/th\/?s={search_term_string}\"},\"query-input\":{\"@type\":\"PropertyValueSpecification\",\"valueRequired\":true,\"valueName\":\"search_term_string\"}}],\"inLanguage\":\"es\"},{\"@type\":\"Organization\",\"@id\":\"https:\/\/sxflightcase.com\/th\/#organization\",\"name\":\"sxpowercase.com\",\"url\":\"https:\/\/sxflightcase.com\/th\/\",\"logo\":{\"@type\":\"ImageObject\",\"inLanguage\":\"es\",\"@id\":\"https:\/\/sxflightcase.com\/th\/#\/schema\/logo\/image\/\",\"url\":\"https:\/\/sxflightcase.com\/wp-content\/uploads\/2024\/04\/1713919036007.jpg\",\"contentUrl\":\"https:\/\/sxflightcase.com\/wp-content\/uploads\/2024\/04\/1713919036007.jpg\",\"width\":382,\"height\":388,\"caption\":\"sxpowercase.com\"},\"image\":{\"@id\":\"https:\/\/sxflightcase.com\/th\/#\/schema\/logo\/image\/\"},\"sameAs\":[\"https:\/\/www.facebook.com\/profile.php?id=61560407257971\"],\"numberOfEmployees\":{\"@type\":\"QuantitativeValue\",\"minValue\":\"11\",\"maxValue\":\"50\"}}]}<\/script>\n<!-- \/ Yoast SEO Premium plugin. -->","yoast_head_json":{"title":"Rack Rail Pair RAA402 - https:\/\/sxflightcase.com \ud83d\udc97","description":"Par de ra\u00edles para rack, \u00a1directos de f\u00e1brica! Rieles duraderos de alta calidad dise\u00f1ados para el montaje seguro de equipos de rack. Ideal para configuraciones profesionales en cajas, bastidores de servidores y mucho m\u00e1s.","robots":{"index":"index","follow":"follow","max-snippet":"max-snippet:-1","max-image-preview":"max-image-preview:large","max-video-preview":"max-video-preview:-1"},"canonical":"https:\/\/sxflightcase.com\/es_es\/produk\/pasangan-rel-rak-raa402-2\/","og_locale":"es_ES","og_type":"article","og_title":"Rack Rail Pair RAA402","og_description":"Rack rail pair, factory direct! High-quality, durable rails designed for secure mounting of rack equipment. Ideal for professional setups in cases, server racks, and more.","og_url":"https:\/\/sxflightcase.com\/es_es\/produk\/pasangan-rel-rak-raa402-2\/","og_site_name":"https:\/\/sxflightcase.com","article_publisher":"https:\/\/www.facebook.com\/profile.php?id=61560407257971","article_modified_time":"2024-09-06T06:42:53+00:00","og_image":[{"width":700,"height":700,"url":"https:\/\/sxflightcase.com\/wp-content\/uploads\/2024\/09\/RAA402.jpg","type":"image\/jpeg"}],"twitter_card":"summary_large_image","twitter_misc":{"Tiempo de lectura":"3 minutos"},"schema":{"@context":"https:\/\/schema.org","@graph":[{"@type":"WebPage","@id":"https:\/\/sxflightcase.com\/id\/produk\/pasangan-rel-rak-raa402-2\/","url":"https:\/\/sxflightcase.com\/id\/produk\/pasangan-rel-rak-raa402-2\/","name":"Rack Rail Pair RAA402 - https:\/\/sxflightcase.com \ud83d\udc97","isPartOf":{"@id":"https:\/\/sxflightcase.com\/th\/#website"},"primaryImageOfPage":{"@id":"https:\/\/sxflightcase.com\/id\/produk\/pasangan-rel-rak-raa402-2\/#primaryimage"},"image":{"@id":"https:\/\/sxflightcase.com\/id\/produk\/pasangan-rel-rak-raa402-2\/#primaryimage"},"thumbnailUrl":"https:\/\/sxflightcase.com\/wp-content\/uploads\/2024\/09\/RAA402.jpg","datePublished":"2024-09-06T06:42:52+00:00","dateModified":"2024-09-06T06:42:53+00:00","description":"Par de ra\u00edles para rack, \u00a1directos de f\u00e1brica! Rieles duraderos de alta calidad dise\u00f1ados para el montaje seguro de equipos de rack. Ideal para configuraciones profesionales en cajas, bastidores de servidores y mucho m\u00e1s.","breadcrumb":{"@id":"https:\/\/sxflightcase.com\/id\/produk\/pasangan-rel-rak-raa402-2\/#breadcrumb"},"inLanguage":"es","potentialAction":[{"@type":"ReadAction","target":["https:\/\/sxflightcase.com\/id\/produk\/pasangan-rel-rak-raa402-2\/"]}]},{"@type":"ImageObject","inLanguage":"es","@id":"https:\/\/sxflightcase.com\/id\/produk\/pasangan-rel-rak-raa402-2\/#primaryimage","url":"https:\/\/sxflightcase.com\/wp-content\/uploads\/2024\/09\/RAA402.jpg","contentUrl":"https:\/\/sxflightcase.com\/wp-content\/uploads\/2024\/09\/RAA402.jpg","width":700,"height":700,"caption":"Rack Rail Pair"},{"@type":"BreadcrumbList","@id":"https:\/\/sxflightcase.com\/id\/produk\/pasangan-rel-rak-raa402-2\/#breadcrumb","itemListElement":[{"@type":"ListItem","position":1,"name":"Home","item":"https:\/\/sxflightcase.com\/"},{"@type":"ListItem","position":2,"name":"\u0e2a\u0e34\u0e19\u0e04\u0e49\u0e32","item":"https:\/\/sxflightcase.com\/th\/shop\/"},{"@type":"ListItem","position":3,"name":"Rack Rail Pair RAA402"}]},{"@type":"WebSite","@id":"https:\/\/sxflightcase.com\/th\/#website","url":"https:\/\/sxflightcase.com\/th\/","name":"es.sxpowercase.com","description":"F\u00e1brica de flightcases","publisher":{"@id":"https:\/\/sxflightcase.com\/th\/#organization"},"potentialAction":[{"@type":"SearchAction","target":{"@type":"EntryPoint","urlTemplate":"https:\/\/sxflightcase.com\/th\/?s={search_term_string}"},"query-input":{"@type":"PropertyValueSpecification","valueRequired":true,"valueName":"search_term_string"}}],"inLanguage":"es"},{"@type":"Organization","@id":"https:\/\/sxflightcase.com\/th\/#organization","name":"es.sxpowercase.com","url":"https:\/\/sxflightcase.com\/th\/","logo":{"@type":"ImageObject","inLanguage":"es","@id":"https:\/\/sxflightcase.com\/th\/#\/schema\/logo\/image\/","url":"https:\/\/sxflightcase.com\/wp-content\/uploads\/2024\/04\/1713919036007.jpg","contentUrl":"https:\/\/sxflightcase.com\/wp-content\/uploads\/2024\/04\/1713919036007.jpg","width":382,"height":388,"caption":"sxpowercase.com"},"image":{"@id":"https:\/\/sxflightcase.com\/th\/#\/schema\/logo\/image\/"},"sameAs":["https:\/\/www.facebook.com\/profile.php?id=61560407257971"],"numberOfEmployees":{"@type":"QuantitativeValue","minValue":"11","maxValue":"50"}}]}},"_links":{"self":[{"href":"https:\/\/sxflightcase.com\/es_es\/wp-json\/wp\/v2\/product\/4313","targetHints":{"allow":["GET"]}}],"collection":[{"href":"https:\/\/sxflightcase.com\/es_es\/wp-json\/wp\/v2\/product"}],"about":[{"href":"https:\/\/sxflightcase.com\/es_es\/wp-json\/wp\/v2\/types\/product"}],"replies":[{"embeddable":true,"href":"https:\/\/sxflightcase.com\/es_es\/wp-json\/wp\/v2\/comments?post=4313"}],"version-history":[{"count":0,"href":"https:\/\/sxflightcase.com\/es_es\/wp-json\/wp\/v2\/product\/4313\/revisions"}],"wp:featuredmedia":[{"embeddable":true,"href":"https:\/\/sxflightcase.com\/es_es\/wp-json\/wp\/v2\/media\/4274"}],"wp:attachment":[{"href":"https:\/\/sxflightcase.com\/es_es\/wp-json\/wp\/v2\/media?parent=4313"}],"wp:term":[{"taxonomy":"product_brand","embeddable":true,"href":"https:\/\/sxflightcase.com\/es_es\/wp-json\/wp\/v2\/product_brand?post=4313"},{"taxonomy":"product_cat","embeddable":true,"href":"https:\/\/sxflightcase.com\/es_es\/wp-json\/wp\/v2\/product_cat?post=4313"},{"taxonomy":"product_tag","embeddable":true,"href":"https:\/\/sxflightcase.com\/es_es\/wp-json\/wp\/v2\/product_tag?post=4313"}],"curies":[{"name":"wp","href":"https:\/\/api.w.org\/{rel}","templated":true}]}}