{"id":4321,"date":"2024-09-09T07:19:35","date_gmt":"2024-09-09T06:19:35","guid":{"rendered":"https:\/\/sxpowercase.com\/?post_type=product&#038;p=4321"},"modified":"2024-09-09T07:19:36","modified_gmt":"2024-09-09T06:19:36","slug":"rack-mounting-rails-rab103","status":"publish","type":"product","link":"https:\/\/sxflightcase.com\/es_es\/producto\/railes-de-montaje-en-bastidor-rab103\/","title":{"rendered":"Rieles de montaje en bastidor RAB103"},"content":{"rendered":"<h3>Rieles de montaje en bastidor SX de calidad superior para cualquier configuraci\u00f3n<\/h3>\n<p>\u00bfBusca una forma fiable y rentable de montar su equipo? <strong>SX <a href=\"https:\/\/sxpowercase.com\/product\/rack-mounting-rails-rab102\/\">Rieles de montaje en bastidor<\/a><\/strong> ofrecen la soluci\u00f3n perfecta para configuraciones profesionales, ya sea en estudios, salas de servidores o espacios industriales. <strong>SX<\/strong> ofrece precios directos de f\u00e1brica, lo que garantiza productos de alta calidad sin costes elevados.<\/p>\n<h3>M\u00e1xima durabilidad<\/h3>\n<p>Cada <strong>Carril de montaje en bastidor<\/strong> de <strong><a href=\"https:\/\/sxpowercase.com\/\" target=\"_blank\" rel=\"noopener\" title=\"SX\" data-wpil-monitor-id=\"732\">SX<\/a><\/strong> est\u00e1 fabricado con materiales robustos, que ofrecen una larga durabilidad incluso con cargas pesadas. Dise\u00f1ados para soportar las condiciones m\u00e1s duras, estos ra\u00edles ofrecen un soporte fiable para todas sus necesidades de montaje. Conf\u00ede en <strong>SX<\/strong> de resistencia y estabilidad en cada producto.<\/p>\n<h3>Instalaci\u00f3n sencilla y adaptabilidad<\/h3>\n<p>Nuestra <strong>Rieles de montaje en bastidor<\/strong> son f\u00e1ciles de instalar y se adaptan a una amplia gama de configuraciones. Ya sea para montar equipos de audio, servidores inform\u00e1ticos o hardware industrial, <strong>SX<\/strong> hacen que el proceso sea fluido y eficaz. Con un dise\u00f1o vers\u00e1til, encajan a la perfecci\u00f3n en cualquier sistema de rack est\u00e1ndar.<\/p>\n<h3>Ahorro directo de f\u00e1brica<\/h3>\n<p>En <strong>SX<\/strong>Ofrecemos precios directos de f\u00e1brica, lo que significa que obtendr\u00e1 una calidad superior a un coste inferior. No hay necesidad de renunciar a la calidad cuando puede acceder a soluciones asequibles directamente desde la fuente. Con <strong>SX<\/strong>encontrar\u00e1 la mejor relaci\u00f3n calidad-precio, garantizada.<\/p>\n<h3>Montaje seguro de equipos<\/h3>\n<p>El <strong>Rieles de montaje en bastidor<\/strong> por <strong>SX<\/strong> proporcionan la estabilidad y seguridad necesarias para equipos pesados o delicados. Puede estar seguro de que sus dispositivos se mantienen firmemente en su sitio, reduciendo el riesgo de ca\u00eddas accidentales o da\u00f1os. Esta fiabilidad garantiza que su valioso equipo permanezca seguro durante su uso.<\/p>\n<h3>Ideal para una gran variedad de aplicaciones<\/h3>\n<p>No importa con qu\u00e9 tipo de configuraci\u00f3n est\u00e9s trabajando, <strong>Rieles de montaje en bastidor SX<\/strong> ofrecen la flexibilidad y resistencia necesarias para soportarlo. Desde centros de datos hasta estudios de radiodifusi\u00f3n, nuestros ra\u00edles est\u00e1n dise\u00f1ados para ser vers\u00e1tiles. Con una reputaci\u00f3n de calidad y resistencia, <strong>SX<\/strong> cuentan con la confianza de profesionales de todo el mundo.<\/p>\n<h3>Garant\u00eda de calidad en la que puede confiar<\/h3>\n<p>En <strong>SX<\/strong>nos comprometemos a ofrecer lo mejor. Cada <strong>Carril de montaje en bastidor<\/strong> se somete a rigurosos controles de calidad para garantizar que cumple las normas m\u00e1s estrictas. Puede estar seguro de que al elegir <strong>SX<\/strong>est\u00e1 invirtiendo en un producto que combina durabilidad, fiabilidad y asequibilidad.<\/p>\n<p>Haga una elecci\u00f3n inteligente para su pr\u00f3ximo proyecto con <strong>Rieles de montaje en bastidor SX<\/strong>-calidad en la que puede confiar a un precio asequible.<\/p>\n<ol>\n<li>P\u00f3ngase en contacto con nosotros:<span style=\"color: #0000ff;\"><a style=\"color: #0000ff;\" href=\"https:\/\/sxpowercase.com\/contact-us\/\">https:\/\/sxpowercase.com\/<\/a><\/span><\/li>\n<li>Cat\u00e1logo de productos de hardware\uff1a<span style=\"color: #3366ff;\"><a style=\"color: #3366ff;\" href=\"https:\/\/sxpowercase.com\/wp-content\/uploads\/2024\/07\/\u4e94\u91d1.pdf\">Cat\u00e1logo de accesorios de ferreter\u00eda<\/a><\/span><\/li>\n<\/ol>","protected":false},"excerpt":{"rendered":"<h3>Asegure sus equipos con los ra\u00edles de montaje en bastidor SX<\/h3>\n<p>Los ra\u00edles de montaje en bastidor SX ofrecen un soporte s\u00f3lido y fiable para su instalaci\u00f3n profesional, garantizando la estabilidad y seguridad de su equipo a precios directos de f\u00e1brica.<\/p>\n<h3>Duradera y hecha para durar<\/h3>\n<p>Fabricados con materiales de primera calidad, los ra\u00edles de montaje en bastidor SX est\u00e1n dise\u00f1ados para soportar un uso intensivo, proporcionando un rendimiento duradero en cualquier entorno.<\/p>\n<h3>F\u00e1cil instalaci\u00f3n y compatibilidad vers\u00e1til<\/h3>\n<p>Compatibles con la mayor\u00eda de los sistemas de rack est\u00e1ndar, los ra\u00edles de montaje en rack SX garantizan una instalaci\u00f3n r\u00e1pida y un soporte adaptable para una amplia gama de equipos.<\/p>","protected":false},"featured_media":4277,"comment_status":"open","ping_status":"closed","template":"","meta":[],"product_brand":[],"product_cat":[66],"product_tag":[],"class_list":{"0":"post-4321","1":"product","2":"type-product","3":"status-publish","4":"has-post-thumbnail","6":"product_cat-rack-hardware","8":"first","9":"instock","10":"shipping-taxable","11":"product-type-simple"},"yoast_head":"<!-- This site is optimized with the Yoast SEO Premium plugin v27.1 (Yoast SEO v27.2) - https:\/\/yoast.com\/product\/yoast-seo-premium-wordpress\/ -->\n<title>Rack Mounting Rails RAB103 - https:\/\/sxflightcase.com \ud83d\udc97<\/title>\n<meta name=\"description\" content=\"Rack mounting rails, factory direct! High-quality, durable rails designed for securely mounting and organizing equipment in racks.\" \/>\n<meta name=\"robots\" content=\"index, follow, max-snippet:-1, max-image-preview:large, max-video-preview:-1\" \/>\n<link rel=\"canonical\" href=\"https:\/\/sxflightcase.com\/es_es\/producto\/railes-de-montaje-en-bastidor-rab103\/\" \/>\n<meta property=\"og:locale\" content=\"es_ES\" \/>\n<meta property=\"og:type\" content=\"article\" \/>\n<meta property=\"og:title\" content=\"Rack Mounting Rails RAB103\" \/>\n<meta property=\"og:description\" content=\"Rack mounting rails, factory direct! High-quality, durable rails designed for securely mounting and organizing equipment in racks.\" \/>\n<meta property=\"og:url\" content=\"https:\/\/sxflightcase.com\/es_es\/producto\/railes-de-montaje-en-bastidor-rab103\/\" \/>\n<meta property=\"og:site_name\" content=\"https:\/\/sxflightcase.com\" \/>\n<meta property=\"article:publisher\" content=\"https:\/\/www.facebook.com\/profile.php?id=61560407257971\" \/>\n<meta property=\"article:modified_time\" content=\"2024-09-09T06:19:36+00:00\" \/>\n<meta property=\"og:image\" content=\"https:\/\/sxflightcase.com\/wp-content\/uploads\/2024\/09\/RAB103.jpg\" \/>\n\t<meta property=\"og:image:width\" content=\"700\" \/>\n\t<meta property=\"og:image:height\" content=\"700\" \/>\n\t<meta property=\"og:image:type\" content=\"image\/jpeg\" \/>\n<meta name=\"twitter:card\" content=\"summary_large_image\" \/>\n<meta name=\"twitter:label1\" content=\"Tiempo de lectura\" \/>\n\t<meta name=\"twitter:data1\" content=\"3 minutos\" \/>\n<script type=\"application\/ld+json\" class=\"yoast-schema-graph\">{\"@context\":\"https:\/\/schema.org\",\"@graph\":[{\"@type\":\"WebPage\",\"@id\":\"https:\/\/sxflightcase.com\/product\/rack-mounting-rails-rab103\/\",\"url\":\"https:\/\/sxflightcase.com\/product\/rack-mounting-rails-rab103\/\",\"name\":\"Rack Mounting Rails RAB103 - https:\/\/sxflightcase.com \ud83d\udc97\",\"isPartOf\":{\"@id\":\"https:\/\/sxflightcase.com\/th\/#website\"},\"primaryImageOfPage\":{\"@id\":\"https:\/\/sxflightcase.com\/product\/rack-mounting-rails-rab103\/#primaryimage\"},\"image\":{\"@id\":\"https:\/\/sxflightcase.com\/product\/rack-mounting-rails-rab103\/#primaryimage\"},\"thumbnailUrl\":\"https:\/\/sxflightcase.com\/wp-content\/uploads\/2024\/09\/RAB103.jpg\",\"datePublished\":\"2024-09-09T06:19:35+00:00\",\"dateModified\":\"2024-09-09T06:19:36+00:00\",\"description\":\"Rack mounting rails, factory direct! High-quality, durable rails designed for securely mounting and organizing equipment in racks.\",\"breadcrumb\":{\"@id\":\"https:\/\/sxflightcase.com\/product\/rack-mounting-rails-rab103\/#breadcrumb\"},\"inLanguage\":\"es\",\"potentialAction\":[{\"@type\":\"ReadAction\",\"target\":[\"https:\/\/sxflightcase.com\/product\/rack-mounting-rails-rab103\/\"]}]},{\"@type\":\"ImageObject\",\"inLanguage\":\"es\",\"@id\":\"https:\/\/sxflightcase.com\/product\/rack-mounting-rails-rab103\/#primaryimage\",\"url\":\"https:\/\/sxflightcase.com\/wp-content\/uploads\/2024\/09\/RAB103.jpg\",\"contentUrl\":\"https:\/\/sxflightcase.com\/wp-content\/uploads\/2024\/09\/RAB103.jpg\",\"width\":700,\"height\":700,\"caption\":\"Rack Mounting Rails\"},{\"@type\":\"BreadcrumbList\",\"@id\":\"https:\/\/sxflightcase.com\/product\/rack-mounting-rails-rab103\/#breadcrumb\",\"itemListElement\":[{\"@type\":\"ListItem\",\"position\":1,\"name\":\"Home\",\"item\":\"https:\/\/sxflightcase.com\/\"},{\"@type\":\"ListItem\",\"position\":2,\"name\":\"\u0e2a\u0e34\u0e19\u0e04\u0e49\u0e32\",\"item\":\"https:\/\/sxflightcase.com\/th\/shop\/\"},{\"@type\":\"ListItem\",\"position\":3,\"name\":\"Rack Mounting Rails RAB103\"}]},{\"@type\":\"WebSite\",\"@id\":\"https:\/\/sxflightcase.com\/th\/#website\",\"url\":\"https:\/\/sxflightcase.com\/th\/\",\"name\":\"sxpowercase.com\",\"description\":\"Flight Case Factory\",\"publisher\":{\"@id\":\"https:\/\/sxflightcase.com\/th\/#organization\"},\"potentialAction\":[{\"@type\":\"SearchAction\",\"target\":{\"@type\":\"EntryPoint\",\"urlTemplate\":\"https:\/\/sxflightcase.com\/th\/?s={search_term_string}\"},\"query-input\":{\"@type\":\"PropertyValueSpecification\",\"valueRequired\":true,\"valueName\":\"search_term_string\"}}],\"inLanguage\":\"es\"},{\"@type\":\"Organization\",\"@id\":\"https:\/\/sxflightcase.com\/th\/#organization\",\"name\":\"sxpowercase.com\",\"url\":\"https:\/\/sxflightcase.com\/th\/\",\"logo\":{\"@type\":\"ImageObject\",\"inLanguage\":\"es\",\"@id\":\"https:\/\/sxflightcase.com\/th\/#\/schema\/logo\/image\/\",\"url\":\"https:\/\/sxflightcase.com\/wp-content\/uploads\/2024\/04\/1713919036007.jpg\",\"contentUrl\":\"https:\/\/sxflightcase.com\/wp-content\/uploads\/2024\/04\/1713919036007.jpg\",\"width\":382,\"height\":388,\"caption\":\"sxpowercase.com\"},\"image\":{\"@id\":\"https:\/\/sxflightcase.com\/th\/#\/schema\/logo\/image\/\"},\"sameAs\":[\"https:\/\/www.facebook.com\/profile.php?id=61560407257971\"],\"numberOfEmployees\":{\"@type\":\"QuantitativeValue\",\"minValue\":\"11\",\"maxValue\":\"50\"}}]}<\/script>\n<!-- \/ Yoast SEO Premium plugin. -->","yoast_head_json":{"title":"Rack Mounting Rails RAB103 - https:\/\/sxflightcase.com \ud83d\udc97","description":"Rieles de montaje en bastidor, \u00a1directos de f\u00e1brica! Rieles duraderos de alta calidad dise\u00f1ados para montar y organizar equipos en bastidores de forma segura.","robots":{"index":"index","follow":"follow","max-snippet":"max-snippet:-1","max-image-preview":"max-image-preview:large","max-video-preview":"max-video-preview:-1"},"canonical":"https:\/\/sxflightcase.com\/es_es\/producto\/railes-de-montaje-en-bastidor-rab103\/","og_locale":"es_ES","og_type":"article","og_title":"Rack Mounting Rails RAB103","og_description":"Rack mounting rails, factory direct! High-quality, durable rails designed for securely mounting and organizing equipment in racks.","og_url":"https:\/\/sxflightcase.com\/es_es\/producto\/railes-de-montaje-en-bastidor-rab103\/","og_site_name":"https:\/\/sxflightcase.com","article_publisher":"https:\/\/www.facebook.com\/profile.php?id=61560407257971","article_modified_time":"2024-09-09T06:19:36+00:00","og_image":[{"width":700,"height":700,"url":"https:\/\/sxflightcase.com\/wp-content\/uploads\/2024\/09\/RAB103.jpg","type":"image\/jpeg"}],"twitter_card":"summary_large_image","twitter_misc":{"Tiempo de lectura":"3 minutos"},"schema":{"@context":"https:\/\/schema.org","@graph":[{"@type":"WebPage","@id":"https:\/\/sxflightcase.com\/product\/rack-mounting-rails-rab103\/","url":"https:\/\/sxflightcase.com\/product\/rack-mounting-rails-rab103\/","name":"Rack Mounting Rails RAB103 - https:\/\/sxflightcase.com \ud83d\udc97","isPartOf":{"@id":"https:\/\/sxflightcase.com\/th\/#website"},"primaryImageOfPage":{"@id":"https:\/\/sxflightcase.com\/product\/rack-mounting-rails-rab103\/#primaryimage"},"image":{"@id":"https:\/\/sxflightcase.com\/product\/rack-mounting-rails-rab103\/#primaryimage"},"thumbnailUrl":"https:\/\/sxflightcase.com\/wp-content\/uploads\/2024\/09\/RAB103.jpg","datePublished":"2024-09-09T06:19:35+00:00","dateModified":"2024-09-09T06:19:36+00:00","description":"Rieles de montaje en bastidor, \u00a1directos de f\u00e1brica! Rieles duraderos de alta calidad dise\u00f1ados para montar y organizar equipos en bastidores de forma segura.","breadcrumb":{"@id":"https:\/\/sxflightcase.com\/product\/rack-mounting-rails-rab103\/#breadcrumb"},"inLanguage":"es","potentialAction":[{"@type":"ReadAction","target":["https:\/\/sxflightcase.com\/product\/rack-mounting-rails-rab103\/"]}]},{"@type":"ImageObject","inLanguage":"es","@id":"https:\/\/sxflightcase.com\/product\/rack-mounting-rails-rab103\/#primaryimage","url":"https:\/\/sxflightcase.com\/wp-content\/uploads\/2024\/09\/RAB103.jpg","contentUrl":"https:\/\/sxflightcase.com\/wp-content\/uploads\/2024\/09\/RAB103.jpg","width":700,"height":700,"caption":"Rack Mounting Rails"},{"@type":"BreadcrumbList","@id":"https:\/\/sxflightcase.com\/product\/rack-mounting-rails-rab103\/#breadcrumb","itemListElement":[{"@type":"ListItem","position":1,"name":"Home","item":"https:\/\/sxflightcase.com\/"},{"@type":"ListItem","position":2,"name":"\u0e2a\u0e34\u0e19\u0e04\u0e49\u0e32","item":"https:\/\/sxflightcase.com\/th\/shop\/"},{"@type":"ListItem","position":3,"name":"Rack Mounting Rails RAB103"}]},{"@type":"WebSite","@id":"https:\/\/sxflightcase.com\/th\/#website","url":"https:\/\/sxflightcase.com\/th\/","name":"es.sxpowercase.com","description":"F\u00e1brica de flightcases","publisher":{"@id":"https:\/\/sxflightcase.com\/th\/#organization"},"potentialAction":[{"@type":"SearchAction","target":{"@type":"EntryPoint","urlTemplate":"https:\/\/sxflightcase.com\/th\/?s={search_term_string}"},"query-input":{"@type":"PropertyValueSpecification","valueRequired":true,"valueName":"search_term_string"}}],"inLanguage":"es"},{"@type":"Organization","@id":"https:\/\/sxflightcase.com\/th\/#organization","name":"es.sxpowercase.com","url":"https:\/\/sxflightcase.com\/th\/","logo":{"@type":"ImageObject","inLanguage":"es","@id":"https:\/\/sxflightcase.com\/th\/#\/schema\/logo\/image\/","url":"https:\/\/sxflightcase.com\/wp-content\/uploads\/2024\/04\/1713919036007.jpg","contentUrl":"https:\/\/sxflightcase.com\/wp-content\/uploads\/2024\/04\/1713919036007.jpg","width":382,"height":388,"caption":"sxpowercase.com"},"image":{"@id":"https:\/\/sxflightcase.com\/th\/#\/schema\/logo\/image\/"},"sameAs":["https:\/\/www.facebook.com\/profile.php?id=61560407257971"],"numberOfEmployees":{"@type":"QuantitativeValue","minValue":"11","maxValue":"50"}}]}},"_links":{"self":[{"href":"https:\/\/sxflightcase.com\/es_es\/wp-json\/wp\/v2\/product\/4321","targetHints":{"allow":["GET"]}}],"collection":[{"href":"https:\/\/sxflightcase.com\/es_es\/wp-json\/wp\/v2\/product"}],"about":[{"href":"https:\/\/sxflightcase.com\/es_es\/wp-json\/wp\/v2\/types\/product"}],"replies":[{"embeddable":true,"href":"https:\/\/sxflightcase.com\/es_es\/wp-json\/wp\/v2\/comments?post=4321"}],"version-history":[{"count":0,"href":"https:\/\/sxflightcase.com\/es_es\/wp-json\/wp\/v2\/product\/4321\/revisions"}],"wp:featuredmedia":[{"embeddable":true,"href":"https:\/\/sxflightcase.com\/es_es\/wp-json\/wp\/v2\/media\/4277"}],"wp:attachment":[{"href":"https:\/\/sxflightcase.com\/es_es\/wp-json\/wp\/v2\/media?parent=4321"}],"wp:term":[{"taxonomy":"product_brand","embeddable":true,"href":"https:\/\/sxflightcase.com\/es_es\/wp-json\/wp\/v2\/product_brand?post=4321"},{"taxonomy":"product_cat","embeddable":true,"href":"https:\/\/sxflightcase.com\/es_es\/wp-json\/wp\/v2\/product_cat?post=4321"},{"taxonomy":"product_tag","embeddable":true,"href":"https:\/\/sxflightcase.com\/es_es\/wp-json\/wp\/v2\/product_tag?post=4321"}],"curies":[{"name":"wp","href":"https:\/\/api.w.org\/{rel}","templated":true}]}}