{"id":4334,"date":"2024-09-10T07:25:20","date_gmt":"2024-09-10T06:25:20","guid":{"rendered":"https:\/\/sxpowercase.com\/?post_type=product&#038;p=4334"},"modified":"2024-09-10T07:25:21","modified_gmt":"2024-09-10T06:25:21","slug":"rack-panel-rab203","status":"publish","type":"product","link":"https:\/\/sxflightcase.com\/es_es\/producto\/panel-rack-rab203-2\/","title":{"rendered":"Panel Rack RAB203"},"content":{"rendered":"<h3>Paneles de estanter\u00eda de primera calidad de SX para todas sus necesidades<\/h3>\n<p>Buscando un <span style=\"color: #0000ff;\"><a style=\"color: #0000ff;\" href=\"https:\/\/sxpowercase.com\/product\/equipment-rack-plate-rab202\/\"><strong>Panel<\/strong><\/a><\/span> \u00bfa un precio asequible? <strong>SX<\/strong> ofrece soluciones de m\u00e1xima calidad directamente de f\u00e1brica. Nuestro <strong>Paneles de estanter\u00eda<\/strong> est\u00e1n dise\u00f1ados para satisfacer sus necesidades, tanto si est\u00e1 instalando un nuevo sistema como actualizando el que ya tiene.<\/p>\n<h3>Materiales de alta calidad para una m\u00e1xima durabilidad<\/h3>\n<p>Nuestra <strong>Paneles de estanter\u00eda<\/strong> est\u00e1n fabricados con materiales de alta calidad para garantizar su durabilidad y resistencia. Con <strong><a href=\"https:\/\/sxpowercase.com\/\" target=\"_blank\" rel=\"noopener\" title=\"SX\" data-wpil-monitor-id=\"736\">SX<\/a><\/strong> obtendr\u00e1 un panel que no s\u00f3lo tiene un aspecto magn\u00edfico, sino que tambi\u00e9n resiste las exigencias de los entornos profesionales. La calidad est\u00e1 garantizada y, gracias a nuestros precios directos de f\u00e1brica, no tendr\u00e1 que gastarse un dineral.<\/p>\n<h3>F\u00e1cil instalaci\u00f3n y versatilidad<\/h3>\n<p>El <strong>Panel de rack SX<\/strong> est\u00e1 dise\u00f1ado para una instalaci\u00f3n sencilla y un uso vers\u00e1til. Tanto si va a montar servidores como equipos de audio u otro hardware, nuestros paneles encajan a la perfecci\u00f3n en bastidores est\u00e1ndar, por lo que la instalaci\u00f3n es r\u00e1pida y sencilla. Esto garantiza una experiencia sin complicaciones y un acabado profesional en todo momento.<\/p>\n<h3>Precios directos de f\u00e1brica para un gran valor<\/h3>\n<p>En <strong>SX<\/strong>ofrecemos nuestro <strong>Paneles de estanter\u00eda<\/strong> directamente de f\u00e1brica, lo que significa que se beneficiar\u00e1 de precios m\u00e1s bajos sin comprometer la calidad. Nuestro enfoque directo al cliente le garantiza un valor excepcional, lo que le permite equipar su rack con paneles de primera calidad por una fracci\u00f3n del coste.<\/p>\n<h3>Aplicaciones vers\u00e1tiles para distintas necesidades<\/h3>\n<p>El <strong>Panel de rack SX<\/strong> es perfecto para una amplia gama de aplicaciones, desde bastidores de servidores hasta instalaciones audiovisuales. Su dise\u00f1o se adapta a diversas necesidades de montaje, lo que lo convierte en una opci\u00f3n vers\u00e1til para cualquier configuraci\u00f3n profesional o industrial. Esta flexibilidad hace de nuestros paneles una inversi\u00f3n inteligente para cualquier organizaci\u00f3n de equipos.<\/p>\n<h3>Garant\u00eda de calidad rigurosa para su tranquilidad<\/h3>\n<p>Cada <strong>Panel<\/strong> de <strong>SX<\/strong> se somete a exhaustivos controles de calidad para garantizar que cumple nuestros elevados est\u00e1ndares. Nos enorgullecemos de ofrecer productos fiables y duraderos. Si elige <strong>SX<\/strong>, usted elige la tranquilidad de saber que su equipo est\u00e1 montado de forma segura.<\/p>\n<h3>Con la confianza de los profesionales de la industria<\/h3>\n<p>Nuestra <strong>Paneles de estanter\u00eda<\/strong> cuentan con la confianza de los profesionales del sector por su fiabilidad y rendimiento. <strong>SX<\/strong> se ha forjado una reputaci\u00f3n por ofrecer productos de calidad que rinden bajo presi\u00f3n. Tanto si est\u00e1 equipando un estudio como un centro de datos, nuestros paneles ofrecen la soluci\u00f3n fiable que necesita.<\/p>\n<p>Para la prima <strong>Paneles de estanter\u00eda<\/strong> que combinen calidad, asequibilidad y facilidad de uso, no busque m\u00e1s. <strong>SX<\/strong>. Nuestro enfoque directo de f\u00e1brica le garantiza el mejor producto al mejor precio. Elija <strong>SX<\/strong> para todas sus necesidades de montaje en bastidor.<\/p>\n<ol>\n<li>P\u00f3ngase en contacto con nosotros:<span style=\"color: #0000ff;\"><a style=\"color: #0000ff;\" href=\"https:\/\/sxpowercase.com\/contact-us\/\">https:\/\/sxpowercase.com\/<\/a><\/span><\/li>\n<li>Cat\u00e1logo de productos de hardware\uff1a<span style=\"color: #0000ff;\"><a style=\"color: #0000ff;\" href=\"https:\/\/sxpowercase.com\/wp-content\/uploads\/2024\/07\/\u4e94\u91d1.pdf\">Cat\u00e1logo de accesorios de ferreter\u00eda<\/a><\/span><\/li>\n<\/ol>","protected":false},"excerpt":{"rendered":"<div class=\"flex-shrink-0 flex flex-col relative items-end\">\n<div>\n<div class=\"pt-0\">\n<div class=\"gizmo-bot-avatar flex h-8 w-8 items-center justify-center overflow-hidden rounded-full\">\n<div class=\"relative p-1 rounded-sm flex items-center justify-center bg-token-main-surface-primary text-token-text-primary h-8 w-8\"><\/div>\n<\/div>\n<\/div>\n<\/div>\n<\/div>\n<div class=\"group\/conversation-turn relative flex w-full min-w-0 flex-col agent-turn\">\n<div class=\"flex-col gap-1 md:gap-3\">\n<div class=\"flex max-w-full flex-col flex-grow\">\n<div class=\"min-h-[20px] text-message flex w-full flex-col items-end gap-2 whitespace-normal break-words [.text-message+&amp;]:mt-5\" dir=\"auto\" data-message-author-role=\"assistant\" data-message-id=\"f77ba064-ccd1-4820-b71e-f917db2e329b\">\n<div class=\"flex w-full flex-col gap-1 empty:hidden first:pt-[3px]\">\n<div class=\"markdown prose w-full break-words dark:prose-invert light\">\n<h3>Premium SX Rack Panels: Affordable Excellence<\/h3>\n<p>SX delivers high-quality Rack Panels straight from the factory, offering both durability and affordability for your setup.<\/p>\n<h3>Durable Materials for Professional Use<\/h3>\n<p>Crafted from high-grade materials, SX Rack Panels provide long-lasting strength and reliability, perfect for demanding environments.<\/p>\n<h3>Easy Installation and Versatile Applications<\/h3>\n<p>Designed for quick setup and compatibility with standard racks, SX Rack Panels are versatile for various mounting needs, ensuring a seamless and professional finish.<\/p>\n<\/div>\n<\/div>\n<\/div>\n<\/div>\n<\/div>\n<\/div>\n","protected":false},"featured_media":4280,"comment_status":"open","ping_status":"closed","template":"","meta":[],"product_brand":[],"product_cat":[66],"product_tag":[],"class_list":{"0":"post-4334","1":"product","2":"type-product","3":"status-publish","4":"has-post-thumbnail","6":"product_cat-rack-hardware","8":"first","9":"instock","10":"shipping-taxable","11":"product-type-simple"},"yoast_head":"<!-- This site is optimized with the Yoast SEO Premium plugin v27.1 (Yoast SEO v27.2) - https:\/\/yoast.com\/product\/yoast-seo-premium-wordpress\/ -->\n<title>Rack Panel RAB203 - https:\/\/sxflightcase.com \ud83d\udc97<\/title>\n<meta name=\"description\" content=\"Rack panel, factory direct! High-quality, durable panels designed for mounting and organizing equipment in racks. Ideal for professional and industrial setups, ensuring secure and efficient use.\" \/>\n<meta name=\"robots\" content=\"index, follow, max-snippet:-1, max-image-preview:large, max-video-preview:-1\" \/>\n<link rel=\"canonical\" href=\"https:\/\/sxflightcase.com\/es_es\/producto\/panel-rack-rab203-2\/\" \/>\n<meta property=\"og:locale\" content=\"es_ES\" \/>\n<meta property=\"og:type\" content=\"article\" \/>\n<meta property=\"og:title\" content=\"Rack Panel RAB203\" \/>\n<meta property=\"og:description\" content=\"Rack panel, factory direct! High-quality, durable panels designed for mounting and organizing equipment in racks. Ideal for professional and industrial setups, ensuring secure and efficient use.\" \/>\n<meta property=\"og:url\" content=\"https:\/\/sxflightcase.com\/es_es\/producto\/panel-rack-rab203-2\/\" \/>\n<meta property=\"og:site_name\" content=\"https:\/\/sxflightcase.com\" \/>\n<meta property=\"article:publisher\" content=\"https:\/\/www.facebook.com\/profile.php?id=61560407257971\" \/>\n<meta property=\"article:modified_time\" content=\"2024-09-10T06:25:21+00:00\" \/>\n<meta property=\"og:image\" content=\"https:\/\/sxflightcase.com\/wp-content\/uploads\/2024\/09\/RAB203.jpg\" \/>\n\t<meta property=\"og:image:width\" content=\"700\" \/>\n\t<meta property=\"og:image:height\" content=\"700\" \/>\n\t<meta property=\"og:image:type\" content=\"image\/jpeg\" \/>\n<meta name=\"twitter:card\" content=\"summary_large_image\" \/>\n<meta name=\"twitter:label1\" content=\"Tiempo de lectura\" \/>\n\t<meta name=\"twitter:data1\" content=\"3 minutos\" \/>\n<script type=\"application\/ld+json\" class=\"yoast-schema-graph\">{\"@context\":\"https:\/\/schema.org\",\"@graph\":[{\"@type\":\"WebPage\",\"@id\":\"https:\/\/sxflightcase.com\/product\/rack-panel-rab203\/\",\"url\":\"https:\/\/sxflightcase.com\/product\/rack-panel-rab203\/\",\"name\":\"Rack Panel RAB203 - https:\/\/sxflightcase.com \ud83d\udc97\",\"isPartOf\":{\"@id\":\"https:\/\/sxflightcase.com\/th\/#website\"},\"primaryImageOfPage\":{\"@id\":\"https:\/\/sxflightcase.com\/product\/rack-panel-rab203\/#primaryimage\"},\"image\":{\"@id\":\"https:\/\/sxflightcase.com\/product\/rack-panel-rab203\/#primaryimage\"},\"thumbnailUrl\":\"https:\/\/sxflightcase.com\/wp-content\/uploads\/2024\/09\/RAB203.jpg\",\"datePublished\":\"2024-09-10T06:25:20+00:00\",\"dateModified\":\"2024-09-10T06:25:21+00:00\",\"description\":\"Rack panel, factory direct! High-quality, durable panels designed for mounting and organizing equipment in racks. Ideal for professional and industrial setups, ensuring secure and efficient use.\",\"breadcrumb\":{\"@id\":\"https:\/\/sxflightcase.com\/product\/rack-panel-rab203\/#breadcrumb\"},\"inLanguage\":\"es\",\"potentialAction\":[{\"@type\":\"ReadAction\",\"target\":[\"https:\/\/sxflightcase.com\/product\/rack-panel-rab203\/\"]}]},{\"@type\":\"ImageObject\",\"inLanguage\":\"es\",\"@id\":\"https:\/\/sxflightcase.com\/product\/rack-panel-rab203\/#primaryimage\",\"url\":\"https:\/\/sxflightcase.com\/wp-content\/uploads\/2024\/09\/RAB203.jpg\",\"contentUrl\":\"https:\/\/sxflightcase.com\/wp-content\/uploads\/2024\/09\/RAB203.jpg\",\"width\":700,\"height\":700,\"caption\":\"Rack Panel\"},{\"@type\":\"BreadcrumbList\",\"@id\":\"https:\/\/sxflightcase.com\/product\/rack-panel-rab203\/#breadcrumb\",\"itemListElement\":[{\"@type\":\"ListItem\",\"position\":1,\"name\":\"Home\",\"item\":\"https:\/\/sxflightcase.com\/\"},{\"@type\":\"ListItem\",\"position\":2,\"name\":\"\u0e2a\u0e34\u0e19\u0e04\u0e49\u0e32\",\"item\":\"https:\/\/sxflightcase.com\/th\/shop\/\"},{\"@type\":\"ListItem\",\"position\":3,\"name\":\"Rack Panel RAB203\"}]},{\"@type\":\"WebSite\",\"@id\":\"https:\/\/sxflightcase.com\/th\/#website\",\"url\":\"https:\/\/sxflightcase.com\/th\/\",\"name\":\"sxpowercase.com\",\"description\":\"Flight Case Factory\",\"publisher\":{\"@id\":\"https:\/\/sxflightcase.com\/th\/#organization\"},\"potentialAction\":[{\"@type\":\"SearchAction\",\"target\":{\"@type\":\"EntryPoint\",\"urlTemplate\":\"https:\/\/sxflightcase.com\/th\/?s={search_term_string}\"},\"query-input\":{\"@type\":\"PropertyValueSpecification\",\"valueRequired\":true,\"valueName\":\"search_term_string\"}}],\"inLanguage\":\"es\"},{\"@type\":\"Organization\",\"@id\":\"https:\/\/sxflightcase.com\/th\/#organization\",\"name\":\"sxpowercase.com\",\"url\":\"https:\/\/sxflightcase.com\/th\/\",\"logo\":{\"@type\":\"ImageObject\",\"inLanguage\":\"es\",\"@id\":\"https:\/\/sxflightcase.com\/th\/#\/schema\/logo\/image\/\",\"url\":\"https:\/\/sxflightcase.com\/wp-content\/uploads\/2024\/04\/1713919036007.jpg\",\"contentUrl\":\"https:\/\/sxflightcase.com\/wp-content\/uploads\/2024\/04\/1713919036007.jpg\",\"width\":382,\"height\":388,\"caption\":\"sxpowercase.com\"},\"image\":{\"@id\":\"https:\/\/sxflightcase.com\/th\/#\/schema\/logo\/image\/\"},\"sameAs\":[\"https:\/\/www.facebook.com\/profile.php?id=61560407257971\"],\"numberOfEmployees\":{\"@type\":\"QuantitativeValue\",\"minValue\":\"11\",\"maxValue\":\"50\"}}]}<\/script>\n<!-- \/ Yoast SEO Premium plugin. -->","yoast_head_json":{"title":"Rack Panel RAB203 - https:\/\/sxflightcase.com \ud83d\udc97","description":"Panel para rack, \u00a1directo de f\u00e1brica! Paneles duraderos de alta calidad dise\u00f1ados para montar y organizar equipos en bastidores. Ideales para montajes profesionales e industriales, garantizan un uso seguro y eficiente.","robots":{"index":"index","follow":"follow","max-snippet":"max-snippet:-1","max-image-preview":"max-image-preview:large","max-video-preview":"max-video-preview:-1"},"canonical":"https:\/\/sxflightcase.com\/es_es\/producto\/panel-rack-rab203-2\/","og_locale":"es_ES","og_type":"article","og_title":"Rack Panel RAB203","og_description":"Rack panel, factory direct! High-quality, durable panels designed for mounting and organizing equipment in racks. Ideal for professional and industrial setups, ensuring secure and efficient use.","og_url":"https:\/\/sxflightcase.com\/es_es\/producto\/panel-rack-rab203-2\/","og_site_name":"https:\/\/sxflightcase.com","article_publisher":"https:\/\/www.facebook.com\/profile.php?id=61560407257971","article_modified_time":"2024-09-10T06:25:21+00:00","og_image":[{"width":700,"height":700,"url":"https:\/\/sxflightcase.com\/wp-content\/uploads\/2024\/09\/RAB203.jpg","type":"image\/jpeg"}],"twitter_card":"summary_large_image","twitter_misc":{"Tiempo de lectura":"3 minutos"},"schema":{"@context":"https:\/\/schema.org","@graph":[{"@type":"WebPage","@id":"https:\/\/sxflightcase.com\/product\/rack-panel-rab203\/","url":"https:\/\/sxflightcase.com\/product\/rack-panel-rab203\/","name":"Rack Panel RAB203 - https:\/\/sxflightcase.com \ud83d\udc97","isPartOf":{"@id":"https:\/\/sxflightcase.com\/th\/#website"},"primaryImageOfPage":{"@id":"https:\/\/sxflightcase.com\/product\/rack-panel-rab203\/#primaryimage"},"image":{"@id":"https:\/\/sxflightcase.com\/product\/rack-panel-rab203\/#primaryimage"},"thumbnailUrl":"https:\/\/sxflightcase.com\/wp-content\/uploads\/2024\/09\/RAB203.jpg","datePublished":"2024-09-10T06:25:20+00:00","dateModified":"2024-09-10T06:25:21+00:00","description":"Panel para rack, \u00a1directo de f\u00e1brica! Paneles duraderos de alta calidad dise\u00f1ados para montar y organizar equipos en bastidores. Ideales para montajes profesionales e industriales, garantizan un uso seguro y eficiente.","breadcrumb":{"@id":"https:\/\/sxflightcase.com\/product\/rack-panel-rab203\/#breadcrumb"},"inLanguage":"es","potentialAction":[{"@type":"ReadAction","target":["https:\/\/sxflightcase.com\/product\/rack-panel-rab203\/"]}]},{"@type":"ImageObject","inLanguage":"es","@id":"https:\/\/sxflightcase.com\/product\/rack-panel-rab203\/#primaryimage","url":"https:\/\/sxflightcase.com\/wp-content\/uploads\/2024\/09\/RAB203.jpg","contentUrl":"https:\/\/sxflightcase.com\/wp-content\/uploads\/2024\/09\/RAB203.jpg","width":700,"height":700,"caption":"Rack Panel"},{"@type":"BreadcrumbList","@id":"https:\/\/sxflightcase.com\/product\/rack-panel-rab203\/#breadcrumb","itemListElement":[{"@type":"ListItem","position":1,"name":"Home","item":"https:\/\/sxflightcase.com\/"},{"@type":"ListItem","position":2,"name":"\u0e2a\u0e34\u0e19\u0e04\u0e49\u0e32","item":"https:\/\/sxflightcase.com\/th\/shop\/"},{"@type":"ListItem","position":3,"name":"Rack Panel RAB203"}]},{"@type":"WebSite","@id":"https:\/\/sxflightcase.com\/th\/#website","url":"https:\/\/sxflightcase.com\/th\/","name":"es.sxpowercase.com","description":"F\u00e1brica de flightcases","publisher":{"@id":"https:\/\/sxflightcase.com\/th\/#organization"},"potentialAction":[{"@type":"SearchAction","target":{"@type":"EntryPoint","urlTemplate":"https:\/\/sxflightcase.com\/th\/?s={search_term_string}"},"query-input":{"@type":"PropertyValueSpecification","valueRequired":true,"valueName":"search_term_string"}}],"inLanguage":"es"},{"@type":"Organization","@id":"https:\/\/sxflightcase.com\/th\/#organization","name":"es.sxpowercase.com","url":"https:\/\/sxflightcase.com\/th\/","logo":{"@type":"ImageObject","inLanguage":"es","@id":"https:\/\/sxflightcase.com\/th\/#\/schema\/logo\/image\/","url":"https:\/\/sxflightcase.com\/wp-content\/uploads\/2024\/04\/1713919036007.jpg","contentUrl":"https:\/\/sxflightcase.com\/wp-content\/uploads\/2024\/04\/1713919036007.jpg","width":382,"height":388,"caption":"sxpowercase.com"},"image":{"@id":"https:\/\/sxflightcase.com\/th\/#\/schema\/logo\/image\/"},"sameAs":["https:\/\/www.facebook.com\/profile.php?id=61560407257971"],"numberOfEmployees":{"@type":"QuantitativeValue","minValue":"11","maxValue":"50"}}]}},"_links":{"self":[{"href":"https:\/\/sxflightcase.com\/es_es\/wp-json\/wp\/v2\/product\/4334","targetHints":{"allow":["GET"]}}],"collection":[{"href":"https:\/\/sxflightcase.com\/es_es\/wp-json\/wp\/v2\/product"}],"about":[{"href":"https:\/\/sxflightcase.com\/es_es\/wp-json\/wp\/v2\/types\/product"}],"replies":[{"embeddable":true,"href":"https:\/\/sxflightcase.com\/es_es\/wp-json\/wp\/v2\/comments?post=4334"}],"version-history":[{"count":0,"href":"https:\/\/sxflightcase.com\/es_es\/wp-json\/wp\/v2\/product\/4334\/revisions"}],"wp:featuredmedia":[{"embeddable":true,"href":"https:\/\/sxflightcase.com\/es_es\/wp-json\/wp\/v2\/media\/4280"}],"wp:attachment":[{"href":"https:\/\/sxflightcase.com\/es_es\/wp-json\/wp\/v2\/media?parent=4334"}],"wp:term":[{"taxonomy":"product_brand","embeddable":true,"href":"https:\/\/sxflightcase.com\/es_es\/wp-json\/wp\/v2\/product_brand?post=4334"},{"taxonomy":"product_cat","embeddable":true,"href":"https:\/\/sxflightcase.com\/es_es\/wp-json\/wp\/v2\/product_cat?post=4334"},{"taxonomy":"product_tag","embeddable":true,"href":"https:\/\/sxflightcase.com\/es_es\/wp-json\/wp\/v2\/product_tag?post=4334"}],"curies":[{"name":"wp","href":"https:\/\/api.w.org\/{rel}","templated":true}]}}