{"id":4355,"date":"2024-09-11T06:59:14","date_gmt":"2024-09-11T05:59:14","guid":{"rendered":"https:\/\/sxpowercase.com\/?post_type=product&#038;p=4355"},"modified":"2024-09-11T06:59:15","modified_gmt":"2024-09-11T05:59:15","slug":"panel-rack-rab205","status":"publish","type":"product","link":"https:\/\/sxflightcase.com\/es_es\/producto\/panel-rack-rab205-2\/","title":{"rendered":"Estanter\u00eda de paneles RAB205"},"content":{"rendered":"<h3>Paneles rack de alta calidad de SX a precios asequibles<\/h3>\n<p>Cuando busque un <a href=\"https:\/\/sxpowercase.com\/product\/rack-panel-rab204\/\"><strong>Estanter\u00eda de paneles<\/strong><\/a>, <strong>SX<\/strong> lo tiene cubierto. Nuestras estanter\u00edas para paneles est\u00e1n dise\u00f1adas para proporcionar un soporte resistente y la m\u00e1xima funcionalidad a un precio asequible. Con <strong>SX<\/strong>Con este producto, obtendr\u00e1 una calidad duradera sin gastar un dineral.<\/p>\n<h3>Dise\u00f1o duradero y rendimiento fiable<\/h3>\n<p>En <strong><a href=\"https:\/\/sxpowercase.com\/\" target=\"_blank\" rel=\"noopener\" title=\"SX\" data-wpil-monitor-id=\"742\">SX<\/a><\/strong>priorizamos la durabilidad y el rendimiento. Cada <strong>Estanter\u00eda de paneles<\/strong> que producimos est\u00e1 fabricado con materiales de alta calidad para garantizar su resistencia en los entornos m\u00e1s exigentes. Tanto si los utiliza en un entorno comercial como en un estudio dom\u00e9stico, nuestros bastidores proporcionan una estabilidad duradera.<\/p>\n<h3>F\u00e1cil de instalar, ahorro directo de f\u00e1brica<\/h3>\n<p>Nuestra <strong>Estanter\u00edas para paneles<\/strong> est\u00e1n dise\u00f1ados para una instalaci\u00f3n r\u00e1pida, lo que hace que el proceso de configuraci\u00f3n sea sencillo y sin complicaciones. Adem\u00e1s, con nuestro modelo directo de f\u00e1brica, podemos ofrecer estos productos de primera calidad a precios significativamente m\u00e1s bajos. Esto significa que usted obtiene un equipo de primer nivel sin tener que pagar un sobreprecio.<\/p>\n<h3>Calidad de confianza, garantizada<\/h3>\n<p><strong>SX<\/strong> respalda la calidad de cada <strong>Estanter\u00eda de paneles<\/strong> que fabricamos. Unas pruebas rigurosas garantizan que cada producto cumpla nuestros elevados est\u00e1ndares de resistencia y durabilidad. Puede contar con nuestras estanter\u00edas para mantener su equipo seguro y organizado, independientemente de la aplicaci\u00f3n.<\/p>\n<h3>Perfecto para m\u00faltiples aplicaciones<\/h3>\n<p>Tanto si est\u00e1 instalando un sistema audiovisual como gestionando una sala de servidores, <strong>SX<\/strong> <strong>Estanter\u00edas para paneles<\/strong> son lo suficientemente vers\u00e1tiles como para satisfacer todas sus necesidades. Su dise\u00f1o adaptable las hace ideales para diversas configuraciones, garantizando la compatibilidad con una amplia gama de equipos. Con <strong>SX<\/strong>tiene una soluci\u00f3n que encaja.<\/p>\n<h3>Rentabilidad de la venta directa de f\u00e1brica<\/h3>\n<p>En <strong>SX<\/strong>Creemos que las soluciones de alta calidad tambi\u00e9n deben ser asequibles. Nuestro modelo de venta directa de f\u00e1brica nos permite ofrecer nuestros productos de primera calidad a precios asequibles. <strong>Estanter\u00edas para paneles<\/strong> a precios imbatibles. En <strong>SX<\/strong>La mejor calidad sin los costes m\u00e1s elevados, lo que garantiza la mejor relaci\u00f3n calidad-precio.<\/p>\n<h3>La elecci\u00f3n de confianza de profesionales de todo el mundo<\/h3>\n<p>Profesionales de todo el mundo eligen <strong>Bastidores para paneles SX<\/strong> por su fiabilidad y valor. Desde profesionales de TI a ingenieros de sonido, nuestros bastidores son fiables por su durabilidad y rendimiento en cualquier entorno. Con <strong>SX<\/strong>Si elige una marca conocida por su calidad y confianza.<\/p>\n<p>Si necesita un <strong>Estanter\u00edas para paneles<\/strong>, <strong>SX<\/strong> es el nombre en el que puede confiar. La calidad est\u00e1 garantizada, los precios son bajos y la instalaci\u00f3n es muy sencilla. Elija <strong>SX<\/strong> para su pr\u00f3xima soluci\u00f3n de rack y experimente la m\u00e1xima fiabilidad sin el elevado coste.<\/p>\n<ol>\n<li>P\u00f3ngase en contacto con nosotros:<span style=\"color: #0000ff;\"><a style=\"color: #0000ff;\" href=\"https:\/\/sxpowercase.com\/contact-us\/\">https:\/\/sxpowercase.com\/<\/a><\/span><\/li>\n<li>Cat\u00e1logo de productos de hardware\uff1a<span style=\"color: #0000ff;\"><a style=\"color: #0000ff;\" href=\"https:\/\/sxpowercase.com\/wp-content\/uploads\/2024\/07\/\u4e94\u91d1.pdf\">Cat\u00e1logo de accesorios de ferreter\u00eda<\/a><\/span><\/li>\n<\/ol>","protected":false},"excerpt":{"rendered":"<h3>Paneles de rack SX: Alta calidad a precios de f\u00e1brica<\/h3>\n<p>SX ofrece paneles de estanter\u00eda duraderos fabricados con materiales de primera calidad, proporcionando una calidad de primer nivel a precios asequibles directos de f\u00e1brica.<\/p>\n<h3>Instalaci\u00f3n r\u00e1pida y uso vers\u00e1til<\/h3>\n<p>Nuestros paneles de rack est\u00e1n dise\u00f1ados para facilitar la instalaci\u00f3n y la compatibilidad con diversos sistemas, garantizando un ajuste seguro para cualquier configuraci\u00f3n.<\/p>\n<h3>Profesionales de todo el mundo conf\u00edan en nosotros<\/h3>\n<p>Los profesionales conf\u00edan en los paneles de bastidor SX por su durabilidad, rendimiento y riguroso control de calidad, lo que los convierte en la mejor opci\u00f3n para el montaje de equipos.<\/p>","protected":false},"featured_media":4282,"comment_status":"open","ping_status":"closed","template":"","meta":[],"product_brand":[],"product_cat":[66],"product_tag":[],"class_list":{"0":"post-4355","1":"product","2":"type-product","3":"status-publish","4":"has-post-thumbnail","6":"product_cat-rack-hardware","8":"first","9":"instock","10":"shipping-taxable","11":"product-type-simple"},"yoast_head":"<!-- This site is optimized with the Yoast SEO Premium plugin v27.1 (Yoast SEO v27.2) - https:\/\/yoast.com\/product\/yoast-seo-premium-wordpress\/ -->\n<title>Panel Rack RAB205 - https:\/\/sxflightcase.com \ud83d\udc97<\/title>\n<meta name=\"description\" content=\"Panel rack, factory direct! High-quality, durable racks designed for securely mounting and organizing equipment. Perfect for professional setups, ensuring efficient use and stability.\" \/>\n<meta name=\"robots\" content=\"index, follow, max-snippet:-1, max-image-preview:large, max-video-preview:-1\" \/>\n<link rel=\"canonical\" href=\"https:\/\/sxflightcase.com\/es_es\/\u4ea7\u54c1\/\u9762\u677f\u67b6-rab205-2\/\" \/>\n<meta property=\"og:locale\" content=\"es_ES\" \/>\n<meta property=\"og:type\" content=\"article\" \/>\n<meta property=\"og:title\" content=\"Panel Rack RAB205\" \/>\n<meta property=\"og:description\" content=\"Panel rack, factory direct! High-quality, durable racks designed for securely mounting and organizing equipment. Perfect for professional setups, ensuring efficient use and stability.\" \/>\n<meta property=\"og:url\" content=\"https:\/\/sxflightcase.com\/es_es\/\u4ea7\u54c1\/\u9762\u677f\u67b6-rab205-2\/\" \/>\n<meta property=\"og:site_name\" content=\"https:\/\/sxflightcase.com\" \/>\n<meta property=\"article:publisher\" content=\"https:\/\/www.facebook.com\/profile.php?id=61560407257971\" \/>\n<meta property=\"article:modified_time\" content=\"2024-09-11T05:59:15+00:00\" \/>\n<meta property=\"og:image\" content=\"https:\/\/sxflightcase.com\/wp-content\/uploads\/2024\/09\/RAB205.jpg\" \/>\n\t<meta property=\"og:image:width\" content=\"700\" \/>\n\t<meta property=\"og:image:height\" content=\"700\" \/>\n\t<meta property=\"og:image:type\" content=\"image\/jpeg\" \/>\n<meta name=\"twitter:card\" content=\"summary_large_image\" \/>\n<meta name=\"twitter:label1\" content=\"Tiempo de lectura\" \/>\n\t<meta name=\"twitter:data1\" content=\"3 minutos\" \/>\n<script type=\"application\/ld+json\" class=\"yoast-schema-graph\">{\"@context\":\"https:\/\/schema.org\",\"@graph\":[{\"@type\":\"WebPage\",\"@id\":\"https:\/\/sxflightcase.com\/zh\/\u4ea7\u54c1\/\u9762\u677f\u67b6-rab205-2\/\",\"url\":\"https:\/\/sxflightcase.com\/zh\/\u4ea7\u54c1\/\u9762\u677f\u67b6-rab205-2\/\",\"name\":\"Panel Rack RAB205 - https:\/\/sxflightcase.com \ud83d\udc97\",\"isPartOf\":{\"@id\":\"https:\/\/sxflightcase.com\/th\/#website\"},\"primaryImageOfPage\":{\"@id\":\"https:\/\/sxflightcase.com\/zh\/\u4ea7\u54c1\/\u9762\u677f\u67b6-rab205-2\/#primaryimage\"},\"image\":{\"@id\":\"https:\/\/sxflightcase.com\/zh\/\u4ea7\u54c1\/\u9762\u677f\u67b6-rab205-2\/#primaryimage\"},\"thumbnailUrl\":\"https:\/\/sxflightcase.com\/wp-content\/uploads\/2024\/09\/RAB205.jpg\",\"datePublished\":\"2024-09-11T05:59:14+00:00\",\"dateModified\":\"2024-09-11T05:59:15+00:00\",\"description\":\"Panel rack, factory direct! High-quality, durable racks designed for securely mounting and organizing equipment. Perfect for professional setups, ensuring efficient use and stability.\",\"breadcrumb\":{\"@id\":\"https:\/\/sxflightcase.com\/zh\/\u4ea7\u54c1\/\u9762\u677f\u67b6-rab205-2\/#breadcrumb\"},\"inLanguage\":\"es\",\"potentialAction\":[{\"@type\":\"ReadAction\",\"target\":[\"https:\/\/sxflightcase.com\/zh\/\u4ea7\u54c1\/\u9762\u677f\u67b6-rab205-2\/\"]}]},{\"@type\":\"ImageObject\",\"inLanguage\":\"es\",\"@id\":\"https:\/\/sxflightcase.com\/zh\/\u4ea7\u54c1\/\u9762\u677f\u67b6-rab205-2\/#primaryimage\",\"url\":\"https:\/\/sxflightcase.com\/wp-content\/uploads\/2024\/09\/RAB205.jpg\",\"contentUrl\":\"https:\/\/sxflightcase.com\/wp-content\/uploads\/2024\/09\/RAB205.jpg\",\"width\":700,\"height\":700,\"caption\":\"Panel Rack\"},{\"@type\":\"BreadcrumbList\",\"@id\":\"https:\/\/sxflightcase.com\/zh\/\u4ea7\u54c1\/\u9762\u677f\u67b6-rab205-2\/#breadcrumb\",\"itemListElement\":[{\"@type\":\"ListItem\",\"position\":1,\"name\":\"Home\",\"item\":\"https:\/\/sxflightcase.com\/\"},{\"@type\":\"ListItem\",\"position\":2,\"name\":\"\u0e2a\u0e34\u0e19\u0e04\u0e49\u0e32\",\"item\":\"https:\/\/sxflightcase.com\/th\/shop\/\"},{\"@type\":\"ListItem\",\"position\":3,\"name\":\"Panel Rack RAB205\"}]},{\"@type\":\"WebSite\",\"@id\":\"https:\/\/sxflightcase.com\/th\/#website\",\"url\":\"https:\/\/sxflightcase.com\/th\/\",\"name\":\"sxpowercase.com\",\"description\":\"Flight Case Factory\",\"publisher\":{\"@id\":\"https:\/\/sxflightcase.com\/th\/#organization\"},\"potentialAction\":[{\"@type\":\"SearchAction\",\"target\":{\"@type\":\"EntryPoint\",\"urlTemplate\":\"https:\/\/sxflightcase.com\/th\/?s={search_term_string}\"},\"query-input\":{\"@type\":\"PropertyValueSpecification\",\"valueRequired\":true,\"valueName\":\"search_term_string\"}}],\"inLanguage\":\"es\"},{\"@type\":\"Organization\",\"@id\":\"https:\/\/sxflightcase.com\/th\/#organization\",\"name\":\"sxpowercase.com\",\"url\":\"https:\/\/sxflightcase.com\/th\/\",\"logo\":{\"@type\":\"ImageObject\",\"inLanguage\":\"es\",\"@id\":\"https:\/\/sxflightcase.com\/th\/#\/schema\/logo\/image\/\",\"url\":\"https:\/\/sxflightcase.com\/wp-content\/uploads\/2024\/04\/1713919036007.jpg\",\"contentUrl\":\"https:\/\/sxflightcase.com\/wp-content\/uploads\/2024\/04\/1713919036007.jpg\",\"width\":382,\"height\":388,\"caption\":\"sxpowercase.com\"},\"image\":{\"@id\":\"https:\/\/sxflightcase.com\/th\/#\/schema\/logo\/image\/\"},\"sameAs\":[\"https:\/\/www.facebook.com\/profile.php?id=61560407257971\"],\"numberOfEmployees\":{\"@type\":\"QuantitativeValue\",\"minValue\":\"11\",\"maxValue\":\"50\"}}]}<\/script>\n<!-- \/ Yoast SEO Premium plugin. -->","yoast_head_json":{"title":"Panel Rack RAB205 - https:\/\/sxflightcase.com \ud83d\udc97","description":"Rack de panel, \u00a1directo de f\u00e1brica! Racks duraderos y de alta calidad dise\u00f1ados para montar y organizar equipos de forma segura. Perfectos para montajes profesionales, garantizan un uso eficiente y estabilidad.","robots":{"index":"index","follow":"follow","max-snippet":"max-snippet:-1","max-image-preview":"max-image-preview:large","max-video-preview":"max-video-preview:-1"},"canonical":"https:\/\/sxflightcase.com\/es_es\/\u4ea7\u54c1\/\u9762\u677f\u67b6-rab205-2\/","og_locale":"es_ES","og_type":"article","og_title":"Panel Rack RAB205","og_description":"Panel rack, factory direct! High-quality, durable racks designed for securely mounting and organizing equipment. Perfect for professional setups, ensuring efficient use and stability.","og_url":"https:\/\/sxflightcase.com\/es_es\/\u4ea7\u54c1\/\u9762\u677f\u67b6-rab205-2\/","og_site_name":"https:\/\/sxflightcase.com","article_publisher":"https:\/\/www.facebook.com\/profile.php?id=61560407257971","article_modified_time":"2024-09-11T05:59:15+00:00","og_image":[{"width":700,"height":700,"url":"https:\/\/sxflightcase.com\/wp-content\/uploads\/2024\/09\/RAB205.jpg","type":"image\/jpeg"}],"twitter_card":"summary_large_image","twitter_misc":{"Tiempo de lectura":"3 minutos"},"schema":{"@context":"https:\/\/schema.org","@graph":[{"@type":"WebPage","@id":"https:\/\/sxflightcase.com\/zh\/\u4ea7\u54c1\/\u9762\u677f\u67b6-rab205-2\/","url":"https:\/\/sxflightcase.com\/zh\/\u4ea7\u54c1\/\u9762\u677f\u67b6-rab205-2\/","name":"Panel Rack RAB205 - https:\/\/sxflightcase.com \ud83d\udc97","isPartOf":{"@id":"https:\/\/sxflightcase.com\/th\/#website"},"primaryImageOfPage":{"@id":"https:\/\/sxflightcase.com\/zh\/\u4ea7\u54c1\/\u9762\u677f\u67b6-rab205-2\/#primaryimage"},"image":{"@id":"https:\/\/sxflightcase.com\/zh\/\u4ea7\u54c1\/\u9762\u677f\u67b6-rab205-2\/#primaryimage"},"thumbnailUrl":"https:\/\/sxflightcase.com\/wp-content\/uploads\/2024\/09\/RAB205.jpg","datePublished":"2024-09-11T05:59:14+00:00","dateModified":"2024-09-11T05:59:15+00:00","description":"Rack de panel, \u00a1directo de f\u00e1brica! Racks duraderos y de alta calidad dise\u00f1ados para montar y organizar equipos de forma segura. Perfectos para montajes profesionales, garantizan un uso eficiente y estabilidad.","breadcrumb":{"@id":"https:\/\/sxflightcase.com\/zh\/\u4ea7\u54c1\/\u9762\u677f\u67b6-rab205-2\/#breadcrumb"},"inLanguage":"es","potentialAction":[{"@type":"ReadAction","target":["https:\/\/sxflightcase.com\/zh\/\u4ea7\u54c1\/\u9762\u677f\u67b6-rab205-2\/"]}]},{"@type":"ImageObject","inLanguage":"es","@id":"https:\/\/sxflightcase.com\/zh\/\u4ea7\u54c1\/\u9762\u677f\u67b6-rab205-2\/#primaryimage","url":"https:\/\/sxflightcase.com\/wp-content\/uploads\/2024\/09\/RAB205.jpg","contentUrl":"https:\/\/sxflightcase.com\/wp-content\/uploads\/2024\/09\/RAB205.jpg","width":700,"height":700,"caption":"Panel Rack"},{"@type":"BreadcrumbList","@id":"https:\/\/sxflightcase.com\/zh\/\u4ea7\u54c1\/\u9762\u677f\u67b6-rab205-2\/#breadcrumb","itemListElement":[{"@type":"ListItem","position":1,"name":"Home","item":"https:\/\/sxflightcase.com\/"},{"@type":"ListItem","position":2,"name":"\u0e2a\u0e34\u0e19\u0e04\u0e49\u0e32","item":"https:\/\/sxflightcase.com\/th\/shop\/"},{"@type":"ListItem","position":3,"name":"Panel Rack RAB205"}]},{"@type":"WebSite","@id":"https:\/\/sxflightcase.com\/th\/#website","url":"https:\/\/sxflightcase.com\/th\/","name":"es.sxpowercase.com","description":"F\u00e1brica de flightcases","publisher":{"@id":"https:\/\/sxflightcase.com\/th\/#organization"},"potentialAction":[{"@type":"SearchAction","target":{"@type":"EntryPoint","urlTemplate":"https:\/\/sxflightcase.com\/th\/?s={search_term_string}"},"query-input":{"@type":"PropertyValueSpecification","valueRequired":true,"valueName":"search_term_string"}}],"inLanguage":"es"},{"@type":"Organization","@id":"https:\/\/sxflightcase.com\/th\/#organization","name":"es.sxpowercase.com","url":"https:\/\/sxflightcase.com\/th\/","logo":{"@type":"ImageObject","inLanguage":"es","@id":"https:\/\/sxflightcase.com\/th\/#\/schema\/logo\/image\/","url":"https:\/\/sxflightcase.com\/wp-content\/uploads\/2024\/04\/1713919036007.jpg","contentUrl":"https:\/\/sxflightcase.com\/wp-content\/uploads\/2024\/04\/1713919036007.jpg","width":382,"height":388,"caption":"sxpowercase.com"},"image":{"@id":"https:\/\/sxflightcase.com\/th\/#\/schema\/logo\/image\/"},"sameAs":["https:\/\/www.facebook.com\/profile.php?id=61560407257971"],"numberOfEmployees":{"@type":"QuantitativeValue","minValue":"11","maxValue":"50"}}]}},"_links":{"self":[{"href":"https:\/\/sxflightcase.com\/es_es\/wp-json\/wp\/v2\/product\/4355","targetHints":{"allow":["GET"]}}],"collection":[{"href":"https:\/\/sxflightcase.com\/es_es\/wp-json\/wp\/v2\/product"}],"about":[{"href":"https:\/\/sxflightcase.com\/es_es\/wp-json\/wp\/v2\/types\/product"}],"replies":[{"embeddable":true,"href":"https:\/\/sxflightcase.com\/es_es\/wp-json\/wp\/v2\/comments?post=4355"}],"version-history":[{"count":0,"href":"https:\/\/sxflightcase.com\/es_es\/wp-json\/wp\/v2\/product\/4355\/revisions"}],"wp:featuredmedia":[{"embeddable":true,"href":"https:\/\/sxflightcase.com\/es_es\/wp-json\/wp\/v2\/media\/4282"}],"wp:attachment":[{"href":"https:\/\/sxflightcase.com\/es_es\/wp-json\/wp\/v2\/media?parent=4355"}],"wp:term":[{"taxonomy":"product_brand","embeddable":true,"href":"https:\/\/sxflightcase.com\/es_es\/wp-json\/wp\/v2\/product_brand?post=4355"},{"taxonomy":"product_cat","embeddable":true,"href":"https:\/\/sxflightcase.com\/es_es\/wp-json\/wp\/v2\/product_cat?post=4355"},{"taxonomy":"product_tag","embeddable":true,"href":"https:\/\/sxflightcase.com\/es_es\/wp-json\/wp\/v2\/product_tag?post=4355"}],"curies":[{"name":"wp","href":"https:\/\/api.w.org\/{rel}","templated":true}]}}