{"id":4399,"date":"2024-09-13T07:15:45","date_gmt":"2024-09-13T06:15:45","guid":{"rendered":"https:\/\/sxpowercase.com\/?post_type=product&#038;p=4399"},"modified":"2024-09-13T07:15:46","modified_gmt":"2024-09-13T06:15:46","slug":"audio-rack-panel-rab305","status":"publish","type":"product","link":"https:\/\/sxflightcase.com\/es_es\/producto\/panel-rack-audio-rab305-2\/","title":{"rendered":"Panel de audio en rack RAB305"},"content":{"rendered":"<h3>Mejore su configuraci\u00f3n con los paneles para rack SX Audio<\/h3>\n<p>Cuando se gestionan equipos de audio, la organizaci\u00f3n es clave. En <span style=\"color: #0000ff;\"><a style=\"color: #0000ff;\" href=\"https:\/\/sxpowercase.com\/product\/audio-rack-panel-rab304\/\"><strong>Panel Audio Rack<\/strong><\/a><\/span> de <strong>SX<\/strong> ofrece una soluci\u00f3n fiable y elegante para mantener su equipo ordenado y protegido. Nuestros paneles est\u00e1n dise\u00f1ados para adaptarse a distintas configuraciones de audio y ofrecen funcionalidad y durabilidad. Con <strong><a href=\"https:\/\/sxpowercase.com\/\" target=\"_blank\" rel=\"noopener\" title=\"SX\" data-wpil-monitor-id=\"752\">SX<\/a><\/strong>con el que obtendr\u00e1 un producto que garantiza la seguridad de su equipo al tiempo que mejora el aspecto general de su portaequipajes.<\/p>\n<h3>Dise\u00f1ado para un rendimiento duradero<\/h3>\n<p>El <strong>Panel Audio Rack<\/strong> por <strong>SX<\/strong> est\u00e1 fabricado con materiales de primera calidad, lo que garantiza un rendimiento duradero. Estos paneles est\u00e1n dise\u00f1ados para soportar las exigencias de los entornos de audio profesionales. Tanto si los utiliza en un estudio de grabaci\u00f3n como para sistemas de sonido en directo, <strong>SX<\/strong> ofrecen la resistencia y el soporte necesarios para mantener su equipo seguro y organizado.<\/p>\n<h3>Precios asequibles directos de f\u00e1brica<\/h3>\n<p>En <strong>SX<\/strong>Entregamos productos de alta calidad <strong>Paneles para rack de audio<\/strong> sin el elevado coste. Gracias a nuestro modelo directo de f\u00e1brica, eliminamos al intermediario y le repercutimos el ahorro. Nuestros paneles tienen precios competitivos, lo que le permite obtener la mejor oferta sin comprometer la calidad. Con <strong>SX<\/strong>puede esperar productos duraderos a precios inmejorables.<\/p>\n<h3>F\u00e1cil de instalar y vers\u00e1til<\/h3>\n<p>Instalaci\u00f3n de un <strong>Panel Audio Rack<\/strong> de <strong>SX<\/strong> es sencillo y sin complicaciones. Compatibles con los sistemas de rack est\u00e1ndar, nuestros paneles garantizan una r\u00e1pida instalaci\u00f3n en cualquier entorno de audio. El aspecto limpio y profesional de nuestros paneles no s\u00f3lo mejora la apariencia de su rack, sino que tambi\u00e9n hace que la gesti\u00f3n de cables y equipos sea m\u00e1s eficiente.<\/p>\n<h3>Protecci\u00f3n y flujo de aire para sus equipos<\/h3>\n<p><strong>Paneles para rack SX Audio<\/strong> est\u00e1n dise\u00f1ados pensando en la protecci\u00f3n de su equipo. Ayudan a proteger el equipo del polvo y los da\u00f1os, al tiempo que garantizan un flujo de aire adecuado para evitar el sobrecalentamiento. Esta capa adicional de protecci\u00f3n prolonga la vida \u00fatil de su equipo de audio y le da la tranquilidad de saber que su equipo est\u00e1 bien cuidado.<\/p>\n<h3>La confianza de los profesionales del audio<\/h3>\n<p>Los profesionales de la industria del audio conf\u00edan en <strong>SX<\/strong> por su <strong>Paneles para rack de audio<\/strong>. Tanto si est\u00e1 montando un estudio en casa como si se ocupa de eventos en directo, nuestros paneles est\u00e1n fabricados para soportar las condiciones m\u00e1s duras y ofrecer al mismo tiempo un acabado elegante y profesional. <strong>SX<\/strong> es conocida por sus productos fiables y de alta calidad a precios bajos, lo que nos convierte en la mejor opci\u00f3n para los expertos en audio.<\/p>\n<h3>Elija SX por calidad y precio<\/h3>\n<p>Para quienes buscan mejorar la organizaci\u00f3n y protecci\u00f3n de sus sistemas de audio, <strong>Paneles para rack SX Audio<\/strong> son la soluci\u00f3n perfecta. Con una construcci\u00f3n duradera, precios asequibles directos de f\u00e1brica y dise\u00f1os profesionales, <strong>SX<\/strong> le garantiza la mejor soluci\u00f3n para su estanter\u00eda. Elija <strong>SX<\/strong> y eleve su configuraci\u00f3n de audio con productos en los que puede confiar.<\/p>\n<ol>\n<li>P\u00f3ngase en contacto con nosotros:<span style=\"color: #0000ff;\"><a style=\"color: #0000ff;\" href=\"https:\/\/sxpowercase.com\/contact-us\/\">https:\/\/sxpowercase.com\/<\/a><\/span><\/li>\n<li>Cat\u00e1logo de productos de hardware\uff1a<span style=\"color: #0000ff;\"><a style=\"color: #0000ff;\" href=\"https:\/\/sxpowercase.com\/wp-content\/uploads\/2024\/07\/\u4e94\u91d1.pdf\">Cat\u00e1logo de accesorios de ferreter\u00eda<\/a><\/span><\/li>\n<\/ol>","protected":false},"excerpt":{"rendered":"<div class=\"flex max-w-full flex-col flex-grow\">\n<div class=\"min-h-[20px] text-message flex w-full flex-col items-end gap-2 whitespace-normal break-words [.text-message+&amp;]:mt-5\" dir=\"auto\" data-message-author-role=\"assistant\" data-message-id=\"aba26d0f-37c4-4886-8751-c903e68e8cbc\">\n<div class=\"flex w-full flex-col gap-1 empty:hidden first:pt-[3px]\">\n<div class=\"markdown prose w-full break-words dark:prose-invert light\">\n<h3>Durable Audio Rack Panels by SX<\/h3>\n<p>SX Audio Rack Panels are built with high-quality materials, ensuring strength and longevity for both professional and home studio setups.<\/p>\n<h3>Affordable Factory-Direct Pricing<\/h3>\n<p>Get premium audio solutions at unbeatable factory-direct prices with SX, offering high-performance Audio Rack Panels without the middleman mark-up.<\/p>\n<h3>Easy Installation and Equipment Protection<\/h3>\n<p>SX Audio Rack Panels are simple to install, compatible with standard racks, and provide optimal protection by improving airflow and reducing dust buildup.<\/p>\n<\/div>\n<\/div>\n<\/div>\n<\/div>\n","protected":false},"featured_media":4287,"comment_status":"open","ping_status":"closed","template":"","meta":[],"product_brand":[],"product_cat":[66],"product_tag":[],"class_list":{"0":"post-4399","1":"product","2":"type-product","3":"status-publish","4":"has-post-thumbnail","6":"product_cat-rack-hardware","8":"first","9":"instock","10":"shipping-taxable","11":"product-type-simple"},"yoast_head":"<!-- This site is optimized with the Yoast SEO Premium plugin v27.1 (Yoast SEO v27.2) - https:\/\/yoast.com\/product\/yoast-seo-premium-wordpress\/ -->\n<title>Audio Rack Panel RAB305 - https:\/\/sxflightcase.com \ud83d\udc97<\/title>\n<meta name=\"description\" content=\"Audio rack panel, factory direct! High-quality, durable panels designed for securely mounting and organizing audio equipment in racks. Ideal for professional studios, live sound setups, and AV installations.\" \/>\n<meta name=\"robots\" content=\"index, follow, max-snippet:-1, max-image-preview:large, max-video-preview:-1\" \/>\n<link rel=\"canonical\" href=\"https:\/\/sxflightcase.com\/es_es\/\u4ea7\u54c1\/\u97f3\u9891\u673a\u67b6\u9762\u677f-rab305-2\/\" \/>\n<meta property=\"og:locale\" content=\"es_ES\" \/>\n<meta property=\"og:type\" content=\"article\" \/>\n<meta property=\"og:title\" content=\"Audio Rack Panel RAB305\" \/>\n<meta property=\"og:description\" content=\"Audio rack panel, factory direct! High-quality, durable panels designed for securely mounting and organizing audio equipment in racks. Ideal for professional studios, live sound setups, and AV installations.\" \/>\n<meta property=\"og:url\" content=\"https:\/\/sxflightcase.com\/es_es\/\u4ea7\u54c1\/\u97f3\u9891\u673a\u67b6\u9762\u677f-rab305-2\/\" \/>\n<meta property=\"og:site_name\" content=\"https:\/\/sxflightcase.com\" \/>\n<meta property=\"article:publisher\" content=\"https:\/\/www.facebook.com\/profile.php?id=61560407257971\" \/>\n<meta property=\"article:modified_time\" content=\"2024-09-13T06:15:46+00:00\" \/>\n<meta property=\"og:image\" content=\"https:\/\/sxflightcase.com\/wp-content\/uploads\/2024\/09\/RAB305.jpg\" \/>\n\t<meta property=\"og:image:width\" content=\"700\" \/>\n\t<meta property=\"og:image:height\" content=\"700\" \/>\n\t<meta property=\"og:image:type\" content=\"image\/jpeg\" \/>\n<meta name=\"twitter:card\" content=\"summary_large_image\" \/>\n<meta name=\"twitter:label1\" content=\"Tiempo de lectura\" \/>\n\t<meta name=\"twitter:data1\" content=\"3 minutos\" \/>\n<script type=\"application\/ld+json\" class=\"yoast-schema-graph\">{\"@context\":\"https:\/\/schema.org\",\"@graph\":[{\"@type\":\"WebPage\",\"@id\":\"https:\/\/sxflightcase.com\/zh\/\u4ea7\u54c1\/\u97f3\u9891\u673a\u67b6\u9762\u677f-rab305-2\/\",\"url\":\"https:\/\/sxflightcase.com\/zh\/\u4ea7\u54c1\/\u97f3\u9891\u673a\u67b6\u9762\u677f-rab305-2\/\",\"name\":\"Audio Rack Panel RAB305 - https:\/\/sxflightcase.com \ud83d\udc97\",\"isPartOf\":{\"@id\":\"https:\/\/sxflightcase.com\/th\/#website\"},\"primaryImageOfPage\":{\"@id\":\"https:\/\/sxflightcase.com\/zh\/\u4ea7\u54c1\/\u97f3\u9891\u673a\u67b6\u9762\u677f-rab305-2\/#primaryimage\"},\"image\":{\"@id\":\"https:\/\/sxflightcase.com\/zh\/\u4ea7\u54c1\/\u97f3\u9891\u673a\u67b6\u9762\u677f-rab305-2\/#primaryimage\"},\"thumbnailUrl\":\"https:\/\/sxflightcase.com\/wp-content\/uploads\/2024\/09\/RAB305.jpg\",\"datePublished\":\"2024-09-13T06:15:45+00:00\",\"dateModified\":\"2024-09-13T06:15:46+00:00\",\"description\":\"Audio rack panel, factory direct! High-quality, durable panels designed for securely mounting and organizing audio equipment in racks. Ideal for professional studios, live sound setups, and AV installations.\",\"breadcrumb\":{\"@id\":\"https:\/\/sxflightcase.com\/zh\/\u4ea7\u54c1\/\u97f3\u9891\u673a\u67b6\u9762\u677f-rab305-2\/#breadcrumb\"},\"inLanguage\":\"es\",\"potentialAction\":[{\"@type\":\"ReadAction\",\"target\":[\"https:\/\/sxflightcase.com\/zh\/\u4ea7\u54c1\/\u97f3\u9891\u673a\u67b6\u9762\u677f-rab305-2\/\"]}]},{\"@type\":\"ImageObject\",\"inLanguage\":\"es\",\"@id\":\"https:\/\/sxflightcase.com\/zh\/\u4ea7\u54c1\/\u97f3\u9891\u673a\u67b6\u9762\u677f-rab305-2\/#primaryimage\",\"url\":\"https:\/\/sxflightcase.com\/wp-content\/uploads\/2024\/09\/RAB305.jpg\",\"contentUrl\":\"https:\/\/sxflightcase.com\/wp-content\/uploads\/2024\/09\/RAB305.jpg\",\"width\":700,\"height\":700,\"caption\":\"Audio Rack Panel\"},{\"@type\":\"BreadcrumbList\",\"@id\":\"https:\/\/sxflightcase.com\/zh\/\u4ea7\u54c1\/\u97f3\u9891\u673a\u67b6\u9762\u677f-rab305-2\/#breadcrumb\",\"itemListElement\":[{\"@type\":\"ListItem\",\"position\":1,\"name\":\"Home\",\"item\":\"https:\/\/sxflightcase.com\/\"},{\"@type\":\"ListItem\",\"position\":2,\"name\":\"\u0e2a\u0e34\u0e19\u0e04\u0e49\u0e32\",\"item\":\"https:\/\/sxflightcase.com\/th\/shop\/\"},{\"@type\":\"ListItem\",\"position\":3,\"name\":\"Audio Rack Panel RAB305\"}]},{\"@type\":\"WebSite\",\"@id\":\"https:\/\/sxflightcase.com\/th\/#website\",\"url\":\"https:\/\/sxflightcase.com\/th\/\",\"name\":\"sxpowercase.com\",\"description\":\"Flight Case Factory\",\"publisher\":{\"@id\":\"https:\/\/sxflightcase.com\/th\/#organization\"},\"potentialAction\":[{\"@type\":\"SearchAction\",\"target\":{\"@type\":\"EntryPoint\",\"urlTemplate\":\"https:\/\/sxflightcase.com\/th\/?s={search_term_string}\"},\"query-input\":{\"@type\":\"PropertyValueSpecification\",\"valueRequired\":true,\"valueName\":\"search_term_string\"}}],\"inLanguage\":\"es\"},{\"@type\":\"Organization\",\"@id\":\"https:\/\/sxflightcase.com\/th\/#organization\",\"name\":\"sxpowercase.com\",\"url\":\"https:\/\/sxflightcase.com\/th\/\",\"logo\":{\"@type\":\"ImageObject\",\"inLanguage\":\"es\",\"@id\":\"https:\/\/sxflightcase.com\/th\/#\/schema\/logo\/image\/\",\"url\":\"https:\/\/sxflightcase.com\/wp-content\/uploads\/2024\/04\/1713919036007.jpg\",\"contentUrl\":\"https:\/\/sxflightcase.com\/wp-content\/uploads\/2024\/04\/1713919036007.jpg\",\"width\":382,\"height\":388,\"caption\":\"sxpowercase.com\"},\"image\":{\"@id\":\"https:\/\/sxflightcase.com\/th\/#\/schema\/logo\/image\/\"},\"sameAs\":[\"https:\/\/www.facebook.com\/profile.php?id=61560407257971\"],\"numberOfEmployees\":{\"@type\":\"QuantitativeValue\",\"minValue\":\"11\",\"maxValue\":\"50\"}}]}<\/script>\n<!-- \/ Yoast SEO Premium plugin. -->","yoast_head_json":{"title":"Audio Rack Panel RAB305 - https:\/\/sxflightcase.com \ud83d\udc97","description":"Panel para rack de audio, \u00a1directo de f\u00e1brica! Paneles duraderos de alta calidad dise\u00f1ados para montar y organizar de forma segura equipos de audio en bastidores. Ideal para estudios profesionales, configuraciones de sonido en directo e instalaciones audiovisuales.","robots":{"index":"index","follow":"follow","max-snippet":"max-snippet:-1","max-image-preview":"max-image-preview:large","max-video-preview":"max-video-preview:-1"},"canonical":"https:\/\/sxflightcase.com\/es_es\/\u4ea7\u54c1\/\u97f3\u9891\u673a\u67b6\u9762\u677f-rab305-2\/","og_locale":"es_ES","og_type":"article","og_title":"Audio Rack Panel RAB305","og_description":"Audio rack panel, factory direct! High-quality, durable panels designed for securely mounting and organizing audio equipment in racks. Ideal for professional studios, live sound setups, and AV installations.","og_url":"https:\/\/sxflightcase.com\/es_es\/\u4ea7\u54c1\/\u97f3\u9891\u673a\u67b6\u9762\u677f-rab305-2\/","og_site_name":"https:\/\/sxflightcase.com","article_publisher":"https:\/\/www.facebook.com\/profile.php?id=61560407257971","article_modified_time":"2024-09-13T06:15:46+00:00","og_image":[{"width":700,"height":700,"url":"https:\/\/sxflightcase.com\/wp-content\/uploads\/2024\/09\/RAB305.jpg","type":"image\/jpeg"}],"twitter_card":"summary_large_image","twitter_misc":{"Tiempo de lectura":"3 minutos"},"schema":{"@context":"https:\/\/schema.org","@graph":[{"@type":"WebPage","@id":"https:\/\/sxflightcase.com\/zh\/\u4ea7\u54c1\/\u97f3\u9891\u673a\u67b6\u9762\u677f-rab305-2\/","url":"https:\/\/sxflightcase.com\/zh\/\u4ea7\u54c1\/\u97f3\u9891\u673a\u67b6\u9762\u677f-rab305-2\/","name":"Audio Rack Panel RAB305 - https:\/\/sxflightcase.com \ud83d\udc97","isPartOf":{"@id":"https:\/\/sxflightcase.com\/th\/#website"},"primaryImageOfPage":{"@id":"https:\/\/sxflightcase.com\/zh\/\u4ea7\u54c1\/\u97f3\u9891\u673a\u67b6\u9762\u677f-rab305-2\/#primaryimage"},"image":{"@id":"https:\/\/sxflightcase.com\/zh\/\u4ea7\u54c1\/\u97f3\u9891\u673a\u67b6\u9762\u677f-rab305-2\/#primaryimage"},"thumbnailUrl":"https:\/\/sxflightcase.com\/wp-content\/uploads\/2024\/09\/RAB305.jpg","datePublished":"2024-09-13T06:15:45+00:00","dateModified":"2024-09-13T06:15:46+00:00","description":"Panel para rack de audio, \u00a1directo de f\u00e1brica! Paneles duraderos de alta calidad dise\u00f1ados para montar y organizar de forma segura equipos de audio en bastidores. Ideal para estudios profesionales, configuraciones de sonido en directo e instalaciones audiovisuales.","breadcrumb":{"@id":"https:\/\/sxflightcase.com\/zh\/\u4ea7\u54c1\/\u97f3\u9891\u673a\u67b6\u9762\u677f-rab305-2\/#breadcrumb"},"inLanguage":"es","potentialAction":[{"@type":"ReadAction","target":["https:\/\/sxflightcase.com\/zh\/\u4ea7\u54c1\/\u97f3\u9891\u673a\u67b6\u9762\u677f-rab305-2\/"]}]},{"@type":"ImageObject","inLanguage":"es","@id":"https:\/\/sxflightcase.com\/zh\/\u4ea7\u54c1\/\u97f3\u9891\u673a\u67b6\u9762\u677f-rab305-2\/#primaryimage","url":"https:\/\/sxflightcase.com\/wp-content\/uploads\/2024\/09\/RAB305.jpg","contentUrl":"https:\/\/sxflightcase.com\/wp-content\/uploads\/2024\/09\/RAB305.jpg","width":700,"height":700,"caption":"Audio Rack Panel"},{"@type":"BreadcrumbList","@id":"https:\/\/sxflightcase.com\/zh\/\u4ea7\u54c1\/\u97f3\u9891\u673a\u67b6\u9762\u677f-rab305-2\/#breadcrumb","itemListElement":[{"@type":"ListItem","position":1,"name":"Home","item":"https:\/\/sxflightcase.com\/"},{"@type":"ListItem","position":2,"name":"\u0e2a\u0e34\u0e19\u0e04\u0e49\u0e32","item":"https:\/\/sxflightcase.com\/th\/shop\/"},{"@type":"ListItem","position":3,"name":"Audio Rack Panel RAB305"}]},{"@type":"WebSite","@id":"https:\/\/sxflightcase.com\/th\/#website","url":"https:\/\/sxflightcase.com\/th\/","name":"es.sxpowercase.com","description":"F\u00e1brica de flightcases","publisher":{"@id":"https:\/\/sxflightcase.com\/th\/#organization"},"potentialAction":[{"@type":"SearchAction","target":{"@type":"EntryPoint","urlTemplate":"https:\/\/sxflightcase.com\/th\/?s={search_term_string}"},"query-input":{"@type":"PropertyValueSpecification","valueRequired":true,"valueName":"search_term_string"}}],"inLanguage":"es"},{"@type":"Organization","@id":"https:\/\/sxflightcase.com\/th\/#organization","name":"es.sxpowercase.com","url":"https:\/\/sxflightcase.com\/th\/","logo":{"@type":"ImageObject","inLanguage":"es","@id":"https:\/\/sxflightcase.com\/th\/#\/schema\/logo\/image\/","url":"https:\/\/sxflightcase.com\/wp-content\/uploads\/2024\/04\/1713919036007.jpg","contentUrl":"https:\/\/sxflightcase.com\/wp-content\/uploads\/2024\/04\/1713919036007.jpg","width":382,"height":388,"caption":"sxpowercase.com"},"image":{"@id":"https:\/\/sxflightcase.com\/th\/#\/schema\/logo\/image\/"},"sameAs":["https:\/\/www.facebook.com\/profile.php?id=61560407257971"],"numberOfEmployees":{"@type":"QuantitativeValue","minValue":"11","maxValue":"50"}}]}},"_links":{"self":[{"href":"https:\/\/sxflightcase.com\/es_es\/wp-json\/wp\/v2\/product\/4399","targetHints":{"allow":["GET"]}}],"collection":[{"href":"https:\/\/sxflightcase.com\/es_es\/wp-json\/wp\/v2\/product"}],"about":[{"href":"https:\/\/sxflightcase.com\/es_es\/wp-json\/wp\/v2\/types\/product"}],"replies":[{"embeddable":true,"href":"https:\/\/sxflightcase.com\/es_es\/wp-json\/wp\/v2\/comments?post=4399"}],"version-history":[{"count":0,"href":"https:\/\/sxflightcase.com\/es_es\/wp-json\/wp\/v2\/product\/4399\/revisions"}],"wp:featuredmedia":[{"embeddable":true,"href":"https:\/\/sxflightcase.com\/es_es\/wp-json\/wp\/v2\/media\/4287"}],"wp:attachment":[{"href":"https:\/\/sxflightcase.com\/es_es\/wp-json\/wp\/v2\/media?parent=4399"}],"wp:term":[{"taxonomy":"product_brand","embeddable":true,"href":"https:\/\/sxflightcase.com\/es_es\/wp-json\/wp\/v2\/product_brand?post=4399"},{"taxonomy":"product_cat","embeddable":true,"href":"https:\/\/sxflightcase.com\/es_es\/wp-json\/wp\/v2\/product_cat?post=4399"},{"taxonomy":"product_tag","embeddable":true,"href":"https:\/\/sxflightcase.com\/es_es\/wp-json\/wp\/v2\/product_tag?post=4399"}],"curies":[{"name":"wp","href":"https:\/\/api.w.org\/{rel}","templated":true}]}}