{"id":4429,"date":"2024-09-18T07:14:45","date_gmt":"2024-09-18T06:14:45","guid":{"rendered":"https:\/\/sxpowercase.com\/?post_type=product&#038;p=4429"},"modified":"2024-09-18T07:14:46","modified_gmt":"2024-09-18T06:14:46","slug":"metal-rack-filler-panel-rab403","status":"publish","type":"product","link":"https:\/\/sxflightcase.com\/es_es\/producto\/panel-metalico-de-relleno-de-estanterias-rab403-2\/","title":{"rendered":"Panel de relleno para rejilla met\u00e1lica RAB403"},"content":{"rendered":"<h3>Optimice la configuraci\u00f3n de su bastidor con los paneles met\u00e1licos SX de relleno para bastidores<\/h3>\n<p>Cuando se construye un sistema de rack profesional, es esencial mantener el equipo organizado y protegido. El <a href=\"https:\/\/sxpowercase.com\/product\/rack-mountable-flat-raf102\/\"><strong>Panel de relleno para estanter\u00eda met\u00e1lica SX<\/strong><\/a> es una soluci\u00f3n sencilla pero eficaz para rellenar los espacios no utilizados de su rack. Estos paneles garantizan un mejor flujo de aire, ayudan a evitar la acumulaci\u00f3n de polvo y mantienen un aspecto limpio y profesional para su configuraci\u00f3n.<\/p>\n<h3>Construcci\u00f3n duradera y de alta calidad<\/h3>\n<p>En <strong><a href=\"https:\/\/sxpowercase.com\/\" target=\"_blank\" rel=\"noopener\" title=\"SX\" data-wpil-monitor-id=\"762\">SX<\/a><\/strong>Entendemos la necesidad de productos duraderos. Nuestra <strong>Paneles met\u00e1licos de relleno para estanter\u00edas<\/strong> est\u00e1n fabricados en metal de primera calidad, ofreciendo una durabilidad y fiabilidad superiores. Construidos para soportar un uso intensivo, estos paneles de relleno proporcionan una excelente protecci\u00f3n para sus equipos, al tiempo que mantienen un dise\u00f1o robusto que resiste el paso del tiempo.<\/p>\n<h3>Precios directos de f\u00e1brica para obtener el m\u00e1ximo valor<\/h3>\n<p>Elegir <strong>SX<\/strong> significa obtener productos de la m\u00e1xima calidad a precios asequibles. Con los precios directos de f\u00e1brica, ahorrar\u00e1 en su <strong>Panel met\u00e1lico de relleno para estanter\u00edas<\/strong> sin comprometer la calidad. De este modo, su instalaci\u00f3n seguir\u00e1 siendo rentable sin renunciar a la fiabilidad y el rendimiento que espera de un equipo profesional.<\/p>\n<h3>F\u00e1cil instalaci\u00f3n para cualquier sistema de estanter\u00edas<\/h3>\n<p>Dise\u00f1ado para la comodidad, <strong>Paneles de relleno para estanter\u00edas met\u00e1licas SX<\/strong> se adaptan perfectamente a los sistemas de rack est\u00e1ndar. Su dise\u00f1o de f\u00e1cil instalaci\u00f3n le permite colocarlos r\u00e1pidamente donde sea necesario, rellenando huecos en su rack para mejorar tanto la est\u00e9tica como la funcionalidad. Los paneles ayudan a mejorar el flujo de aire, garantizando que sus equipos se mantengan refrigerados y funcionen de forma eficiente.<\/p>\n<h3>Profesionales de todo el mundo conf\u00edan en nosotros<\/h3>\n<p>Profesionales de diversos sectores, desde el inform\u00e1tico al audiovisual, conf\u00edan en <strong>SX<\/strong> para sus componentes de rack. El sitio <strong>Panel met\u00e1lico de relleno para estanter\u00edas<\/strong> es una elecci\u00f3n popular por su combinaci\u00f3n de durabilidad, funcionalidad y precio asequible. Tanto si gestiona un centro de datos como si construye un estudio, <strong>SX<\/strong> ofrece soluciones fiables que mantienen sus equipos seguros y organizados.<\/p>\n<h3>Calidad fiable<\/h3>\n<p>Con <strong>SX<\/strong>puede esperar una calidad superior a un precio inmejorable. Nuestro <strong>Paneles met\u00e1licos de relleno para estanter\u00edas<\/strong> est\u00e1n fabricados para durar, lo que los convierte en una parte esencial de cualquier sistema de estanter\u00edas profesional. Elija <strong>SX<\/strong> para sus necesidades de relleno de estanter\u00edas y benef\u00edciese de productos dise\u00f1ados para ofrecer un rendimiento excelente sin arruinarse.<\/p>\n<p>Consigue tu <strong>Paneles de relleno para estanter\u00edas met\u00e1licas SX<\/strong> hoy mismo y disfrute de una instalaci\u00f3n de estanter\u00edas racionalizada y bien organizada a un precio que se ajusta a su presupuesto.<\/p>\n<ol>\n<li>P\u00f3ngase en contacto con nosotros:<span style=\"color: #0000ff;\"><a style=\"color: #0000ff;\" href=\"https:\/\/sxpowercase.com\/contact-us\/\">https:\/\/sxpowercase.com\/<\/a><\/span><\/li>\n<li>Cat\u00e1logo de productos de hardware\uff1a<span style=\"color: #0000ff;\"><a style=\"color: #0000ff;\" href=\"https:\/\/sxpowercase.com\/wp-content\/uploads\/2024\/07\/\u4e94\u91d1.pdf\">Cat\u00e1logo de accesorios de ferreter\u00eda<\/a><\/span><\/li>\n<\/ol>","protected":false},"excerpt":{"rendered":"<div class=\"flex max-w-full flex-col flex-grow\">\n<div class=\"min-h-[20px] text-message flex w-full flex-col items-end gap-2 whitespace-normal break-words [.text-message+&amp;]:mt-5\" dir=\"auto\" data-message-author-role=\"assistant\" data-message-id=\"38208414-a302-4391-97c9-56384cd325e8\">\n<div class=\"flex w-full flex-col gap-1 empty:hidden first:pt-[3px]\">\n<div class=\"markdown prose w-full break-words dark:prose-invert light\">\n<h3>Organize Your Rack with SX Metal Rack Filler Panels<\/h3>\n<p>SX Metal Rack Filler Panels offer a sleek solution for filling unused rack spaces, improving airflow and maintaining a professional appearance.<\/p>\n<h3>Built for Durability<\/h3>\n<p>Made from premium-grade metal, these filler panels are designed to withstand heavy-duty use, ensuring long-lasting protection for your equipment.<\/p>\n<h3>Affordable Factory Direct Pricing<\/h3>\n<p>Get top-quality rack components at competitive prices with SX\u2019s factory-direct pricing, ensuring maximum value without sacrificing performance.<\/p>\n<\/div>\n<\/div>\n<\/div>\n<\/div>\n","protected":false},"featured_media":4292,"comment_status":"open","ping_status":"closed","template":"","meta":[],"product_brand":[],"product_cat":[66],"product_tag":[],"class_list":{"0":"post-4429","1":"product","2":"type-product","3":"status-publish","4":"has-post-thumbnail","6":"product_cat-rack-hardware","8":"first","9":"instock","10":"shipping-taxable","11":"product-type-simple"},"yoast_head":"<!-- This site is optimized with the Yoast SEO Premium plugin v27.1 (Yoast SEO v27.2) - https:\/\/yoast.com\/product\/yoast-seo-premium-wordpress\/ -->\n<title>Metal Rack Filler Panel RAB403 - https:\/\/sxflightcase.com \ud83d\udc97<\/title>\n<meta name=\"description\" content=\"Metal rack filler panel, factory direct! High-quality, durable panels designed to cover empty rack spaces for a clean, professional look. Ideal for improving airflow and organization in rack setups.\" \/>\n<meta name=\"robots\" content=\"index, follow, max-snippet:-1, max-image-preview:large, max-video-preview:-1\" \/>\n<link rel=\"canonical\" href=\"https:\/\/sxflightcase.com\/es_es\/producto\/panel-metalico-de-relleno-de-estanterias-rab403-2\/\" \/>\n<meta property=\"og:locale\" content=\"es_ES\" \/>\n<meta property=\"og:type\" content=\"article\" \/>\n<meta property=\"og:title\" content=\"Metal Rack Filler Panel RAB403\" \/>\n<meta property=\"og:description\" content=\"Metal rack filler panel, factory direct! High-quality, durable panels designed to cover empty rack spaces for a clean, professional look. Ideal for improving airflow and organization in rack setups.\" \/>\n<meta property=\"og:url\" content=\"https:\/\/sxflightcase.com\/es_es\/producto\/panel-metalico-de-relleno-de-estanterias-rab403-2\/\" \/>\n<meta property=\"og:site_name\" content=\"https:\/\/sxflightcase.com\" \/>\n<meta property=\"article:publisher\" content=\"https:\/\/www.facebook.com\/profile.php?id=61560407257971\" \/>\n<meta property=\"article:modified_time\" content=\"2024-09-18T06:14:46+00:00\" \/>\n<meta property=\"og:image\" content=\"https:\/\/sxflightcase.com\/wp-content\/uploads\/2024\/09\/RAB403.jpg\" \/>\n\t<meta property=\"og:image:width\" content=\"700\" \/>\n\t<meta property=\"og:image:height\" content=\"700\" \/>\n\t<meta property=\"og:image:type\" content=\"image\/jpeg\" \/>\n<meta name=\"twitter:card\" content=\"summary_large_image\" \/>\n<meta name=\"twitter:label1\" content=\"Tiempo de lectura\" \/>\n\t<meta name=\"twitter:data1\" content=\"3 minutos\" \/>\n<script type=\"application\/ld+json\" class=\"yoast-schema-graph\">{\"@context\":\"https:\/\/schema.org\",\"@graph\":[{\"@type\":\"WebPage\",\"@id\":\"https:\/\/sxflightcase.com\/product\/metal-rack-filler-panel-rab403\/\",\"url\":\"https:\/\/sxflightcase.com\/product\/metal-rack-filler-panel-rab403\/\",\"name\":\"Metal Rack Filler Panel RAB403 - https:\/\/sxflightcase.com \ud83d\udc97\",\"isPartOf\":{\"@id\":\"https:\/\/sxflightcase.com\/th\/#website\"},\"primaryImageOfPage\":{\"@id\":\"https:\/\/sxflightcase.com\/product\/metal-rack-filler-panel-rab403\/#primaryimage\"},\"image\":{\"@id\":\"https:\/\/sxflightcase.com\/product\/metal-rack-filler-panel-rab403\/#primaryimage\"},\"thumbnailUrl\":\"https:\/\/sxflightcase.com\/wp-content\/uploads\/2024\/09\/RAB403.jpg\",\"datePublished\":\"2024-09-18T06:14:45+00:00\",\"dateModified\":\"2024-09-18T06:14:46+00:00\",\"description\":\"Metal rack filler panel, factory direct! High-quality, durable panels designed to cover empty rack spaces for a clean, professional look. Ideal for improving airflow and organization in rack setups.\",\"breadcrumb\":{\"@id\":\"https:\/\/sxflightcase.com\/product\/metal-rack-filler-panel-rab403\/#breadcrumb\"},\"inLanguage\":\"es\",\"potentialAction\":[{\"@type\":\"ReadAction\",\"target\":[\"https:\/\/sxflightcase.com\/product\/metal-rack-filler-panel-rab403\/\"]}]},{\"@type\":\"ImageObject\",\"inLanguage\":\"es\",\"@id\":\"https:\/\/sxflightcase.com\/product\/metal-rack-filler-panel-rab403\/#primaryimage\",\"url\":\"https:\/\/sxflightcase.com\/wp-content\/uploads\/2024\/09\/RAB403.jpg\",\"contentUrl\":\"https:\/\/sxflightcase.com\/wp-content\/uploads\/2024\/09\/RAB403.jpg\",\"width\":700,\"height\":700,\"caption\":\"Metal Rack Filler Panel\"},{\"@type\":\"BreadcrumbList\",\"@id\":\"https:\/\/sxflightcase.com\/product\/metal-rack-filler-panel-rab403\/#breadcrumb\",\"itemListElement\":[{\"@type\":\"ListItem\",\"position\":1,\"name\":\"Home\",\"item\":\"https:\/\/sxflightcase.com\/\"},{\"@type\":\"ListItem\",\"position\":2,\"name\":\"\u0e2a\u0e34\u0e19\u0e04\u0e49\u0e32\",\"item\":\"https:\/\/sxflightcase.com\/th\/shop\/\"},{\"@type\":\"ListItem\",\"position\":3,\"name\":\"Metal Rack Filler Panel RAB403\"}]},{\"@type\":\"WebSite\",\"@id\":\"https:\/\/sxflightcase.com\/th\/#website\",\"url\":\"https:\/\/sxflightcase.com\/th\/\",\"name\":\"sxpowercase.com\",\"description\":\"Flight Case Factory\",\"publisher\":{\"@id\":\"https:\/\/sxflightcase.com\/th\/#organization\"},\"potentialAction\":[{\"@type\":\"SearchAction\",\"target\":{\"@type\":\"EntryPoint\",\"urlTemplate\":\"https:\/\/sxflightcase.com\/th\/?s={search_term_string}\"},\"query-input\":{\"@type\":\"PropertyValueSpecification\",\"valueRequired\":true,\"valueName\":\"search_term_string\"}}],\"inLanguage\":\"es\"},{\"@type\":\"Organization\",\"@id\":\"https:\/\/sxflightcase.com\/th\/#organization\",\"name\":\"sxpowercase.com\",\"url\":\"https:\/\/sxflightcase.com\/th\/\",\"logo\":{\"@type\":\"ImageObject\",\"inLanguage\":\"es\",\"@id\":\"https:\/\/sxflightcase.com\/th\/#\/schema\/logo\/image\/\",\"url\":\"https:\/\/sxflightcase.com\/wp-content\/uploads\/2024\/04\/1713919036007.jpg\",\"contentUrl\":\"https:\/\/sxflightcase.com\/wp-content\/uploads\/2024\/04\/1713919036007.jpg\",\"width\":382,\"height\":388,\"caption\":\"sxpowercase.com\"},\"image\":{\"@id\":\"https:\/\/sxflightcase.com\/th\/#\/schema\/logo\/image\/\"},\"sameAs\":[\"https:\/\/www.facebook.com\/profile.php?id=61560407257971\"],\"numberOfEmployees\":{\"@type\":\"QuantitativeValue\",\"minValue\":\"11\",\"maxValue\":\"50\"}}]}<\/script>\n<!-- \/ Yoast SEO Premium plugin. -->","yoast_head_json":{"title":"Metal Rack Filler Panel RAB403 - https:\/\/sxflightcase.com \ud83d\udc97","description":"Panel met\u00e1lico de relleno de estanter\u00edas, \u00a1directo de f\u00e1brica! Paneles duraderos y de alta calidad dise\u00f1ados para cubrir los espacios vac\u00edos de los racks y darles un aspecto limpio y profesional. Ideal para mejorar el flujo de aire y la organizaci\u00f3n en configuraciones de rack.","robots":{"index":"index","follow":"follow","max-snippet":"max-snippet:-1","max-image-preview":"max-image-preview:large","max-video-preview":"max-video-preview:-1"},"canonical":"https:\/\/sxflightcase.com\/es_es\/producto\/panel-metalico-de-relleno-de-estanterias-rab403-2\/","og_locale":"es_ES","og_type":"article","og_title":"Metal Rack Filler Panel RAB403","og_description":"Metal rack filler panel, factory direct! High-quality, durable panels designed to cover empty rack spaces for a clean, professional look. Ideal for improving airflow and organization in rack setups.","og_url":"https:\/\/sxflightcase.com\/es_es\/producto\/panel-metalico-de-relleno-de-estanterias-rab403-2\/","og_site_name":"https:\/\/sxflightcase.com","article_publisher":"https:\/\/www.facebook.com\/profile.php?id=61560407257971","article_modified_time":"2024-09-18T06:14:46+00:00","og_image":[{"width":700,"height":700,"url":"https:\/\/sxflightcase.com\/wp-content\/uploads\/2024\/09\/RAB403.jpg","type":"image\/jpeg"}],"twitter_card":"summary_large_image","twitter_misc":{"Tiempo de lectura":"3 minutos"},"schema":{"@context":"https:\/\/schema.org","@graph":[{"@type":"WebPage","@id":"https:\/\/sxflightcase.com\/product\/metal-rack-filler-panel-rab403\/","url":"https:\/\/sxflightcase.com\/product\/metal-rack-filler-panel-rab403\/","name":"Metal Rack Filler Panel RAB403 - https:\/\/sxflightcase.com \ud83d\udc97","isPartOf":{"@id":"https:\/\/sxflightcase.com\/th\/#website"},"primaryImageOfPage":{"@id":"https:\/\/sxflightcase.com\/product\/metal-rack-filler-panel-rab403\/#primaryimage"},"image":{"@id":"https:\/\/sxflightcase.com\/product\/metal-rack-filler-panel-rab403\/#primaryimage"},"thumbnailUrl":"https:\/\/sxflightcase.com\/wp-content\/uploads\/2024\/09\/RAB403.jpg","datePublished":"2024-09-18T06:14:45+00:00","dateModified":"2024-09-18T06:14:46+00:00","description":"Panel met\u00e1lico de relleno de estanter\u00edas, \u00a1directo de f\u00e1brica! Paneles duraderos y de alta calidad dise\u00f1ados para cubrir los espacios vac\u00edos de los racks y darles un aspecto limpio y profesional. Ideal para mejorar el flujo de aire y la organizaci\u00f3n en configuraciones de rack.","breadcrumb":{"@id":"https:\/\/sxflightcase.com\/product\/metal-rack-filler-panel-rab403\/#breadcrumb"},"inLanguage":"es","potentialAction":[{"@type":"ReadAction","target":["https:\/\/sxflightcase.com\/product\/metal-rack-filler-panel-rab403\/"]}]},{"@type":"ImageObject","inLanguage":"es","@id":"https:\/\/sxflightcase.com\/product\/metal-rack-filler-panel-rab403\/#primaryimage","url":"https:\/\/sxflightcase.com\/wp-content\/uploads\/2024\/09\/RAB403.jpg","contentUrl":"https:\/\/sxflightcase.com\/wp-content\/uploads\/2024\/09\/RAB403.jpg","width":700,"height":700,"caption":"Metal Rack Filler Panel"},{"@type":"BreadcrumbList","@id":"https:\/\/sxflightcase.com\/product\/metal-rack-filler-panel-rab403\/#breadcrumb","itemListElement":[{"@type":"ListItem","position":1,"name":"Home","item":"https:\/\/sxflightcase.com\/"},{"@type":"ListItem","position":2,"name":"\u0e2a\u0e34\u0e19\u0e04\u0e49\u0e32","item":"https:\/\/sxflightcase.com\/th\/shop\/"},{"@type":"ListItem","position":3,"name":"Metal Rack Filler Panel RAB403"}]},{"@type":"WebSite","@id":"https:\/\/sxflightcase.com\/th\/#website","url":"https:\/\/sxflightcase.com\/th\/","name":"es.sxpowercase.com","description":"F\u00e1brica de flightcases","publisher":{"@id":"https:\/\/sxflightcase.com\/th\/#organization"},"potentialAction":[{"@type":"SearchAction","target":{"@type":"EntryPoint","urlTemplate":"https:\/\/sxflightcase.com\/th\/?s={search_term_string}"},"query-input":{"@type":"PropertyValueSpecification","valueRequired":true,"valueName":"search_term_string"}}],"inLanguage":"es"},{"@type":"Organization","@id":"https:\/\/sxflightcase.com\/th\/#organization","name":"es.sxpowercase.com","url":"https:\/\/sxflightcase.com\/th\/","logo":{"@type":"ImageObject","inLanguage":"es","@id":"https:\/\/sxflightcase.com\/th\/#\/schema\/logo\/image\/","url":"https:\/\/sxflightcase.com\/wp-content\/uploads\/2024\/04\/1713919036007.jpg","contentUrl":"https:\/\/sxflightcase.com\/wp-content\/uploads\/2024\/04\/1713919036007.jpg","width":382,"height":388,"caption":"sxpowercase.com"},"image":{"@id":"https:\/\/sxflightcase.com\/th\/#\/schema\/logo\/image\/"},"sameAs":["https:\/\/www.facebook.com\/profile.php?id=61560407257971"],"numberOfEmployees":{"@type":"QuantitativeValue","minValue":"11","maxValue":"50"}}]}},"_links":{"self":[{"href":"https:\/\/sxflightcase.com\/es_es\/wp-json\/wp\/v2\/product\/4429","targetHints":{"allow":["GET"]}}],"collection":[{"href":"https:\/\/sxflightcase.com\/es_es\/wp-json\/wp\/v2\/product"}],"about":[{"href":"https:\/\/sxflightcase.com\/es_es\/wp-json\/wp\/v2\/types\/product"}],"replies":[{"embeddable":true,"href":"https:\/\/sxflightcase.com\/es_es\/wp-json\/wp\/v2\/comments?post=4429"}],"version-history":[{"count":0,"href":"https:\/\/sxflightcase.com\/es_es\/wp-json\/wp\/v2\/product\/4429\/revisions"}],"wp:featuredmedia":[{"embeddable":true,"href":"https:\/\/sxflightcase.com\/es_es\/wp-json\/wp\/v2\/media\/4292"}],"wp:attachment":[{"href":"https:\/\/sxflightcase.com\/es_es\/wp-json\/wp\/v2\/media?parent=4429"}],"wp:term":[{"taxonomy":"product_brand","embeddable":true,"href":"https:\/\/sxflightcase.com\/es_es\/wp-json\/wp\/v2\/product_brand?post=4429"},{"taxonomy":"product_cat","embeddable":true,"href":"https:\/\/sxflightcase.com\/es_es\/wp-json\/wp\/v2\/product_cat?post=4429"},{"taxonomy":"product_tag","embeddable":true,"href":"https:\/\/sxflightcase.com\/es_es\/wp-json\/wp\/v2\/product_tag?post=4429"}],"curies":[{"name":"wp","href":"https:\/\/api.w.org\/{rel}","templated":true}]}}