{"id":1058,"date":"2024-05-06T04:04:43","date_gmt":"2024-05-06T03:04:43","guid":{"rendered":"https:\/\/sxpowercase.com\/?post_type=product&#038;p=1058"},"modified":"2025-02-17T22:56:11","modified_gmt":"2025-02-18T06:56:11","slug":"amp-flight-case-8u-10u-12u","status":"publish","type":"product","link":"https:\/\/sxflightcase.com\/fr\/produit\/flight-case-8u-10u-12u-2\/","title":{"rendered":"Personnaliser le Flight Case 8u 10u 12u"},"content":{"rendered":"<h2 data-start=\"118\" data-end=\"181\">Am\u00e9liorez la protection de votre mat\u00e9riel avec le Flight Case personnalis\u00e9 de SX<\/h2>\n<h3 data-start=\"183\" data-end=\"231\"><strong data-start=\"187\" data-end=\"231\">Une protection in\u00e9gal\u00e9e pour vos amplificateurs<\/strong><\/h3>\n<p data-start=\"233\" data-end=\"563\">Lorsqu'il s'agit de transporter vos objets de valeur <strong data-start=\"277\" data-end=\"291\">amplificateurs<\/strong>Il est donc essentiel d'assurer leur s\u00e9curit\u00e9. SX's <a href=\"https:\/\/sxpowercase.com\/product\/stage-lighting-flight-case\/\"><strong data-start=\"332\" data-end=\"358\">personnaliser les flight cases<\/strong><\/a> offrent une protection ultime, fabriqu\u00e9e avec pr\u00e9cision et souci du d\u00e9tail. Que vous partiez pour un concert, une tourn\u00e9e ou un studio, ces flight cases sont con\u00e7us pour garder votre mat\u00e9riel en s\u00e9curit\u00e9 et \u00e0 l'abri des dommages.<\/p>\n<h3 data-start=\"565\" data-end=\"612\"><strong data-start=\"569\" data-end=\"612\">Pourquoi choisir les Flight Cases sur mesure de SX ?<\/strong><\/h3>\n<p data-start=\"614\" data-end=\"1059\">Chez SX, nous comprenons que chaque amplificateur m\u00e9rite la meilleure protection. Notre <strong data-start=\"690\" data-end=\"716\">personnaliser <a href=\"https:\/\/sxpowercase.com\/product\/mixer-case-rack\/\">\u00e9tuis de transport<\/a><\/strong> sont con\u00e7us dans un souci de durabilit\u00e9 et de fonctionnalit\u00e9. Avec <strong data-start=\"778\" data-end=\"810\">mousse antichoc de haute densit\u00e9<\/strong> et robuste <strong data-start=\"822\" data-end=\"840\">cadre en aluminium<\/strong> Nos bo\u00eetiers prot\u00e8gent vos amplificateurs contre les chocs, les vibrations et les manipulations brutales. Que vous utilisiez un <strong data-start=\"959\" data-end=\"972\">ampli combo<\/strong> ou <strong data-start=\"976\" data-end=\"997\">engrenage \u00e0 cr\u00e9maill\u00e8re<\/strong>Nous nous assurons que votre \u00e9quipement reste intact pendant le transport.<\/p>\n<h3 data-start=\"1061\" data-end=\"1106\"><strong data-start=\"1065\" data-end=\"1106\">Des solutions sur mesure pour votre ampli<\/strong><\/h3>\n<p data-start=\"1108\" data-end=\"1498\">Il n'y a pas deux amplificateurs identiques, et c'est pourquoi <strong data-start=\"1155\" data-end=\"1161\">SX<\/strong> se sp\u00e9cialise dans <strong data-start=\"1177\" data-end=\"1203\">personnaliser les flight cases<\/strong>. Notre \u00e9quipe de conception travaille en \u00e9troite collaboration avec vous pour mettre au point un bo\u00eetier adapt\u00e9 aux dimensions de votre amplificateur, garantissant ainsi un ajustement parfait et s\u00fbr. Nous offrons une personnalisation en termes de <strong data-start=\"1368\" data-end=\"1376\">taille<\/strong>, <strong data-start=\"1378\" data-end=\"1391\">mat\u00e9riaux<\/strong>, <strong data-start=\"1393\" data-end=\"1418\">mousse d'int\u00e9rieur<\/strong>, <strong data-start=\"1420\" data-end=\"1431\">poign\u00e9es<\/strong>, <strong data-start=\"1433\" data-end=\"1442\">serrures<\/strong>et bien d'autres choses encore, ce qui vous permet de disposer d'un flight case qui vous est propre.<\/p>\n<h3 data-start=\"1500\" data-end=\"1570\"><strong data-start=\"1504\" data-end=\"1570\">Renforcez votre image professionnelle avec les Flight Cases personnalis\u00e9es de SX<\/strong><\/h3>\n<p data-start=\"1572\" data-end=\"1895\">En utilisant un <strong data-start=\"1580\" data-end=\"1605\">personnaliser le flight case<\/strong> from SX ne se contente pas de prot\u00e9ger votre \u00e9quipement, il am\u00e9liore votre image en tant que professionnel. Les clients et les partenaires appr\u00e9cieront votre souci du d\u00e9tail et votre engagement \u00e0 prot\u00e9ger votre mat\u00e9riel. Cela ajoute de la cr\u00e9dibilit\u00e9 et de la fiabilit\u00e9 \u00e0 votre marque, vous aidant \u00e0 vous d\u00e9marquer sur un march\u00e9 concurrentiel.<\/p>\n<h3 data-start=\"1897\" data-end=\"1964\"><strong data-start=\"1901\" data-end=\"1964\">Conception efficace et pratique pour les professionnels en d\u00e9placement<\/strong><\/h3>\n<p data-start=\"1966\" data-end=\"2364\">Notre <strong data-start=\"1970\" data-end=\"1996\">personnaliser les flight cases<\/strong> sont con\u00e7us dans un souci de commodit\u00e9. Des caract\u00e9ristiques telles que <strong data-start=\"2050\" data-end=\"2070\">poign\u00e9es int\u00e9gr\u00e9es<\/strong>, <strong data-start=\"2072\" data-end=\"2093\">roues robustes<\/strong>, et <strong data-start=\"2099\" data-end=\"2118\">serrures papillon<\/strong> vous permettent de transporter votre mat\u00e9riel sans effort. Vous n'aurez plus \u00e0 vous d\u00e9battre avec des mallettes difficiles \u00e0 manipuler, mais vous pourrez vous d\u00e9placer sans probl\u00e8me d'un concert \u00e0 l'autre. Avec SX, vous passerez moins de temps \u00e0 vous soucier de la protection de votre mat\u00e9riel et plus de temps \u00e0 vous concentrer sur votre performance.<\/p>\n<h3 data-start=\"2366\" data-end=\"2427\"><strong data-start=\"2370\" data-end=\"2427\">D\u00e9veloppez votre activit\u00e9 avec les Flight Cases personnalis\u00e9es de SX<\/strong><\/h3>\n<p data-start=\"2429\" data-end=\"2758\">En investissant dans les <strong data-start=\"2450\" data-end=\"2476\">personnaliser les flight cases<\/strong>En prot\u00e9geant votre mat\u00e9riel, vous n'investissez pas seulement dans la protection de votre mat\u00e9riel, mais aussi dans la croissance de votre entreprise. En prot\u00e9geant votre mat\u00e9riel de mani\u00e8re s\u00fbre et professionnelle, vous attirerez plus de clients, obtiendrez plus de repr\u00e9sentations et, en fin de compte, augmenterez vos revenus. Choisissez SX et \u00e9levez votre entreprise vers de nouveaux sommets.<\/p>\n<h3 data-start=\"2760\" data-end=\"2800\"><strong data-start=\"2764\" data-end=\"2800\">Satisfaction client garantie<\/strong><\/h3>\n<p data-start=\"2802\" data-end=\"3064\">Chez SX, nous nous engageons \u00e0 fournir le plus haut niveau de satisfaction \u00e0 nos clients. Nos <strong data-start=\"2887\" data-end=\"2913\">personnaliser les flight cases<\/strong> sont reconnus dans le monde entier pour leur durabilit\u00e9, leur qualit\u00e9 et leur fiabilit\u00e9. Rejoignez les nombreux professionnels qui font confiance \u00e0 SX pour prot\u00e9ger leurs pr\u00e9cieux amplificateurs.<\/p>\n<h3 data-start=\"3066\" data-end=\"3117\"><strong data-start=\"3070\" data-end=\"3117\">Principales caract\u00e9ristiques des Flight Cases SX's Customize<\/strong><\/h3>\n<ul data-start=\"3119\" data-end=\"3529\">\n<li data-start=\"3119\" data-end=\"3173\"><strong data-start=\"3121\" data-end=\"3134\">Mat\u00e9riau :<\/strong> Cadre en aluminium + contreplaqu\u00e9 ignifug\u00e9 de 9 mm<\/li>\n<li data-start=\"3174\" data-end=\"3218\"><strong data-start=\"3176\" data-end=\"3189\">Int\u00e9rieur :<\/strong> Mousse antichoc de haute densit\u00e9<\/li>\n<li data-start=\"3219\" data-end=\"3292\"><strong data-start=\"3221\" data-end=\"3239\">Personnalisation :<\/strong> Adapt\u00e9 \u00e0 la taille et aux sp\u00e9cifications de votre \u00e9quipement<\/li>\n<li data-start=\"3293\" data-end=\"3347\"><strong data-start=\"3295\" data-end=\"3307\">Emballage :<\/strong> Sac \u00e0 bulles + carton pour une livraison s\u00e9curis\u00e9e<\/li>\n<li data-start=\"3348\" data-end=\"3383\"><strong data-start=\"3350\" data-end=\"3366\">Dur\u00e9e de l'\u00e9chantillon :<\/strong> 3-5 jours ouvrables<\/li>\n<li data-start=\"3384\" data-end=\"3427\"><strong data-start=\"3386\" data-end=\"3408\">D\u00e9lai de commande formelle :<\/strong> 15-20 jours ouvrables<\/li>\n<li data-start=\"3428\" data-end=\"3529\"><strong data-start=\"3430\" data-end=\"3446\">Accessoires :<\/strong> Quatre serrures papillon, quatre roues et quatre poign\u00e9es solides pour un transport ais\u00e9<\/li>\n<\/ul>\n<h3 data-start=\"3531\" data-end=\"3577\"><strong data-start=\"3535\" data-end=\"3577\">FAQ sur les Flight Cases personnalis\u00e9s de SX<\/strong><\/h3>\n<p data-start=\"3579\" data-end=\"3745\"><strong data-start=\"3579\" data-end=\"3652\">Q : SX peut-il personnaliser l'int\u00e9rieur en mousse des flight cases personnalis\u00e9s ?<\/strong><br data-start=\"3652\" data-end=\"3655\" \/><strong data-start=\"3655\" data-end=\"3661\">A :<\/strong> Oui ! Nous fournissons <strong data-start=\"3678\" data-end=\"3703\">int\u00e9rieurs en mousse sur mesure<\/strong> con\u00e7u pour s'adapter pr\u00e9cis\u00e9ment \u00e0 votre amplificateur.<\/p>\n<p data-start=\"3747\" data-end=\"3982\"><strong data-start=\"3747\" data-end=\"3837\">Q : Les flight cases sur mesure de SX conviennent-ils \u00e0 la fois aux amplis combo et aux \u00e9quipements mont\u00e9s en rack ?<\/strong><br data-start=\"3837\" data-end=\"3840\" \/><strong data-start=\"3840\" data-end=\"3846\">A :<\/strong> Absolument ! Nous concevons <strong data-start=\"3869\" data-end=\"3890\">valises de route personnalis\u00e9es<\/strong> pour une large gamme de configurations d'amplis, y compris <strong data-start=\"3941\" data-end=\"3955\">amplificateurs combin\u00e9s<\/strong> et <strong data-start=\"3960\" data-end=\"3981\">engrenage \u00e0 cr\u00e9maill\u00e8re<\/strong>.<\/p>\n<p data-start=\"3984\" data-end=\"4200\"><strong data-start=\"3984\" data-end=\"4035\">Q : Quelle est la dur\u00e9e de vie des flight cases personnalis\u00e9s de SX ?<\/strong><br data-start=\"4035\" data-end=\"4038\" \/><strong data-start=\"4038\" data-end=\"4044\">A :<\/strong> Extr\u00eamement durable. Notre <strong data-start=\"4068\" data-end=\"4094\">personnaliser les flight cases<\/strong> sont con\u00e7us pour r\u00e9sister aux conditions les plus difficiles, garantissant une protection fiable de votre \u00e9quipement de valeur.<\/p>\n<p data-start=\"4202\" data-end=\"4433\"><strong data-start=\"4202\" data-end=\"4274\">Q : L'utilisation des flight cases personnalis\u00e9s de SX permettra-t-elle d'attirer plus de clients ?<\/strong><br data-start=\"4274\" data-end=\"4277\" \/><strong data-start=\"4277\" data-end=\"4283\">A :<\/strong> Oui, le fait d'avoir des <strong data-start=\"4315\" data-end=\"4341\">personnaliser les flight cases<\/strong> am\u00e9liore votre image, ce qui permet aux clients de vous faire davantage confiance et, en fin de compte, d'augmenter votre chiffre d'affaires.<\/p>\n<p data-start=\"4435\" data-end=\"4618\"><strong data-start=\"4435\" data-end=\"4489\">Q : Comment puis-je commander des flight cases personnalis\u00e9s aupr\u00e8s de SX ?<\/strong><br data-start=\"4489\" data-end=\"4492\" \/><strong data-start=\"4492\" data-end=\"4498\">A :<\/strong> Il vous suffit de contacter notre \u00e9quipe et nous collaborerons avec vous pour cr\u00e9er la solution id\u00e9ale. <strong data-start=\"4577\" data-end=\"4602\">personnaliser <a href=\"https:\/\/sxpowercase.com\/are-flight-case-safe\/\" target=\"_blank\" rel=\"noopener\"  data-wpil-monitor-id=\"903\">\u00e9tui de transport<\/a><\/strong> pour vos besoins.<\/p>\n<h3 data-start=\"4620\" data-end=\"4645\"><strong data-start=\"4624\" data-end=\"4643\">Obtenez un acc\u00e8s maintenant\u00a0:<\/strong><\/h3>\n<p data-start=\"4646\" data-end=\"4695\"><a href=\"https:\/\/sxpowercase.com\/contact-us\/\" target=\"_new\" rel=\"noopener\" data-start=\"4646\" data-end=\"4695\">Contact SX<\/a><\/p>\n<hr data-start=\"4697\" data-end=\"4700\" \/>\n<h3 data-start=\"4702\" data-end=\"4721\"><strong data-start=\"4706\" data-end=\"4719\">Tags chauds :<\/strong><\/h3>\n<p data-start=\"4722\" data-end=\"5006\"><strong data-start=\"4722\" data-end=\"5006\">Prix bas, en stock, \u00e9chantillon gratuit, c\u00e2ble d'alimentation et de signal, fil de calibre 16 \u00e0 4 conducteurs, bo\u00eetier de support de microphone, armoire d'affichage \u00e0 leds pour l'ext\u00e9rieur, montage en rack, bo\u00eetier de distribution \u00e9lectrique, Chine, fournisseurs, usine, personnalis\u00e9, grossiste, bo\u00eetiers d'alimentation, c\u00e2bles d'alimentation, contr\u00f4leurs de levage, flight cases<\/strong><\/p>","protected":false},"excerpt":{"rendered":"<h2><strong>Protection sur mesure<\/strong><\/h2>\n<p>Les flight cases pour amplificateurs de SX sont con\u00e7us pour durer et sont dot\u00e9s d'un int\u00e9rieur en mousse sur mesure pour prot\u00e9ger votre \u00e9quipement contre les chocs, les bosses et les vibrations pendant le transport.<\/p>\n<h2><strong>Des solutions sur mesure pour chaque amplificateur<\/strong><\/h2>\n<p>Qu'il s'agisse d'un ampli combo ou d'un \u00e9quipement mont\u00e9 en rack, SX propose des mallettes personnalis\u00e9es con\u00e7ues pour s'adapter \u00e0 votre amplificateur sp\u00e9cifique, garantissant une protection maximale et une tranquillit\u00e9 d'esprit sur la route.<\/p>\n<h2><strong>Professionnalisme et efficacit\u00e9<\/strong><\/h2>\n<p>En investissant dans les Amp Flight Cases de SX, vous prot\u00e9gez non seulement votre mat\u00e9riel, mais vous am\u00e9liorez \u00e9galement votre image professionnelle et votre efficacit\u00e9. Gr\u00e2ce \u00e0 des caract\u00e9ristiques pratiques telles que des poign\u00e9es int\u00e9gr\u00e9es et des roues robustes, vous pouvez vous concentrer sur votre performance, attirer plus de clients et obtenir plus de concerts.<\/p>","protected":false},"featured_media":1059,"comment_status":"open","ping_status":"closed","template":"","meta":[],"product_brand":[],"product_cat":[35],"product_tag":[54],"class_list":{"0":"post-1058","1":"product","2":"type-product","3":"status-publish","4":"has-post-thumbnail","6":"product_cat-standard-rack-cases","7":"product_tag-customize","9":"first","10":"instock","11":"shipping-taxable","12":"product-type-simple"},"yoast_head":"<!-- This site is optimized with the Yoast SEO Premium plugin v27.1 (Yoast SEO v27.2) - https:\/\/yoast.com\/product\/yoast-seo-premium-wordpress\/ -->\n<title>Customize Flight Case 8u 10u 12u - https:\/\/sxflightcase.com \ud83d\udc97<\/title>\n<meta name=\"description\" content=\"Customize Flight Case: Explore factory-direct sales and professional customization for the ultimate protection of your equipment\" \/>\n<meta name=\"robots\" content=\"index, follow, max-snippet:-1, max-image-preview:large, max-video-preview:-1\" \/>\n<link rel=\"canonical\" href=\"https:\/\/sxflightcase.com\/fr\/\u4ea7\u54c1\/\u653e\u5927\u5668\u98de\u884c\u7bb1-8u-10u-12u\/\" \/>\n<meta property=\"og:locale\" content=\"fr_FR\" \/>\n<meta property=\"og:type\" content=\"article\" \/>\n<meta property=\"og:title\" content=\"Customize Flight Case 8u 10u 12u\" \/>\n<meta property=\"og:description\" content=\"Customize Flight Case: Explore factory-direct sales and professional customization for the ultimate protection of your equipment\" \/>\n<meta property=\"og:url\" content=\"https:\/\/sxflightcase.com\/fr\/\u4ea7\u54c1\/\u653e\u5927\u5668\u98de\u884c\u7bb1-8u-10u-12u\/\" \/>\n<meta property=\"og:site_name\" content=\"https:\/\/sxflightcase.com\" \/>\n<meta property=\"article:publisher\" content=\"https:\/\/www.facebook.com\/profile.php?id=61560407257971\" \/>\n<meta property=\"article:modified_time\" content=\"2025-02-18T06:56:11+00:00\" \/>\n<meta property=\"og:image\" content=\"https:\/\/sxflightcase.com\/wp-content\/uploads\/2024\/05\/1714963187169.jpg\" \/>\n\t<meta property=\"og:image:width\" content=\"700\" \/>\n\t<meta property=\"og:image:height\" content=\"700\" \/>\n\t<meta property=\"og:image:type\" content=\"image\/jpeg\" \/>\n<meta name=\"twitter:card\" content=\"summary_large_image\" \/>\n<meta name=\"twitter:label1\" content=\"Dur\u00e9e de lecture estim\u00e9e\" \/>\n\t<meta name=\"twitter:data1\" content=\"4 minutes\" \/>\n<script type=\"application\/ld+json\" class=\"yoast-schema-graph\">{\"@context\":\"https:\/\/schema.org\",\"@graph\":[{\"@type\":\"WebPage\",\"@id\":\"https:\/\/sxflightcase.com\/zh\/\u4ea7\u54c1\/\u653e\u5927\u5668\u98de\u884c\u7bb1-8u-10u-12u\/\",\"url\":\"https:\/\/sxflightcase.com\/zh\/\u4ea7\u54c1\/\u653e\u5927\u5668\u98de\u884c\u7bb1-8u-10u-12u\/\",\"name\":\"Customize Flight Case 8u 10u 12u - https:\/\/sxflightcase.com \ud83d\udc97\",\"isPartOf\":{\"@id\":\"https:\/\/sxflightcase.com\/th\/#website\"},\"primaryImageOfPage\":{\"@id\":\"https:\/\/sxflightcase.com\/zh\/\u4ea7\u54c1\/\u653e\u5927\u5668\u98de\u884c\u7bb1-8u-10u-12u\/#primaryimage\"},\"image\":{\"@id\":\"https:\/\/sxflightcase.com\/zh\/\u4ea7\u54c1\/\u653e\u5927\u5668\u98de\u884c\u7bb1-8u-10u-12u\/#primaryimage\"},\"thumbnailUrl\":\"https:\/\/sxflightcase.com\/wp-content\/uploads\/2024\/05\/1714963187169.jpg\",\"datePublished\":\"2024-05-06T03:04:43+00:00\",\"dateModified\":\"2025-02-18T06:56:11+00:00\",\"description\":\"Customize Flight Case: Explore factory-direct sales and professional customization for the ultimate protection of your equipment\",\"breadcrumb\":{\"@id\":\"https:\/\/sxflightcase.com\/zh\/\u4ea7\u54c1\/\u653e\u5927\u5668\u98de\u884c\u7bb1-8u-10u-12u\/#breadcrumb\"},\"inLanguage\":\"fr-FR\",\"potentialAction\":[{\"@type\":\"ReadAction\",\"target\":[\"https:\/\/sxflightcase.com\/zh\/\u4ea7\u54c1\/\u653e\u5927\u5668\u98de\u884c\u7bb1-8u-10u-12u\/\"]}]},{\"@type\":\"ImageObject\",\"inLanguage\":\"fr-FR\",\"@id\":\"https:\/\/sxflightcase.com\/zh\/\u4ea7\u54c1\/\u653e\u5927\u5668\u98de\u884c\u7bb1-8u-10u-12u\/#primaryimage\",\"url\":\"https:\/\/sxflightcase.com\/wp-content\/uploads\/2024\/05\/1714963187169.jpg\",\"contentUrl\":\"https:\/\/sxflightcase.com\/wp-content\/uploads\/2024\/05\/1714963187169.jpg\",\"width\":700,\"height\":700,\"caption\":\"amp flight case\"},{\"@type\":\"BreadcrumbList\",\"@id\":\"https:\/\/sxflightcase.com\/zh\/\u4ea7\u54c1\/\u653e\u5927\u5668\u98de\u884c\u7bb1-8u-10u-12u\/#breadcrumb\",\"itemListElement\":[{\"@type\":\"ListItem\",\"position\":1,\"name\":\"Home\",\"item\":\"https:\/\/sxflightcase.com\/\"},{\"@type\":\"ListItem\",\"position\":2,\"name\":\"\u0e2a\u0e34\u0e19\u0e04\u0e49\u0e32\",\"item\":\"https:\/\/sxflightcase.com\/th\/shop\/\"},{\"@type\":\"ListItem\",\"position\":3,\"name\":\"Customize Flight Case 8u 10u 12u\"}]},{\"@type\":\"WebSite\",\"@id\":\"https:\/\/sxflightcase.com\/th\/#website\",\"url\":\"https:\/\/sxflightcase.com\/th\/\",\"name\":\"sxpowercase.com\",\"description\":\"Flight Case Factory\",\"publisher\":{\"@id\":\"https:\/\/sxflightcase.com\/th\/#organization\"},\"potentialAction\":[{\"@type\":\"SearchAction\",\"target\":{\"@type\":\"EntryPoint\",\"urlTemplate\":\"https:\/\/sxflightcase.com\/th\/?s={search_term_string}\"},\"query-input\":{\"@type\":\"PropertyValueSpecification\",\"valueRequired\":true,\"valueName\":\"search_term_string\"}}],\"inLanguage\":\"fr-FR\"},{\"@type\":\"Organization\",\"@id\":\"https:\/\/sxflightcase.com\/th\/#organization\",\"name\":\"sxpowercase.com\",\"url\":\"https:\/\/sxflightcase.com\/th\/\",\"logo\":{\"@type\":\"ImageObject\",\"inLanguage\":\"fr-FR\",\"@id\":\"https:\/\/sxflightcase.com\/th\/#\/schema\/logo\/image\/\",\"url\":\"https:\/\/sxflightcase.com\/wp-content\/uploads\/2024\/04\/1713919036007.jpg\",\"contentUrl\":\"https:\/\/sxflightcase.com\/wp-content\/uploads\/2024\/04\/1713919036007.jpg\",\"width\":382,\"height\":388,\"caption\":\"sxpowercase.com\"},\"image\":{\"@id\":\"https:\/\/sxflightcase.com\/th\/#\/schema\/logo\/image\/\"},\"sameAs\":[\"https:\/\/www.facebook.com\/profile.php?id=61560407257971\"],\"numberOfEmployees\":{\"@type\":\"QuantitativeValue\",\"minValue\":\"11\",\"maxValue\":\"50\"}}]}<\/script>\n<!-- \/ Yoast SEO Premium plugin. -->","yoast_head_json":{"title":"Customize Flight Case 8u 10u 12u - https:\/\/sxflightcase.com \ud83d\udc97","description":"Flight Case sur mesure : d\u00e9couvrez les ventes directes et la personnalisation professionnelle pour une protection optimale de votre \u00e9quipement.","robots":{"index":"index","follow":"follow","max-snippet":"max-snippet:-1","max-image-preview":"max-image-preview:large","max-video-preview":"max-video-preview:-1"},"canonical":"https:\/\/sxflightcase.com\/fr\/\u4ea7\u54c1\/\u653e\u5927\u5668\u98de\u884c\u7bb1-8u-10u-12u\/","og_locale":"fr_FR","og_type":"article","og_title":"Customize Flight Case 8u 10u 12u","og_description":"Customize Flight Case: Explore factory-direct sales and professional customization for the ultimate protection of your equipment","og_url":"https:\/\/sxflightcase.com\/fr\/\u4ea7\u54c1\/\u653e\u5927\u5668\u98de\u884c\u7bb1-8u-10u-12u\/","og_site_name":"https:\/\/sxflightcase.com","article_publisher":"https:\/\/www.facebook.com\/profile.php?id=61560407257971","article_modified_time":"2025-02-18T06:56:11+00:00","og_image":[{"width":700,"height":700,"url":"https:\/\/sxflightcase.com\/wp-content\/uploads\/2024\/05\/1714963187169.jpg","type":"image\/jpeg"}],"twitter_card":"summary_large_image","twitter_misc":{"Dur\u00e9e de lecture estim\u00e9e":"4 minutes"},"schema":{"@context":"https:\/\/schema.org","@graph":[{"@type":"WebPage","@id":"https:\/\/sxflightcase.com\/zh\/\u4ea7\u54c1\/\u653e\u5927\u5668\u98de\u884c\u7bb1-8u-10u-12u\/","url":"https:\/\/sxflightcase.com\/zh\/\u4ea7\u54c1\/\u653e\u5927\u5668\u98de\u884c\u7bb1-8u-10u-12u\/","name":"Customize Flight Case 8u 10u 12u - https:\/\/sxflightcase.com \ud83d\udc97","isPartOf":{"@id":"https:\/\/sxflightcase.com\/th\/#website"},"primaryImageOfPage":{"@id":"https:\/\/sxflightcase.com\/zh\/\u4ea7\u54c1\/\u653e\u5927\u5668\u98de\u884c\u7bb1-8u-10u-12u\/#primaryimage"},"image":{"@id":"https:\/\/sxflightcase.com\/zh\/\u4ea7\u54c1\/\u653e\u5927\u5668\u98de\u884c\u7bb1-8u-10u-12u\/#primaryimage"},"thumbnailUrl":"https:\/\/sxflightcase.com\/wp-content\/uploads\/2024\/05\/1714963187169.jpg","datePublished":"2024-05-06T03:04:43+00:00","dateModified":"2025-02-18T06:56:11+00:00","description":"Flight Case sur mesure : d\u00e9couvrez les ventes directes et la personnalisation professionnelle pour une protection optimale de votre \u00e9quipement.","breadcrumb":{"@id":"https:\/\/sxflightcase.com\/zh\/\u4ea7\u54c1\/\u653e\u5927\u5668\u98de\u884c\u7bb1-8u-10u-12u\/#breadcrumb"},"inLanguage":"fr-FR","potentialAction":[{"@type":"ReadAction","target":["https:\/\/sxflightcase.com\/zh\/\u4ea7\u54c1\/\u653e\u5927\u5668\u98de\u884c\u7bb1-8u-10u-12u\/"]}]},{"@type":"ImageObject","inLanguage":"fr-FR","@id":"https:\/\/sxflightcase.com\/zh\/\u4ea7\u54c1\/\u653e\u5927\u5668\u98de\u884c\u7bb1-8u-10u-12u\/#primaryimage","url":"https:\/\/sxflightcase.com\/wp-content\/uploads\/2024\/05\/1714963187169.jpg","contentUrl":"https:\/\/sxflightcase.com\/wp-content\/uploads\/2024\/05\/1714963187169.jpg","width":700,"height":700,"caption":"amp flight case"},{"@type":"BreadcrumbList","@id":"https:\/\/sxflightcase.com\/zh\/\u4ea7\u54c1\/\u653e\u5927\u5668\u98de\u884c\u7bb1-8u-10u-12u\/#breadcrumb","itemListElement":[{"@type":"ListItem","position":1,"name":"Home","item":"https:\/\/sxflightcase.com\/"},{"@type":"ListItem","position":2,"name":"\u0e2a\u0e34\u0e19\u0e04\u0e49\u0e32","item":"https:\/\/sxflightcase.com\/th\/shop\/"},{"@type":"ListItem","position":3,"name":"Customize Flight Case 8u 10u 12u"}]},{"@type":"WebSite","@id":"https:\/\/sxflightcase.com\/th\/#website","url":"https:\/\/sxflightcase.com\/th\/","name":"sxpowercase.com","description":"Flight Case Factory","publisher":{"@id":"https:\/\/sxflightcase.com\/th\/#organization"},"potentialAction":[{"@type":"SearchAction","target":{"@type":"EntryPoint","urlTemplate":"https:\/\/sxflightcase.com\/th\/?s={search_term_string}"},"query-input":{"@type":"PropertyValueSpecification","valueRequired":true,"valueName":"search_term_string"}}],"inLanguage":"fr-FR"},{"@type":"Organization","@id":"https:\/\/sxflightcase.com\/th\/#organization","name":"sxpowercase.com","url":"https:\/\/sxflightcase.com\/th\/","logo":{"@type":"ImageObject","inLanguage":"fr-FR","@id":"https:\/\/sxflightcase.com\/th\/#\/schema\/logo\/image\/","url":"https:\/\/sxflightcase.com\/wp-content\/uploads\/2024\/04\/1713919036007.jpg","contentUrl":"https:\/\/sxflightcase.com\/wp-content\/uploads\/2024\/04\/1713919036007.jpg","width":382,"height":388,"caption":"sxpowercase.com"},"image":{"@id":"https:\/\/sxflightcase.com\/th\/#\/schema\/logo\/image\/"},"sameAs":["https:\/\/www.facebook.com\/profile.php?id=61560407257971"],"numberOfEmployees":{"@type":"QuantitativeValue","minValue":"11","maxValue":"50"}}]}},"_links":{"self":[{"href":"https:\/\/sxflightcase.com\/fr\/wp-json\/wp\/v2\/product\/1058","targetHints":{"allow":["GET"]}}],"collection":[{"href":"https:\/\/sxflightcase.com\/fr\/wp-json\/wp\/v2\/product"}],"about":[{"href":"https:\/\/sxflightcase.com\/fr\/wp-json\/wp\/v2\/types\/product"}],"replies":[{"embeddable":true,"href":"https:\/\/sxflightcase.com\/fr\/wp-json\/wp\/v2\/comments?post=1058"}],"version-history":[{"count":0,"href":"https:\/\/sxflightcase.com\/fr\/wp-json\/wp\/v2\/product\/1058\/revisions"}],"wp:featuredmedia":[{"embeddable":true,"href":"https:\/\/sxflightcase.com\/fr\/wp-json\/wp\/v2\/media\/1059"}],"wp:attachment":[{"href":"https:\/\/sxflightcase.com\/fr\/wp-json\/wp\/v2\/media?parent=1058"}],"wp:term":[{"taxonomy":"product_brand","embeddable":true,"href":"https:\/\/sxflightcase.com\/fr\/wp-json\/wp\/v2\/product_brand?post=1058"},{"taxonomy":"product_cat","embeddable":true,"href":"https:\/\/sxflightcase.com\/fr\/wp-json\/wp\/v2\/product_cat?post=1058"},{"taxonomy":"product_tag","embeddable":true,"href":"https:\/\/sxflightcase.com\/fr\/wp-json\/wp\/v2\/product_tag?post=1058"}],"curies":[{"name":"wp","href":"https:\/\/api.w.org\/{rel}","templated":true}]}}