{"id":1063,"date":"2024-05-06T04:41:12","date_gmt":"2024-05-06T03:41:12","guid":{"rendered":"https:\/\/sxpowercase.com\/?post_type=product&#038;p=1063"},"modified":"2025-09-16T01:04:00","modified_gmt":"2025-09-16T08:04:00","slug":"midas-m32-case","status":"publish","type":"product","link":"https:\/\/sxflightcase.com\/fr\/produit\/usine-de-flight-cases-a-cremaillere\/","title":{"rendered":"Midas M32 Case Factory"},"content":{"rendered":"<h2 data-start=\"416\" data-end=\"488\">Mallette Midas M32 - Prot\u00e9gez votre mat\u00e9riel avec des solutions de mallettes de vol haut de gamme<\/h2>\n<h3 data-start=\"490\" data-end=\"536\"><strong data-start=\"494\" data-end=\"536\">Pourquoi choisir la valise Midas M32 de SX ?<\/strong><\/h3>\n<p data-start=\"538\" data-end=\"896\">Lors du transport de votre pr\u00e9cieux \u00e9quipement Midas M32, la protection est primordiale. Les <strong data-start=\"620\" data-end=\"638\">Mallette Midas M32<\/strong> de SX est la solution id\u00e9ale pour garantir la s\u00e9curit\u00e9 de votre mat\u00e9riel lors de vos d\u00e9placements. Fabriqu\u00e9 avec des mat\u00e9riaux de premi\u00e8re qualit\u00e9 tels que <strong data-start=\"766\" data-end=\"785\">cadres en aluminium<\/strong> et <strong data-start=\"790\" data-end=\"815\">Contreplaqu\u00e9 9mm ignifug\u00e9<\/strong>Notre mallette garantit la durabilit\u00e9 et la s\u00e9curit\u00e9 dont votre Midas M32 a besoin sur la route.<\/p>\n<h3 data-start=\"898\" data-end=\"949\"><strong data-start=\"902\" data-end=\"949\">Qualit\u00e9 in\u00e9gal\u00e9e et options de personnalisation<\/strong><\/h3>\n<p data-start=\"951\" data-end=\"1466\">Chez SX, nous sommes r\u00e9put\u00e9s pour nos solutions exceptionnelles en mati\u00e8re de flight cases. En tant qu'entreprise de confiance <strong data-start=\"1034\" data-end=\"1060\">Midas M32 Case factory<\/strong>Nous sommes sp\u00e9cialis\u00e9s dans la protection sur mesure de votre \u00e9quipement. Nos mallettes sont construites avec <strong data-start=\"1154\" data-end=\"1186\">mousse antichoc de haute densit\u00e9<\/strong> pour prot\u00e9ger votre Midas M32 des chocs, des chutes et des pressions ext\u00e9rieures. Vous avez le choix entre <strong data-start=\"1266\" data-end=\"1282\">tailles personnalis\u00e9es<\/strong>Nous vous proposons une large gamme d'accessoires, de mat\u00e9riaux et de configurations int\u00e9rieures pour r\u00e9pondre \u00e0 vos besoins sp\u00e9cifiques. Nous proposons \u00e9galement une vari\u00e9t\u00e9 de poign\u00e9es, de serrures et d'accessoires pour rendre votre valise aussi fonctionnelle et s\u00fbre que possible.<\/p>\n<h3 data-start=\"1468\" data-end=\"1513\"><strong data-start=\"1472\" data-end=\"1513\">Des solutions sur mesure pour votre \u00e9quipement<\/strong><\/h3>\n<p data-start=\"1515\" data-end=\"1913\">Nous comprenons que chaque \u00e9quipement est unique, c'est pourquoi nous proposons <strong data-start=\"1591\" data-end=\"1611\">solutions sur mesure<\/strong> pour votre bo\u00eetier Midas M32. Que vous ayez besoin d'un <strong data-start=\"1656\" data-end=\"1678\">dimension sp\u00e9cifique<\/strong> ou <strong data-start=\"1682\" data-end=\"1706\">int\u00e9rieur sp\u00e9cialis\u00e9<\/strong> Nous travaillons en \u00e9troite collaboration avec vous pour nous assurer que l'\u00e9tui r\u00e9pond \u00e0 vos besoins exacts. Notre \u00e9quipe d'experts s'engage \u00e0 fournir un ajustement parfait pour votre Midas M32, en assurant une protection maximale pendant le transport.<\/p>\n<h3 data-start=\"1915\" data-end=\"1967\"><strong data-start=\"1919\" data-end=\"1967\">Durable et fiable - Con\u00e7u pour la route<\/strong><\/h3>\n<p data-start=\"1969\" data-end=\"2318\">Avec <strong data-start=\"1974\" data-end=\"1998\">quatre serrures papillon<\/strong>, <strong data-start=\"2000\" data-end=\"2023\">quatre poign\u00e9es solides<\/strong>, et <strong data-start=\"2029\" data-end=\"2044\">quatre roues<\/strong> La mallette Midas M32 de SX est con\u00e7ue pour faciliter vos d\u00e9placements. La construction durable garantit que votre \u00e9quipement Midas M32 arrive \u00e0 destination en parfait \u00e9tat, tandis que le design pratique facilite le transport et la man\u0153uvre de la mallette.<\/p>\n<h3 data-start=\"2320\" data-end=\"2366\"><strong data-start=\"2324\" data-end=\"2366\">D\u00e9lais d'ex\u00e9cution rapides et prix abordables<\/strong><\/h3>\n<p data-start=\"2368\" data-end=\"2651\">Chez SX, nous sommes fiers de fournir des produits de premi\u00e8re qualit\u00e9 dans des d\u00e9lais rapides. Attendez-vous \u00e0 <strong data-start=\"2462\" data-end=\"2482\">3-5 jours ouvrables<\/strong> pour les \u00e9chantillons et <strong data-start=\"2499\" data-end=\"2521\">15-20 jours ouvrables<\/strong> pour les commandes formelles. Nous garantissons \u00e9galement des prix comp\u00e9titifs afin de vous offrir le meilleur rapport qualit\u00e9-prix pour votre investissement dans des flight cases de qualit\u00e9 sup\u00e9rieure.<\/p>\n<h3 data-start=\"2653\" data-end=\"2701\"><strong data-start=\"2657\" data-end=\"2701\">Votre fabricant de confiance de bo\u00eetiers Midas M32<\/strong><\/h3>\n<p data-start=\"2703\" data-end=\"3075\">En tant que leader <strong data-start=\"2716\" data-end=\"2747\">Midas M32 Case manufacturer<\/strong>SX se distingue par l'importance qu'il accorde \u00e0 <strong data-start=\"2780\" data-end=\"2833\">la qualit\u00e9, la personnalisation et la satisfaction du client<\/strong>. Nous avons acquis la r\u00e9putation de fabriquer des mallettes durables, fiables et con\u00e7ues par des professionnels qui assurent la tranquillit\u00e9 d'esprit pendant les voyages. En choisissant SX, vous choisissez un partenaire de confiance pour prot\u00e9ger votre Midas M32 et d'autres \u00e9quipements essentiels.<\/p>\n<h3 data-start=\"3077\" data-end=\"3119\"><strong data-start=\"3081\" data-end=\"3119\">Caract\u00e9ristiques principales de l'\u00e9tui M32<\/strong><\/h3>\n<ul data-start=\"3121\" data-end=\"3525\">\n<li data-start=\"3121\" data-end=\"3175\"><strong data-start=\"3123\" data-end=\"3136\">Mat\u00e9riau :<\/strong> Cadre en aluminium + contreplaqu\u00e9 ignifug\u00e9 de 9 mm<\/li>\n<li data-start=\"3176\" data-end=\"3220\"><strong data-start=\"3178\" data-end=\"3191\">Int\u00e9rieur :<\/strong> Mousse antichoc de haute densit\u00e9<\/li>\n<li data-start=\"3221\" data-end=\"3294\"><strong data-start=\"3223\" data-end=\"3241\">Personnalisation :<\/strong> Taille, mat\u00e9riaux, remplissage int\u00e9rieur, poign\u00e9es, serrures, etc.<\/li>\n<li data-start=\"3295\" data-end=\"3348\"><strong data-start=\"3297\" data-end=\"3309\">Emballage :<\/strong> Emballage \u00e0 bulles + carton pour une livraison en toute s\u00e9curit\u00e9<\/li>\n<li data-start=\"3349\" data-end=\"3384\"><strong data-start=\"3351\" data-end=\"3367\">Dur\u00e9e de l'\u00e9chantillon :<\/strong> 3-5 jours ouvrables<\/li>\n<li data-start=\"3385\" data-end=\"3428\"><strong data-start=\"3387\" data-end=\"3409\">D\u00e9lai de commande formelle :<\/strong> 15-20 jours ouvrables<\/li>\n<li data-start=\"3429\" data-end=\"3525\"><strong data-start=\"3431\" data-end=\"3447\">Accessoires :<\/strong> Quatre serrures papillon, quatre roues et quatre poign\u00e9es solides pour un transport ais\u00e9<\/li>\n<\/ul>\n<h3 data-start=\"3527\" data-end=\"3549\"><strong data-start=\"3531\" data-end=\"3549\">Pourquoi choisir SX?<\/strong><\/h3>\n<ul data-start=\"3551\" data-end=\"3820\">\n<li data-start=\"3551\" data-end=\"3615\"><strong data-start=\"3553\" data-end=\"3570\">Conception sur mesure<\/strong>: Des solutions sur mesure pour votre bo\u00eetier Midas M32.<\/li>\n<li data-start=\"3616\" data-end=\"3675\"><strong data-start=\"3618\" data-end=\"3633\">Fiabilit\u00e9<\/strong>: Con\u00e7u pour r\u00e9sister aux rigueurs du voyage.<\/li>\n<li data-start=\"3676\" data-end=\"3733\"><strong data-start=\"3678\" data-end=\"3692\">Efficacit\u00e9<\/strong>: D\u00e9lais de production et d'exp\u00e9dition rapides.<\/li>\n<li data-start=\"3734\" data-end=\"3820\"><strong data-start=\"3736\" data-end=\"3761\">Satisfaction client<\/strong>: Nous donnons la priorit\u00e9 \u00e0 vos besoins et vous offrons un service exceptionnel.<iframe title=\"Midas M32 Case\u2764\ufe0f\" width=\"563\" height=\"1000\" src=\"https:\/\/www.youtube.com\/embed\/_wQN6XUntyY?feature=oembed\" frameborder=\"0\" allow=\"accelerometer; autoplay; clipboard-write; encrypted-media; gyroscope; picture-in-picture; web-share\" referrerpolicy=\"strict-origin-when-cross-origin\" allowfullscreen><\/iframe><\/li>\n<\/ul>\n<h3 data-start=\"3822\" data-end=\"3859\"><strong data-start=\"3826\" data-end=\"3859\">FAQ sur l'\u00e9tui M32<\/strong><\/h3>\n<p data-start=\"3861\" data-end=\"4028\"><strong data-start=\"3861\" data-end=\"3933\">Q : SX peut-il personnaliser la mallette M32 pour des tailles d'\u00e9quipement sp\u00e9cifiques ?<\/strong><br data-start=\"3933\" data-end=\"3936\" \/><strong data-start=\"3936\" data-end=\"3942\">A :<\/strong> Oui ! Nous proposons des personnalisations bas\u00e9es sur les dimensions et les sp\u00e9cifications de votre \u00e9quipement.<\/p>\n<p data-start=\"4030\" data-end=\"4178\"><strong data-start=\"4030\" data-end=\"4071\">Q : Quelle est la dur\u00e9e de vie de l'\u00e9tui M32 ?<\/strong><br data-start=\"4071\" data-end=\"4074\" \/><strong data-start=\"4074\" data-end=\"4080\">A :<\/strong> Notre valise est con\u00e7ue pour r\u00e9sister aux d\u00e9placements intensifs, avec des mat\u00e9riaux renforc\u00e9s pour une protection maximale.<\/p>\n<p data-start=\"4180\" data-end=\"4328\"><strong data-start=\"4180\" data-end=\"4238\">Q : SX peut-il accepter des commandes en gros pour les bo\u00eetiers M32 ?<\/strong><br data-start=\"4238\" data-end=\"4241\" \/><strong data-start=\"4241\" data-end=\"4247\">A :<\/strong> Oui, nous pouvons traiter des commandes en gros et fournir des solutions sur mesure pour votre entreprise.<\/p>\n<p data-start=\"4330\" data-end=\"4456\"><strong data-start=\"4330\" data-end=\"4387\">Q : L'\u00e9tui M32 est-il couvert par une garantie ?<\/strong><br data-start=\"4387\" data-end=\"4390\" \/><strong data-start=\"4390\" data-end=\"4396\">A :<\/strong> Oui, nos \u00e9tuis sont assortis d'une garantie pour votre tranquillit\u00e9 d'esprit.<\/p>\n<p data-start=\"4458\" data-end=\"4634\"><strong data-start=\"4458\" data-end=\"4521\">Q : Comment puis-je passer une commande aupr\u00e8s de SX pour l'\u00e9tui M32 ?<\/strong><br data-start=\"4521\" data-end=\"4524\" \/><strong data-start=\"4524\" data-end=\"4530\">A :<\/strong> Il vous suffit de contacter notre \u00e9quipe pour discuter de vos besoins et nous vous guiderons tout au long du processus de commande.<\/p>\n<h3 data-start=\"4636\" data-end=\"4694\"><strong data-start=\"4640\" data-end=\"4694\">Maximiser la protection et le potentiel commercial avec SX<\/strong><\/h3>\n<p data-start=\"4696\" data-end=\"5045\">Investir dans les SX <strong data-start=\"4714\" data-end=\"4732\">Affaire M32<\/strong> ne se contente pas de prot\u00e9ger votre mat\u00e9riel, il am\u00e9liore \u00e9galement votre image professionnelle. Faites confiance \u00e0 SX pour offrir le plus haut niveau de protection \u00e0 votre \u00e9quipement de valeur. Que vous partiez en tourn\u00e9e, que vous vous produisiez lors d'un \u00e9v\u00e9nement ou que vous voyagiez pour affaires, la valise Midas M32 garantit que votre \u00e9quipement arrive en toute s\u00e9curit\u00e9 et pr\u00eat \u00e0 l'emploi.<\/p>\n<p data-start=\"5047\" data-end=\"5154\">Pour plus d'informations ou pour passer votre commande, visitez notre site web. <a href=\"https:\/\/sxpowercase.com\/contact-us\/\" target=\"_new\" rel=\"noopener\" data-start=\"5102\" data-end=\"5153\">page de contact<\/a>.<\/p>","protected":false},"excerpt":{"rendered":"<h2><strong>Assurance qualit\u00e9 garantie<\/strong>&lt;\/h2&gt;<\/h2>\n<p>En tant que fabricant leader de flight cases, SX propose des flight cases de qualit\u00e9 sup\u00e9rieure, fabriqu\u00e9s avec des mat\u00e9riaux haut de gamme et une technologie de pointe, garantissant une protection maximale de votre \u00e9quipement sur la route.<\/p>\n<h2><strong>Des solutions personnalis\u00e9es pour votre \u00e9quipement<\/strong><\/h2>\n<p>SX propose des flight cases sur mesure adapt\u00e9s \u00e0 vos besoins sp\u00e9cifiques, garantissant un ajustement parfait de votre \u00e9quipement. Faites \u00e9quipe avec nous pour concevoir la solution id\u00e9ale pour vos besoins de protection d&#039;\u00e9quipement.<\/p>\n<h2><strong>Expertise et fiabilit\u00e9<\/strong><\/h2>\n<p>Avec des d\u00e9cennies d&#039;exp\u00e9rience dans la fabrication de valises de transport, SX est votre partenaire de confiance pour la protection de votre pr\u00e9cieux \u00e9quipement. Notre engagement envers la qualit\u00e9, la fiabilit\u00e9 et la satisfaction de la client\u00e8le nous distingue dans l&#039;industrie.<\/p>","protected":false},"featured_media":7645,"comment_status":"open","ping_status":"closed","template":"","meta":[],"product_brand":[],"product_cat":[41],"product_tag":[],"class_list":{"0":"post-1063","1":"product","2":"type-product","3":"status-publish","4":"has-post-thumbnail","6":"product_cat-equipment-cases","8":"first","9":"instock","10":"shipping-taxable","11":"product-type-simple"},"yoast_head":"<!-- This site is optimized with the Yoast SEO Premium plugin v27.1 (Yoast SEO v27.2) - https:\/\/yoast.com\/product\/yoast-seo-premium-wordpress\/ -->\n<title>Midas M32 Case Factory - https:\/\/sxflightcase.com \ud83d\udc97<\/title>\n<meta name=\"description\" content=\"Midas M32 Case Factory: Specializing in direct sales and professional customization for premium equipment protection solutions.\" \/>\n<meta name=\"robots\" content=\"index, follow, max-snippet:-1, max-image-preview:large, max-video-preview:-1\" \/>\n<link rel=\"canonical\" href=\"https:\/\/sxflightcase.com\/fr\/produkt\/rack-flightcase-fabrik\/\" \/>\n<meta property=\"og:locale\" content=\"fr_FR\" \/>\n<meta property=\"og:type\" content=\"article\" \/>\n<meta property=\"og:title\" content=\"Midas M32 Case Factory\" \/>\n<meta property=\"og:description\" content=\"Midas M32 Case Factory: Specializing in direct sales and professional customization for premium equipment protection solutions.\" \/>\n<meta property=\"og:url\" content=\"https:\/\/sxflightcase.com\/fr\/produkt\/rack-flightcase-fabrik\/\" \/>\n<meta property=\"og:site_name\" content=\"https:\/\/sxflightcase.com\" \/>\n<meta property=\"article:publisher\" content=\"https:\/\/www.facebook.com\/profile.php?id=61560407257971\" \/>\n<meta property=\"article:modified_time\" content=\"2025-09-16T08:04:00+00:00\" \/>\n<meta property=\"og:image\" content=\"https:\/\/sxflightcase.com\/wp-content\/uploads\/2024\/05\/e19ee469-b0d3-4b48-96b6-c465aa5df5b1.jpg\" \/>\n\t<meta property=\"og:image:width\" content=\"800\" \/>\n\t<meta property=\"og:image:height\" content=\"800\" \/>\n\t<meta property=\"og:image:type\" content=\"image\/jpeg\" \/>\n<meta name=\"twitter:card\" content=\"summary_large_image\" \/>\n<meta name=\"twitter:label1\" content=\"Dur\u00e9e de lecture estim\u00e9e\" \/>\n\t<meta name=\"twitter:data1\" content=\"4 minutes\" \/>\n<script type=\"application\/ld+json\" class=\"yoast-schema-graph\">{\"@context\":\"https:\/\/schema.org\",\"@graph\":[{\"@type\":\"WebPage\",\"@id\":\"https:\/\/sxflightcase.com\/de\/produkt\/rack-flightcase-fabrik\/\",\"url\":\"https:\/\/sxflightcase.com\/de\/produkt\/rack-flightcase-fabrik\/\",\"name\":\"Midas M32 Case Factory - https:\/\/sxflightcase.com \ud83d\udc97\",\"isPartOf\":{\"@id\":\"https:\/\/sxflightcase.com\/th\/#website\"},\"primaryImageOfPage\":{\"@id\":\"https:\/\/sxflightcase.com\/de\/produkt\/rack-flightcase-fabrik\/#primaryimage\"},\"image\":{\"@id\":\"https:\/\/sxflightcase.com\/de\/produkt\/rack-flightcase-fabrik\/#primaryimage\"},\"thumbnailUrl\":\"https:\/\/sxflightcase.com\/wp-content\/uploads\/2024\/05\/e19ee469-b0d3-4b48-96b6-c465aa5df5b1.jpg\",\"datePublished\":\"2024-05-06T03:41:12+00:00\",\"dateModified\":\"2025-09-16T08:04:00+00:00\",\"description\":\"Midas M32 Case Factory: Specializing in direct sales and professional customization for premium equipment protection solutions.\",\"breadcrumb\":{\"@id\":\"https:\/\/sxflightcase.com\/de\/produkt\/rack-flightcase-fabrik\/#breadcrumb\"},\"inLanguage\":\"fr-FR\",\"potentialAction\":[{\"@type\":\"ReadAction\",\"target\":[\"https:\/\/sxflightcase.com\/de\/produkt\/rack-flightcase-fabrik\/\"]}]},{\"@type\":\"ImageObject\",\"inLanguage\":\"fr-FR\",\"@id\":\"https:\/\/sxflightcase.com\/de\/produkt\/rack-flightcase-fabrik\/#primaryimage\",\"url\":\"https:\/\/sxflightcase.com\/wp-content\/uploads\/2024\/05\/e19ee469-b0d3-4b48-96b6-c465aa5df5b1.jpg\",\"contentUrl\":\"https:\/\/sxflightcase.com\/wp-content\/uploads\/2024\/05\/e19ee469-b0d3-4b48-96b6-c465aa5df5b1.jpg\",\"width\":800,\"height\":800,\"caption\":\"Midas M32 Case\"},{\"@type\":\"BreadcrumbList\",\"@id\":\"https:\/\/sxflightcase.com\/de\/produkt\/rack-flightcase-fabrik\/#breadcrumb\",\"itemListElement\":[{\"@type\":\"ListItem\",\"position\":1,\"name\":\"Home\",\"item\":\"https:\/\/sxflightcase.com\/\"},{\"@type\":\"ListItem\",\"position\":2,\"name\":\"\u0e2a\u0e34\u0e19\u0e04\u0e49\u0e32\",\"item\":\"https:\/\/sxflightcase.com\/th\/shop\/\"},{\"@type\":\"ListItem\",\"position\":3,\"name\":\"Midas M32 Case Factory\"}]},{\"@type\":\"WebSite\",\"@id\":\"https:\/\/sxflightcase.com\/th\/#website\",\"url\":\"https:\/\/sxflightcase.com\/th\/\",\"name\":\"sxpowercase.com\",\"description\":\"Flight Case Factory\",\"publisher\":{\"@id\":\"https:\/\/sxflightcase.com\/th\/#organization\"},\"potentialAction\":[{\"@type\":\"SearchAction\",\"target\":{\"@type\":\"EntryPoint\",\"urlTemplate\":\"https:\/\/sxflightcase.com\/th\/?s={search_term_string}\"},\"query-input\":{\"@type\":\"PropertyValueSpecification\",\"valueRequired\":true,\"valueName\":\"search_term_string\"}}],\"inLanguage\":\"fr-FR\"},{\"@type\":\"Organization\",\"@id\":\"https:\/\/sxflightcase.com\/th\/#organization\",\"name\":\"sxpowercase.com\",\"url\":\"https:\/\/sxflightcase.com\/th\/\",\"logo\":{\"@type\":\"ImageObject\",\"inLanguage\":\"fr-FR\",\"@id\":\"https:\/\/sxflightcase.com\/th\/#\/schema\/logo\/image\/\",\"url\":\"https:\/\/sxflightcase.com\/wp-content\/uploads\/2024\/04\/1713919036007.jpg\",\"contentUrl\":\"https:\/\/sxflightcase.com\/wp-content\/uploads\/2024\/04\/1713919036007.jpg\",\"width\":382,\"height\":388,\"caption\":\"sxpowercase.com\"},\"image\":{\"@id\":\"https:\/\/sxflightcase.com\/th\/#\/schema\/logo\/image\/\"},\"sameAs\":[\"https:\/\/www.facebook.com\/profile.php?id=61560407257971\"],\"numberOfEmployees\":{\"@type\":\"QuantitativeValue\",\"minValue\":\"11\",\"maxValue\":\"50\"}}]}<\/script>\n<!-- \/ Yoast SEO Premium plugin. -->","yoast_head_json":{"title":"Midas M32 Case Factory - https:\/\/sxflightcase.com \ud83d\udc97","description":"Midas M32 Case Factory : Sp\u00e9cialis\u00e9 dans la vente directe et la personnalisation professionnelle de solutions de protection d'\u00e9quipements haut de gamme.","robots":{"index":"index","follow":"follow","max-snippet":"max-snippet:-1","max-image-preview":"max-image-preview:large","max-video-preview":"max-video-preview:-1"},"canonical":"https:\/\/sxflightcase.com\/fr\/produkt\/rack-flightcase-fabrik\/","og_locale":"fr_FR","og_type":"article","og_title":"Midas M32 Case Factory","og_description":"Midas M32 Case Factory: Specializing in direct sales and professional customization for premium equipment protection solutions.","og_url":"https:\/\/sxflightcase.com\/fr\/produkt\/rack-flightcase-fabrik\/","og_site_name":"https:\/\/sxflightcase.com","article_publisher":"https:\/\/www.facebook.com\/profile.php?id=61560407257971","article_modified_time":"2025-09-16T08:04:00+00:00","og_image":[{"width":800,"height":800,"url":"https:\/\/sxflightcase.com\/wp-content\/uploads\/2024\/05\/e19ee469-b0d3-4b48-96b6-c465aa5df5b1.jpg","type":"image\/jpeg"}],"twitter_card":"summary_large_image","twitter_misc":{"Dur\u00e9e de lecture estim\u00e9e":"4 minutes"},"schema":{"@context":"https:\/\/schema.org","@graph":[{"@type":"WebPage","@id":"https:\/\/sxflightcase.com\/de\/produkt\/rack-flightcase-fabrik\/","url":"https:\/\/sxflightcase.com\/de\/produkt\/rack-flightcase-fabrik\/","name":"Midas M32 Case Factory - https:\/\/sxflightcase.com \ud83d\udc97","isPartOf":{"@id":"https:\/\/sxflightcase.com\/th\/#website"},"primaryImageOfPage":{"@id":"https:\/\/sxflightcase.com\/de\/produkt\/rack-flightcase-fabrik\/#primaryimage"},"image":{"@id":"https:\/\/sxflightcase.com\/de\/produkt\/rack-flightcase-fabrik\/#primaryimage"},"thumbnailUrl":"https:\/\/sxflightcase.com\/wp-content\/uploads\/2024\/05\/e19ee469-b0d3-4b48-96b6-c465aa5df5b1.jpg","datePublished":"2024-05-06T03:41:12+00:00","dateModified":"2025-09-16T08:04:00+00:00","description":"Midas M32 Case Factory : Sp\u00e9cialis\u00e9 dans la vente directe et la personnalisation professionnelle de solutions de protection d'\u00e9quipements haut de gamme.","breadcrumb":{"@id":"https:\/\/sxflightcase.com\/de\/produkt\/rack-flightcase-fabrik\/#breadcrumb"},"inLanguage":"fr-FR","potentialAction":[{"@type":"ReadAction","target":["https:\/\/sxflightcase.com\/de\/produkt\/rack-flightcase-fabrik\/"]}]},{"@type":"ImageObject","inLanguage":"fr-FR","@id":"https:\/\/sxflightcase.com\/de\/produkt\/rack-flightcase-fabrik\/#primaryimage","url":"https:\/\/sxflightcase.com\/wp-content\/uploads\/2024\/05\/e19ee469-b0d3-4b48-96b6-c465aa5df5b1.jpg","contentUrl":"https:\/\/sxflightcase.com\/wp-content\/uploads\/2024\/05\/e19ee469-b0d3-4b48-96b6-c465aa5df5b1.jpg","width":800,"height":800,"caption":"Midas M32 Case"},{"@type":"BreadcrumbList","@id":"https:\/\/sxflightcase.com\/de\/produkt\/rack-flightcase-fabrik\/#breadcrumb","itemListElement":[{"@type":"ListItem","position":1,"name":"Home","item":"https:\/\/sxflightcase.com\/"},{"@type":"ListItem","position":2,"name":"\u0e2a\u0e34\u0e19\u0e04\u0e49\u0e32","item":"https:\/\/sxflightcase.com\/th\/shop\/"},{"@type":"ListItem","position":3,"name":"Midas M32 Case Factory"}]},{"@type":"WebSite","@id":"https:\/\/sxflightcase.com\/th\/#website","url":"https:\/\/sxflightcase.com\/th\/","name":"sxpowercase.com","description":"Flight Case Factory","publisher":{"@id":"https:\/\/sxflightcase.com\/th\/#organization"},"potentialAction":[{"@type":"SearchAction","target":{"@type":"EntryPoint","urlTemplate":"https:\/\/sxflightcase.com\/th\/?s={search_term_string}"},"query-input":{"@type":"PropertyValueSpecification","valueRequired":true,"valueName":"search_term_string"}}],"inLanguage":"fr-FR"},{"@type":"Organization","@id":"https:\/\/sxflightcase.com\/th\/#organization","name":"sxpowercase.com","url":"https:\/\/sxflightcase.com\/th\/","logo":{"@type":"ImageObject","inLanguage":"fr-FR","@id":"https:\/\/sxflightcase.com\/th\/#\/schema\/logo\/image\/","url":"https:\/\/sxflightcase.com\/wp-content\/uploads\/2024\/04\/1713919036007.jpg","contentUrl":"https:\/\/sxflightcase.com\/wp-content\/uploads\/2024\/04\/1713919036007.jpg","width":382,"height":388,"caption":"sxpowercase.com"},"image":{"@id":"https:\/\/sxflightcase.com\/th\/#\/schema\/logo\/image\/"},"sameAs":["https:\/\/www.facebook.com\/profile.php?id=61560407257971"],"numberOfEmployees":{"@type":"QuantitativeValue","minValue":"11","maxValue":"50"}}]}},"_links":{"self":[{"href":"https:\/\/sxflightcase.com\/fr\/wp-json\/wp\/v2\/product\/1063","targetHints":{"allow":["GET"]}}],"collection":[{"href":"https:\/\/sxflightcase.com\/fr\/wp-json\/wp\/v2\/product"}],"about":[{"href":"https:\/\/sxflightcase.com\/fr\/wp-json\/wp\/v2\/types\/product"}],"replies":[{"embeddable":true,"href":"https:\/\/sxflightcase.com\/fr\/wp-json\/wp\/v2\/comments?post=1063"}],"version-history":[{"count":0,"href":"https:\/\/sxflightcase.com\/fr\/wp-json\/wp\/v2\/product\/1063\/revisions"}],"wp:featuredmedia":[{"embeddable":true,"href":"https:\/\/sxflightcase.com\/fr\/wp-json\/wp\/v2\/media\/7645"}],"wp:attachment":[{"href":"https:\/\/sxflightcase.com\/fr\/wp-json\/wp\/v2\/media?parent=1063"}],"wp:term":[{"taxonomy":"product_brand","embeddable":true,"href":"https:\/\/sxflightcase.com\/fr\/wp-json\/wp\/v2\/product_brand?post=1063"},{"taxonomy":"product_cat","embeddable":true,"href":"https:\/\/sxflightcase.com\/fr\/wp-json\/wp\/v2\/product_cat?post=1063"},{"taxonomy":"product_tag","embeddable":true,"href":"https:\/\/sxflightcase.com\/fr\/wp-json\/wp\/v2\/product_tag?post=1063"}],"curies":[{"name":"wp","href":"https:\/\/api.w.org\/{rel}","templated":true}]}}