{"id":1069,"date":"2024-05-06T08:08:32","date_gmt":"2024-05-06T07:08:32","guid":{"rendered":"https:\/\/sxpowercase.com\/?post_type=product&#038;p=1069"},"modified":"2025-02-18T18:45:02","modified_gmt":"2025-02-19T02:45:02","slug":"road-case-workbox","status":"publish","type":"product","link":"https:\/\/sxflightcase.com\/fr\/produit\/boite-de-travail-pour-valise-de-route\/","title":{"rendered":"Usine de bo\u00eetiers pour DJ"},"content":{"rendered":"<p><strong>Titre :<\/strong><br \/>\nSX DJ Case Factory : Valises de route personnalis\u00e9es pour \u00e9quipement DJ | Flycases &amp; Rack Flight Cases<\/p>\n<p><strong>Meta Description :<\/strong><br \/>\nProt\u00e9gez votre mat\u00e9riel DJ avec les mallettes de transport personnalis\u00e9es de SX. Durables, portables et adapt\u00e9es \u00e0 votre \u00e9quipement. Stimulez votre activit\u00e9 gr\u00e2ce \u00e0 une protection de qualit\u00e9 professionnelle.<\/p>\n<h3><strong>SX : Votre fabricant de bo\u00eetiers DJ de confiance<\/strong><\/h3>\n<p><strong>SX<\/strong> est votre meilleur choix pour prot\u00e9ger votre \u00e9quipement de DJ. Que vous soyez en tourn\u00e9e ou en studio, nos mallettes prot\u00e8gent votre mat\u00e9riel et le rendent pr\u00eat pour n'importe quelle performance.<\/p>\n<h3><strong>Pourquoi choisir les \u00e9tuis SX DJ ?<\/strong><\/h3>\n<ol>\n<li><strong>Des solutions personnalis\u00e9es pour votre \u00e9quipement<\/strong><br \/>\nChaque installation de DJ est unique, tout comme nos bo\u00eetiers. Chez SX, nous cr\u00e9ons <strong>valises de route personnalis\u00e9es<\/strong> juste pour vous. Vous avez besoin d'une mallette pour des platines, des tables de mixage ou une installation compl\u00e8te ? Nous avons ce qu'il vous faut.<\/li>\n<li><strong>Flycases pour un transport facile<\/strong><br \/>\nNotre <strong>\u00e9tuis \u00e0 mouches<\/strong> sont parfaits pour les DJ en d\u00e9placement. Ils sont con\u00e7us pour durer, avec des poign\u00e9es ergonomiques et des roues souples. Le transport de votre mat\u00e9riel n'a jamais \u00e9t\u00e9 aussi facile.<\/li>\n<li><strong>Flight Cases en rack pour une protection maximale<\/strong><br \/>\nPour les installations plus importantes, notre <strong>flight cases en rack<\/strong> offrent une protection de premier ordre. Ils sont fabriqu\u00e9s avec <strong>cadres en aluminium<\/strong>, <strong>contreplaqu\u00e9 ignifug\u00e9 de 12 mm<\/strong>, et <strong>mousse antichoc de haute densit\u00e9<\/strong>. Ces caisses peuvent faire face \u00e0 tout ce que la route leur r\u00e9serve.<\/li>\n<li><strong>Boostez votre activit\u00e9 avec les \u00e9tuis pour DJ SX<\/strong><br \/>\nInvestir dans les mallettes DJ SX, c'est investir dans votre entreprise. Gr\u00e2ce \u00e0 notre protection de qualit\u00e9 professionnelle, vous pouvez vous concentrer sur la r\u00e9alisation de performances exceptionnelles pendant que nous prenons soin de votre mat\u00e9riel.<\/li>\n<li><strong>Maximisez vos profits<\/strong><br \/>\nLa protection de votre pr\u00e9cieux \u00e9quipement de DJ n'est pas seulement une question de s\u00e9curit\u00e9. Il s'agit \u00e9galement de maximiser vos profits. Une protection fiable signifie plus de concerts, des clients plus heureux et plus de revenus.<\/li>\n<\/ol>\n<h3><strong>Caract\u00e9ristiques principales :<\/strong><\/h3>\n<ul>\n<li><strong>Mat\u00e9riau :<\/strong> Cadre en aluminium + contreplaqu\u00e9 ignifug\u00e9 de 12 mm<\/li>\n<li><strong>Int\u00e9rieur :<\/strong> Mousse antichoc de haute densit\u00e9 pour une protection maximale<\/li>\n<li><strong>Taille :<\/strong> Enti\u00e8rement personnalisable pour s'adapter \u00e0 votre \u00e9quipement<\/li>\n<li><strong>Accessoires :<\/strong> Quatre serrures papillon, quatre roues, quatre poign\u00e9es solides<\/li>\n<li><strong>Personnalisation :<\/strong> Adaptez la valise \u00e0 vos besoins : choisissez les mat\u00e9riaux, les dimensions, les garnitures int\u00e9rieures, les poign\u00e9es et les serrures.<\/li>\n<\/ul>\n<h3><strong>Qualit\u00e9 et service exceptionnels<\/strong><\/h3>\n<p>Chez SX, nous nous concentrons sur <strong>une qualit\u00e9 exceptionnelle<\/strong> et <strong>service client\u00e8le<\/strong>. De nos mallettes de transport durables \u00e0 notre \u00e9quipe d'assistance r\u00e9active, nous nous consacrons \u00e0 votre satisfaction.<\/p>\n<h3><strong>FAQ<\/strong><\/h3>\n<p><strong>Q\u00a0:\u00a0SX peut-il personnaliser des mallettes de transport pour des tailles d&#039;\u00e9quipement DJ sp\u00e9cifiques\u00a0?<\/strong><br \/>\nR : Oui, nous proposons des solutions personnalis\u00e9es adapt\u00e9es aux dimensions et aux sp\u00e9cifications de votre \u00e9quipement.<\/p>\n<p><strong>Q\u00a0:\u00a0Les \u00e9tuis SX DJ sont-ils suffisamment durables pour les voyages fr\u00e9quents\u00a0?<\/strong><br \/>\nR : Absolument ! Nos valises de transport sont con\u00e7ues pour r\u00e9sister aux rigueurs de la route, garantissant une protection maximale de votre \u00e9quipement.<\/p>\n<p><strong>Q\u00a0: Offrez-vous une garantie pour les bo\u00eetiers SX DJ\u00a0?<\/strong><br \/>\nR : Oui, nos mallettes DJ sont couvertes par une garantie pour plus de tranquillit\u00e9 d&#039;esprit.<\/p>\n<p><strong>Q\u00a0: Comment puis-je passer une commande aupr\u00e8s de SX pour des valises DJ personnalis\u00e9es\u00a0?<\/strong><br \/>\nR : Il vous suffit de contacter notre \u00e9quipe et nous vous guiderons tout au long du processus de commande de housses de transport personnalis\u00e9es, adapt\u00e9es \u00e0 votre mat\u00e9riel de DJ.<\/p>\n<p><strong>Q : Puis-je commander en gros aupr\u00e8s de SX DJ Case Factory ?<\/strong><br \/>\nR : Oui, nous pouvons r\u00e9pondre aux commandes group\u00e9es pour r\u00e9pondre aux besoins de votre entreprise.<\/p>\n<h3><strong>Commandez votre valise DJ personnalis\u00e9e d\u00e8s aujourd'hui !<\/strong><\/h3>\n<p>Pr\u00eat \u00e0 prot\u00e9ger votre mat\u00e9riel de DJ avec les valises de route haut de gamme de SX ? Contactez-nous d\u00e8s maintenant pour concevoir votre solution personnalis\u00e9e.<\/p>\n<p><strong>Obtenez un acc\u00e8s maintenant\u00a0:<\/strong> <a href=\"https:\/\/sxpowercase.com\/contact-us\/\" target=\"_blank\" rel=\"noopener noreferrer\">https:\/\/sxpowercase.com\/contact-us\/<\/a><\/p>\n<h3><strong>Tags chauds :<\/strong><\/h3>\n<p>Bas prix, en stock, \u00e9chantillon gratuit, C\u00e2ble d'alimentation et de signal, fil de calibre 16 \u00e0 4 conducteurs, bo\u00eetier de support de microphone, armoire d'affichage LED ext\u00e9rieure, montage en rack, bo\u00eetier de distribution \u00e9lectrique, Chine, fournisseurs, usine, personnalis\u00e9, grossiste, bo\u00eetiers d'alimentation, c\u00e2bles d'alimentation, contr\u00f4leurs de levage, flight cases.<\/p>","protected":false},"excerpt":{"rendered":"<h2><strong>Protection personnalis\u00e9e pour votre \u00e9quipement<\/strong><\/h2>\n<p>SX se sp\u00e9cialise dans la cr\u00e9ation de mallettes de route personnalis\u00e9es adapt\u00e9es \u00e0 votre \u00e9quipement DJ sp\u00e9cifique, garantissant une protection maximale pour votre configuration.<\/p>\n<h2><strong>Flycases pour un transport facile<\/strong><\/h2>\n<p>Nos flycases sont con\u00e7us pour les DJ en d\u00e9placement, avec une construction durable et des poign\u00e9es pratiques pour un transport sans tracas entre les concerts.<\/p>\n<h2><strong>Valises de transport pour une protection optimale<\/strong><\/h2>\n<p>Pour les configurations DJ plus grandes, nos flight cases en rack offrent une protection suppl\u00e9mentaire contre les chocs et les rayures, garantissant que votre \u00e9quipement reste en s\u00e9curit\u00e9 sur la route.<\/p>","protected":false},"featured_media":1070,"comment_status":"open","ping_status":"closed","template":"","meta":[],"product_brand":[],"product_cat":[41],"product_tag":[],"class_list":{"0":"post-1069","1":"product","2":"type-product","3":"status-publish","4":"has-post-thumbnail","6":"product_cat-equipment-cases","8":"first","9":"instock","10":"shipping-taxable","11":"product-type-simple"},"yoast_head":"<!-- This site is optimized with the Yoast SEO Premium plugin v27.1 (Yoast SEO v27.2) - https:\/\/yoast.com\/product\/yoast-seo-premium-wordpress\/ -->\n<title>Dj Case Factory - https:\/\/sxflightcase.com \ud83d\udc97<\/title>\n<meta name=\"description\" content=\"Dj case factory: Specializing in direct sales and professional customization for premium equipment protection solutions.\" \/>\n<meta name=\"robots\" content=\"index, follow, max-snippet:-1, max-image-preview:large, max-video-preview:-1\" \/>\n<link rel=\"canonical\" href=\"https:\/\/sxflightcase.com\/fr\/produit\/boite-de-travail-pour-valise-de-route\/\" \/>\n<meta property=\"og:locale\" content=\"fr_FR\" \/>\n<meta property=\"og:type\" content=\"article\" \/>\n<meta property=\"og:title\" content=\"Dj Case Factory\" \/>\n<meta property=\"og:description\" content=\"Dj case factory: Specializing in direct sales and professional customization for premium equipment protection solutions.\" \/>\n<meta property=\"og:url\" content=\"https:\/\/sxflightcase.com\/fr\/produit\/boite-de-travail-pour-valise-de-route\/\" \/>\n<meta property=\"og:site_name\" content=\"https:\/\/sxflightcase.com\" \/>\n<meta property=\"article:publisher\" content=\"https:\/\/www.facebook.com\/profile.php?id=61560407257971\" \/>\n<meta property=\"article:modified_time\" content=\"2025-02-19T02:45:02+00:00\" \/>\n<meta property=\"og:image\" content=\"https:\/\/sxflightcase.com\/wp-content\/uploads\/2024\/05\/1714963576972.jpg\" \/>\n\t<meta property=\"og:image:width\" content=\"742\" \/>\n\t<meta property=\"og:image:height\" content=\"746\" \/>\n\t<meta property=\"og:image:type\" content=\"image\/jpeg\" \/>\n<meta name=\"twitter:card\" content=\"summary_large_image\" \/>\n<meta name=\"twitter:label1\" content=\"Dur\u00e9e de lecture estim\u00e9e\" \/>\n\t<meta name=\"twitter:data1\" content=\"4 minutes\" \/>\n<script type=\"application\/ld+json\" class=\"yoast-schema-graph\">{\"@context\":\"https:\/\/schema.org\",\"@graph\":[{\"@type\":\"WebPage\",\"@id\":\"https:\/\/sxflightcase.com\/fr\/produit\/boite-de-travail-pour-valise-de-route\/\",\"url\":\"https:\/\/sxflightcase.com\/fr\/produit\/boite-de-travail-pour-valise-de-route\/\",\"name\":\"Dj Case Factory - https:\/\/sxflightcase.com \ud83d\udc97\",\"isPartOf\":{\"@id\":\"https:\/\/sxflightcase.com\/th\/#website\"},\"primaryImageOfPage\":{\"@id\":\"https:\/\/sxflightcase.com\/fr\/produit\/boite-de-travail-pour-valise-de-route\/#primaryimage\"},\"image\":{\"@id\":\"https:\/\/sxflightcase.com\/fr\/produit\/boite-de-travail-pour-valise-de-route\/#primaryimage\"},\"thumbnailUrl\":\"https:\/\/sxflightcase.com\/wp-content\/uploads\/2024\/05\/1714963576972.jpg\",\"datePublished\":\"2024-05-06T07:08:32+00:00\",\"dateModified\":\"2025-02-19T02:45:02+00:00\",\"description\":\"Dj case factory: Specializing in direct sales and professional customization for premium equipment protection solutions.\",\"breadcrumb\":{\"@id\":\"https:\/\/sxflightcase.com\/fr\/produit\/boite-de-travail-pour-valise-de-route\/#breadcrumb\"},\"inLanguage\":\"fr-FR\",\"potentialAction\":[{\"@type\":\"ReadAction\",\"target\":[\"https:\/\/sxflightcase.com\/fr\/produit\/boite-de-travail-pour-valise-de-route\/\"]}]},{\"@type\":\"ImageObject\",\"inLanguage\":\"fr-FR\",\"@id\":\"https:\/\/sxflightcase.com\/fr\/produit\/boite-de-travail-pour-valise-de-route\/#primaryimage\",\"url\":\"https:\/\/sxflightcase.com\/wp-content\/uploads\/2024\/05\/1714963576972.jpg\",\"contentUrl\":\"https:\/\/sxflightcase.com\/wp-content\/uploads\/2024\/05\/1714963576972.jpg\",\"width\":742,\"height\":746,\"caption\":\"road case workbox\"},{\"@type\":\"BreadcrumbList\",\"@id\":\"https:\/\/sxflightcase.com\/fr\/produit\/boite-de-travail-pour-valise-de-route\/#breadcrumb\",\"itemListElement\":[{\"@type\":\"ListItem\",\"position\":1,\"name\":\"Home\",\"item\":\"https:\/\/sxflightcase.com\/\"},{\"@type\":\"ListItem\",\"position\":2,\"name\":\"\u0e2a\u0e34\u0e19\u0e04\u0e49\u0e32\",\"item\":\"https:\/\/sxflightcase.com\/th\/shop\/\"},{\"@type\":\"ListItem\",\"position\":3,\"name\":\"Dj Case Factory\"}]},{\"@type\":\"WebSite\",\"@id\":\"https:\/\/sxflightcase.com\/th\/#website\",\"url\":\"https:\/\/sxflightcase.com\/th\/\",\"name\":\"sxpowercase.com\",\"description\":\"Flight Case Factory\",\"publisher\":{\"@id\":\"https:\/\/sxflightcase.com\/th\/#organization\"},\"potentialAction\":[{\"@type\":\"SearchAction\",\"target\":{\"@type\":\"EntryPoint\",\"urlTemplate\":\"https:\/\/sxflightcase.com\/th\/?s={search_term_string}\"},\"query-input\":{\"@type\":\"PropertyValueSpecification\",\"valueRequired\":true,\"valueName\":\"search_term_string\"}}],\"inLanguage\":\"fr-FR\"},{\"@type\":\"Organization\",\"@id\":\"https:\/\/sxflightcase.com\/th\/#organization\",\"name\":\"sxpowercase.com\",\"url\":\"https:\/\/sxflightcase.com\/th\/\",\"logo\":{\"@type\":\"ImageObject\",\"inLanguage\":\"fr-FR\",\"@id\":\"https:\/\/sxflightcase.com\/th\/#\/schema\/logo\/image\/\",\"url\":\"https:\/\/sxflightcase.com\/wp-content\/uploads\/2024\/04\/1713919036007.jpg\",\"contentUrl\":\"https:\/\/sxflightcase.com\/wp-content\/uploads\/2024\/04\/1713919036007.jpg\",\"width\":382,\"height\":388,\"caption\":\"sxpowercase.com\"},\"image\":{\"@id\":\"https:\/\/sxflightcase.com\/th\/#\/schema\/logo\/image\/\"},\"sameAs\":[\"https:\/\/www.facebook.com\/profile.php?id=61560407257971\"],\"numberOfEmployees\":{\"@type\":\"QuantitativeValue\",\"minValue\":\"11\",\"maxValue\":\"50\"}}]}<\/script>\n<!-- \/ Yoast SEO Premium plugin. -->","yoast_head_json":{"title":"Dj Case Factory - https:\/\/sxflightcase.com \ud83d\udc97","description":"Usine de bo\u00eetiers DJ : Sp\u00e9cialis\u00e9e dans la vente directe et la personnalisation professionnelle de solutions de protection d&#039;\u00e9quipements haut de gamme.","robots":{"index":"index","follow":"follow","max-snippet":"max-snippet:-1","max-image-preview":"max-image-preview:large","max-video-preview":"max-video-preview:-1"},"canonical":"https:\/\/sxflightcase.com\/fr\/produit\/boite-de-travail-pour-valise-de-route\/","og_locale":"fr_FR","og_type":"article","og_title":"Dj Case Factory","og_description":"Dj case factory: Specializing in direct sales and professional customization for premium equipment protection solutions.","og_url":"https:\/\/sxflightcase.com\/fr\/produit\/boite-de-travail-pour-valise-de-route\/","og_site_name":"https:\/\/sxflightcase.com","article_publisher":"https:\/\/www.facebook.com\/profile.php?id=61560407257971","article_modified_time":"2025-02-19T02:45:02+00:00","og_image":[{"width":742,"height":746,"url":"https:\/\/sxflightcase.com\/wp-content\/uploads\/2024\/05\/1714963576972.jpg","type":"image\/jpeg"}],"twitter_card":"summary_large_image","twitter_misc":{"Dur\u00e9e de lecture estim\u00e9e":"4 minutes"},"schema":{"@context":"https:\/\/schema.org","@graph":[{"@type":"WebPage","@id":"https:\/\/sxflightcase.com\/fr\/produit\/boite-de-travail-pour-valise-de-route\/","url":"https:\/\/sxflightcase.com\/fr\/produit\/boite-de-travail-pour-valise-de-route\/","name":"Dj Case Factory - https:\/\/sxflightcase.com \ud83d\udc97","isPartOf":{"@id":"https:\/\/sxflightcase.com\/th\/#website"},"primaryImageOfPage":{"@id":"https:\/\/sxflightcase.com\/fr\/produit\/boite-de-travail-pour-valise-de-route\/#primaryimage"},"image":{"@id":"https:\/\/sxflightcase.com\/fr\/produit\/boite-de-travail-pour-valise-de-route\/#primaryimage"},"thumbnailUrl":"https:\/\/sxflightcase.com\/wp-content\/uploads\/2024\/05\/1714963576972.jpg","datePublished":"2024-05-06T07:08:32+00:00","dateModified":"2025-02-19T02:45:02+00:00","description":"Usine de bo\u00eetiers DJ : Sp\u00e9cialis\u00e9e dans la vente directe et la personnalisation professionnelle de solutions de protection d&#039;\u00e9quipements haut de gamme.","breadcrumb":{"@id":"https:\/\/sxflightcase.com\/fr\/produit\/boite-de-travail-pour-valise-de-route\/#breadcrumb"},"inLanguage":"fr-FR","potentialAction":[{"@type":"ReadAction","target":["https:\/\/sxflightcase.com\/fr\/produit\/boite-de-travail-pour-valise-de-route\/"]}]},{"@type":"ImageObject","inLanguage":"fr-FR","@id":"https:\/\/sxflightcase.com\/fr\/produit\/boite-de-travail-pour-valise-de-route\/#primaryimage","url":"https:\/\/sxflightcase.com\/wp-content\/uploads\/2024\/05\/1714963576972.jpg","contentUrl":"https:\/\/sxflightcase.com\/wp-content\/uploads\/2024\/05\/1714963576972.jpg","width":742,"height":746,"caption":"road case workbox"},{"@type":"BreadcrumbList","@id":"https:\/\/sxflightcase.com\/fr\/produit\/boite-de-travail-pour-valise-de-route\/#breadcrumb","itemListElement":[{"@type":"ListItem","position":1,"name":"Home","item":"https:\/\/sxflightcase.com\/"},{"@type":"ListItem","position":2,"name":"\u0e2a\u0e34\u0e19\u0e04\u0e49\u0e32","item":"https:\/\/sxflightcase.com\/th\/shop\/"},{"@type":"ListItem","position":3,"name":"Dj Case Factory"}]},{"@type":"WebSite","@id":"https:\/\/sxflightcase.com\/th\/#website","url":"https:\/\/sxflightcase.com\/th\/","name":"sxpowercase.com","description":"Flight Case Factory","publisher":{"@id":"https:\/\/sxflightcase.com\/th\/#organization"},"potentialAction":[{"@type":"SearchAction","target":{"@type":"EntryPoint","urlTemplate":"https:\/\/sxflightcase.com\/th\/?s={search_term_string}"},"query-input":{"@type":"PropertyValueSpecification","valueRequired":true,"valueName":"search_term_string"}}],"inLanguage":"fr-FR"},{"@type":"Organization","@id":"https:\/\/sxflightcase.com\/th\/#organization","name":"sxpowercase.com","url":"https:\/\/sxflightcase.com\/th\/","logo":{"@type":"ImageObject","inLanguage":"fr-FR","@id":"https:\/\/sxflightcase.com\/th\/#\/schema\/logo\/image\/","url":"https:\/\/sxflightcase.com\/wp-content\/uploads\/2024\/04\/1713919036007.jpg","contentUrl":"https:\/\/sxflightcase.com\/wp-content\/uploads\/2024\/04\/1713919036007.jpg","width":382,"height":388,"caption":"sxpowercase.com"},"image":{"@id":"https:\/\/sxflightcase.com\/th\/#\/schema\/logo\/image\/"},"sameAs":["https:\/\/www.facebook.com\/profile.php?id=61560407257971"],"numberOfEmployees":{"@type":"QuantitativeValue","minValue":"11","maxValue":"50"}}]}},"_links":{"self":[{"href":"https:\/\/sxflightcase.com\/fr\/wp-json\/wp\/v2\/product\/1069","targetHints":{"allow":["GET"]}}],"collection":[{"href":"https:\/\/sxflightcase.com\/fr\/wp-json\/wp\/v2\/product"}],"about":[{"href":"https:\/\/sxflightcase.com\/fr\/wp-json\/wp\/v2\/types\/product"}],"replies":[{"embeddable":true,"href":"https:\/\/sxflightcase.com\/fr\/wp-json\/wp\/v2\/comments?post=1069"}],"version-history":[{"count":0,"href":"https:\/\/sxflightcase.com\/fr\/wp-json\/wp\/v2\/product\/1069\/revisions"}],"wp:featuredmedia":[{"embeddable":true,"href":"https:\/\/sxflightcase.com\/fr\/wp-json\/wp\/v2\/media\/1070"}],"wp:attachment":[{"href":"https:\/\/sxflightcase.com\/fr\/wp-json\/wp\/v2\/media?parent=1069"}],"wp:term":[{"taxonomy":"product_brand","embeddable":true,"href":"https:\/\/sxflightcase.com\/fr\/wp-json\/wp\/v2\/product_brand?post=1069"},{"taxonomy":"product_cat","embeddable":true,"href":"https:\/\/sxflightcase.com\/fr\/wp-json\/wp\/v2\/product_cat?post=1069"},{"taxonomy":"product_tag","embeddable":true,"href":"https:\/\/sxflightcase.com\/fr\/wp-json\/wp\/v2\/product_tag?post=1069"}],"curies":[{"name":"wp","href":"https:\/\/api.w.org\/{rel}","templated":true}]}}