{"id":1092,"date":"2024-05-07T03:02:55","date_gmt":"2024-05-07T02:02:55","guid":{"rendered":"https:\/\/sxpowercase.com\/?post_type=product&#038;p=1092"},"modified":"2025-02-18T19:11:18","modified_gmt":"2025-02-19T03:11:18","slug":"dj-coffin-case-manufacture","status":"publish","type":"product","link":"https:\/\/sxflightcase.com\/fr\/produit\/fabrication-de-cercueils-pour-dj-2\/","title":{"rendered":"Fabrication de cercueils pour DJ"},"content":{"rendered":"<p><strong>Titre :<\/strong><br \/>\nSX DJ Coffin Case : Protection haut de gamme pour l'\u00e9quipement DJ | Personnalisable et durable<\/p>\n<p><strong>Meta Description :<\/strong><br \/>\nProt\u00e9gez votre mat\u00e9riel de DJ avec les coffres de DJ de qualit\u00e9 sup\u00e9rieure de SX. Personnalisables, durables et con\u00e7ues pour une protection maximale. Augmentez l'efficacit\u00e9 de votre entreprise d\u00e8s aujourd'hui !<\/p>\n<h3><strong>SX : Votre premier fabricant de bo\u00eetiers de cercueils pour DJ<\/strong><\/h3>\n<p><strong>SX<\/strong> est le meilleur choix pour prot\u00e9ger votre \u00e9quipement de DJ. Nos <strong>Bo\u00eetes de cercueils pour DJ<\/strong> sont con\u00e7us pour prot\u00e9ger votre mat\u00e9riel, que vous soyez en d\u00e9placement ou en studio.<\/p>\n<h3><strong>Pourquoi choisir les cercueils SX DJ ?<\/strong><\/h3>\n<ol>\n<li><strong>Protection maximale de votre mat\u00e9riel<\/strong><br \/>\nNos cas utilisent <strong>Contreplaqu\u00e9 lamin\u00e9 de 9 mm<\/strong>, <strong>quincaillerie plaqu\u00e9e de qualit\u00e9 commerciale<\/strong>, et <strong>rembourrage int\u00e9rieur en mousse EVA ultra-durable<\/strong>. Cela signifie que votre \u00e9quipement est \u00e0 l'abri des chocs, des chutes et des vibrations.<\/li>\n<li><strong>Des solutions personnalis\u00e9es pour votre installation<\/strong><br \/>\nChaque configuration de DJ est diff\u00e9rente. Nous pouvons cr\u00e9er un <strong>solution personnalis\u00e9e<\/strong> pour vos besoins exacts, qu'il s'agisse de deux platines et d'une table de mixage ou plus.<\/li>\n<li><strong>Am\u00e9liorer l'efficacit\u00e9 des entreprises<\/strong><br \/>\nNos dossiers vous aident \u00e0 rester concentr\u00e9 sur vos performances. Cela signifie plus de concerts, plus de revenus et une meilleure productivit\u00e9.<\/li>\n<li><strong>Maximisez vos profits<\/strong><br \/>\nL'achat de SX DJ Coffin Cases est un investissement intelligent. Vous \u00e9conomisez de l'argent en \u00e9vitant les dommages et les remplacements. De plus, les \u00e9tuis durables vous permettent d'accepter plus de concerts, ce qui augmente vos profits.<\/li>\n<li><strong>Qualit\u00e9 et service exceptionnels<\/strong><br \/>\nChez SX, nous nous concentrons sur <strong>une qualit\u00e9 exceptionnelle<\/strong> et <strong>service client\u00e8le<\/strong>. Nous travaillons en \u00e9troite collaboration avec vous pour nous assurer que vous \u00eates enti\u00e8rement satisfait.<\/li>\n<\/ol>\n<h3><strong>Caract\u00e9ristiques principales :<\/strong><\/h3>\n<ul>\n<li><strong>Mat\u00e9riau :<\/strong> Contreplaqu\u00e9 lamin\u00e9 de 9 mm et quincaillerie de qualit\u00e9 commerciale<\/li>\n<li><strong>Int\u00e9rieur :<\/strong> Rembourrage en mousse EVA ultra-durable pour une protection maximale<\/li>\n<li><strong>Poign\u00e9es et loquets :<\/strong> Poign\u00e9es et loquets Signature Gator Red pour un transport facile<\/li>\n<li><strong>Roues :<\/strong> Poign\u00e9e de remorquage encastr\u00e9e \u00e0 ressort et roues pour la mobilit\u00e9<\/li>\n<li><strong>Ventilation :<\/strong> Les blocs de mousse permettent une ventilation par le bas.<\/li>\n<li><strong>Options de couleur :<\/strong> Noir, bleu, rouge ou couleurs personnalis\u00e9es disponibles<\/li>\n<\/ul>\n<h3><strong>Boostez votre activit\u00e9 avec les cercueils SX DJ<\/strong><\/h3>\n<p>Ne laissez pas un \u00e9quipement endommag\u00e9 ou d\u00e9sorganis\u00e9 vous ralentir. Avec les coffres SX DJ, vous pouvez :<\/p>\n<ul>\n<li><strong>Prot\u00e9gez votre mat\u00e9riel de valeur<\/strong> des dommages pendant le transport.<\/li>\n<li><strong>Rester organis\u00e9<\/strong> et pr\u00eat pour chaque concert.<\/li>\n<li><strong>Augmenter vos r\u00e9sultats<\/strong> en acceptant plus de projets en toute confiance.<\/li>\n<\/ul>\n<h3><strong>FAQ<\/strong><\/h3>\n<p><strong>Q : SX peut-il personnaliser les coffres de DJ pour des tailles d'\u00e9quipement sp\u00e9cifiques ?<\/strong><br \/>\nR : Oui, nous proposons des solutions personnalis\u00e9es adapt\u00e9es aux dimensions et aux sp\u00e9cifications de votre \u00e9quipement.<\/p>\n<p><strong>Q : Les coffres SX DJ conviennent-ils aux DJ professionnels et amateurs ?<\/strong><br \/>\nR : Absolument ! Nos mallettes sont con\u00e7ues pour r\u00e9pondre aux besoins des DJ de tous niveaux.<\/p>\n<p><strong>Q : Combien de temps faut-il pour recevoir un cercueil DJ personnalis\u00e9 de SX ?<\/strong><br \/>\nR : Les d\u00e9lais de livraison varient en fonction de la complexit\u00e9 du dossier et de notre charge de travail actuelle. Contactez-nous pour conna\u00eetre les d\u00e9lais de livraison sp\u00e9cifiques.<\/p>\n<p><strong>Q : Les coffres SX DJ sont-ils couverts par une garantie ?<\/strong><br \/>\nR : Oui, nos \u00e9tuis sont couverts par une garantie pour une plus grande tranquillit\u00e9 d'esprit.<\/p>\n<p><strong>Q : Puis-je commander des housses de cercueils pour DJ en vrac aupr\u00e8s de SX ?<\/strong><br \/>\nR : Oui, nous pouvons accepter des commandes en gros. Contactez-nous pour conna\u00eetre les prix et la disponibilit\u00e9.<\/p>\n<h3><strong>Commandez d\u00e8s aujourd'hui votre coffret DJ personnalis\u00e9 !<\/strong><\/h3>\n<p>Pr\u00eat \u00e0 prot\u00e9ger votre mat\u00e9riel de DJ avec les Coffin Cases de SX ? Contactez-nous d\u00e8s maintenant pour concevoir votre solution personnalis\u00e9e.<\/p>\n<p><strong>Obtenez un acc\u00e8s maintenant\u00a0:<\/strong> <a href=\"https:\/\/sxpowercase.com\/contact-us\/\" target=\"_blank\" rel=\"noopener noreferrer\">https:\/\/sxpowercase.com\/contact-us\/<\/a><\/p>\n<h3><strong>Tags chauds :<\/strong><\/h3>\n<p>Prix bas, en stock, C\u00e2ble d'alimentation et de signal, fil de calibre 16 \u00e0 4 conducteurs, bo\u00eetier de support de microphone, armoire d'affichage LED ext\u00e9rieure, montage en rack, bo\u00eetier de distribution \u00e9lectrique, Chine, fournisseurs, usine, personnalis\u00e9, grossiste, bo\u00eetiers d'alimentation, c\u00e2bles d'alimentation, contr\u00f4leurs de levage, flight cases.<\/p>","protected":false},"excerpt":{"rendered":"<h2 class=\"prodetails-name\">Bo\u00eetier de cercueil DJ<\/h2>\n<p>Notre console en mode combat est dot\u00e9e de puits de table tournante \u00e0 90 degr\u00e9s. Cette valise comporte des logements de platine enti\u00e8rement rembourr\u00e9s et des ferrures encastr\u00e9es. Elle peut contenir deux platines 1200 Style en position de combat et une table de mixage 12\u2033. Comprend des roulettes pour faciliter le transport.<\/p>\n<h2><strong>Pr\u00e9sentation de la production<\/strong><\/h2>\n<p>Mallette pour table de mixage DJ<\/p>\n<p>- Mode combat console<\/p>\n<p>- Cuvettes rembourr\u00e9es pour la table tournante<\/p>\n<p>- Peut contenir des tables de mixage DJ de format 12\u2033 d'une largeur maximale de 13\u2033.<\/p>\n<p>- Boule robuste Coins<\/p>\n<p>- Panneau amovible en V de la fa\u00e7ade du m\u00e9langeur central<\/p>\n<p>- Poign\u00e9es et loquets encastr\u00e9s<\/p>\n<p>- Comprend des roulettes int\u00e9gr\u00e9es pour un transport facile<\/p>","protected":false},"featured_media":1093,"comment_status":"open","ping_status":"closed","template":"","meta":[],"product_brand":[],"product_cat":[41],"product_tag":[],"class_list":{"0":"post-1092","1":"product","2":"type-product","3":"status-publish","4":"has-post-thumbnail","6":"product_cat-equipment-cases","8":"first","9":"instock","10":"shipping-taxable","11":"product-type-simple"},"yoast_head":"<!-- This site is optimized with the Yoast SEO Premium plugin v27.1 (Yoast SEO v27.2) - https:\/\/yoast.com\/product\/yoast-seo-premium-wordpress\/ -->\n<title>DJ Coffin Case Manufacture - https:\/\/sxflightcase.com \ud83d\udc97<\/title>\n<meta name=\"description\" content=\"DJ Coffin Case Manufacture:: Factory-direct sales and professional customization for precise control solutions tailored to your needs.\" \/>\n<meta name=\"robots\" content=\"index, follow, max-snippet:-1, max-image-preview:large, max-video-preview:-1\" \/>\n<link rel=\"canonical\" href=\"https:\/\/sxflightcase.com\/fr\/\u0645\u0646\u062a\u062c\/\u062a\u0635\u0646\u064a\u0639-\u0639\u0644\u0628\u0629-\u062a\u0627\u0628\u0648\u062a-\u062f\u064a-\u062c\u064a-2\/\" \/>\n<meta property=\"og:locale\" content=\"fr_FR\" \/>\n<meta property=\"og:type\" content=\"article\" \/>\n<meta property=\"og:title\" content=\"DJ Coffin Case Manufacture\" \/>\n<meta property=\"og:description\" content=\"DJ Coffin Case Manufacture:: Factory-direct sales and professional customization for precise control solutions tailored to your needs.\" \/>\n<meta property=\"og:url\" content=\"https:\/\/sxflightcase.com\/fr\/\u0645\u0646\u062a\u062c\/\u062a\u0635\u0646\u064a\u0639-\u0639\u0644\u0628\u0629-\u062a\u0627\u0628\u0648\u062a-\u062f\u064a-\u062c\u064a-2\/\" \/>\n<meta property=\"og:site_name\" content=\"https:\/\/sxflightcase.com\" \/>\n<meta property=\"article:publisher\" content=\"https:\/\/www.facebook.com\/profile.php?id=61560407257971\" \/>\n<meta property=\"article:modified_time\" content=\"2025-02-19T03:11:18+00:00\" \/>\n<meta property=\"og:image\" content=\"https:\/\/sxflightcase.com\/wp-content\/uploads\/2024\/05\/1714984371581.jpg\" \/>\n\t<meta property=\"og:image:width\" content=\"700\" \/>\n\t<meta property=\"og:image:height\" content=\"700\" \/>\n\t<meta property=\"og:image:type\" content=\"image\/jpeg\" \/>\n<meta name=\"twitter:card\" content=\"summary_large_image\" \/>\n<meta name=\"twitter:label1\" content=\"Dur\u00e9e de lecture estim\u00e9e\" \/>\n\t<meta name=\"twitter:data1\" content=\"4 minutes\" \/>\n<script type=\"application\/ld+json\" class=\"yoast-schema-graph\">{\"@context\":\"https:\/\/schema.org\",\"@graph\":[{\"@type\":\"WebPage\",\"@id\":\"https:\/\/sxflightcase.com\/ar\/\u0645\u0646\u062a\u062c\/\u062a\u0635\u0646\u064a\u0639-\u0639\u0644\u0628\u0629-\u062a\u0627\u0628\u0648\u062a-\u062f\u064a-\u062c\u064a-2\/\",\"url\":\"https:\/\/sxflightcase.com\/ar\/\u0645\u0646\u062a\u062c\/\u062a\u0635\u0646\u064a\u0639-\u0639\u0644\u0628\u0629-\u062a\u0627\u0628\u0648\u062a-\u062f\u064a-\u062c\u064a-2\/\",\"name\":\"DJ Coffin Case Manufacture - https:\/\/sxflightcase.com \ud83d\udc97\",\"isPartOf\":{\"@id\":\"https:\/\/sxflightcase.com\/th\/#website\"},\"primaryImageOfPage\":{\"@id\":\"https:\/\/sxflightcase.com\/ar\/\u0645\u0646\u062a\u062c\/\u062a\u0635\u0646\u064a\u0639-\u0639\u0644\u0628\u0629-\u062a\u0627\u0628\u0648\u062a-\u062f\u064a-\u062c\u064a-2\/#primaryimage\"},\"image\":{\"@id\":\"https:\/\/sxflightcase.com\/ar\/\u0645\u0646\u062a\u062c\/\u062a\u0635\u0646\u064a\u0639-\u0639\u0644\u0628\u0629-\u062a\u0627\u0628\u0648\u062a-\u062f\u064a-\u062c\u064a-2\/#primaryimage\"},\"thumbnailUrl\":\"https:\/\/sxflightcase.com\/wp-content\/uploads\/2024\/05\/1714984371581.jpg\",\"datePublished\":\"2024-05-07T02:02:55+00:00\",\"dateModified\":\"2025-02-19T03:11:18+00:00\",\"description\":\"DJ Coffin Case Manufacture:: Factory-direct sales and professional customization for precise control solutions tailored to your needs.\",\"breadcrumb\":{\"@id\":\"https:\/\/sxflightcase.com\/ar\/\u0645\u0646\u062a\u062c\/\u062a\u0635\u0646\u064a\u0639-\u0639\u0644\u0628\u0629-\u062a\u0627\u0628\u0648\u062a-\u062f\u064a-\u062c\u064a-2\/#breadcrumb\"},\"inLanguage\":\"fr-FR\",\"potentialAction\":[{\"@type\":\"ReadAction\",\"target\":[\"https:\/\/sxflightcase.com\/ar\/\u0645\u0646\u062a\u062c\/\u062a\u0635\u0646\u064a\u0639-\u0639\u0644\u0628\u0629-\u062a\u0627\u0628\u0648\u062a-\u062f\u064a-\u062c\u064a-2\/\"]}]},{\"@type\":\"ImageObject\",\"inLanguage\":\"fr-FR\",\"@id\":\"https:\/\/sxflightcase.com\/ar\/\u0645\u0646\u062a\u062c\/\u062a\u0635\u0646\u064a\u0639-\u0639\u0644\u0628\u0629-\u062a\u0627\u0628\u0648\u062a-\u062f\u064a-\u062c\u064a-2\/#primaryimage\",\"url\":\"https:\/\/sxflightcase.com\/wp-content\/uploads\/2024\/05\/1714984371581.jpg\",\"contentUrl\":\"https:\/\/sxflightcase.com\/wp-content\/uploads\/2024\/05\/1714984371581.jpg\",\"width\":700,\"height\":700,\"caption\":\"DJ Coffin Case\"},{\"@type\":\"BreadcrumbList\",\"@id\":\"https:\/\/sxflightcase.com\/ar\/\u0645\u0646\u062a\u062c\/\u062a\u0635\u0646\u064a\u0639-\u0639\u0644\u0628\u0629-\u062a\u0627\u0628\u0648\u062a-\u062f\u064a-\u062c\u064a-2\/#breadcrumb\",\"itemListElement\":[{\"@type\":\"ListItem\",\"position\":1,\"name\":\"Home\",\"item\":\"https:\/\/sxflightcase.com\/\"},{\"@type\":\"ListItem\",\"position\":2,\"name\":\"\u0e2a\u0e34\u0e19\u0e04\u0e49\u0e32\",\"item\":\"https:\/\/sxflightcase.com\/th\/shop\/\"},{\"@type\":\"ListItem\",\"position\":3,\"name\":\"DJ Coffin Case Manufacture\"}]},{\"@type\":\"WebSite\",\"@id\":\"https:\/\/sxflightcase.com\/th\/#website\",\"url\":\"https:\/\/sxflightcase.com\/th\/\",\"name\":\"sxpowercase.com\",\"description\":\"Flight Case Factory\",\"publisher\":{\"@id\":\"https:\/\/sxflightcase.com\/th\/#organization\"},\"potentialAction\":[{\"@type\":\"SearchAction\",\"target\":{\"@type\":\"EntryPoint\",\"urlTemplate\":\"https:\/\/sxflightcase.com\/th\/?s={search_term_string}\"},\"query-input\":{\"@type\":\"PropertyValueSpecification\",\"valueRequired\":true,\"valueName\":\"search_term_string\"}}],\"inLanguage\":\"fr-FR\"},{\"@type\":\"Organization\",\"@id\":\"https:\/\/sxflightcase.com\/th\/#organization\",\"name\":\"sxpowercase.com\",\"url\":\"https:\/\/sxflightcase.com\/th\/\",\"logo\":{\"@type\":\"ImageObject\",\"inLanguage\":\"fr-FR\",\"@id\":\"https:\/\/sxflightcase.com\/th\/#\/schema\/logo\/image\/\",\"url\":\"https:\/\/sxflightcase.com\/wp-content\/uploads\/2024\/04\/1713919036007.jpg\",\"contentUrl\":\"https:\/\/sxflightcase.com\/wp-content\/uploads\/2024\/04\/1713919036007.jpg\",\"width\":382,\"height\":388,\"caption\":\"sxpowercase.com\"},\"image\":{\"@id\":\"https:\/\/sxflightcase.com\/th\/#\/schema\/logo\/image\/\"},\"sameAs\":[\"https:\/\/www.facebook.com\/profile.php?id=61560407257971\"],\"numberOfEmployees\":{\"@type\":\"QuantitativeValue\",\"minValue\":\"11\",\"maxValue\":\"50\"}}]}<\/script>\n<!-- \/ Yoast SEO Premium plugin. -->","yoast_head_json":{"title":"DJ Coffin Case Manufacture - https:\/\/sxflightcase.com \ud83d\udc97","description":"Fabrication de cercueils pour DJ : : Ventes directes et personnalisation professionnelle pour des solutions de contr\u00f4le pr\u00e9cises adapt\u00e9es \u00e0 vos besoins.","robots":{"index":"index","follow":"follow","max-snippet":"max-snippet:-1","max-image-preview":"max-image-preview:large","max-video-preview":"max-video-preview:-1"},"canonical":"https:\/\/sxflightcase.com\/fr\/\u0645\u0646\u062a\u062c\/\u062a\u0635\u0646\u064a\u0639-\u0639\u0644\u0628\u0629-\u062a\u0627\u0628\u0648\u062a-\u062f\u064a-\u062c\u064a-2\/","og_locale":"fr_FR","og_type":"article","og_title":"DJ Coffin Case Manufacture","og_description":"DJ Coffin Case Manufacture:: Factory-direct sales and professional customization for precise control solutions tailored to your needs.","og_url":"https:\/\/sxflightcase.com\/fr\/\u0645\u0646\u062a\u062c\/\u062a\u0635\u0646\u064a\u0639-\u0639\u0644\u0628\u0629-\u062a\u0627\u0628\u0648\u062a-\u062f\u064a-\u062c\u064a-2\/","og_site_name":"https:\/\/sxflightcase.com","article_publisher":"https:\/\/www.facebook.com\/profile.php?id=61560407257971","article_modified_time":"2025-02-19T03:11:18+00:00","og_image":[{"width":700,"height":700,"url":"https:\/\/sxflightcase.com\/wp-content\/uploads\/2024\/05\/1714984371581.jpg","type":"image\/jpeg"}],"twitter_card":"summary_large_image","twitter_misc":{"Dur\u00e9e de lecture estim\u00e9e":"4 minutes"},"schema":{"@context":"https:\/\/schema.org","@graph":[{"@type":"WebPage","@id":"https:\/\/sxflightcase.com\/ar\/\u0645\u0646\u062a\u062c\/\u062a\u0635\u0646\u064a\u0639-\u0639\u0644\u0628\u0629-\u062a\u0627\u0628\u0648\u062a-\u062f\u064a-\u062c\u064a-2\/","url":"https:\/\/sxflightcase.com\/ar\/\u0645\u0646\u062a\u062c\/\u062a\u0635\u0646\u064a\u0639-\u0639\u0644\u0628\u0629-\u062a\u0627\u0628\u0648\u062a-\u062f\u064a-\u062c\u064a-2\/","name":"DJ Coffin Case Manufacture - https:\/\/sxflightcase.com \ud83d\udc97","isPartOf":{"@id":"https:\/\/sxflightcase.com\/th\/#website"},"primaryImageOfPage":{"@id":"https:\/\/sxflightcase.com\/ar\/\u0645\u0646\u062a\u062c\/\u062a\u0635\u0646\u064a\u0639-\u0639\u0644\u0628\u0629-\u062a\u0627\u0628\u0648\u062a-\u062f\u064a-\u062c\u064a-2\/#primaryimage"},"image":{"@id":"https:\/\/sxflightcase.com\/ar\/\u0645\u0646\u062a\u062c\/\u062a\u0635\u0646\u064a\u0639-\u0639\u0644\u0628\u0629-\u062a\u0627\u0628\u0648\u062a-\u062f\u064a-\u062c\u064a-2\/#primaryimage"},"thumbnailUrl":"https:\/\/sxflightcase.com\/wp-content\/uploads\/2024\/05\/1714984371581.jpg","datePublished":"2024-05-07T02:02:55+00:00","dateModified":"2025-02-19T03:11:18+00:00","description":"Fabrication de cercueils pour DJ : : Ventes directes et personnalisation professionnelle pour des solutions de contr\u00f4le pr\u00e9cises adapt\u00e9es \u00e0 vos besoins.","breadcrumb":{"@id":"https:\/\/sxflightcase.com\/ar\/\u0645\u0646\u062a\u062c\/\u062a\u0635\u0646\u064a\u0639-\u0639\u0644\u0628\u0629-\u062a\u0627\u0628\u0648\u062a-\u062f\u064a-\u062c\u064a-2\/#breadcrumb"},"inLanguage":"fr-FR","potentialAction":[{"@type":"ReadAction","target":["https:\/\/sxflightcase.com\/ar\/\u0645\u0646\u062a\u062c\/\u062a\u0635\u0646\u064a\u0639-\u0639\u0644\u0628\u0629-\u062a\u0627\u0628\u0648\u062a-\u062f\u064a-\u062c\u064a-2\/"]}]},{"@type":"ImageObject","inLanguage":"fr-FR","@id":"https:\/\/sxflightcase.com\/ar\/\u0645\u0646\u062a\u062c\/\u062a\u0635\u0646\u064a\u0639-\u0639\u0644\u0628\u0629-\u062a\u0627\u0628\u0648\u062a-\u062f\u064a-\u062c\u064a-2\/#primaryimage","url":"https:\/\/sxflightcase.com\/wp-content\/uploads\/2024\/05\/1714984371581.jpg","contentUrl":"https:\/\/sxflightcase.com\/wp-content\/uploads\/2024\/05\/1714984371581.jpg","width":700,"height":700,"caption":"DJ Coffin Case"},{"@type":"BreadcrumbList","@id":"https:\/\/sxflightcase.com\/ar\/\u0645\u0646\u062a\u062c\/\u062a\u0635\u0646\u064a\u0639-\u0639\u0644\u0628\u0629-\u062a\u0627\u0628\u0648\u062a-\u062f\u064a-\u062c\u064a-2\/#breadcrumb","itemListElement":[{"@type":"ListItem","position":1,"name":"Home","item":"https:\/\/sxflightcase.com\/"},{"@type":"ListItem","position":2,"name":"\u0e2a\u0e34\u0e19\u0e04\u0e49\u0e32","item":"https:\/\/sxflightcase.com\/th\/shop\/"},{"@type":"ListItem","position":3,"name":"DJ Coffin Case Manufacture"}]},{"@type":"WebSite","@id":"https:\/\/sxflightcase.com\/th\/#website","url":"https:\/\/sxflightcase.com\/th\/","name":"sxpowercase.com","description":"Flight Case Factory","publisher":{"@id":"https:\/\/sxflightcase.com\/th\/#organization"},"potentialAction":[{"@type":"SearchAction","target":{"@type":"EntryPoint","urlTemplate":"https:\/\/sxflightcase.com\/th\/?s={search_term_string}"},"query-input":{"@type":"PropertyValueSpecification","valueRequired":true,"valueName":"search_term_string"}}],"inLanguage":"fr-FR"},{"@type":"Organization","@id":"https:\/\/sxflightcase.com\/th\/#organization","name":"sxpowercase.com","url":"https:\/\/sxflightcase.com\/th\/","logo":{"@type":"ImageObject","inLanguage":"fr-FR","@id":"https:\/\/sxflightcase.com\/th\/#\/schema\/logo\/image\/","url":"https:\/\/sxflightcase.com\/wp-content\/uploads\/2024\/04\/1713919036007.jpg","contentUrl":"https:\/\/sxflightcase.com\/wp-content\/uploads\/2024\/04\/1713919036007.jpg","width":382,"height":388,"caption":"sxpowercase.com"},"image":{"@id":"https:\/\/sxflightcase.com\/th\/#\/schema\/logo\/image\/"},"sameAs":["https:\/\/www.facebook.com\/profile.php?id=61560407257971"],"numberOfEmployees":{"@type":"QuantitativeValue","minValue":"11","maxValue":"50"}}]}},"_links":{"self":[{"href":"https:\/\/sxflightcase.com\/fr\/wp-json\/wp\/v2\/product\/1092","targetHints":{"allow":["GET"]}}],"collection":[{"href":"https:\/\/sxflightcase.com\/fr\/wp-json\/wp\/v2\/product"}],"about":[{"href":"https:\/\/sxflightcase.com\/fr\/wp-json\/wp\/v2\/types\/product"}],"replies":[{"embeddable":true,"href":"https:\/\/sxflightcase.com\/fr\/wp-json\/wp\/v2\/comments?post=1092"}],"version-history":[{"count":0,"href":"https:\/\/sxflightcase.com\/fr\/wp-json\/wp\/v2\/product\/1092\/revisions"}],"wp:featuredmedia":[{"embeddable":true,"href":"https:\/\/sxflightcase.com\/fr\/wp-json\/wp\/v2\/media\/1093"}],"wp:attachment":[{"href":"https:\/\/sxflightcase.com\/fr\/wp-json\/wp\/v2\/media?parent=1092"}],"wp:term":[{"taxonomy":"product_brand","embeddable":true,"href":"https:\/\/sxflightcase.com\/fr\/wp-json\/wp\/v2\/product_brand?post=1092"},{"taxonomy":"product_cat","embeddable":true,"href":"https:\/\/sxflightcase.com\/fr\/wp-json\/wp\/v2\/product_cat?post=1092"},{"taxonomy":"product_tag","embeddable":true,"href":"https:\/\/sxflightcase.com\/fr\/wp-json\/wp\/v2\/product_tag?post=1092"}],"curies":[{"name":"wp","href":"https:\/\/api.w.org\/{rel}","templated":true}]}}