{"id":1097,"date":"2024-05-07T04:52:19","date_gmt":"2024-05-07T03:52:19","guid":{"rendered":"https:\/\/sxpowercase.com\/?post_type=product&#038;p=1097"},"modified":"2025-02-19T22:45:15","modified_gmt":"2025-02-20T06:45:15","slug":"mixer-flight-case","status":"publish","type":"product","link":"https:\/\/sxflightcase.com\/fr\/produit\/mallette-de-transport-pour-mixeur\/","title":{"rendered":"Flight Case pour table de mixage SX : Protection ultime pour votre table de mixage DJ | Personnalisable et durable"},"content":{"rendered":"<h3><strong>Prot\u00e9gez votre mixeur avec le Flight Case SX Mixer<\/strong><\/h3>\n<p>Lorsque vous devez d\u00e9placer votre mat\u00e9riel de DJ, <strong>SX<\/strong> est l\u00e0 pour vous aider. Nos services <a href=\"https:\/\/sxpowercase.com\/product\/19-rackmount-mixer-flight-cases\/\"><strong>Mallette de transport pour mixeur <\/strong><\/a>sont con\u00e7us pour prot\u00e9ger votre mixeur. Ils sont parfaits pour les d\u00e9placements ou la pr\u00e9paration d'un spectacle.<\/p>\n<h3><strong>Pourquoi choisir le Flight Case de la table de mixage SX ?<\/strong><\/h3>\n<ol>\n<li><strong>Protection sup\u00e9rieure pour votre mixeur<\/strong><br \/>\nNos cas ont <strong>cadres en aluminium<\/strong>, <strong>Contreplaqu\u00e9 9mm ignifug\u00e9<\/strong>, et <strong>mat\u00e9riel industriel standard<\/strong>. Elles sont r\u00e9sistantes \u00e0 la route. Les coins sont renforc\u00e9s et les loquets sont s\u00e9curis\u00e9s, pour que votre mixeur reste en s\u00e9curit\u00e9.<\/li>\n<li><strong>Des solutions personnalis\u00e9es pour votre mixeur<\/strong><br \/>\nChaque mixeur est diff\u00e9rent, tout comme nos cas. Nous pouvons fabriquer un <strong>un \u00e9tui sur mesure parfait<\/strong> pour votre mat\u00e9riel, qu'il s'agisse d'un seul ou de plusieurs m\u00e9langeurs.<\/li>\n<li><strong>Am\u00e9liorez l'efficacit\u00e9 de votre entreprise<\/strong><br \/>\nNos \u00e9tuis prot\u00e8gent et organisent votre m\u00e9langeur. Vous pouvez ainsi vous concentrer sur vos performances, et non sur la r\u00e9paration de votre mat\u00e9riel. Vous serez plus productif, ferez plus de concerts et gagnerez plus d'argent.<\/li>\n<li><strong>Maximisez vos profits<\/strong><br \/>\nL'achat de mallettes de m\u00e9langeurs SX est un choix judicieux pour votre entreprise. Elles vous permettent d'\u00e9conomiser de l'argent en \u00e9vitant les r\u00e9parations et les remplacements. De plus, vous pouvez accepter plus de concerts, ce qui signifie plus d'argent pour vous.<\/li>\n<li><strong>Qualit\u00e9 et service exceptionnels<\/strong><br \/>\nChez SX, nous nous concentrons sur <strong>une qualit\u00e9 exceptionnelle<\/strong> et <strong>service client\u00e8le<\/strong>. Nous travaillons avec vous du d\u00e9but \u00e0 la fin pour nous assurer que vous \u00eates satisfait.<\/li>\n<\/ol>\n<h3><strong>Caract\u00e9ristiques principales :<\/strong><\/h3>\n<ul>\n<li><strong>Mat\u00e9riau :<\/strong> Cadre en aluminium + contreplaqu\u00e9 ignifug\u00e9 de 9 mm<\/li>\n<li><strong>Int\u00e9rieur :<\/strong> Couvercle coulissant pour un acc\u00e8s facile<\/li>\n<li><strong>Mat\u00e9riel :<\/strong> Quincaillerie conforme aux normes industrielles, y compris des coins \u00e0 billes empilables, des loquets encastr\u00e9s avec cadenas et des poign\u00e9es robustes.<\/li>\n<li><strong>Personnalisation :<\/strong> Adaptez la mallette \u00e0 vos besoins : choisissez le style, la couleur, la taille et les mat\u00e9riaux.<\/li>\n<li><strong>Emballage :<\/strong> Sac \u00e0 bulles + carton ext\u00e9rieur pour une livraison en toute s\u00e9curit\u00e9<\/li>\n<\/ul>\n<h3><strong>Boostez votre installation DJ avec le bo\u00eetier de la table de mixage SX<\/strong><\/h3>\n<p>Ne laissez pas votre mixeur s'ab\u00eemer en chemin. Avec le m\u00e9langeur SX <a href=\"https:\/\/sxpowercase.com\/product\/rack-case-12u-flight-cases\/\">Valises de vol<\/a>, vous pouvez :<\/p>\n<ul>\n<li><strong>Prot\u00e9gez votre pr\u00e9cieux m\u00e9langeur<\/strong> des dommages pendant le transport.<\/li>\n<li><strong>Rester organis\u00e9<\/strong> et pr\u00eat pour chaque concert.<\/li>\n<li><strong>Augmenter vos r\u00e9sultats<\/strong> en acceptant plus de projets en toute confiance.<\/li>\n<\/ul>\n<h3><strong>FAQ<\/strong><\/h3>\n<p><strong>Q\u00a0: SX peut-il personnaliser des bo\u00eetiers de mixage pour des mod\u00e8les de mixage sp\u00e9cifiques\u00a0?<\/strong><br \/>\nR : Oui, nous proposons des solutions personnalis\u00e9es adapt\u00e9es pour s\u2019adapter parfaitement \u00e0 votre m\u00e9langeur.<\/p>\n<p><strong>Q\u00a0:\u00a0Les mallettes de mixage SX conviennent-elles aussi bien aux DJ professionnels qu&#039;amateurs\u00a0?<\/strong><br \/>\nR : Absolument ! Nos mallettes de mixage sont con\u00e7ues pour r\u00e9pondre aux besoins des DJ de tous niveaux.<\/p>\n<p><strong>Q\u00a0:\u00a0Combien de temps faut-il pour recevoir un bo\u00eetier de mixage personnalis\u00e9 de SX\u00a0?<\/strong><br \/>\nR : Les d\u00e9lais de livraison varient en fonction de la complexit\u00e9 du dossier et de notre charge de travail actuelle. Contactez-nous pour conna\u00eetre les d\u00e9lais de livraison sp\u00e9cifiques.<\/p>\n<p><strong>Q : Les bo\u00eetiers des m\u00e9langeurs SX sont-ils couverts par une garantie ?<\/strong><br \/>\nR : Oui, nos \u00e9tuis sont couverts par une garantie pour une plus grande tranquillit\u00e9 d'esprit.<\/p>\n<p><strong>Q\u00a0:\u00a0Puis-je commander des bo\u00eetiers de mixage en gros aupr\u00e8s de SX\u00a0?<\/strong><br \/>\nR : Oui, nous pouvons accepter des commandes en gros. Contactez-nous pour conna\u00eetre les prix et la disponibilit\u00e9.<\/p>\n<h3><strong>Commandez d\u00e8s aujourd'hui votre flight case personnalis\u00e9 pour votre table de mixage !<\/strong><\/h3>\n<p>Pr\u00eat \u00e0 prot\u00e9ger votre table de mixage avec les flight cases haut de gamme de SX ? Contactez-nous d\u00e8s maintenant pour concevoir votre solution personnalis\u00e9e.<\/p>\n<p><strong>Obtenez un acc\u00e8s maintenant\u00a0:<\/strong> <a href=\"https:\/\/sxpowercase.com\/contact-us\/\" target=\"_blank\" rel=\"noopener noreferrer\">https:\/\/sxpowercase.com\/contact-us\/<\/a><\/p>\n<h3><strong>Tags chauds :<\/strong><\/h3>\n<p>Bas prix, en stock, \u00e9chantillon gratuit, C\u00e2ble d'alimentation et de signal, fil de calibre 16 \u00e0 4 conducteurs, bo\u00eetier de support de microphone, armoire d'affichage LED ext\u00e9rieure, montage en rack, bo\u00eetier de distribution \u00e9lectrique, Chine, fournisseurs, usine, personnalis\u00e9, grossiste, bo\u00eetiers d'alimentation, c\u00e2bles d'alimentation, contr\u00f4leurs de levage, flight cases.<\/p>","protected":false},"excerpt":{"rendered":"<h2 id=\"ali-title-AliPostDhMb-smk2m\"><span data-spm-anchor-id=\"a2700.details.0.i67.3f0523687cJVAX\">Description du produit<\/span><\/h2>\n<div>\n<p>Bo\u00eetier de cercueil pour lecteur CD de mixage DJ professionnel, avec 2 puits de platine et un puits de mixage, dessus inclin\u00e9 coulissant, connecteurs \u00e0 billes empilables et trous pour c\u00e2bles d&#039;alimentation, \u00e9galement avec lumi\u00e8re LED \u00e0 l&#039;int\u00e9rieur, offrant une protection fiable et utilitaire pour les \u00e9quipements et pratique \u00e0 utiliser.<\/p>\n<h2>Caract\u00e9ristiques principales :<\/h2>\n<ul>\n<li>\u00a0 \u00a0Contreplaqu\u00e9 robuste de 9 mm et profil\u00e9s en aluminium<\/li>\n<li>\u00a0 \u00a0Mat\u00e9riels industriels standards<\/li>\n<li>\u00a0 \u00a0Doublure en mousse (s\u00e9lectionnable)<\/li>\n<li>\u00a0 \u00a0Poign\u00e9es de transport encastr\u00e9es<\/li>\n<li>\u00a0 \u00a0Roulettes de transport int\u00e9gr\u00e9es<\/li>\n<\/ul>\n<\/div>","protected":false},"featured_media":1101,"comment_status":"open","ping_status":"closed","template":"","meta":[],"product_brand":[],"product_cat":[41],"product_tag":[],"class_list":{"0":"post-1097","1":"product","2":"type-product","3":"status-publish","4":"has-post-thumbnail","6":"product_cat-equipment-cases","8":"first","9":"instock","10":"shipping-taxable","11":"product-type-simple"},"yoast_head":"<!-- This site is optimized with the Yoast SEO Premium plugin v27.1 (Yoast SEO v27.2) - https:\/\/yoast.com\/product\/yoast-seo-premium-wordpress\/ -->\n<title>SX Mixer Flight Case: Ultimate Protection for Your DJ Mixer | Customizable &amp; Durable - https:\/\/sxflightcase.com \ud83d\udc97<\/title>\n<meta name=\"description\" content=\"mixer flight case: Explore factory-direct sales and professional customization for the ultimate protection of your equipment.\" \/>\n<meta name=\"robots\" content=\"index, follow, max-snippet:-1, max-image-preview:large, max-video-preview:-1\" \/>\n<link rel=\"canonical\" href=\"https:\/\/sxflightcase.com\/fr\/\u88fd\u54c1\/\u30df\u30ad\u30b5\u30fc\u30d5\u30e9\u30a4\u30c8\u30b1\u30fc\u30b9\/\" \/>\n<meta property=\"og:locale\" content=\"fr_FR\" \/>\n<meta property=\"og:type\" content=\"article\" \/>\n<meta property=\"og:title\" content=\"SX Mixer Flight Case: Ultimate Protection for Your DJ Mixer | Customizable &amp; Durable\" \/>\n<meta property=\"og:description\" content=\"mixer flight case: Explore factory-direct sales and professional customization for the ultimate protection of your equipment.\" \/>\n<meta property=\"og:url\" content=\"https:\/\/sxflightcase.com\/fr\/\u88fd\u54c1\/\u30df\u30ad\u30b5\u30fc\u30d5\u30e9\u30a4\u30c8\u30b1\u30fc\u30b9\/\" \/>\n<meta property=\"og:site_name\" content=\"https:\/\/sxflightcase.com\" \/>\n<meta property=\"article:publisher\" content=\"https:\/\/www.facebook.com\/profile.php?id=61560407257971\" \/>\n<meta property=\"article:modified_time\" content=\"2025-02-20T06:45:15+00:00\" \/>\n<meta property=\"og:image\" content=\"https:\/\/sxflightcase.com\/wp-content\/uploads\/2024\/05\/1714984324343.jpg\" \/>\n\t<meta property=\"og:image:width\" content=\"750\" \/>\n\t<meta property=\"og:image:height\" content=\"750\" \/>\n\t<meta property=\"og:image:type\" content=\"image\/jpeg\" \/>\n<meta name=\"twitter:card\" content=\"summary_large_image\" \/>\n<meta name=\"twitter:label1\" content=\"Dur\u00e9e de lecture estim\u00e9e\" \/>\n\t<meta name=\"twitter:data1\" content=\"4 minutes\" \/>\n<script type=\"application\/ld+json\" class=\"yoast-schema-graph\">{\"@context\":\"https:\/\/schema.org\",\"@graph\":[{\"@type\":\"WebPage\",\"@id\":\"https:\/\/sxflightcase.com\/ja\/\u88fd\u54c1\/\u30df\u30ad\u30b5\u30fc\u30d5\u30e9\u30a4\u30c8\u30b1\u30fc\u30b9\/\",\"url\":\"https:\/\/sxflightcase.com\/ja\/\u88fd\u54c1\/\u30df\u30ad\u30b5\u30fc\u30d5\u30e9\u30a4\u30c8\u30b1\u30fc\u30b9\/\",\"name\":\"SX Mixer Flight Case: Ultimate Protection for Your DJ Mixer | Customizable & Durable - https:\/\/sxflightcase.com \ud83d\udc97\",\"isPartOf\":{\"@id\":\"https:\/\/sxflightcase.com\/th\/#website\"},\"primaryImageOfPage\":{\"@id\":\"https:\/\/sxflightcase.com\/ja\/\u88fd\u54c1\/\u30df\u30ad\u30b5\u30fc\u30d5\u30e9\u30a4\u30c8\u30b1\u30fc\u30b9\/#primaryimage\"},\"image\":{\"@id\":\"https:\/\/sxflightcase.com\/ja\/\u88fd\u54c1\/\u30df\u30ad\u30b5\u30fc\u30d5\u30e9\u30a4\u30c8\u30b1\u30fc\u30b9\/#primaryimage\"},\"thumbnailUrl\":\"https:\/\/sxflightcase.com\/wp-content\/uploads\/2024\/05\/1714984324343.jpg\",\"datePublished\":\"2024-05-07T03:52:19+00:00\",\"dateModified\":\"2025-02-20T06:45:15+00:00\",\"description\":\"mixer flight case: Explore factory-direct sales and professional customization for the ultimate protection of your equipment.\",\"breadcrumb\":{\"@id\":\"https:\/\/sxflightcase.com\/ja\/\u88fd\u54c1\/\u30df\u30ad\u30b5\u30fc\u30d5\u30e9\u30a4\u30c8\u30b1\u30fc\u30b9\/#breadcrumb\"},\"inLanguage\":\"fr-FR\",\"potentialAction\":[{\"@type\":\"ReadAction\",\"target\":[\"https:\/\/sxflightcase.com\/ja\/\u88fd\u54c1\/\u30df\u30ad\u30b5\u30fc\u30d5\u30e9\u30a4\u30c8\u30b1\u30fc\u30b9\/\"]}]},{\"@type\":\"ImageObject\",\"inLanguage\":\"fr-FR\",\"@id\":\"https:\/\/sxflightcase.com\/ja\/\u88fd\u54c1\/\u30df\u30ad\u30b5\u30fc\u30d5\u30e9\u30a4\u30c8\u30b1\u30fc\u30b9\/#primaryimage\",\"url\":\"https:\/\/sxflightcase.com\/wp-content\/uploads\/2024\/05\/1714984324343.jpg\",\"contentUrl\":\"https:\/\/sxflightcase.com\/wp-content\/uploads\/2024\/05\/1714984324343.jpg\",\"width\":750,\"height\":750,\"caption\":\"mixer flight case\"},{\"@type\":\"BreadcrumbList\",\"@id\":\"https:\/\/sxflightcase.com\/ja\/\u88fd\u54c1\/\u30df\u30ad\u30b5\u30fc\u30d5\u30e9\u30a4\u30c8\u30b1\u30fc\u30b9\/#breadcrumb\",\"itemListElement\":[{\"@type\":\"ListItem\",\"position\":1,\"name\":\"Home\",\"item\":\"https:\/\/sxflightcase.com\/\"},{\"@type\":\"ListItem\",\"position\":2,\"name\":\"\u0e2a\u0e34\u0e19\u0e04\u0e49\u0e32\",\"item\":\"https:\/\/sxflightcase.com\/th\/shop\/\"},{\"@type\":\"ListItem\",\"position\":3,\"name\":\"SX Mixer Flight Case: Ultimate Protection for Your DJ Mixer | Customizable &#038; Durable\"}]},{\"@type\":\"WebSite\",\"@id\":\"https:\/\/sxflightcase.com\/th\/#website\",\"url\":\"https:\/\/sxflightcase.com\/th\/\",\"name\":\"sxpowercase.com\",\"description\":\"Flight Case Factory\",\"publisher\":{\"@id\":\"https:\/\/sxflightcase.com\/th\/#organization\"},\"potentialAction\":[{\"@type\":\"SearchAction\",\"target\":{\"@type\":\"EntryPoint\",\"urlTemplate\":\"https:\/\/sxflightcase.com\/th\/?s={search_term_string}\"},\"query-input\":{\"@type\":\"PropertyValueSpecification\",\"valueRequired\":true,\"valueName\":\"search_term_string\"}}],\"inLanguage\":\"fr-FR\"},{\"@type\":\"Organization\",\"@id\":\"https:\/\/sxflightcase.com\/th\/#organization\",\"name\":\"sxpowercase.com\",\"url\":\"https:\/\/sxflightcase.com\/th\/\",\"logo\":{\"@type\":\"ImageObject\",\"inLanguage\":\"fr-FR\",\"@id\":\"https:\/\/sxflightcase.com\/th\/#\/schema\/logo\/image\/\",\"url\":\"https:\/\/sxflightcase.com\/wp-content\/uploads\/2024\/04\/1713919036007.jpg\",\"contentUrl\":\"https:\/\/sxflightcase.com\/wp-content\/uploads\/2024\/04\/1713919036007.jpg\",\"width\":382,\"height\":388,\"caption\":\"sxpowercase.com\"},\"image\":{\"@id\":\"https:\/\/sxflightcase.com\/th\/#\/schema\/logo\/image\/\"},\"sameAs\":[\"https:\/\/www.facebook.com\/profile.php?id=61560407257971\"],\"numberOfEmployees\":{\"@type\":\"QuantitativeValue\",\"minValue\":\"11\",\"maxValue\":\"50\"}}]}<\/script>\n<!-- \/ Yoast SEO Premium plugin. -->","yoast_head_json":{"title":"SX Mixer Flight Case: Ultimate Protection for Your DJ Mixer | Customizable & Durable - https:\/\/sxflightcase.com \ud83d\udc97","description":"Flight case pour mixeur : d\u00e9couvrez les ventes directes d&#039;usine et la personnalisation professionnelle pour une protection ultime de votre \u00e9quipement.","robots":{"index":"index","follow":"follow","max-snippet":"max-snippet:-1","max-image-preview":"max-image-preview:large","max-video-preview":"max-video-preview:-1"},"canonical":"https:\/\/sxflightcase.com\/fr\/\u88fd\u54c1\/\u30df\u30ad\u30b5\u30fc\u30d5\u30e9\u30a4\u30c8\u30b1\u30fc\u30b9\/","og_locale":"fr_FR","og_type":"article","og_title":"SX Mixer Flight Case: Ultimate Protection for Your DJ Mixer | Customizable & Durable","og_description":"mixer flight case: Explore factory-direct sales and professional customization for the ultimate protection of your equipment.","og_url":"https:\/\/sxflightcase.com\/fr\/\u88fd\u54c1\/\u30df\u30ad\u30b5\u30fc\u30d5\u30e9\u30a4\u30c8\u30b1\u30fc\u30b9\/","og_site_name":"https:\/\/sxflightcase.com","article_publisher":"https:\/\/www.facebook.com\/profile.php?id=61560407257971","article_modified_time":"2025-02-20T06:45:15+00:00","og_image":[{"width":750,"height":750,"url":"https:\/\/sxflightcase.com\/wp-content\/uploads\/2024\/05\/1714984324343.jpg","type":"image\/jpeg"}],"twitter_card":"summary_large_image","twitter_misc":{"Dur\u00e9e de lecture estim\u00e9e":"4 minutes"},"schema":{"@context":"https:\/\/schema.org","@graph":[{"@type":"WebPage","@id":"https:\/\/sxflightcase.com\/ja\/\u88fd\u54c1\/\u30df\u30ad\u30b5\u30fc\u30d5\u30e9\u30a4\u30c8\u30b1\u30fc\u30b9\/","url":"https:\/\/sxflightcase.com\/ja\/\u88fd\u54c1\/\u30df\u30ad\u30b5\u30fc\u30d5\u30e9\u30a4\u30c8\u30b1\u30fc\u30b9\/","name":"SX Mixer Flight Case: Ultimate Protection for Your DJ Mixer | Customizable & Durable - https:\/\/sxflightcase.com \ud83d\udc97","isPartOf":{"@id":"https:\/\/sxflightcase.com\/th\/#website"},"primaryImageOfPage":{"@id":"https:\/\/sxflightcase.com\/ja\/\u88fd\u54c1\/\u30df\u30ad\u30b5\u30fc\u30d5\u30e9\u30a4\u30c8\u30b1\u30fc\u30b9\/#primaryimage"},"image":{"@id":"https:\/\/sxflightcase.com\/ja\/\u88fd\u54c1\/\u30df\u30ad\u30b5\u30fc\u30d5\u30e9\u30a4\u30c8\u30b1\u30fc\u30b9\/#primaryimage"},"thumbnailUrl":"https:\/\/sxflightcase.com\/wp-content\/uploads\/2024\/05\/1714984324343.jpg","datePublished":"2024-05-07T03:52:19+00:00","dateModified":"2025-02-20T06:45:15+00:00","description":"Flight case pour mixeur : d\u00e9couvrez les ventes directes d&#039;usine et la personnalisation professionnelle pour une protection ultime de votre \u00e9quipement.","breadcrumb":{"@id":"https:\/\/sxflightcase.com\/ja\/\u88fd\u54c1\/\u30df\u30ad\u30b5\u30fc\u30d5\u30e9\u30a4\u30c8\u30b1\u30fc\u30b9\/#breadcrumb"},"inLanguage":"fr-FR","potentialAction":[{"@type":"ReadAction","target":["https:\/\/sxflightcase.com\/ja\/\u88fd\u54c1\/\u30df\u30ad\u30b5\u30fc\u30d5\u30e9\u30a4\u30c8\u30b1\u30fc\u30b9\/"]}]},{"@type":"ImageObject","inLanguage":"fr-FR","@id":"https:\/\/sxflightcase.com\/ja\/\u88fd\u54c1\/\u30df\u30ad\u30b5\u30fc\u30d5\u30e9\u30a4\u30c8\u30b1\u30fc\u30b9\/#primaryimage","url":"https:\/\/sxflightcase.com\/wp-content\/uploads\/2024\/05\/1714984324343.jpg","contentUrl":"https:\/\/sxflightcase.com\/wp-content\/uploads\/2024\/05\/1714984324343.jpg","width":750,"height":750,"caption":"mixer flight case"},{"@type":"BreadcrumbList","@id":"https:\/\/sxflightcase.com\/ja\/\u88fd\u54c1\/\u30df\u30ad\u30b5\u30fc\u30d5\u30e9\u30a4\u30c8\u30b1\u30fc\u30b9\/#breadcrumb","itemListElement":[{"@type":"ListItem","position":1,"name":"Home","item":"https:\/\/sxflightcase.com\/"},{"@type":"ListItem","position":2,"name":"\u0e2a\u0e34\u0e19\u0e04\u0e49\u0e32","item":"https:\/\/sxflightcase.com\/th\/shop\/"},{"@type":"ListItem","position":3,"name":"SX Mixer Flight Case: Ultimate Protection for Your DJ Mixer | Customizable &#038; Durable"}]},{"@type":"WebSite","@id":"https:\/\/sxflightcase.com\/th\/#website","url":"https:\/\/sxflightcase.com\/th\/","name":"sxpowercase.com","description":"Flight Case Factory","publisher":{"@id":"https:\/\/sxflightcase.com\/th\/#organization"},"potentialAction":[{"@type":"SearchAction","target":{"@type":"EntryPoint","urlTemplate":"https:\/\/sxflightcase.com\/th\/?s={search_term_string}"},"query-input":{"@type":"PropertyValueSpecification","valueRequired":true,"valueName":"search_term_string"}}],"inLanguage":"fr-FR"},{"@type":"Organization","@id":"https:\/\/sxflightcase.com\/th\/#organization","name":"sxpowercase.com","url":"https:\/\/sxflightcase.com\/th\/","logo":{"@type":"ImageObject","inLanguage":"fr-FR","@id":"https:\/\/sxflightcase.com\/th\/#\/schema\/logo\/image\/","url":"https:\/\/sxflightcase.com\/wp-content\/uploads\/2024\/04\/1713919036007.jpg","contentUrl":"https:\/\/sxflightcase.com\/wp-content\/uploads\/2024\/04\/1713919036007.jpg","width":382,"height":388,"caption":"sxpowercase.com"},"image":{"@id":"https:\/\/sxflightcase.com\/th\/#\/schema\/logo\/image\/"},"sameAs":["https:\/\/www.facebook.com\/profile.php?id=61560407257971"],"numberOfEmployees":{"@type":"QuantitativeValue","minValue":"11","maxValue":"50"}}]}},"_links":{"self":[{"href":"https:\/\/sxflightcase.com\/fr\/wp-json\/wp\/v2\/product\/1097","targetHints":{"allow":["GET"]}}],"collection":[{"href":"https:\/\/sxflightcase.com\/fr\/wp-json\/wp\/v2\/product"}],"about":[{"href":"https:\/\/sxflightcase.com\/fr\/wp-json\/wp\/v2\/types\/product"}],"replies":[{"embeddable":true,"href":"https:\/\/sxflightcase.com\/fr\/wp-json\/wp\/v2\/comments?post=1097"}],"version-history":[{"count":0,"href":"https:\/\/sxflightcase.com\/fr\/wp-json\/wp\/v2\/product\/1097\/revisions"}],"wp:featuredmedia":[{"embeddable":true,"href":"https:\/\/sxflightcase.com\/fr\/wp-json\/wp\/v2\/media\/1101"}],"wp:attachment":[{"href":"https:\/\/sxflightcase.com\/fr\/wp-json\/wp\/v2\/media?parent=1097"}],"wp:term":[{"taxonomy":"product_brand","embeddable":true,"href":"https:\/\/sxflightcase.com\/fr\/wp-json\/wp\/v2\/product_brand?post=1097"},{"taxonomy":"product_cat","embeddable":true,"href":"https:\/\/sxflightcase.com\/fr\/wp-json\/wp\/v2\/product_cat?post=1097"},{"taxonomy":"product_tag","embeddable":true,"href":"https:\/\/sxflightcase.com\/fr\/wp-json\/wp\/v2\/product_tag?post=1097"}],"curies":[{"name":"wp","href":"https:\/\/api.w.org\/{rel}","templated":true}]}}