{"id":1102,"date":"2024-05-07T06:44:03","date_gmt":"2024-05-07T05:44:03","guid":{"rendered":"https:\/\/sxpowercase.com\/?post_type=product&#038;p=1102"},"modified":"2025-02-19T23:31:10","modified_gmt":"2025-02-20T07:31:10","slug":"yamaha-mixer-case","status":"publish","type":"product","link":"https:\/\/sxflightcase.com\/fr\/produit\/valise-pour-table-de-mixage-yamaha-2\/","title":{"rendered":"Yamaha Mixer Case| Personnalisable et durable"},"content":{"rendered":"<h3><strong>Pr\u00e9sentation du produit : Mallette pour table de mixage Yamaha<\/strong><\/h3>\n<p>Le\u00a0<strong>\u00c9tui pour mixeur Yamaha<\/strong>\u00a0est con\u00e7ue pour offrir une protection sup\u00e9rieure \u00e0 votre table de mixage pendant le transport et le stockage. Que vous pr\u00e9pariez un gymnase, un th\u00e9\u00e2tre, une performance sc\u00e9nique ou un \u00e9v\u00e9nement d'entreprise, nos mallettes garantissent la s\u00e9curit\u00e9 de votre \u00e9quipement.<\/p>\n<hr \/>\n<h3><strong>Caract\u00e9ristiques principales :<\/strong><\/h3>\n<ul>\n<li><strong>Mat\u00e9riau :<\/strong>\u00a0Construction en contreplaqu\u00e9 lamin\u00e9 de 9 mm pour une durabilit\u00e9 maximale<\/li>\n<li><strong>Mat\u00e9riel :<\/strong>\u00a0Quincaillerie plaqu\u00e9e de qualit\u00e9 commerciale, y compris\u00a0<strong>Poign\u00e9es et loquets Signature Gator Red<\/strong>, et\u00a0<strong>coins de la balle<\/strong><\/li>\n<li><strong>Mobilit\u00e9 :<\/strong>\u00a0Poign\u00e9e de remorquage encastr\u00e9e \u00e0 ressort et roues pour un transport facile<\/li>\n<li><strong>Int\u00e9rieur :<\/strong>\u00a0Rembourrage en mousse EVA ultra-dur avec blocs d'a\u00e9ration pour une meilleure circulation de l'air.<\/li>\n<li><strong>Options de couleur :<\/strong>\u00a0Noir, bleu, rouge ou couleurs personnalis\u00e9es disponibles<\/li>\n<li><strong>Utilisation :<\/strong>\u00a0Id\u00e9al pour prot\u00e9ger, transporter et stocker les tables de mixage Yamaha<\/li>\n<\/ul>\n<hr \/>\n<h3><strong>Applications :<\/strong><\/h3>\n<p>La mallette de la table de mixage Yamaha est parfaite pour une vari\u00e9t\u00e9 d'environnements, y compris :<\/p>\n<ul>\n<li><strong>Gymnases<\/strong><\/li>\n<li><strong>Th\u00e9\u00e2tres<\/strong><\/li>\n<li><strong>Repr\u00e9sentations sur sc\u00e8ne<\/strong><\/li>\n<li><strong>Manifestations en plein air<\/strong><\/li>\n<li><strong>H\u00f4tels et salles de r\u00e9union<\/strong><\/li>\n<\/ul>\n<hr \/>\n<h3><strong>Pourquoi choisir notre valise pour table de mixage Yamaha ?<\/strong><\/h3>\n<ol start=\"1\">\n<li><strong>Protection sup\u00e9rieure<\/strong><br \/>\nNos mallettes sont con\u00e7ues pour r\u00e9sister aux rigueurs du transport, garantissant que votre mixeur reste \u00e0 l'abri des chocs, des chutes et d'autres dangers.<\/li>\n<li><strong>Conception personnalisable<\/strong><br \/>\nNous proposons\u00a0<strong>solutions sur mesure<\/strong>\u00a0pour s'adapter \u00e0 votre mod\u00e8le de m\u00e9langeur et \u00e0 vos besoins sp\u00e9cifiques. Choisissez parmi diff\u00e9rentes couleurs, mat\u00e9riaux et am\u00e9nagements int\u00e9rieurs.<\/li>\n<li><strong>Mobilit\u00e9 accrue<\/strong><br \/>\nAvec des poign\u00e9es et des roues int\u00e9gr\u00e9es, nos mallettes facilitent le transport de votre table de mixage d'un lieu \u00e0 l'autre, ce qui vous permet d'\u00e9conomiser du temps et des efforts.<\/li>\n<li><strong>Durabilit\u00e9 et fiabilit\u00e9<\/strong><br \/>\nFabriqu\u00e9es \u00e0 partir de mat\u00e9riaux de haute qualit\u00e9, nos mallettes sont con\u00e7ues pour durer, offrant une protection \u00e0 long terme \u00e0 votre \u00e9quipement de valeur.<\/li>\n<\/ol>\n<hr \/>\n<h3><strong>Emballage et exp\u00e9dition :<\/strong><\/h3>\n<ul>\n<li><strong>D\u00e9lai d'exp\u00e9dition :<\/strong>\n<ul>\n<li>Par voie maritime : 15-60 jours<\/li>\n<li>Par avion : 4-9 jours<\/li>\n<li>Par courrier express : 4-9 jours<\/li>\n<\/ul>\n<\/li>\n<li><strong>D\u00e9lai de livraison :<\/strong>\u00a07-15 jours ouvrables ou selon vos besoins<\/li>\n<li><strong>Conditionnement:<\/strong>\u00a0Emballage en carton ou emballage personnalis\u00e9 disponible<\/li>\n<\/ul>\n<hr \/>\n<h3><strong>Notre service :<\/strong><\/h3>\n<ul>\n<li><strong>Service professionnel :<\/strong>\u00a0Expertise en mati\u00e8re d'emballage et d'exportation de produits dans le monde entier<\/li>\n<li><strong>Excellence en mati\u00e8re de fabrication :<\/strong>\u00a0Une production de haute qualit\u00e9 avec le souci du d\u00e9tail<\/li>\n<li><strong>Options de paiement flexibles :<\/strong>\u00a0T\/T, Western Union, etc.<\/li>\n<\/ul>\n<hr \/>\n<h3><strong>A propos de nous :<\/strong><\/h3>\n<p>Forts de nos ann\u00e9es d'exp\u00e9rience, nous nous sommes forg\u00e9 une r\u00e9putation d'int\u00e9grit\u00e9, de professionnalisme et d'excellence des prix. Nos produits jouissent de la confiance de nos clients \u00e0 l'\u00e9chelle nationale et internationale. Nous nous engageons \u00e0 fournir\u00a0<strong>la qualit\u00e9, la valeur et la satisfaction du client<\/strong>.<\/p>\n<hr \/>\n<h3><strong>FAQs :<\/strong><\/h3>\n<p><strong>Q : La mallette Yamaha Mixer Case peut-elle \u00eatre personnalis\u00e9e pour des mod\u00e8les de tables de mixage sp\u00e9cifiques ?<\/strong><br \/>\nR : Oui, nous proposons des solutions personnalis\u00e9es adapt\u00e9es pour s\u2019adapter parfaitement \u00e0 votre m\u00e9langeur.<\/p>\n<p><strong>Q : Ces \u00e9tuis peuvent-ils \u00eatre utilis\u00e9s \u00e0 l'ext\u00e9rieur ?<\/strong><br \/>\nR : Absolument ! Nos \u00e9tuis sont con\u00e7us pour r\u00e9sister \u00e0 diff\u00e9rents environnements, ce qui garantit la protection de votre table de mixage o\u00f9 que vous alliez.<\/p>\n<p><strong>Q : Combien de temps faut-il pour recevoir une valise de mixage Yamaha personnalis\u00e9e ?<\/strong><br \/>\nR : Les d\u00e9lais de livraison varient en fonction de la complexit\u00e9 du dossier et de notre charge de travail actuelle. Contactez-nous pour conna\u00eetre les d\u00e9lais de livraison sp\u00e9cifiques.<\/p>\n<p><strong>Q : Ces \u00e9tuis sont-ils couverts par une garantie ?<\/strong><br \/>\nR : Oui, nos \u00e9tuis sont couverts par une garantie pour une plus grande tranquillit\u00e9 d'esprit.<\/p>\n<p><strong>Q : Puis-je commander en gros ?<\/strong><br \/>\nR : Oui, nous pouvons accepter des commandes en gros. Contactez-nous pour conna\u00eetre les prix et la disponibilit\u00e9.<\/p>\n<hr \/>\n<h3><strong>Commandez votre mallette de mixage Yamaha d\u00e8s aujourd'hui !<\/strong><\/h3>\n<p>Pr\u00eat \u00e0 prot\u00e9ger votre table de mixage Yamaha avec nos flight cases haut de gamme ? Contactez-nous d\u00e8s maintenant pour concevoir votre solution personnalis\u00e9e.<\/p>\n<p><strong>Obtenez un acc\u00e8s maintenant\u00a0:<\/strong>\u00a0<a href=\"https:\/\/sxpowercase.com\/contact-us\/\" target=\"_blank\" rel=\"noopener noreferrer\">https:\/\/sxpowercase.com\/contact-us\/<\/a><\/p>\n<p class=\"productsTags\">\u00c9tiquettes \u00e0 chaud: prix bas, en stock, \u00e9chantillon gratuit, c\u00e2ble d&#039;alimentation et de signal, fil \u00e0 4 conducteurs de calibre 16, bo\u00eetier de support de microphone, armoire d&#039;affichage \u00e0 LED ext\u00e9rieure, montage en rack, bo\u00eete de distribution \u00e9lectrique, Chine, fournisseurs, usine, personnalis\u00e9, vente en gros, <span style=\"color: #993366;\"><a style=\"color: #993366;\" href=\"https:\/\/sxflightcase.com\/fr\/product-category\/all-product\/power-distribution-boxes\/\">bo\u00eetes d&#039;alimentation<\/a>,\u00a0<a style=\"color: #993366;\" href=\"https:\/\/sxflightcase.com\/fr\/product-category\/all-product\/hoist-controllers\/\">c\u00e2bles d&#039;alimentation<\/a>,\u00a0<a style=\"color: #993366;\" href=\"https:\/\/sxflightcase.com\/fr\/product-category\/all-product\/hoist-controllers\/\">contr\u00f4leurs de levage<\/a>,\u00a0<a style=\"color: #993366;\" href=\"https:\/\/sxflightcase.com\/fr\/product-category\/all-product\/flight-case\/\">mallettes de vol.<\/a><\/span><\/p>","protected":false},"excerpt":{"rendered":"<h2>\u00c9tui pour mixeur Yamaha<\/h2>\n<p>Con\u00e7u et fabriqu\u00e9 sp\u00e9cifiquement pour le bo\u00eetier de la table de mixage Yamaha. Fabriqu\u00e9 en polycarbonate, un plastique solide et transparent, r\u00e9sistant \u00e0 l'usure et aux chocs, ce qui en fait un investissement essentiel. Le couvercle prot\u00e8ge les faders et les boutons de la poussi\u00e8re, des liquides et d'autres \u00e9l\u00e9ments dommageables. Il permet de loger les c\u00e2bles et d'encastrer les contr\u00f4leurs. Recommand\u00e9 par l'industrie - utilis\u00e9 par les particuliers !<\/p>\n<h2><strong>Pr\u00e9sentation de la production<\/strong><\/h2>\n<p>Mallette pour table de mixage Yamaha<\/p>\n<p>- Le couvercle prot\u00e8ge la surface de contr\u00f4le, les faders et les boutons des chocs, de la poussi\u00e8re, des liquides et d'autres \u00e9l\u00e9ments dommageables.<\/p>\n<p>- Con\u00e7ue pour s'adapter \u00e0 la console de mixage professionnelle Yamaha<\/p>\n<p>- Fabriqu\u00e9 en polycarbonate, un plastique r\u00e9sistant utilis\u00e9 dans les vitres pare-balles.<\/p>\n<p>- Couvre l'appareil lorsque les c\u00e2bles restent connect\u00e9s. Couvrir l'unit\u00e9 pendant l'utilisation pour \u00e9viter les changements accidentels de mixage, ou lors du contr\u00f4le \u00e0 distance de la console.<\/p>\n<p>- Une protection solide et attrayante pour votre console<\/p>","protected":false},"featured_media":1106,"comment_status":"open","ping_status":"closed","template":"","meta":[],"product_brand":[],"product_cat":[41],"product_tag":[],"class_list":{"0":"post-1102","1":"product","2":"type-product","3":"status-publish","4":"has-post-thumbnail","6":"product_cat-equipment-cases","8":"first","9":"instock","10":"shipping-taxable","11":"product-type-simple"},"yoast_head":"<!-- This site is optimized with the Yoast SEO Premium plugin v27.1 (Yoast SEO v27.2) - https:\/\/yoast.com\/product\/yoast-seo-premium-wordpress\/ -->\n<title>Yamaha Mixer Case| Customizable &amp; Durable - https:\/\/sxflightcase.com \ud83d\udc97<\/title>\n<meta name=\"description\" content=\"Yamaha Mixer Case Factory: Specializing in direct sales and professional customization for premium equipment protection solutions.\" \/>\n<meta name=\"robots\" content=\"index, follow, max-snippet:-1, max-image-preview:large, max-video-preview:-1\" \/>\n<link rel=\"canonical\" href=\"https:\/\/sxflightcase.com\/fr\/termek\/yamaha-mixer-tok\/\" \/>\n<meta property=\"og:locale\" content=\"fr_FR\" \/>\n<meta property=\"og:type\" content=\"article\" \/>\n<meta property=\"og:title\" content=\"Yamaha Mixer Case| Customizable &amp; Durable\" \/>\n<meta property=\"og:description\" content=\"Yamaha Mixer Case Factory: Specializing in direct sales and professional customization for premium equipment protection solutions.\" \/>\n<meta property=\"og:url\" content=\"https:\/\/sxflightcase.com\/fr\/termek\/yamaha-mixer-tok\/\" \/>\n<meta property=\"og:site_name\" content=\"https:\/\/sxflightcase.com\" \/>\n<meta property=\"article:publisher\" content=\"https:\/\/www.facebook.com\/profile.php?id=61560407257971\" \/>\n<meta property=\"article:modified_time\" content=\"2025-02-20T07:31:10+00:00\" \/>\n<meta property=\"og:image\" content=\"https:\/\/sxflightcase.com\/wp-content\/uploads\/2024\/05\/yamaha-mixer-case59351388027.webp\" \/>\n\t<meta property=\"og:image:width\" content=\"730\" \/>\n\t<meta property=\"og:image:height\" content=\"730\" \/>\n\t<meta property=\"og:image:type\" content=\"image\/webp\" \/>\n<meta name=\"twitter:card\" content=\"summary_large_image\" \/>\n<meta name=\"twitter:label1\" content=\"Dur\u00e9e de lecture estim\u00e9e\" \/>\n\t<meta name=\"twitter:data1\" content=\"4 minutes\" \/>\n<script type=\"application\/ld+json\" class=\"yoast-schema-graph\">{\"@context\":\"https:\/\/schema.org\",\"@graph\":[{\"@type\":\"WebPage\",\"@id\":\"https:\/\/sxflightcase.com\/hu\/termek\/yamaha-mixer-tok\/\",\"url\":\"https:\/\/sxflightcase.com\/hu\/termek\/yamaha-mixer-tok\/\",\"name\":\"Yamaha Mixer Case| Customizable & Durable - https:\/\/sxflightcase.com \ud83d\udc97\",\"isPartOf\":{\"@id\":\"https:\/\/sxflightcase.com\/th\/#website\"},\"primaryImageOfPage\":{\"@id\":\"https:\/\/sxflightcase.com\/hu\/termek\/yamaha-mixer-tok\/#primaryimage\"},\"image\":{\"@id\":\"https:\/\/sxflightcase.com\/hu\/termek\/yamaha-mixer-tok\/#primaryimage\"},\"thumbnailUrl\":\"https:\/\/sxflightcase.com\/wp-content\/uploads\/2024\/05\/yamaha-mixer-case59351388027.webp\",\"datePublished\":\"2024-05-07T05:44:03+00:00\",\"dateModified\":\"2025-02-20T07:31:10+00:00\",\"description\":\"Yamaha Mixer Case Factory: Specializing in direct sales and professional customization for premium equipment protection solutions.\",\"breadcrumb\":{\"@id\":\"https:\/\/sxflightcase.com\/hu\/termek\/yamaha-mixer-tok\/#breadcrumb\"},\"inLanguage\":\"fr-FR\",\"potentialAction\":[{\"@type\":\"ReadAction\",\"target\":[\"https:\/\/sxflightcase.com\/hu\/termek\/yamaha-mixer-tok\/\"]}]},{\"@type\":\"ImageObject\",\"inLanguage\":\"fr-FR\",\"@id\":\"https:\/\/sxflightcase.com\/hu\/termek\/yamaha-mixer-tok\/#primaryimage\",\"url\":\"https:\/\/sxflightcase.com\/wp-content\/uploads\/2024\/05\/yamaha-mixer-case59351388027.webp\",\"contentUrl\":\"https:\/\/sxflightcase.com\/wp-content\/uploads\/2024\/05\/yamaha-mixer-case59351388027.webp\",\"width\":730,\"height\":730,\"caption\":\"Yamaha Mixer Case\"},{\"@type\":\"BreadcrumbList\",\"@id\":\"https:\/\/sxflightcase.com\/hu\/termek\/yamaha-mixer-tok\/#breadcrumb\",\"itemListElement\":[{\"@type\":\"ListItem\",\"position\":1,\"name\":\"Home\",\"item\":\"https:\/\/sxflightcase.com\/\"},{\"@type\":\"ListItem\",\"position\":2,\"name\":\"\u0e2a\u0e34\u0e19\u0e04\u0e49\u0e32\",\"item\":\"https:\/\/sxflightcase.com\/th\/shop\/\"},{\"@type\":\"ListItem\",\"position\":3,\"name\":\"Yamaha Mixer Case| Customizable &#038; Durable\"}]},{\"@type\":\"WebSite\",\"@id\":\"https:\/\/sxflightcase.com\/th\/#website\",\"url\":\"https:\/\/sxflightcase.com\/th\/\",\"name\":\"sxpowercase.com\",\"description\":\"Flight Case Factory\",\"publisher\":{\"@id\":\"https:\/\/sxflightcase.com\/th\/#organization\"},\"potentialAction\":[{\"@type\":\"SearchAction\",\"target\":{\"@type\":\"EntryPoint\",\"urlTemplate\":\"https:\/\/sxflightcase.com\/th\/?s={search_term_string}\"},\"query-input\":{\"@type\":\"PropertyValueSpecification\",\"valueRequired\":true,\"valueName\":\"search_term_string\"}}],\"inLanguage\":\"fr-FR\"},{\"@type\":\"Organization\",\"@id\":\"https:\/\/sxflightcase.com\/th\/#organization\",\"name\":\"sxpowercase.com\",\"url\":\"https:\/\/sxflightcase.com\/th\/\",\"logo\":{\"@type\":\"ImageObject\",\"inLanguage\":\"fr-FR\",\"@id\":\"https:\/\/sxflightcase.com\/th\/#\/schema\/logo\/image\/\",\"url\":\"https:\/\/sxflightcase.com\/wp-content\/uploads\/2024\/04\/1713919036007.jpg\",\"contentUrl\":\"https:\/\/sxflightcase.com\/wp-content\/uploads\/2024\/04\/1713919036007.jpg\",\"width\":382,\"height\":388,\"caption\":\"sxpowercase.com\"},\"image\":{\"@id\":\"https:\/\/sxflightcase.com\/th\/#\/schema\/logo\/image\/\"},\"sameAs\":[\"https:\/\/www.facebook.com\/profile.php?id=61560407257971\"],\"numberOfEmployees\":{\"@type\":\"QuantitativeValue\",\"minValue\":\"11\",\"maxValue\":\"50\"}}]}<\/script>\n<!-- \/ Yoast SEO Premium plugin. -->","yoast_head_json":{"title":"Yamaha Mixer Case| Customizable & Durable - https:\/\/sxflightcase.com \ud83d\udc97","description":"Yamaha Mixer Case Factory : Sp\u00e9cialis\u00e9 dans la vente directe et la personnalisation professionnelle de solutions de protection d'\u00e9quipement haut de gamme.","robots":{"index":"index","follow":"follow","max-snippet":"max-snippet:-1","max-image-preview":"max-image-preview:large","max-video-preview":"max-video-preview:-1"},"canonical":"https:\/\/sxflightcase.com\/fr\/termek\/yamaha-mixer-tok\/","og_locale":"fr_FR","og_type":"article","og_title":"Yamaha Mixer Case| Customizable & Durable","og_description":"Yamaha Mixer Case Factory: Specializing in direct sales and professional customization for premium equipment protection solutions.","og_url":"https:\/\/sxflightcase.com\/fr\/termek\/yamaha-mixer-tok\/","og_site_name":"https:\/\/sxflightcase.com","article_publisher":"https:\/\/www.facebook.com\/profile.php?id=61560407257971","article_modified_time":"2025-02-20T07:31:10+00:00","og_image":[{"width":730,"height":730,"url":"https:\/\/sxflightcase.com\/wp-content\/uploads\/2024\/05\/yamaha-mixer-case59351388027.webp","type":"image\/webp"}],"twitter_card":"summary_large_image","twitter_misc":{"Dur\u00e9e de lecture estim\u00e9e":"4 minutes"},"schema":{"@context":"https:\/\/schema.org","@graph":[{"@type":"WebPage","@id":"https:\/\/sxflightcase.com\/hu\/termek\/yamaha-mixer-tok\/","url":"https:\/\/sxflightcase.com\/hu\/termek\/yamaha-mixer-tok\/","name":"Yamaha Mixer Case| Customizable & Durable - https:\/\/sxflightcase.com \ud83d\udc97","isPartOf":{"@id":"https:\/\/sxflightcase.com\/th\/#website"},"primaryImageOfPage":{"@id":"https:\/\/sxflightcase.com\/hu\/termek\/yamaha-mixer-tok\/#primaryimage"},"image":{"@id":"https:\/\/sxflightcase.com\/hu\/termek\/yamaha-mixer-tok\/#primaryimage"},"thumbnailUrl":"https:\/\/sxflightcase.com\/wp-content\/uploads\/2024\/05\/yamaha-mixer-case59351388027.webp","datePublished":"2024-05-07T05:44:03+00:00","dateModified":"2025-02-20T07:31:10+00:00","description":"Yamaha Mixer Case Factory : Sp\u00e9cialis\u00e9 dans la vente directe et la personnalisation professionnelle de solutions de protection d'\u00e9quipement haut de gamme.","breadcrumb":{"@id":"https:\/\/sxflightcase.com\/hu\/termek\/yamaha-mixer-tok\/#breadcrumb"},"inLanguage":"fr-FR","potentialAction":[{"@type":"ReadAction","target":["https:\/\/sxflightcase.com\/hu\/termek\/yamaha-mixer-tok\/"]}]},{"@type":"ImageObject","inLanguage":"fr-FR","@id":"https:\/\/sxflightcase.com\/hu\/termek\/yamaha-mixer-tok\/#primaryimage","url":"https:\/\/sxflightcase.com\/wp-content\/uploads\/2024\/05\/yamaha-mixer-case59351388027.webp","contentUrl":"https:\/\/sxflightcase.com\/wp-content\/uploads\/2024\/05\/yamaha-mixer-case59351388027.webp","width":730,"height":730,"caption":"Yamaha Mixer Case"},{"@type":"BreadcrumbList","@id":"https:\/\/sxflightcase.com\/hu\/termek\/yamaha-mixer-tok\/#breadcrumb","itemListElement":[{"@type":"ListItem","position":1,"name":"Home","item":"https:\/\/sxflightcase.com\/"},{"@type":"ListItem","position":2,"name":"\u0e2a\u0e34\u0e19\u0e04\u0e49\u0e32","item":"https:\/\/sxflightcase.com\/th\/shop\/"},{"@type":"ListItem","position":3,"name":"Yamaha Mixer Case| Customizable &#038; Durable"}]},{"@type":"WebSite","@id":"https:\/\/sxflightcase.com\/th\/#website","url":"https:\/\/sxflightcase.com\/th\/","name":"sxpowercase.com","description":"Flight Case Factory","publisher":{"@id":"https:\/\/sxflightcase.com\/th\/#organization"},"potentialAction":[{"@type":"SearchAction","target":{"@type":"EntryPoint","urlTemplate":"https:\/\/sxflightcase.com\/th\/?s={search_term_string}"},"query-input":{"@type":"PropertyValueSpecification","valueRequired":true,"valueName":"search_term_string"}}],"inLanguage":"fr-FR"},{"@type":"Organization","@id":"https:\/\/sxflightcase.com\/th\/#organization","name":"sxpowercase.com","url":"https:\/\/sxflightcase.com\/th\/","logo":{"@type":"ImageObject","inLanguage":"fr-FR","@id":"https:\/\/sxflightcase.com\/th\/#\/schema\/logo\/image\/","url":"https:\/\/sxflightcase.com\/wp-content\/uploads\/2024\/04\/1713919036007.jpg","contentUrl":"https:\/\/sxflightcase.com\/wp-content\/uploads\/2024\/04\/1713919036007.jpg","width":382,"height":388,"caption":"sxpowercase.com"},"image":{"@id":"https:\/\/sxflightcase.com\/th\/#\/schema\/logo\/image\/"},"sameAs":["https:\/\/www.facebook.com\/profile.php?id=61560407257971"],"numberOfEmployees":{"@type":"QuantitativeValue","minValue":"11","maxValue":"50"}}]}},"_links":{"self":[{"href":"https:\/\/sxflightcase.com\/fr\/wp-json\/wp\/v2\/product\/1102","targetHints":{"allow":["GET"]}}],"collection":[{"href":"https:\/\/sxflightcase.com\/fr\/wp-json\/wp\/v2\/product"}],"about":[{"href":"https:\/\/sxflightcase.com\/fr\/wp-json\/wp\/v2\/types\/product"}],"replies":[{"embeddable":true,"href":"https:\/\/sxflightcase.com\/fr\/wp-json\/wp\/v2\/comments?post=1102"}],"version-history":[{"count":0,"href":"https:\/\/sxflightcase.com\/fr\/wp-json\/wp\/v2\/product\/1102\/revisions"}],"wp:featuredmedia":[{"embeddable":true,"href":"https:\/\/sxflightcase.com\/fr\/wp-json\/wp\/v2\/media\/1106"}],"wp:attachment":[{"href":"https:\/\/sxflightcase.com\/fr\/wp-json\/wp\/v2\/media?parent=1102"}],"wp:term":[{"taxonomy":"product_brand","embeddable":true,"href":"https:\/\/sxflightcase.com\/fr\/wp-json\/wp\/v2\/product_brand?post=1102"},{"taxonomy":"product_cat","embeddable":true,"href":"https:\/\/sxflightcase.com\/fr\/wp-json\/wp\/v2\/product_cat?post=1102"},{"taxonomy":"product_tag","embeddable":true,"href":"https:\/\/sxflightcase.com\/fr\/wp-json\/wp\/v2\/product_tag?post=1102"}],"curies":[{"name":"wp","href":"https:\/\/api.w.org\/{rel}","templated":true}]}}