{"id":1107,"date":"2024-05-07T06:46:14","date_gmt":"2024-05-07T05:46:14","guid":{"rendered":"https:\/\/sxpowercase.com\/?post_type=product&#038;p=1107"},"modified":"2025-02-20T00:04:50","modified_gmt":"2025-02-20T08:04:50","slug":"mixer-hard-case","status":"publish","type":"product","link":"https:\/\/sxflightcase.com\/fr\/produit\/mallette-de-mixage-2\/","title":{"rendered":"Mallette rigide pour mixeur"},"content":{"rendered":"<h3><strong>Aper\u00e7u du produit : Mallette rigide pour table de mixage<\/strong><\/h3>\n<p>Le\u00a0<strong>Mallette rigide pour table de mixage SX<\/strong>\u00a0est con\u00e7ue pour offrir une protection optimale \u00e0 votre \u00e9quipement audio. Que vous soyez DJ, ing\u00e9nieur du son ou musicien, nos mallettes garantissent que votre table de mixage reste \u00e0 l'abri des chocs, des chutes et des autres risques pendant le transport.<\/p>\n<hr \/>\n<h3><strong>Caract\u00e9ristiques principales :<\/strong><\/h3>\n<ul>\n<li><strong>Mat\u00e9riau :<\/strong>\u00a0Contreplaqu\u00e9 de 9 mm avec\u00a0<strong>quincaillerie chrom\u00e9e\/zinc\u00e9e<\/strong>\u00a0et\u00a0<strong>extrusion d'aluminium<\/strong>\u00a0pour une durabilit\u00e9 maximale<\/li>\n<li><strong>Doublure en mousse :<\/strong>\u00a0Les options comprennent\u00a0<strong>mousse de perle<\/strong>,\u00a0<strong>Mousse EVA<\/strong>ou\u00a0<strong>mousse d'\u0153uf<\/strong>\u00a0pour un amorti sup\u00e9rieur<\/li>\n<li><strong>Options de couleur :<\/strong>\u00a0Disponible en\u00a0<strong>Noir (par d\u00e9faut)<\/strong>Les couleurs : rouge, bleu, orange, jaune, vert, etc.<\/li>\n<li><strong>D\u00e9lai d'ex\u00e9cution :<\/strong>\u00a0Exemple de commande en\u00a0<strong>3 jours<\/strong>, ordre normal en\u00a0<strong>7-15 jours<\/strong><\/li>\n<li><strong>Dimensions :<\/strong>\u00a0Personnalisable pour s'adapter \u00e0 votre \u00e9quipement sp\u00e9cifique<\/li>\n<\/ul>\n<hr \/>\n<h3><strong>Pourquoi choisir les valises rigides de SX Mixer ?<\/strong><\/h3>\n<ol start=\"1\">\n<li><strong>Ventes directes d&#039;usine pour une valeur imbattable<\/strong><br \/>\nEn supprimant les interm\u00e9diaires, nous offrons\u00a0<strong>des mallettes de haute qualit\u00e9 \u00e0 des prix comp\u00e9titifs<\/strong>. Notre mod\u00e8le d'usine directe vous garantit le meilleur rapport qualit\u00e9-prix sans compromis sur la qualit\u00e9.<\/li>\n<li><strong>Personnalisable pour r\u00e9pondre \u00e0 vos besoins<\/strong><br \/>\nChaque professionnel a des besoins uniques. Nous proposons\u00a0<strong>des options de personnalisation \u00e9tendues<\/strong>Les caract\u00e9ristiques de la mallette, notamment les dimensions sp\u00e9cifiques, les types de mousse et les compartiments suppl\u00e9mentaires, permettent de cr\u00e9er une mallette parfaitement adapt\u00e9e \u00e0 votre \u00e9quipement.<\/li>\n<li><strong>Durable et fiable<\/strong><br \/>\nConstruites pour r\u00e9sister aux conditions les plus difficiles, nos valises rigides pour tables de mixage sont con\u00e7ues pour\u00a0<strong>protection durable<\/strong>. Que vous soyez sur la route ou en studio, votre \u00e9quipement reste en s\u00e9curit\u00e9.<\/li>\n<li><strong>Mobilit\u00e9 accrue<\/strong><br \/>\nDot\u00e9es de poign\u00e9es robustes et de roues en option, nos mallettes facilitent le transport de votre mixeur entre les salles, ce qui vous permet d'\u00e9conomiser du temps et des efforts.<\/li>\n<\/ol>\n<hr \/>\n<h3><strong>Applications :<\/strong><\/h3>\n<p>La mallette rigide de la table de mixage SX est id\u00e9ale pour :<\/p>\n<ul>\n<li><strong>DJs<\/strong><\/li>\n<li><strong>Ing\u00e9nieurs du son<\/strong><\/li>\n<li><strong>Musiciens<\/strong><\/li>\n<li><strong>Organisateurs d'\u00e9v\u00e9nements<\/strong><\/li>\n<li><strong>Professionnels des studios<\/strong><\/li>\n<\/ul>\n<hr \/>\n<h3><strong>Emballage et exp\u00e9dition :<\/strong><\/h3>\n<ul>\n<li><strong>D\u00e9lai d'exp\u00e9dition :<\/strong>\n<ul>\n<li>Par voie maritime : 15-60 jours<\/li>\n<li>Par avion : 4-9 jours<\/li>\n<li>Par courrier express : 4-9 jours<\/li>\n<\/ul>\n<\/li>\n<li><strong>D\u00e9lai de livraison :<\/strong>\u00a07-15 jours ouvrables ou selon vos besoins<\/li>\n<li><strong>Conditionnement:<\/strong>\u00a0Emballage en carton ou emballage personnalis\u00e9 disponible<\/li>\n<\/ul>\n<hr \/>\n<h3><strong>Notre service :<\/strong><\/h3>\n<ul>\n<li><strong>Service professionnel :<\/strong>\u00a0Expertise dans la fabrication et l'exportation d'\u00e9tuis de haute qualit\u00e9<\/li>\n<li><strong>Excellence en mati\u00e8re de fabrication :<\/strong>\u00a0Le souci du d\u00e9tail et un travail de qualit\u00e9 sup\u00e9rieure<\/li>\n<li><strong>Options de paiement flexibles :<\/strong>\u00a0T\/T, Western Union, etc.<\/li>\n<\/ul>\n<hr \/>\n<h3><strong>A propos de nous :<\/strong><\/h3>\n<p>Forte de ses ann\u00e9es d'exp\u00e9rience, SX s'est forg\u00e9e une r\u00e9putation pour\u00a0<strong>l'int\u00e9grit\u00e9, le professionnalisme et l'excellence des prix<\/strong>. Les clients du monde entier font confiance \u00e0 nos produits et nous nous engageons \u00e0 fournir des produits de qualit\u00e9.\u00a0<strong>la qualit\u00e9, la valeur et la satisfaction du client<\/strong>.<\/p>\n<hr \/>\n<h3><strong>FAQs :<\/strong><\/h3>\n<p><strong>Q : \u00cates-vous une soci\u00e9t\u00e9 commerciale ou un fabricant ?<\/strong><br \/>\nR : Nous sommes une\u00a0<strong>fabricant professionnel<\/strong>\u00a0sp\u00e9cialis\u00e9e dans les bo\u00eetiers de haute qualit\u00e9 pour l'\u00e9quipement audio.<\/p>\n<p><strong>Q : La mallette est-elle livr\u00e9e avec de la mousse suppl\u00e9mentaire pour les diff\u00e9rentes tailles de manettes ?<\/strong><br \/>\nR : La mallette comprend une mousse amovible sous la plate-forme de glissement pour s\u00e9curiser le mixeur pendant le transport. Une mousse suppl\u00e9mentaire peut \u00eatre personnalis\u00e9e sur demande.<\/p>\n<p><strong>Q : Est-il facile de retirer la mousse pour diff\u00e9rentes utilisations ?<\/strong><br \/>\nR : La mousse peut \u00eatre facilement enlev\u00e9e ou coup\u00e9e pour s'adapter \u00e0 diff\u00e9rentes tailles d'\u00e9quipement, ce qui offre une grande souplesse d'utilisation.<\/p>\n<p><strong>Q : Puis-je commander en gros ?<\/strong><br \/>\nR : Oui, nous pouvons accepter des commandes en gros. Contactez-nous pour conna\u00eetre les prix et la disponibilit\u00e9.<\/p>\n<hr \/>\n<h3><strong>Commandez votre mallette de mixage d\u00e8s aujourd'hui !<\/strong><\/h3>\n<p>Pr\u00eat \u00e0 prot\u00e9ger votre table de mixage avec les \u00e9tuis rigides haut de gamme de SX ? Contactez-nous d\u00e8s maintenant pour concevoir votre solution personnalis\u00e9e.<\/p>\n<p><strong>Obtenez un acc\u00e8s maintenant\u00a0:<\/strong>\u00a0<a href=\"https:\/\/sxpowercase.com\/contact-us\/\" target=\"_blank\" rel=\"noopener noreferrer\">https:\/\/sxpowercase.com\/contact-us\/<\/a><\/p>\n<p>Hot Tags : C\u00e2ble d'alimentation et de signal, 16 Gauge 4 Conductor Wire, Microphone Stand Case, Outdoor Led Display Cabinet, Rack Mount,electrical distro box, China, suppliers, factory, customized, wholesale, <span style=\"color: #993366;\"><a style=\"color: #993366;\" href=\"https:\/\/sxflightcase.com\/fr\/product-category\/all-product\/power-distribution-boxes\/\">bo\u00eetes d&#039;alimentation<\/a>,\u00a0<a style=\"color: #993366;\" href=\"https:\/\/sxflightcase.com\/fr\/product-category\/all-product\/hoist-controllers\/\">c\u00e2bles d&#039;alimentation<\/a>,\u00a0<a style=\"color: #993366;\" href=\"https:\/\/sxflightcase.com\/fr\/product-category\/all-product\/hoist-controllers\/\">contr\u00f4leurs de levage<\/a>,\u00a0<a style=\"color: #993366;\" href=\"https:\/\/sxflightcase.com\/fr\/product-category\/all-product\/flight-case\/\">mallettes de vol.<\/a><\/span><\/p>","protected":false},"excerpt":{"rendered":"<h2 class=\"prodetails-name\">Mallette rigide pour mixeur<\/h2>\n<p>Gr\u00e2ce \u00e0 notre exp\u00e9rience en interne, nous comprenons les attentes de nos clients en mati\u00e8re de mallettes, tout en \u00e9tant en mesure de proposer diverses options de personnalisation pour vous faciliter la t\u00e2che lorsque vous d\u00e9placez votre \u00e9quipement. La valise rigide Mixer est l'un des flight cases les plus populaires du march\u00e9 en raison de sa polyvalence.<\/p>\n<h2><strong>Pr\u00e9sentation de la production<\/strong><\/h2>\n<p>Mallette de mixage<\/p>\n<p>Fabriqu\u00e9e en contreplaqu\u00e9 lamin\u00e9 vinyle de 9 mm, avec des profil\u00e9s en aluminium robustes et des fermetures papillon tr\u00e8s r\u00e9sistantes, elle offre un transport s\u00e9curis\u00e9 et un poste de travail en un. Gr\u00e2ce \u00e0 la plateforme coulissante int\u00e9gr\u00e9e pour ordinateur portable et au port d'acc\u00e8s pratique pour les c\u00e2bles, l'installation est pr\u00eate \u00e0 l'emploi en un rien de temps.<\/p>","protected":false},"featured_media":1108,"comment_status":"open","ping_status":"closed","template":"","meta":[],"product_brand":[],"product_cat":[41],"product_tag":[],"class_list":{"0":"post-1107","1":"product","2":"type-product","3":"status-publish","4":"has-post-thumbnail","6":"product_cat-equipment-cases","8":"first","9":"instock","10":"shipping-taxable","11":"product-type-simple"},"yoast_head":"<!-- This site is optimized with the Yoast SEO Premium plugin v27.1 (Yoast SEO v27.2) - https:\/\/yoast.com\/product\/yoast-seo-premium-wordpress\/ -->\n<title>Mixer Hard Case - https:\/\/sxflightcase.com \ud83d\udc97<\/title>\n<meta name=\"description\" content=\"Mixer Hard Case Factory: Specializing in direct sales and professional customization for premium equipment protection solutions.\" \/>\n<meta name=\"robots\" content=\"index, follow, max-snippet:-1, max-image-preview:large, max-video-preview:-1\" \/>\n<link rel=\"canonical\" href=\"https:\/\/sxflightcase.com\/fr\/san-pham\/mixer-hard-case\/\" \/>\n<meta property=\"og:locale\" content=\"fr_FR\" \/>\n<meta property=\"og:type\" content=\"article\" \/>\n<meta property=\"og:title\" content=\"Mixer Hard Case\" \/>\n<meta property=\"og:description\" content=\"Mixer Hard Case Factory: Specializing in direct sales and professional customization for premium equipment protection solutions.\" \/>\n<meta property=\"og:url\" content=\"https:\/\/sxflightcase.com\/fr\/san-pham\/mixer-hard-case\/\" \/>\n<meta property=\"og:site_name\" content=\"https:\/\/sxflightcase.com\" \/>\n<meta property=\"article:publisher\" content=\"https:\/\/www.facebook.com\/profile.php?id=61560407257971\" \/>\n<meta property=\"article:modified_time\" content=\"2025-02-20T08:04:50+00:00\" \/>\n<meta property=\"og:image\" content=\"https:\/\/sxflightcase.com\/wp-content\/uploads\/2024\/05\/mixer-hard-case55546902954.webp\" \/>\n\t<meta property=\"og:image:width\" content=\"700\" \/>\n\t<meta property=\"og:image:height\" content=\"700\" \/>\n\t<meta property=\"og:image:type\" content=\"image\/webp\" \/>\n<meta name=\"twitter:card\" content=\"summary_large_image\" \/>\n<meta name=\"twitter:label1\" content=\"Dur\u00e9e de lecture estim\u00e9e\" \/>\n\t<meta name=\"twitter:data1\" content=\"4 minutes\" \/>\n<script type=\"application\/ld+json\" class=\"yoast-schema-graph\">{\"@context\":\"https:\/\/schema.org\",\"@graph\":[{\"@type\":\"WebPage\",\"@id\":\"https:\/\/sxflightcase.com\/vi\/san-pham\/mixer-hard-case\/\",\"url\":\"https:\/\/sxflightcase.com\/vi\/san-pham\/mixer-hard-case\/\",\"name\":\"Mixer Hard Case - https:\/\/sxflightcase.com \ud83d\udc97\",\"isPartOf\":{\"@id\":\"https:\/\/sxflightcase.com\/th\/#website\"},\"primaryImageOfPage\":{\"@id\":\"https:\/\/sxflightcase.com\/vi\/san-pham\/mixer-hard-case\/#primaryimage\"},\"image\":{\"@id\":\"https:\/\/sxflightcase.com\/vi\/san-pham\/mixer-hard-case\/#primaryimage\"},\"thumbnailUrl\":\"https:\/\/sxflightcase.com\/wp-content\/uploads\/2024\/05\/mixer-hard-case55546902954.webp\",\"datePublished\":\"2024-05-07T05:46:14+00:00\",\"dateModified\":\"2025-02-20T08:04:50+00:00\",\"description\":\"Mixer Hard Case Factory: Specializing in direct sales and professional customization for premium equipment protection solutions.\",\"breadcrumb\":{\"@id\":\"https:\/\/sxflightcase.com\/vi\/san-pham\/mixer-hard-case\/#breadcrumb\"},\"inLanguage\":\"fr-FR\",\"potentialAction\":[{\"@type\":\"ReadAction\",\"target\":[\"https:\/\/sxflightcase.com\/vi\/san-pham\/mixer-hard-case\/\"]}]},{\"@type\":\"ImageObject\",\"inLanguage\":\"fr-FR\",\"@id\":\"https:\/\/sxflightcase.com\/vi\/san-pham\/mixer-hard-case\/#primaryimage\",\"url\":\"https:\/\/sxflightcase.com\/wp-content\/uploads\/2024\/05\/mixer-hard-case55546902954.webp\",\"contentUrl\":\"https:\/\/sxflightcase.com\/wp-content\/uploads\/2024\/05\/mixer-hard-case55546902954.webp\",\"width\":700,\"height\":700,\"caption\":\"Mixer Hard Case\"},{\"@type\":\"BreadcrumbList\",\"@id\":\"https:\/\/sxflightcase.com\/vi\/san-pham\/mixer-hard-case\/#breadcrumb\",\"itemListElement\":[{\"@type\":\"ListItem\",\"position\":1,\"name\":\"Home\",\"item\":\"https:\/\/sxflightcase.com\/\"},{\"@type\":\"ListItem\",\"position\":2,\"name\":\"\u0e2a\u0e34\u0e19\u0e04\u0e49\u0e32\",\"item\":\"https:\/\/sxflightcase.com\/th\/shop\/\"},{\"@type\":\"ListItem\",\"position\":3,\"name\":\"Mixer Hard Case\"}]},{\"@type\":\"WebSite\",\"@id\":\"https:\/\/sxflightcase.com\/th\/#website\",\"url\":\"https:\/\/sxflightcase.com\/th\/\",\"name\":\"sxpowercase.com\",\"description\":\"Flight Case Factory\",\"publisher\":{\"@id\":\"https:\/\/sxflightcase.com\/th\/#organization\"},\"potentialAction\":[{\"@type\":\"SearchAction\",\"target\":{\"@type\":\"EntryPoint\",\"urlTemplate\":\"https:\/\/sxflightcase.com\/th\/?s={search_term_string}\"},\"query-input\":{\"@type\":\"PropertyValueSpecification\",\"valueRequired\":true,\"valueName\":\"search_term_string\"}}],\"inLanguage\":\"fr-FR\"},{\"@type\":\"Organization\",\"@id\":\"https:\/\/sxflightcase.com\/th\/#organization\",\"name\":\"sxpowercase.com\",\"url\":\"https:\/\/sxflightcase.com\/th\/\",\"logo\":{\"@type\":\"ImageObject\",\"inLanguage\":\"fr-FR\",\"@id\":\"https:\/\/sxflightcase.com\/th\/#\/schema\/logo\/image\/\",\"url\":\"https:\/\/sxflightcase.com\/wp-content\/uploads\/2024\/04\/1713919036007.jpg\",\"contentUrl\":\"https:\/\/sxflightcase.com\/wp-content\/uploads\/2024\/04\/1713919036007.jpg\",\"width\":382,\"height\":388,\"caption\":\"sxpowercase.com\"},\"image\":{\"@id\":\"https:\/\/sxflightcase.com\/th\/#\/schema\/logo\/image\/\"},\"sameAs\":[\"https:\/\/www.facebook.com\/profile.php?id=61560407257971\"],\"numberOfEmployees\":{\"@type\":\"QuantitativeValue\",\"minValue\":\"11\",\"maxValue\":\"50\"}}]}<\/script>\n<!-- \/ Yoast SEO Premium plugin. -->","yoast_head_json":{"title":"Mixer Hard Case - https:\/\/sxflightcase.com \ud83d\udc97","description":"Mixer Hard Case Factory : Sp\u00e9cialis\u00e9 dans la vente directe et la personnalisation professionnelle de solutions de protection d'\u00e9quipements haut de gamme.","robots":{"index":"index","follow":"follow","max-snippet":"max-snippet:-1","max-image-preview":"max-image-preview:large","max-video-preview":"max-video-preview:-1"},"canonical":"https:\/\/sxflightcase.com\/fr\/san-pham\/mixer-hard-case\/","og_locale":"fr_FR","og_type":"article","og_title":"Mixer Hard Case","og_description":"Mixer Hard Case Factory: Specializing in direct sales and professional customization for premium equipment protection solutions.","og_url":"https:\/\/sxflightcase.com\/fr\/san-pham\/mixer-hard-case\/","og_site_name":"https:\/\/sxflightcase.com","article_publisher":"https:\/\/www.facebook.com\/profile.php?id=61560407257971","article_modified_time":"2025-02-20T08:04:50+00:00","og_image":[{"width":700,"height":700,"url":"https:\/\/sxflightcase.com\/wp-content\/uploads\/2024\/05\/mixer-hard-case55546902954.webp","type":"image\/webp"}],"twitter_card":"summary_large_image","twitter_misc":{"Dur\u00e9e de lecture estim\u00e9e":"4 minutes"},"schema":{"@context":"https:\/\/schema.org","@graph":[{"@type":"WebPage","@id":"https:\/\/sxflightcase.com\/vi\/san-pham\/mixer-hard-case\/","url":"https:\/\/sxflightcase.com\/vi\/san-pham\/mixer-hard-case\/","name":"Mixer Hard Case - https:\/\/sxflightcase.com \ud83d\udc97","isPartOf":{"@id":"https:\/\/sxflightcase.com\/th\/#website"},"primaryImageOfPage":{"@id":"https:\/\/sxflightcase.com\/vi\/san-pham\/mixer-hard-case\/#primaryimage"},"image":{"@id":"https:\/\/sxflightcase.com\/vi\/san-pham\/mixer-hard-case\/#primaryimage"},"thumbnailUrl":"https:\/\/sxflightcase.com\/wp-content\/uploads\/2024\/05\/mixer-hard-case55546902954.webp","datePublished":"2024-05-07T05:46:14+00:00","dateModified":"2025-02-20T08:04:50+00:00","description":"Mixer Hard Case Factory : Sp\u00e9cialis\u00e9 dans la vente directe et la personnalisation professionnelle de solutions de protection d'\u00e9quipements haut de gamme.","breadcrumb":{"@id":"https:\/\/sxflightcase.com\/vi\/san-pham\/mixer-hard-case\/#breadcrumb"},"inLanguage":"fr-FR","potentialAction":[{"@type":"ReadAction","target":["https:\/\/sxflightcase.com\/vi\/san-pham\/mixer-hard-case\/"]}]},{"@type":"ImageObject","inLanguage":"fr-FR","@id":"https:\/\/sxflightcase.com\/vi\/san-pham\/mixer-hard-case\/#primaryimage","url":"https:\/\/sxflightcase.com\/wp-content\/uploads\/2024\/05\/mixer-hard-case55546902954.webp","contentUrl":"https:\/\/sxflightcase.com\/wp-content\/uploads\/2024\/05\/mixer-hard-case55546902954.webp","width":700,"height":700,"caption":"Mixer Hard Case"},{"@type":"BreadcrumbList","@id":"https:\/\/sxflightcase.com\/vi\/san-pham\/mixer-hard-case\/#breadcrumb","itemListElement":[{"@type":"ListItem","position":1,"name":"Home","item":"https:\/\/sxflightcase.com\/"},{"@type":"ListItem","position":2,"name":"\u0e2a\u0e34\u0e19\u0e04\u0e49\u0e32","item":"https:\/\/sxflightcase.com\/th\/shop\/"},{"@type":"ListItem","position":3,"name":"Mixer Hard Case"}]},{"@type":"WebSite","@id":"https:\/\/sxflightcase.com\/th\/#website","url":"https:\/\/sxflightcase.com\/th\/","name":"sxpowercase.com","description":"Flight Case Factory","publisher":{"@id":"https:\/\/sxflightcase.com\/th\/#organization"},"potentialAction":[{"@type":"SearchAction","target":{"@type":"EntryPoint","urlTemplate":"https:\/\/sxflightcase.com\/th\/?s={search_term_string}"},"query-input":{"@type":"PropertyValueSpecification","valueRequired":true,"valueName":"search_term_string"}}],"inLanguage":"fr-FR"},{"@type":"Organization","@id":"https:\/\/sxflightcase.com\/th\/#organization","name":"sxpowercase.com","url":"https:\/\/sxflightcase.com\/th\/","logo":{"@type":"ImageObject","inLanguage":"fr-FR","@id":"https:\/\/sxflightcase.com\/th\/#\/schema\/logo\/image\/","url":"https:\/\/sxflightcase.com\/wp-content\/uploads\/2024\/04\/1713919036007.jpg","contentUrl":"https:\/\/sxflightcase.com\/wp-content\/uploads\/2024\/04\/1713919036007.jpg","width":382,"height":388,"caption":"sxpowercase.com"},"image":{"@id":"https:\/\/sxflightcase.com\/th\/#\/schema\/logo\/image\/"},"sameAs":["https:\/\/www.facebook.com\/profile.php?id=61560407257971"],"numberOfEmployees":{"@type":"QuantitativeValue","minValue":"11","maxValue":"50"}}]}},"_links":{"self":[{"href":"https:\/\/sxflightcase.com\/fr\/wp-json\/wp\/v2\/product\/1107","targetHints":{"allow":["GET"]}}],"collection":[{"href":"https:\/\/sxflightcase.com\/fr\/wp-json\/wp\/v2\/product"}],"about":[{"href":"https:\/\/sxflightcase.com\/fr\/wp-json\/wp\/v2\/types\/product"}],"replies":[{"embeddable":true,"href":"https:\/\/sxflightcase.com\/fr\/wp-json\/wp\/v2\/comments?post=1107"}],"version-history":[{"count":0,"href":"https:\/\/sxflightcase.com\/fr\/wp-json\/wp\/v2\/product\/1107\/revisions"}],"wp:featuredmedia":[{"embeddable":true,"href":"https:\/\/sxflightcase.com\/fr\/wp-json\/wp\/v2\/media\/1108"}],"wp:attachment":[{"href":"https:\/\/sxflightcase.com\/fr\/wp-json\/wp\/v2\/media?parent=1107"}],"wp:term":[{"taxonomy":"product_brand","embeddable":true,"href":"https:\/\/sxflightcase.com\/fr\/wp-json\/wp\/v2\/product_brand?post=1107"},{"taxonomy":"product_cat","embeddable":true,"href":"https:\/\/sxflightcase.com\/fr\/wp-json\/wp\/v2\/product_cat?post=1107"},{"taxonomy":"product_tag","embeddable":true,"href":"https:\/\/sxflightcase.com\/fr\/wp-json\/wp\/v2\/product_tag?post=1107"}],"curies":[{"name":"wp","href":"https:\/\/api.w.org\/{rel}","templated":true}]}}