{"id":1116,"date":"2024-05-07T06:53:16","date_gmt":"2024-05-07T05:53:16","guid":{"rendered":"https:\/\/sxpowercase.com\/?post_type=product&#038;p=1116"},"modified":"2025-02-20T23:45:49","modified_gmt":"2025-02-21T07:45:49","slug":"mixer-flight-case-2","status":"publish","type":"product","link":"https:\/\/sxflightcase.com\/fr\/produit\/flight-case-de-la-table-de-mixage-2-2\/","title":{"rendered":"Mallette de transport pour mixeur 2"},"content":{"rendered":"<h3><strong>Aper\u00e7u du produit : Flight Case pour table de mixage<\/strong><\/h3>\n<p>Le\u00a0<strong>M\u00e9langeur SX <a href=\"https:\/\/sxpowercase.com\/product\/19-inch-rack-abs-flight-case\/\">\u00c9tui de transport<\/a><\/strong>\u00a0est con\u00e7ue pour offrir une protection optimale \u00e0 votre \u00e9quipement audio. Que vous soyez musicien itin\u00e9rant, DJ ou ing\u00e9nieur du son, nos mallettes garantissent que votre table de mixage reste \u00e0 l'abri des chocs, des chutes et des autres risques pendant le transport.<\/p>\n<hr \/>\n<h3><strong>Caract\u00e9ristiques principales :<\/strong><\/h3>\n<ul>\n<li><strong>Mat\u00e9riau :<\/strong>\u00a0Contreplaqu\u00e9 lamin\u00e9 de 9 mm avec\u00a0<strong>quincaillerie plaqu\u00e9e de qualit\u00e9 commerciale<\/strong>\u00a0et\u00a0<strong>extrusion d'aluminium<\/strong>\u00a0pour une durabilit\u00e9 maximale<\/li>\n<li><strong>Doublure en mousse :<\/strong>\u00a0Rembourrage en mousse EVA ultra-dur avec blocs d'a\u00e9ration pour une meilleure circulation de l'air.<\/li>\n<li><strong>Options de couleur :<\/strong>\u00a0Disponible en\u00a0<strong>Noir (par d\u00e9faut)<\/strong>Bleu, rouge, ou couleurs personnalis\u00e9es<\/li>\n<li><strong>Mobilit\u00e9 :<\/strong>\u00a0Poign\u00e9e de remorquage encastr\u00e9e \u00e0 ressort et roues pour un transport facile<\/li>\n<li><strong>Dimensions :<\/strong>\u00a0Personnalisable pour s'adapter \u00e0 votre \u00e9quipement sp\u00e9cifique<\/li>\n<\/ul>\n<hr \/>\n<h3><strong>Pourquoi choisir les Flight Cases de SX Mixer ?<\/strong><\/h3>\n<ol start=\"1\">\n<li><strong>Ventes directes d&#039;usine pour une valeur imbattable<\/strong><br \/>\nEn supprimant les interm\u00e9diaires, nous offrons\u00a0<strong>des mallettes de haute qualit\u00e9 \u00e0 des prix comp\u00e9titifs<\/strong>. Notre mod\u00e8le d'usine directe vous garantit le meilleur rapport qualit\u00e9-prix sans compromis sur la qualit\u00e9.<\/li>\n<li><strong>Personnalisable pour r\u00e9pondre \u00e0 vos besoins<\/strong><br \/>\nChaque professionnel a des besoins uniques. Nous proposons\u00a0<strong>des options de personnalisation \u00e9tendues<\/strong>Les caract\u00e9ristiques de la mallette, notamment les dimensions sp\u00e9cifiques, les types de mousse et les compartiments suppl\u00e9mentaires, permettent de cr\u00e9er une mallette parfaitement adapt\u00e9e \u00e0 votre \u00e9quipement.<\/li>\n<li><strong>Durable et fiable<\/strong><br \/>\nCon\u00e7us pour r\u00e9sister aux conditions les plus difficiles, nos M\u00e9langeurs <a href=\"https:\/\/sxpowercase.com\/product\/rack-road-case\/\">Valises de vol<\/a> sont con\u00e7us pour\u00a0<strong>protection durable<\/strong>. Que vous soyez sur la route ou en studio, votre \u00e9quipement reste en s\u00e9curit\u00e9.<\/li>\n<li><strong>Mobilit\u00e9 accrue<\/strong><br \/>\nDot\u00e9es de poign\u00e9es robustes et de roues en option, nos mallettes facilitent le transport de votre mixeur entre les salles, ce qui vous permet d'\u00e9conomiser du temps et des efforts.<\/li>\n<\/ol>\n<hr \/>\n<h3><strong>Applications :<\/strong><\/h3>\n<p>Le m\u00e9langeur SX <a href=\"https:\/\/sxpowercase.com\/product\/tv-rack-cabinet\/\">\u00c9tui de transport<\/a> est id\u00e9al pour :<\/p>\n<ul>\n<li><strong>DJs<\/strong><\/li>\n<li><strong>Ing\u00e9nieurs du son<\/strong><\/li>\n<li><strong>Musiciens<\/strong><\/li>\n<li><strong>Organisateurs d'\u00e9v\u00e9nements<\/strong><\/li>\n<li><strong>Professionnels des studios<\/strong><\/li>\n<\/ul>\n<hr \/>\n<h3><strong>Emballage et exp\u00e9dition :<\/strong><\/h3>\n<ul>\n<li><strong>D\u00e9lai d'exp\u00e9dition :<\/strong>\n<ul>\n<li>Par voie maritime : 15-60 jours<\/li>\n<li>Par avion : 4-9 jours<\/li>\n<li>Par courrier express : 4-9 jours<\/li>\n<\/ul>\n<\/li>\n<li><strong>D\u00e9lai de livraison :<\/strong>\u00a07-15 jours ouvrables ou selon vos besoins<\/li>\n<li><strong>Conditionnement:<\/strong>\u00a0Emballage en carton ou emballage personnalis\u00e9 disponible<\/li>\n<\/ul>\n<hr \/>\n<h3><strong>Notre service :<\/strong><\/h3>\n<ul>\n<li><strong>Service professionnel :<\/strong>\u00a0Expertise dans la fabrication et l'exportation d'\u00e9tuis de haute qualit\u00e9<\/li>\n<li><strong>Excellence en mati\u00e8re de fabrication :<\/strong>\u00a0Le souci du d\u00e9tail et un travail de qualit\u00e9 sup\u00e9rieure<\/li>\n<li><strong>Options de paiement flexibles :<\/strong>\u00a0T\/T, Western Union, etc.<\/li>\n<\/ul>\n<hr \/>\n<h3><strong>A propos de nous :<\/strong><\/h3>\n<p>Forte de ses ann\u00e9es d'exp\u00e9rience, SX s'est forg\u00e9e une r\u00e9putation pour\u00a0<strong>l'int\u00e9grit\u00e9, le professionnalisme et l'excellence des prix<\/strong>. Les clients du monde entier font confiance \u00e0 nos produits et nous nous engageons \u00e0 fournir des produits de qualit\u00e9.\u00a0<strong>la qualit\u00e9, la valeur et la satisfaction du client<\/strong>.<\/p>\n<hr \/>\n<h3><strong>FAQs :<\/strong><\/h3>\n<p><strong>Q : Qu'est-ce qui emp\u00eache le mixeur de tomber sur sa face sup\u00e9rieure lorsque le bo\u00eetier est ferm\u00e9 ?<\/strong><br \/>\nR : Des coussinets en mousse sont plac\u00e9s dans le couvercle du nez pour maintenir le m\u00e9langeur en place et l'emp\u00eacher de tomber dans la partie sup\u00e9rieure.<\/p>\n<p><strong>Q : Est-il facile de retirer la mousse pour diff\u00e9rentes utilisations ?<\/strong><br \/>\nR : La mousse peut \u00eatre facilement enlev\u00e9e ou coup\u00e9e pour s'adapter \u00e0 diff\u00e9rentes tailles d'\u00e9quipement, ce qui offre une grande souplesse d'utilisation.<\/p>\n<p><strong>Q : Puis-je commander en gros ?<\/strong><br \/>\nR : Oui, nous pouvons accepter des commandes en gros. Contactez-nous pour conna\u00eetre les prix et la disponibilit\u00e9.<\/p>\n<hr \/>\n<h3><strong>Commandez d\u00e8s aujourd'hui votre Flight Case pour table de mixage !<\/strong><\/h3>\n<p>Pr\u00eat \u00e0 prot\u00e9ger votre table de mixage avec les flight cases haut de gamme de SX ? Contactez-nous d\u00e8s maintenant pour concevoir votre solution personnalis\u00e9e.<\/p>\n<p><strong>Obtenez un acc\u00e8s maintenant\u00a0:<\/strong>\u00a0<a href=\"https:\/\/sxpowercase.com\/contact-us\/\" target=\"_blank\" rel=\"noopener noreferrer\">https:\/\/sxpowercase.com\/contact-us\/<\/a><\/p>","protected":false},"excerpt":{"rendered":"<h2 class=\"prodetails-name\">Mallette de transport pour mixeur<\/h2>\n<p>Tous les flight cases Shengxiang sont fabriqu\u00e9s selon les normes de fabrication les plus strictes. Notre \u00e9quipe de conception a des ann\u00e9es d'exp\u00e9rience dans l'utilisation quotidienne des flight cases ainsi que dans la fabrication de bo\u00eetiers.<\/p>\n<h2><strong>Pr\u00e9sentation de la production<\/strong><\/h2>\n<p>Flight case de la table de mixage<\/p>\n<p>L'ext\u00e9rieur de la mallette est fabriqu\u00e9 en contreplaqu\u00e9 lamin\u00e9 de 9 mm et comporte des bords en aluminium pour faciliter l'alignement du couvercle sur la base lors du verrouillage, pour une fermeture parfaite \u00e0 chaque fois. L'int\u00e9rieur est rev\u00eatu d'une mousse EVA protectrice qui s'adapte parfaitement \u00e0 la table de mixage. Cette mallette est dot\u00e9e de loquets rouges verrouillables et de poign\u00e9es en caoutchouc \u00e0 ressort pour assurer la s\u00e9curit\u00e9 de votre malaxeur pendant le transport. Tous les accessoires sont de qualit\u00e9 commerciale et con\u00e7us pour r\u00e9sister aux chocs et aux accidents qui surviennent lors d'un transport constant, y compris 2 roues encastr\u00e9es inclinables et mobiles.<\/p>","protected":false},"featured_media":1117,"comment_status":"open","ping_status":"closed","template":"","meta":[],"product_brand":[],"product_cat":[41],"product_tag":[],"class_list":{"0":"post-1116","1":"product","2":"type-product","3":"status-publish","4":"has-post-thumbnail","6":"product_cat-equipment-cases","8":"first","9":"instock","10":"shipping-taxable","11":"product-type-simple"},"yoast_head":"<!-- This site is optimized with the Yoast SEO Premium plugin v27.1 (Yoast SEO v27.2) - https:\/\/yoast.com\/product\/yoast-seo-premium-wordpress\/ -->\n<title>Mixer Flight Case 2 - https:\/\/sxflightcase.com \ud83d\udc97<\/title>\n<meta name=\"description\" content=\"Mixer Flight Case Factory: Specializing in direct sales and professional customization for premium equipment protection solutions.\" \/>\n<meta name=\"robots\" content=\"index, follow, max-snippet:-1, max-image-preview:large, max-video-preview:-1\" \/>\n<link rel=\"canonical\" href=\"https:\/\/sxflightcase.com\/fr\/\u7522\u54c1\/\u6df7\u97f3\u5668\u98db\u884c\u7bb1-2\/\" \/>\n<meta property=\"og:locale\" content=\"fr_FR\" \/>\n<meta property=\"og:type\" content=\"article\" \/>\n<meta property=\"og:title\" content=\"Mixer Flight Case 2\" \/>\n<meta property=\"og:description\" content=\"Mixer Flight Case Factory: Specializing in direct sales and professional customization for premium equipment protection solutions.\" \/>\n<meta property=\"og:url\" content=\"https:\/\/sxflightcase.com\/fr\/\u7522\u54c1\/\u6df7\u97f3\u5668\u98db\u884c\u7bb1-2\/\" \/>\n<meta property=\"og:site_name\" content=\"https:\/\/sxflightcase.com\" \/>\n<meta property=\"article:publisher\" content=\"https:\/\/www.facebook.com\/profile.php?id=61560407257971\" \/>\n<meta property=\"article:modified_time\" content=\"2025-02-21T07:45:49+00:00\" \/>\n<meta property=\"og:image\" content=\"https:\/\/sxflightcase.com\/wp-content\/uploads\/2024\/05\/mixer-flight-case49513600912.webp\" \/>\n\t<meta property=\"og:image:width\" content=\"700\" \/>\n\t<meta property=\"og:image:height\" content=\"700\" \/>\n\t<meta property=\"og:image:type\" content=\"image\/webp\" \/>\n<meta name=\"twitter:card\" content=\"summary_large_image\" \/>\n<meta name=\"twitter:label1\" content=\"Dur\u00e9e de lecture estim\u00e9e\" \/>\n\t<meta name=\"twitter:data1\" content=\"3 minutes\" \/>\n<script type=\"application\/ld+json\" class=\"yoast-schema-graph\">{\"@context\":\"https:\/\/schema.org\",\"@graph\":[{\"@type\":\"WebPage\",\"@id\":\"https:\/\/sxflightcase.com\/zh_hk\/\u7522\u54c1\/\u6df7\u97f3\u5668\u98db\u884c\u7bb1-2\/\",\"url\":\"https:\/\/sxflightcase.com\/zh_hk\/\u7522\u54c1\/\u6df7\u97f3\u5668\u98db\u884c\u7bb1-2\/\",\"name\":\"Mixer Flight Case 2 - https:\/\/sxflightcase.com \ud83d\udc97\",\"isPartOf\":{\"@id\":\"https:\/\/sxflightcase.com\/th\/#website\"},\"primaryImageOfPage\":{\"@id\":\"https:\/\/sxflightcase.com\/zh_hk\/\u7522\u54c1\/\u6df7\u97f3\u5668\u98db\u884c\u7bb1-2\/#primaryimage\"},\"image\":{\"@id\":\"https:\/\/sxflightcase.com\/zh_hk\/\u7522\u54c1\/\u6df7\u97f3\u5668\u98db\u884c\u7bb1-2\/#primaryimage\"},\"thumbnailUrl\":\"https:\/\/sxflightcase.com\/wp-content\/uploads\/2024\/05\/mixer-flight-case49513600912.webp\",\"datePublished\":\"2024-05-07T05:53:16+00:00\",\"dateModified\":\"2025-02-21T07:45:49+00:00\",\"description\":\"Mixer Flight Case Factory: Specializing in direct sales and professional customization for premium equipment protection solutions.\",\"breadcrumb\":{\"@id\":\"https:\/\/sxflightcase.com\/zh_hk\/\u7522\u54c1\/\u6df7\u97f3\u5668\u98db\u884c\u7bb1-2\/#breadcrumb\"},\"inLanguage\":\"fr-FR\",\"potentialAction\":[{\"@type\":\"ReadAction\",\"target\":[\"https:\/\/sxflightcase.com\/zh_hk\/\u7522\u54c1\/\u6df7\u97f3\u5668\u98db\u884c\u7bb1-2\/\"]}]},{\"@type\":\"ImageObject\",\"inLanguage\":\"fr-FR\",\"@id\":\"https:\/\/sxflightcase.com\/zh_hk\/\u7522\u54c1\/\u6df7\u97f3\u5668\u98db\u884c\u7bb1-2\/#primaryimage\",\"url\":\"https:\/\/sxflightcase.com\/wp-content\/uploads\/2024\/05\/mixer-flight-case49513600912.webp\",\"contentUrl\":\"https:\/\/sxflightcase.com\/wp-content\/uploads\/2024\/05\/mixer-flight-case49513600912.webp\",\"width\":700,\"height\":700,\"caption\":\"Mixer Flight Case\"},{\"@type\":\"BreadcrumbList\",\"@id\":\"https:\/\/sxflightcase.com\/zh_hk\/\u7522\u54c1\/\u6df7\u97f3\u5668\u98db\u884c\u7bb1-2\/#breadcrumb\",\"itemListElement\":[{\"@type\":\"ListItem\",\"position\":1,\"name\":\"Home\",\"item\":\"https:\/\/sxflightcase.com\/\"},{\"@type\":\"ListItem\",\"position\":2,\"name\":\"\u0e2a\u0e34\u0e19\u0e04\u0e49\u0e32\",\"item\":\"https:\/\/sxflightcase.com\/th\/shop\/\"},{\"@type\":\"ListItem\",\"position\":3,\"name\":\"Mixer Flight Case 2\"}]},{\"@type\":\"WebSite\",\"@id\":\"https:\/\/sxflightcase.com\/th\/#website\",\"url\":\"https:\/\/sxflightcase.com\/th\/\",\"name\":\"sxpowercase.com\",\"description\":\"Flight Case Factory\",\"publisher\":{\"@id\":\"https:\/\/sxflightcase.com\/th\/#organization\"},\"potentialAction\":[{\"@type\":\"SearchAction\",\"target\":{\"@type\":\"EntryPoint\",\"urlTemplate\":\"https:\/\/sxflightcase.com\/th\/?s={search_term_string}\"},\"query-input\":{\"@type\":\"PropertyValueSpecification\",\"valueRequired\":true,\"valueName\":\"search_term_string\"}}],\"inLanguage\":\"fr-FR\"},{\"@type\":\"Organization\",\"@id\":\"https:\/\/sxflightcase.com\/th\/#organization\",\"name\":\"sxpowercase.com\",\"url\":\"https:\/\/sxflightcase.com\/th\/\",\"logo\":{\"@type\":\"ImageObject\",\"inLanguage\":\"fr-FR\",\"@id\":\"https:\/\/sxflightcase.com\/th\/#\/schema\/logo\/image\/\",\"url\":\"https:\/\/sxflightcase.com\/wp-content\/uploads\/2024\/04\/1713919036007.jpg\",\"contentUrl\":\"https:\/\/sxflightcase.com\/wp-content\/uploads\/2024\/04\/1713919036007.jpg\",\"width\":382,\"height\":388,\"caption\":\"sxpowercase.com\"},\"image\":{\"@id\":\"https:\/\/sxflightcase.com\/th\/#\/schema\/logo\/image\/\"},\"sameAs\":[\"https:\/\/www.facebook.com\/profile.php?id=61560407257971\"],\"numberOfEmployees\":{\"@type\":\"QuantitativeValue\",\"minValue\":\"11\",\"maxValue\":\"50\"}}]}<\/script>\n<!-- \/ Yoast SEO Premium plugin. -->","yoast_head_json":{"title":"Mixer Flight Case 2 - https:\/\/sxflightcase.com \ud83d\udc97","description":"Mixer Flight Case Factory : Sp\u00e9cialis\u00e9 dans la vente directe et la personnalisation professionnelle de solutions de protection d'\u00e9quipements haut de gamme.","robots":{"index":"index","follow":"follow","max-snippet":"max-snippet:-1","max-image-preview":"max-image-preview:large","max-video-preview":"max-video-preview:-1"},"canonical":"https:\/\/sxflightcase.com\/fr\/\u7522\u54c1\/\u6df7\u97f3\u5668\u98db\u884c\u7bb1-2\/","og_locale":"fr_FR","og_type":"article","og_title":"Mixer Flight Case 2","og_description":"Mixer Flight Case Factory: Specializing in direct sales and professional customization for premium equipment protection solutions.","og_url":"https:\/\/sxflightcase.com\/fr\/\u7522\u54c1\/\u6df7\u97f3\u5668\u98db\u884c\u7bb1-2\/","og_site_name":"https:\/\/sxflightcase.com","article_publisher":"https:\/\/www.facebook.com\/profile.php?id=61560407257971","article_modified_time":"2025-02-21T07:45:49+00:00","og_image":[{"width":700,"height":700,"url":"https:\/\/sxflightcase.com\/wp-content\/uploads\/2024\/05\/mixer-flight-case49513600912.webp","type":"image\/webp"}],"twitter_card":"summary_large_image","twitter_misc":{"Dur\u00e9e de lecture estim\u00e9e":"3 minutes"},"schema":{"@context":"https:\/\/schema.org","@graph":[{"@type":"WebPage","@id":"https:\/\/sxflightcase.com\/zh_hk\/\u7522\u54c1\/\u6df7\u97f3\u5668\u98db\u884c\u7bb1-2\/","url":"https:\/\/sxflightcase.com\/zh_hk\/\u7522\u54c1\/\u6df7\u97f3\u5668\u98db\u884c\u7bb1-2\/","name":"Mixer Flight Case 2 - https:\/\/sxflightcase.com \ud83d\udc97","isPartOf":{"@id":"https:\/\/sxflightcase.com\/th\/#website"},"primaryImageOfPage":{"@id":"https:\/\/sxflightcase.com\/zh_hk\/\u7522\u54c1\/\u6df7\u97f3\u5668\u98db\u884c\u7bb1-2\/#primaryimage"},"image":{"@id":"https:\/\/sxflightcase.com\/zh_hk\/\u7522\u54c1\/\u6df7\u97f3\u5668\u98db\u884c\u7bb1-2\/#primaryimage"},"thumbnailUrl":"https:\/\/sxflightcase.com\/wp-content\/uploads\/2024\/05\/mixer-flight-case49513600912.webp","datePublished":"2024-05-07T05:53:16+00:00","dateModified":"2025-02-21T07:45:49+00:00","description":"Mixer Flight Case Factory : Sp\u00e9cialis\u00e9 dans la vente directe et la personnalisation professionnelle de solutions de protection d'\u00e9quipements haut de gamme.","breadcrumb":{"@id":"https:\/\/sxflightcase.com\/zh_hk\/\u7522\u54c1\/\u6df7\u97f3\u5668\u98db\u884c\u7bb1-2\/#breadcrumb"},"inLanguage":"fr-FR","potentialAction":[{"@type":"ReadAction","target":["https:\/\/sxflightcase.com\/zh_hk\/\u7522\u54c1\/\u6df7\u97f3\u5668\u98db\u884c\u7bb1-2\/"]}]},{"@type":"ImageObject","inLanguage":"fr-FR","@id":"https:\/\/sxflightcase.com\/zh_hk\/\u7522\u54c1\/\u6df7\u97f3\u5668\u98db\u884c\u7bb1-2\/#primaryimage","url":"https:\/\/sxflightcase.com\/wp-content\/uploads\/2024\/05\/mixer-flight-case49513600912.webp","contentUrl":"https:\/\/sxflightcase.com\/wp-content\/uploads\/2024\/05\/mixer-flight-case49513600912.webp","width":700,"height":700,"caption":"Mixer Flight Case"},{"@type":"BreadcrumbList","@id":"https:\/\/sxflightcase.com\/zh_hk\/\u7522\u54c1\/\u6df7\u97f3\u5668\u98db\u884c\u7bb1-2\/#breadcrumb","itemListElement":[{"@type":"ListItem","position":1,"name":"Home","item":"https:\/\/sxflightcase.com\/"},{"@type":"ListItem","position":2,"name":"\u0e2a\u0e34\u0e19\u0e04\u0e49\u0e32","item":"https:\/\/sxflightcase.com\/th\/shop\/"},{"@type":"ListItem","position":3,"name":"Mixer Flight Case 2"}]},{"@type":"WebSite","@id":"https:\/\/sxflightcase.com\/th\/#website","url":"https:\/\/sxflightcase.com\/th\/","name":"sxpowercase.com","description":"Flight Case Factory","publisher":{"@id":"https:\/\/sxflightcase.com\/th\/#organization"},"potentialAction":[{"@type":"SearchAction","target":{"@type":"EntryPoint","urlTemplate":"https:\/\/sxflightcase.com\/th\/?s={search_term_string}"},"query-input":{"@type":"PropertyValueSpecification","valueRequired":true,"valueName":"search_term_string"}}],"inLanguage":"fr-FR"},{"@type":"Organization","@id":"https:\/\/sxflightcase.com\/th\/#organization","name":"sxpowercase.com","url":"https:\/\/sxflightcase.com\/th\/","logo":{"@type":"ImageObject","inLanguage":"fr-FR","@id":"https:\/\/sxflightcase.com\/th\/#\/schema\/logo\/image\/","url":"https:\/\/sxflightcase.com\/wp-content\/uploads\/2024\/04\/1713919036007.jpg","contentUrl":"https:\/\/sxflightcase.com\/wp-content\/uploads\/2024\/04\/1713919036007.jpg","width":382,"height":388,"caption":"sxpowercase.com"},"image":{"@id":"https:\/\/sxflightcase.com\/th\/#\/schema\/logo\/image\/"},"sameAs":["https:\/\/www.facebook.com\/profile.php?id=61560407257971"],"numberOfEmployees":{"@type":"QuantitativeValue","minValue":"11","maxValue":"50"}}]}},"_links":{"self":[{"href":"https:\/\/sxflightcase.com\/fr\/wp-json\/wp\/v2\/product\/1116","targetHints":{"allow":["GET"]}}],"collection":[{"href":"https:\/\/sxflightcase.com\/fr\/wp-json\/wp\/v2\/product"}],"about":[{"href":"https:\/\/sxflightcase.com\/fr\/wp-json\/wp\/v2\/types\/product"}],"replies":[{"embeddable":true,"href":"https:\/\/sxflightcase.com\/fr\/wp-json\/wp\/v2\/comments?post=1116"}],"version-history":[{"count":0,"href":"https:\/\/sxflightcase.com\/fr\/wp-json\/wp\/v2\/product\/1116\/revisions"}],"wp:featuredmedia":[{"embeddable":true,"href":"https:\/\/sxflightcase.com\/fr\/wp-json\/wp\/v2\/media\/1117"}],"wp:attachment":[{"href":"https:\/\/sxflightcase.com\/fr\/wp-json\/wp\/v2\/media?parent=1116"}],"wp:term":[{"taxonomy":"product_brand","embeddable":true,"href":"https:\/\/sxflightcase.com\/fr\/wp-json\/wp\/v2\/product_brand?post=1116"},{"taxonomy":"product_cat","embeddable":true,"href":"https:\/\/sxflightcase.com\/fr\/wp-json\/wp\/v2\/product_cat?post=1116"},{"taxonomy":"product_tag","embeddable":true,"href":"https:\/\/sxflightcase.com\/fr\/wp-json\/wp\/v2\/product_tag?post=1116"}],"curies":[{"name":"wp","href":"https:\/\/api.w.org\/{rel}","templated":true}]}}