{"id":1602,"date":"2024-05-10T02:17:12","date_gmt":"2024-05-10T01:17:12","guid":{"rendered":"https:\/\/sxpowercase.com\/?post_type=product&#038;p=1602"},"modified":"2024-06-27T08:15:23","modified_gmt":"2024-06-27T07:15:23","slug":"19-inch-rack-2","status":"publish","type":"product","link":"https:\/\/sxflightcase.com\/fr\/produit\/etagere-19-pouces-2-2\/","title":{"rendered":"Rack MP 19 pouces"},"content":{"rendered":"<h3><strong>Pr\u00e9sentation de la production<\/strong><\/h3>\n<p>La largeur int\u00e9rieure du rack est de 19 pouces. La profondeur du rack (jusqu'au couvercle arri\u00e8re) est de 20,25\". Profondeur du couvercle : 3,75\", 4 poign\u00e9es \u00e0 ressort, 8 verrous tournants encastr\u00e9s avec inserts de cadenas. La s\u00e9rie de coffrets Shengxiang est \u00e9galement disponible en coffrets 2U, 4U, 6U, 8U, 10U, 12U, 14U et 16U.<\/p>\n<h3><strong>Param\u00e8tre du produit (sp\u00e9cification)<\/strong><\/h3>\n<section class=\"table-wrap\">\n<table class=\"table\" width=\"100%\" cellspacing=\"0\" cellpadding=\"0\">\n<tbody>\n<tr class=\"firstRow\">\n<td width=\"134\">Nom du produit<\/td>\n<td width=\"504\">Support de 19 pouces<\/td>\n<\/tr>\n<tr>\n<td width=\"134\">Mat\u00e9riaux<\/td>\n<td width=\"504\">Construction en contreplaqu\u00e9 lamin\u00e9 de 9 mm, avec quincaillerie plaqu\u00e9e de qualit\u00e9 commerciale, poign\u00e9es et loquets robustes, et coins \u00e0 rotule.<br \/>\nPoign\u00e9e de remorquage encastr\u00e9e \u00e0 ressort int\u00e9gr\u00e9e<br \/>\nRembourrage int\u00e9rieur en mousse EVA pour rendre l'\u00e9tui r\u00e9sistant aux chocs<\/td>\n<\/tr>\n<tr>\n<td width=\"134\">Couleur<\/td>\n<td width=\"504\">Noir, bleu, rouge ou personnalis\u00e9<\/td>\n<\/tr>\n<tr>\n<td width=\"134\">Usage<\/td>\n<td width=\"504\">Prot\u00e9ger le transport Stockage<\/td>\n<\/tr>\n<\/tbody>\n<\/table>\n<\/section>\n<h3>Organisez votre mat\u00e9riel avec les solutions de rack 19 pouces de SX<\/h3>\n<h4>Rack SX 19 pouces : Organisez efficacement votre espace de travail<\/h4>\n<p>Le <a href=\"https:\/\/sxpowercase.com\/\" target=\"_blank\"  rel=\"noopener\" title=\"SX\"  data-wpil-monitor-id=\"502\">SX<\/a> 19 pouces est con\u00e7u pour rationaliser votre espace de travail en fournissant une solution polyvalente et fiable pour le montage et l'organisation de votre \u00e9quipement. Que vous g\u00e9riez des serveurs, du mat\u00e9riel audio ou des \u00e9quipements de r\u00e9seau, nos racks garantissent un acc\u00e8s facile et une utilisation efficace de l'espace.<\/p>\n<h4>Qualit\u00e9 directement d&#039;usine<\/h4>\n<p>Chez SX, nous donnons la priorit\u00e9 \u00e0 la qualit\u00e9 et \u00e0 l'accessibilit\u00e9 en proposant notre rack 19 pouces directement depuis notre usine. En \u00e9liminant les interm\u00e9diaires, nous gardons le contr\u00f4le sur les normes de production et les co\u00fbts, ce qui vous garantit un produit de haute qualit\u00e9 \u00e0 un prix comp\u00e9titif.<\/p>\n<h4>Adapt\u00e9 \u00e0 vos besoins<\/h4>\n<p>Nous savons que chaque installation est unique. C'est pourquoi notre rack 19 pouces peut \u00eatre personnalis\u00e9 pour r\u00e9pondre \u00e0 vos besoins sp\u00e9cifiques. Que vous ayez besoin d'\u00e9tag\u00e8res suppl\u00e9mentaires, de solutions de gestion des c\u00e2bles ou d'une taille diff\u00e9rente, nos racks peuvent \u00eatre adapt\u00e9s pour s'int\u00e9grer parfaitement \u00e0 votre environnement.<\/p>\n<hr \/>\n<h4>Pourquoi choisir SX 19-Inch Rack ?<\/h4>\n<p>Choisir SX, c'est choisir la durabilit\u00e9, la fiabilit\u00e9 et la rentabilit\u00e9. Nos rayonnages sont construits pour durer et con\u00e7us pour optimiser l'espace et l'organisation dans n'importe quel environnement. Avec une installation simple et une construction robuste, ils constituent un atout essentiel pour tout environnement professionnel.<\/p>\n<hr \/>\n<h4>Am\u00e9liorez votre espace de travail avec SX<\/h4>\n<p>Investissez d\u00e8s aujourd'hui dans un rack SX 19 pouces et d\u00e9couvrez la diff\u00e9rence en termes d'organisation et d'efficacit\u00e9. Qu'il s'agisse d'une utilisation domestique, d'un studio ou d'une installation professionnelle, les racks SX offrent une qualit\u00e9 et une fonctionnalit\u00e9 in\u00e9gal\u00e9es. Contactez-nous d\u00e8s maintenant pour d\u00e9couvrir notre gamme d'options de racks 19 pouces et trouver la solution parfaite pour vos besoins.<\/p>\n<p><strong>FAQ<\/strong><\/p>\n<p>Q : Quel est votre d\u00e9lai de livraison ?<\/p>\n<p>R : Notre d\u00e9lai de livraison ordinaire est EXW Guangzhou. Nous acceptons \u00e9galement FOB, CFR, CIF, DDP, DDU, etc. Nous vous proposerons les frais d'exp\u00e9dition et vous pourrez choisir celui qui est le plus pratique et le plus efficace pour vous.<\/p>\n<p>Q : Quel mode de paiement pouvez-vous accepter ?<\/p>\n<p>R : T\/T, Western Union, etc. Nous acceptons toute condition de paiement pratique et rapide.<\/p>\n<p>Q : Quand puis-je obtenir le prix ?<\/p>\n<p>R : En g\u00e9n\u00e9ral, nous \u00e9tablissons un devis dans les 8 heures suivant la r\u00e9ception de votre demande.<\/p>\n<p>Q : Pouvez-vous faire notre propre emballage ?<\/p>\n<p>R : Oui, il vous suffit de fournir le design de l&#039;emballage et nous produirons ce que vous souhaitez. Nous disposons \u00e9galement d&#039;un designer professionnel qui peut vous aider \u00e0 concevoir l&#039;emballage.<\/p>\n<p><strong>Contr\u00f4le de la qualit\u00e9<\/strong><\/p>\n<p>Une personne charg\u00e9e du contr\u00f4le qualit\u00e9 reste sur les lignes de production pour proc\u00e9der \u00e0 l'inspection. Tous les produits doivent avoir \u00e9t\u00e9 inspect\u00e9s avant d'\u00eatre livr\u00e9s. Nous effectuons des contr\u00f4les en ligne et des contr\u00f4les finaux.<\/p>\n<p>1. toutes les mati\u00e8res premi\u00e8res sont contr\u00f4l\u00e9es d\u00e8s leur arriv\u00e9e dans notre usine.<\/p>\n<p>2. toutes les pi\u00e8ces, le logo et tous les d\u00e9tails sont v\u00e9rifi\u00e9s pendant la production.<\/p>\n<p>3. tous les d\u00e9tails de l'emballage sont v\u00e9rifi\u00e9s pendant la production.<\/p>\n<p>4. la qualit\u00e9 de la production et de l'emballage est v\u00e9rifi\u00e9e lors de l'inspection finale.<\/p>\n<p>\u00c9tiquettes populaires: prix bas, en stock, \u00e9chantillon gratuit, c\u00e2ble d&#039;alimentation et de signal, fil \u00e0 4 conducteurs de calibre 16, \u00e9tui pour pied de microphone, armoire d&#039;affichage LED ext\u00e9rieure, montage en rack, mallettes de vol pour mixeur \u00e0 montage en rack 19 pouces, bo\u00eete de distribution \u00e9lectrique, Chine, fournisseurs, usine, personnalis\u00e9, vente en gros, <span style=\"color: #993366;\"><a style=\"color: #993366;\" href=\"https:\/\/sxflightcase.com\/fr\/product-category\/all-product\/power-distribution-boxes\/\">bo\u00eetes d&#039;alimentation<\/a>,\u00a0<a style=\"color: #993366;\" href=\"https:\/\/sxflightcase.com\/fr\/product-category\/all-product\/hoist-controllers\/\">c\u00e2bles d&#039;alimentation<\/a>,\u00a0<a style=\"color: #993366;\" href=\"https:\/\/sxflightcase.com\/fr\/product-category\/all-product\/hoist-controllers\/\">contr\u00f4leurs de levage<\/a>,\u00a0<a style=\"color: #993366;\" href=\"https:\/\/sxflightcase.com\/fr\/product-category\/all-product\/flight-case\/\">mallettes de vol.<\/a><\/span><\/p>","protected":false},"excerpt":{"rendered":"<h2 class=\"prodetails-name\">Rack de 19 pouces<\/h2>\n<p>Nous proposons une gamme de bo\u00eetiers 19 pouces adapt\u00e9s \u00e0 la plupart des \u00e9quipements de sc\u00e8ne, tels que les amplificateurs et les processeurs, avec diff\u00e9rentes options disponibles. La mallette est une mallette sur mesure <a class=\"wpil_keyword_link\" title=\"\u00e9tui de transport\" href=\"https:\/\/sxpowercase.com\/product-category\/all-product\/flight-case\/\" target=\"_blank\" rel=\"noopener\" data-wpil-keyword-link=\"linked\" data-wpil-monitor-id=\"389\">\u00e9tui de transport<\/a> en utilisant des raccords robustes et du contreplaqu\u00e9 noir de finition standard.<\/p>\n<h2><strong>Pr\u00e9sentation de la production<\/strong><\/h2>\n<p>La largeur int\u00e9rieure du rack est de 19 pouces. La profondeur du rack (jusqu'au couvercle arri\u00e8re) est de 20,25\". Profondeur du couvercle : 3,75\", 4 poign\u00e9es \u00e0 ressort, 8 verrous tournants encastr\u00e9s avec inserts de cadenas. La s\u00e9rie de coffrets Shengxiang est \u00e9galement disponible en coffrets 2U, 4U, 6U, 8U, 10U, 12U, 14U et 16U.<\/p>","protected":false},"featured_media":1603,"comment_status":"open","ping_status":"closed","template":"","meta":[],"product_brand":[],"product_cat":[35],"product_tag":[50],"class_list":{"0":"post-1602","1":"product","2":"type-product","3":"status-publish","4":"has-post-thumbnail","6":"product_cat-standard-rack-cases","7":"product_tag-mp","9":"first","10":"instock","11":"shipping-taxable","12":"product-type-simple"},"yoast_head":"<!-- This site is optimized with the Yoast SEO Premium plugin v27.1 (Yoast SEO v27.2) - https:\/\/yoast.com\/product\/yoast-seo-premium-wordpress\/ -->\n<title>MP 19-Inch Rack - https:\/\/sxflightcase.com \ud83d\udc97<\/title>\n<meta name=\"description\" content=\"19-Inch Rack: Discover our factory-direct options, offering professional customization for efficient organization and storage of your equipment.\" \/>\n<meta name=\"robots\" content=\"index, follow, max-snippet:-1, max-image-preview:large, max-video-preview:-1\" \/>\n<link rel=\"canonical\" href=\"https:\/\/sxflightcase.com\/fr\/produkt\/19-tommer-rack-2\/\" \/>\n<meta property=\"og:locale\" content=\"fr_FR\" \/>\n<meta property=\"og:type\" content=\"article\" \/>\n<meta property=\"og:title\" content=\"MP 19-Inch Rack\" \/>\n<meta property=\"og:description\" content=\"19-Inch Rack: Discover our factory-direct options, offering professional customization for efficient organization and storage of your equipment.\" \/>\n<meta property=\"og:url\" content=\"https:\/\/sxflightcase.com\/fr\/produkt\/19-tommer-rack-2\/\" \/>\n<meta property=\"og:site_name\" content=\"https:\/\/sxflightcase.com\" \/>\n<meta property=\"article:publisher\" content=\"https:\/\/www.facebook.com\/profile.php?id=61560407257971\" \/>\n<meta property=\"article:modified_time\" content=\"2024-06-27T07:15:23+00:00\" \/>\n<meta property=\"og:image\" content=\"https:\/\/sxflightcase.com\/wp-content\/uploads\/2024\/05\/19-inch-rack03459619372.webp\" \/>\n\t<meta property=\"og:image:width\" content=\"750\" \/>\n\t<meta property=\"og:image:height\" content=\"750\" \/>\n\t<meta property=\"og:image:type\" content=\"image\/webp\" \/>\n<meta name=\"twitter:card\" content=\"summary_large_image\" \/>\n<meta name=\"twitter:label1\" content=\"Dur\u00e9e de lecture estim\u00e9e\" \/>\n\t<meta name=\"twitter:data1\" content=\"4 minutes\" \/>\n<script type=\"application\/ld+json\" class=\"yoast-schema-graph\">{\"@context\":\"https:\/\/schema.org\",\"@graph\":[{\"@type\":\"WebPage\",\"@id\":\"https:\/\/sxflightcase.com\/da\/produkt\/19-tommer-rack-2\/\",\"url\":\"https:\/\/sxflightcase.com\/da\/produkt\/19-tommer-rack-2\/\",\"name\":\"MP 19-Inch Rack - https:\/\/sxflightcase.com \ud83d\udc97\",\"isPartOf\":{\"@id\":\"https:\/\/sxflightcase.com\/th\/#website\"},\"primaryImageOfPage\":{\"@id\":\"https:\/\/sxflightcase.com\/da\/produkt\/19-tommer-rack-2\/#primaryimage\"},\"image\":{\"@id\":\"https:\/\/sxflightcase.com\/da\/produkt\/19-tommer-rack-2\/#primaryimage\"},\"thumbnailUrl\":\"https:\/\/sxflightcase.com\/wp-content\/uploads\/2024\/05\/19-inch-rack03459619372.webp\",\"datePublished\":\"2024-05-10T01:17:12+00:00\",\"dateModified\":\"2024-06-27T07:15:23+00:00\",\"description\":\"19-Inch Rack: Discover our factory-direct options, offering professional customization for efficient organization and storage of your equipment.\",\"breadcrumb\":{\"@id\":\"https:\/\/sxflightcase.com\/da\/produkt\/19-tommer-rack-2\/#breadcrumb\"},\"inLanguage\":\"fr-FR\",\"potentialAction\":[{\"@type\":\"ReadAction\",\"target\":[\"https:\/\/sxflightcase.com\/da\/produkt\/19-tommer-rack-2\/\"]}]},{\"@type\":\"ImageObject\",\"inLanguage\":\"fr-FR\",\"@id\":\"https:\/\/sxflightcase.com\/da\/produkt\/19-tommer-rack-2\/#primaryimage\",\"url\":\"https:\/\/sxflightcase.com\/wp-content\/uploads\/2024\/05\/19-inch-rack03459619372.webp\",\"contentUrl\":\"https:\/\/sxflightcase.com\/wp-content\/uploads\/2024\/05\/19-inch-rack03459619372.webp\",\"width\":750,\"height\":750,\"caption\":\"19-Inch Rack\"},{\"@type\":\"BreadcrumbList\",\"@id\":\"https:\/\/sxflightcase.com\/da\/produkt\/19-tommer-rack-2\/#breadcrumb\",\"itemListElement\":[{\"@type\":\"ListItem\",\"position\":1,\"name\":\"Home\",\"item\":\"https:\/\/sxflightcase.com\/\"},{\"@type\":\"ListItem\",\"position\":2,\"name\":\"\u0e2a\u0e34\u0e19\u0e04\u0e49\u0e32\",\"item\":\"https:\/\/sxflightcase.com\/th\/shop\/\"},{\"@type\":\"ListItem\",\"position\":3,\"name\":\"MP 19-Inch Rack\"}]},{\"@type\":\"WebSite\",\"@id\":\"https:\/\/sxflightcase.com\/th\/#website\",\"url\":\"https:\/\/sxflightcase.com\/th\/\",\"name\":\"sxpowercase.com\",\"description\":\"Flight Case Factory\",\"publisher\":{\"@id\":\"https:\/\/sxflightcase.com\/th\/#organization\"},\"potentialAction\":[{\"@type\":\"SearchAction\",\"target\":{\"@type\":\"EntryPoint\",\"urlTemplate\":\"https:\/\/sxflightcase.com\/th\/?s={search_term_string}\"},\"query-input\":{\"@type\":\"PropertyValueSpecification\",\"valueRequired\":true,\"valueName\":\"search_term_string\"}}],\"inLanguage\":\"fr-FR\"},{\"@type\":\"Organization\",\"@id\":\"https:\/\/sxflightcase.com\/th\/#organization\",\"name\":\"sxpowercase.com\",\"url\":\"https:\/\/sxflightcase.com\/th\/\",\"logo\":{\"@type\":\"ImageObject\",\"inLanguage\":\"fr-FR\",\"@id\":\"https:\/\/sxflightcase.com\/th\/#\/schema\/logo\/image\/\",\"url\":\"https:\/\/sxflightcase.com\/wp-content\/uploads\/2024\/04\/1713919036007.jpg\",\"contentUrl\":\"https:\/\/sxflightcase.com\/wp-content\/uploads\/2024\/04\/1713919036007.jpg\",\"width\":382,\"height\":388,\"caption\":\"sxpowercase.com\"},\"image\":{\"@id\":\"https:\/\/sxflightcase.com\/th\/#\/schema\/logo\/image\/\"},\"sameAs\":[\"https:\/\/www.facebook.com\/profile.php?id=61560407257971\"],\"numberOfEmployees\":{\"@type\":\"QuantitativeValue\",\"minValue\":\"11\",\"maxValue\":\"50\"}}]}<\/script>\n<!-- \/ Yoast SEO Premium plugin. -->","yoast_head_json":{"title":"MP 19-Inch Rack - https:\/\/sxflightcase.com \ud83d\udc97","description":"Rack 19 pouces : D\u00e9couvrez nos options d'usine, offrant une personnalisation professionnelle pour une organisation et un stockage efficaces de votre \u00e9quipement.","robots":{"index":"index","follow":"follow","max-snippet":"max-snippet:-1","max-image-preview":"max-image-preview:large","max-video-preview":"max-video-preview:-1"},"canonical":"https:\/\/sxflightcase.com\/fr\/produkt\/19-tommer-rack-2\/","og_locale":"fr_FR","og_type":"article","og_title":"MP 19-Inch Rack","og_description":"19-Inch Rack: Discover our factory-direct options, offering professional customization for efficient organization and storage of your equipment.","og_url":"https:\/\/sxflightcase.com\/fr\/produkt\/19-tommer-rack-2\/","og_site_name":"https:\/\/sxflightcase.com","article_publisher":"https:\/\/www.facebook.com\/profile.php?id=61560407257971","article_modified_time":"2024-06-27T07:15:23+00:00","og_image":[{"width":750,"height":750,"url":"https:\/\/sxflightcase.com\/wp-content\/uploads\/2024\/05\/19-inch-rack03459619372.webp","type":"image\/webp"}],"twitter_card":"summary_large_image","twitter_misc":{"Dur\u00e9e de lecture estim\u00e9e":"4 minutes"},"schema":{"@context":"https:\/\/schema.org","@graph":[{"@type":"WebPage","@id":"https:\/\/sxflightcase.com\/da\/produkt\/19-tommer-rack-2\/","url":"https:\/\/sxflightcase.com\/da\/produkt\/19-tommer-rack-2\/","name":"MP 19-Inch Rack - https:\/\/sxflightcase.com \ud83d\udc97","isPartOf":{"@id":"https:\/\/sxflightcase.com\/th\/#website"},"primaryImageOfPage":{"@id":"https:\/\/sxflightcase.com\/da\/produkt\/19-tommer-rack-2\/#primaryimage"},"image":{"@id":"https:\/\/sxflightcase.com\/da\/produkt\/19-tommer-rack-2\/#primaryimage"},"thumbnailUrl":"https:\/\/sxflightcase.com\/wp-content\/uploads\/2024\/05\/19-inch-rack03459619372.webp","datePublished":"2024-05-10T01:17:12+00:00","dateModified":"2024-06-27T07:15:23+00:00","description":"Rack 19 pouces : D\u00e9couvrez nos options d'usine, offrant une personnalisation professionnelle pour une organisation et un stockage efficaces de votre \u00e9quipement.","breadcrumb":{"@id":"https:\/\/sxflightcase.com\/da\/produkt\/19-tommer-rack-2\/#breadcrumb"},"inLanguage":"fr-FR","potentialAction":[{"@type":"ReadAction","target":["https:\/\/sxflightcase.com\/da\/produkt\/19-tommer-rack-2\/"]}]},{"@type":"ImageObject","inLanguage":"fr-FR","@id":"https:\/\/sxflightcase.com\/da\/produkt\/19-tommer-rack-2\/#primaryimage","url":"https:\/\/sxflightcase.com\/wp-content\/uploads\/2024\/05\/19-inch-rack03459619372.webp","contentUrl":"https:\/\/sxflightcase.com\/wp-content\/uploads\/2024\/05\/19-inch-rack03459619372.webp","width":750,"height":750,"caption":"19-Inch Rack"},{"@type":"BreadcrumbList","@id":"https:\/\/sxflightcase.com\/da\/produkt\/19-tommer-rack-2\/#breadcrumb","itemListElement":[{"@type":"ListItem","position":1,"name":"Home","item":"https:\/\/sxflightcase.com\/"},{"@type":"ListItem","position":2,"name":"\u0e2a\u0e34\u0e19\u0e04\u0e49\u0e32","item":"https:\/\/sxflightcase.com\/th\/shop\/"},{"@type":"ListItem","position":3,"name":"MP 19-Inch Rack"}]},{"@type":"WebSite","@id":"https:\/\/sxflightcase.com\/th\/#website","url":"https:\/\/sxflightcase.com\/th\/","name":"sxpowercase.com","description":"Flight Case Factory","publisher":{"@id":"https:\/\/sxflightcase.com\/th\/#organization"},"potentialAction":[{"@type":"SearchAction","target":{"@type":"EntryPoint","urlTemplate":"https:\/\/sxflightcase.com\/th\/?s={search_term_string}"},"query-input":{"@type":"PropertyValueSpecification","valueRequired":true,"valueName":"search_term_string"}}],"inLanguage":"fr-FR"},{"@type":"Organization","@id":"https:\/\/sxflightcase.com\/th\/#organization","name":"sxpowercase.com","url":"https:\/\/sxflightcase.com\/th\/","logo":{"@type":"ImageObject","inLanguage":"fr-FR","@id":"https:\/\/sxflightcase.com\/th\/#\/schema\/logo\/image\/","url":"https:\/\/sxflightcase.com\/wp-content\/uploads\/2024\/04\/1713919036007.jpg","contentUrl":"https:\/\/sxflightcase.com\/wp-content\/uploads\/2024\/04\/1713919036007.jpg","width":382,"height":388,"caption":"sxpowercase.com"},"image":{"@id":"https:\/\/sxflightcase.com\/th\/#\/schema\/logo\/image\/"},"sameAs":["https:\/\/www.facebook.com\/profile.php?id=61560407257971"],"numberOfEmployees":{"@type":"QuantitativeValue","minValue":"11","maxValue":"50"}}]}},"_links":{"self":[{"href":"https:\/\/sxflightcase.com\/fr\/wp-json\/wp\/v2\/product\/1602","targetHints":{"allow":["GET"]}}],"collection":[{"href":"https:\/\/sxflightcase.com\/fr\/wp-json\/wp\/v2\/product"}],"about":[{"href":"https:\/\/sxflightcase.com\/fr\/wp-json\/wp\/v2\/types\/product"}],"replies":[{"embeddable":true,"href":"https:\/\/sxflightcase.com\/fr\/wp-json\/wp\/v2\/comments?post=1602"}],"version-history":[{"count":0,"href":"https:\/\/sxflightcase.com\/fr\/wp-json\/wp\/v2\/product\/1602\/revisions"}],"wp:featuredmedia":[{"embeddable":true,"href":"https:\/\/sxflightcase.com\/fr\/wp-json\/wp\/v2\/media\/1603"}],"wp:attachment":[{"href":"https:\/\/sxflightcase.com\/fr\/wp-json\/wp\/v2\/media?parent=1602"}],"wp:term":[{"taxonomy":"product_brand","embeddable":true,"href":"https:\/\/sxflightcase.com\/fr\/wp-json\/wp\/v2\/product_brand?post=1602"},{"taxonomy":"product_cat","embeddable":true,"href":"https:\/\/sxflightcase.com\/fr\/wp-json\/wp\/v2\/product_cat?post=1602"},{"taxonomy":"product_tag","embeddable":true,"href":"https:\/\/sxflightcase.com\/fr\/wp-json\/wp\/v2\/product_tag?post=1602"}],"curies":[{"name":"wp","href":"https:\/\/api.w.org\/{rel}","templated":true}]}}