{"id":1607,"date":"2024-05-10T02:29:21","date_gmt":"2024-05-10T01:29:21","guid":{"rendered":"https:\/\/sxpowercase.com\/?post_type=product&#038;p=1607"},"modified":"2024-06-27T08:16:10","modified_gmt":"2024-06-27T07:16:10","slug":"rack-mount-enclosure","status":"publish","type":"product","link":"https:\/\/sxflightcase.com\/fr\/produit\/boitier-de-montage-en-rack-2\/","title":{"rendered":"Bo\u00eetier de montage en rack FC"},"content":{"rendered":"<p><strong>Param\u00e8tre du produit (sp\u00e9cification)<\/strong><\/p>\n<section class=\"table-wrap\">\n<table class=\"table\" width=\"100%\" cellspacing=\"0\" cellpadding=\"0\">\n<tbody>\n<tr class=\"firstRow\">\n<td width=\"134\">Nom du produit:<\/td>\n<td width=\"503\">Bo\u00eetier de montage en rack<\/td>\n<\/tr>\n<tr>\n<td width=\"134\">Mat\u00e9riel<\/td>\n<td width=\"503\">Cadre en aluminium + ignifuge + contreplaqu\u00e9 de 9 mm<\/td>\n<\/tr>\n<tr>\n<td width=\"134\">\u00c0 l&#039;int\u00e9rieur<\/td>\n<td width=\"503\">Mousse antichoc de haute densit\u00e9<\/td>\n<\/tr>\n<tr>\n<td width=\"134\">Taille<\/td>\n<td width=\"503\">Peut \u00eatre personnalis\u00e9<\/td>\n<\/tr>\n<tr>\n<td width=\"134\">Accessoires<\/td>\n<td width=\"503\">Huit serrures papillon, quatre roues pour faciliter le transport, quatre poign\u00e9es solides<\/td>\n<\/tr>\n<tr>\n<td width=\"134\">Coutume<\/td>\n<td width=\"503\">Tous les types de personnalisation sont les bienvenus, tels que le mat\u00e9riau du bo\u00eetier en aluminium, les dimensions, les remplissages int\u00e9rieurs, les poign\u00e9es, les serrures, etc.<\/td>\n<\/tr>\n<\/tbody>\n<\/table>\n<\/section>\n<h3>S\u00e9curisez votre \u00e9quipement avec les bo\u00eetiers de montage en rack SX<\/h3>\n<h4>Armoires de montage en rack SX : Prot\u00e9gez et organisez votre \u00e9quipement<\/h4>\n<p>Assurez la s\u00e9curit\u00e9 et l'organisation de votre \u00e9quipement de valeur avec <a href=\"https:\/\/sxpowercase.com\/\" target=\"_blank\"  rel=\"noopener\" title=\"SX\"  data-wpil-monitor-id=\"503\">SX<\/a> Bo\u00eetiers \u00e0 montage en rack. Ces bo\u00eetiers sont con\u00e7us pour abriter en toute s\u00e9curit\u00e9 vos appareils \u00e9lectroniques, en les prot\u00e9geant de la poussi\u00e8re, de l'humidit\u00e9 et des dommages physiques, tout en optimisant l'espace et l'accessibilit\u00e9.<\/p>\n<h4>En direct de notre usine<\/h4>\n<p>Chez SX, nous donnons la priorit\u00e9 \u00e0 la qualit\u00e9 et \u00e0 la fiabilit\u00e9. Nos bo\u00eetiers de montage en rack sont fabriqu\u00e9s directement dans notre usine, ce qui nous permet de maintenir un contr\u00f4le de qualit\u00e9 rigoureux et d'offrir des prix comp\u00e9titifs. En \u00e9liminant les interm\u00e9diaires, nous nous assurons que vous recevez une solution durable et rentable.<\/p>\n<h4>Solutions personnalisables<\/h4>\n<p>Nous savons que chaque installation est unique. C'est pourquoi nos bo\u00eetiers de montage en rack peuvent \u00eatre personnalis\u00e9s pour r\u00e9pondre \u00e0 vos besoins sp\u00e9cifiques. Que vous ayez besoin d'une ventilation suppl\u00e9mentaire, d'options de gestion des c\u00e2bles ou d'une taille particuli\u00e8re, nos bo\u00eetiers peuvent \u00eatre adapt\u00e9s pour s'int\u00e9grer parfaitement \u00e0 votre environnement.<\/p>\n<hr \/>\n<h4>Pourquoi choisir les armoires de montage SX ?<\/h4>\n<p>Choisir SX, c'est choisir la durabilit\u00e9, la fonctionnalit\u00e9 et la tranquillit\u00e9 d'esprit. Nos armoires sont con\u00e7ues pour r\u00e9sister aux rigueurs d'une utilisation professionnelle tout en offrant un acc\u00e8s facile et une protection \u00e0 votre \u00e9quipement. Gr\u00e2ce \u00e0 leur conception polyvalente et \u00e0 leur construction robuste, ils sont id\u00e9aux pour une grande vari\u00e9t\u00e9 d'applications.<\/p>\n<hr \/>\n<h4>Am\u00e9liorez votre installation avec SX<\/h4>\n<p>Investissez d\u00e8s aujourd'hui dans un coffret SX pour montage en rack et b\u00e9n\u00e9ficiez d'une s\u00e9curit\u00e9 et d'une organisation accrues pour vos appareils \u00e9lectroniques. Que ce soit pour les centres de donn\u00e9es, les installations audiovisuelles ou les applications industrielles, les bo\u00eetiers SX offrent des performances et une fiabilit\u00e9 sup\u00e9rieures. Contactez-nous d\u00e8s maintenant pour d\u00e9couvrir notre gamme et trouver la solution parfaite pour vos besoins.<\/p>\n<p><strong>FAQ<\/strong><\/p>\n<p>Q : Quel est votre d\u00e9lai de livraison ?<\/p>\n<p>R : Notre d\u00e9lai de livraison ordinaire est EXW Guangzhou. Nous acceptons \u00e9galement FOB, CFR, CIF, DDP, DDU, etc. Nous vous proposerons les frais d'exp\u00e9dition et vous pourrez choisir celui qui est le plus pratique et le plus efficace pour vous.<\/p>\n<p>Q : Quel mode de paiement pouvez-vous accepter ?<\/p>\n<p>R : T\/T, Western Union, etc. Nous acceptons toute condition de paiement pratique et rapide.<\/p>\n<p>\u00c9tiquettes populaires: prix bas, en stock, \u00e9chantillon gratuit, c\u00e2ble d&#039;alimentation et de signal, fil \u00e0 4 conducteurs de calibre 16, \u00e9tui pour pied de microphone, armoire d&#039;affichage LED ext\u00e9rieure, montage en rack, mallettes de vol pour mixeur \u00e0 montage en rack 19 pouces, bo\u00eete de distribution \u00e9lectrique, Chine, fournisseurs, usine, personnalis\u00e9, vente en gros, <span style=\"color: #993366;\"><a style=\"color: #993366;\" href=\"https:\/\/sxflightcase.com\/fr\/product-category\/all-product\/power-distribution-boxes\/\">bo\u00eetes d&#039;alimentation<\/a>,\u00a0<a style=\"color: #993366;\" href=\"https:\/\/sxflightcase.com\/fr\/product-category\/all-product\/hoist-controllers\/\">c\u00e2bles d&#039;alimentation<\/a>,\u00a0<a style=\"color: #993366;\" href=\"https:\/\/sxflightcase.com\/fr\/product-category\/all-product\/hoist-controllers\/\">contr\u00f4leurs de levage<\/a>,\u00a0<a style=\"color: #993366;\" href=\"https:\/\/sxflightcase.com\/fr\/product-category\/all-product\/flight-case\/\">mallettes de vol.<\/a><\/span><\/p>","protected":false},"excerpt":{"rendered":"<h2>Bo\u00eetier de montage en rack<\/h2>\n<p>Fond\u00e9 en 2001, nous sommes sp\u00e9cialis\u00e9s dans la fabrication de toutes sortes de bo\u00eetiers de montage en rack et disposons d'un atelier de plus de 20 000 m\u00e8tres carr\u00e9s. Normalement, nous fabriquons des bo\u00eetiers de montage en rack de 2u \u00e0 20u, mais nous pouvons \u00e9galement fabriquer des bo\u00eetiers de taille diff\u00e9rente en fonction de vos besoins.<\/p>\n<h2><strong>Pr\u00e9sentation de la production<\/strong><\/h2>\n<p>La largeur int\u00e9rieure de l'armoire de montage en rack est de 19\" en standard. La profondeur du rack (jusqu'au couvercle arri\u00e8re) est de 20,25\". Profondeur du couvercle : 3,75\", 4 poign\u00e9es \u00e0 ressort, 8 verrous tournants encastr\u00e9s avec inserts de cadenas. La s\u00e9rie de coffrets Shengxiang est \u00e9galement disponible en coffrets 2U, 4U, 6U, 8U, 10U, 12U, 14U et 16U.<\/p>","protected":false},"featured_media":1611,"comment_status":"open","ping_status":"closed","template":"","meta":[],"product_brand":[],"product_cat":[35],"product_tag":[52],"class_list":{"0":"post-1607","1":"product","2":"type-product","3":"status-publish","4":"has-post-thumbnail","6":"product_cat-standard-rack-cases","7":"product_tag-fc","9":"first","10":"instock","11":"shipping-taxable","12":"product-type-simple"},"yoast_head":"<!-- This site is optimized with the Yoast SEO Premium plugin v27.1 (Yoast SEO v27.2) - https:\/\/yoast.com\/product\/yoast-seo-premium-wordpress\/ -->\n<title>FC Rack Mount Enclosure - https:\/\/sxflightcase.com \ud83d\udc97<\/title>\n<meta name=\"description\" content=\"Rack Mount Enclosure: Explore our factory-direct options for professional customization, ensuring optimal organization and protection of your equipment.\" \/>\n<meta name=\"robots\" content=\"index, follow, max-snippet:-1, max-image-preview:large, max-video-preview:-1\" \/>\n<link rel=\"canonical\" href=\"https:\/\/sxflightcase.com\/fr\/\u0645\u0646\u062a\u062c\/\u0636\u0645\u064a\u0645\u0629-\u062a\u0631\u0643\u064a\u0628-\u0627\u0644\u062d\u0627\u0645\u0644-2\/\" \/>\n<meta property=\"og:locale\" content=\"fr_FR\" \/>\n<meta property=\"og:type\" content=\"article\" \/>\n<meta property=\"og:title\" content=\"FC Rack Mount Enclosure\" \/>\n<meta property=\"og:description\" content=\"Rack Mount Enclosure: Explore our factory-direct options for professional customization, ensuring optimal organization and protection of your equipment.\" \/>\n<meta property=\"og:url\" content=\"https:\/\/sxflightcase.com\/fr\/\u0645\u0646\u062a\u062c\/\u0636\u0645\u064a\u0645\u0629-\u062a\u0631\u0643\u064a\u0628-\u0627\u0644\u062d\u0627\u0645\u0644-2\/\" \/>\n<meta property=\"og:site_name\" content=\"https:\/\/sxflightcase.com\" \/>\n<meta property=\"article:publisher\" content=\"https:\/\/www.facebook.com\/profile.php?id=61560407257971\" \/>\n<meta property=\"article:modified_time\" content=\"2024-06-27T07:16:10+00:00\" \/>\n<meta property=\"og:image\" content=\"https:\/\/sxflightcase.com\/wp-content\/uploads\/2024\/05\/rack-mount-enclosure00548436494.webp\" \/>\n\t<meta property=\"og:image:width\" content=\"730\" \/>\n\t<meta property=\"og:image:height\" content=\"730\" \/>\n\t<meta property=\"og:image:type\" content=\"image\/webp\" \/>\n<meta name=\"twitter:card\" content=\"summary_large_image\" \/>\n<meta name=\"twitter:label1\" content=\"Dur\u00e9e de lecture estim\u00e9e\" \/>\n\t<meta name=\"twitter:data1\" content=\"3 minutes\" \/>\n<script type=\"application\/ld+json\" class=\"yoast-schema-graph\">{\"@context\":\"https:\/\/schema.org\",\"@graph\":[{\"@type\":\"WebPage\",\"@id\":\"https:\/\/sxflightcase.com\/ar\/\u0645\u0646\u062a\u062c\/\u0636\u0645\u064a\u0645\u0629-\u062a\u0631\u0643\u064a\u0628-\u0627\u0644\u062d\u0627\u0645\u0644-2\/\",\"url\":\"https:\/\/sxflightcase.com\/ar\/\u0645\u0646\u062a\u062c\/\u0636\u0645\u064a\u0645\u0629-\u062a\u0631\u0643\u064a\u0628-\u0627\u0644\u062d\u0627\u0645\u0644-2\/\",\"name\":\"FC Rack Mount Enclosure - https:\/\/sxflightcase.com \ud83d\udc97\",\"isPartOf\":{\"@id\":\"https:\/\/sxflightcase.com\/th\/#website\"},\"primaryImageOfPage\":{\"@id\":\"https:\/\/sxflightcase.com\/ar\/\u0645\u0646\u062a\u062c\/\u0636\u0645\u064a\u0645\u0629-\u062a\u0631\u0643\u064a\u0628-\u0627\u0644\u062d\u0627\u0645\u0644-2\/#primaryimage\"},\"image\":{\"@id\":\"https:\/\/sxflightcase.com\/ar\/\u0645\u0646\u062a\u062c\/\u0636\u0645\u064a\u0645\u0629-\u062a\u0631\u0643\u064a\u0628-\u0627\u0644\u062d\u0627\u0645\u0644-2\/#primaryimage\"},\"thumbnailUrl\":\"https:\/\/sxflightcase.com\/wp-content\/uploads\/2024\/05\/rack-mount-enclosure00548436494.webp\",\"datePublished\":\"2024-05-10T01:29:21+00:00\",\"dateModified\":\"2024-06-27T07:16:10+00:00\",\"description\":\"Rack Mount Enclosure: Explore our factory-direct options for professional customization, ensuring optimal organization and protection of your equipment.\",\"breadcrumb\":{\"@id\":\"https:\/\/sxflightcase.com\/ar\/\u0645\u0646\u062a\u062c\/\u0636\u0645\u064a\u0645\u0629-\u062a\u0631\u0643\u064a\u0628-\u0627\u0644\u062d\u0627\u0645\u0644-2\/#breadcrumb\"},\"inLanguage\":\"fr-FR\",\"potentialAction\":[{\"@type\":\"ReadAction\",\"target\":[\"https:\/\/sxflightcase.com\/ar\/\u0645\u0646\u062a\u062c\/\u0636\u0645\u064a\u0645\u0629-\u062a\u0631\u0643\u064a\u0628-\u0627\u0644\u062d\u0627\u0645\u0644-2\/\"]}]},{\"@type\":\"ImageObject\",\"inLanguage\":\"fr-FR\",\"@id\":\"https:\/\/sxflightcase.com\/ar\/\u0645\u0646\u062a\u062c\/\u0636\u0645\u064a\u0645\u0629-\u062a\u0631\u0643\u064a\u0628-\u0627\u0644\u062d\u0627\u0645\u0644-2\/#primaryimage\",\"url\":\"https:\/\/sxflightcase.com\/wp-content\/uploads\/2024\/05\/rack-mount-enclosure00548436494.webp\",\"contentUrl\":\"https:\/\/sxflightcase.com\/wp-content\/uploads\/2024\/05\/rack-mount-enclosure00548436494.webp\",\"width\":730,\"height\":730,\"caption\":\"Rack Mount Enclosure\"},{\"@type\":\"BreadcrumbList\",\"@id\":\"https:\/\/sxflightcase.com\/ar\/\u0645\u0646\u062a\u062c\/\u0636\u0645\u064a\u0645\u0629-\u062a\u0631\u0643\u064a\u0628-\u0627\u0644\u062d\u0627\u0645\u0644-2\/#breadcrumb\",\"itemListElement\":[{\"@type\":\"ListItem\",\"position\":1,\"name\":\"Home\",\"item\":\"https:\/\/sxflightcase.com\/\"},{\"@type\":\"ListItem\",\"position\":2,\"name\":\"\u0e2a\u0e34\u0e19\u0e04\u0e49\u0e32\",\"item\":\"https:\/\/sxflightcase.com\/th\/shop\/\"},{\"@type\":\"ListItem\",\"position\":3,\"name\":\"FC Rack Mount Enclosure\"}]},{\"@type\":\"WebSite\",\"@id\":\"https:\/\/sxflightcase.com\/th\/#website\",\"url\":\"https:\/\/sxflightcase.com\/th\/\",\"name\":\"sxpowercase.com\",\"description\":\"Flight Case Factory\",\"publisher\":{\"@id\":\"https:\/\/sxflightcase.com\/th\/#organization\"},\"potentialAction\":[{\"@type\":\"SearchAction\",\"target\":{\"@type\":\"EntryPoint\",\"urlTemplate\":\"https:\/\/sxflightcase.com\/th\/?s={search_term_string}\"},\"query-input\":{\"@type\":\"PropertyValueSpecification\",\"valueRequired\":true,\"valueName\":\"search_term_string\"}}],\"inLanguage\":\"fr-FR\"},{\"@type\":\"Organization\",\"@id\":\"https:\/\/sxflightcase.com\/th\/#organization\",\"name\":\"sxpowercase.com\",\"url\":\"https:\/\/sxflightcase.com\/th\/\",\"logo\":{\"@type\":\"ImageObject\",\"inLanguage\":\"fr-FR\",\"@id\":\"https:\/\/sxflightcase.com\/th\/#\/schema\/logo\/image\/\",\"url\":\"https:\/\/sxflightcase.com\/wp-content\/uploads\/2024\/04\/1713919036007.jpg\",\"contentUrl\":\"https:\/\/sxflightcase.com\/wp-content\/uploads\/2024\/04\/1713919036007.jpg\",\"width\":382,\"height\":388,\"caption\":\"sxpowercase.com\"},\"image\":{\"@id\":\"https:\/\/sxflightcase.com\/th\/#\/schema\/logo\/image\/\"},\"sameAs\":[\"https:\/\/www.facebook.com\/profile.php?id=61560407257971\"],\"numberOfEmployees\":{\"@type\":\"QuantitativeValue\",\"minValue\":\"11\",\"maxValue\":\"50\"}}]}<\/script>\n<!-- \/ Yoast SEO Premium plugin. -->","yoast_head_json":{"title":"FC Rack Mount Enclosure - https:\/\/sxflightcase.com \ud83d\udc97","description":"Bo\u00eetier de montage en rack : D\u00e9couvrez nos options d'usine pour une personnalisation professionnelle, garantissant une organisation et une protection optimales de votre \u00e9quipement.","robots":{"index":"index","follow":"follow","max-snippet":"max-snippet:-1","max-image-preview":"max-image-preview:large","max-video-preview":"max-video-preview:-1"},"canonical":"https:\/\/sxflightcase.com\/fr\/\u0645\u0646\u062a\u062c\/\u0636\u0645\u064a\u0645\u0629-\u062a\u0631\u0643\u064a\u0628-\u0627\u0644\u062d\u0627\u0645\u0644-2\/","og_locale":"fr_FR","og_type":"article","og_title":"FC Rack Mount Enclosure","og_description":"Rack Mount Enclosure: Explore our factory-direct options for professional customization, ensuring optimal organization and protection of your equipment.","og_url":"https:\/\/sxflightcase.com\/fr\/\u0645\u0646\u062a\u062c\/\u0636\u0645\u064a\u0645\u0629-\u062a\u0631\u0643\u064a\u0628-\u0627\u0644\u062d\u0627\u0645\u0644-2\/","og_site_name":"https:\/\/sxflightcase.com","article_publisher":"https:\/\/www.facebook.com\/profile.php?id=61560407257971","article_modified_time":"2024-06-27T07:16:10+00:00","og_image":[{"width":730,"height":730,"url":"https:\/\/sxflightcase.com\/wp-content\/uploads\/2024\/05\/rack-mount-enclosure00548436494.webp","type":"image\/webp"}],"twitter_card":"summary_large_image","twitter_misc":{"Dur\u00e9e de lecture estim\u00e9e":"3 minutes"},"schema":{"@context":"https:\/\/schema.org","@graph":[{"@type":"WebPage","@id":"https:\/\/sxflightcase.com\/ar\/\u0645\u0646\u062a\u062c\/\u0636\u0645\u064a\u0645\u0629-\u062a\u0631\u0643\u064a\u0628-\u0627\u0644\u062d\u0627\u0645\u0644-2\/","url":"https:\/\/sxflightcase.com\/ar\/\u0645\u0646\u062a\u062c\/\u0636\u0645\u064a\u0645\u0629-\u062a\u0631\u0643\u064a\u0628-\u0627\u0644\u062d\u0627\u0645\u0644-2\/","name":"FC Rack Mount Enclosure - https:\/\/sxflightcase.com \ud83d\udc97","isPartOf":{"@id":"https:\/\/sxflightcase.com\/th\/#website"},"primaryImageOfPage":{"@id":"https:\/\/sxflightcase.com\/ar\/\u0645\u0646\u062a\u062c\/\u0636\u0645\u064a\u0645\u0629-\u062a\u0631\u0643\u064a\u0628-\u0627\u0644\u062d\u0627\u0645\u0644-2\/#primaryimage"},"image":{"@id":"https:\/\/sxflightcase.com\/ar\/\u0645\u0646\u062a\u062c\/\u0636\u0645\u064a\u0645\u0629-\u062a\u0631\u0643\u064a\u0628-\u0627\u0644\u062d\u0627\u0645\u0644-2\/#primaryimage"},"thumbnailUrl":"https:\/\/sxflightcase.com\/wp-content\/uploads\/2024\/05\/rack-mount-enclosure00548436494.webp","datePublished":"2024-05-10T01:29:21+00:00","dateModified":"2024-06-27T07:16:10+00:00","description":"Bo\u00eetier de montage en rack : D\u00e9couvrez nos options d'usine pour une personnalisation professionnelle, garantissant une organisation et une protection optimales de votre \u00e9quipement.","breadcrumb":{"@id":"https:\/\/sxflightcase.com\/ar\/\u0645\u0646\u062a\u062c\/\u0636\u0645\u064a\u0645\u0629-\u062a\u0631\u0643\u064a\u0628-\u0627\u0644\u062d\u0627\u0645\u0644-2\/#breadcrumb"},"inLanguage":"fr-FR","potentialAction":[{"@type":"ReadAction","target":["https:\/\/sxflightcase.com\/ar\/\u0645\u0646\u062a\u062c\/\u0636\u0645\u064a\u0645\u0629-\u062a\u0631\u0643\u064a\u0628-\u0627\u0644\u062d\u0627\u0645\u0644-2\/"]}]},{"@type":"ImageObject","inLanguage":"fr-FR","@id":"https:\/\/sxflightcase.com\/ar\/\u0645\u0646\u062a\u062c\/\u0636\u0645\u064a\u0645\u0629-\u062a\u0631\u0643\u064a\u0628-\u0627\u0644\u062d\u0627\u0645\u0644-2\/#primaryimage","url":"https:\/\/sxflightcase.com\/wp-content\/uploads\/2024\/05\/rack-mount-enclosure00548436494.webp","contentUrl":"https:\/\/sxflightcase.com\/wp-content\/uploads\/2024\/05\/rack-mount-enclosure00548436494.webp","width":730,"height":730,"caption":"Rack Mount Enclosure"},{"@type":"BreadcrumbList","@id":"https:\/\/sxflightcase.com\/ar\/\u0645\u0646\u062a\u062c\/\u0636\u0645\u064a\u0645\u0629-\u062a\u0631\u0643\u064a\u0628-\u0627\u0644\u062d\u0627\u0645\u0644-2\/#breadcrumb","itemListElement":[{"@type":"ListItem","position":1,"name":"Home","item":"https:\/\/sxflightcase.com\/"},{"@type":"ListItem","position":2,"name":"\u0e2a\u0e34\u0e19\u0e04\u0e49\u0e32","item":"https:\/\/sxflightcase.com\/th\/shop\/"},{"@type":"ListItem","position":3,"name":"FC Rack Mount Enclosure"}]},{"@type":"WebSite","@id":"https:\/\/sxflightcase.com\/th\/#website","url":"https:\/\/sxflightcase.com\/th\/","name":"sxpowercase.com","description":"Flight Case Factory","publisher":{"@id":"https:\/\/sxflightcase.com\/th\/#organization"},"potentialAction":[{"@type":"SearchAction","target":{"@type":"EntryPoint","urlTemplate":"https:\/\/sxflightcase.com\/th\/?s={search_term_string}"},"query-input":{"@type":"PropertyValueSpecification","valueRequired":true,"valueName":"search_term_string"}}],"inLanguage":"fr-FR"},{"@type":"Organization","@id":"https:\/\/sxflightcase.com\/th\/#organization","name":"sxpowercase.com","url":"https:\/\/sxflightcase.com\/th\/","logo":{"@type":"ImageObject","inLanguage":"fr-FR","@id":"https:\/\/sxflightcase.com\/th\/#\/schema\/logo\/image\/","url":"https:\/\/sxflightcase.com\/wp-content\/uploads\/2024\/04\/1713919036007.jpg","contentUrl":"https:\/\/sxflightcase.com\/wp-content\/uploads\/2024\/04\/1713919036007.jpg","width":382,"height":388,"caption":"sxpowercase.com"},"image":{"@id":"https:\/\/sxflightcase.com\/th\/#\/schema\/logo\/image\/"},"sameAs":["https:\/\/www.facebook.com\/profile.php?id=61560407257971"],"numberOfEmployees":{"@type":"QuantitativeValue","minValue":"11","maxValue":"50"}}]}},"_links":{"self":[{"href":"https:\/\/sxflightcase.com\/fr\/wp-json\/wp\/v2\/product\/1607","targetHints":{"allow":["GET"]}}],"collection":[{"href":"https:\/\/sxflightcase.com\/fr\/wp-json\/wp\/v2\/product"}],"about":[{"href":"https:\/\/sxflightcase.com\/fr\/wp-json\/wp\/v2\/types\/product"}],"replies":[{"embeddable":true,"href":"https:\/\/sxflightcase.com\/fr\/wp-json\/wp\/v2\/comments?post=1607"}],"version-history":[{"count":0,"href":"https:\/\/sxflightcase.com\/fr\/wp-json\/wp\/v2\/product\/1607\/revisions"}],"wp:featuredmedia":[{"embeddable":true,"href":"https:\/\/sxflightcase.com\/fr\/wp-json\/wp\/v2\/media\/1611"}],"wp:attachment":[{"href":"https:\/\/sxflightcase.com\/fr\/wp-json\/wp\/v2\/media?parent=1607"}],"wp:term":[{"taxonomy":"product_brand","embeddable":true,"href":"https:\/\/sxflightcase.com\/fr\/wp-json\/wp\/v2\/product_brand?post=1607"},{"taxonomy":"product_cat","embeddable":true,"href":"https:\/\/sxflightcase.com\/fr\/wp-json\/wp\/v2\/product_cat?post=1607"},{"taxonomy":"product_tag","embeddable":true,"href":"https:\/\/sxflightcase.com\/fr\/wp-json\/wp\/v2\/product_tag?post=1607"}],"curies":[{"name":"wp","href":"https:\/\/api.w.org\/{rel}","templated":true}]}}