{"id":1628,"date":"2024-05-10T03:03:27","date_gmt":"2024-05-10T02:03:27","guid":{"rendered":"https:\/\/sxpowercase.com\/?post_type=product&#038;p=1628"},"modified":"2024-07-16T03:18:29","modified_gmt":"2024-07-16T02:18:29","slug":"flight-case-19-rack","status":"publish","type":"product","link":"https:\/\/sxflightcase.com\/fr\/produit\/flight-case-19-rack-2\/","title":{"rendered":"customize 19\" Flight Case Rack"},"content":{"rendered":"<p><strong>Param\u00e8tre du produit (sp\u00e9cification)<\/strong><\/p>\n<section class=\"table-wrap\">\n<table class=\"table\" width=\"100%\" cellspacing=\"0\" cellpadding=\"0\">\n<tbody>\n<tr class=\"firstRow\">\n<td width=\"134\">Nom du produit<\/td>\n<td width=\"504\">Flight Case 19\" Rack<\/td>\n<\/tr>\n<tr>\n<td width=\"134\">Mat\u00e9riel<\/td>\n<td width=\"504\">Contreplaqu\u00e9 de 9 mm d'\u00e9paisseur + panneau \u00e9tanche\/pare-feu de 2 mm d'\u00e9paisseur<\/td>\n<\/tr>\n<tr>\n<td width=\"134\">Couvercles<\/td>\n<td width=\"504\">2 couvercles (amovibles \u00e0 l'avant et \u00e0 l'arri\u00e8re)<\/td>\n<\/tr>\n<tr>\n<td width=\"134\">Couleur<\/td>\n<td width=\"504\">Diff\u00e9rentes couleurs disponibles<\/td>\n<\/tr>\n<tr>\n<td width=\"134\">Poign\u00e9es<\/td>\n<td width=\"504\">4 ou plus<\/td>\n<\/tr>\n<tr>\n<td width=\"134\">Roue<\/td>\n<td width=\"504\">Avec ou sans<\/td>\n<\/tr>\n<\/tbody>\n<\/table>\n<\/section>\n<h2>Am\u00e9liorez la protection de votre mat\u00e9riel avec le SX Flight Case Rack<\/h2>\n<h3>Durable et fiable<\/h3>\n<p>Pr\u00e9sentation de la <a href=\"https:\/\/sxpowercase.com\/\" target=\"_blank\" rel=\"noopener\" title=\"SX\" data-wpil-monitor-id=\"484\">SX<\/a> Flight Case Rack, la solution parfaite pour prot\u00e9ger votre \u00e9quipement de valeur. Con\u00e7u dans un souci de durabilit\u00e9 et de fiabilit\u00e9, notre flight case rack offre une protection in\u00e9gal\u00e9e \u00e0 votre mat\u00e9riel. Que vous soyez musicien itin\u00e9rant, organisateur d'\u00e9v\u00e9nements ou ing\u00e9nieur du son, vous pouvez faire confiance \u00e0 SX pour assurer la s\u00e9curit\u00e9 de votre \u00e9quipement.<\/p>\n<h3>Ventes directes d&#039;usine pour une valeur imbattable<\/h3>\n<p>Chez SX, notre priorit\u00e9 est d'offrir une valeur exceptionnelle \u00e0 nos clients. Notre Flight Case Rack est disponible en vente directe, ce qui vous permet d'obtenir le meilleur prix sans compromettre la qualit\u00e9. En \u00e9liminant les interm\u00e9diaires, nous pouvons vous offrir des prix comp\u00e9titifs et maintenir un contr\u00f4le de qualit\u00e9 rigoureux, am\u00e9liorant ainsi l'efficacit\u00e9 de votre entreprise.<\/p>\n<h3>Personnalisation pour r\u00e9pondre \u00e0 vos besoins<\/h3>\n<p>Chaque professionnel a des exigences uniques et SX comprend l'importance de la personnalisation. Notre Flight Case Rack peut \u00eatre adapt\u00e9 \u00e0 vos besoins sp\u00e9cifiques, qu'il s'agisse de dimensions personnalis\u00e9es, de compartiments suppl\u00e9mentaires ou d'un marquage personnalis\u00e9. Gr\u00e2ce \u00e0 nos services personnalis\u00e9s, vous obtenez un flight case qui non seulement prot\u00e8ge votre mat\u00e9riel, mais qui s'aligne \u00e9galement sur votre image professionnelle.<\/p>\n<hr \/>\n<h3>Pourquoi choisir SX?<\/h3>\n<p>Choisir SX, c'est investir dans une protection sup\u00e9rieure pour votre \u00e9quipement. Notre mod\u00e8le de vente directe vous garantit des produits de qualit\u00e9 sup\u00e9rieure aux meilleurs prix. Gr\u00e2ce \u00e0 notre engagement de personnalisation, votre flight case sera parfaitement adapt\u00e9 \u00e0 vos besoins et offrira la meilleure protection possible \u00e0 votre \u00e9quipement. Contactez SX d\u00e8s aujourd'hui pour d\u00e9couvrir comment notre flight case peut am\u00e9liorer votre activit\u00e9 et prot\u00e9ger votre \u00e9quipement.<\/p>\n<p><strong>FAQ<\/strong><\/p>\n<p>Q : Comment obtenir un devis ?<\/p>\n<p>R : Contactez-nous pour nous communiquer vos sp\u00e9cifications : mat\u00e9riau, conception, taille, forme, couleur, quantit\u00e9, finition de la surface, etc.<\/p>\n<p>Q : Quelles sont les conditions de paiement ?<\/p>\n<p>A: T.T with 30% down payment, 70%before shipment or West Union also accept.<\/p>\n<p>Q : Pouvez-vous participer \u00e0 la conception ?<\/p>\n<p>R : Oui, la conception simple est gratuite, la conception sp\u00e9ciale est payante.<\/p>\n<p><strong>Notre service<\/strong><\/p>\n<p>La qualit\u00e9 est toujours au premier plan<\/p>\n<p>* Prix raisonnables<\/p>\n<p>* Service OEM fourni<\/p>\n<p>* Service apr\u00e8s-vente responsable<\/p>\n<p>* L'objectif est d'obtenir des commandes r\u00e9p\u00e9t\u00e9es de la part des clients de 90% apr\u00e8s les commandes d'essai.<\/p>\n<p>* Progresser ensemble avec les clients<\/p>\n<p>\u00c9tiquettes populaires: prix bas, en stock, \u00e9chantillon gratuit, c\u00e2ble d&#039;alimentation et de signal, fil \u00e0 4 conducteurs de calibre 16, \u00e9tui pour pied de microphone, armoire d&#039;affichage LED ext\u00e9rieure, montage en rack, mallettes de vol pour mixeur \u00e0 montage en rack 19 pouces, bo\u00eete de distribution \u00e9lectrique, Chine, fournisseurs, usine, personnalis\u00e9, vente en gros, <span style=\"color: #993366;\"><a style=\"color: #993366;\" href=\"https:\/\/sxflightcase.com\/fr\/product-category\/all-product\/power-distribution-boxes\/\">bo\u00eetes d&#039;alimentation<\/a>,\u00a0<a style=\"color: #993366;\" href=\"https:\/\/sxflightcase.com\/fr\/product-category\/all-product\/hoist-controllers\/\">c\u00e2bles d&#039;alimentation<\/a>,\u00a0<a style=\"color: #993366;\" href=\"https:\/\/sxflightcase.com\/fr\/product-category\/all-product\/hoist-controllers\/\">contr\u00f4leurs de levage<\/a>,\u00a0<a style=\"color: #993366;\" href=\"https:\/\/sxflightcase.com\/fr\/product-category\/all-product\/flight-case\/\">mallettes de vol.<\/a><\/span><\/p>","protected":false},"excerpt":{"rendered":"<h2 class=\"prodetails-name\">Flight Case 19\" Rack<\/h2>\n<p>Nous fournissons des flight cases 19\u2033 pour offrir une protection fiable aux \u00e9quipements co\u00fbteux pendant l'utilisation, l'emballage, le stockage et le transport. Nous nous consacrons aux flight cases depuis de nombreuses ann\u00e9es et couvrons la plupart des march\u00e9s am\u00e9ricains et asiatiques. Nous esp\u00e9rons devenir votre partenaire de longue date en Chine.<\/p>\n<h2><strong>Pr\u00e9sentation de la production<\/strong><\/h2>\n<p>Shengxiang fabrique des flight cases depuis 2001 et est con\u00e7u pour prot\u00e9ger votre investissement. Flight case 19\u2033 avec \u00e9tag\u00e8re coulissante amovible pour ordinateur portable. Quatre pieds en caoutchouc de qualit\u00e9 industrielle<\/p>","protected":false},"featured_media":1629,"comment_status":"open","ping_status":"closed","template":"","meta":[],"product_brand":[],"product_cat":[35],"product_tag":[54],"class_list":{"0":"post-1628","1":"product","2":"type-product","3":"status-publish","4":"has-post-thumbnail","6":"product_cat-standard-rack-cases","7":"product_tag-customize","9":"first","10":"instock","11":"shipping-taxable","12":"product-type-simple"},"yoast_head":"<!-- This site is optimized with the Yoast SEO Premium plugin v27.1 (Yoast SEO v27.2) - https:\/\/yoast.com\/product\/yoast-seo-premium-wordpress\/ -->\n<title>customize 19&#039;&#039; Flight Case Rack - https:\/\/sxflightcase.com \ud83d\udc97<\/title>\n<meta name=\"description\" content=\"Flight Case 19&#039;&#039; Rack: Explore our factory-direct options for professional customization, ensuring optimal organization and protection of your equipment.\" \/>\n<meta name=\"robots\" content=\"index, follow, max-snippet:-1, max-image-preview:large, max-video-preview:-1\" \/>\n<link rel=\"canonical\" href=\"https:\/\/sxflightcase.com\/fr\/\u7522\u54c1\/\u98db\u884c\u7bb1-19-\u6a5f\u67b6\/\" \/>\n<meta property=\"og:locale\" content=\"fr_FR\" \/>\n<meta property=\"og:type\" content=\"article\" \/>\n<meta property=\"og:title\" content=\"customize 19&#039;&#039; Flight Case Rack\" \/>\n<meta property=\"og:description\" content=\"Flight Case 19&#039;&#039; Rack: Explore our factory-direct options for professional customization, ensuring optimal organization and protection of your equipment.\" \/>\n<meta property=\"og:url\" content=\"https:\/\/sxflightcase.com\/fr\/\u7522\u54c1\/\u98db\u884c\u7bb1-19-\u6a5f\u67b6\/\" \/>\n<meta property=\"og:site_name\" content=\"https:\/\/sxflightcase.com\" \/>\n<meta property=\"article:publisher\" content=\"https:\/\/www.facebook.com\/profile.php?id=61560407257971\" \/>\n<meta property=\"article:modified_time\" content=\"2024-07-16T02:18:29+00:00\" \/>\n<meta property=\"og:image\" content=\"https:\/\/sxflightcase.com\/wp-content\/uploads\/2024\/05\/flight-case-19-rack28315807855.webp\" \/>\n\t<meta property=\"og:image:width\" content=\"750\" \/>\n\t<meta property=\"og:image:height\" content=\"750\" \/>\n\t<meta property=\"og:image:type\" content=\"image\/webp\" \/>\n<meta name=\"twitter:card\" content=\"summary_large_image\" \/>\n<meta name=\"twitter:label1\" content=\"Dur\u00e9e de lecture estim\u00e9e\" \/>\n\t<meta name=\"twitter:data1\" content=\"3 minutes\" \/>\n<script type=\"application\/ld+json\" class=\"yoast-schema-graph\">{\"@context\":\"https:\/\/schema.org\",\"@graph\":[{\"@type\":\"WebPage\",\"@id\":\"https:\/\/sxflightcase.com\/zh_hk\/\u7522\u54c1\/\u98db\u884c\u7bb1-19-\u6a5f\u67b6\/\",\"url\":\"https:\/\/sxflightcase.com\/zh_hk\/\u7522\u54c1\/\u98db\u884c\u7bb1-19-\u6a5f\u67b6\/\",\"name\":\"customize 19'' Flight Case Rack - https:\/\/sxflightcase.com \ud83d\udc97\",\"isPartOf\":{\"@id\":\"https:\/\/sxflightcase.com\/th\/#website\"},\"primaryImageOfPage\":{\"@id\":\"https:\/\/sxflightcase.com\/zh_hk\/\u7522\u54c1\/\u98db\u884c\u7bb1-19-\u6a5f\u67b6\/#primaryimage\"},\"image\":{\"@id\":\"https:\/\/sxflightcase.com\/zh_hk\/\u7522\u54c1\/\u98db\u884c\u7bb1-19-\u6a5f\u67b6\/#primaryimage\"},\"thumbnailUrl\":\"https:\/\/sxflightcase.com\/wp-content\/uploads\/2024\/05\/flight-case-19-rack28315807855.webp\",\"datePublished\":\"2024-05-10T02:03:27+00:00\",\"dateModified\":\"2024-07-16T02:18:29+00:00\",\"description\":\"Flight Case 19'' Rack: Explore our factory-direct options for professional customization, ensuring optimal organization and protection of your equipment.\",\"breadcrumb\":{\"@id\":\"https:\/\/sxflightcase.com\/zh_hk\/\u7522\u54c1\/\u98db\u884c\u7bb1-19-\u6a5f\u67b6\/#breadcrumb\"},\"inLanguage\":\"fr-FR\",\"potentialAction\":[{\"@type\":\"ReadAction\",\"target\":[\"https:\/\/sxflightcase.com\/zh_hk\/\u7522\u54c1\/\u98db\u884c\u7bb1-19-\u6a5f\u67b6\/\"]}]},{\"@type\":\"ImageObject\",\"inLanguage\":\"fr-FR\",\"@id\":\"https:\/\/sxflightcase.com\/zh_hk\/\u7522\u54c1\/\u98db\u884c\u7bb1-19-\u6a5f\u67b6\/#primaryimage\",\"url\":\"https:\/\/sxflightcase.com\/wp-content\/uploads\/2024\/05\/flight-case-19-rack28315807855.webp\",\"contentUrl\":\"https:\/\/sxflightcase.com\/wp-content\/uploads\/2024\/05\/flight-case-19-rack28315807855.webp\",\"width\":750,\"height\":750,\"caption\":\"Flight Case 19'' Rack\"},{\"@type\":\"BreadcrumbList\",\"@id\":\"https:\/\/sxflightcase.com\/zh_hk\/\u7522\u54c1\/\u98db\u884c\u7bb1-19-\u6a5f\u67b6\/#breadcrumb\",\"itemListElement\":[{\"@type\":\"ListItem\",\"position\":1,\"name\":\"Home\",\"item\":\"https:\/\/sxflightcase.com\/\"},{\"@type\":\"ListItem\",\"position\":2,\"name\":\"\u0e2a\u0e34\u0e19\u0e04\u0e49\u0e32\",\"item\":\"https:\/\/sxflightcase.com\/th\/shop\/\"},{\"@type\":\"ListItem\",\"position\":3,\"name\":\"customize 19&#8221; Flight Case Rack\"}]},{\"@type\":\"WebSite\",\"@id\":\"https:\/\/sxflightcase.com\/th\/#website\",\"url\":\"https:\/\/sxflightcase.com\/th\/\",\"name\":\"sxpowercase.com\",\"description\":\"Flight Case Factory\",\"publisher\":{\"@id\":\"https:\/\/sxflightcase.com\/th\/#organization\"},\"potentialAction\":[{\"@type\":\"SearchAction\",\"target\":{\"@type\":\"EntryPoint\",\"urlTemplate\":\"https:\/\/sxflightcase.com\/th\/?s={search_term_string}\"},\"query-input\":{\"@type\":\"PropertyValueSpecification\",\"valueRequired\":true,\"valueName\":\"search_term_string\"}}],\"inLanguage\":\"fr-FR\"},{\"@type\":\"Organization\",\"@id\":\"https:\/\/sxflightcase.com\/th\/#organization\",\"name\":\"sxpowercase.com\",\"url\":\"https:\/\/sxflightcase.com\/th\/\",\"logo\":{\"@type\":\"ImageObject\",\"inLanguage\":\"fr-FR\",\"@id\":\"https:\/\/sxflightcase.com\/th\/#\/schema\/logo\/image\/\",\"url\":\"https:\/\/sxflightcase.com\/wp-content\/uploads\/2024\/04\/1713919036007.jpg\",\"contentUrl\":\"https:\/\/sxflightcase.com\/wp-content\/uploads\/2024\/04\/1713919036007.jpg\",\"width\":382,\"height\":388,\"caption\":\"sxpowercase.com\"},\"image\":{\"@id\":\"https:\/\/sxflightcase.com\/th\/#\/schema\/logo\/image\/\"},\"sameAs\":[\"https:\/\/www.facebook.com\/profile.php?id=61560407257971\"],\"numberOfEmployees\":{\"@type\":\"QuantitativeValue\",\"minValue\":\"11\",\"maxValue\":\"50\"}}]}<\/script>\n<!-- \/ Yoast SEO Premium plugin. -->","yoast_head_json":{"title":"customize 19'' Flight Case Rack - https:\/\/sxflightcase.com \ud83d\udc97","description":"Flight Case 19'' Rack : Explorez nos options d'usine pour une personnalisation professionnelle, garantissant une organisation et une protection optimales de votre \u00e9quipement.","robots":{"index":"index","follow":"follow","max-snippet":"max-snippet:-1","max-image-preview":"max-image-preview:large","max-video-preview":"max-video-preview:-1"},"canonical":"https:\/\/sxflightcase.com\/fr\/\u7522\u54c1\/\u98db\u884c\u7bb1-19-\u6a5f\u67b6\/","og_locale":"fr_FR","og_type":"article","og_title":"customize 19'' Flight Case Rack","og_description":"Flight Case 19'' Rack: Explore our factory-direct options for professional customization, ensuring optimal organization and protection of your equipment.","og_url":"https:\/\/sxflightcase.com\/fr\/\u7522\u54c1\/\u98db\u884c\u7bb1-19-\u6a5f\u67b6\/","og_site_name":"https:\/\/sxflightcase.com","article_publisher":"https:\/\/www.facebook.com\/profile.php?id=61560407257971","article_modified_time":"2024-07-16T02:18:29+00:00","og_image":[{"width":750,"height":750,"url":"https:\/\/sxflightcase.com\/wp-content\/uploads\/2024\/05\/flight-case-19-rack28315807855.webp","type":"image\/webp"}],"twitter_card":"summary_large_image","twitter_misc":{"Dur\u00e9e de lecture estim\u00e9e":"3 minutes"},"schema":{"@context":"https:\/\/schema.org","@graph":[{"@type":"WebPage","@id":"https:\/\/sxflightcase.com\/zh_hk\/\u7522\u54c1\/\u98db\u884c\u7bb1-19-\u6a5f\u67b6\/","url":"https:\/\/sxflightcase.com\/zh_hk\/\u7522\u54c1\/\u98db\u884c\u7bb1-19-\u6a5f\u67b6\/","name":"customize 19'' Flight Case Rack - https:\/\/sxflightcase.com \ud83d\udc97","isPartOf":{"@id":"https:\/\/sxflightcase.com\/th\/#website"},"primaryImageOfPage":{"@id":"https:\/\/sxflightcase.com\/zh_hk\/\u7522\u54c1\/\u98db\u884c\u7bb1-19-\u6a5f\u67b6\/#primaryimage"},"image":{"@id":"https:\/\/sxflightcase.com\/zh_hk\/\u7522\u54c1\/\u98db\u884c\u7bb1-19-\u6a5f\u67b6\/#primaryimage"},"thumbnailUrl":"https:\/\/sxflightcase.com\/wp-content\/uploads\/2024\/05\/flight-case-19-rack28315807855.webp","datePublished":"2024-05-10T02:03:27+00:00","dateModified":"2024-07-16T02:18:29+00:00","description":"Flight Case 19'' Rack : Explorez nos options d'usine pour une personnalisation professionnelle, garantissant une organisation et une protection optimales de votre \u00e9quipement.","breadcrumb":{"@id":"https:\/\/sxflightcase.com\/zh_hk\/\u7522\u54c1\/\u98db\u884c\u7bb1-19-\u6a5f\u67b6\/#breadcrumb"},"inLanguage":"fr-FR","potentialAction":[{"@type":"ReadAction","target":["https:\/\/sxflightcase.com\/zh_hk\/\u7522\u54c1\/\u98db\u884c\u7bb1-19-\u6a5f\u67b6\/"]}]},{"@type":"ImageObject","inLanguage":"fr-FR","@id":"https:\/\/sxflightcase.com\/zh_hk\/\u7522\u54c1\/\u98db\u884c\u7bb1-19-\u6a5f\u67b6\/#primaryimage","url":"https:\/\/sxflightcase.com\/wp-content\/uploads\/2024\/05\/flight-case-19-rack28315807855.webp","contentUrl":"https:\/\/sxflightcase.com\/wp-content\/uploads\/2024\/05\/flight-case-19-rack28315807855.webp","width":750,"height":750,"caption":"Flight Case 19'' Rack"},{"@type":"BreadcrumbList","@id":"https:\/\/sxflightcase.com\/zh_hk\/\u7522\u54c1\/\u98db\u884c\u7bb1-19-\u6a5f\u67b6\/#breadcrumb","itemListElement":[{"@type":"ListItem","position":1,"name":"Home","item":"https:\/\/sxflightcase.com\/"},{"@type":"ListItem","position":2,"name":"\u0e2a\u0e34\u0e19\u0e04\u0e49\u0e32","item":"https:\/\/sxflightcase.com\/th\/shop\/"},{"@type":"ListItem","position":3,"name":"customize 19&#8221; Flight Case Rack"}]},{"@type":"WebSite","@id":"https:\/\/sxflightcase.com\/th\/#website","url":"https:\/\/sxflightcase.com\/th\/","name":"sxpowercase.com","description":"Flight Case Factory","publisher":{"@id":"https:\/\/sxflightcase.com\/th\/#organization"},"potentialAction":[{"@type":"SearchAction","target":{"@type":"EntryPoint","urlTemplate":"https:\/\/sxflightcase.com\/th\/?s={search_term_string}"},"query-input":{"@type":"PropertyValueSpecification","valueRequired":true,"valueName":"search_term_string"}}],"inLanguage":"fr-FR"},{"@type":"Organization","@id":"https:\/\/sxflightcase.com\/th\/#organization","name":"sxpowercase.com","url":"https:\/\/sxflightcase.com\/th\/","logo":{"@type":"ImageObject","inLanguage":"fr-FR","@id":"https:\/\/sxflightcase.com\/th\/#\/schema\/logo\/image\/","url":"https:\/\/sxflightcase.com\/wp-content\/uploads\/2024\/04\/1713919036007.jpg","contentUrl":"https:\/\/sxflightcase.com\/wp-content\/uploads\/2024\/04\/1713919036007.jpg","width":382,"height":388,"caption":"sxpowercase.com"},"image":{"@id":"https:\/\/sxflightcase.com\/th\/#\/schema\/logo\/image\/"},"sameAs":["https:\/\/www.facebook.com\/profile.php?id=61560407257971"],"numberOfEmployees":{"@type":"QuantitativeValue","minValue":"11","maxValue":"50"}}]}},"_links":{"self":[{"href":"https:\/\/sxflightcase.com\/fr\/wp-json\/wp\/v2\/product\/1628","targetHints":{"allow":["GET"]}}],"collection":[{"href":"https:\/\/sxflightcase.com\/fr\/wp-json\/wp\/v2\/product"}],"about":[{"href":"https:\/\/sxflightcase.com\/fr\/wp-json\/wp\/v2\/types\/product"}],"replies":[{"embeddable":true,"href":"https:\/\/sxflightcase.com\/fr\/wp-json\/wp\/v2\/comments?post=1628"}],"version-history":[{"count":0,"href":"https:\/\/sxflightcase.com\/fr\/wp-json\/wp\/v2\/product\/1628\/revisions"}],"wp:featuredmedia":[{"embeddable":true,"href":"https:\/\/sxflightcase.com\/fr\/wp-json\/wp\/v2\/media\/1629"}],"wp:attachment":[{"href":"https:\/\/sxflightcase.com\/fr\/wp-json\/wp\/v2\/media?parent=1628"}],"wp:term":[{"taxonomy":"product_brand","embeddable":true,"href":"https:\/\/sxflightcase.com\/fr\/wp-json\/wp\/v2\/product_brand?post=1628"},{"taxonomy":"product_cat","embeddable":true,"href":"https:\/\/sxflightcase.com\/fr\/wp-json\/wp\/v2\/product_cat?post=1628"},{"taxonomy":"product_tag","embeddable":true,"href":"https:\/\/sxflightcase.com\/fr\/wp-json\/wp\/v2\/product_tag?post=1628"}],"curies":[{"name":"wp","href":"https:\/\/api.w.org\/{rel}","templated":true}]}}