{"id":1632,"date":"2024-05-10T03:09:46","date_gmt":"2024-05-10T02:09:46","guid":{"rendered":"https:\/\/sxpowercase.com\/?post_type=product&#038;p=1632"},"modified":"2024-06-26T10:14:35","modified_gmt":"2024-06-26T09:14:35","slug":"19-inch-rack-mount-enclosure","status":"publish","type":"product","link":"https:\/\/sxflightcase.com\/fr\/produit\/boitier-de-montage-en-rack-19-pouces\/","title":{"rendered":"Bo\u00eetier de montage en rack MP 19 pouces"},"content":{"rendered":"<h3><strong>Param\u00e8tre du produit (sp\u00e9cification)<\/strong><\/h3>\n<section class=\"table-wrap\">\n<table class=\"table\" width=\"100%\" cellspacing=\"0\" cellpadding=\"0\">\n<tbody>\n<tr class=\"firstRow\">\n<td width=\"134\">Nom du produit:<\/td>\n<td width=\"503\">Bo\u00eetier de montage en rack 19 pouces<\/td>\n<\/tr>\n<tr>\n<td width=\"134\">Mat\u00e9riel<\/td>\n<td width=\"503\">Cadre en aluminium + ignifuge + contreplaqu\u00e9 de 9 mm<\/td>\n<\/tr>\n<tr>\n<td width=\"134\">\u00c0 l&#039;int\u00e9rieur<\/td>\n<td width=\"503\">Mousse antichoc de haute densit\u00e9<\/td>\n<\/tr>\n<tr>\n<td width=\"134\">Taille<\/td>\n<td width=\"503\">Peut \u00eatre personnalis\u00e9<\/td>\n<\/tr>\n<tr>\n<td width=\"134\">Accessoires<\/td>\n<td width=\"503\">Huit serrures papillon, quatre roues pour faciliter le transport, quatre poign\u00e9es solides<\/td>\n<\/tr>\n<tr>\n<td width=\"134\">Coutume<\/td>\n<td width=\"503\">Tous les types de personnalisation sont les bienvenus, tels que le mat\u00e9riau du bo\u00eetier en aluminium, les dimensions, les remplissages int\u00e9rieurs, les poign\u00e9es, les serrures, etc.<\/td>\n<\/tr>\n<\/tbody>\n<\/table>\n<\/section>\n<h2>Am\u00e9liorez la protection de votre \u00e9quipement avec le bo\u00eetier de montage en rack 19 pouces de SX<\/h2>\n<h3>Une protection sup\u00e9rieure pour votre mat\u00e9riel<\/h3>\n<p>Pr\u00e9sentation de la <a href=\"https:\/\/sxpowercase.com\/\" target=\"_blank\"  rel=\"noopener\" title=\"SX\"  data-wpil-monitor-id=\"485\">SX<\/a> 19 pouces, la solution ultime pour s\u00e9curiser et prot\u00e9ger votre \u00e9quipement de valeur. Construit avec des mat\u00e9riaux robustes et un design pr\u00e9cis, notre bo\u00eetier garantit que votre \u00e9quipement reste \u00e0 l'abri des dommages, que ce soit pendant le transport ou l'installation. Faites confiance \u00e0 SX pour vous offrir la fiabilit\u00e9 et la durabilit\u00e9 dont vous avez besoin.<\/p>\n<h3>Ventes directes d&#039;usine pour une valeur maximale<\/h3>\n<p>Chez SX, nous croyons qu'il faut offrir le meilleur rapport qualit\u00e9-prix \u00e0 nos clients. En utilisant la vente directe, nous \u00e9liminons les interm\u00e9diaires, ce qui nous permet de fournir nos bo\u00eetiers de montage en rack 19 pouces \u00e0 des prix imbattables. Cette approche directe vous permet non seulement d'\u00e9conomiser de l'argent, mais aussi de recevoir un produit de la plus haute qualit\u00e9. Am\u00e9liorez l'efficacit\u00e9 de votre entreprise gr\u00e2ce aux solutions rentables de SX.<\/p>\n<h3>Une personnalisation sur mesure pour r\u00e9pondre \u00e0 vos besoins<\/h3>\n<p>Sachant que chaque professionnel a des exigences uniques, SX propose des services de personnalisation complets. Notre armoire de montage en rack 19 pouces peut \u00eatre adapt\u00e9e \u00e0 vos sp\u00e9cifications, qu'il s'agisse de dimensions personnalis\u00e9es ou de caract\u00e9ristiques additionnelles telles que des compartiments suppl\u00e9mentaires ou un marquage personnalis\u00e9. Gr\u00e2ce \u00e0 nos solutions sur mesure, votre \u00e9quipement sera parfaitement prot\u00e9g\u00e9 et votre image professionnelle renforc\u00e9e.<\/p>\n<hr \/>\n<h3>Pourquoi choisir SX?<\/h3>\n<p>Choisir SX, c'est investir dans une protection de premier ordre pour votre \u00e9quipement. Notre mod\u00e8le de vente directe vous garantit les meilleurs prix sans compromis sur la qualit\u00e9. Gr\u00e2ce \u00e0 notre engagement en mati\u00e8re de personnalisation, le bo\u00eetier de montage en rack 19 pouces r\u00e9pondra \u00e0 vos besoins exacts, offrant une protection in\u00e9gal\u00e9e \u00e0 votre \u00e9quipement. Faites \u00e9quipe avec SX d\u00e8s aujourd'hui pour d\u00e9couvrir comment nos produits peuvent am\u00e9liorer vos op\u00e9rations commerciales et prot\u00e9ger votre \u00e9quipement de valeur.<\/p>\n<p><strong>FAQ<\/strong><\/p>\n<p>Q : Quel est votre MOQ ?<\/p>\n<p>R : Si nous avons les produits en stock, il n&#039;y aura pas de MOQ. Si nous devons produire, nous pouvons discuter du MOQ en fonction de la situation exacte du client.<\/p>\n<p>Q : Quel est votre service d'exp\u00e9dition ?<\/p>\n<p>R : Nous pouvons fournir des services de r\u00e9servation de navires, de consolidation des marchandises, de d\u00e9claration en douane, de pr\u00e9paration des documents d'exp\u00e9dition et de livraison en vrac au port d'embarquement.<\/p>\n<p>Q : Pouvez-vous participer \u00e0 la conception ?<\/p>\n<p>R : Oui, la conception simple est gratuite, la conception sp\u00e9ciale est payante.<\/p>\n<p><strong>Contr\u00f4le de la qualit\u00e9<\/strong><\/p>\n<p>Nous avons une personne charg\u00e9e du contr\u00f4le qualit\u00e9 qui reste sur les lignes de production pour proc\u00e9der \u00e0 l'inspection. Nous effectuons des contr\u00f4les en ligne et des contr\u00f4les finaux.<\/p>\n<p>1. toutes les mati\u00e8res premi\u00e8res sont contr\u00f4l\u00e9es d\u00e8s leur arriv\u00e9e dans notre usine.<\/p>\n<p>2. toutes les pi\u00e8ces, le logo et tous les d\u00e9tails sont v\u00e9rifi\u00e9s pendant la production.<\/p>\n<p>3. tous les d\u00e9tails de l'emballage sont v\u00e9rifi\u00e9s pendant la production.<\/p>\n<p>4. la qualit\u00e9 de la production et de l'emballage est v\u00e9rifi\u00e9e lors de l'inspection finale.<\/p>\n<p>\u00c9tiquettes populaires: prix bas, en stock, \u00e9chantillon gratuit, c\u00e2ble d&#039;alimentation et de signal, fil \u00e0 4 conducteurs de calibre 16, \u00e9tui pour pied de microphone, armoire d&#039;affichage LED ext\u00e9rieure, montage en rack, mallettes de vol pour mixeur \u00e0 montage en rack 19 pouces, bo\u00eete de distribution \u00e9lectrique, Chine, fournisseurs, usine, personnalis\u00e9, vente en gros, <span style=\"color: #993366;\"><a style=\"color: #993366;\" href=\"https:\/\/sxflightcase.com\/fr\/product-category\/all-product\/power-distribution-boxes\/\">bo\u00eetes d&#039;alimentation<\/a>,\u00a0<a style=\"color: #993366;\" href=\"https:\/\/sxflightcase.com\/fr\/product-category\/all-product\/hoist-controllers\/\">c\u00e2bles d&#039;alimentation<\/a>,\u00a0<a style=\"color: #993366;\" href=\"https:\/\/sxflightcase.com\/fr\/product-category\/all-product\/hoist-controllers\/\">contr\u00f4leurs de levage<\/a>,\u00a0<a style=\"color: #993366;\" href=\"https:\/\/sxflightcase.com\/fr\/product-category\/all-product\/flight-case\/\">mallettes de vol.<\/a><\/span><\/p>","protected":false},"excerpt":{"rendered":"<h2 class=\"prodetails-name\">Bo\u00eetier de montage en rack 19 pouces<\/h2>\n<p>Fond\u00e9 en 2001, nous sommes sp\u00e9cialis\u00e9s dans la fabrication de toutes sortes de bo\u00eetiers de montage en rack de 19 pouces, avec une surface d'atelier de plus de 20 000 m\u00e8tres carr\u00e9s. Nous fabriquons normalement des bo\u00eetiers de 2u \u00e0 20u, mais nous pouvons \u00e9galement fabriquer des bo\u00eetiers de tailles diff\u00e9rentes en fonction de vos besoins.<\/p>\n<h2><strong>Pr\u00e9sentation de la production<\/strong><\/h2>\n<p>La largeur int\u00e9rieure du bo\u00eetier de montage en rack de 19 pouces est standard. La profondeur du rack (jusqu'au couvercle arri\u00e8re) est de 20,25\". Profondeur du couvercle : 3,75\", 4 poign\u00e9es \u00e0 ressort, 8 verrous tournants encastr\u00e9s avec inserts de cadenas. La s\u00e9rie de coffrets Shengxiang est \u00e9galement disponible en coffrets 2U, 4U, 6U, 8U, 10U, 12U, 14U et 16U.<\/p>","protected":false},"featured_media":1633,"comment_status":"open","ping_status":"closed","template":"","meta":[],"product_brand":[],"product_cat":[35],"product_tag":[50],"class_list":{"0":"post-1632","1":"product","2":"type-product","3":"status-publish","4":"has-post-thumbnail","6":"product_cat-standard-rack-cases","7":"product_tag-mp","9":"first","10":"instock","11":"shipping-taxable","12":"product-type-simple"},"yoast_head":"<!-- This site is optimized with the Yoast SEO Premium plugin v27.1 (Yoast SEO v27.2) - https:\/\/yoast.com\/product\/yoast-seo-premium-wordpress\/ -->\n<title>MP 19 Inch Rack Mount Enclosure - https:\/\/sxflightcase.com \ud83d\udc97<\/title>\n<meta name=\"description\" content=\"19 Inch Rack Mount Enclosure: Explore our factory-direct options for professional customization, ensuring optimal organization and protection of your equipment.\" \/>\n<meta name=\"robots\" content=\"index, follow, max-snippet:-1, max-image-preview:large, max-video-preview:-1\" \/>\n<link rel=\"canonical\" href=\"https:\/\/sxflightcase.com\/fr\/\u0645\u0646\u062a\u062c\/\u0636\u0645\u064a\u0645\u0629-\u0645\u062b\u0628\u062a\u0629-\u0639\u0644\u0649-\u062d\u0627\u0645\u0644-19-\u0628\u0648\u0635\u0629-2\/\" \/>\n<meta property=\"og:locale\" content=\"fr_FR\" \/>\n<meta property=\"og:type\" content=\"article\" \/>\n<meta property=\"og:title\" content=\"MP 19 Inch Rack Mount Enclosure\" \/>\n<meta property=\"og:description\" content=\"19 Inch Rack Mount Enclosure: Explore our factory-direct options for professional customization, ensuring optimal organization and protection of your equipment.\" \/>\n<meta property=\"og:url\" content=\"https:\/\/sxflightcase.com\/fr\/\u0645\u0646\u062a\u062c\/\u0636\u0645\u064a\u0645\u0629-\u0645\u062b\u0628\u062a\u0629-\u0639\u0644\u0649-\u062d\u0627\u0645\u0644-19-\u0628\u0648\u0635\u0629-2\/\" \/>\n<meta property=\"og:site_name\" content=\"https:\/\/sxflightcase.com\" \/>\n<meta property=\"article:publisher\" content=\"https:\/\/www.facebook.com\/profile.php?id=61560407257971\" \/>\n<meta property=\"article:modified_time\" content=\"2024-06-26T09:14:35+00:00\" \/>\n<meta property=\"og:image\" content=\"https:\/\/sxflightcase.com\/wp-content\/uploads\/2024\/05\/19-inch-rack-mount-enclosure58212769315.webp\" \/>\n\t<meta property=\"og:image:width\" content=\"750\" \/>\n\t<meta property=\"og:image:height\" content=\"750\" \/>\n\t<meta property=\"og:image:type\" content=\"image\/webp\" \/>\n<meta name=\"twitter:card\" content=\"summary_large_image\" \/>\n<meta name=\"twitter:label1\" content=\"Dur\u00e9e de lecture estim\u00e9e\" \/>\n\t<meta name=\"twitter:data1\" content=\"4 minutes\" \/>\n<script type=\"application\/ld+json\" class=\"yoast-schema-graph\">{\"@context\":\"https:\/\/schema.org\",\"@graph\":[{\"@type\":\"WebPage\",\"@id\":\"https:\/\/sxflightcase.com\/ary\/\u0645\u0646\u062a\u062c\/\u0636\u0645\u064a\u0645\u0629-\u0645\u062b\u0628\u062a\u0629-\u0639\u0644\u0649-\u062d\u0627\u0645\u0644-19-\u0628\u0648\u0635\u0629-2\/\",\"url\":\"https:\/\/sxflightcase.com\/ary\/\u0645\u0646\u062a\u062c\/\u0636\u0645\u064a\u0645\u0629-\u0645\u062b\u0628\u062a\u0629-\u0639\u0644\u0649-\u062d\u0627\u0645\u0644-19-\u0628\u0648\u0635\u0629-2\/\",\"name\":\"MP 19 Inch Rack Mount Enclosure - https:\/\/sxflightcase.com \ud83d\udc97\",\"isPartOf\":{\"@id\":\"https:\/\/sxflightcase.com\/th\/#website\"},\"primaryImageOfPage\":{\"@id\":\"https:\/\/sxflightcase.com\/ary\/\u0645\u0646\u062a\u062c\/\u0636\u0645\u064a\u0645\u0629-\u0645\u062b\u0628\u062a\u0629-\u0639\u0644\u0649-\u062d\u0627\u0645\u0644-19-\u0628\u0648\u0635\u0629-2\/#primaryimage\"},\"image\":{\"@id\":\"https:\/\/sxflightcase.com\/ary\/\u0645\u0646\u062a\u062c\/\u0636\u0645\u064a\u0645\u0629-\u0645\u062b\u0628\u062a\u0629-\u0639\u0644\u0649-\u062d\u0627\u0645\u0644-19-\u0628\u0648\u0635\u0629-2\/#primaryimage\"},\"thumbnailUrl\":\"https:\/\/sxflightcase.com\/wp-content\/uploads\/2024\/05\/19-inch-rack-mount-enclosure58212769315.webp\",\"datePublished\":\"2024-05-10T02:09:46+00:00\",\"dateModified\":\"2024-06-26T09:14:35+00:00\",\"description\":\"19 Inch Rack Mount Enclosure: Explore our factory-direct options for professional customization, ensuring optimal organization and protection of your equipment.\",\"breadcrumb\":{\"@id\":\"https:\/\/sxflightcase.com\/ary\/\u0645\u0646\u062a\u062c\/\u0636\u0645\u064a\u0645\u0629-\u0645\u062b\u0628\u062a\u0629-\u0639\u0644\u0649-\u062d\u0627\u0645\u0644-19-\u0628\u0648\u0635\u0629-2\/#breadcrumb\"},\"inLanguage\":\"fr-FR\",\"potentialAction\":[{\"@type\":\"ReadAction\",\"target\":[\"https:\/\/sxflightcase.com\/ary\/\u0645\u0646\u062a\u062c\/\u0636\u0645\u064a\u0645\u0629-\u0645\u062b\u0628\u062a\u0629-\u0639\u0644\u0649-\u062d\u0627\u0645\u0644-19-\u0628\u0648\u0635\u0629-2\/\"]}]},{\"@type\":\"ImageObject\",\"inLanguage\":\"fr-FR\",\"@id\":\"https:\/\/sxflightcase.com\/ary\/\u0645\u0646\u062a\u062c\/\u0636\u0645\u064a\u0645\u0629-\u0645\u062b\u0628\u062a\u0629-\u0639\u0644\u0649-\u062d\u0627\u0645\u0644-19-\u0628\u0648\u0635\u0629-2\/#primaryimage\",\"url\":\"https:\/\/sxflightcase.com\/wp-content\/uploads\/2024\/05\/19-inch-rack-mount-enclosure58212769315.webp\",\"contentUrl\":\"https:\/\/sxflightcase.com\/wp-content\/uploads\/2024\/05\/19-inch-rack-mount-enclosure58212769315.webp\",\"width\":750,\"height\":750,\"caption\":\"19 Inch Rack Mount Enclosure\"},{\"@type\":\"BreadcrumbList\",\"@id\":\"https:\/\/sxflightcase.com\/ary\/\u0645\u0646\u062a\u062c\/\u0636\u0645\u064a\u0645\u0629-\u0645\u062b\u0628\u062a\u0629-\u0639\u0644\u0649-\u062d\u0627\u0645\u0644-19-\u0628\u0648\u0635\u0629-2\/#breadcrumb\",\"itemListElement\":[{\"@type\":\"ListItem\",\"position\":1,\"name\":\"Home\",\"item\":\"https:\/\/sxflightcase.com\/\"},{\"@type\":\"ListItem\",\"position\":2,\"name\":\"\u0e2a\u0e34\u0e19\u0e04\u0e49\u0e32\",\"item\":\"https:\/\/sxflightcase.com\/th\/shop\/\"},{\"@type\":\"ListItem\",\"position\":3,\"name\":\"MP 19 Inch Rack Mount Enclosure\"}]},{\"@type\":\"WebSite\",\"@id\":\"https:\/\/sxflightcase.com\/th\/#website\",\"url\":\"https:\/\/sxflightcase.com\/th\/\",\"name\":\"sxpowercase.com\",\"description\":\"Flight Case Factory\",\"publisher\":{\"@id\":\"https:\/\/sxflightcase.com\/th\/#organization\"},\"potentialAction\":[{\"@type\":\"SearchAction\",\"target\":{\"@type\":\"EntryPoint\",\"urlTemplate\":\"https:\/\/sxflightcase.com\/th\/?s={search_term_string}\"},\"query-input\":{\"@type\":\"PropertyValueSpecification\",\"valueRequired\":true,\"valueName\":\"search_term_string\"}}],\"inLanguage\":\"fr-FR\"},{\"@type\":\"Organization\",\"@id\":\"https:\/\/sxflightcase.com\/th\/#organization\",\"name\":\"sxpowercase.com\",\"url\":\"https:\/\/sxflightcase.com\/th\/\",\"logo\":{\"@type\":\"ImageObject\",\"inLanguage\":\"fr-FR\",\"@id\":\"https:\/\/sxflightcase.com\/th\/#\/schema\/logo\/image\/\",\"url\":\"https:\/\/sxflightcase.com\/wp-content\/uploads\/2024\/04\/1713919036007.jpg\",\"contentUrl\":\"https:\/\/sxflightcase.com\/wp-content\/uploads\/2024\/04\/1713919036007.jpg\",\"width\":382,\"height\":388,\"caption\":\"sxpowercase.com\"},\"image\":{\"@id\":\"https:\/\/sxflightcase.com\/th\/#\/schema\/logo\/image\/\"},\"sameAs\":[\"https:\/\/www.facebook.com\/profile.php?id=61560407257971\"],\"numberOfEmployees\":{\"@type\":\"QuantitativeValue\",\"minValue\":\"11\",\"maxValue\":\"50\"}}]}<\/script>\n<!-- \/ Yoast SEO Premium plugin. -->","yoast_head_json":{"title":"MP 19 Inch Rack Mount Enclosure - https:\/\/sxflightcase.com \ud83d\udc97","description":"Bo\u00eetier de montage en rack 19 pouces : Explorez nos options d'usine pour une personnalisation professionnelle, garantissant une organisation et une protection optimales de votre \u00e9quipement.","robots":{"index":"index","follow":"follow","max-snippet":"max-snippet:-1","max-image-preview":"max-image-preview:large","max-video-preview":"max-video-preview:-1"},"canonical":"https:\/\/sxflightcase.com\/fr\/\u0645\u0646\u062a\u062c\/\u0636\u0645\u064a\u0645\u0629-\u0645\u062b\u0628\u062a\u0629-\u0639\u0644\u0649-\u062d\u0627\u0645\u0644-19-\u0628\u0648\u0635\u0629-2\/","og_locale":"fr_FR","og_type":"article","og_title":"MP 19 Inch Rack Mount Enclosure","og_description":"19 Inch Rack Mount Enclosure: Explore our factory-direct options for professional customization, ensuring optimal organization and protection of your equipment.","og_url":"https:\/\/sxflightcase.com\/fr\/\u0645\u0646\u062a\u062c\/\u0636\u0645\u064a\u0645\u0629-\u0645\u062b\u0628\u062a\u0629-\u0639\u0644\u0649-\u062d\u0627\u0645\u0644-19-\u0628\u0648\u0635\u0629-2\/","og_site_name":"https:\/\/sxflightcase.com","article_publisher":"https:\/\/www.facebook.com\/profile.php?id=61560407257971","article_modified_time":"2024-06-26T09:14:35+00:00","og_image":[{"width":750,"height":750,"url":"https:\/\/sxflightcase.com\/wp-content\/uploads\/2024\/05\/19-inch-rack-mount-enclosure58212769315.webp","type":"image\/webp"}],"twitter_card":"summary_large_image","twitter_misc":{"Dur\u00e9e de lecture estim\u00e9e":"4 minutes"},"schema":{"@context":"https:\/\/schema.org","@graph":[{"@type":"WebPage","@id":"https:\/\/sxflightcase.com\/ary\/\u0645\u0646\u062a\u062c\/\u0636\u0645\u064a\u0645\u0629-\u0645\u062b\u0628\u062a\u0629-\u0639\u0644\u0649-\u062d\u0627\u0645\u0644-19-\u0628\u0648\u0635\u0629-2\/","url":"https:\/\/sxflightcase.com\/ary\/\u0645\u0646\u062a\u062c\/\u0636\u0645\u064a\u0645\u0629-\u0645\u062b\u0628\u062a\u0629-\u0639\u0644\u0649-\u062d\u0627\u0645\u0644-19-\u0628\u0648\u0635\u0629-2\/","name":"MP 19 Inch Rack Mount Enclosure - https:\/\/sxflightcase.com \ud83d\udc97","isPartOf":{"@id":"https:\/\/sxflightcase.com\/th\/#website"},"primaryImageOfPage":{"@id":"https:\/\/sxflightcase.com\/ary\/\u0645\u0646\u062a\u062c\/\u0636\u0645\u064a\u0645\u0629-\u0645\u062b\u0628\u062a\u0629-\u0639\u0644\u0649-\u062d\u0627\u0645\u0644-19-\u0628\u0648\u0635\u0629-2\/#primaryimage"},"image":{"@id":"https:\/\/sxflightcase.com\/ary\/\u0645\u0646\u062a\u062c\/\u0636\u0645\u064a\u0645\u0629-\u0645\u062b\u0628\u062a\u0629-\u0639\u0644\u0649-\u062d\u0627\u0645\u0644-19-\u0628\u0648\u0635\u0629-2\/#primaryimage"},"thumbnailUrl":"https:\/\/sxflightcase.com\/wp-content\/uploads\/2024\/05\/19-inch-rack-mount-enclosure58212769315.webp","datePublished":"2024-05-10T02:09:46+00:00","dateModified":"2024-06-26T09:14:35+00:00","description":"Bo\u00eetier de montage en rack 19 pouces : Explorez nos options d'usine pour une personnalisation professionnelle, garantissant une organisation et une protection optimales de votre \u00e9quipement.","breadcrumb":{"@id":"https:\/\/sxflightcase.com\/ary\/\u0645\u0646\u062a\u062c\/\u0636\u0645\u064a\u0645\u0629-\u0645\u062b\u0628\u062a\u0629-\u0639\u0644\u0649-\u062d\u0627\u0645\u0644-19-\u0628\u0648\u0635\u0629-2\/#breadcrumb"},"inLanguage":"fr-FR","potentialAction":[{"@type":"ReadAction","target":["https:\/\/sxflightcase.com\/ary\/\u0645\u0646\u062a\u062c\/\u0636\u0645\u064a\u0645\u0629-\u0645\u062b\u0628\u062a\u0629-\u0639\u0644\u0649-\u062d\u0627\u0645\u0644-19-\u0628\u0648\u0635\u0629-2\/"]}]},{"@type":"ImageObject","inLanguage":"fr-FR","@id":"https:\/\/sxflightcase.com\/ary\/\u0645\u0646\u062a\u062c\/\u0636\u0645\u064a\u0645\u0629-\u0645\u062b\u0628\u062a\u0629-\u0639\u0644\u0649-\u062d\u0627\u0645\u0644-19-\u0628\u0648\u0635\u0629-2\/#primaryimage","url":"https:\/\/sxflightcase.com\/wp-content\/uploads\/2024\/05\/19-inch-rack-mount-enclosure58212769315.webp","contentUrl":"https:\/\/sxflightcase.com\/wp-content\/uploads\/2024\/05\/19-inch-rack-mount-enclosure58212769315.webp","width":750,"height":750,"caption":"19 Inch Rack Mount Enclosure"},{"@type":"BreadcrumbList","@id":"https:\/\/sxflightcase.com\/ary\/\u0645\u0646\u062a\u062c\/\u0636\u0645\u064a\u0645\u0629-\u0645\u062b\u0628\u062a\u0629-\u0639\u0644\u0649-\u062d\u0627\u0645\u0644-19-\u0628\u0648\u0635\u0629-2\/#breadcrumb","itemListElement":[{"@type":"ListItem","position":1,"name":"Home","item":"https:\/\/sxflightcase.com\/"},{"@type":"ListItem","position":2,"name":"\u0e2a\u0e34\u0e19\u0e04\u0e49\u0e32","item":"https:\/\/sxflightcase.com\/th\/shop\/"},{"@type":"ListItem","position":3,"name":"MP 19 Inch Rack Mount Enclosure"}]},{"@type":"WebSite","@id":"https:\/\/sxflightcase.com\/th\/#website","url":"https:\/\/sxflightcase.com\/th\/","name":"sxpowercase.com","description":"Flight Case Factory","publisher":{"@id":"https:\/\/sxflightcase.com\/th\/#organization"},"potentialAction":[{"@type":"SearchAction","target":{"@type":"EntryPoint","urlTemplate":"https:\/\/sxflightcase.com\/th\/?s={search_term_string}"},"query-input":{"@type":"PropertyValueSpecification","valueRequired":true,"valueName":"search_term_string"}}],"inLanguage":"fr-FR"},{"@type":"Organization","@id":"https:\/\/sxflightcase.com\/th\/#organization","name":"sxpowercase.com","url":"https:\/\/sxflightcase.com\/th\/","logo":{"@type":"ImageObject","inLanguage":"fr-FR","@id":"https:\/\/sxflightcase.com\/th\/#\/schema\/logo\/image\/","url":"https:\/\/sxflightcase.com\/wp-content\/uploads\/2024\/04\/1713919036007.jpg","contentUrl":"https:\/\/sxflightcase.com\/wp-content\/uploads\/2024\/04\/1713919036007.jpg","width":382,"height":388,"caption":"sxpowercase.com"},"image":{"@id":"https:\/\/sxflightcase.com\/th\/#\/schema\/logo\/image\/"},"sameAs":["https:\/\/www.facebook.com\/profile.php?id=61560407257971"],"numberOfEmployees":{"@type":"QuantitativeValue","minValue":"11","maxValue":"50"}}]}},"_links":{"self":[{"href":"https:\/\/sxflightcase.com\/fr\/wp-json\/wp\/v2\/product\/1632","targetHints":{"allow":["GET"]}}],"collection":[{"href":"https:\/\/sxflightcase.com\/fr\/wp-json\/wp\/v2\/product"}],"about":[{"href":"https:\/\/sxflightcase.com\/fr\/wp-json\/wp\/v2\/types\/product"}],"replies":[{"embeddable":true,"href":"https:\/\/sxflightcase.com\/fr\/wp-json\/wp\/v2\/comments?post=1632"}],"version-history":[{"count":0,"href":"https:\/\/sxflightcase.com\/fr\/wp-json\/wp\/v2\/product\/1632\/revisions"}],"wp:featuredmedia":[{"embeddable":true,"href":"https:\/\/sxflightcase.com\/fr\/wp-json\/wp\/v2\/media\/1633"}],"wp:attachment":[{"href":"https:\/\/sxflightcase.com\/fr\/wp-json\/wp\/v2\/media?parent=1632"}],"wp:term":[{"taxonomy":"product_brand","embeddable":true,"href":"https:\/\/sxflightcase.com\/fr\/wp-json\/wp\/v2\/product_brand?post=1632"},{"taxonomy":"product_cat","embeddable":true,"href":"https:\/\/sxflightcase.com\/fr\/wp-json\/wp\/v2\/product_cat?post=1632"},{"taxonomy":"product_tag","embeddable":true,"href":"https:\/\/sxflightcase.com\/fr\/wp-json\/wp\/v2\/product_tag?post=1632"}],"curies":[{"name":"wp","href":"https:\/\/api.w.org\/{rel}","templated":true}]}}