{"id":1641,"date":"2024-05-10T03:25:08","date_gmt":"2024-05-10T02:25:08","guid":{"rendered":"https:\/\/sxpowercase.com\/?post_type=product&#038;p=1641"},"modified":"2024-07-16T03:18:06","modified_gmt":"2024-07-16T02:18:06","slug":"rack-mount-mixer-case","status":"publish","type":"product","link":"https:\/\/sxflightcase.com\/fr\/produit\/coffret-de-mixage-pour-montage-en-rack\/","title":{"rendered":"Bo\u00eetier de mixage \u00e0 montage en rack MP"},"content":{"rendered":"<h3><strong>Pr\u00e9sentation de la production<\/strong><\/h3>\n<p>La mallette de mixage pour montage en rack est dot\u00e9e de coins sph\u00e9riques en acier renforc\u00e9 pour la protection et l'empilage facile, ainsi que de poign\u00e9es en acier \u00e0 prise en caoutchouc encastr\u00e9es et de fermetures papillon encastr\u00e9es pour les prot\u00e9ger des dommages pendant le transport.<\/p>\n<h3><strong>Param\u00e8tre du produit (sp\u00e9cification)<\/strong><\/h3>\n<section class=\"table-wrap\">\n<table class=\"table\" width=\"100%\" cellspacing=\"0\" cellpadding=\"0\">\n<tbody>\n<tr class=\"firstRow\">\n<td width=\"134\">Nom du produit:<\/td>\n<td width=\"503\">Bo\u00eetier de mixage \u00e0 montage en rack<\/td>\n<\/tr>\n<tr>\n<td width=\"134\">Mat\u00e9riel<\/td>\n<td width=\"503\">Cadre en aluminium + ignifuge + contreplaqu\u00e9 de 9 mm<\/td>\n<\/tr>\n<tr>\n<td width=\"134\">\u00c0 l&#039;int\u00e9rieur<\/td>\n<td width=\"503\">Mousse antichoc de haute densit\u00e9<\/td>\n<\/tr>\n<tr>\n<td width=\"134\">Taille<\/td>\n<td width=\"503\">Peut \u00eatre personnalis\u00e9<\/td>\n<\/tr>\n<tr>\n<td width=\"134\">Accessoires<\/td>\n<td width=\"503\">Huit serrures papillon, quatre roues pour faciliter le transport, quatre poign\u00e9es solides<\/td>\n<\/tr>\n<tr>\n<td width=\"134\">Coutume<\/td>\n<td width=\"503\">Tous les types de personnalisation sont les bienvenus, tels que le mat\u00e9riau du bo\u00eetier en aluminium, les dimensions, les remplissages int\u00e9rieurs, les poign\u00e9es, les serrures, etc.<\/td>\n<\/tr>\n<\/tbody>\n<\/table>\n<\/section>\n<h2>D\u00e9couvrez la protection ultime avec la valise de mixage \u00e0 montage en rack de SX<\/h2>\n<h3>Qualit\u00e9 et design sup\u00e9rieurs<\/h3>\n<p><a href=\"https:\/\/sxpowercase.com\/\" target=\"_blank\" rel=\"noopener\" title=\"SX\" data-wpil-monitor-id=\"487\">SX<\/a> est fi\u00e8re de pr\u00e9senter la valise de mixage \u00e0 montage en rack, con\u00e7ue pour offrir une protection et une organisation in\u00e9gal\u00e9es \u00e0 votre \u00e9quipement de mixage. Fabriqu\u00e9e \u00e0 partir de mat\u00e9riaux de haute qualit\u00e9, notre mallette pour table de mixage \u00e0 montage en rack garantit la s\u00e9curit\u00e9 de votre mat\u00e9riel, qu'il soit stock\u00e9 ou transport\u00e9. Gr\u00e2ce \u00e0 sa conception robuste et durable, SX garantit des performances et une fiabilit\u00e9 \u00e0 long terme, ce qui en fait un investissement essentiel pour votre entreprise.<\/p>\n<h3>Ventes directes d&#039;usine pour une valeur imbattable<\/h3>\n<p>Chez SX, nous croyons en la fourniture de produits de premi\u00e8re qualit\u00e9 \u00e0 des prix comp\u00e9titifs. Notre mod\u00e8le de vente directe \u00e0 l'usine \u00e9limine les interm\u00e9diaires, ce qui nous permet d'offrir la valise de mixage \u00e0 montage en rack au meilleur prix possible. Cela signifie que vous b\u00e9n\u00e9ficiez d'une qualit\u00e9 et d'une protection sup\u00e9rieures sans co\u00fbts excessifs. Am\u00e9liorez l'efficacit\u00e9 de votre entreprise et prot\u00e9gez votre \u00e9quipement de valeur gr\u00e2ce aux solutions rentables de SX.<\/p>\n<h3>Personnalisation pour r\u00e9pondre \u00e0 vos besoins<\/h3>\n<p>Chaque installation professionnelle est unique et SX comprend l'importance des solutions sur mesure. Notre mallette pour table de mixage \u00e0 montage en rack est livr\u00e9e avec une gamme d'options de personnalisation pour r\u00e9pondre \u00e0 vos besoins sp\u00e9cifiques. Que vous ayez besoin de dimensions personnalis\u00e9es, de compartiments suppl\u00e9mentaires ou d'un marquage personnalis\u00e9, SX peut concevoir une mallette qui r\u00e9pondra parfaitement \u00e0 vos besoins. Notre d\u00e9vouement aux services personnalis\u00e9s garantit que votre \u00e9quipement est non seulement prot\u00e9g\u00e9 mais aussi organis\u00e9 de la mani\u00e8re la plus efficace possible.<\/p>\n<hr \/>\n<h3>Pourquoi choisir SX?<\/h3>\n<p>Choisir SX, c'est investir dans la meilleure protection et la meilleure organisation pour votre \u00e9quipement de m\u00e9lange. Notre mallette pour m\u00e9langeur \u00e0 cr\u00e9maill\u00e8re est con\u00e7ue avec des mat\u00e9riaux de la plus haute qualit\u00e9 pour garantir sa durabilit\u00e9 et sa fiabilit\u00e9. Gr\u00e2ce \u00e0 notre mod\u00e8le de vente directe, vous b\u00e9n\u00e9ficiez d'une valeur et d'\u00e9conomies imbattables. De plus, notre engagement \u00e0 la personnalisation signifie que votre mallette sera adapt\u00e9e \u00e0 vos besoins sp\u00e9cifiques. Faites \u00e9quipe avec SX d\u00e8s aujourd'hui pour d\u00e9couvrir comment notre mallette pour malaxeur peut am\u00e9liorer vos op\u00e9rations commerciales et prot\u00e9ger efficacement votre mat\u00e9riel de valeur.<\/p>\n<p><strong>FAQ<\/strong><\/p>\n<p>Q : Quel est votre MOQ ?<\/p>\n<p>R : Si nous avons les produits en stock, il n&#039;y aura pas de MOQ. Si nous devons produire, nous pouvons discuter du MOQ en fonction de la situation exacte du client.<\/p>\n<p>Q : Quel est votre service d'exp\u00e9dition ?<\/p>\n<p>R : Nous pouvons fournir des services de r\u00e9servation de navires, de consolidation des marchandises, de d\u00e9claration en douane, de pr\u00e9paration des documents d'exp\u00e9dition et de livraison en vrac au port d'embarquement.<\/p>\n<p>Q : Pouvez-vous participer \u00e0 la conception ?<\/p>\n<p>R : Oui, la conception simple est gratuite, la conception sp\u00e9ciale est payante.<\/p>\n<p><strong>Contr\u00f4le de la qualit\u00e9<\/strong><\/p>\n<p>Nous avons une personne charg\u00e9e du contr\u00f4le qualit\u00e9 qui reste sur les lignes de production pour proc\u00e9der \u00e0 l'inspection. Nous effectuons des contr\u00f4les en ligne et des contr\u00f4les finaux.<\/p>\n<p>1. toutes les mati\u00e8res premi\u00e8res sont contr\u00f4l\u00e9es d\u00e8s leur arriv\u00e9e dans notre usine.<\/p>\n<p>2. toutes les pi\u00e8ces, le logo et tous les d\u00e9tails sont v\u00e9rifi\u00e9s pendant la production.<\/p>\n<p>3. tous les d\u00e9tails de l'emballage sont v\u00e9rifi\u00e9s pendant la production.<\/p>\n<p>4. la qualit\u00e9 de la production et de l'emballage est v\u00e9rifi\u00e9e lors de l'inspection finale.<\/p>\n<p>\u00c9tiquettes populaires: prix bas, en stock, \u00e9chantillon gratuit, c\u00e2ble d&#039;alimentation et de signal, fil \u00e0 4 conducteurs de calibre 16, \u00e9tui pour pied de microphone, armoire d&#039;affichage LED ext\u00e9rieure, montage en rack, mallettes de vol pour mixeur \u00e0 montage en rack 19 pouces, bo\u00eete de distribution \u00e9lectrique, Chine, fournisseurs, usine, personnalis\u00e9, vente en gros, <span style=\"color: #993366;\"><a style=\"color: #993366;\" href=\"https:\/\/sxflightcase.com\/fr\/product-category\/all-product\/power-distribution-boxes\/\">bo\u00eetes d&#039;alimentation<\/a>,\u00a0<a style=\"color: #993366;\" href=\"https:\/\/sxflightcase.com\/fr\/product-category\/all-product\/hoist-controllers\/\">c\u00e2bles d&#039;alimentation<\/a>,\u00a0<a style=\"color: #993366;\" href=\"https:\/\/sxflightcase.com\/fr\/product-category\/all-product\/hoist-controllers\/\">contr\u00f4leurs de levage<\/a>,\u00a0<a style=\"color: #993366;\" href=\"https:\/\/sxflightcase.com\/fr\/product-category\/all-product\/flight-case\/\">mallettes de vol.<\/a><\/span><\/p>","protected":false},"excerpt":{"rendered":"<h2 class=\"prodetails-name\">Bo\u00eetier de table de mixage \u00e0 montage en rack<\/h2>\n<p>&lt;p&gt;Nous avons le plaisir de proposer une gamme de bo&icirc;tiers de mixage &agrave; montage en rack pour les professionnels de l&#039;industrie, afin de transporter et de stocker en toute s&eacute;curit&eacute; leur amplificateur ou processeur et leurs accessoires.<\/p>\n<h2><strong>Pr\u00e9sentation de la production<\/strong><\/h2>\n<p>La mallette de mixage pour montage en rack est dot\u00e9e de coins sph\u00e9riques en acier renforc\u00e9 pour la protection et l'empilage facile, ainsi que de poign\u00e9es en acier \u00e0 prise en caoutchouc encastr\u00e9es et de fermetures papillon encastr\u00e9es pour les prot\u00e9ger des dommages pendant le transport.<\/p>","protected":false},"featured_media":1642,"comment_status":"open","ping_status":"closed","template":"","meta":[],"product_brand":[],"product_cat":[35],"product_tag":[50],"class_list":{"0":"post-1641","1":"product","2":"type-product","3":"status-publish","4":"has-post-thumbnail","6":"product_cat-standard-rack-cases","7":"product_tag-mp","9":"first","10":"instock","11":"shipping-taxable","12":"product-type-simple"},"yoast_head":"<!-- This site is optimized with the Yoast SEO Premium plugin v27.1 (Yoast SEO v27.2) - https:\/\/yoast.com\/product\/yoast-seo-premium-wordpress\/ -->\n<title>MP Rack Mount Mixer Case - https:\/\/sxflightcase.com \ud83d\udc97<\/title>\n<meta name=\"description\" content=\"Rack Mount Mixer Case: Explore our factory-direct options for professional customization, ensuring optimal organization and protection of your equipment.\" \/>\n<meta name=\"robots\" content=\"index, follow, max-snippet:-1, max-image-preview:large, max-video-preview:-1\" \/>\n<link rel=\"canonical\" href=\"https:\/\/sxflightcase.com\/fr\/prodotto\/cassa-per-mixer-a-rack-2\/\" \/>\n<meta property=\"og:locale\" content=\"fr_FR\" \/>\n<meta property=\"og:type\" content=\"article\" \/>\n<meta property=\"og:title\" content=\"MP Rack Mount Mixer Case\" \/>\n<meta property=\"og:description\" content=\"Rack Mount Mixer Case: Explore our factory-direct options for professional customization, ensuring optimal organization and protection of your equipment.\" \/>\n<meta property=\"og:url\" content=\"https:\/\/sxflightcase.com\/fr\/prodotto\/cassa-per-mixer-a-rack-2\/\" \/>\n<meta property=\"og:site_name\" content=\"https:\/\/sxflightcase.com\" \/>\n<meta property=\"article:publisher\" content=\"https:\/\/www.facebook.com\/profile.php?id=61560407257971\" \/>\n<meta property=\"article:modified_time\" content=\"2024-07-16T02:18:06+00:00\" \/>\n<meta property=\"og:image\" content=\"https:\/\/sxflightcase.com\/wp-content\/uploads\/2024\/05\/rack-mount-mixer-case53241581164.webp\" \/>\n\t<meta property=\"og:image:width\" content=\"750\" \/>\n\t<meta property=\"og:image:height\" content=\"750\" \/>\n\t<meta property=\"og:image:type\" content=\"image\/webp\" \/>\n<meta name=\"twitter:card\" content=\"summary_large_image\" \/>\n<meta name=\"twitter:label1\" content=\"Dur\u00e9e de lecture estim\u00e9e\" \/>\n\t<meta name=\"twitter:data1\" content=\"4 minutes\" \/>\n<script type=\"application\/ld+json\" class=\"yoast-schema-graph\">{\"@context\":\"https:\/\/schema.org\",\"@graph\":[{\"@type\":\"WebPage\",\"@id\":\"https:\/\/sxflightcase.com\/it\/prodotto\/cassa-per-mixer-a-rack-2\/\",\"url\":\"https:\/\/sxflightcase.com\/it\/prodotto\/cassa-per-mixer-a-rack-2\/\",\"name\":\"MP Rack Mount Mixer Case - https:\/\/sxflightcase.com \ud83d\udc97\",\"isPartOf\":{\"@id\":\"https:\/\/sxflightcase.com\/th\/#website\"},\"primaryImageOfPage\":{\"@id\":\"https:\/\/sxflightcase.com\/it\/prodotto\/cassa-per-mixer-a-rack-2\/#primaryimage\"},\"image\":{\"@id\":\"https:\/\/sxflightcase.com\/it\/prodotto\/cassa-per-mixer-a-rack-2\/#primaryimage\"},\"thumbnailUrl\":\"https:\/\/sxflightcase.com\/wp-content\/uploads\/2024\/05\/rack-mount-mixer-case53241581164.webp\",\"datePublished\":\"2024-05-10T02:25:08+00:00\",\"dateModified\":\"2024-07-16T02:18:06+00:00\",\"description\":\"Rack Mount Mixer Case: Explore our factory-direct options for professional customization, ensuring optimal organization and protection of your equipment.\",\"breadcrumb\":{\"@id\":\"https:\/\/sxflightcase.com\/it\/prodotto\/cassa-per-mixer-a-rack-2\/#breadcrumb\"},\"inLanguage\":\"fr-FR\",\"potentialAction\":[{\"@type\":\"ReadAction\",\"target\":[\"https:\/\/sxflightcase.com\/it\/prodotto\/cassa-per-mixer-a-rack-2\/\"]}]},{\"@type\":\"ImageObject\",\"inLanguage\":\"fr-FR\",\"@id\":\"https:\/\/sxflightcase.com\/it\/prodotto\/cassa-per-mixer-a-rack-2\/#primaryimage\",\"url\":\"https:\/\/sxflightcase.com\/wp-content\/uploads\/2024\/05\/rack-mount-mixer-case53241581164.webp\",\"contentUrl\":\"https:\/\/sxflightcase.com\/wp-content\/uploads\/2024\/05\/rack-mount-mixer-case53241581164.webp\",\"width\":750,\"height\":750,\"caption\":\"Rack Mount Mixer Case\"},{\"@type\":\"BreadcrumbList\",\"@id\":\"https:\/\/sxflightcase.com\/it\/prodotto\/cassa-per-mixer-a-rack-2\/#breadcrumb\",\"itemListElement\":[{\"@type\":\"ListItem\",\"position\":1,\"name\":\"Home\",\"item\":\"https:\/\/sxflightcase.com\/\"},{\"@type\":\"ListItem\",\"position\":2,\"name\":\"\u0e2a\u0e34\u0e19\u0e04\u0e49\u0e32\",\"item\":\"https:\/\/sxflightcase.com\/th\/shop\/\"},{\"@type\":\"ListItem\",\"position\":3,\"name\":\"MP Rack Mount Mixer Case\"}]},{\"@type\":\"WebSite\",\"@id\":\"https:\/\/sxflightcase.com\/th\/#website\",\"url\":\"https:\/\/sxflightcase.com\/th\/\",\"name\":\"sxpowercase.com\",\"description\":\"Flight Case Factory\",\"publisher\":{\"@id\":\"https:\/\/sxflightcase.com\/th\/#organization\"},\"potentialAction\":[{\"@type\":\"SearchAction\",\"target\":{\"@type\":\"EntryPoint\",\"urlTemplate\":\"https:\/\/sxflightcase.com\/th\/?s={search_term_string}\"},\"query-input\":{\"@type\":\"PropertyValueSpecification\",\"valueRequired\":true,\"valueName\":\"search_term_string\"}}],\"inLanguage\":\"fr-FR\"},{\"@type\":\"Organization\",\"@id\":\"https:\/\/sxflightcase.com\/th\/#organization\",\"name\":\"sxpowercase.com\",\"url\":\"https:\/\/sxflightcase.com\/th\/\",\"logo\":{\"@type\":\"ImageObject\",\"inLanguage\":\"fr-FR\",\"@id\":\"https:\/\/sxflightcase.com\/th\/#\/schema\/logo\/image\/\",\"url\":\"https:\/\/sxflightcase.com\/wp-content\/uploads\/2024\/04\/1713919036007.jpg\",\"contentUrl\":\"https:\/\/sxflightcase.com\/wp-content\/uploads\/2024\/04\/1713919036007.jpg\",\"width\":382,\"height\":388,\"caption\":\"sxpowercase.com\"},\"image\":{\"@id\":\"https:\/\/sxflightcase.com\/th\/#\/schema\/logo\/image\/\"},\"sameAs\":[\"https:\/\/www.facebook.com\/profile.php?id=61560407257971\"],\"numberOfEmployees\":{\"@type\":\"QuantitativeValue\",\"minValue\":\"11\",\"maxValue\":\"50\"}}]}<\/script>\n<!-- \/ Yoast SEO Premium plugin. -->","yoast_head_json":{"title":"MP Rack Mount Mixer Case - https:\/\/sxflightcase.com \ud83d\udc97","description":"Bo\u00eetier de table de mixage en rack : d\u00e9couvrez nos options de personnalisation professionnelle en direct de l'usine, pour une organisation et une protection optimales de votre \u00e9quipement.","robots":{"index":"index","follow":"follow","max-snippet":"max-snippet:-1","max-image-preview":"max-image-preview:large","max-video-preview":"max-video-preview:-1"},"canonical":"https:\/\/sxflightcase.com\/fr\/prodotto\/cassa-per-mixer-a-rack-2\/","og_locale":"fr_FR","og_type":"article","og_title":"MP Rack Mount Mixer Case","og_description":"Rack Mount Mixer Case: Explore our factory-direct options for professional customization, ensuring optimal organization and protection of your equipment.","og_url":"https:\/\/sxflightcase.com\/fr\/prodotto\/cassa-per-mixer-a-rack-2\/","og_site_name":"https:\/\/sxflightcase.com","article_publisher":"https:\/\/www.facebook.com\/profile.php?id=61560407257971","article_modified_time":"2024-07-16T02:18:06+00:00","og_image":[{"width":750,"height":750,"url":"https:\/\/sxflightcase.com\/wp-content\/uploads\/2024\/05\/rack-mount-mixer-case53241581164.webp","type":"image\/webp"}],"twitter_card":"summary_large_image","twitter_misc":{"Dur\u00e9e de lecture estim\u00e9e":"4 minutes"},"schema":{"@context":"https:\/\/schema.org","@graph":[{"@type":"WebPage","@id":"https:\/\/sxflightcase.com\/it\/prodotto\/cassa-per-mixer-a-rack-2\/","url":"https:\/\/sxflightcase.com\/it\/prodotto\/cassa-per-mixer-a-rack-2\/","name":"MP Rack Mount Mixer Case - https:\/\/sxflightcase.com \ud83d\udc97","isPartOf":{"@id":"https:\/\/sxflightcase.com\/th\/#website"},"primaryImageOfPage":{"@id":"https:\/\/sxflightcase.com\/it\/prodotto\/cassa-per-mixer-a-rack-2\/#primaryimage"},"image":{"@id":"https:\/\/sxflightcase.com\/it\/prodotto\/cassa-per-mixer-a-rack-2\/#primaryimage"},"thumbnailUrl":"https:\/\/sxflightcase.com\/wp-content\/uploads\/2024\/05\/rack-mount-mixer-case53241581164.webp","datePublished":"2024-05-10T02:25:08+00:00","dateModified":"2024-07-16T02:18:06+00:00","description":"Bo\u00eetier de table de mixage en rack : d\u00e9couvrez nos options de personnalisation professionnelle en direct de l'usine, pour une organisation et une protection optimales de votre \u00e9quipement.","breadcrumb":{"@id":"https:\/\/sxflightcase.com\/it\/prodotto\/cassa-per-mixer-a-rack-2\/#breadcrumb"},"inLanguage":"fr-FR","potentialAction":[{"@type":"ReadAction","target":["https:\/\/sxflightcase.com\/it\/prodotto\/cassa-per-mixer-a-rack-2\/"]}]},{"@type":"ImageObject","inLanguage":"fr-FR","@id":"https:\/\/sxflightcase.com\/it\/prodotto\/cassa-per-mixer-a-rack-2\/#primaryimage","url":"https:\/\/sxflightcase.com\/wp-content\/uploads\/2024\/05\/rack-mount-mixer-case53241581164.webp","contentUrl":"https:\/\/sxflightcase.com\/wp-content\/uploads\/2024\/05\/rack-mount-mixer-case53241581164.webp","width":750,"height":750,"caption":"Rack Mount Mixer Case"},{"@type":"BreadcrumbList","@id":"https:\/\/sxflightcase.com\/it\/prodotto\/cassa-per-mixer-a-rack-2\/#breadcrumb","itemListElement":[{"@type":"ListItem","position":1,"name":"Home","item":"https:\/\/sxflightcase.com\/"},{"@type":"ListItem","position":2,"name":"\u0e2a\u0e34\u0e19\u0e04\u0e49\u0e32","item":"https:\/\/sxflightcase.com\/th\/shop\/"},{"@type":"ListItem","position":3,"name":"MP Rack Mount Mixer Case"}]},{"@type":"WebSite","@id":"https:\/\/sxflightcase.com\/th\/#website","url":"https:\/\/sxflightcase.com\/th\/","name":"sxpowercase.com","description":"Flight Case Factory","publisher":{"@id":"https:\/\/sxflightcase.com\/th\/#organization"},"potentialAction":[{"@type":"SearchAction","target":{"@type":"EntryPoint","urlTemplate":"https:\/\/sxflightcase.com\/th\/?s={search_term_string}"},"query-input":{"@type":"PropertyValueSpecification","valueRequired":true,"valueName":"search_term_string"}}],"inLanguage":"fr-FR"},{"@type":"Organization","@id":"https:\/\/sxflightcase.com\/th\/#organization","name":"sxpowercase.com","url":"https:\/\/sxflightcase.com\/th\/","logo":{"@type":"ImageObject","inLanguage":"fr-FR","@id":"https:\/\/sxflightcase.com\/th\/#\/schema\/logo\/image\/","url":"https:\/\/sxflightcase.com\/wp-content\/uploads\/2024\/04\/1713919036007.jpg","contentUrl":"https:\/\/sxflightcase.com\/wp-content\/uploads\/2024\/04\/1713919036007.jpg","width":382,"height":388,"caption":"sxpowercase.com"},"image":{"@id":"https:\/\/sxflightcase.com\/th\/#\/schema\/logo\/image\/"},"sameAs":["https:\/\/www.facebook.com\/profile.php?id=61560407257971"],"numberOfEmployees":{"@type":"QuantitativeValue","minValue":"11","maxValue":"50"}}]}},"_links":{"self":[{"href":"https:\/\/sxflightcase.com\/fr\/wp-json\/wp\/v2\/product\/1641","targetHints":{"allow":["GET"]}}],"collection":[{"href":"https:\/\/sxflightcase.com\/fr\/wp-json\/wp\/v2\/product"}],"about":[{"href":"https:\/\/sxflightcase.com\/fr\/wp-json\/wp\/v2\/types\/product"}],"replies":[{"embeddable":true,"href":"https:\/\/sxflightcase.com\/fr\/wp-json\/wp\/v2\/comments?post=1641"}],"version-history":[{"count":0,"href":"https:\/\/sxflightcase.com\/fr\/wp-json\/wp\/v2\/product\/1641\/revisions"}],"wp:featuredmedia":[{"embeddable":true,"href":"https:\/\/sxflightcase.com\/fr\/wp-json\/wp\/v2\/media\/1642"}],"wp:attachment":[{"href":"https:\/\/sxflightcase.com\/fr\/wp-json\/wp\/v2\/media?parent=1641"}],"wp:term":[{"taxonomy":"product_brand","embeddable":true,"href":"https:\/\/sxflightcase.com\/fr\/wp-json\/wp\/v2\/product_brand?post=1641"},{"taxonomy":"product_cat","embeddable":true,"href":"https:\/\/sxflightcase.com\/fr\/wp-json\/wp\/v2\/product_cat?post=1641"},{"taxonomy":"product_tag","embeddable":true,"href":"https:\/\/sxflightcase.com\/fr\/wp-json\/wp\/v2\/product_tag?post=1641"}],"curies":[{"name":"wp","href":"https:\/\/api.w.org\/{rel}","templated":true}]}}