{"id":1647,"date":"2024-05-10T03:27:58","date_gmt":"2024-05-10T02:27:58","guid":{"rendered":"https:\/\/sxpowercase.com\/?post_type=product&#038;p=1647"},"modified":"2024-07-16T03:17:47","modified_gmt":"2024-07-16T02:17:47","slug":"6u-rack-flight-case","status":"publish","type":"product","link":"https:\/\/sxflightcase.com\/fr\/produit\/boitier-de-transport-pour-rack-6u\/","title":{"rendered":"Mallette de transport MC 6u"},"content":{"rendered":"<h3><strong>Param\u00e8tre du produit (sp\u00e9cification)<\/strong><\/h3>\n<section class=\"table-wrap\">\n<table class=\"table\" width=\"100%\" cellspacing=\"0\" cellpadding=\"0\">\n<tbody>\n<tr class=\"firstRow\">\n<td width=\"134\">Nom du produit:<\/td>\n<td width=\"503\">Bo\u00eetier de transport pour rack 6u<\/td>\n<\/tr>\n<tr>\n<td width=\"134\">Mat\u00e9riel<\/td>\n<td width=\"503\">Cadre en aluminium + ignifuge + contreplaqu\u00e9 de 9 mm<\/td>\n<\/tr>\n<tr>\n<td width=\"134\">\u00c0 l&#039;int\u00e9rieur<\/td>\n<td width=\"503\">Mousse antichoc de haute densit\u00e9<\/td>\n<\/tr>\n<tr>\n<td width=\"134\">Taille<\/td>\n<td width=\"503\">Peut \u00eatre personnalis\u00e9<\/td>\n<\/tr>\n<tr>\n<td width=\"134\">Accessoires<\/td>\n<td width=\"503\">Huit serrures papillon, quatre roues pour faciliter le transport, quatre poign\u00e9es solides<\/td>\n<\/tr>\n<tr>\n<td width=\"134\">Coutume<\/td>\n<td width=\"503\">Tous les types de personnalisation sont les bienvenus, tels que le mat\u00e9riau de la caisse en aluminium, les dimensions, les garnitures int\u00e9rieures, les poign\u00e9es, les serrures, etc.<\/td>\n<\/tr>\n<\/tbody>\n<\/table>\n<\/section>\n<h3>D\u00e9couvrez la protection ultime avec le Flight Case 6u Rack de SX<\/h3>\n<h4>Durabilit\u00e9 et s\u00e9curit\u00e9 in\u00e9gal\u00e9es<\/h4>\n<p>Lorsqu'il s'agit de prot\u00e9ger votre \u00e9quipement de valeur, le Flight Case 6u Rack de <a title=\"SX\" href=\"https:\/\/sxpowercase.com\/\" target=\"_blank\" rel=\"noopener\" data-wpil-monitor-id=\"488\">SX<\/a> s'impose comme un choix de premier ordre. Con\u00e7ue avec des mat\u00e9riaux robustes et une fabrication de qualit\u00e9 sup\u00e9rieure, cette mallette garantit la s\u00e9curit\u00e9 de votre mat\u00e9riel pendant le transport. Que vous soyez en d\u00e9placement ou que vous stockiez votre \u00e9quipement, le Flight Case 6u Rack offre une protection optimale contre les chocs, les chutes et les \u00e9l\u00e9ments.<\/p>\n<h4>En direct de notre usine<\/h4>\n<p>Chez SX, notre priorit\u00e9 est d'offrir une valeur exceptionnelle gr\u00e2ce \u00e0 notre mod\u00e8le de vente directe. En \u00e9liminant les interm\u00e9diaires, nous vous proposons le Flight Case 6u Rack aux prix les plus comp\u00e9titifs. Cette approche nous permet non seulement de r\u00e9aliser des \u00e9conomies, mais aussi de maintenir des normes strictes de contr\u00f4le de la qualit\u00e9. Am\u00e9liorez vos op\u00e9rations commerciales avec un flight case fiable et de haute qualit\u00e9 qui ne vous ruinera pas.<\/p>\n<h4>Des solutions personnalis\u00e9es pour r\u00e9pondre \u00e0 vos besoins<\/h4>\n<p>Nous comprenons que chaque entreprise a des exigences uniques. C'est pourquoi SX offre des options de personnalisation \u00e9tendues pour notre Flight Case 6u Rack. Besoin de dimensions sp\u00e9cifiques ? Des compartiments suppl\u00e9mentaires ? Un marquage personnalis\u00e9 ? Nous avons ce qu'il vous faut. Notre \u00e9quipe d\u00e9di\u00e9e travaille en \u00e9troite collaboration avec vous pour concevoir un flight case qui r\u00e9pond parfaitement \u00e0 vos besoins, garantissant une fonctionnalit\u00e9 et une protection optimales pour votre \u00e9quipement.<\/p>\n<hr \/>\n<h4>Am\u00e9liorez votre entreprise avec SX<\/h4>\n<p>Choisir SX, c'est investir dans la fiabilit\u00e9, la durabilit\u00e9 et les solutions sur mesure. Notre Flight Case pour rack 6u n'est pas seulement une solution de stockage - c'est un engagement \u00e0 prot\u00e9ger votre mat\u00e9riel avec les normes de qualit\u00e9 les plus \u00e9lev\u00e9es. En tirant parti de notre mod\u00e8le de vente directe, vous b\u00e9n\u00e9ficiez de produits rentables et de qualit\u00e9 sup\u00e9rieure qui soutiennent la croissance de votre entreprise. Faites confiance \u00e0 SX pour vous fournir des flight cases personnalis\u00e9s et performants qui assurent la s\u00e9curit\u00e9 de votre \u00e9quipement et le bon d\u00e9roulement de vos op\u00e9rations.<\/p>\n<p><strong>FAQ<\/strong><\/p>\n<p>Q : Quel est votre MOQ ?<\/p>\n<p>R : Si nous avons les produits en stock, il n&#039;y aura pas de MOQ. Si nous devons produire, nous pouvons discuter du MOQ en fonction de la situation exacte du client.<\/p>\n<p>Q : Quel est votre service d'exp\u00e9dition ?<\/p>\n<p>R : Nous pouvons fournir des services de r\u00e9servation de navires, de consolidation des marchandises, de d\u00e9claration en douane, de pr\u00e9paration des documents d'exp\u00e9dition et de livraison en vrac au port d'embarquement.<\/p>\n<p>Q : Puis-je savoir quel est le port maritime le plus proche de votre entreprise, au cas o\u00f9 je visiterais votre entreprise ?<\/p>\n<p>R : D'abord le port maritime de Huangpu, puis celui de Shenzhen ou de Nansha, nous vous invitons \u00e0 nous rendre visite.<\/p>\n<p><strong>Contr\u00f4le de la qualit\u00e9<\/strong><\/p>\n<p>Nous avons une personne charg\u00e9e du contr\u00f4le qualit\u00e9 qui reste sur les lignes de production pour proc\u00e9der \u00e0 l'inspection. Nous effectuons des contr\u00f4les en ligne et des contr\u00f4les finaux.<\/p>\n<p>1. toutes les mati\u00e8res premi\u00e8res sont contr\u00f4l\u00e9es d\u00e8s leur arriv\u00e9e dans notre usine.<\/p>\n<p>2. toutes les pi\u00e8ces, le logo et tous les d\u00e9tails sont v\u00e9rifi\u00e9s pendant la production.<\/p>\n<p>3. tous les d\u00e9tails de l'emballage sont v\u00e9rifi\u00e9s pendant la production.<\/p>\n<p>4. la qualit\u00e9 de la production et de l'emballage est v\u00e9rifi\u00e9e lors de l'inspection finale.<\/p>\n<p>\u00c9tiquettes populaires: prix bas, en stock, \u00e9chantillon gratuit, c\u00e2ble d&#039;alimentation et de signal, fil \u00e0 4 conducteurs de calibre 16, \u00e9tui pour pied de microphone, armoire d&#039;affichage LED ext\u00e9rieure, montage en rack, mallettes de vol pour mixeur \u00e0 montage en rack 19 pouces, bo\u00eete de distribution \u00e9lectrique, Chine, fournisseurs, usine, personnalis\u00e9, vente en gros, <span style=\"color: #993366;\"><a style=\"color: #993366;\" href=\"https:\/\/sxflightcase.com\/fr\/product-category\/all-product\/power-distribution-boxes\/\">bo\u00eetes d&#039;alimentation<\/a>,\u00a0<a style=\"color: #993366;\" href=\"https:\/\/sxflightcase.com\/fr\/product-category\/all-product\/hoist-controllers\/\">c\u00e2bles d&#039;alimentation<\/a>,\u00a0<a style=\"color: #993366;\" href=\"https:\/\/sxflightcase.com\/fr\/product-category\/all-product\/hoist-controllers\/\">contr\u00f4leurs de levage<\/a>,\u00a0<a style=\"color: #993366;\" href=\"https:\/\/sxflightcase.com\/fr\/product-category\/all-product\/flight-case\/\">mallettes de vol.<\/a><\/span><\/p>","protected":false},"excerpt":{"rendered":"<h2 class=\"prodetails-name\">Flight Case 6u Rack<\/h2>\n<p>Fond\u00e9 en 2001, nous sommes sp\u00e9cialis\u00e9s dans la fabrication de toutes sortes de bo\u00eetiers de montage en rack, avec une surface d'atelier de plus de 20 000 m\u00e8tres carr\u00e9s. Normalement, nous fabriquons des flight cases de 2u \u00e0 20u, mais nous pouvons \u00e9galement fabriquer des bo\u00eetiers de taille diff\u00e9rente en fonction de vos besoins.<\/p>\n<h2><strong>Pr\u00e9sentation de la production<\/strong><\/h2>\n<p>L'int\u00e9rieur du flight case pour rack 6u est enti\u00e8rement doubl\u00e9 de coussinets en mousse antichocs de 1\/4 pouce pour assurer une s\u00e9curit\u00e9 suppl\u00e9mentaire et vous donner la tranquillit\u00e9 d'esprit lorsque votre \u00e9quipement est transport\u00e9, en sachant qu'il arrivera en un seul morceau. Le couvercle est maintenu ferm\u00e9 par 3 loquets papillon encastr\u00e9s et est articul\u00e9 \u00e0 l'arri\u00e8re avec deux arr\u00eats de couvercle pour les arr\u00eats \u00e0 l'int\u00e9rieur de la valise.<\/p>","protected":false},"featured_media":1648,"comment_status":"open","ping_status":"closed","template":"","meta":[],"product_brand":[],"product_cat":[35],"product_tag":[49],"class_list":{"0":"post-1647","1":"product","2":"type-product","3":"status-publish","4":"has-post-thumbnail","6":"product_cat-standard-rack-cases","7":"product_tag-mc","9":"first","10":"instock","11":"shipping-taxable","12":"product-type-simple"},"yoast_head":"<!-- This site is optimized with the Yoast SEO Premium plugin v27.1 (Yoast SEO v27.2) - https:\/\/yoast.com\/product\/yoast-seo-premium-wordpress\/ -->\n<title>MC 6u Rack Flight Case - https:\/\/sxflightcase.com \ud83d\udc97<\/title>\n<meta name=\"description\" content=\"6u Rack Flight Case: Explore our factory-direct options for professional customization, ensuring optimal organization and protection of your equipment.\" \/>\n<meta name=\"robots\" content=\"index, follow, max-snippet:-1, max-image-preview:large, max-video-preview:-1\" \/>\n<link rel=\"canonical\" href=\"https:\/\/sxflightcase.com\/fr\/produkt\/6u-rack-flight-case\/\" \/>\n<meta property=\"og:locale\" content=\"fr_FR\" \/>\n<meta property=\"og:type\" content=\"article\" \/>\n<meta property=\"og:title\" content=\"MC 6u Rack Flight Case\" \/>\n<meta property=\"og:description\" content=\"6u Rack Flight Case: Explore our factory-direct options for professional customization, ensuring optimal organization and protection of your equipment.\" \/>\n<meta property=\"og:url\" content=\"https:\/\/sxflightcase.com\/fr\/produkt\/6u-rack-flight-case\/\" \/>\n<meta property=\"og:site_name\" content=\"https:\/\/sxflightcase.com\" \/>\n<meta property=\"article:publisher\" content=\"https:\/\/www.facebook.com\/profile.php?id=61560407257971\" \/>\n<meta property=\"article:modified_time\" content=\"2024-07-16T02:17:47+00:00\" \/>\n<meta property=\"og:image\" content=\"https:\/\/sxflightcase.com\/wp-content\/uploads\/2024\/05\/6u-rack-flight-case51081758129.webp\" \/>\n\t<meta property=\"og:image:width\" content=\"750\" \/>\n\t<meta property=\"og:image:height\" content=\"750\" \/>\n\t<meta property=\"og:image:type\" content=\"image\/webp\" \/>\n<meta name=\"twitter:card\" content=\"summary_large_image\" \/>\n<meta name=\"twitter:label1\" content=\"Dur\u00e9e de lecture estim\u00e9e\" \/>\n\t<meta name=\"twitter:data1\" content=\"4 minutes\" \/>\n<script type=\"application\/ld+json\" class=\"yoast-schema-graph\">{\"@context\":\"https:\/\/schema.org\",\"@graph\":[{\"@type\":\"WebPage\",\"@id\":\"https:\/\/sxflightcase.com\/da\/produkt\/6u-rack-flight-case\/\",\"url\":\"https:\/\/sxflightcase.com\/da\/produkt\/6u-rack-flight-case\/\",\"name\":\"MC 6u Rack Flight Case - https:\/\/sxflightcase.com \ud83d\udc97\",\"isPartOf\":{\"@id\":\"https:\/\/sxflightcase.com\/th\/#website\"},\"primaryImageOfPage\":{\"@id\":\"https:\/\/sxflightcase.com\/da\/produkt\/6u-rack-flight-case\/#primaryimage\"},\"image\":{\"@id\":\"https:\/\/sxflightcase.com\/da\/produkt\/6u-rack-flight-case\/#primaryimage\"},\"thumbnailUrl\":\"https:\/\/sxflightcase.com\/wp-content\/uploads\/2024\/05\/6u-rack-flight-case51081758129.webp\",\"datePublished\":\"2024-05-10T02:27:58+00:00\",\"dateModified\":\"2024-07-16T02:17:47+00:00\",\"description\":\"6u Rack Flight Case: Explore our factory-direct options for professional customization, ensuring optimal organization and protection of your equipment.\",\"breadcrumb\":{\"@id\":\"https:\/\/sxflightcase.com\/da\/produkt\/6u-rack-flight-case\/#breadcrumb\"},\"inLanguage\":\"fr-FR\",\"potentialAction\":[{\"@type\":\"ReadAction\",\"target\":[\"https:\/\/sxflightcase.com\/da\/produkt\/6u-rack-flight-case\/\"]}]},{\"@type\":\"ImageObject\",\"inLanguage\":\"fr-FR\",\"@id\":\"https:\/\/sxflightcase.com\/da\/produkt\/6u-rack-flight-case\/#primaryimage\",\"url\":\"https:\/\/sxflightcase.com\/wp-content\/uploads\/2024\/05\/6u-rack-flight-case51081758129.webp\",\"contentUrl\":\"https:\/\/sxflightcase.com\/wp-content\/uploads\/2024\/05\/6u-rack-flight-case51081758129.webp\",\"width\":750,\"height\":750,\"caption\":\"6u Rack Flight Case\"},{\"@type\":\"BreadcrumbList\",\"@id\":\"https:\/\/sxflightcase.com\/da\/produkt\/6u-rack-flight-case\/#breadcrumb\",\"itemListElement\":[{\"@type\":\"ListItem\",\"position\":1,\"name\":\"Home\",\"item\":\"https:\/\/sxflightcase.com\/\"},{\"@type\":\"ListItem\",\"position\":2,\"name\":\"\u0e2a\u0e34\u0e19\u0e04\u0e49\u0e32\",\"item\":\"https:\/\/sxflightcase.com\/th\/shop\/\"},{\"@type\":\"ListItem\",\"position\":3,\"name\":\"MC 6u Rack Flight Case\"}]},{\"@type\":\"WebSite\",\"@id\":\"https:\/\/sxflightcase.com\/th\/#website\",\"url\":\"https:\/\/sxflightcase.com\/th\/\",\"name\":\"sxpowercase.com\",\"description\":\"Flight Case Factory\",\"publisher\":{\"@id\":\"https:\/\/sxflightcase.com\/th\/#organization\"},\"potentialAction\":[{\"@type\":\"SearchAction\",\"target\":{\"@type\":\"EntryPoint\",\"urlTemplate\":\"https:\/\/sxflightcase.com\/th\/?s={search_term_string}\"},\"query-input\":{\"@type\":\"PropertyValueSpecification\",\"valueRequired\":true,\"valueName\":\"search_term_string\"}}],\"inLanguage\":\"fr-FR\"},{\"@type\":\"Organization\",\"@id\":\"https:\/\/sxflightcase.com\/th\/#organization\",\"name\":\"sxpowercase.com\",\"url\":\"https:\/\/sxflightcase.com\/th\/\",\"logo\":{\"@type\":\"ImageObject\",\"inLanguage\":\"fr-FR\",\"@id\":\"https:\/\/sxflightcase.com\/th\/#\/schema\/logo\/image\/\",\"url\":\"https:\/\/sxflightcase.com\/wp-content\/uploads\/2024\/04\/1713919036007.jpg\",\"contentUrl\":\"https:\/\/sxflightcase.com\/wp-content\/uploads\/2024\/04\/1713919036007.jpg\",\"width\":382,\"height\":388,\"caption\":\"sxpowercase.com\"},\"image\":{\"@id\":\"https:\/\/sxflightcase.com\/th\/#\/schema\/logo\/image\/\"},\"sameAs\":[\"https:\/\/www.facebook.com\/profile.php?id=61560407257971\"],\"numberOfEmployees\":{\"@type\":\"QuantitativeValue\",\"minValue\":\"11\",\"maxValue\":\"50\"}}]}<\/script>\n<!-- \/ Yoast SEO Premium plugin. -->","yoast_head_json":{"title":"MC 6u Rack Flight Case - https:\/\/sxflightcase.com \ud83d\udc97","description":"Flight Case 6u Rack : Explorez nos options d'usine pour une personnalisation professionnelle, garantissant une organisation et une protection optimales de votre \u00e9quipement.","robots":{"index":"index","follow":"follow","max-snippet":"max-snippet:-1","max-image-preview":"max-image-preview:large","max-video-preview":"max-video-preview:-1"},"canonical":"https:\/\/sxflightcase.com\/fr\/produkt\/6u-rack-flight-case\/","og_locale":"fr_FR","og_type":"article","og_title":"MC 6u Rack Flight Case","og_description":"6u Rack Flight Case: Explore our factory-direct options for professional customization, ensuring optimal organization and protection of your equipment.","og_url":"https:\/\/sxflightcase.com\/fr\/produkt\/6u-rack-flight-case\/","og_site_name":"https:\/\/sxflightcase.com","article_publisher":"https:\/\/www.facebook.com\/profile.php?id=61560407257971","article_modified_time":"2024-07-16T02:17:47+00:00","og_image":[{"width":750,"height":750,"url":"https:\/\/sxflightcase.com\/wp-content\/uploads\/2024\/05\/6u-rack-flight-case51081758129.webp","type":"image\/webp"}],"twitter_card":"summary_large_image","twitter_misc":{"Dur\u00e9e de lecture estim\u00e9e":"4 minutes"},"schema":{"@context":"https:\/\/schema.org","@graph":[{"@type":"WebPage","@id":"https:\/\/sxflightcase.com\/da\/produkt\/6u-rack-flight-case\/","url":"https:\/\/sxflightcase.com\/da\/produkt\/6u-rack-flight-case\/","name":"MC 6u Rack Flight Case - https:\/\/sxflightcase.com \ud83d\udc97","isPartOf":{"@id":"https:\/\/sxflightcase.com\/th\/#website"},"primaryImageOfPage":{"@id":"https:\/\/sxflightcase.com\/da\/produkt\/6u-rack-flight-case\/#primaryimage"},"image":{"@id":"https:\/\/sxflightcase.com\/da\/produkt\/6u-rack-flight-case\/#primaryimage"},"thumbnailUrl":"https:\/\/sxflightcase.com\/wp-content\/uploads\/2024\/05\/6u-rack-flight-case51081758129.webp","datePublished":"2024-05-10T02:27:58+00:00","dateModified":"2024-07-16T02:17:47+00:00","description":"Flight Case 6u Rack : Explorez nos options d'usine pour une personnalisation professionnelle, garantissant une organisation et une protection optimales de votre \u00e9quipement.","breadcrumb":{"@id":"https:\/\/sxflightcase.com\/da\/produkt\/6u-rack-flight-case\/#breadcrumb"},"inLanguage":"fr-FR","potentialAction":[{"@type":"ReadAction","target":["https:\/\/sxflightcase.com\/da\/produkt\/6u-rack-flight-case\/"]}]},{"@type":"ImageObject","inLanguage":"fr-FR","@id":"https:\/\/sxflightcase.com\/da\/produkt\/6u-rack-flight-case\/#primaryimage","url":"https:\/\/sxflightcase.com\/wp-content\/uploads\/2024\/05\/6u-rack-flight-case51081758129.webp","contentUrl":"https:\/\/sxflightcase.com\/wp-content\/uploads\/2024\/05\/6u-rack-flight-case51081758129.webp","width":750,"height":750,"caption":"6u Rack Flight Case"},{"@type":"BreadcrumbList","@id":"https:\/\/sxflightcase.com\/da\/produkt\/6u-rack-flight-case\/#breadcrumb","itemListElement":[{"@type":"ListItem","position":1,"name":"Home","item":"https:\/\/sxflightcase.com\/"},{"@type":"ListItem","position":2,"name":"\u0e2a\u0e34\u0e19\u0e04\u0e49\u0e32","item":"https:\/\/sxflightcase.com\/th\/shop\/"},{"@type":"ListItem","position":3,"name":"MC 6u Rack Flight Case"}]},{"@type":"WebSite","@id":"https:\/\/sxflightcase.com\/th\/#website","url":"https:\/\/sxflightcase.com\/th\/","name":"sxpowercase.com","description":"Flight Case Factory","publisher":{"@id":"https:\/\/sxflightcase.com\/th\/#organization"},"potentialAction":[{"@type":"SearchAction","target":{"@type":"EntryPoint","urlTemplate":"https:\/\/sxflightcase.com\/th\/?s={search_term_string}"},"query-input":{"@type":"PropertyValueSpecification","valueRequired":true,"valueName":"search_term_string"}}],"inLanguage":"fr-FR"},{"@type":"Organization","@id":"https:\/\/sxflightcase.com\/th\/#organization","name":"sxpowercase.com","url":"https:\/\/sxflightcase.com\/th\/","logo":{"@type":"ImageObject","inLanguage":"fr-FR","@id":"https:\/\/sxflightcase.com\/th\/#\/schema\/logo\/image\/","url":"https:\/\/sxflightcase.com\/wp-content\/uploads\/2024\/04\/1713919036007.jpg","contentUrl":"https:\/\/sxflightcase.com\/wp-content\/uploads\/2024\/04\/1713919036007.jpg","width":382,"height":388,"caption":"sxpowercase.com"},"image":{"@id":"https:\/\/sxflightcase.com\/th\/#\/schema\/logo\/image\/"},"sameAs":["https:\/\/www.facebook.com\/profile.php?id=61560407257971"],"numberOfEmployees":{"@type":"QuantitativeValue","minValue":"11","maxValue":"50"}}]}},"_links":{"self":[{"href":"https:\/\/sxflightcase.com\/fr\/wp-json\/wp\/v2\/product\/1647","targetHints":{"allow":["GET"]}}],"collection":[{"href":"https:\/\/sxflightcase.com\/fr\/wp-json\/wp\/v2\/product"}],"about":[{"href":"https:\/\/sxflightcase.com\/fr\/wp-json\/wp\/v2\/types\/product"}],"replies":[{"embeddable":true,"href":"https:\/\/sxflightcase.com\/fr\/wp-json\/wp\/v2\/comments?post=1647"}],"version-history":[{"count":0,"href":"https:\/\/sxflightcase.com\/fr\/wp-json\/wp\/v2\/product\/1647\/revisions"}],"wp:featuredmedia":[{"embeddable":true,"href":"https:\/\/sxflightcase.com\/fr\/wp-json\/wp\/v2\/media\/1648"}],"wp:attachment":[{"href":"https:\/\/sxflightcase.com\/fr\/wp-json\/wp\/v2\/media?parent=1647"}],"wp:term":[{"taxonomy":"product_brand","embeddable":true,"href":"https:\/\/sxflightcase.com\/fr\/wp-json\/wp\/v2\/product_brand?post=1647"},{"taxonomy":"product_cat","embeddable":true,"href":"https:\/\/sxflightcase.com\/fr\/wp-json\/wp\/v2\/product_cat?post=1647"},{"taxonomy":"product_tag","embeddable":true,"href":"https:\/\/sxflightcase.com\/fr\/wp-json\/wp\/v2\/product_tag?post=1647"}],"curies":[{"name":"wp","href":"https:\/\/api.w.org\/{rel}","templated":true}]}}