{"id":1655,"date":"2024-05-10T03:33:38","date_gmt":"2024-05-10T02:33:38","guid":{"rendered":"https:\/\/sxpowercase.com\/?post_type=product&#038;p=1655"},"modified":"2024-06-26T10:23:10","modified_gmt":"2024-06-26T09:23:10","slug":"12u-rack-flight-case","status":"publish","type":"product","link":"https:\/\/sxflightcase.com\/fr\/produit\/flight-case-12u-rack-2\/","title":{"rendered":"Mallette de transport pour rack MP 12u"},"content":{"rendered":"<h3><strong>Param\u00e8tre du produit (sp\u00e9cification)<\/strong><\/h3>\n<section class=\"table-wrap\">\n<table class=\"table\" width=\"100%\" cellspacing=\"0\" cellpadding=\"0\">\n<tbody>\n<tr class=\"firstRow\">\n<td width=\"134\">Nom du produit:<\/td>\n<td width=\"503\">flight case 12u rack<\/td>\n<\/tr>\n<tr>\n<td width=\"134\">Mati\u00e8re et accessoire :<\/td>\n<td width=\"503\">Contreplaqu\u00e9 de 9 mm + quincaillerie chrom\u00e9e\/zingu\u00e9e + extrusion d&#039;aluminium<br \/>\nCouvercles amovibles avant et arri\u00e8re<\/td>\n<\/tr>\n<tr>\n<td width=\"134\">Doublure en mousse :<\/td>\n<td width=\"503\">Mousse perl\u00e9e \/ mousse EVA \/ mousse \u00e0 \u0153ufs, etc., standard ou sur demande<\/td>\n<\/tr>\n<tr>\n<td width=\"134\">Couleur:<\/td>\n<td width=\"503\">Noir (couleur par d\u00e9faut), rouge, bleu, orange, jaune, vert, etc.<\/td>\n<\/tr>\n<tr>\n<td width=\"134\">D\u00e9lai de mise en \u0153uvre:<\/td>\n<td width=\"503\">Commande d&#039;\u00e9chantillon 3 jours, commande normale 7 \u00e0 15 jours<\/td>\n<\/tr>\n<tr>\n<td width=\"134\">Dimension:<\/td>\n<td width=\"503\">D\u00e9pend de la dimension de l&#039;\u00e9quipement<\/td>\n<\/tr>\n<\/tbody>\n<\/table>\n<\/section>\n<h3>SX 12u Rack Flight Case : s\u00e9curisez votre \u00e9quipement en toute confiance<\/h3>\n<h4>Une protection fiable pour votre mat\u00e9riel<\/h4>\n<p>Lorsqu'il s'agit de transporter des \u00e9quipements d\u00e9licats, la s\u00e9curit\u00e9 n'est pas n\u00e9gociable. Les <a href=\"https:\/\/sxpowercase.com\/\" target=\"_blank\"  rel=\"noopener\" title=\"SX\"  data-wpil-monitor-id=\"490\">SX<\/a> 12u Rack Flight Case offre une protection robuste \u00e0 votre mat\u00e9riel de valeur. Fabriqu\u00e9 \u00e0 partir de mat\u00e9riaux durables et con\u00e7u pour r\u00e9sister aux exigences du voyage, ce flight case garantit que votre \u00e9quipement reste \u00e0 l'abri des chocs, des vibrations et des \u00e9l\u00e9ments. Que vous soyez un musicien itin\u00e9rant, un professionnel de l'audiovisuel ou un technicien industriel, faites confiance \u00e0 SX pour prot\u00e9ger votre \u00e9quipement o\u00f9 que vous alliez.<\/p>\n<h4>Directement de l'usine : Qualit\u00e9 et valeur combin\u00e9es<\/h4>\n<p>Chez SX, nous croyons qu'il est important d'offrir de la valeur directement de notre usine \u00e0 vos mains. En \u00e9liminant les interm\u00e9diaires, nous offrons le Flight Case 12u Rack \u00e0 des prix comp\u00e9titifs sans compromettre la qualit\u00e9. Notre approche de vente directe vous permet non seulement d'\u00e9conomiser de l'argent, mais garantit \u00e9galement un produit qui r\u00e9pond \u00e0 nos normes strictes en mati\u00e8re de durabilit\u00e9 et de fiabilit\u00e9. Am\u00e9liorez vos op\u00e9rations commerciales avec nos flight cases en vente directe, con\u00e7us pour prot\u00e9ger et am\u00e9liorer votre \u00e9quipement.<\/p>\n<h4>Des solutions sur mesure pour vos besoins<\/h4>\n<p>Nous comprenons que chaque client a des exigences uniques. C'est pourquoi SX propose des options de personnalisation \u00e9tendues pour le flight case 12u Rack. Que vous ayez besoin de dimensions sp\u00e9cifiques, de fonctionnalit\u00e9s suppl\u00e9mentaires telles que la gestion des c\u00e2bles, ou d'un marquage refl\u00e9tant votre identit\u00e9, nos services de personnalisation garantissent que votre flight case est adapt\u00e9 pr\u00e9cis\u00e9ment \u00e0 vos sp\u00e9cifications. Am\u00e9liorez votre efficacit\u00e9 et votre professionnalisme avec un flight case qui non seulement prot\u00e8ge mais aussi repr\u00e9sente votre marque avec distinction.<\/p>\n<hr \/>\n<h4>Partenaire de SX pour une qualit\u00e9 et un service exceptionnels<\/h4>\n<p>Choisir le Flight Case SX 12u Rack, c'est investir dans la tranquillit\u00e9 d'esprit et la fiabilit\u00e9. Notre engagement en mati\u00e8re de vente directe et de solutions personnalisables vous assure de recevoir un produit qui d\u00e9passe vos attentes. Prot\u00e9gez votre \u00e9quipement de valeur en toute confiance, en sachant que les flight cases SX sont con\u00e7us pour r\u00e9sister aux d\u00e9fis d'une utilisation professionnelle. Faites confiance \u00e0 SX pour vous fournir la qualit\u00e9 et le service que vous m\u00e9ritez, vous permettant ainsi de vous concentrer sur ce qui compte le plus - votre succ\u00e8s commercial.<\/p>\n<p><strong>FAQ<\/strong><\/p>\n<p>Q : Quel est votre d\u00e9lai de livraison ?<\/p>\n<p>R : Le d\u00e9lai de livraison g\u00e9n\u00e9ral est de 25 \u00e0 30 jours apr\u00e8s r\u00e9ception de la confirmation de la commande. Par ailleurs, si nous avons les marchandises en stock, il ne faudra que 1 \u00e0 2 jours.<\/p>\n<p>Q : Pouvons-nous utiliser notre propre logo ?<\/p>\n<p>R : Oui, nous pouvons imprimer votre logo priv\u00e9 selon votre demande.<\/p>\n<p>Q : Combien d'emballages avez-vous ?<\/p>\n<p>R : Nous proposons actuellement trois types d'emballages : bo\u00eete en carton, sac \u00e0 bulles et papier kraft.<\/p>\n<p><strong>Contr\u00f4le de la qualit\u00e9<\/strong><\/p>\n<p>Une personne charg\u00e9e du contr\u00f4le qualit\u00e9 reste sur les lignes de production pour proc\u00e9der \u00e0 l'inspection. Tous les produits doivent avoir \u00e9t\u00e9 inspect\u00e9s avant d'\u00eatre livr\u00e9s. Nous effectuons des contr\u00f4les en ligne et des contr\u00f4les finaux.<\/p>\n<p>1. toutes les mati\u00e8res premi\u00e8res sont contr\u00f4l\u00e9es d\u00e8s leur arriv\u00e9e dans notre usine.<\/p>\n<p>2. toutes les pi\u00e8ces, le logo et tous les d\u00e9tails sont v\u00e9rifi\u00e9s pendant la production.<\/p>\n<p>3. tous les d\u00e9tails de l'emballage sont v\u00e9rifi\u00e9s pendant la production.<\/p>\n<p>4. la qualit\u00e9 de la production et de l'emballage est v\u00e9rifi\u00e9e lors de l'inspection finale.<\/p>\n<p>\u00c9tiquettes populaires: prix bas, en stock, \u00e9chantillon gratuit, c\u00e2ble d&#039;alimentation et de signal, fil \u00e0 4 conducteurs de calibre 16, \u00e9tui pour pied de microphone, armoire d&#039;affichage LED ext\u00e9rieure, montage en rack, mallettes de vol pour mixeur \u00e0 montage en rack 19 pouces, bo\u00eete de distribution \u00e9lectrique, Chine, fournisseurs, usine, personnalis\u00e9, vente en gros, <span style=\"color: #993366;\"><a style=\"color: #993366;\" href=\"https:\/\/sxflightcase.com\/fr\/product-category\/all-product\/power-distribution-boxes\/\">bo\u00eetes d&#039;alimentation<\/a>,\u00a0<a style=\"color: #993366;\" href=\"https:\/\/sxflightcase.com\/fr\/product-category\/all-product\/hoist-controllers\/\">c\u00e2bles d&#039;alimentation<\/a>,\u00a0<a style=\"color: #993366;\" href=\"https:\/\/sxflightcase.com\/fr\/product-category\/all-product\/hoist-controllers\/\">contr\u00f4leurs de levage<\/a>,\u00a0<a style=\"color: #993366;\" href=\"https:\/\/sxflightcase.com\/fr\/product-category\/all-product\/flight-case\/\">mallettes de vol.<\/a><\/span><\/p>","protected":false},"excerpt":{"rendered":"<h2 class=\"prodetails-name\">Flight Case 12u Rack<\/h2>\n<p>Fond\u00e9 en 2001, nous sommes sp\u00e9cialis\u00e9s dans la fabrication de toutes sortes de flight cases \u00e0 montage en rack, avec une surface d'atelier de plus de 20 000 m\u00e8tres carr\u00e9s. Normalement, nous fabriquons des flight cases 12u et 16u, mais nous pouvons \u00e9galement fabriquer des bo\u00eetiers de diff\u00e9rentes tailles en fonction de vos besoins.<\/p>\n<h2><strong>Pr\u00e9sentation de la production<\/strong><\/h2>\n<p>Coffret de transport pour rack 12u avec languette et rainure en aluminium \u00e0 verrouillage facile. Trou d'acc\u00e8s aux c\u00e2bles avec cache embl\u00e9matique amovible et loquets industriels encastr\u00e9s \u00e0 verrouillage par rotation - Pr\u00eat pour le cadenas.<\/p>","protected":false},"featured_media":1656,"comment_status":"open","ping_status":"closed","template":"","meta":[],"product_brand":[],"product_cat":[35],"product_tag":[50],"class_list":{"0":"post-1655","1":"product","2":"type-product","3":"status-publish","4":"has-post-thumbnail","6":"product_cat-standard-rack-cases","7":"product_tag-mp","9":"first","10":"instock","11":"shipping-taxable","12":"product-type-simple"},"yoast_head":"<!-- This site is optimized with the Yoast SEO Premium plugin v27.1 (Yoast SEO v27.2) - https:\/\/yoast.com\/product\/yoast-seo-premium-wordpress\/ -->\n<title>MP 12u Rack Flight Case - https:\/\/sxflightcase.com \ud83d\udc97<\/title>\n<meta name=\"description\" content=\"12u Rack Flight Case: Discover our factory-direct options, offering professional customization for efficient organization and storage of your equipment.\" \/>\n<meta name=\"robots\" content=\"index, follow, max-snippet:-1, max-image-preview:large, max-video-preview:-1\" \/>\n<link rel=\"canonical\" href=\"https:\/\/sxflightcase.com\/fr\/\u0645\u0646\u062a\u062c\/\u062d\u0642\u064a\u0628\u0629-\u0637\u064a\u0631\u0627\u0646-12-\u0648\u062d\u062f\u0629\/\" \/>\n<meta property=\"og:locale\" content=\"fr_FR\" \/>\n<meta property=\"og:type\" content=\"article\" \/>\n<meta property=\"og:title\" content=\"MP 12u Rack Flight Case\" \/>\n<meta property=\"og:description\" content=\"12u Rack Flight Case: Discover our factory-direct options, offering professional customization for efficient organization and storage of your equipment.\" \/>\n<meta property=\"og:url\" content=\"https:\/\/sxflightcase.com\/fr\/\u0645\u0646\u062a\u062c\/\u062d\u0642\u064a\u0628\u0629-\u0637\u064a\u0631\u0627\u0646-12-\u0648\u062d\u062f\u0629\/\" \/>\n<meta property=\"og:site_name\" content=\"https:\/\/sxflightcase.com\" \/>\n<meta property=\"article:publisher\" content=\"https:\/\/www.facebook.com\/profile.php?id=61560407257971\" \/>\n<meta property=\"article:modified_time\" content=\"2024-06-26T09:23:10+00:00\" \/>\n<meta property=\"og:image\" content=\"https:\/\/sxflightcase.com\/wp-content\/uploads\/2024\/05\/12u-rack-flight-case44398687814.webp\" \/>\n\t<meta property=\"og:image:width\" content=\"750\" \/>\n\t<meta property=\"og:image:height\" content=\"750\" \/>\n\t<meta property=\"og:image:type\" content=\"image\/webp\" \/>\n<meta name=\"twitter:card\" content=\"summary_large_image\" \/>\n<meta name=\"twitter:label1\" content=\"Dur\u00e9e de lecture estim\u00e9e\" \/>\n\t<meta name=\"twitter:data1\" content=\"4 minutes\" \/>\n<script type=\"application\/ld+json\" class=\"yoast-schema-graph\">{\"@context\":\"https:\/\/schema.org\",\"@graph\":[{\"@type\":\"WebPage\",\"@id\":\"https:\/\/sxflightcase.com\/ary\/\u0645\u0646\u062a\u062c\/\u062d\u0642\u064a\u0628\u0629-\u0637\u064a\u0631\u0627\u0646-12-\u0648\u062d\u062f\u0629\/\",\"url\":\"https:\/\/sxflightcase.com\/ary\/\u0645\u0646\u062a\u062c\/\u062d\u0642\u064a\u0628\u0629-\u0637\u064a\u0631\u0627\u0646-12-\u0648\u062d\u062f\u0629\/\",\"name\":\"MP 12u Rack Flight Case - https:\/\/sxflightcase.com \ud83d\udc97\",\"isPartOf\":{\"@id\":\"https:\/\/sxflightcase.com\/th\/#website\"},\"primaryImageOfPage\":{\"@id\":\"https:\/\/sxflightcase.com\/ary\/\u0645\u0646\u062a\u062c\/\u062d\u0642\u064a\u0628\u0629-\u0637\u064a\u0631\u0627\u0646-12-\u0648\u062d\u062f\u0629\/#primaryimage\"},\"image\":{\"@id\":\"https:\/\/sxflightcase.com\/ary\/\u0645\u0646\u062a\u062c\/\u062d\u0642\u064a\u0628\u0629-\u0637\u064a\u0631\u0627\u0646-12-\u0648\u062d\u062f\u0629\/#primaryimage\"},\"thumbnailUrl\":\"https:\/\/sxflightcase.com\/wp-content\/uploads\/2024\/05\/12u-rack-flight-case44398687814.webp\",\"datePublished\":\"2024-05-10T02:33:38+00:00\",\"dateModified\":\"2024-06-26T09:23:10+00:00\",\"description\":\"12u Rack Flight Case: Discover our factory-direct options, offering professional customization for efficient organization and storage of your equipment.\",\"breadcrumb\":{\"@id\":\"https:\/\/sxflightcase.com\/ary\/\u0645\u0646\u062a\u062c\/\u062d\u0642\u064a\u0628\u0629-\u0637\u064a\u0631\u0627\u0646-12-\u0648\u062d\u062f\u0629\/#breadcrumb\"},\"inLanguage\":\"fr-FR\",\"potentialAction\":[{\"@type\":\"ReadAction\",\"target\":[\"https:\/\/sxflightcase.com\/ary\/\u0645\u0646\u062a\u062c\/\u062d\u0642\u064a\u0628\u0629-\u0637\u064a\u0631\u0627\u0646-12-\u0648\u062d\u062f\u0629\/\"]}]},{\"@type\":\"ImageObject\",\"inLanguage\":\"fr-FR\",\"@id\":\"https:\/\/sxflightcase.com\/ary\/\u0645\u0646\u062a\u062c\/\u062d\u0642\u064a\u0628\u0629-\u0637\u064a\u0631\u0627\u0646-12-\u0648\u062d\u062f\u0629\/#primaryimage\",\"url\":\"https:\/\/sxflightcase.com\/wp-content\/uploads\/2024\/05\/12u-rack-flight-case44398687814.webp\",\"contentUrl\":\"https:\/\/sxflightcase.com\/wp-content\/uploads\/2024\/05\/12u-rack-flight-case44398687814.webp\",\"width\":750,\"height\":750,\"caption\":\"12u Rack Flight Case\"},{\"@type\":\"BreadcrumbList\",\"@id\":\"https:\/\/sxflightcase.com\/ary\/\u0645\u0646\u062a\u062c\/\u062d\u0642\u064a\u0628\u0629-\u0637\u064a\u0631\u0627\u0646-12-\u0648\u062d\u062f\u0629\/#breadcrumb\",\"itemListElement\":[{\"@type\":\"ListItem\",\"position\":1,\"name\":\"Home\",\"item\":\"https:\/\/sxflightcase.com\/\"},{\"@type\":\"ListItem\",\"position\":2,\"name\":\"\u0e2a\u0e34\u0e19\u0e04\u0e49\u0e32\",\"item\":\"https:\/\/sxflightcase.com\/th\/shop\/\"},{\"@type\":\"ListItem\",\"position\":3,\"name\":\"MP 12u Rack Flight Case\"}]},{\"@type\":\"WebSite\",\"@id\":\"https:\/\/sxflightcase.com\/th\/#website\",\"url\":\"https:\/\/sxflightcase.com\/th\/\",\"name\":\"sxpowercase.com\",\"description\":\"Flight Case Factory\",\"publisher\":{\"@id\":\"https:\/\/sxflightcase.com\/th\/#organization\"},\"potentialAction\":[{\"@type\":\"SearchAction\",\"target\":{\"@type\":\"EntryPoint\",\"urlTemplate\":\"https:\/\/sxflightcase.com\/th\/?s={search_term_string}\"},\"query-input\":{\"@type\":\"PropertyValueSpecification\",\"valueRequired\":true,\"valueName\":\"search_term_string\"}}],\"inLanguage\":\"fr-FR\"},{\"@type\":\"Organization\",\"@id\":\"https:\/\/sxflightcase.com\/th\/#organization\",\"name\":\"sxpowercase.com\",\"url\":\"https:\/\/sxflightcase.com\/th\/\",\"logo\":{\"@type\":\"ImageObject\",\"inLanguage\":\"fr-FR\",\"@id\":\"https:\/\/sxflightcase.com\/th\/#\/schema\/logo\/image\/\",\"url\":\"https:\/\/sxflightcase.com\/wp-content\/uploads\/2024\/04\/1713919036007.jpg\",\"contentUrl\":\"https:\/\/sxflightcase.com\/wp-content\/uploads\/2024\/04\/1713919036007.jpg\",\"width\":382,\"height\":388,\"caption\":\"sxpowercase.com\"},\"image\":{\"@id\":\"https:\/\/sxflightcase.com\/th\/#\/schema\/logo\/image\/\"},\"sameAs\":[\"https:\/\/www.facebook.com\/profile.php?id=61560407257971\"],\"numberOfEmployees\":{\"@type\":\"QuantitativeValue\",\"minValue\":\"11\",\"maxValue\":\"50\"}}]}<\/script>\n<!-- \/ Yoast SEO Premium plugin. -->","yoast_head_json":{"title":"MP 12u Rack Flight Case - https:\/\/sxflightcase.com \ud83d\udc97","description":"Flight Case 12u Rack : D\u00e9couvrez nos options d'usine, offrant une personnalisation professionnelle pour une organisation et un stockage efficaces de votre \u00e9quipement.","robots":{"index":"index","follow":"follow","max-snippet":"max-snippet:-1","max-image-preview":"max-image-preview:large","max-video-preview":"max-video-preview:-1"},"canonical":"https:\/\/sxflightcase.com\/fr\/\u0645\u0646\u062a\u062c\/\u062d\u0642\u064a\u0628\u0629-\u0637\u064a\u0631\u0627\u0646-12-\u0648\u062d\u062f\u0629\/","og_locale":"fr_FR","og_type":"article","og_title":"MP 12u Rack Flight Case","og_description":"12u Rack Flight Case: Discover our factory-direct options, offering professional customization for efficient organization and storage of your equipment.","og_url":"https:\/\/sxflightcase.com\/fr\/\u0645\u0646\u062a\u062c\/\u062d\u0642\u064a\u0628\u0629-\u0637\u064a\u0631\u0627\u0646-12-\u0648\u062d\u062f\u0629\/","og_site_name":"https:\/\/sxflightcase.com","article_publisher":"https:\/\/www.facebook.com\/profile.php?id=61560407257971","article_modified_time":"2024-06-26T09:23:10+00:00","og_image":[{"width":750,"height":750,"url":"https:\/\/sxflightcase.com\/wp-content\/uploads\/2024\/05\/12u-rack-flight-case44398687814.webp","type":"image\/webp"}],"twitter_card":"summary_large_image","twitter_misc":{"Dur\u00e9e de lecture estim\u00e9e":"4 minutes"},"schema":{"@context":"https:\/\/schema.org","@graph":[{"@type":"WebPage","@id":"https:\/\/sxflightcase.com\/ary\/\u0645\u0646\u062a\u062c\/\u062d\u0642\u064a\u0628\u0629-\u0637\u064a\u0631\u0627\u0646-12-\u0648\u062d\u062f\u0629\/","url":"https:\/\/sxflightcase.com\/ary\/\u0645\u0646\u062a\u062c\/\u062d\u0642\u064a\u0628\u0629-\u0637\u064a\u0631\u0627\u0646-12-\u0648\u062d\u062f\u0629\/","name":"MP 12u Rack Flight Case - https:\/\/sxflightcase.com \ud83d\udc97","isPartOf":{"@id":"https:\/\/sxflightcase.com\/th\/#website"},"primaryImageOfPage":{"@id":"https:\/\/sxflightcase.com\/ary\/\u0645\u0646\u062a\u062c\/\u062d\u0642\u064a\u0628\u0629-\u0637\u064a\u0631\u0627\u0646-12-\u0648\u062d\u062f\u0629\/#primaryimage"},"image":{"@id":"https:\/\/sxflightcase.com\/ary\/\u0645\u0646\u062a\u062c\/\u062d\u0642\u064a\u0628\u0629-\u0637\u064a\u0631\u0627\u0646-12-\u0648\u062d\u062f\u0629\/#primaryimage"},"thumbnailUrl":"https:\/\/sxflightcase.com\/wp-content\/uploads\/2024\/05\/12u-rack-flight-case44398687814.webp","datePublished":"2024-05-10T02:33:38+00:00","dateModified":"2024-06-26T09:23:10+00:00","description":"Flight Case 12u Rack : D\u00e9couvrez nos options d'usine, offrant une personnalisation professionnelle pour une organisation et un stockage efficaces de votre \u00e9quipement.","breadcrumb":{"@id":"https:\/\/sxflightcase.com\/ary\/\u0645\u0646\u062a\u062c\/\u062d\u0642\u064a\u0628\u0629-\u0637\u064a\u0631\u0627\u0646-12-\u0648\u062d\u062f\u0629\/#breadcrumb"},"inLanguage":"fr-FR","potentialAction":[{"@type":"ReadAction","target":["https:\/\/sxflightcase.com\/ary\/\u0645\u0646\u062a\u062c\/\u062d\u0642\u064a\u0628\u0629-\u0637\u064a\u0631\u0627\u0646-12-\u0648\u062d\u062f\u0629\/"]}]},{"@type":"ImageObject","inLanguage":"fr-FR","@id":"https:\/\/sxflightcase.com\/ary\/\u0645\u0646\u062a\u062c\/\u062d\u0642\u064a\u0628\u0629-\u0637\u064a\u0631\u0627\u0646-12-\u0648\u062d\u062f\u0629\/#primaryimage","url":"https:\/\/sxflightcase.com\/wp-content\/uploads\/2024\/05\/12u-rack-flight-case44398687814.webp","contentUrl":"https:\/\/sxflightcase.com\/wp-content\/uploads\/2024\/05\/12u-rack-flight-case44398687814.webp","width":750,"height":750,"caption":"12u Rack Flight Case"},{"@type":"BreadcrumbList","@id":"https:\/\/sxflightcase.com\/ary\/\u0645\u0646\u062a\u062c\/\u062d\u0642\u064a\u0628\u0629-\u0637\u064a\u0631\u0627\u0646-12-\u0648\u062d\u062f\u0629\/#breadcrumb","itemListElement":[{"@type":"ListItem","position":1,"name":"Home","item":"https:\/\/sxflightcase.com\/"},{"@type":"ListItem","position":2,"name":"\u0e2a\u0e34\u0e19\u0e04\u0e49\u0e32","item":"https:\/\/sxflightcase.com\/th\/shop\/"},{"@type":"ListItem","position":3,"name":"MP 12u Rack Flight Case"}]},{"@type":"WebSite","@id":"https:\/\/sxflightcase.com\/th\/#website","url":"https:\/\/sxflightcase.com\/th\/","name":"sxpowercase.com","description":"Flight Case Factory","publisher":{"@id":"https:\/\/sxflightcase.com\/th\/#organization"},"potentialAction":[{"@type":"SearchAction","target":{"@type":"EntryPoint","urlTemplate":"https:\/\/sxflightcase.com\/th\/?s={search_term_string}"},"query-input":{"@type":"PropertyValueSpecification","valueRequired":true,"valueName":"search_term_string"}}],"inLanguage":"fr-FR"},{"@type":"Organization","@id":"https:\/\/sxflightcase.com\/th\/#organization","name":"sxpowercase.com","url":"https:\/\/sxflightcase.com\/th\/","logo":{"@type":"ImageObject","inLanguage":"fr-FR","@id":"https:\/\/sxflightcase.com\/th\/#\/schema\/logo\/image\/","url":"https:\/\/sxflightcase.com\/wp-content\/uploads\/2024\/04\/1713919036007.jpg","contentUrl":"https:\/\/sxflightcase.com\/wp-content\/uploads\/2024\/04\/1713919036007.jpg","width":382,"height":388,"caption":"sxpowercase.com"},"image":{"@id":"https:\/\/sxflightcase.com\/th\/#\/schema\/logo\/image\/"},"sameAs":["https:\/\/www.facebook.com\/profile.php?id=61560407257971"],"numberOfEmployees":{"@type":"QuantitativeValue","minValue":"11","maxValue":"50"}}]}},"_links":{"self":[{"href":"https:\/\/sxflightcase.com\/fr\/wp-json\/wp\/v2\/product\/1655","targetHints":{"allow":["GET"]}}],"collection":[{"href":"https:\/\/sxflightcase.com\/fr\/wp-json\/wp\/v2\/product"}],"about":[{"href":"https:\/\/sxflightcase.com\/fr\/wp-json\/wp\/v2\/types\/product"}],"replies":[{"embeddable":true,"href":"https:\/\/sxflightcase.com\/fr\/wp-json\/wp\/v2\/comments?post=1655"}],"version-history":[{"count":0,"href":"https:\/\/sxflightcase.com\/fr\/wp-json\/wp\/v2\/product\/1655\/revisions"}],"wp:featuredmedia":[{"embeddable":true,"href":"https:\/\/sxflightcase.com\/fr\/wp-json\/wp\/v2\/media\/1656"}],"wp:attachment":[{"href":"https:\/\/sxflightcase.com\/fr\/wp-json\/wp\/v2\/media?parent=1655"}],"wp:term":[{"taxonomy":"product_brand","embeddable":true,"href":"https:\/\/sxflightcase.com\/fr\/wp-json\/wp\/v2\/product_brand?post=1655"},{"taxonomy":"product_cat","embeddable":true,"href":"https:\/\/sxflightcase.com\/fr\/wp-json\/wp\/v2\/product_cat?post=1655"},{"taxonomy":"product_tag","embeddable":true,"href":"https:\/\/sxflightcase.com\/fr\/wp-json\/wp\/v2\/product_tag?post=1655"}],"curies":[{"name":"wp","href":"https:\/\/api.w.org\/{rel}","templated":true}]}}