{"id":1660,"date":"2024-05-10T03:38:48","date_gmt":"2024-05-10T02:38:48","guid":{"rendered":"https:\/\/sxpowercase.com\/?post_type=product&#038;p=1660"},"modified":"2024-06-26T10:23:57","modified_gmt":"2024-06-26T09:23:57","slug":"rack-case-12u-flight-cases","status":"publish","type":"product","link":"https:\/\/sxflightcase.com\/fr\/produit\/coffret-rack-12u-flight-cases\/","title":{"rendered":"Valises de vol MC Rack Case 12U"},"content":{"rendered":"<p><strong>Product parameter(specification)<\/strong><\/p>\n<section class=\"table-wrap\">\n<table class=\"table\" width=\"100%\" cellspacing=\"0\" cellpadding=\"0\">\n<tbody>\n<tr class=\"firstRow\">\n<td width=\"148\">Product name:<\/td>\n<td width=\"569\">Rack case 12u flight cases<\/td>\n<\/tr>\n<tr>\n<td width=\"148\">Dimension:<\/td>\n<td width=\"569\">custom<\/td>\n<\/tr>\n<tr>\n<td width=\"148\">Color:<\/td>\n<td width=\"569\">black \/red \/blue etc<\/td>\n<\/tr>\n<tr>\n<td width=\"148\">Materials :<\/td>\n<td width=\"569\">Aluminum + Plywood + ABS panel+Hardware+Foam<\/td>\n<\/tr>\n<tr>\n<td width=\"148\">Logo :<\/td>\n<td width=\"569\">Available for silk-screen logo \/ emboss logo \/ laser logo<\/td>\n<\/tr>\n<tr>\n<td width=\"148\">MOQ:<\/td>\n<td width=\"569\">10pcs<\/td>\n<\/tr>\n<tr>\n<td width=\"148\">Sample time :<\/td>\n<td width=\"569\">5-7 days<\/td>\n<\/tr>\n<tr>\n<td width=\"148\">Production time :<\/td>\n<td width=\"569\">4 weeks after confirmed the order<\/td>\n<\/tr>\n<tr>\n<td width=\"148\">Port of shipment:<\/td>\n<td width=\"569\">Shenzhen, Guangzhou, Hongkong<\/td>\n<\/tr>\n<tr>\n<td width=\"148\">Trade terms:<\/td>\n<td width=\"569\">Ex-work \/ FOB \/ CIF \/ DDU<\/td>\n<\/tr>\n<tr>\n<td width=\"148\">Payment Term:<\/td>\n<td width=\"569\">T\/T 30% deposit and 70% before shipment, L\/C at sight, Western Union etc.<\/td>\n<\/tr>\n<tr>\n<td width=\"148\">Feature:<\/td>\n<td width=\"569\">1) Design stylish, durable and economic<br \/>\n2) Fine craftsmanship and special design<br \/>\n3) Any designs, logos can be printed or embroidery<br \/>\n4) Customized sizes, logos and designs are accepted<\/td>\n<\/tr>\n<\/tbody>\n<\/table>\n<\/section>\n<div class=\"flex-shrink-0 flex flex-col relative items-end\">\n<div>\n<div class=\"pt-0.5 juice:pt-0\">\n<div class=\"gizmo-bot-avatar flex h-6 w-6 items-center justify-center overflow-hidden rounded-full juice:h-8 juice:w-8\">\n<div class=\"relative p-1 rounded-sm flex items-center justify-center bg-token-main-surface-primary text-token-text-primary h-8 w-8\"><\/div>\n<\/div>\n<\/div>\n<\/div>\n<\/div>\n<div class=\"group\/conversation-turn relative flex w-full min-w-0 flex-col agent-turn\">\n<div class=\"flex-col gap-1 md:gap-3\">\n<div class=\"flex flex-grow flex-col max-w-full AIPRM__conversation__response\">\n<div class=\"min-h-[20px] text-message flex flex-col items-start whitespace-pre-wrap break-words [.text-message+&amp;]:mt-5 juice:w-full juice:items-end overflow-x-auto gap-2\" dir=\"auto\" data-message-author-role=\"assistant\" data-message-id=\"bede899a-7798-4ac9-982d-54df6e9dc77a\">\n<div class=\"flex w-full flex-col gap-1 juice:empty:hidden juice:first:pt-[3px]\">\n<div class=\"markdown prose w-full break-words dark:prose-invert light\">\n<h3>SX Rack Case 12U Flight Cases: Reliable Protection for Your Equipment<\/h3>\n<h4>Secure Your Equipment with SX Rack Case 12U Flight Cases<\/h4>\n<p>When it comes to transporting and protecting sensitive equipment, reliability is paramount. <a href=\"https:\/\/sxpowercase.com\/\" target=\"_blank\"  rel=\"noopener\" title=\"SX\"  data-wpil-monitor-id=\"491\">SX<\/a> offers top-notch Rack Case 12U Flight Cases designed to safeguard your gear from the rigors of travel and on-site use. Built with durable materials and engineered for strength, our flight cases ensure that your equipment remains secure and intact wherever you go. Whether you&#8217;re a touring musician, AV professional, or industrial technician, trust SX to provide the ultimate protection for your valuable gear.<\/p>\n<h4>Factory Direct Sales: Quality and Value Combined<\/h4>\n<p>At SX, we prioritize delivering exceptional value directly from our factory to you. By cutting out middlemen, we offer Rack Case 12U Flight Cases at competitive prices without compromising on quality. Our direct sales model not only saves you money but also ensures that you receive a product crafted with the highest standards of durability and reliability. Elevate your operations with SX&#8217;s factory direct flight cases tailored to meet your specific needs.<\/p>\n<h4>Customization Options Available<\/h4>\n<p>We understand that every customer has unique requirements. That&#8217;s why SX provides extensive customization options for our Rack Case 12U Flight Cases. Whether you need specific dimensions, additional features such as foam padding or cable management, or branding that reflects your identity, our customization services guarantee a flight case that meets your exact specifications. Enhance efficiency and professionalism with a customized solution from SX, designed to protect and showcase your equipment with style.<\/p>\n<hr \/>\n<h4>Partner with SX for Superior Quality and Service<\/h4>\n<p>Choosing SX Rack Case 12U Flight Case means investing in quality, reliability, and peace of mind. Our commitment to factory direct sales and customizable solutions ensures that you receive a product that exceeds expectations. Protect your valuable equipment confidently, knowing that SX flight cases are built to endure the demands of professional use. Partner with SX today and experience the difference in quality and service that sets us apart in the industry.<\/p>\n<\/div>\n<\/div>\n<\/div>\n<\/div>\n<\/div>\n<\/div>\n<p><strong>FAQ<\/strong><\/p>\n<p>1.Q. Can we print our own logo?<\/p>\n<p>A. Yes, we offer OEM service.<\/p>\n<p>2.Q. Do you provide sample?<\/p>\n<p>A. Yes, we provide sample and the sample cost will be re back to you when confirm big order<\/p>\n<p>3.Q. What&#8217;s your products?<\/p>\n<p>A. <a class=\"wpil_keyword_link\" title=\"Flight case\" href=\"https:\/\/sxpowercase.com\/product-category\/all-product\/flight-case\/\" target=\"_blank\" rel=\"noopener\" data-wpil-keyword-link=\"linked\" data-wpil-monitor-id=\"399\">Flight case<\/a> like rack case, trunk case, mixer case, TV case, etc&#8230;<\/p>\n<p>Hot Tags: Low price, in stock, free sample, Power And Signal Cable, 16 Gauge 4 Conductor Wire, Microphone Stand Case, Outdoor Led Display Cabinet, Rack Mount, 19&#8221; Rackmount Mixer Flight Cases\uff0celectrical distro box, China, suppliers, factory, customized, wholesale, <span style=\"color: #993366;\"><a style=\"color: #993366;\" href=\"https:\/\/sxflightcase.com\/product-category\/all-product\/power-distribution-boxes\/\">power boxes<\/a>,\u00a0<a style=\"color: #993366;\" href=\"https:\/\/sxflightcase.com\/product-category\/all-product\/hoist-controllers\/\">power cables<\/a>,\u00a0<a style=\"color: #993366;\" href=\"https:\/\/sxflightcase.com\/product-category\/all-product\/hoist-controllers\/\">hoist controllers<\/a>,\u00a0<a style=\"color: #993366;\" href=\"https:\/\/sxflightcase.com\/product-category\/all-product\/flight-case\/\">flight cases.<\/a><\/span><\/p>\n","protected":false},"excerpt":{"rendered":"<h2 class=\"prodetails-name\">Rack Case 12U Flight Cases<\/h2>\n<p>Nous fournissons des coffrets rack 12u flight case pour offrir une protection fiable aux appareils et \u00e9quipements co\u00fbteux pendant l'utilisation, l'emballage, le stockage et le transport. Nous avons con\u00e7u ce coffret pour qu'il soit le meilleur du march\u00e9, avec des loquets robustes pour une dur\u00e9e de vie plus longue et un maintien plus solide, des bords en aluminium de 30 mm pour une construction ultra r\u00e9sistante, une fabrication britannique avec une capacit\u00e9 de charge \u00e9lev\u00e9e.<\/p>\n<h2><strong>Pr\u00e9sentation de la production<\/strong><\/h2>\n<p>Cette valise rack 12U est \u00e9quip\u00e9e de verrous cadenassables pour une plus grande tranquillit\u00e9 d'esprit. Les coins empilables vous permettent de placer plusieurs valises les unes sur les autres avec une grande stabilit\u00e9, et les poign\u00e9es encastr\u00e9es sont agr\u00e9ables \u00e0 transporter. Fabriqu\u00e9 en plastique ABS\/contreplaqu\u00e9 stratifi\u00e9, rev\u00eatement en mousse, extrusions d'aluminium et quincaillerie de qualit\u00e9.<\/p>","protected":false},"featured_media":1661,"comment_status":"open","ping_status":"closed","template":"","meta":[],"product_brand":[],"product_cat":[35],"product_tag":[49],"class_list":{"0":"post-1660","1":"product","2":"type-product","3":"status-publish","4":"has-post-thumbnail","6":"product_cat-standard-rack-cases","7":"product_tag-mc","9":"first","10":"instock","11":"shipping-taxable","12":"product-type-simple"},"yoast_head":"<!-- This site is optimized with the Yoast SEO Premium plugin v27.1 (Yoast SEO v27.2) - https:\/\/yoast.com\/product\/yoast-seo-premium-wordpress\/ -->\n<title>MC Rack Case 12U Flight Cases - https:\/\/sxflightcase.com \ud83d\udc97<\/title>\n<meta name=\"description\" content=\"Rack Case 12U Flight Cases: Discover our factory-direct options, offering professional customization for efficient organization and storage of your equipment.\" \/>\n<meta name=\"robots\" content=\"index, follow, max-snippet:-1, max-image-preview:large, max-video-preview:-1\" \/>\n<link rel=\"canonical\" href=\"https:\/\/sxflightcase.com\/fr\/product\/rackcase-12u-flightcases-2\/\" \/>\n<meta property=\"og:locale\" content=\"fr_FR\" \/>\n<meta property=\"og:type\" content=\"article\" \/>\n<meta property=\"og:title\" content=\"MC Rack Case 12U Flight Cases\" \/>\n<meta property=\"og:description\" content=\"Rack Case 12U Flight Cases: Discover our factory-direct options, offering professional customization for efficient organization and storage of your equipment.\" \/>\n<meta property=\"og:url\" content=\"https:\/\/sxflightcase.com\/fr\/product\/rackcase-12u-flightcases-2\/\" \/>\n<meta property=\"og:site_name\" content=\"https:\/\/sxflightcase.com\" \/>\n<meta property=\"article:publisher\" content=\"https:\/\/www.facebook.com\/profile.php?id=61560407257971\" \/>\n<meta property=\"article:modified_time\" content=\"2024-06-26T09:23:57+00:00\" \/>\n<meta property=\"og:image\" content=\"https:\/\/sxflightcase.com\/wp-content\/uploads\/2024\/05\/rack-case-12u-flight-cases53383742599.webp\" \/>\n\t<meta property=\"og:image:width\" content=\"750\" \/>\n\t<meta property=\"og:image:height\" content=\"750\" \/>\n\t<meta property=\"og:image:type\" content=\"image\/webp\" \/>\n<meta name=\"twitter:card\" content=\"summary_large_image\" \/>\n<meta name=\"twitter:label1\" content=\"Dur\u00e9e de lecture estim\u00e9e\" \/>\n\t<meta name=\"twitter:data1\" content=\"4 minutes\" \/>\n<script type=\"application\/ld+json\" class=\"yoast-schema-graph\">{\"@context\":\"https:\/\/schema.org\",\"@graph\":[{\"@type\":\"WebPage\",\"@id\":\"https:\/\/sxflightcase.com\/nl\/product\/rackcase-12u-flightcases-2\/\",\"url\":\"https:\/\/sxflightcase.com\/nl\/product\/rackcase-12u-flightcases-2\/\",\"name\":\"MC Rack Case 12U Flight Cases - https:\/\/sxflightcase.com \ud83d\udc97\",\"isPartOf\":{\"@id\":\"https:\/\/sxflightcase.com\/th\/#website\"},\"primaryImageOfPage\":{\"@id\":\"https:\/\/sxflightcase.com\/nl\/product\/rackcase-12u-flightcases-2\/#primaryimage\"},\"image\":{\"@id\":\"https:\/\/sxflightcase.com\/nl\/product\/rackcase-12u-flightcases-2\/#primaryimage\"},\"thumbnailUrl\":\"https:\/\/sxflightcase.com\/wp-content\/uploads\/2024\/05\/rack-case-12u-flight-cases53383742599.webp\",\"datePublished\":\"2024-05-10T02:38:48+00:00\",\"dateModified\":\"2024-06-26T09:23:57+00:00\",\"description\":\"Rack Case 12U Flight Cases: Discover our factory-direct options, offering professional customization for efficient organization and storage of your equipment.\",\"breadcrumb\":{\"@id\":\"https:\/\/sxflightcase.com\/nl\/product\/rackcase-12u-flightcases-2\/#breadcrumb\"},\"inLanguage\":\"fr-FR\",\"potentialAction\":[{\"@type\":\"ReadAction\",\"target\":[\"https:\/\/sxflightcase.com\/nl\/product\/rackcase-12u-flightcases-2\/\"]}]},{\"@type\":\"ImageObject\",\"inLanguage\":\"fr-FR\",\"@id\":\"https:\/\/sxflightcase.com\/nl\/product\/rackcase-12u-flightcases-2\/#primaryimage\",\"url\":\"https:\/\/sxflightcase.com\/wp-content\/uploads\/2024\/05\/rack-case-12u-flight-cases53383742599.webp\",\"contentUrl\":\"https:\/\/sxflightcase.com\/wp-content\/uploads\/2024\/05\/rack-case-12u-flight-cases53383742599.webp\",\"width\":750,\"height\":750,\"caption\":\"Rack Case 12U Flight Cases\"},{\"@type\":\"BreadcrumbList\",\"@id\":\"https:\/\/sxflightcase.com\/nl\/product\/rackcase-12u-flightcases-2\/#breadcrumb\",\"itemListElement\":[{\"@type\":\"ListItem\",\"position\":1,\"name\":\"Home\",\"item\":\"https:\/\/sxflightcase.com\/\"},{\"@type\":\"ListItem\",\"position\":2,\"name\":\"\u0e2a\u0e34\u0e19\u0e04\u0e49\u0e32\",\"item\":\"https:\/\/sxflightcase.com\/th\/shop\/\"},{\"@type\":\"ListItem\",\"position\":3,\"name\":\"MC Rack Case 12U Flight Cases\"}]},{\"@type\":\"WebSite\",\"@id\":\"https:\/\/sxflightcase.com\/th\/#website\",\"url\":\"https:\/\/sxflightcase.com\/th\/\",\"name\":\"sxpowercase.com\",\"description\":\"Flight Case Factory\",\"publisher\":{\"@id\":\"https:\/\/sxflightcase.com\/th\/#organization\"},\"potentialAction\":[{\"@type\":\"SearchAction\",\"target\":{\"@type\":\"EntryPoint\",\"urlTemplate\":\"https:\/\/sxflightcase.com\/th\/?s={search_term_string}\"},\"query-input\":{\"@type\":\"PropertyValueSpecification\",\"valueRequired\":true,\"valueName\":\"search_term_string\"}}],\"inLanguage\":\"fr-FR\"},{\"@type\":\"Organization\",\"@id\":\"https:\/\/sxflightcase.com\/th\/#organization\",\"name\":\"sxpowercase.com\",\"url\":\"https:\/\/sxflightcase.com\/th\/\",\"logo\":{\"@type\":\"ImageObject\",\"inLanguage\":\"fr-FR\",\"@id\":\"https:\/\/sxflightcase.com\/th\/#\/schema\/logo\/image\/\",\"url\":\"https:\/\/sxflightcase.com\/wp-content\/uploads\/2024\/04\/1713919036007.jpg\",\"contentUrl\":\"https:\/\/sxflightcase.com\/wp-content\/uploads\/2024\/04\/1713919036007.jpg\",\"width\":382,\"height\":388,\"caption\":\"sxpowercase.com\"},\"image\":{\"@id\":\"https:\/\/sxflightcase.com\/th\/#\/schema\/logo\/image\/\"},\"sameAs\":[\"https:\/\/www.facebook.com\/profile.php?id=61560407257971\"],\"numberOfEmployees\":{\"@type\":\"QuantitativeValue\",\"minValue\":\"11\",\"maxValue\":\"50\"}}]}<\/script>\n<!-- \/ Yoast SEO Premium plugin. -->","yoast_head_json":{"title":"MC Rack Case 12U Flight Cases - https:\/\/sxflightcase.com \ud83d\udc97","description":"Rack Case 12U Flight Cases : D\u00e9couvrez nos options d'usine, offrant une personnalisation professionnelle pour une organisation et un stockage efficaces de votre \u00e9quipement.","robots":{"index":"index","follow":"follow","max-snippet":"max-snippet:-1","max-image-preview":"max-image-preview:large","max-video-preview":"max-video-preview:-1"},"canonical":"https:\/\/sxflightcase.com\/fr\/product\/rackcase-12u-flightcases-2\/","og_locale":"fr_FR","og_type":"article","og_title":"MC Rack Case 12U Flight Cases","og_description":"Rack Case 12U Flight Cases: Discover our factory-direct options, offering professional customization for efficient organization and storage of your equipment.","og_url":"https:\/\/sxflightcase.com\/fr\/product\/rackcase-12u-flightcases-2\/","og_site_name":"https:\/\/sxflightcase.com","article_publisher":"https:\/\/www.facebook.com\/profile.php?id=61560407257971","article_modified_time":"2024-06-26T09:23:57+00:00","og_image":[{"width":750,"height":750,"url":"https:\/\/sxflightcase.com\/wp-content\/uploads\/2024\/05\/rack-case-12u-flight-cases53383742599.webp","type":"image\/webp"}],"twitter_card":"summary_large_image","twitter_misc":{"Dur\u00e9e de lecture estim\u00e9e":"4 minutes"},"schema":{"@context":"https:\/\/schema.org","@graph":[{"@type":"WebPage","@id":"https:\/\/sxflightcase.com\/nl\/product\/rackcase-12u-flightcases-2\/","url":"https:\/\/sxflightcase.com\/nl\/product\/rackcase-12u-flightcases-2\/","name":"MC Rack Case 12U Flight Cases - https:\/\/sxflightcase.com \ud83d\udc97","isPartOf":{"@id":"https:\/\/sxflightcase.com\/th\/#website"},"primaryImageOfPage":{"@id":"https:\/\/sxflightcase.com\/nl\/product\/rackcase-12u-flightcases-2\/#primaryimage"},"image":{"@id":"https:\/\/sxflightcase.com\/nl\/product\/rackcase-12u-flightcases-2\/#primaryimage"},"thumbnailUrl":"https:\/\/sxflightcase.com\/wp-content\/uploads\/2024\/05\/rack-case-12u-flight-cases53383742599.webp","datePublished":"2024-05-10T02:38:48+00:00","dateModified":"2024-06-26T09:23:57+00:00","description":"Rack Case 12U Flight Cases : D\u00e9couvrez nos options d'usine, offrant une personnalisation professionnelle pour une organisation et un stockage efficaces de votre \u00e9quipement.","breadcrumb":{"@id":"https:\/\/sxflightcase.com\/nl\/product\/rackcase-12u-flightcases-2\/#breadcrumb"},"inLanguage":"fr-FR","potentialAction":[{"@type":"ReadAction","target":["https:\/\/sxflightcase.com\/nl\/product\/rackcase-12u-flightcases-2\/"]}]},{"@type":"ImageObject","inLanguage":"fr-FR","@id":"https:\/\/sxflightcase.com\/nl\/product\/rackcase-12u-flightcases-2\/#primaryimage","url":"https:\/\/sxflightcase.com\/wp-content\/uploads\/2024\/05\/rack-case-12u-flight-cases53383742599.webp","contentUrl":"https:\/\/sxflightcase.com\/wp-content\/uploads\/2024\/05\/rack-case-12u-flight-cases53383742599.webp","width":750,"height":750,"caption":"Rack Case 12U Flight Cases"},{"@type":"BreadcrumbList","@id":"https:\/\/sxflightcase.com\/nl\/product\/rackcase-12u-flightcases-2\/#breadcrumb","itemListElement":[{"@type":"ListItem","position":1,"name":"Home","item":"https:\/\/sxflightcase.com\/"},{"@type":"ListItem","position":2,"name":"\u0e2a\u0e34\u0e19\u0e04\u0e49\u0e32","item":"https:\/\/sxflightcase.com\/th\/shop\/"},{"@type":"ListItem","position":3,"name":"MC Rack Case 12U Flight Cases"}]},{"@type":"WebSite","@id":"https:\/\/sxflightcase.com\/th\/#website","url":"https:\/\/sxflightcase.com\/th\/","name":"sxpowercase.com","description":"Flight Case Factory","publisher":{"@id":"https:\/\/sxflightcase.com\/th\/#organization"},"potentialAction":[{"@type":"SearchAction","target":{"@type":"EntryPoint","urlTemplate":"https:\/\/sxflightcase.com\/th\/?s={search_term_string}"},"query-input":{"@type":"PropertyValueSpecification","valueRequired":true,"valueName":"search_term_string"}}],"inLanguage":"fr-FR"},{"@type":"Organization","@id":"https:\/\/sxflightcase.com\/th\/#organization","name":"sxpowercase.com","url":"https:\/\/sxflightcase.com\/th\/","logo":{"@type":"ImageObject","inLanguage":"fr-FR","@id":"https:\/\/sxflightcase.com\/th\/#\/schema\/logo\/image\/","url":"https:\/\/sxflightcase.com\/wp-content\/uploads\/2024\/04\/1713919036007.jpg","contentUrl":"https:\/\/sxflightcase.com\/wp-content\/uploads\/2024\/04\/1713919036007.jpg","width":382,"height":388,"caption":"sxpowercase.com"},"image":{"@id":"https:\/\/sxflightcase.com\/th\/#\/schema\/logo\/image\/"},"sameAs":["https:\/\/www.facebook.com\/profile.php?id=61560407257971"],"numberOfEmployees":{"@type":"QuantitativeValue","minValue":"11","maxValue":"50"}}]}},"_links":{"self":[{"href":"https:\/\/sxflightcase.com\/fr\/wp-json\/wp\/v2\/product\/1660","targetHints":{"allow":["GET"]}}],"collection":[{"href":"https:\/\/sxflightcase.com\/fr\/wp-json\/wp\/v2\/product"}],"about":[{"href":"https:\/\/sxflightcase.com\/fr\/wp-json\/wp\/v2\/types\/product"}],"replies":[{"embeddable":true,"href":"https:\/\/sxflightcase.com\/fr\/wp-json\/wp\/v2\/comments?post=1660"}],"version-history":[{"count":0,"href":"https:\/\/sxflightcase.com\/fr\/wp-json\/wp\/v2\/product\/1660\/revisions"}],"wp:featuredmedia":[{"embeddable":true,"href":"https:\/\/sxflightcase.com\/fr\/wp-json\/wp\/v2\/media\/1661"}],"wp:attachment":[{"href":"https:\/\/sxflightcase.com\/fr\/wp-json\/wp\/v2\/media?parent=1660"}],"wp:term":[{"taxonomy":"product_brand","embeddable":true,"href":"https:\/\/sxflightcase.com\/fr\/wp-json\/wp\/v2\/product_brand?post=1660"},{"taxonomy":"product_cat","embeddable":true,"href":"https:\/\/sxflightcase.com\/fr\/wp-json\/wp\/v2\/product_cat?post=1660"},{"taxonomy":"product_tag","embeddable":true,"href":"https:\/\/sxflightcase.com\/fr\/wp-json\/wp\/v2\/product_tag?post=1660"}],"curies":[{"name":"wp","href":"https:\/\/api.w.org\/{rel}","templated":true}]}}