{"id":1673,"date":"2024-05-10T03:49:46","date_gmt":"2024-05-10T02:49:46","guid":{"rendered":"https:\/\/sxpowercase.com\/?post_type=product&#038;p=1673"},"modified":"2024-07-16T02:59:52","modified_gmt":"2024-07-16T01:59:52","slug":"6u-flight-case","status":"publish","type":"product","link":"https:\/\/sxflightcase.com\/fr\/produit\/flight-case-6u-2\/","title":{"rendered":"Mallette de transport FP 6u"},"content":{"rendered":"<p><strong>Param\u00e8tre du produit (sp\u00e9cification)<\/strong><\/p>\n<section class=\"table-wrap\">\n<table class=\"table\" width=\"100%\" cellspacing=\"0\" cellpadding=\"0\">\n<tbody>\n<tr class=\"firstRow\">\n<td width=\"134\">Nom du produit:<\/td>\n<td width=\"503\">flight case 6u<\/td>\n<\/tr>\n<tr>\n<td width=\"134\">Mat\u00e9riau :<\/td>\n<td width=\"503\">Contreplaqu\u00e9 de 9 mm + quincaillerie chrom\u00e9e\/zingu\u00e9e + extrusion d&#039;aluminium<\/td>\n<\/tr>\n<tr>\n<td width=\"134\">Doublure en mousse :<\/td>\n<td width=\"503\">Mousse perl\u00e9e \/ mousse EVA \/ mousse \u00e0 \u0153ufs, etc., standard ou sur demande<\/td>\n<\/tr>\n<tr>\n<td width=\"134\">Couleur:<\/td>\n<td width=\"503\">Noir (couleur par d\u00e9faut), rouge, bleu, orange, jaune, vert, etc.<\/td>\n<\/tr>\n<tr>\n<td width=\"134\">D\u00e9lai de mise en \u0153uvre:<\/td>\n<td width=\"503\">Commande d&#039;\u00e9chantillon 3 jours, commande normale 7 \u00e0 15 jours<\/td>\n<\/tr>\n<tr>\n<td width=\"134\">Dimension:<\/td>\n<td width=\"503\">D\u00e9pend de la dimension de l&#039;\u00e9quipement<\/td>\n<\/tr>\n<\/tbody>\n<\/table>\n<\/section>\n<h1>Flight Case SX 6U : Protection ultime pour votre \u00e9quipement<\/h1>\n<h2>Durable et spacieux<\/h2>\n<p>Le <a title=\"SX\" href=\"https:\/\/sxpowercase.com\/\" target=\"_blank\" rel=\"noopener\" data-wpil-monitor-id=\"473\">SX<\/a> Le Flight Case 6U est con\u00e7u pour offrir une protection optimale \u00e0 votre \u00e9quipement de valeur. Avec six unit\u00e9s d'espace de rack, ce flight case offre suffisamment d'espace pour tout votre mat\u00e9riel. Que vous soyez musicien, ing\u00e9nieur du son ou DJ, cette mallette garantit que votre \u00e9quipement reste s\u00e9curis\u00e9 et organis\u00e9 pendant le transport.<\/p>\n<h2>Ventes directes \u00e0 l'usine pour une valeur sup\u00e9rieure<\/h2>\n<h3>\u00c9conomies maximales<\/h3>\n<p>Chez SX, nous sommes convaincus de la n\u00e9cessit\u00e9 de fournir des produits de haute qualit\u00e9 aux meilleurs prix possibles. En utilisant les ventes directes d'usine, nous \u00e9liminons les interm\u00e9diaires et vous faisons b\u00e9n\u00e9ficier directement des \u00e9conomies r\u00e9alis\u00e9es. Cette approche nous permet de proposer le Flight Case 6U \u00e0 un prix imbattable, vous garantissant une valeur exceptionnelle sans compromis sur la qualit\u00e9.<\/p>\n<h2>Personnalisation pour r\u00e9pondre \u00e0 vos besoins<\/h2>\n<h3>Protection personnalis\u00e9e<\/h3>\n<p>Chaque professionnel a des exigences uniques, et le Flight Case SX 6U peut \u00eatre personnalis\u00e9 pour r\u00e9pondre \u00e0 ces besoins. Que vous ayez besoin d'un rembourrage suppl\u00e9mentaire, de configurations de compartiments sp\u00e9cifiques ou de dimensions personnalis\u00e9es, nos services de personnalisation garantissent que votre flight case est parfaitement adapt\u00e9 \u00e0 votre \u00e9quipement. Prot\u00e9gez votre \u00e9quipement avec une mallette con\u00e7ue sp\u00e9cialement pour vous.<\/p>\n<h2>Am\u00e9liorez votre image professionnelle<\/h2>\n<h3>Design \u00e9l\u00e9gant et fiable<\/h3>\n<p>Le Flight Case SX 6U offre non seulement une excellente protection, mais il renforce \u00e9galement votre image professionnelle. Son design \u00e9l\u00e9gant et robuste t\u00e9moigne de votre engagement en mati\u00e8re de qualit\u00e9 et de fiabilit\u00e9. Faites une impression durable sur vos clients et coll\u00e8gues avec un flight case dont l'aspect est aussi professionnel que l'\u00e9quipement qu'il prot\u00e8ge.<\/p>\n<hr \/>\n<h2>Pourquoi choisir SX?<\/h2>\n<p>Choisir le flight case SX 6U, c'est investir dans un produit qui allie protection sup\u00e9rieure, personnalisation et valeur. Notre mod\u00e8le de vente directe \u00e0 l'usine, combin\u00e9 \u00e0 notre engagement pour des mat\u00e9riaux de haute qualit\u00e9, garantit un flight case qui r\u00e9pond \u00e0 vos attentes et les d\u00e9passe. Am\u00e9liorez votre entreprise avec un flight case qui r\u00e9siste aux rigueurs du voyage tout en conservant une apparence professionnelle.<\/p>\n<p>Contactez-nous d\u00e8s aujourd'hui pour en savoir plus sur notre flight case 6U et d\u00e9couvrir comment nos options de personnalisation peuvent vous \u00eatre utiles. Faites confiance \u00e0 SX pour tous vos besoins en flight cases et d\u00e9couvrez la diff\u00e9rence que font la qualit\u00e9 et la valeur.<\/p>\n<p><strong>FAQ<\/strong><\/p>\n<p>Q : Pouvez-vous faire du OEM et de l&#039;ODM ?<\/p>\n<p>R : Oui, OEM et ODM sont tous deux acceptables. Le mat\u00e9riau, la couleur et le style peuvent \u00eatre personnalis\u00e9s, nous vous conseillerons la quantit\u00e9 de base apr\u00e8s discussion.<\/p>\n<p>Q : Puis-je savoir quel est le port maritime le plus proche de votre entreprise ? au cas o\u00f9 je visiterais votre entreprise.<\/p>\n<p>R : D'abord le port maritime de Huangpu, puis celui de Shenzhen ou de Nansha, nous vous invitons \u00e0 nous rendre visite.<\/p>\n<p>Q : Quelles sont les conditions de paiement ?<\/p>\n<p>A: T.T with 30% down payment, 70%before shipment or West Union also accept.<\/p>\n<p><strong>Notre service<\/strong><\/p>\n<p>1. Service plus professionnel dans le domaine de l&#039;exportation de produits d&#039;emballage et d&#039;impression<\/p>\n<p>2. Meilleure capacit\u00e9 de fabrication<\/p>\n<p>3. Diff\u00e9rentes conditions de paiement au choix : T\/T, Western Union<\/p>\n<p>\u00c9tiquettes populaires: prix bas, en stock, \u00e9chantillon gratuit, c\u00e2ble d&#039;alimentation et de signal, fil \u00e0 4 conducteurs de calibre 16, \u00e9tui pour pied de microphone, armoire d&#039;affichage LED ext\u00e9rieure, montage en rack, mallettes de vol pour mixeur \u00e0 montage en rack 19 pouces, bo\u00eete de distribution \u00e9lectrique, Chine, fournisseurs, usine, personnalis\u00e9, vente en gros, <span style=\"color: #993366;\"><a style=\"color: #993366;\" href=\"https:\/\/sxflightcase.com\/fr\/product-category\/all-product\/power-distribution-boxes\/\">bo\u00eetes d&#039;alimentation<\/a>,\u00a0<a style=\"color: #993366;\" href=\"https:\/\/sxflightcase.com\/fr\/product-category\/all-product\/hoist-controllers\/\">c\u00e2bles d&#039;alimentation<\/a>,\u00a0<a style=\"color: #993366;\" href=\"https:\/\/sxflightcase.com\/fr\/product-category\/all-product\/hoist-controllers\/\">contr\u00f4leurs de levage<\/a>,\u00a0<a style=\"color: #993366;\" href=\"https:\/\/sxflightcase.com\/fr\/product-category\/all-product\/flight-case\/\">mallettes de vol.<\/a><\/span><\/p>","protected":false},"excerpt":{"rendered":"<h2 class=\"prodetails-name\">Flight Case 6u<\/h2>\n<p>Nous sommes un grossiste de tous les types de <a class=\"wpil_keyword_link\" title=\"\u00e9tui de transport\" href=\"https:\/\/sxpowercase.com\/product-category\/all-product\/flight-case\/\" target=\"_blank\" rel=\"noopener\" data-wpil-keyword-link=\"linked\" data-wpil-monitor-id=\"401\">\u00e9tui de transport<\/a>Nous fournissons le flight case 6u avec des loquets cadenassables qui assurent la s\u00e9curit\u00e9 pour la tranquillit\u00e9 d'esprit, des coins intelligents empilables qui vous permettent de placer plusieurs coffrets les uns sur les autres avec une grande stabilit\u00e9, et des poign\u00e9es encastr\u00e9es qui sont confortables \u00e0 transporter.<\/p>\n<h2><strong>Pr\u00e9sentation de la production<\/strong><\/h2>\n<p>Ce flight case 6u est con\u00e7u avec des mat\u00e9riaux de haute qualit\u00e9, fabriqu\u00e9s \u00e0 partir de contreplaqu\u00e9, de mousse, d'extrusions d'aluminium et de mat\u00e9riel de qualit\u00e9.<\/p>","protected":false},"featured_media":1676,"comment_status":"open","ping_status":"closed","template":"","meta":[],"product_brand":[],"product_cat":[35],"product_tag":[53],"class_list":{"0":"post-1673","1":"product","2":"type-product","3":"status-publish","4":"has-post-thumbnail","6":"product_cat-standard-rack-cases","7":"product_tag-fp","9":"first","10":"instock","11":"shipping-taxable","12":"product-type-simple"},"yoast_head":"<!-- This site is optimized with the Yoast SEO Premium plugin v27.1 (Yoast SEO v27.2) - https:\/\/yoast.com\/product\/yoast-seo-premium-wordpress\/ -->\n<title>FP 6u Flight Case - https:\/\/sxflightcase.com \ud83d\udc97<\/title>\n<meta name=\"description\" content=\"6u Flight Case: Explore our factory-direct options for professional customization, ensuring optimal organization and protection of your equipment.\" \/>\n<meta name=\"robots\" content=\"index, follow, max-snippet:-1, max-image-preview:large, max-video-preview:-1\" \/>\n<link rel=\"canonical\" href=\"https:\/\/sxflightcase.com\/fr\/\u7522\u54c1\/6u-\u6a5f\u7bb1\/\" \/>\n<meta property=\"og:locale\" content=\"fr_FR\" \/>\n<meta property=\"og:type\" content=\"article\" \/>\n<meta property=\"og:title\" content=\"FP 6u Flight Case\" \/>\n<meta property=\"og:description\" content=\"6u Flight Case: Explore our factory-direct options for professional customization, ensuring optimal organization and protection of your equipment.\" \/>\n<meta property=\"og:url\" content=\"https:\/\/sxflightcase.com\/fr\/\u7522\u54c1\/6u-\u6a5f\u7bb1\/\" \/>\n<meta property=\"og:site_name\" content=\"https:\/\/sxflightcase.com\" \/>\n<meta property=\"article:publisher\" content=\"https:\/\/www.facebook.com\/profile.php?id=61560407257971\" \/>\n<meta property=\"article:modified_time\" content=\"2024-07-16T01:59:52+00:00\" \/>\n<meta property=\"og:image\" content=\"https:\/\/sxflightcase.com\/wp-content\/uploads\/2024\/05\/6u-flight-case49558055117.webp\" \/>\n\t<meta property=\"og:image:width\" content=\"750\" \/>\n\t<meta property=\"og:image:height\" content=\"750\" \/>\n\t<meta property=\"og:image:type\" content=\"image\/webp\" \/>\n<meta name=\"twitter:card\" content=\"summary_large_image\" \/>\n<meta name=\"twitter:label1\" content=\"Dur\u00e9e de lecture estim\u00e9e\" \/>\n\t<meta name=\"twitter:data1\" content=\"4 minutes\" \/>\n<script type=\"application\/ld+json\" class=\"yoast-schema-graph\">{\"@context\":\"https:\/\/schema.org\",\"@graph\":[{\"@type\":\"WebPage\",\"@id\":\"https:\/\/sxflightcase.com\/zh_hk\/\u7522\u54c1\/6u-\u6a5f\u7bb1\/\",\"url\":\"https:\/\/sxflightcase.com\/zh_hk\/\u7522\u54c1\/6u-\u6a5f\u7bb1\/\",\"name\":\"FP 6u Flight Case - https:\/\/sxflightcase.com \ud83d\udc97\",\"isPartOf\":{\"@id\":\"https:\/\/sxflightcase.com\/th\/#website\"},\"primaryImageOfPage\":{\"@id\":\"https:\/\/sxflightcase.com\/zh_hk\/\u7522\u54c1\/6u-\u6a5f\u7bb1\/#primaryimage\"},\"image\":{\"@id\":\"https:\/\/sxflightcase.com\/zh_hk\/\u7522\u54c1\/6u-\u6a5f\u7bb1\/#primaryimage\"},\"thumbnailUrl\":\"https:\/\/sxflightcase.com\/wp-content\/uploads\/2024\/05\/6u-flight-case49558055117.webp\",\"datePublished\":\"2024-05-10T02:49:46+00:00\",\"dateModified\":\"2024-07-16T01:59:52+00:00\",\"description\":\"6u Flight Case: Explore our factory-direct options for professional customization, ensuring optimal organization and protection of your equipment.\",\"breadcrumb\":{\"@id\":\"https:\/\/sxflightcase.com\/zh_hk\/\u7522\u54c1\/6u-\u6a5f\u7bb1\/#breadcrumb\"},\"inLanguage\":\"fr-FR\",\"potentialAction\":[{\"@type\":\"ReadAction\",\"target\":[\"https:\/\/sxflightcase.com\/zh_hk\/\u7522\u54c1\/6u-\u6a5f\u7bb1\/\"]}]},{\"@type\":\"ImageObject\",\"inLanguage\":\"fr-FR\",\"@id\":\"https:\/\/sxflightcase.com\/zh_hk\/\u7522\u54c1\/6u-\u6a5f\u7bb1\/#primaryimage\",\"url\":\"https:\/\/sxflightcase.com\/wp-content\/uploads\/2024\/05\/6u-flight-case49558055117.webp\",\"contentUrl\":\"https:\/\/sxflightcase.com\/wp-content\/uploads\/2024\/05\/6u-flight-case49558055117.webp\",\"width\":750,\"height\":750,\"caption\":\"6u Flight Case\"},{\"@type\":\"BreadcrumbList\",\"@id\":\"https:\/\/sxflightcase.com\/zh_hk\/\u7522\u54c1\/6u-\u6a5f\u7bb1\/#breadcrumb\",\"itemListElement\":[{\"@type\":\"ListItem\",\"position\":1,\"name\":\"Home\",\"item\":\"https:\/\/sxflightcase.com\/\"},{\"@type\":\"ListItem\",\"position\":2,\"name\":\"\u0e2a\u0e34\u0e19\u0e04\u0e49\u0e32\",\"item\":\"https:\/\/sxflightcase.com\/th\/shop\/\"},{\"@type\":\"ListItem\",\"position\":3,\"name\":\"FP 6u Flight Case\"}]},{\"@type\":\"WebSite\",\"@id\":\"https:\/\/sxflightcase.com\/th\/#website\",\"url\":\"https:\/\/sxflightcase.com\/th\/\",\"name\":\"sxpowercase.com\",\"description\":\"Flight Case Factory\",\"publisher\":{\"@id\":\"https:\/\/sxflightcase.com\/th\/#organization\"},\"potentialAction\":[{\"@type\":\"SearchAction\",\"target\":{\"@type\":\"EntryPoint\",\"urlTemplate\":\"https:\/\/sxflightcase.com\/th\/?s={search_term_string}\"},\"query-input\":{\"@type\":\"PropertyValueSpecification\",\"valueRequired\":true,\"valueName\":\"search_term_string\"}}],\"inLanguage\":\"fr-FR\"},{\"@type\":\"Organization\",\"@id\":\"https:\/\/sxflightcase.com\/th\/#organization\",\"name\":\"sxpowercase.com\",\"url\":\"https:\/\/sxflightcase.com\/th\/\",\"logo\":{\"@type\":\"ImageObject\",\"inLanguage\":\"fr-FR\",\"@id\":\"https:\/\/sxflightcase.com\/th\/#\/schema\/logo\/image\/\",\"url\":\"https:\/\/sxflightcase.com\/wp-content\/uploads\/2024\/04\/1713919036007.jpg\",\"contentUrl\":\"https:\/\/sxflightcase.com\/wp-content\/uploads\/2024\/04\/1713919036007.jpg\",\"width\":382,\"height\":388,\"caption\":\"sxpowercase.com\"},\"image\":{\"@id\":\"https:\/\/sxflightcase.com\/th\/#\/schema\/logo\/image\/\"},\"sameAs\":[\"https:\/\/www.facebook.com\/profile.php?id=61560407257971\"],\"numberOfEmployees\":{\"@type\":\"QuantitativeValue\",\"minValue\":\"11\",\"maxValue\":\"50\"}}]}<\/script>\n<!-- \/ Yoast SEO Premium plugin. -->","yoast_head_json":{"title":"FP 6u Flight Case - https:\/\/sxflightcase.com \ud83d\udc97","description":"Flight Case 6u : Explorez nos options d'usine pour une personnalisation professionnelle, garantissant une organisation et une protection optimales de votre \u00e9quipement.","robots":{"index":"index","follow":"follow","max-snippet":"max-snippet:-1","max-image-preview":"max-image-preview:large","max-video-preview":"max-video-preview:-1"},"canonical":"https:\/\/sxflightcase.com\/fr\/\u7522\u54c1\/6u-\u6a5f\u7bb1\/","og_locale":"fr_FR","og_type":"article","og_title":"FP 6u Flight Case","og_description":"6u Flight Case: Explore our factory-direct options for professional customization, ensuring optimal organization and protection of your equipment.","og_url":"https:\/\/sxflightcase.com\/fr\/\u7522\u54c1\/6u-\u6a5f\u7bb1\/","og_site_name":"https:\/\/sxflightcase.com","article_publisher":"https:\/\/www.facebook.com\/profile.php?id=61560407257971","article_modified_time":"2024-07-16T01:59:52+00:00","og_image":[{"width":750,"height":750,"url":"https:\/\/sxflightcase.com\/wp-content\/uploads\/2024\/05\/6u-flight-case49558055117.webp","type":"image\/webp"}],"twitter_card":"summary_large_image","twitter_misc":{"Dur\u00e9e de lecture estim\u00e9e":"4 minutes"},"schema":{"@context":"https:\/\/schema.org","@graph":[{"@type":"WebPage","@id":"https:\/\/sxflightcase.com\/zh_hk\/\u7522\u54c1\/6u-\u6a5f\u7bb1\/","url":"https:\/\/sxflightcase.com\/zh_hk\/\u7522\u54c1\/6u-\u6a5f\u7bb1\/","name":"FP 6u Flight Case - https:\/\/sxflightcase.com \ud83d\udc97","isPartOf":{"@id":"https:\/\/sxflightcase.com\/th\/#website"},"primaryImageOfPage":{"@id":"https:\/\/sxflightcase.com\/zh_hk\/\u7522\u54c1\/6u-\u6a5f\u7bb1\/#primaryimage"},"image":{"@id":"https:\/\/sxflightcase.com\/zh_hk\/\u7522\u54c1\/6u-\u6a5f\u7bb1\/#primaryimage"},"thumbnailUrl":"https:\/\/sxflightcase.com\/wp-content\/uploads\/2024\/05\/6u-flight-case49558055117.webp","datePublished":"2024-05-10T02:49:46+00:00","dateModified":"2024-07-16T01:59:52+00:00","description":"Flight Case 6u : Explorez nos options d'usine pour une personnalisation professionnelle, garantissant une organisation et une protection optimales de votre \u00e9quipement.","breadcrumb":{"@id":"https:\/\/sxflightcase.com\/zh_hk\/\u7522\u54c1\/6u-\u6a5f\u7bb1\/#breadcrumb"},"inLanguage":"fr-FR","potentialAction":[{"@type":"ReadAction","target":["https:\/\/sxflightcase.com\/zh_hk\/\u7522\u54c1\/6u-\u6a5f\u7bb1\/"]}]},{"@type":"ImageObject","inLanguage":"fr-FR","@id":"https:\/\/sxflightcase.com\/zh_hk\/\u7522\u54c1\/6u-\u6a5f\u7bb1\/#primaryimage","url":"https:\/\/sxflightcase.com\/wp-content\/uploads\/2024\/05\/6u-flight-case49558055117.webp","contentUrl":"https:\/\/sxflightcase.com\/wp-content\/uploads\/2024\/05\/6u-flight-case49558055117.webp","width":750,"height":750,"caption":"6u Flight Case"},{"@type":"BreadcrumbList","@id":"https:\/\/sxflightcase.com\/zh_hk\/\u7522\u54c1\/6u-\u6a5f\u7bb1\/#breadcrumb","itemListElement":[{"@type":"ListItem","position":1,"name":"Home","item":"https:\/\/sxflightcase.com\/"},{"@type":"ListItem","position":2,"name":"\u0e2a\u0e34\u0e19\u0e04\u0e49\u0e32","item":"https:\/\/sxflightcase.com\/th\/shop\/"},{"@type":"ListItem","position":3,"name":"FP 6u Flight Case"}]},{"@type":"WebSite","@id":"https:\/\/sxflightcase.com\/th\/#website","url":"https:\/\/sxflightcase.com\/th\/","name":"sxpowercase.com","description":"Flight Case Factory","publisher":{"@id":"https:\/\/sxflightcase.com\/th\/#organization"},"potentialAction":[{"@type":"SearchAction","target":{"@type":"EntryPoint","urlTemplate":"https:\/\/sxflightcase.com\/th\/?s={search_term_string}"},"query-input":{"@type":"PropertyValueSpecification","valueRequired":true,"valueName":"search_term_string"}}],"inLanguage":"fr-FR"},{"@type":"Organization","@id":"https:\/\/sxflightcase.com\/th\/#organization","name":"sxpowercase.com","url":"https:\/\/sxflightcase.com\/th\/","logo":{"@type":"ImageObject","inLanguage":"fr-FR","@id":"https:\/\/sxflightcase.com\/th\/#\/schema\/logo\/image\/","url":"https:\/\/sxflightcase.com\/wp-content\/uploads\/2024\/04\/1713919036007.jpg","contentUrl":"https:\/\/sxflightcase.com\/wp-content\/uploads\/2024\/04\/1713919036007.jpg","width":382,"height":388,"caption":"sxpowercase.com"},"image":{"@id":"https:\/\/sxflightcase.com\/th\/#\/schema\/logo\/image\/"},"sameAs":["https:\/\/www.facebook.com\/profile.php?id=61560407257971"],"numberOfEmployees":{"@type":"QuantitativeValue","minValue":"11","maxValue":"50"}}]}},"_links":{"self":[{"href":"https:\/\/sxflightcase.com\/fr\/wp-json\/wp\/v2\/product\/1673","targetHints":{"allow":["GET"]}}],"collection":[{"href":"https:\/\/sxflightcase.com\/fr\/wp-json\/wp\/v2\/product"}],"about":[{"href":"https:\/\/sxflightcase.com\/fr\/wp-json\/wp\/v2\/types\/product"}],"replies":[{"embeddable":true,"href":"https:\/\/sxflightcase.com\/fr\/wp-json\/wp\/v2\/comments?post=1673"}],"version-history":[{"count":0,"href":"https:\/\/sxflightcase.com\/fr\/wp-json\/wp\/v2\/product\/1673\/revisions"}],"wp:featuredmedia":[{"embeddable":true,"href":"https:\/\/sxflightcase.com\/fr\/wp-json\/wp\/v2\/media\/1676"}],"wp:attachment":[{"href":"https:\/\/sxflightcase.com\/fr\/wp-json\/wp\/v2\/media?parent=1673"}],"wp:term":[{"taxonomy":"product_brand","embeddable":true,"href":"https:\/\/sxflightcase.com\/fr\/wp-json\/wp\/v2\/product_brand?post=1673"},{"taxonomy":"product_cat","embeddable":true,"href":"https:\/\/sxflightcase.com\/fr\/wp-json\/wp\/v2\/product_cat?post=1673"},{"taxonomy":"product_tag","embeddable":true,"href":"https:\/\/sxflightcase.com\/fr\/wp-json\/wp\/v2\/product_tag?post=1673"}],"curies":[{"name":"wp","href":"https:\/\/api.w.org\/{rel}","templated":true}]}}