{"id":1678,"date":"2024-05-10T03:52:10","date_gmt":"2024-05-10T02:52:10","guid":{"rendered":"https:\/\/sxpowercase.com\/?post_type=product&#038;p=1678"},"modified":"2024-07-16T02:59:52","modified_gmt":"2024-07-16T01:59:52","slug":"2u-flight-case","status":"publish","type":"product","link":"https:\/\/sxflightcase.com\/fr\/produit\/mallette-de-transport-2u\/","title":{"rendered":"Mallette de transport FP 2u"},"content":{"rendered":"<p><strong>Param\u00e8tre du produit (sp\u00e9cification)<\/strong><\/p>\n<section class=\"table-wrap\">\n<table class=\"table\" width=\"100%\" cellspacing=\"0\" cellpadding=\"0\">\n<tbody>\n<tr class=\"firstRow\">\n<td width=\"134\">Nom du produit:<\/td>\n<td width=\"503\">Mallette de transport 2u<\/td>\n<\/tr>\n<tr>\n<td width=\"134\">Mat\u00e9riau :<\/td>\n<td width=\"503\">Contreplaqu\u00e9 de 9 mm + quincaillerie chrom\u00e9e\/zingu\u00e9e + extrusion d&#039;aluminium<\/td>\n<\/tr>\n<tr>\n<td width=\"134\">Doublure en mousse :<\/td>\n<td width=\"503\">Mousse perl\u00e9e \/ mousse EVA \/ mousse \u00e0 \u0153ufs, etc., standard ou sur demande<\/td>\n<\/tr>\n<tr>\n<td width=\"134\">Couleur:<\/td>\n<td width=\"503\">Noir (couleur par d\u00e9faut), rouge, bleu, orange, jaune, vert, etc.<\/td>\n<\/tr>\n<tr>\n<td width=\"134\">D\u00e9lai de mise en \u0153uvre:<\/td>\n<td width=\"503\">Commande d&#039;\u00e9chantillon 3 jours, commande normale 7 \u00e0 15 jours<\/td>\n<\/tr>\n<tr>\n<td width=\"134\">Dimension:<\/td>\n<td width=\"503\">D\u00e9pend de la dimension de l&#039;\u00e9quipement<\/td>\n<\/tr>\n<\/tbody>\n<\/table>\n<\/section>\n<h1>Flight Case SX 2U : Une protection compacte pour votre mat\u00e9riel<\/h1>\n<h2>Fiable et compact<\/h2>\n<p>Lors du transport d'\u00e9quipements de valeur, la taille et la durabilit\u00e9 de votre valise sont importantes. Les <a href=\"https:\/\/sxpowercase.com\/\" target=\"_blank\" rel=\"noopener\" title=\"SX\" data-wpil-monitor-id=\"472\">SX<\/a> 2U Flight Case offre un \u00e9quilibre parfait entre un design compact et une protection robuste. Id\u00e9ale pour les musiciens, les DJ et les ing\u00e9nieurs du son, cette mallette garantit la s\u00e9curit\u00e9 de votre mat\u00e9riel, quel que soit l'endroit o\u00f9 vous travaillez.<\/p>\n<h2>Ventes directes en usine pour des \u00e9conomies maximales<\/h2>\n<h3>Une valeur in\u00e9gal\u00e9e<\/h3>\n<p>SX croit en la livraison de produits de premi\u00e8re qualit\u00e9 \u00e0 des prix imbattables. En tirant parti des ventes directes d'usine, nous \u00e9liminons les interm\u00e9diaires, offrant le Flight Case 2U \u00e0 un prix rentable sans compromettre la qualit\u00e9. Cette approche vous permet d'obtenir la meilleure valeur pour votre investissement, vous aidant \u00e0 respecter votre budget tout en s\u00e9curisant votre mat\u00e9riel.<\/p>\n<h2>Personnalisation pour vos besoins uniques<\/h2>\n<h3>Du sur-mesure \u00e0 la perfection<\/h3>\n<p>Chaque installation professionnelle est unique, c'est pourquoi SX propose des options de personnalisation \u00e9tendues pour le Flight Case 2U. Que vous ayez besoin d'un rembourrage suppl\u00e9mentaire, de compartiments sp\u00e9cialis\u00e9s ou de dimensions sp\u00e9cifiques, nos services de personnalisation garantissent que votre flight case r\u00e9pond exactement \u00e0 vos besoins. Prot\u00e9gez votre \u00e9quipement avec une mallette con\u00e7ue sp\u00e9cialement pour vous.<\/p>\n<h2>Am\u00e9liorez votre image professionnelle<\/h2>\n<h3>Design durable et \u00e9l\u00e9gant<\/h3>\n<p>Le Flight Case SX 2U offre non seulement une excellente protection, mais il renforce \u00e9galement votre image professionnelle. Son design \u00e9l\u00e9gant et durable refl\u00e8te votre engagement en mati\u00e8re de qualit\u00e9 et de fiabilit\u00e9. Impressionnez vos clients et vos coll\u00e8gues avec un flight case aussi beau que performant, qui garantit que votre \u00e9quipement est toujours pr\u00e9sent\u00e9 sous son meilleur jour.<\/p>\n<hr \/>\n<h2>Pourquoi choisir SX?<\/h2>\n<p>Choisir le Flight Case SX 2U, c'est investir dans un produit qui allie protection sup\u00e9rieure, personnalisation et valeur. Notre mod\u00e8le de vente directe et l'utilisation de mat\u00e9riaux de haute qualit\u00e9 garantissent un flight case qui r\u00e9pond \u00e0 vos besoins. \u00c9levez votre entreprise avec un flight case qui r\u00e9siste aux rigueurs du voyage tout en mettant en valeur votre professionnalisme.<\/p>\n<p>Contactez-nous d\u00e8s aujourd'hui pour en savoir plus sur notre flight case 2U et d\u00e9couvrir comment nos options de personnalisation peuvent vous \u00eatre utiles. Faites confiance \u00e0 SX pour tous vos besoins en flight cases et d\u00e9couvrez la diff\u00e9rence que font la qualit\u00e9 et la valeur.<\/p>\n<p><strong>FAQ<\/strong><\/p>\n<p>Q : \u00cates-vous une soci\u00e9t\u00e9 commerciale ou un fabricant ?<\/p>\n<p>R : Nous sommes un fabricant professionnel sp\u00e9cialis\u00e9 dans les produits orthop\u00e9diques et sportifs. Nous commercialisons nos produits directement avec nos clients.<\/p>\n<p>Q : Combien d'emballages avez-vous ?<\/p>\n<p>R : Nous proposons trois types d'emballages : bo\u00eete en carton, sac \u00e0 bulles, carton d'exportation avec papier r\u00e9tractable.<\/p>\n<p>Q : Pouvez-vous faire notre propre emballage ?<\/p>\n<p>R : Oui, il vous suffit de fournir le design de l&#039;emballage et nous produirons ce que vous souhaitez. Nous disposons \u00e9galement d&#039;un designer professionnel qui peut vous aider \u00e0 concevoir l&#039;emballage.<\/p>\n<p>\u00c9tiquettes populaires: prix bas, en stock, \u00e9chantillon gratuit, c\u00e2ble d&#039;alimentation et de signal, fil \u00e0 4 conducteurs de calibre 16, \u00e9tui pour pied de microphone, armoire d&#039;affichage LED ext\u00e9rieure, montage en rack, mallettes de vol pour mixeur \u00e0 montage en rack 19 pouces, bo\u00eete de distribution \u00e9lectrique, Chine, fournisseurs, usine, personnalis\u00e9, vente en gros, <span style=\"color: #993366;\"><a style=\"color: #993366;\" href=\"https:\/\/sxflightcase.com\/fr\/product-category\/all-product\/power-distribution-boxes\/\">bo\u00eetes d&#039;alimentation<\/a>,\u00a0<a style=\"color: #993366;\" href=\"https:\/\/sxflightcase.com\/fr\/product-category\/all-product\/hoist-controllers\/\">c\u00e2bles d&#039;alimentation<\/a>,\u00a0<a style=\"color: #993366;\" href=\"https:\/\/sxflightcase.com\/fr\/product-category\/all-product\/hoist-controllers\/\">contr\u00f4leurs de levage<\/a>,\u00a0<a style=\"color: #993366;\" href=\"https:\/\/sxflightcase.com\/fr\/product-category\/all-product\/flight-case\/\">mallettes de vol.<\/a><\/span><\/p>","protected":false},"excerpt":{"rendered":"<h1 class=\"prodetails-name\">Flight Case 2u<\/h1>\n<p>Nous fournissons des flight cases 2u au design simple et \u00e9l\u00e9gant, pratiques et faciles \u00e0 utiliser.<\/p>\n<h2><strong>Pr\u00e9sentation de la production<\/strong><\/h2>\n<p>Ce flight case 2u est la solution parfaite pour l'enregistrement du mat\u00e9riel sur un vol ou pour l'emmener sur la route. Cette valise est \u00e9galement id\u00e9ale pour le mat\u00e9riel audio, les salons professionnels, le mat\u00e9riel de production et bien plus encore. La taille standard de 19 pouces vous donne le volume absolu pour installer votre \u00e9quipement.<\/p>","protected":false},"featured_media":1679,"comment_status":"open","ping_status":"closed","template":"","meta":[],"product_brand":[],"product_cat":[35],"product_tag":[53],"class_list":{"0":"post-1678","1":"product","2":"type-product","3":"status-publish","4":"has-post-thumbnail","6":"product_cat-standard-rack-cases","7":"product_tag-fp","9":"first","10":"instock","11":"shipping-taxable","12":"product-type-simple"},"yoast_head":"<!-- This site is optimized with the Yoast SEO Premium plugin v27.1 (Yoast SEO v27.2) - https:\/\/yoast.com\/product\/yoast-seo-premium-wordpress\/ -->\n<title>FP 2u Flight Case - https:\/\/sxflightcase.com \ud83d\udc97<\/title>\n<meta name=\"description\" content=\"2u Flight Case: Explore our factory-direct options for professional customization, ensuring optimal organization and protection of your equipment.\" \/>\n<meta name=\"robots\" content=\"index, follow, max-snippet:-1, max-image-preview:large, max-video-preview:-1\" \/>\n<link rel=\"canonical\" href=\"https:\/\/sxflightcase.com\/fr\/produk\/2u-flight-case\/\" \/>\n<meta property=\"og:locale\" content=\"fr_FR\" \/>\n<meta property=\"og:type\" content=\"article\" \/>\n<meta property=\"og:title\" content=\"FP 2u Flight Case\" \/>\n<meta property=\"og:description\" content=\"2u Flight Case: Explore our factory-direct options for professional customization, ensuring optimal organization and protection of your equipment.\" \/>\n<meta property=\"og:url\" content=\"https:\/\/sxflightcase.com\/fr\/produk\/2u-flight-case\/\" \/>\n<meta property=\"og:site_name\" content=\"https:\/\/sxflightcase.com\" \/>\n<meta property=\"article:publisher\" content=\"https:\/\/www.facebook.com\/profile.php?id=61560407257971\" \/>\n<meta property=\"article:modified_time\" content=\"2024-07-16T01:59:52+00:00\" \/>\n<meta property=\"og:image\" content=\"https:\/\/sxflightcase.com\/wp-content\/uploads\/2024\/05\/2u-flight-case40424278055.webp\" \/>\n\t<meta property=\"og:image:width\" content=\"750\" \/>\n\t<meta property=\"og:image:height\" content=\"750\" \/>\n\t<meta property=\"og:image:type\" content=\"image\/webp\" \/>\n<meta name=\"twitter:card\" content=\"summary_large_image\" \/>\n<meta name=\"twitter:label1\" content=\"Dur\u00e9e de lecture estim\u00e9e\" \/>\n\t<meta name=\"twitter:data1\" content=\"4 minutes\" \/>\n<script type=\"application\/ld+json\" class=\"yoast-schema-graph\">{\"@context\":\"https:\/\/schema.org\",\"@graph\":[{\"@type\":\"WebPage\",\"@id\":\"https:\/\/sxflightcase.com\/af\/produk\/2u-flight-case\/\",\"url\":\"https:\/\/sxflightcase.com\/af\/produk\/2u-flight-case\/\",\"name\":\"FP 2u Flight Case - https:\/\/sxflightcase.com \ud83d\udc97\",\"isPartOf\":{\"@id\":\"https:\/\/sxflightcase.com\/th\/#website\"},\"primaryImageOfPage\":{\"@id\":\"https:\/\/sxflightcase.com\/af\/produk\/2u-flight-case\/#primaryimage\"},\"image\":{\"@id\":\"https:\/\/sxflightcase.com\/af\/produk\/2u-flight-case\/#primaryimage\"},\"thumbnailUrl\":\"https:\/\/sxflightcase.com\/wp-content\/uploads\/2024\/05\/2u-flight-case40424278055.webp\",\"datePublished\":\"2024-05-10T02:52:10+00:00\",\"dateModified\":\"2024-07-16T01:59:52+00:00\",\"description\":\"2u Flight Case: Explore our factory-direct options for professional customization, ensuring optimal organization and protection of your equipment.\",\"breadcrumb\":{\"@id\":\"https:\/\/sxflightcase.com\/af\/produk\/2u-flight-case\/#breadcrumb\"},\"inLanguage\":\"fr-FR\",\"potentialAction\":[{\"@type\":\"ReadAction\",\"target\":[\"https:\/\/sxflightcase.com\/af\/produk\/2u-flight-case\/\"]}]},{\"@type\":\"ImageObject\",\"inLanguage\":\"fr-FR\",\"@id\":\"https:\/\/sxflightcase.com\/af\/produk\/2u-flight-case\/#primaryimage\",\"url\":\"https:\/\/sxflightcase.com\/wp-content\/uploads\/2024\/05\/2u-flight-case40424278055.webp\",\"contentUrl\":\"https:\/\/sxflightcase.com\/wp-content\/uploads\/2024\/05\/2u-flight-case40424278055.webp\",\"width\":750,\"height\":750,\"caption\":\"2u Flight Case\"},{\"@type\":\"BreadcrumbList\",\"@id\":\"https:\/\/sxflightcase.com\/af\/produk\/2u-flight-case\/#breadcrumb\",\"itemListElement\":[{\"@type\":\"ListItem\",\"position\":1,\"name\":\"Home\",\"item\":\"https:\/\/sxflightcase.com\/\"},{\"@type\":\"ListItem\",\"position\":2,\"name\":\"\u0e2a\u0e34\u0e19\u0e04\u0e49\u0e32\",\"item\":\"https:\/\/sxflightcase.com\/th\/shop\/\"},{\"@type\":\"ListItem\",\"position\":3,\"name\":\"FP 2u Flight Case\"}]},{\"@type\":\"WebSite\",\"@id\":\"https:\/\/sxflightcase.com\/th\/#website\",\"url\":\"https:\/\/sxflightcase.com\/th\/\",\"name\":\"sxpowercase.com\",\"description\":\"Flight Case Factory\",\"publisher\":{\"@id\":\"https:\/\/sxflightcase.com\/th\/#organization\"},\"potentialAction\":[{\"@type\":\"SearchAction\",\"target\":{\"@type\":\"EntryPoint\",\"urlTemplate\":\"https:\/\/sxflightcase.com\/th\/?s={search_term_string}\"},\"query-input\":{\"@type\":\"PropertyValueSpecification\",\"valueRequired\":true,\"valueName\":\"search_term_string\"}}],\"inLanguage\":\"fr-FR\"},{\"@type\":\"Organization\",\"@id\":\"https:\/\/sxflightcase.com\/th\/#organization\",\"name\":\"sxpowercase.com\",\"url\":\"https:\/\/sxflightcase.com\/th\/\",\"logo\":{\"@type\":\"ImageObject\",\"inLanguage\":\"fr-FR\",\"@id\":\"https:\/\/sxflightcase.com\/th\/#\/schema\/logo\/image\/\",\"url\":\"https:\/\/sxflightcase.com\/wp-content\/uploads\/2024\/04\/1713919036007.jpg\",\"contentUrl\":\"https:\/\/sxflightcase.com\/wp-content\/uploads\/2024\/04\/1713919036007.jpg\",\"width\":382,\"height\":388,\"caption\":\"sxpowercase.com\"},\"image\":{\"@id\":\"https:\/\/sxflightcase.com\/th\/#\/schema\/logo\/image\/\"},\"sameAs\":[\"https:\/\/www.facebook.com\/profile.php?id=61560407257971\"],\"numberOfEmployees\":{\"@type\":\"QuantitativeValue\",\"minValue\":\"11\",\"maxValue\":\"50\"}}]}<\/script>\n<!-- \/ Yoast SEO Premium plugin. -->","yoast_head_json":{"title":"FP 2u Flight Case - https:\/\/sxflightcase.com \ud83d\udc97","description":"Flight Case 2u : Explorez nos options d'usine pour une personnalisation professionnelle, garantissant une organisation et une protection optimales de votre \u00e9quipement.","robots":{"index":"index","follow":"follow","max-snippet":"max-snippet:-1","max-image-preview":"max-image-preview:large","max-video-preview":"max-video-preview:-1"},"canonical":"https:\/\/sxflightcase.com\/fr\/produk\/2u-flight-case\/","og_locale":"fr_FR","og_type":"article","og_title":"FP 2u Flight Case","og_description":"2u Flight Case: Explore our factory-direct options for professional customization, ensuring optimal organization and protection of your equipment.","og_url":"https:\/\/sxflightcase.com\/fr\/produk\/2u-flight-case\/","og_site_name":"https:\/\/sxflightcase.com","article_publisher":"https:\/\/www.facebook.com\/profile.php?id=61560407257971","article_modified_time":"2024-07-16T01:59:52+00:00","og_image":[{"width":750,"height":750,"url":"https:\/\/sxflightcase.com\/wp-content\/uploads\/2024\/05\/2u-flight-case40424278055.webp","type":"image\/webp"}],"twitter_card":"summary_large_image","twitter_misc":{"Dur\u00e9e de lecture estim\u00e9e":"4 minutes"},"schema":{"@context":"https:\/\/schema.org","@graph":[{"@type":"WebPage","@id":"https:\/\/sxflightcase.com\/af\/produk\/2u-flight-case\/","url":"https:\/\/sxflightcase.com\/af\/produk\/2u-flight-case\/","name":"FP 2u Flight Case - https:\/\/sxflightcase.com \ud83d\udc97","isPartOf":{"@id":"https:\/\/sxflightcase.com\/th\/#website"},"primaryImageOfPage":{"@id":"https:\/\/sxflightcase.com\/af\/produk\/2u-flight-case\/#primaryimage"},"image":{"@id":"https:\/\/sxflightcase.com\/af\/produk\/2u-flight-case\/#primaryimage"},"thumbnailUrl":"https:\/\/sxflightcase.com\/wp-content\/uploads\/2024\/05\/2u-flight-case40424278055.webp","datePublished":"2024-05-10T02:52:10+00:00","dateModified":"2024-07-16T01:59:52+00:00","description":"Flight Case 2u : Explorez nos options d'usine pour une personnalisation professionnelle, garantissant une organisation et une protection optimales de votre \u00e9quipement.","breadcrumb":{"@id":"https:\/\/sxflightcase.com\/af\/produk\/2u-flight-case\/#breadcrumb"},"inLanguage":"fr-FR","potentialAction":[{"@type":"ReadAction","target":["https:\/\/sxflightcase.com\/af\/produk\/2u-flight-case\/"]}]},{"@type":"ImageObject","inLanguage":"fr-FR","@id":"https:\/\/sxflightcase.com\/af\/produk\/2u-flight-case\/#primaryimage","url":"https:\/\/sxflightcase.com\/wp-content\/uploads\/2024\/05\/2u-flight-case40424278055.webp","contentUrl":"https:\/\/sxflightcase.com\/wp-content\/uploads\/2024\/05\/2u-flight-case40424278055.webp","width":750,"height":750,"caption":"2u Flight Case"},{"@type":"BreadcrumbList","@id":"https:\/\/sxflightcase.com\/af\/produk\/2u-flight-case\/#breadcrumb","itemListElement":[{"@type":"ListItem","position":1,"name":"Home","item":"https:\/\/sxflightcase.com\/"},{"@type":"ListItem","position":2,"name":"\u0e2a\u0e34\u0e19\u0e04\u0e49\u0e32","item":"https:\/\/sxflightcase.com\/th\/shop\/"},{"@type":"ListItem","position":3,"name":"FP 2u Flight Case"}]},{"@type":"WebSite","@id":"https:\/\/sxflightcase.com\/th\/#website","url":"https:\/\/sxflightcase.com\/th\/","name":"sxpowercase.com","description":"Flight Case Factory","publisher":{"@id":"https:\/\/sxflightcase.com\/th\/#organization"},"potentialAction":[{"@type":"SearchAction","target":{"@type":"EntryPoint","urlTemplate":"https:\/\/sxflightcase.com\/th\/?s={search_term_string}"},"query-input":{"@type":"PropertyValueSpecification","valueRequired":true,"valueName":"search_term_string"}}],"inLanguage":"fr-FR"},{"@type":"Organization","@id":"https:\/\/sxflightcase.com\/th\/#organization","name":"sxpowercase.com","url":"https:\/\/sxflightcase.com\/th\/","logo":{"@type":"ImageObject","inLanguage":"fr-FR","@id":"https:\/\/sxflightcase.com\/th\/#\/schema\/logo\/image\/","url":"https:\/\/sxflightcase.com\/wp-content\/uploads\/2024\/04\/1713919036007.jpg","contentUrl":"https:\/\/sxflightcase.com\/wp-content\/uploads\/2024\/04\/1713919036007.jpg","width":382,"height":388,"caption":"sxpowercase.com"},"image":{"@id":"https:\/\/sxflightcase.com\/th\/#\/schema\/logo\/image\/"},"sameAs":["https:\/\/www.facebook.com\/profile.php?id=61560407257971"],"numberOfEmployees":{"@type":"QuantitativeValue","minValue":"11","maxValue":"50"}}]}},"_links":{"self":[{"href":"https:\/\/sxflightcase.com\/fr\/wp-json\/wp\/v2\/product\/1678","targetHints":{"allow":["GET"]}}],"collection":[{"href":"https:\/\/sxflightcase.com\/fr\/wp-json\/wp\/v2\/product"}],"about":[{"href":"https:\/\/sxflightcase.com\/fr\/wp-json\/wp\/v2\/types\/product"}],"replies":[{"embeddable":true,"href":"https:\/\/sxflightcase.com\/fr\/wp-json\/wp\/v2\/comments?post=1678"}],"version-history":[{"count":0,"href":"https:\/\/sxflightcase.com\/fr\/wp-json\/wp\/v2\/product\/1678\/revisions"}],"wp:featuredmedia":[{"embeddable":true,"href":"https:\/\/sxflightcase.com\/fr\/wp-json\/wp\/v2\/media\/1679"}],"wp:attachment":[{"href":"https:\/\/sxflightcase.com\/fr\/wp-json\/wp\/v2\/media?parent=1678"}],"wp:term":[{"taxonomy":"product_brand","embeddable":true,"href":"https:\/\/sxflightcase.com\/fr\/wp-json\/wp\/v2\/product_brand?post=1678"},{"taxonomy":"product_cat","embeddable":true,"href":"https:\/\/sxflightcase.com\/fr\/wp-json\/wp\/v2\/product_cat?post=1678"},{"taxonomy":"product_tag","embeddable":true,"href":"https:\/\/sxflightcase.com\/fr\/wp-json\/wp\/v2\/product_tag?post=1678"}],"curies":[{"name":"wp","href":"https:\/\/api.w.org\/{rel}","templated":true}]}}