{"id":1686,"date":"2024-05-10T04:00:00","date_gmt":"2024-05-10T03:00:00","guid":{"rendered":"https:\/\/sxpowercase.com\/?post_type=product&#038;p=1686"},"modified":"2024-07-16T02:59:50","modified_gmt":"2024-07-16T01:59:50","slug":"19-flight-cases-plywood","status":"publish","type":"product","link":"https:\/\/sxflightcase.com\/fr\/produit\/19-flight-cases-en-contreplaque\/","title":{"rendered":"Flight-cases FP 19&quot; en contreplaqu\u00e9"},"content":{"rendered":"<p><strong>Param\u00e8tre du produit (sp\u00e9cification)<\/strong><\/p>\n<section class=\"table-wrap\">\n<table class=\"table\" width=\"100%\" cellspacing=\"0\" cellpadding=\"0\">\n<tbody>\n<tr class=\"firstRow\">\n<td width=\"134\">Nom du produit:<\/td>\n<td width=\"503\">19\u2033 Flight Cases Plywood<\/td>\n<\/tr>\n<tr>\n<td width=\"134\">Mati\u00e8re et accessoire :<\/td>\n<td width=\"503\">Contreplaqu\u00e9 de 9 mm + quincaillerie chrom\u00e9e\/zingu\u00e9e + extrusion d&#039;aluminium<br \/>\nCouvercles amovibles avant et arri\u00e8re<\/td>\n<\/tr>\n<tr>\n<td width=\"134\">Doublure en mousse :<\/td>\n<td width=\"503\">Mousse perl\u00e9e \/ mousse EVA \/ mousse \u00e0 \u0153ufs, etc., standard ou sur demande<\/td>\n<\/tr>\n<tr>\n<td width=\"134\">Couleur:<\/td>\n<td width=\"503\">Noir (couleur par d\u00e9faut), rouge, bleu, orange, jaune, vert, etc.<\/td>\n<\/tr>\n<tr>\n<td width=\"134\">D\u00e9lai de mise en \u0153uvre:<\/td>\n<td width=\"503\">Commande d&#039;\u00e9chantillon 3 jours, commande normale 7 \u00e0 15 jours<\/td>\n<\/tr>\n<tr>\n<td width=\"134\">Dimension:<\/td>\n<td width=\"503\">D\u00e9pend de la dimension de l&#039;\u00e9quipement<\/td>\n<\/tr>\n<\/tbody>\n<\/table>\n<\/section>\n<p><strong>Exp\u00e9dition et livraison<\/strong><\/p>\n<p>Exp\u00e9dition : par avion, par mer ou par express<\/p>\n<p>D\u00e9lai d'\u00e9chantillonnage : 5~7 jours<\/p>\n<p>D\u00e9lai de livraison : environ 25~30 jours apr\u00e8s confirmation des d\u00e9tails de la commande et de la production.<\/p>\n<h1>SX Flight Cases contreplaqu\u00e9 : Solutions durables et personnalisables<\/h1>\n<h2>Protection et durabilit\u00e9 ultimes<\/h2>\n<p>Les flight cases en contreplaqu\u00e9 de SX offrent une protection in\u00e9gal\u00e9e \u00e0 votre \u00e9quipement de valeur. Fabriqu\u00e9s en contreplaqu\u00e9 de haute qualit\u00e9, ces flight cases sont con\u00e7us pour r\u00e9sister aux rigueurs du voyage et garantir que votre mat\u00e9riel reste \u00e0 l'abri des chocs et des facteurs environnementaux. Ils sont parfaits pour les musiciens, les professionnels de l'\u00e9v\u00e9nementiel et les techniciens qui ont besoin de solutions de stockage et de transport fiables.<\/p>\n<h2>Ventes directes d&#039;usine pour une valeur maximale<\/h2>\n<h3>Abordable et de premi\u00e8re qualit\u00e9<\/h3>\n<p>\u00c0 <a href=\"https:\/\/sxpowercase.com\/\" target=\"_blank\" rel=\"noopener\" title=\"SX\" data-wpil-monitor-id=\"470\">SX<\/a>Nous sommes convaincus de la n\u00e9cessit\u00e9 de fournir des produits de premi\u00e8re qualit\u00e9 \u00e0 des prix comp\u00e9titifs gr\u00e2ce \u00e0 notre mod\u00e8le de vente directe \u00e0 l'usine. En \u00e9liminant les interm\u00e9diaires, nous nous assurons que vous recevez du contreplaqu\u00e9 Flight Cases de premi\u00e8re qualit\u00e9 \u00e0 une fraction du co\u00fbt. Cette approche nous permet d'offrir une valeur exceptionnelle sans compromis sur la qualit\u00e9, vous assurant ainsi la meilleure protection pour votre \u00e9quipement.<\/p>\n<h2>Personnalisable pour r\u00e9pondre \u00e0 vos besoins<\/h2>\n<h3>Du sur mesure pour chaque professionnel<\/h3>\n<p>Conscient que chaque installation professionnelle a des exigences uniques, SX propose des services de personnalisation \u00e9tendus pour ses flight cases en contreplaqu\u00e9. Que vous ayez besoin de dimensions sp\u00e9cifiques, d'un rembourrage interne ou de compartiments suppl\u00e9mentaires, nous pouvons modifier nos flight cases pour r\u00e9pondre \u00e0 vos sp\u00e9cifications exactes. Nos solutions sur mesure garantissent que votre mat\u00e9riel est prot\u00e9g\u00e9 et organis\u00e9 comme vous le souhaitez.<\/p>\n<h2>Am\u00e9liorez votre image professionnelle<\/h2>\n<h3>Une conception professionnelle et fiable<\/h3>\n<p>L'utilisation du contreplaqu\u00e9 pour Flight Cases SX garantit non seulement la s\u00e9curit\u00e9 de votre \u00e9quipement, mais renforce \u00e9galement votre image professionnelle. La conception robuste et \u00e9l\u00e9gante de nos flight cases refl\u00e8te votre engagement en faveur de la qualit\u00e9 et de la fiabilit\u00e9. Faites forte impression sur vos clients et coll\u00e8gues avec des flight cases qui sont \u00e0 la fois fonctionnels et esth\u00e9tiques, et qui garantissent que votre mat\u00e9riel arrive en parfait \u00e9tat \u00e0 chaque fois.<\/p>\n<hr \/>\n<p>Choisissez le contreplaqu\u00e9 Flight Cases de SX pour une protection, une durabilit\u00e9 et une valeur sup\u00e9rieures. Contactez-nous d\u00e8s aujourd'hui pour d\u00e9couvrir nos ventes directes et nos options de personnalisation. Avec SX, votre \u00e9quipement est toujours entre les meilleures mains. Investissez dans ce qu'il y a de mieux pour \u00e9lever votre entreprise et prot\u00e9ger votre \u00e9quipement avec nos flight cases exceptionnels.<\/p>\n<p><strong>FAQ<\/strong><\/p>\n<p>Q : Comment obtenir un devis ?<\/p>\n<p>R : Contactez-nous pour nous communiquer vos sp\u00e9cifications : mat\u00e9riau, conception, taille, forme, couleur, quantit\u00e9, finition de la surface, etc.<\/p>\n<p>Q : Quelles sont les conditions de paiement ?<\/p>\n<p>A: T.T with 30% down payment, 70%before shipment or West Union also accept.<\/p>\n<p>Q : Pouvez-vous participer \u00e0 la conception ?<\/p>\n<p>R : Oui, la conception simple est gratuite, la conception sp\u00e9ciale est payante.<\/p>\n<p><strong>Notre service<\/strong><\/p>\n<p>La qualit\u00e9 est toujours au premier plan<\/p>\n<p>* Prix raisonnables<\/p>\n<p>* Service OEM fourni<\/p>\n<p>* Service apr\u00e8s-vente responsable<\/p>\n<p>* L'objectif est d'obtenir des commandes r\u00e9p\u00e9t\u00e9es de la part des clients de 90% apr\u00e8s les commandes d'essai.<\/p>\n<p>* Progresser ensemble avec les clients<\/p>\n<p>\u00c9tiquettes populaires: prix bas, en stock, \u00e9chantillon gratuit, c\u00e2ble d&#039;alimentation et de signal, fil \u00e0 4 conducteurs de calibre 16, \u00e9tui pour pied de microphone, armoire d&#039;affichage LED ext\u00e9rieure, montage en rack, mallettes de vol pour mixeur \u00e0 montage en rack 19 pouces, bo\u00eete de distribution \u00e9lectrique, Chine, fournisseurs, usine, personnalis\u00e9, vente en gros, <span style=\"color: #993366;\"><a style=\"color: #993366;\" href=\"https:\/\/sxflightcase.com\/fr\/product-category\/all-product\/power-distribution-boxes\/\">bo\u00eetes d&#039;alimentation<\/a>,\u00a0<a style=\"color: #993366;\" href=\"https:\/\/sxflightcase.com\/fr\/product-category\/all-product\/hoist-controllers\/\">c\u00e2bles d&#039;alimentation<\/a>,\u00a0<a style=\"color: #993366;\" href=\"https:\/\/sxflightcase.com\/fr\/product-category\/all-product\/hoist-controllers\/\">contr\u00f4leurs de levage<\/a>,\u00a0<a style=\"color: #993366;\" href=\"https:\/\/sxflightcase.com\/fr\/product-category\/all-product\/flight-case\/\">mallettes de vol.<\/a><\/span><\/p>","protected":false},"excerpt":{"rendered":"<h2 class=\"prodetails-name\">Flight Cases 19\" en contreplaqu\u00e9<\/h2>\n<p>Nous fournissons des flight cases 19\u2033 en contreplaqu\u00e9 pour offrir une protection fiable aux engins et \u00e9quipements co\u00fbteux pendant l'utilisation, l'emballage, le stockage et le transport. Nous nous consacrons \u00e0 <a class=\"wpil_keyword_link\" title=\"\u00e9tui de transport\" href=\"https:\/\/sxpowercase.com\/product-category\/all-product\/flight-case\/\" target=\"_blank\" rel=\"noopener\" data-wpil-keyword-link=\"linked\" data-wpil-monitor-id=\"404\">\u00e9tui de transport<\/a> depuis de nombreuses ann\u00e9es, couvrant la plupart des march\u00e9s am\u00e9ricains et asiatiques. Nous esp\u00e9rons devenir votre partenaire de longue date en Chine.<\/p>\n<h2><strong>Pr\u00e9sentation de la production<\/strong><\/h2>\n<p>Shengxiang fabrique des flight cases depuis 2001 et est con\u00e7u pour prot\u00e9ger votre investissement. Flight case 19\" en contreplaqu\u00e9 avec tablette coulissante amovible pour ordinateur portable. Quatre pieds en caoutchouc de qualit\u00e9 industrielle<\/p>","protected":false},"featured_media":1687,"comment_status":"open","ping_status":"closed","template":"","meta":[],"product_brand":[],"product_cat":[35],"product_tag":[53],"class_list":{"0":"post-1686","1":"product","2":"type-product","3":"status-publish","4":"has-post-thumbnail","6":"product_cat-standard-rack-cases","7":"product_tag-fp","9":"first","10":"instock","11":"shipping-taxable","12":"product-type-simple"},"yoast_head":"<!-- This site is optimized with the Yoast SEO Premium plugin v27.1 (Yoast SEO v27.2) - https:\/\/yoast.com\/product\/yoast-seo-premium-wordpress\/ -->\n<title>FP 19&#039;&#039; Flight Cases Plywood - https:\/\/sxflightcase.com \ud83d\udc97<\/title>\n<meta name=\"description\" content=\"19&#039;&#039; Flight Cases Plywood: Discover our factory-direct options for professional-grade equipment protection and organization.\" \/>\n<meta name=\"robots\" content=\"index, follow, max-snippet:-1, max-image-preview:large, max-video-preview:-1\" \/>\n<link rel=\"canonical\" href=\"https:\/\/sxflightcase.com\/fr\/\uc81c\ud488\/19-\ube44\ud589-\ucf00\uc774\uc2a4-\ud569\ud310\/\" \/>\n<meta property=\"og:locale\" content=\"fr_FR\" \/>\n<meta property=\"og:type\" content=\"article\" \/>\n<meta property=\"og:title\" content=\"FP 19&#039;&#039; Flight Cases Plywood\" \/>\n<meta property=\"og:description\" content=\"19&#039;&#039; Flight Cases Plywood: Discover our factory-direct options for professional-grade equipment protection and organization.\" \/>\n<meta property=\"og:url\" content=\"https:\/\/sxflightcase.com\/fr\/\uc81c\ud488\/19-\ube44\ud589-\ucf00\uc774\uc2a4-\ud569\ud310\/\" \/>\n<meta property=\"og:site_name\" content=\"https:\/\/sxflightcase.com\" \/>\n<meta property=\"article:publisher\" content=\"https:\/\/www.facebook.com\/profile.php?id=61560407257971\" \/>\n<meta property=\"article:modified_time\" content=\"2024-07-16T01:59:50+00:00\" \/>\n<meta property=\"og:image\" content=\"https:\/\/sxflightcase.com\/wp-content\/uploads\/2024\/05\/19-flight-cases-plywood25576886879.webp\" \/>\n\t<meta property=\"og:image:width\" content=\"750\" \/>\n\t<meta property=\"og:image:height\" content=\"750\" \/>\n\t<meta property=\"og:image:type\" content=\"image\/webp\" \/>\n<meta name=\"twitter:card\" content=\"summary_large_image\" \/>\n<meta name=\"twitter:label1\" content=\"Dur\u00e9e de lecture estim\u00e9e\" \/>\n\t<meta name=\"twitter:data1\" content=\"4 minutes\" \/>\n<script type=\"application\/ld+json\" class=\"yoast-schema-graph\">{\"@context\":\"https:\/\/schema.org\",\"@graph\":[{\"@type\":\"WebPage\",\"@id\":\"https:\/\/sxflightcase.com\/ko\/\uc81c\ud488\/19-\ube44\ud589-\ucf00\uc774\uc2a4-\ud569\ud310\/\",\"url\":\"https:\/\/sxflightcase.com\/ko\/\uc81c\ud488\/19-\ube44\ud589-\ucf00\uc774\uc2a4-\ud569\ud310\/\",\"name\":\"FP 19'' Flight Cases Plywood - https:\/\/sxflightcase.com \ud83d\udc97\",\"isPartOf\":{\"@id\":\"https:\/\/sxflightcase.com\/th\/#website\"},\"primaryImageOfPage\":{\"@id\":\"https:\/\/sxflightcase.com\/ko\/\uc81c\ud488\/19-\ube44\ud589-\ucf00\uc774\uc2a4-\ud569\ud310\/#primaryimage\"},\"image\":{\"@id\":\"https:\/\/sxflightcase.com\/ko\/\uc81c\ud488\/19-\ube44\ud589-\ucf00\uc774\uc2a4-\ud569\ud310\/#primaryimage\"},\"thumbnailUrl\":\"https:\/\/sxflightcase.com\/wp-content\/uploads\/2024\/05\/19-flight-cases-plywood25576886879.webp\",\"datePublished\":\"2024-05-10T03:00:00+00:00\",\"dateModified\":\"2024-07-16T01:59:50+00:00\",\"description\":\"19'' Flight Cases Plywood: Discover our factory-direct options for professional-grade equipment protection and organization.\",\"breadcrumb\":{\"@id\":\"https:\/\/sxflightcase.com\/ko\/\uc81c\ud488\/19-\ube44\ud589-\ucf00\uc774\uc2a4-\ud569\ud310\/#breadcrumb\"},\"inLanguage\":\"fr-FR\",\"potentialAction\":[{\"@type\":\"ReadAction\",\"target\":[\"https:\/\/sxflightcase.com\/ko\/\uc81c\ud488\/19-\ube44\ud589-\ucf00\uc774\uc2a4-\ud569\ud310\/\"]}]},{\"@type\":\"ImageObject\",\"inLanguage\":\"fr-FR\",\"@id\":\"https:\/\/sxflightcase.com\/ko\/\uc81c\ud488\/19-\ube44\ud589-\ucf00\uc774\uc2a4-\ud569\ud310\/#primaryimage\",\"url\":\"https:\/\/sxflightcase.com\/wp-content\/uploads\/2024\/05\/19-flight-cases-plywood25576886879.webp\",\"contentUrl\":\"https:\/\/sxflightcase.com\/wp-content\/uploads\/2024\/05\/19-flight-cases-plywood25576886879.webp\",\"width\":750,\"height\":750,\"caption\":\"19'' Flight Cases Plywood\"},{\"@type\":\"BreadcrumbList\",\"@id\":\"https:\/\/sxflightcase.com\/ko\/\uc81c\ud488\/19-\ube44\ud589-\ucf00\uc774\uc2a4-\ud569\ud310\/#breadcrumb\",\"itemListElement\":[{\"@type\":\"ListItem\",\"position\":1,\"name\":\"Home\",\"item\":\"https:\/\/sxflightcase.com\/\"},{\"@type\":\"ListItem\",\"position\":2,\"name\":\"\u0e2a\u0e34\u0e19\u0e04\u0e49\u0e32\",\"item\":\"https:\/\/sxflightcase.com\/th\/shop\/\"},{\"@type\":\"ListItem\",\"position\":3,\"name\":\"FP 19&#8221; Flight Cases Plywood\"}]},{\"@type\":\"WebSite\",\"@id\":\"https:\/\/sxflightcase.com\/th\/#website\",\"url\":\"https:\/\/sxflightcase.com\/th\/\",\"name\":\"sxpowercase.com\",\"description\":\"Flight Case Factory\",\"publisher\":{\"@id\":\"https:\/\/sxflightcase.com\/th\/#organization\"},\"potentialAction\":[{\"@type\":\"SearchAction\",\"target\":{\"@type\":\"EntryPoint\",\"urlTemplate\":\"https:\/\/sxflightcase.com\/th\/?s={search_term_string}\"},\"query-input\":{\"@type\":\"PropertyValueSpecification\",\"valueRequired\":true,\"valueName\":\"search_term_string\"}}],\"inLanguage\":\"fr-FR\"},{\"@type\":\"Organization\",\"@id\":\"https:\/\/sxflightcase.com\/th\/#organization\",\"name\":\"sxpowercase.com\",\"url\":\"https:\/\/sxflightcase.com\/th\/\",\"logo\":{\"@type\":\"ImageObject\",\"inLanguage\":\"fr-FR\",\"@id\":\"https:\/\/sxflightcase.com\/th\/#\/schema\/logo\/image\/\",\"url\":\"https:\/\/sxflightcase.com\/wp-content\/uploads\/2024\/04\/1713919036007.jpg\",\"contentUrl\":\"https:\/\/sxflightcase.com\/wp-content\/uploads\/2024\/04\/1713919036007.jpg\",\"width\":382,\"height\":388,\"caption\":\"sxpowercase.com\"},\"image\":{\"@id\":\"https:\/\/sxflightcase.com\/th\/#\/schema\/logo\/image\/\"},\"sameAs\":[\"https:\/\/www.facebook.com\/profile.php?id=61560407257971\"],\"numberOfEmployees\":{\"@type\":\"QuantitativeValue\",\"minValue\":\"11\",\"maxValue\":\"50\"}}]}<\/script>\n<!-- \/ Yoast SEO Premium plugin. -->","yoast_head_json":{"title":"FP 19'' Flight Cases Plywood - https:\/\/sxflightcase.com \ud83d\udc97","description":"Flight Cases 19'' en contreplaqu\u00e9 : D\u00e9couvrez nos options de protection et d'organisation du mat\u00e9riel de qualit\u00e9 professionnelle.","robots":{"index":"index","follow":"follow","max-snippet":"max-snippet:-1","max-image-preview":"max-image-preview:large","max-video-preview":"max-video-preview:-1"},"canonical":"https:\/\/sxflightcase.com\/fr\/\uc81c\ud488\/19-\ube44\ud589-\ucf00\uc774\uc2a4-\ud569\ud310\/","og_locale":"fr_FR","og_type":"article","og_title":"FP 19'' Flight Cases Plywood","og_description":"19'' Flight Cases Plywood: Discover our factory-direct options for professional-grade equipment protection and organization.","og_url":"https:\/\/sxflightcase.com\/fr\/\uc81c\ud488\/19-\ube44\ud589-\ucf00\uc774\uc2a4-\ud569\ud310\/","og_site_name":"https:\/\/sxflightcase.com","article_publisher":"https:\/\/www.facebook.com\/profile.php?id=61560407257971","article_modified_time":"2024-07-16T01:59:50+00:00","og_image":[{"width":750,"height":750,"url":"https:\/\/sxflightcase.com\/wp-content\/uploads\/2024\/05\/19-flight-cases-plywood25576886879.webp","type":"image\/webp"}],"twitter_card":"summary_large_image","twitter_misc":{"Dur\u00e9e de lecture estim\u00e9e":"4 minutes"},"schema":{"@context":"https:\/\/schema.org","@graph":[{"@type":"WebPage","@id":"https:\/\/sxflightcase.com\/ko\/\uc81c\ud488\/19-\ube44\ud589-\ucf00\uc774\uc2a4-\ud569\ud310\/","url":"https:\/\/sxflightcase.com\/ko\/\uc81c\ud488\/19-\ube44\ud589-\ucf00\uc774\uc2a4-\ud569\ud310\/","name":"FP 19'' Flight Cases Plywood - https:\/\/sxflightcase.com \ud83d\udc97","isPartOf":{"@id":"https:\/\/sxflightcase.com\/th\/#website"},"primaryImageOfPage":{"@id":"https:\/\/sxflightcase.com\/ko\/\uc81c\ud488\/19-\ube44\ud589-\ucf00\uc774\uc2a4-\ud569\ud310\/#primaryimage"},"image":{"@id":"https:\/\/sxflightcase.com\/ko\/\uc81c\ud488\/19-\ube44\ud589-\ucf00\uc774\uc2a4-\ud569\ud310\/#primaryimage"},"thumbnailUrl":"https:\/\/sxflightcase.com\/wp-content\/uploads\/2024\/05\/19-flight-cases-plywood25576886879.webp","datePublished":"2024-05-10T03:00:00+00:00","dateModified":"2024-07-16T01:59:50+00:00","description":"Flight Cases 19'' en contreplaqu\u00e9 : D\u00e9couvrez nos options de protection et d'organisation du mat\u00e9riel de qualit\u00e9 professionnelle.","breadcrumb":{"@id":"https:\/\/sxflightcase.com\/ko\/\uc81c\ud488\/19-\ube44\ud589-\ucf00\uc774\uc2a4-\ud569\ud310\/#breadcrumb"},"inLanguage":"fr-FR","potentialAction":[{"@type":"ReadAction","target":["https:\/\/sxflightcase.com\/ko\/\uc81c\ud488\/19-\ube44\ud589-\ucf00\uc774\uc2a4-\ud569\ud310\/"]}]},{"@type":"ImageObject","inLanguage":"fr-FR","@id":"https:\/\/sxflightcase.com\/ko\/\uc81c\ud488\/19-\ube44\ud589-\ucf00\uc774\uc2a4-\ud569\ud310\/#primaryimage","url":"https:\/\/sxflightcase.com\/wp-content\/uploads\/2024\/05\/19-flight-cases-plywood25576886879.webp","contentUrl":"https:\/\/sxflightcase.com\/wp-content\/uploads\/2024\/05\/19-flight-cases-plywood25576886879.webp","width":750,"height":750,"caption":"19'' Flight Cases Plywood"},{"@type":"BreadcrumbList","@id":"https:\/\/sxflightcase.com\/ko\/\uc81c\ud488\/19-\ube44\ud589-\ucf00\uc774\uc2a4-\ud569\ud310\/#breadcrumb","itemListElement":[{"@type":"ListItem","position":1,"name":"Home","item":"https:\/\/sxflightcase.com\/"},{"@type":"ListItem","position":2,"name":"\u0e2a\u0e34\u0e19\u0e04\u0e49\u0e32","item":"https:\/\/sxflightcase.com\/th\/shop\/"},{"@type":"ListItem","position":3,"name":"FP 19&#8221; Flight Cases Plywood"}]},{"@type":"WebSite","@id":"https:\/\/sxflightcase.com\/th\/#website","url":"https:\/\/sxflightcase.com\/th\/","name":"sxpowercase.com","description":"Flight Case Factory","publisher":{"@id":"https:\/\/sxflightcase.com\/th\/#organization"},"potentialAction":[{"@type":"SearchAction","target":{"@type":"EntryPoint","urlTemplate":"https:\/\/sxflightcase.com\/th\/?s={search_term_string}"},"query-input":{"@type":"PropertyValueSpecification","valueRequired":true,"valueName":"search_term_string"}}],"inLanguage":"fr-FR"},{"@type":"Organization","@id":"https:\/\/sxflightcase.com\/th\/#organization","name":"sxpowercase.com","url":"https:\/\/sxflightcase.com\/th\/","logo":{"@type":"ImageObject","inLanguage":"fr-FR","@id":"https:\/\/sxflightcase.com\/th\/#\/schema\/logo\/image\/","url":"https:\/\/sxflightcase.com\/wp-content\/uploads\/2024\/04\/1713919036007.jpg","contentUrl":"https:\/\/sxflightcase.com\/wp-content\/uploads\/2024\/04\/1713919036007.jpg","width":382,"height":388,"caption":"sxpowercase.com"},"image":{"@id":"https:\/\/sxflightcase.com\/th\/#\/schema\/logo\/image\/"},"sameAs":["https:\/\/www.facebook.com\/profile.php?id=61560407257971"],"numberOfEmployees":{"@type":"QuantitativeValue","minValue":"11","maxValue":"50"}}]}},"_links":{"self":[{"href":"https:\/\/sxflightcase.com\/fr\/wp-json\/wp\/v2\/product\/1686","targetHints":{"allow":["GET"]}}],"collection":[{"href":"https:\/\/sxflightcase.com\/fr\/wp-json\/wp\/v2\/product"}],"about":[{"href":"https:\/\/sxflightcase.com\/fr\/wp-json\/wp\/v2\/types\/product"}],"replies":[{"embeddable":true,"href":"https:\/\/sxflightcase.com\/fr\/wp-json\/wp\/v2\/comments?post=1686"}],"version-history":[{"count":0,"href":"https:\/\/sxflightcase.com\/fr\/wp-json\/wp\/v2\/product\/1686\/revisions"}],"wp:featuredmedia":[{"embeddable":true,"href":"https:\/\/sxflightcase.com\/fr\/wp-json\/wp\/v2\/media\/1687"}],"wp:attachment":[{"href":"https:\/\/sxflightcase.com\/fr\/wp-json\/wp\/v2\/media?parent=1686"}],"wp:term":[{"taxonomy":"product_brand","embeddable":true,"href":"https:\/\/sxflightcase.com\/fr\/wp-json\/wp\/v2\/product_brand?post=1686"},{"taxonomy":"product_cat","embeddable":true,"href":"https:\/\/sxflightcase.com\/fr\/wp-json\/wp\/v2\/product_cat?post=1686"},{"taxonomy":"product_tag","embeddable":true,"href":"https:\/\/sxflightcase.com\/fr\/wp-json\/wp\/v2\/product_tag?post=1686"}],"curies":[{"name":"wp","href":"https:\/\/api.w.org\/{rel}","templated":true}]}}