{"id":1693,"date":"2024-05-10T04:05:31","date_gmt":"2024-05-10T03:05:31","guid":{"rendered":"https:\/\/sxpowercase.com\/?post_type=product&#038;p=1693"},"modified":"2024-06-27T07:27:48","modified_gmt":"2024-06-27T06:27:48","slug":"abs-flight-case","status":"publish","type":"product","link":"https:\/\/sxflightcase.com\/fr\/produit\/flight-case-en-abs-2\/","title":{"rendered":"\u00c9tui de transport en ABS"},"content":{"rendered":"<h3><strong>Param\u00e8tre du produit (sp\u00e9cification)<\/strong><\/h3>\n<section class=\"table-wrap\">\n<table class=\"table\" width=\"100%\" cellspacing=\"0\" cellpadding=\"0\">\n<tbody>\n<tr class=\"firstRow\">\n<td width=\"134\">Nom du produit:<\/td>\n<td width=\"503\">Flight case en abs<\/td>\n<\/tr>\n<tr>\n<td width=\"134\">Mat\u00e9riau :<\/td>\n<td width=\"503\">Panneau ABS + Quincaillerie chrom\u00e9e\/zinc\u00e9e + Extrusion en aluminium<\/td>\n<\/tr>\n<tr>\n<td width=\"134\">Doublure en mousse :<\/td>\n<td width=\"503\">Non<\/td>\n<\/tr>\n<tr>\n<td width=\"134\">Couleur:<\/td>\n<td width=\"503\">Noir (couleur par d\u00e9faut)<\/td>\n<\/tr>\n<tr>\n<td width=\"134\">D\u00e9lai de mise en \u0153uvre:<\/td>\n<td width=\"503\">Commande d&#039;\u00e9chantillon 3 jours, commande normale 7 \u00e0 15 jours<\/td>\n<\/tr>\n<tr>\n<td width=\"134\">Dimension:<\/td>\n<td width=\"503\">D\u00e9pend de la dimension de l&#039;\u00e9quipement<\/td>\n<\/tr>\n<\/tbody>\n<\/table>\n<\/section>\n<p>D\u00e9lai d'ex\u00e9cution :<\/p>\n<section class=\"table-wrap\">\n<table class=\"table\" width=\"100%\" cellspacing=\"0\" cellpadding=\"0\">\n<tbody>\n<tr class=\"firstRow\">\n<td>Quantit\u00e9 (unit\u00e9s)<\/td>\n<td>1 &#8211; 50<\/td>\n<td>&gt;50<\/td>\n<\/tr>\n<tr>\n<td>Est. Temps (jours)<\/td>\n<td>5<\/td>\n<td>A n\u00e9gocier<\/td>\n<\/tr>\n<\/tbody>\n<\/table>\n<\/section>\n<h1>Prot\u00e9gez votre mat\u00e9riel avec le Flight Case en ABS de SX<\/h1>\n<h2>Une protection sup\u00e9rieure pour votre \u00e9quipement<\/h2>\n<p>Le <a href=\"https:\/\/sxpowercase.com\/\" target=\"_blank\" rel=\"noopener\" title=\"SX\" data-wpil-monitor-id=\"466\">SX<\/a> ABS Flight Case offre une protection in\u00e9gal\u00e9e \u00e0 votre \u00e9quipement de valeur. Con\u00e7ue en plastique ABS robuste, cette mallette garantit la s\u00e9curit\u00e9 de votre mat\u00e9riel pendant le transport. Que vous soyez musicien, photographe ou technicien, le SX ABS Flight Case est votre compagnon de voyage id\u00e9al.<\/p>\n<h2>Robuste et fiable<\/h2>\n<h3>Construit pour durer<\/h3>\n<p>Le Flight Case ABS de SX est con\u00e7u pour r\u00e9sister aux conditions les plus difficiles. La coque en ABS robuste r\u00e9siste aux chocs, tandis que les coins renforc\u00e9s et les poign\u00e9es robustes offrent une durabilit\u00e9 suppl\u00e9mentaire. Cette valise est parfaite pour les professionnels qui ont besoin d'une protection fiable pour leur mat\u00e9riel, quelles que soient les conditions de voyage.<\/p>\n<h2>Ventes directes d&#039;usine<\/h2>\n<h3>Une valeur imbattable<\/h3>\n<p>Chez SX, nous proposons notre Flight Case ABS par le biais de ventes directes d'usine. Cela signifie que vous b\u00e9n\u00e9ficiez d'une qualit\u00e9 sup\u00e9rieure \u00e0 un prix imbattable. En supprimant les interm\u00e9diaires, nous nous assurons que vous obtenez la meilleure valeur, ce qui vous permet d'investir dans une protection de haute qualit\u00e9 sans vous ruiner.<\/p>\n<h2>Services de personnalisation<\/h2>\n<h3>Adapt\u00e9 \u00e0 vos besoins<\/h3>\n<p>Nous comprenons que chaque \u00e9quipement est unique. C'est pourquoi SX propose des services de personnalisation pour sa Flight Case en ABS. Que vous ayez besoin de dimensions sp\u00e9cifiques, d'un rembourrage int\u00e9rieur ou de compartiments suppl\u00e9mentaires, nous pouvons adapter la valise \u00e0 vos besoins exacts. Profitez d'un flight case qui r\u00e9pond parfaitement \u00e0 vos besoins.<\/p>\n<h2>Am\u00e9liorez votre entreprise<\/h2>\n<h3>Qualit\u00e9 professionnelle<\/h3>\n<p>Utilisation de SX <a href=\"https:\/\/sxpowercase.com\/flight-case\/\" target=\"_blank\" rel=\"noopener\" data-wpil-monitor-id=\"494\">\u00c9tui de transport<\/a> peut vous aider \u00e0 am\u00e9liorer votre activit\u00e9 en veillant \u00e0 ce que votre \u00e9quipement arrive toujours en toute s\u00e9curit\u00e9 et en parfait \u00e9tat. Nos mallettes sont con\u00e7ues pour r\u00e9pondre aux normes professionnelles, ce qui en fait un outil essentiel pour tout professionnel s\u00e9rieux. Prot\u00e9gez votre mat\u00e9riel, impressionnez vos clients et am\u00e9liorez vos op\u00e9rations commerciales gr\u00e2ce \u00e0 nos mallettes haut de gamme.<\/p>\n<hr \/>\n<p>Choisissez le Flight Case de SX pour une protection, une fiabilit\u00e9 et une valeur in\u00e9gal\u00e9es. Contactez-nous d\u00e8s aujourd'hui pour en savoir plus sur nos ventes directes et nos options de personnalisation. Avec SX, vous pouvez \u00eatre s\u00fbr que votre \u00e9quipement est entre de bonnes mains. D\u00e9couvrez la diff\u00e9rence que la qualit\u00e9 sup\u00e9rieure et le service personnalis\u00e9 peuvent faire pour votre entreprise.<\/p>\n<p><strong>Notre service<\/strong><\/p>\n<p>1. Service plus professionnel dans le domaine de l&#039;exportation de produits d&#039;emballage et d&#039;impression<\/p>\n<p>2. Meilleure capacit\u00e9 de fabrication<\/p>\n<p>3. Diff\u00e9rentes conditions de paiement au choix : T\/T, Western Union<\/p>\n<p>\u00c9tiquettes populaires: prix bas, en stock, \u00e9chantillon gratuit, c\u00e2ble d&#039;alimentation et de signal, fil \u00e0 4 conducteurs de calibre 16, \u00e9tui pour pied de microphone, armoire d&#039;affichage LED ext\u00e9rieure, montage en rack, mallettes de vol pour mixeur \u00e0 montage en rack 19 pouces, bo\u00eete de distribution \u00e9lectrique, Chine, fournisseurs, usine, personnalis\u00e9, vente en gros, <span style=\"color: #993366;\"><a style=\"color: #993366;\" href=\"https:\/\/sxflightcase.com\/fr\/product-category\/all-product\/power-distribution-boxes\/\">bo\u00eetes d&#039;alimentation<\/a>,\u00a0<a style=\"color: #993366;\" href=\"https:\/\/sxflightcase.com\/fr\/product-category\/all-product\/hoist-controllers\/\">c\u00e2bles d&#039;alimentation<\/a>,\u00a0<a style=\"color: #993366;\" href=\"https:\/\/sxflightcase.com\/fr\/product-category\/all-product\/hoist-controllers\/\">contr\u00f4leurs de levage<\/a>,\u00a0<a style=\"color: #993366;\" href=\"https:\/\/sxflightcase.com\/fr\/product-category\/all-product\/flight-case\/\">mallettes de vol.<\/a><\/span><\/p>","protected":false},"excerpt":{"rendered":"<h2 class=\"prodetails-name\">\u00c9tui de transport en ABS<\/h2>\n<p>Nous sommes un grossiste de toutes sortes de flight cases, nous fournissons des flight cases en ABS avec des loquets cadenassables qui assurent la s\u00e9curit\u00e9 pour la tranquillit\u00e9 d'esprit, des coins intelligents empilables qui vous permettent de mettre plusieurs caisses l'une sur l'autre avec une grande stabilit\u00e9, et des poign\u00e9es encastr\u00e9es qui sont confortables \u00e0 transporter.<\/p>\n<h2><strong>Pr\u00e9sentation de la production<\/strong><\/h2>\n<p>Ce flight case en ABS est con\u00e7u avec des mat\u00e9riaux de haute qualit\u00e9 : plastique ABS\/contreplaqu\u00e9 lamin\u00e9, doublure en mousse, extrusions d'aluminium et mat\u00e9riel de qualit\u00e9.<\/p>","protected":false},"featured_media":1694,"comment_status":"open","ping_status":"closed","template":"","meta":[],"product_brand":[],"product_cat":[35],"product_tag":[47],"class_list":{"0":"post-1693","1":"product","2":"type-product","3":"status-publish","4":"has-post-thumbnail","6":"product_cat-standard-rack-cases","7":"product_tag-abs","9":"first","10":"instock","11":"shipping-taxable","12":"product-type-simple"},"yoast_head":"<!-- This site is optimized with the Yoast SEO Premium plugin v27.1 (Yoast SEO v27.2) - https:\/\/yoast.com\/product\/yoast-seo-premium-wordpress\/ -->\n<title>Abs Flight Case - https:\/\/sxflightcase.com \ud83d\udc97<\/title>\n<meta name=\"description\" content=\"Abs Flight Case: Discover our factory-direct options, offering professional customization for efficient organization and storage of your equipment.\" \/>\n<meta name=\"robots\" content=\"index, follow, max-snippet:-1, max-image-preview:large, max-video-preview:-1\" \/>\n<link rel=\"canonical\" href=\"https:\/\/sxflightcase.com\/fr\/produit\/flight-case-en-abs-2\/\" \/>\n<meta property=\"og:locale\" content=\"fr_FR\" \/>\n<meta property=\"og:type\" content=\"article\" \/>\n<meta property=\"og:title\" content=\"Abs Flight Case\" \/>\n<meta property=\"og:description\" content=\"Abs Flight Case: Discover our factory-direct options, offering professional customization for efficient organization and storage of your equipment.\" \/>\n<meta property=\"og:url\" content=\"https:\/\/sxflightcase.com\/fr\/produit\/flight-case-en-abs-2\/\" \/>\n<meta property=\"og:site_name\" content=\"https:\/\/sxflightcase.com\" \/>\n<meta property=\"article:publisher\" content=\"https:\/\/www.facebook.com\/profile.php?id=61560407257971\" \/>\n<meta property=\"article:modified_time\" content=\"2024-06-27T06:27:48+00:00\" \/>\n<meta property=\"og:image\" content=\"https:\/\/sxflightcase.com\/wp-content\/uploads\/2024\/05\/abs-flight-case03384556144.webp\" \/>\n\t<meta property=\"og:image:width\" content=\"750\" \/>\n\t<meta property=\"og:image:height\" content=\"750\" \/>\n\t<meta property=\"og:image:type\" content=\"image\/webp\" \/>\n<meta name=\"twitter:card\" content=\"summary_large_image\" \/>\n<meta name=\"twitter:label1\" content=\"Dur\u00e9e de lecture estim\u00e9e\" \/>\n\t<meta name=\"twitter:data1\" content=\"3 minutes\" \/>\n<script type=\"application\/ld+json\" class=\"yoast-schema-graph\">{\"@context\":\"https:\/\/schema.org\",\"@graph\":[{\"@type\":\"WebPage\",\"@id\":\"https:\/\/sxflightcase.com\/fr\/produit\/flight-case-en-abs-2\/\",\"url\":\"https:\/\/sxflightcase.com\/fr\/produit\/flight-case-en-abs-2\/\",\"name\":\"Abs Flight Case - https:\/\/sxflightcase.com \ud83d\udc97\",\"isPartOf\":{\"@id\":\"https:\/\/sxflightcase.com\/th\/#website\"},\"primaryImageOfPage\":{\"@id\":\"https:\/\/sxflightcase.com\/fr\/produit\/flight-case-en-abs-2\/#primaryimage\"},\"image\":{\"@id\":\"https:\/\/sxflightcase.com\/fr\/produit\/flight-case-en-abs-2\/#primaryimage\"},\"thumbnailUrl\":\"https:\/\/sxflightcase.com\/wp-content\/uploads\/2024\/05\/abs-flight-case03384556144.webp\",\"datePublished\":\"2024-05-10T03:05:31+00:00\",\"dateModified\":\"2024-06-27T06:27:48+00:00\",\"description\":\"Abs Flight Case: Discover our factory-direct options, offering professional customization for efficient organization and storage of your equipment.\",\"breadcrumb\":{\"@id\":\"https:\/\/sxflightcase.com\/fr\/produit\/flight-case-en-abs-2\/#breadcrumb\"},\"inLanguage\":\"fr-FR\",\"potentialAction\":[{\"@type\":\"ReadAction\",\"target\":[\"https:\/\/sxflightcase.com\/fr\/produit\/flight-case-en-abs-2\/\"]}]},{\"@type\":\"ImageObject\",\"inLanguage\":\"fr-FR\",\"@id\":\"https:\/\/sxflightcase.com\/fr\/produit\/flight-case-en-abs-2\/#primaryimage\",\"url\":\"https:\/\/sxflightcase.com\/wp-content\/uploads\/2024\/05\/abs-flight-case03384556144.webp\",\"contentUrl\":\"https:\/\/sxflightcase.com\/wp-content\/uploads\/2024\/05\/abs-flight-case03384556144.webp\",\"width\":750,\"height\":750,\"caption\":\"Abs Flight Case\"},{\"@type\":\"BreadcrumbList\",\"@id\":\"https:\/\/sxflightcase.com\/fr\/produit\/flight-case-en-abs-2\/#breadcrumb\",\"itemListElement\":[{\"@type\":\"ListItem\",\"position\":1,\"name\":\"Home\",\"item\":\"https:\/\/sxflightcase.com\/\"},{\"@type\":\"ListItem\",\"position\":2,\"name\":\"\u0e2a\u0e34\u0e19\u0e04\u0e49\u0e32\",\"item\":\"https:\/\/sxflightcase.com\/th\/shop\/\"},{\"@type\":\"ListItem\",\"position\":3,\"name\":\"Abs Flight Case\"}]},{\"@type\":\"WebSite\",\"@id\":\"https:\/\/sxflightcase.com\/th\/#website\",\"url\":\"https:\/\/sxflightcase.com\/th\/\",\"name\":\"sxpowercase.com\",\"description\":\"Flight Case Factory\",\"publisher\":{\"@id\":\"https:\/\/sxflightcase.com\/th\/#organization\"},\"potentialAction\":[{\"@type\":\"SearchAction\",\"target\":{\"@type\":\"EntryPoint\",\"urlTemplate\":\"https:\/\/sxflightcase.com\/th\/?s={search_term_string}\"},\"query-input\":{\"@type\":\"PropertyValueSpecification\",\"valueRequired\":true,\"valueName\":\"search_term_string\"}}],\"inLanguage\":\"fr-FR\"},{\"@type\":\"Organization\",\"@id\":\"https:\/\/sxflightcase.com\/th\/#organization\",\"name\":\"sxpowercase.com\",\"url\":\"https:\/\/sxflightcase.com\/th\/\",\"logo\":{\"@type\":\"ImageObject\",\"inLanguage\":\"fr-FR\",\"@id\":\"https:\/\/sxflightcase.com\/th\/#\/schema\/logo\/image\/\",\"url\":\"https:\/\/sxflightcase.com\/wp-content\/uploads\/2024\/04\/1713919036007.jpg\",\"contentUrl\":\"https:\/\/sxflightcase.com\/wp-content\/uploads\/2024\/04\/1713919036007.jpg\",\"width\":382,\"height\":388,\"caption\":\"sxpowercase.com\"},\"image\":{\"@id\":\"https:\/\/sxflightcase.com\/th\/#\/schema\/logo\/image\/\"},\"sameAs\":[\"https:\/\/www.facebook.com\/profile.php?id=61560407257971\"],\"numberOfEmployees\":{\"@type\":\"QuantitativeValue\",\"minValue\":\"11\",\"maxValue\":\"50\"}}]}<\/script>\n<!-- \/ Yoast SEO Premium plugin. -->","yoast_head_json":{"title":"Abs Flight Case - https:\/\/sxflightcase.com \ud83d\udc97","description":"Abs Flight Case : D\u00e9couvrez nos options d'usine, offrant une personnalisation professionnelle pour une organisation et un stockage efficaces de votre \u00e9quipement.","robots":{"index":"index","follow":"follow","max-snippet":"max-snippet:-1","max-image-preview":"max-image-preview:large","max-video-preview":"max-video-preview:-1"},"canonical":"https:\/\/sxflightcase.com\/fr\/produit\/flight-case-en-abs-2\/","og_locale":"fr_FR","og_type":"article","og_title":"Abs Flight Case","og_description":"Abs Flight Case: Discover our factory-direct options, offering professional customization for efficient organization and storage of your equipment.","og_url":"https:\/\/sxflightcase.com\/fr\/produit\/flight-case-en-abs-2\/","og_site_name":"https:\/\/sxflightcase.com","article_publisher":"https:\/\/www.facebook.com\/profile.php?id=61560407257971","article_modified_time":"2024-06-27T06:27:48+00:00","og_image":[{"width":750,"height":750,"url":"https:\/\/sxflightcase.com\/wp-content\/uploads\/2024\/05\/abs-flight-case03384556144.webp","type":"image\/webp"}],"twitter_card":"summary_large_image","twitter_misc":{"Dur\u00e9e de lecture estim\u00e9e":"3 minutes"},"schema":{"@context":"https:\/\/schema.org","@graph":[{"@type":"WebPage","@id":"https:\/\/sxflightcase.com\/fr\/produit\/flight-case-en-abs-2\/","url":"https:\/\/sxflightcase.com\/fr\/produit\/flight-case-en-abs-2\/","name":"Abs Flight Case - https:\/\/sxflightcase.com \ud83d\udc97","isPartOf":{"@id":"https:\/\/sxflightcase.com\/th\/#website"},"primaryImageOfPage":{"@id":"https:\/\/sxflightcase.com\/fr\/produit\/flight-case-en-abs-2\/#primaryimage"},"image":{"@id":"https:\/\/sxflightcase.com\/fr\/produit\/flight-case-en-abs-2\/#primaryimage"},"thumbnailUrl":"https:\/\/sxflightcase.com\/wp-content\/uploads\/2024\/05\/abs-flight-case03384556144.webp","datePublished":"2024-05-10T03:05:31+00:00","dateModified":"2024-06-27T06:27:48+00:00","description":"Abs Flight Case : D\u00e9couvrez nos options d'usine, offrant une personnalisation professionnelle pour une organisation et un stockage efficaces de votre \u00e9quipement.","breadcrumb":{"@id":"https:\/\/sxflightcase.com\/fr\/produit\/flight-case-en-abs-2\/#breadcrumb"},"inLanguage":"fr-FR","potentialAction":[{"@type":"ReadAction","target":["https:\/\/sxflightcase.com\/fr\/produit\/flight-case-en-abs-2\/"]}]},{"@type":"ImageObject","inLanguage":"fr-FR","@id":"https:\/\/sxflightcase.com\/fr\/produit\/flight-case-en-abs-2\/#primaryimage","url":"https:\/\/sxflightcase.com\/wp-content\/uploads\/2024\/05\/abs-flight-case03384556144.webp","contentUrl":"https:\/\/sxflightcase.com\/wp-content\/uploads\/2024\/05\/abs-flight-case03384556144.webp","width":750,"height":750,"caption":"Abs Flight Case"},{"@type":"BreadcrumbList","@id":"https:\/\/sxflightcase.com\/fr\/produit\/flight-case-en-abs-2\/#breadcrumb","itemListElement":[{"@type":"ListItem","position":1,"name":"Home","item":"https:\/\/sxflightcase.com\/"},{"@type":"ListItem","position":2,"name":"\u0e2a\u0e34\u0e19\u0e04\u0e49\u0e32","item":"https:\/\/sxflightcase.com\/th\/shop\/"},{"@type":"ListItem","position":3,"name":"Abs Flight Case"}]},{"@type":"WebSite","@id":"https:\/\/sxflightcase.com\/th\/#website","url":"https:\/\/sxflightcase.com\/th\/","name":"sxpowercase.com","description":"Flight Case Factory","publisher":{"@id":"https:\/\/sxflightcase.com\/th\/#organization"},"potentialAction":[{"@type":"SearchAction","target":{"@type":"EntryPoint","urlTemplate":"https:\/\/sxflightcase.com\/th\/?s={search_term_string}"},"query-input":{"@type":"PropertyValueSpecification","valueRequired":true,"valueName":"search_term_string"}}],"inLanguage":"fr-FR"},{"@type":"Organization","@id":"https:\/\/sxflightcase.com\/th\/#organization","name":"sxpowercase.com","url":"https:\/\/sxflightcase.com\/th\/","logo":{"@type":"ImageObject","inLanguage":"fr-FR","@id":"https:\/\/sxflightcase.com\/th\/#\/schema\/logo\/image\/","url":"https:\/\/sxflightcase.com\/wp-content\/uploads\/2024\/04\/1713919036007.jpg","contentUrl":"https:\/\/sxflightcase.com\/wp-content\/uploads\/2024\/04\/1713919036007.jpg","width":382,"height":388,"caption":"sxpowercase.com"},"image":{"@id":"https:\/\/sxflightcase.com\/th\/#\/schema\/logo\/image\/"},"sameAs":["https:\/\/www.facebook.com\/profile.php?id=61560407257971"],"numberOfEmployees":{"@type":"QuantitativeValue","minValue":"11","maxValue":"50"}}]}},"_links":{"self":[{"href":"https:\/\/sxflightcase.com\/fr\/wp-json\/wp\/v2\/product\/1693","targetHints":{"allow":["GET"]}}],"collection":[{"href":"https:\/\/sxflightcase.com\/fr\/wp-json\/wp\/v2\/product"}],"about":[{"href":"https:\/\/sxflightcase.com\/fr\/wp-json\/wp\/v2\/types\/product"}],"replies":[{"embeddable":true,"href":"https:\/\/sxflightcase.com\/fr\/wp-json\/wp\/v2\/comments?post=1693"}],"version-history":[{"count":0,"href":"https:\/\/sxflightcase.com\/fr\/wp-json\/wp\/v2\/product\/1693\/revisions"}],"wp:featuredmedia":[{"embeddable":true,"href":"https:\/\/sxflightcase.com\/fr\/wp-json\/wp\/v2\/media\/1694"}],"wp:attachment":[{"href":"https:\/\/sxflightcase.com\/fr\/wp-json\/wp\/v2\/media?parent=1693"}],"wp:term":[{"taxonomy":"product_brand","embeddable":true,"href":"https:\/\/sxflightcase.com\/fr\/wp-json\/wp\/v2\/product_brand?post=1693"},{"taxonomy":"product_cat","embeddable":true,"href":"https:\/\/sxflightcase.com\/fr\/wp-json\/wp\/v2\/product_cat?post=1693"},{"taxonomy":"product_tag","embeddable":true,"href":"https:\/\/sxflightcase.com\/fr\/wp-json\/wp\/v2\/product_tag?post=1693"}],"curies":[{"name":"wp","href":"https:\/\/api.w.org\/{rel}","templated":true}]}}