{"id":1711,"date":"2024-05-10T04:35:24","date_gmt":"2024-05-10T03:35:24","guid":{"rendered":"https:\/\/sxpowercase.com\/?post_type=product&#038;p=1711"},"modified":"2024-06-25T09:35:17","modified_gmt":"2024-06-25T08:35:17","slug":"stage-light-box","status":"publish","type":"product","link":"https:\/\/sxflightcase.com\/fr\/produit\/boite-a-lumiere-pour-la-scene-2\/","title":{"rendered":"Caisson lumineux de sc\u00e8ne"},"content":{"rendered":"<h1>Illuminez vos \u00e9v\u00e9nements avec le Stage Light Box de SX<\/h1>\n<h2>Des solutions d'\u00e9clairage exceptionnelles<\/h2>\n<p>Le caisson lumineux de sc\u00e8ne SX est la solution id\u00e9ale pour un \u00e9clairage de sc\u00e8ne exceptionnel. Con\u00e7u pour am\u00e9liorer chaque spectacle, il produit des effets lumineux brillants et dynamiques qui captivent le public. Avec le SX, vos \u00e9v\u00e9nements seront plus brillants et plus \u00e9clatants que jamais.<\/p>\n<h2>Durabilit\u00e9 in\u00e9gal\u00e9e<\/h2>\n<h3>Con\u00e7u pour durer<\/h3>\n<p>Le caisson lumineux de sc\u00e8ne de SX est fabriqu\u00e9 \u00e0 partir de mat\u00e9riaux de qualit\u00e9 sup\u00e9rieure, ce qui lui permet de r\u00e9sister aux exigences d'une utilisation et d'un transport fr\u00e9quents. Sa construction robuste garantit sa fiabilit\u00e9, ce qui en fait un choix id\u00e9al pour les tourn\u00e9es, les organisateurs d'\u00e9v\u00e9nements et les lieux de spectacle qui ont besoin de solutions d'\u00e9clairage durables et fiables.<\/p>\n<h2>Ventes directes d&#039;usine<\/h2>\n<h3>L&#039;excellence \u00e0 prix abordable<\/h3>\n<p><a href=\"https:\/\/sxpowercase.com\/\" target=\"_blank\" rel=\"noopener\" title=\"SX\" data-wpil-monitor-id=\"465\">SX<\/a> propose le Stage Light Box par le biais de son mod\u00e8le de vente directe, vous offrant un \u00e9clairage de haute qualit\u00e9 \u00e0 des prix comp\u00e9titifs. En \u00e9liminant les interm\u00e9diaires, nous nous assurons que vous obtenez la meilleure valeur pour votre investissement, ce qui vous permet d'allouer votre budget plus efficacement et d'am\u00e9liorer vos \u00e9v\u00e9nements sans d\u00e9passement de budget.<\/p>\n<h2>Services de personnalisation<\/h2>\n<h3>Adapt\u00e9 \u00e0 vos besoins<\/h3>\n<p>Chez SX, nous comprenons que chaque \u00e9v\u00e9nement est unique. C'est pourquoi nous proposons des options de personnalisation pour notre caisson lumineux de sc\u00e8ne. Que vous ayez besoin de dimensions sp\u00e9cifiques, d'options de couleur ou de caract\u00e9ristiques suppl\u00e9mentaires, nous pouvons adapter le caisson lumineux \u00e0 vos besoins exacts. Profitez d'une solution d'\u00e9clairage qui s'adapte parfaitement aux besoins de votre \u00e9v\u00e9nement.<\/p>\n<h2>Am\u00e9liorez votre exp\u00e9rience \u00e9v\u00e9nementielle<\/h2>\n<h3>Effets captivants<\/h3>\n<p>Le caisson lumineux de sc\u00e8ne SX permet d'obtenir des effets de lumi\u00e8re \u00e9poustouflants qui rehaussent n'importe quel \u00e9v\u00e9nement. Qu'il s'agisse de concerts, de productions th\u00e9\u00e2trales, d'\u00e9v\u00e9nements d'entreprise ou de mariages, notre caisson lumineux cr\u00e9e l'ambiance parfaite. Cr\u00e9ez des moments inoubliables gr\u00e2ce \u00e0 un \u00e9clairage vibrant et dynamique qui rehausse l'ambiance et l'atmosph\u00e8re de votre \u00e9v\u00e9nement.<\/p>\n<hr \/>\n<p>Am\u00e9liorez l'\u00e9clairage de votre \u00e9v\u00e9nement avec la bo\u00eete \u00e0 lumi\u00e8re SX. Contactez-nous d\u00e8s aujourd'hui pour en savoir plus sur nos ventes directes et nos services de personnalisation. Avec SX, vous obtenez la combinaison parfaite de qualit\u00e9, de durabilit\u00e9 et de valeur, garantissant que vos \u00e9v\u00e9nements se distinguent toujours. D\u00e9couvrez la diff\u00e9rence avec SX et illuminez votre sc\u00e8ne comme jamais auparavant.<\/p>\n<p>\u00c9tiquettes populaires: prix bas, en stock, \u00e9chantillon gratuit, c\u00e2ble d&#039;alimentation et de signal, fil \u00e0 4 conducteurs de calibre 16, \u00e9tui pour pied de microphone, armoire d&#039;affichage LED ext\u00e9rieure, montage en rack, mallettes de vol pour mixeur \u00e0 montage en rack 19 pouces, bo\u00eete de distribution \u00e9lectrique, Chine, fournisseurs, usine, personnalis\u00e9, vente en gros, <span style=\"color: #993366;\"><a style=\"color: #993366;\" href=\"https:\/\/sxflightcase.com\/fr\/product-category\/all-product\/power-distribution-boxes\/\">bo\u00eetes d&#039;alimentation<\/a>,\u00a0<a style=\"color: #993366;\" href=\"https:\/\/sxflightcase.com\/fr\/product-category\/all-product\/hoist-controllers\/\">c\u00e2bles d&#039;alimentation<\/a>,\u00a0<a style=\"color: #993366;\" href=\"https:\/\/sxflightcase.com\/fr\/product-category\/all-product\/hoist-controllers\/\">contr\u00f4leurs de levage<\/a>,\u00a0<a style=\"color: #993366;\" href=\"https:\/\/sxflightcase.com\/fr\/product-category\/all-product\/flight-case\/\">mallettes de vol.<\/a><\/span><\/p>","protected":false},"excerpt":{"rendered":"<h2 class=\"prodetails-name\"><span class=\"yoast-text-mark\">le=\"vertical-align : inherit ;\"&gt;<span style=\"vertical-align: inherit;\">\u821e\u53f0\u706f\u7bb1<\/span>&lt;\/span&gt;<\/span><\/h2>\n<p><span style=\"vertical-align: inherit;\"><span style=\"vertical-align: inherit;\">\u6211\u4eec\u5f88\u9ad8\u5174\u4e3a\u4e1a\u5185\u4e13\u4e1a\u4eba\u58eb\u63d0\u4f9b\u4e00\u7cfb\u5217\u575a\u56fa\u7684\u65c5\u884c\u89e3\u51b3\u65b9\u6848\uff0c\u4ee5\u4fbf\u5b89\u5168\u5730\u8fd0\u8f93\u548c\u50a8\u5b58\u4ed6\u4eec\u7684\u6447\u5934\u706f\u6216\u7c7b\u4f3c\u4ea7\u54c1\u3002\u591a\u5e74\u6765\uff0c\u6211\u4eec\u82b1\u4e86\u5f88\u591a\u65f6\u95f4\u8bbe\u8ba1\u5b8c\u7f8e\u7684\u89e3\u51b3\u65b9\u6848\uff0c\u8ba9\u60a8\u65e0\u9700\u62c5\u5fc3\u635f\u574f\u5373\u53ef\u8fd0\u8f93\u60a8\u5fc3\u7231\u7684\u706f\u5177\u3002<\/span><\/span><\/p>\n<h2><strong><span style=\"vertical-align: inherit;\"><span style=\"vertical-align: inherit;\">\u751f\u4ea7\u4ecb\u7ecd<\/span><\/span>&lt;\/strong&gt;<\/strong><\/h2>\n<p><span style=\"vertical-align: inherit;\"><span style=\"vertical-align: inherit;\">\u821e\u53f0\u706f\u7bb1<\/span><\/span><\/p>\n<p><span style=\"vertical-align: inherit;\"><span style=\"vertical-align: inherit;\">\u9ad8\u54c1\u8d28\u9632\u706b\u677f\uff1b<\/span><\/span><\/p>\n<p><span style=\"vertical-align: inherit;\"><span style=\"vertical-align: inherit;\">\u6709\u591a\u79cd\u989c\u8272\u53ef\u9009\uff0c\u5e38\u7528\u9ed1\u8272\uff0c\u4e5f\u53ef\u9009\u62e9\u84dd\u8272\u3001\u9ec4\u8272\u3001\u7ea2\u8272\u3001\u7eff\u8272\u7b49\u989c\u8272\uff1b<\/span><\/span><\/p>\n<p><span style=\"vertical-align: inherit;\"><span style=\"vertical-align: inherit;\">\u7bb1\u4f53\u5177\u6709\u811a\u8f6e\u53ca\u9501\u5b9a\u529f\u80fd\uff1b<\/span><\/span><\/p>\n<p><span style=\"vertical-align: inherit;\"><span style=\"vertical-align: inherit;\">\u6709\u76d6\u5b50\u7684\u9501\uff1b<\/span><\/span><\/p>\n<p><span style=\"vertical-align: inherit;\"><span style=\"vertical-align: inherit;\">\u628a\u5de2\u7b51\u6210\u51e0\u5c42\u9ad8\uff1b<\/span><\/span><\/p>\n<p><span style=\"vertical-align: inherit;\"><span style=\"vertical-align: inherit;\">\u6709\u4e0d\u540c\u7684\u5c3a\u5bf8\u53ef\u4f9b\u9009\u62e9\u3002<\/span><\/span><\/p>","protected":false},"featured_media":1712,"comment_status":"open","ping_status":"closed","template":"","meta":[],"product_brand":[],"product_cat":[41],"product_tag":[],"class_list":{"0":"post-1711","1":"product","2":"type-product","3":"status-publish","4":"has-post-thumbnail","6":"product_cat-equipment-cases","8":"first","9":"instock","10":"shipping-taxable","11":"product-type-simple"},"yoast_head":"<!-- This site is optimized with the Yoast SEO Premium plugin v27.1 (Yoast SEO v27.2) - https:\/\/yoast.com\/product\/yoast-seo-premium-wordpress\/ -->\n<title>Stage Light Box - https:\/\/sxflightcase.com \ud83d\udc97<\/title>\n<meta name=\"description\" content=\"Stage Light Box: Get factory-direct sales and professional customization for optimal protection and organization of your lighting equipment\" \/>\n<meta name=\"robots\" content=\"index, follow, max-snippet:-1, max-image-preview:large, max-video-preview:-1\" \/>\n<link rel=\"canonical\" href=\"https:\/\/sxflightcase.com\/fr\/\u0645\u0646\u062a\u062c\/\u0635\u0646\u062f\u0648\u0642-\u0625\u0636\u0627\u0621\u0629-\u0627\u0644\u0645\u0633\u0631\u062d\/\" \/>\n<meta property=\"og:locale\" content=\"fr_FR\" \/>\n<meta property=\"og:type\" content=\"article\" \/>\n<meta property=\"og:title\" content=\"Stage Light Box\" \/>\n<meta property=\"og:description\" content=\"Stage Light Box: Get factory-direct sales and professional customization for optimal protection and organization of your lighting equipment\" \/>\n<meta property=\"og:url\" content=\"https:\/\/sxflightcase.com\/fr\/\u0645\u0646\u062a\u062c\/\u0635\u0646\u062f\u0648\u0642-\u0625\u0636\u0627\u0621\u0629-\u0627\u0644\u0645\u0633\u0631\u062d\/\" \/>\n<meta property=\"og:site_name\" content=\"https:\/\/sxflightcase.com\" \/>\n<meta property=\"article:publisher\" content=\"https:\/\/www.facebook.com\/profile.php?id=61560407257971\" \/>\n<meta property=\"article:modified_time\" content=\"2024-06-25T08:35:17+00:00\" \/>\n<meta property=\"og:image\" content=\"https:\/\/sxflightcase.com\/wp-content\/uploads\/2024\/05\/stage-light-box33136330726.webp\" \/>\n\t<meta property=\"og:image:width\" content=\"750\" \/>\n\t<meta property=\"og:image:height\" content=\"750\" \/>\n\t<meta property=\"og:image:type\" content=\"image\/webp\" \/>\n<meta name=\"twitter:card\" content=\"summary_large_image\" \/>\n<meta name=\"twitter:label1\" content=\"Dur\u00e9e de lecture estim\u00e9e\" \/>\n\t<meta name=\"twitter:data1\" content=\"3 minutes\" \/>\n<script type=\"application\/ld+json\" class=\"yoast-schema-graph\">{\"@context\":\"https:\/\/schema.org\",\"@graph\":[{\"@type\":\"WebPage\",\"@id\":\"https:\/\/sxflightcase.com\/ar\/\u0645\u0646\u062a\u062c\/\u0635\u0646\u062f\u0648\u0642-\u0625\u0636\u0627\u0621\u0629-\u0627\u0644\u0645\u0633\u0631\u062d\/\",\"url\":\"https:\/\/sxflightcase.com\/ar\/\u0645\u0646\u062a\u062c\/\u0635\u0646\u062f\u0648\u0642-\u0625\u0636\u0627\u0621\u0629-\u0627\u0644\u0645\u0633\u0631\u062d\/\",\"name\":\"Stage Light Box - https:\/\/sxflightcase.com \ud83d\udc97\",\"isPartOf\":{\"@id\":\"https:\/\/sxflightcase.com\/th\/#website\"},\"primaryImageOfPage\":{\"@id\":\"https:\/\/sxflightcase.com\/ar\/\u0645\u0646\u062a\u062c\/\u0635\u0646\u062f\u0648\u0642-\u0625\u0636\u0627\u0621\u0629-\u0627\u0644\u0645\u0633\u0631\u062d\/#primaryimage\"},\"image\":{\"@id\":\"https:\/\/sxflightcase.com\/ar\/\u0645\u0646\u062a\u062c\/\u0635\u0646\u062f\u0648\u0642-\u0625\u0636\u0627\u0621\u0629-\u0627\u0644\u0645\u0633\u0631\u062d\/#primaryimage\"},\"thumbnailUrl\":\"https:\/\/sxflightcase.com\/wp-content\/uploads\/2024\/05\/stage-light-box33136330726.webp\",\"datePublished\":\"2024-05-10T03:35:24+00:00\",\"dateModified\":\"2024-06-25T08:35:17+00:00\",\"description\":\"Stage Light Box: Get factory-direct sales and professional customization for optimal protection and organization of your lighting equipment\",\"breadcrumb\":{\"@id\":\"https:\/\/sxflightcase.com\/ar\/\u0645\u0646\u062a\u062c\/\u0635\u0646\u062f\u0648\u0642-\u0625\u0636\u0627\u0621\u0629-\u0627\u0644\u0645\u0633\u0631\u062d\/#breadcrumb\"},\"inLanguage\":\"fr-FR\",\"potentialAction\":[{\"@type\":\"ReadAction\",\"target\":[\"https:\/\/sxflightcase.com\/ar\/\u0645\u0646\u062a\u062c\/\u0635\u0646\u062f\u0648\u0642-\u0625\u0636\u0627\u0621\u0629-\u0627\u0644\u0645\u0633\u0631\u062d\/\"]}]},{\"@type\":\"ImageObject\",\"inLanguage\":\"fr-FR\",\"@id\":\"https:\/\/sxflightcase.com\/ar\/\u0645\u0646\u062a\u062c\/\u0635\u0646\u062f\u0648\u0642-\u0625\u0636\u0627\u0621\u0629-\u0627\u0644\u0645\u0633\u0631\u062d\/#primaryimage\",\"url\":\"https:\/\/sxflightcase.com\/wp-content\/uploads\/2024\/05\/stage-light-box33136330726.webp\",\"contentUrl\":\"https:\/\/sxflightcase.com\/wp-content\/uploads\/2024\/05\/stage-light-box33136330726.webp\",\"width\":750,\"height\":750,\"caption\":\"Stage Light Box\"},{\"@type\":\"BreadcrumbList\",\"@id\":\"https:\/\/sxflightcase.com\/ar\/\u0645\u0646\u062a\u062c\/\u0635\u0646\u062f\u0648\u0642-\u0625\u0636\u0627\u0621\u0629-\u0627\u0644\u0645\u0633\u0631\u062d\/#breadcrumb\",\"itemListElement\":[{\"@type\":\"ListItem\",\"position\":1,\"name\":\"Home\",\"item\":\"https:\/\/sxflightcase.com\/\"},{\"@type\":\"ListItem\",\"position\":2,\"name\":\"\u0e2a\u0e34\u0e19\u0e04\u0e49\u0e32\",\"item\":\"https:\/\/sxflightcase.com\/th\/shop\/\"},{\"@type\":\"ListItem\",\"position\":3,\"name\":\"Stage Light Box\"}]},{\"@type\":\"WebSite\",\"@id\":\"https:\/\/sxflightcase.com\/th\/#website\",\"url\":\"https:\/\/sxflightcase.com\/th\/\",\"name\":\"sxpowercase.com\",\"description\":\"Flight Case Factory\",\"publisher\":{\"@id\":\"https:\/\/sxflightcase.com\/th\/#organization\"},\"potentialAction\":[{\"@type\":\"SearchAction\",\"target\":{\"@type\":\"EntryPoint\",\"urlTemplate\":\"https:\/\/sxflightcase.com\/th\/?s={search_term_string}\"},\"query-input\":{\"@type\":\"PropertyValueSpecification\",\"valueRequired\":true,\"valueName\":\"search_term_string\"}}],\"inLanguage\":\"fr-FR\"},{\"@type\":\"Organization\",\"@id\":\"https:\/\/sxflightcase.com\/th\/#organization\",\"name\":\"sxpowercase.com\",\"url\":\"https:\/\/sxflightcase.com\/th\/\",\"logo\":{\"@type\":\"ImageObject\",\"inLanguage\":\"fr-FR\",\"@id\":\"https:\/\/sxflightcase.com\/th\/#\/schema\/logo\/image\/\",\"url\":\"https:\/\/sxflightcase.com\/wp-content\/uploads\/2024\/04\/1713919036007.jpg\",\"contentUrl\":\"https:\/\/sxflightcase.com\/wp-content\/uploads\/2024\/04\/1713919036007.jpg\",\"width\":382,\"height\":388,\"caption\":\"sxpowercase.com\"},\"image\":{\"@id\":\"https:\/\/sxflightcase.com\/th\/#\/schema\/logo\/image\/\"},\"sameAs\":[\"https:\/\/www.facebook.com\/profile.php?id=61560407257971\"],\"numberOfEmployees\":{\"@type\":\"QuantitativeValue\",\"minValue\":\"11\",\"maxValue\":\"50\"}}]}<\/script>\n<!-- \/ Yoast SEO Premium plugin. -->","yoast_head_json":{"title":"Stage Light Box - https:\/\/sxflightcase.com \ud83d\udc97","description":"Bo\u00eete \u00e0 lumi\u00e8re pour la sc\u00e8ne : B\u00e9n\u00e9ficiez de ventes directes et d'une personnalisation professionnelle pour une protection et une organisation optimales de votre mat\u00e9riel d'\u00e9clairage.","robots":{"index":"index","follow":"follow","max-snippet":"max-snippet:-1","max-image-preview":"max-image-preview:large","max-video-preview":"max-video-preview:-1"},"canonical":"https:\/\/sxflightcase.com\/fr\/\u0645\u0646\u062a\u062c\/\u0635\u0646\u062f\u0648\u0642-\u0625\u0636\u0627\u0621\u0629-\u0627\u0644\u0645\u0633\u0631\u062d\/","og_locale":"fr_FR","og_type":"article","og_title":"Stage Light Box","og_description":"Stage Light Box: Get factory-direct sales and professional customization for optimal protection and organization of your lighting equipment","og_url":"https:\/\/sxflightcase.com\/fr\/\u0645\u0646\u062a\u062c\/\u0635\u0646\u062f\u0648\u0642-\u0625\u0636\u0627\u0621\u0629-\u0627\u0644\u0645\u0633\u0631\u062d\/","og_site_name":"https:\/\/sxflightcase.com","article_publisher":"https:\/\/www.facebook.com\/profile.php?id=61560407257971","article_modified_time":"2024-06-25T08:35:17+00:00","og_image":[{"width":750,"height":750,"url":"https:\/\/sxflightcase.com\/wp-content\/uploads\/2024\/05\/stage-light-box33136330726.webp","type":"image\/webp"}],"twitter_card":"summary_large_image","twitter_misc":{"Dur\u00e9e de lecture estim\u00e9e":"3 minutes"},"schema":{"@context":"https:\/\/schema.org","@graph":[{"@type":"WebPage","@id":"https:\/\/sxflightcase.com\/ar\/\u0645\u0646\u062a\u062c\/\u0635\u0646\u062f\u0648\u0642-\u0625\u0636\u0627\u0621\u0629-\u0627\u0644\u0645\u0633\u0631\u062d\/","url":"https:\/\/sxflightcase.com\/ar\/\u0645\u0646\u062a\u062c\/\u0635\u0646\u062f\u0648\u0642-\u0625\u0636\u0627\u0621\u0629-\u0627\u0644\u0645\u0633\u0631\u062d\/","name":"Stage Light Box - https:\/\/sxflightcase.com \ud83d\udc97","isPartOf":{"@id":"https:\/\/sxflightcase.com\/th\/#website"},"primaryImageOfPage":{"@id":"https:\/\/sxflightcase.com\/ar\/\u0645\u0646\u062a\u062c\/\u0635\u0646\u062f\u0648\u0642-\u0625\u0636\u0627\u0621\u0629-\u0627\u0644\u0645\u0633\u0631\u062d\/#primaryimage"},"image":{"@id":"https:\/\/sxflightcase.com\/ar\/\u0645\u0646\u062a\u062c\/\u0635\u0646\u062f\u0648\u0642-\u0625\u0636\u0627\u0621\u0629-\u0627\u0644\u0645\u0633\u0631\u062d\/#primaryimage"},"thumbnailUrl":"https:\/\/sxflightcase.com\/wp-content\/uploads\/2024\/05\/stage-light-box33136330726.webp","datePublished":"2024-05-10T03:35:24+00:00","dateModified":"2024-06-25T08:35:17+00:00","description":"Bo\u00eete \u00e0 lumi\u00e8re pour la sc\u00e8ne : B\u00e9n\u00e9ficiez de ventes directes et d'une personnalisation professionnelle pour une protection et une organisation optimales de votre mat\u00e9riel d'\u00e9clairage.","breadcrumb":{"@id":"https:\/\/sxflightcase.com\/ar\/\u0645\u0646\u062a\u062c\/\u0635\u0646\u062f\u0648\u0642-\u0625\u0636\u0627\u0621\u0629-\u0627\u0644\u0645\u0633\u0631\u062d\/#breadcrumb"},"inLanguage":"fr-FR","potentialAction":[{"@type":"ReadAction","target":["https:\/\/sxflightcase.com\/ar\/\u0645\u0646\u062a\u062c\/\u0635\u0646\u062f\u0648\u0642-\u0625\u0636\u0627\u0621\u0629-\u0627\u0644\u0645\u0633\u0631\u062d\/"]}]},{"@type":"ImageObject","inLanguage":"fr-FR","@id":"https:\/\/sxflightcase.com\/ar\/\u0645\u0646\u062a\u062c\/\u0635\u0646\u062f\u0648\u0642-\u0625\u0636\u0627\u0621\u0629-\u0627\u0644\u0645\u0633\u0631\u062d\/#primaryimage","url":"https:\/\/sxflightcase.com\/wp-content\/uploads\/2024\/05\/stage-light-box33136330726.webp","contentUrl":"https:\/\/sxflightcase.com\/wp-content\/uploads\/2024\/05\/stage-light-box33136330726.webp","width":750,"height":750,"caption":"Stage Light Box"},{"@type":"BreadcrumbList","@id":"https:\/\/sxflightcase.com\/ar\/\u0645\u0646\u062a\u062c\/\u0635\u0646\u062f\u0648\u0642-\u0625\u0636\u0627\u0621\u0629-\u0627\u0644\u0645\u0633\u0631\u062d\/#breadcrumb","itemListElement":[{"@type":"ListItem","position":1,"name":"Home","item":"https:\/\/sxflightcase.com\/"},{"@type":"ListItem","position":2,"name":"\u0e2a\u0e34\u0e19\u0e04\u0e49\u0e32","item":"https:\/\/sxflightcase.com\/th\/shop\/"},{"@type":"ListItem","position":3,"name":"Stage Light Box"}]},{"@type":"WebSite","@id":"https:\/\/sxflightcase.com\/th\/#website","url":"https:\/\/sxflightcase.com\/th\/","name":"sxpowercase.com","description":"Flight Case Factory","publisher":{"@id":"https:\/\/sxflightcase.com\/th\/#organization"},"potentialAction":[{"@type":"SearchAction","target":{"@type":"EntryPoint","urlTemplate":"https:\/\/sxflightcase.com\/th\/?s={search_term_string}"},"query-input":{"@type":"PropertyValueSpecification","valueRequired":true,"valueName":"search_term_string"}}],"inLanguage":"fr-FR"},{"@type":"Organization","@id":"https:\/\/sxflightcase.com\/th\/#organization","name":"sxpowercase.com","url":"https:\/\/sxflightcase.com\/th\/","logo":{"@type":"ImageObject","inLanguage":"fr-FR","@id":"https:\/\/sxflightcase.com\/th\/#\/schema\/logo\/image\/","url":"https:\/\/sxflightcase.com\/wp-content\/uploads\/2024\/04\/1713919036007.jpg","contentUrl":"https:\/\/sxflightcase.com\/wp-content\/uploads\/2024\/04\/1713919036007.jpg","width":382,"height":388,"caption":"sxpowercase.com"},"image":{"@id":"https:\/\/sxflightcase.com\/th\/#\/schema\/logo\/image\/"},"sameAs":["https:\/\/www.facebook.com\/profile.php?id=61560407257971"],"numberOfEmployees":{"@type":"QuantitativeValue","minValue":"11","maxValue":"50"}}]}},"_links":{"self":[{"href":"https:\/\/sxflightcase.com\/fr\/wp-json\/wp\/v2\/product\/1711","targetHints":{"allow":["GET"]}}],"collection":[{"href":"https:\/\/sxflightcase.com\/fr\/wp-json\/wp\/v2\/product"}],"about":[{"href":"https:\/\/sxflightcase.com\/fr\/wp-json\/wp\/v2\/types\/product"}],"replies":[{"embeddable":true,"href":"https:\/\/sxflightcase.com\/fr\/wp-json\/wp\/v2\/comments?post=1711"}],"version-history":[{"count":0,"href":"https:\/\/sxflightcase.com\/fr\/wp-json\/wp\/v2\/product\/1711\/revisions"}],"wp:featuredmedia":[{"embeddable":true,"href":"https:\/\/sxflightcase.com\/fr\/wp-json\/wp\/v2\/media\/1712"}],"wp:attachment":[{"href":"https:\/\/sxflightcase.com\/fr\/wp-json\/wp\/v2\/media?parent=1711"}],"wp:term":[{"taxonomy":"product_brand","embeddable":true,"href":"https:\/\/sxflightcase.com\/fr\/wp-json\/wp\/v2\/product_brand?post=1711"},{"taxonomy":"product_cat","embeddable":true,"href":"https:\/\/sxflightcase.com\/fr\/wp-json\/wp\/v2\/product_cat?post=1711"},{"taxonomy":"product_tag","embeddable":true,"href":"https:\/\/sxflightcase.com\/fr\/wp-json\/wp\/v2\/product_tag?post=1711"}],"curies":[{"name":"wp","href":"https:\/\/api.w.org\/{rel}","templated":true}]}}