{"id":1713,"date":"2024-05-10T04:46:14","date_gmt":"2024-05-10T03:46:14","guid":{"rendered":"https:\/\/sxpowercase.com\/?post_type=product&#038;p=1713"},"modified":"2024-06-14T08:03:45","modified_gmt":"2024-06-14T07:03:45","slug":"led-cabinet-lighting","status":"publish","type":"product","link":"https:\/\/sxflightcase.com\/fr\/produit\/eclairage-darmoire-a-led-2\/","title":{"rendered":"\u00c9clairage d&#039;armoire \u00e0 LED"},"content":{"rendered":"<p><strong>Param\u00e8tre du produit (sp\u00e9cification)<\/strong><\/p>\n<section class=\"table-wrap\">\n<table class=\"table\" width=\"100%\" cellspacing=\"0\" cellpadding=\"0\">\n<tbody>\n<tr class=\"firstRow\">\n<td>Nom du produit<\/td>\n<td>Eclairage de l'armoire par LED<\/td>\n<\/tr>\n<tr>\n<td>Mat\u00e9riel<\/td>\n<td>Cadre en aluminium + ignifuge + contreplaqu\u00e9 de 9 mm<\/td>\n<\/tr>\n<tr>\n<td>\u00c0 l&#039;int\u00e9rieur<\/td>\n<td>Mousse antichoc de haute densit\u00e9<\/td>\n<\/tr>\n<tr>\n<td>Taille<\/td>\n<td>Peut \u00eatre personnalis\u00e9<\/td>\n<\/tr>\n<tr>\n<td>Accessoires<\/td>\n<td>Quatre serrures papillon, quatre roues pour faciliter le transport, quatre poign\u00e9es solides<\/td>\n<\/tr>\n<tr>\n<td>Coutume<\/td>\n<td>Tous les types de personnalisation sont les bienvenus, tels que le mat\u00e9riau de la caisse en aluminium, les dimensions, les garnitures int\u00e9rieures, les poign\u00e9es, les serrures, etc.<\/td>\n<\/tr>\n<tr>\n<td>Temps d&#039;\u00e9chantillonnage<\/td>\n<td>Environ 3 \u00e0 5 jours ouvrables<\/td>\n<\/tr>\n<tr>\n<td>D\u00e9lai de commande formelle<\/td>\n<td>environ 15-20 jours<\/td>\n<\/tr>\n<tr>\n<td>Emballage<\/td>\n<td>Sac \u00e0 bulles + carton<\/td>\n<\/tr>\n<\/tbody>\n<\/table>\n<\/section>\n<p><strong>Caract\u00e9ristiques et applications du produit<\/strong><\/p>\n<p>Les \u00e9clairages, qu'ils soient destin\u00e9s \u00e0 la sc\u00e8ne, au th\u00e9\u00e2tre, au cin\u00e9ma, \u00e0 la t\u00e9l\u00e9vision ou \u00e0 l'architecture, peuvent \u00eatre lourds, d\u00e9licats, difficiles \u00e0 stocker et co\u00fbteux \u00e0 remplacer. <a class=\"wpil_keyword_link\" href=\"https:\/\/sxpowercase.com\/product-category\/all-product\/flight-case\/\" target=\"_blank\" rel=\"noopener\" title=\"\u00e9tui de transport\" data-wpil-keyword-link=\"linked\" data-wpil-monitor-id=\"411\">\u00e9tui de transport<\/a> r\u00e9soudra tous ces probl\u00e8mes.<\/p>\n<p><img decoding=\"async\" title=\"1\" src=\"https:\/\/www.sxprocase.com\/Content\/uploads\/2021794209\/202106241129483581a96df57549f69f19f110b60b6bbd.jpg\" alt=\"1\" \/><\/p>\n<p><strong>D\u00e9tails de la production<\/strong><\/p>\n<p><img decoding=\"async\" title=\"18\" src=\"https:\/\/www.sxprocase.com\/Content\/uploads\/2021794209\/2021062411300523c9e1eb65cf4fd09415214e841925a3.jpg\" \/><\/p>\n<p><img decoding=\"async\" title=\"IMG_2796\" src=\"https:\/\/www.sxprocase.com\/Content\/uploads\/2021794209\/202106241130064dd448773fae4643a2a1e6276c0bf3d1.jpg\" \/><\/p>\n<p><img decoding=\"async\" title=\"flight case d&#039;\u00e9clairage\" src=\"https:\/\/www.sxprocase.com\/Content\/uploads\/2021794209\/202106241130068057f80464894f25ad1a2884c2fb4b2a.jpg\" \/><\/p>\n<p><strong>En savoir plus sur nous<\/strong><\/p>\n<p>Informations de base sur l'entreprise :<\/p>\n<p>* Avec une histoire de plus de 10 ans<\/p>\n<p>* 10 ans d'exp\u00e9rience dans l'exportation<\/p>\n<p>* Exp\u00e9dition dans plus de 50 pays<\/p>\n<p>* Employ\u00e9s : Plus de 30<\/p>\n<p>* Surface de l'usine : 3 000 m\u00e8tres carr\u00e9s<\/p>\n<p><strong>Flux de production<\/strong><\/p>\n<p><img decoding=\"async\" title=\"2\" src=\"https:\/\/www.sxprocase.com\/Content\/uploads\/2021794209\/2021062411294314f667fb72f4416db29fdec9e6baae08.jpg\" alt=\"2\" \/><\/p>\n<p><strong>Notre service<\/strong><\/p>\n<p>1) Votre demande concernant nos produits ou nos prix sera trait\u00e9e dans les 24 heures.<\/p>\n<p>2. le personnel qualifi\u00e9 et exp\u00e9riment\u00e9 r\u00e9pondra \u00e0 toutes vos questions dans un anglais courant<\/p>\n<p>3. OEM&amp;ODM, tout \u00e9clairage personnalis\u00e9, nous pouvons vous aider \u00e0 concevoir et \u00e0 mettre en place le produit.<\/p>\n<p>4. un service de distribution est offert pour votre conception unique et pour certains de nos mod\u00e8les actuels.<\/p>\n<p>5. protection de votre espace de vente, de vos id\u00e9es de design et de toutes vos informations priv\u00e9es<\/p>\n<p>\u00c9tiquettes populaires: prix bas, en stock, \u00e9chantillon gratuit, c\u00e2ble d&#039;alimentation et de signal, fil \u00e0 4 conducteurs de calibre 16, \u00e9tui pour pied de microphone, armoire d&#039;affichage LED ext\u00e9rieure, montage en rack, mallettes de vol pour mixeur \u00e0 montage en rack 19 pouces, bo\u00eete de distribution \u00e9lectrique, Chine, fournisseurs, usine, personnalis\u00e9, vente en gros, <span style=\"color: #993366;\"><a style=\"color: #993366;\" href=\"https:\/\/sxflightcase.com\/fr\/product-category\/all-product\/power-distribution-boxes\/\">bo\u00eetes d&#039;alimentation<\/a>,\u00a0<a style=\"color: #993366;\" href=\"https:\/\/sxflightcase.com\/fr\/product-category\/all-product\/hoist-controllers\/\">c\u00e2bles d&#039;alimentation<\/a>,\u00a0<a style=\"color: #993366;\" href=\"https:\/\/sxflightcase.com\/fr\/product-category\/all-product\/hoist-controllers\/\">contr\u00f4leurs de levage<\/a>,\u00a0<a style=\"color: #993366;\" href=\"https:\/\/sxflightcase.com\/fr\/product-category\/all-product\/flight-case\/\">mallettes de vol.<\/a><\/span><\/p>","protected":false},"excerpt":{"rendered":"<h2 class=\"prodetails-name\">\u00c9clairage d&#039;armoire \u00e0 LED<\/h2>\n<p>Nous avons le plaisir de proposer une gamme de solutions de transport robustes aux professionnels de l'industrie pour transporter et stocker en toute s\u00e9curit\u00e9 leurs t\u00eates mobiles ou similaires. Au fil des ans, nous avons pass\u00e9 de nombreuses heures \u00e0 concevoir la solution parfaite pour transporter vos lampes bien-aim\u00e9es sans craindre de les endommager.<\/p>\n<h2><strong>Pr\u00e9sentation de la production<\/strong><\/h2>\n<p>Flight case pour l'\u00e9clairage de sc\u00e8ne<\/p>\n<p>1 - 1 \/ 2 \/ 4 \/6 \/8 \/10 unit\u00e9s dans un coffret con\u00e7u selon la demande.<\/p>\n<p>2 - Chargement par le haut ou \u00e0 l'envers pour diff\u00e9rents types d'appareils afin de faciliter le montage sur le gr\u00e9ement.<\/p>\n<p>3 - Espaces libres pour les pinces, les c\u00e2bles et autres \u00e9quipements selon la demande du client.<\/p>\n<p>4 - Fabriqu\u00e9 en aluminium de haute qualit\u00e9 et l\u00e9ger, il est facile \u00e0 transporter et \u00e0 installer.<\/p>\n<p>5 - Disponible en plusieurs longueurs pour les artistes mobiles, les productions, les bo\u00eetes de nuit et les magasins de d\u00e9tail.<\/p>","protected":false},"featured_media":1715,"comment_status":"open","ping_status":"closed","template":"","meta":[],"product_brand":[],"product_cat":[41],"product_tag":[],"class_list":{"0":"post-1713","1":"product","2":"type-product","3":"status-publish","4":"has-post-thumbnail","6":"product_cat-equipment-cases","8":"first","9":"instock","10":"shipping-taxable","11":"product-type-simple"},"yoast_head":"<!-- This site is optimized with the Yoast SEO Premium plugin v27.1 (Yoast SEO v27.2) - https:\/\/yoast.com\/product\/yoast-seo-premium-wordpress\/ -->\n<title>LED Cabinet Lighting - https:\/\/sxflightcase.com \ud83d\udc97<\/title>\n<meta name=\"description\" content=\"LED Cabinet Lighting: Get factory-direct sales and professional customization for optimal protection and organization of your lighting equipment\" \/>\n<meta name=\"robots\" content=\"index, follow, max-snippet:-1, max-image-preview:large, max-video-preview:-1\" \/>\n<link rel=\"canonical\" href=\"https:\/\/sxflightcase.com\/fr\/urun\/led-dolap-aydinlatmasi-2\/\" \/>\n<meta property=\"og:locale\" content=\"fr_FR\" \/>\n<meta property=\"og:type\" content=\"article\" \/>\n<meta property=\"og:title\" content=\"LED Cabinet Lighting\" \/>\n<meta property=\"og:description\" content=\"LED Cabinet Lighting: Get factory-direct sales and professional customization for optimal protection and organization of your lighting equipment\" \/>\n<meta property=\"og:url\" content=\"https:\/\/sxflightcase.com\/fr\/urun\/led-dolap-aydinlatmasi-2\/\" \/>\n<meta property=\"og:site_name\" content=\"https:\/\/sxflightcase.com\" \/>\n<meta property=\"article:publisher\" content=\"https:\/\/www.facebook.com\/profile.php?id=61560407257971\" \/>\n<meta property=\"article:modified_time\" content=\"2024-06-14T07:03:45+00:00\" \/>\n<meta property=\"og:image\" content=\"https:\/\/sxflightcase.com\/wp-content\/uploads\/2024\/05\/led-cabinet-lighting30325432296.webp\" \/>\n\t<meta property=\"og:image:width\" content=\"730\" \/>\n\t<meta property=\"og:image:height\" content=\"730\" \/>\n\t<meta property=\"og:image:type\" content=\"image\/webp\" \/>\n<meta name=\"twitter:card\" content=\"summary_large_image\" \/>\n<meta name=\"twitter:label1\" content=\"Dur\u00e9e de lecture estim\u00e9e\" \/>\n\t<meta name=\"twitter:data1\" content=\"3 minutes\" \/>\n<script type=\"application\/ld+json\" class=\"yoast-schema-graph\">{\"@context\":\"https:\/\/schema.org\",\"@graph\":[{\"@type\":\"WebPage\",\"@id\":\"https:\/\/sxflightcase.com\/tr\/urun\/led-dolap-aydinlatmasi-2\/\",\"url\":\"https:\/\/sxflightcase.com\/tr\/urun\/led-dolap-aydinlatmasi-2\/\",\"name\":\"LED Cabinet Lighting - https:\/\/sxflightcase.com \ud83d\udc97\",\"isPartOf\":{\"@id\":\"https:\/\/sxflightcase.com\/th\/#website\"},\"primaryImageOfPage\":{\"@id\":\"https:\/\/sxflightcase.com\/tr\/urun\/led-dolap-aydinlatmasi-2\/#primaryimage\"},\"image\":{\"@id\":\"https:\/\/sxflightcase.com\/tr\/urun\/led-dolap-aydinlatmasi-2\/#primaryimage\"},\"thumbnailUrl\":\"https:\/\/sxflightcase.com\/wp-content\/uploads\/2024\/05\/led-cabinet-lighting30325432296.webp\",\"datePublished\":\"2024-05-10T03:46:14+00:00\",\"dateModified\":\"2024-06-14T07:03:45+00:00\",\"description\":\"LED Cabinet Lighting: Get factory-direct sales and professional customization for optimal protection and organization of your lighting equipment\",\"breadcrumb\":{\"@id\":\"https:\/\/sxflightcase.com\/tr\/urun\/led-dolap-aydinlatmasi-2\/#breadcrumb\"},\"inLanguage\":\"fr-FR\",\"potentialAction\":[{\"@type\":\"ReadAction\",\"target\":[\"https:\/\/sxflightcase.com\/tr\/urun\/led-dolap-aydinlatmasi-2\/\"]}]},{\"@type\":\"ImageObject\",\"inLanguage\":\"fr-FR\",\"@id\":\"https:\/\/sxflightcase.com\/tr\/urun\/led-dolap-aydinlatmasi-2\/#primaryimage\",\"url\":\"https:\/\/sxflightcase.com\/wp-content\/uploads\/2024\/05\/led-cabinet-lighting30325432296.webp\",\"contentUrl\":\"https:\/\/sxflightcase.com\/wp-content\/uploads\/2024\/05\/led-cabinet-lighting30325432296.webp\",\"width\":730,\"height\":730,\"caption\":\"LED Cabinet Lighting\"},{\"@type\":\"BreadcrumbList\",\"@id\":\"https:\/\/sxflightcase.com\/tr\/urun\/led-dolap-aydinlatmasi-2\/#breadcrumb\",\"itemListElement\":[{\"@type\":\"ListItem\",\"position\":1,\"name\":\"Home\",\"item\":\"https:\/\/sxflightcase.com\/\"},{\"@type\":\"ListItem\",\"position\":2,\"name\":\"\u0e2a\u0e34\u0e19\u0e04\u0e49\u0e32\",\"item\":\"https:\/\/sxflightcase.com\/th\/shop\/\"},{\"@type\":\"ListItem\",\"position\":3,\"name\":\"LED Cabinet Lighting\"}]},{\"@type\":\"WebSite\",\"@id\":\"https:\/\/sxflightcase.com\/th\/#website\",\"url\":\"https:\/\/sxflightcase.com\/th\/\",\"name\":\"sxpowercase.com\",\"description\":\"Flight Case Factory\",\"publisher\":{\"@id\":\"https:\/\/sxflightcase.com\/th\/#organization\"},\"potentialAction\":[{\"@type\":\"SearchAction\",\"target\":{\"@type\":\"EntryPoint\",\"urlTemplate\":\"https:\/\/sxflightcase.com\/th\/?s={search_term_string}\"},\"query-input\":{\"@type\":\"PropertyValueSpecification\",\"valueRequired\":true,\"valueName\":\"search_term_string\"}}],\"inLanguage\":\"fr-FR\"},{\"@type\":\"Organization\",\"@id\":\"https:\/\/sxflightcase.com\/th\/#organization\",\"name\":\"sxpowercase.com\",\"url\":\"https:\/\/sxflightcase.com\/th\/\",\"logo\":{\"@type\":\"ImageObject\",\"inLanguage\":\"fr-FR\",\"@id\":\"https:\/\/sxflightcase.com\/th\/#\/schema\/logo\/image\/\",\"url\":\"https:\/\/sxflightcase.com\/wp-content\/uploads\/2024\/04\/1713919036007.jpg\",\"contentUrl\":\"https:\/\/sxflightcase.com\/wp-content\/uploads\/2024\/04\/1713919036007.jpg\",\"width\":382,\"height\":388,\"caption\":\"sxpowercase.com\"},\"image\":{\"@id\":\"https:\/\/sxflightcase.com\/th\/#\/schema\/logo\/image\/\"},\"sameAs\":[\"https:\/\/www.facebook.com\/profile.php?id=61560407257971\"],\"numberOfEmployees\":{\"@type\":\"QuantitativeValue\",\"minValue\":\"11\",\"maxValue\":\"50\"}}]}<\/script>\n<!-- \/ Yoast SEO Premium plugin. -->","yoast_head_json":{"title":"LED Cabinet Lighting - https:\/\/sxflightcase.com \ud83d\udc97","description":"\u00c9clairage d'armoire \u00e0 LED : B\u00e9n\u00e9ficiez de ventes directes et d'une personnalisation professionnelle pour une protection et une organisation optimales de votre \u00e9quipement d'\u00e9clairage.","robots":{"index":"index","follow":"follow","max-snippet":"max-snippet:-1","max-image-preview":"max-image-preview:large","max-video-preview":"max-video-preview:-1"},"canonical":"https:\/\/sxflightcase.com\/fr\/urun\/led-dolap-aydinlatmasi-2\/","og_locale":"fr_FR","og_type":"article","og_title":"LED Cabinet Lighting","og_description":"LED Cabinet Lighting: Get factory-direct sales and professional customization for optimal protection and organization of your lighting equipment","og_url":"https:\/\/sxflightcase.com\/fr\/urun\/led-dolap-aydinlatmasi-2\/","og_site_name":"https:\/\/sxflightcase.com","article_publisher":"https:\/\/www.facebook.com\/profile.php?id=61560407257971","article_modified_time":"2024-06-14T07:03:45+00:00","og_image":[{"width":730,"height":730,"url":"https:\/\/sxflightcase.com\/wp-content\/uploads\/2024\/05\/led-cabinet-lighting30325432296.webp","type":"image\/webp"}],"twitter_card":"summary_large_image","twitter_misc":{"Dur\u00e9e de lecture estim\u00e9e":"3 minutes"},"schema":{"@context":"https:\/\/schema.org","@graph":[{"@type":"WebPage","@id":"https:\/\/sxflightcase.com\/tr\/urun\/led-dolap-aydinlatmasi-2\/","url":"https:\/\/sxflightcase.com\/tr\/urun\/led-dolap-aydinlatmasi-2\/","name":"LED Cabinet Lighting - https:\/\/sxflightcase.com \ud83d\udc97","isPartOf":{"@id":"https:\/\/sxflightcase.com\/th\/#website"},"primaryImageOfPage":{"@id":"https:\/\/sxflightcase.com\/tr\/urun\/led-dolap-aydinlatmasi-2\/#primaryimage"},"image":{"@id":"https:\/\/sxflightcase.com\/tr\/urun\/led-dolap-aydinlatmasi-2\/#primaryimage"},"thumbnailUrl":"https:\/\/sxflightcase.com\/wp-content\/uploads\/2024\/05\/led-cabinet-lighting30325432296.webp","datePublished":"2024-05-10T03:46:14+00:00","dateModified":"2024-06-14T07:03:45+00:00","description":"\u00c9clairage d'armoire \u00e0 LED : B\u00e9n\u00e9ficiez de ventes directes et d'une personnalisation professionnelle pour une protection et une organisation optimales de votre \u00e9quipement d'\u00e9clairage.","breadcrumb":{"@id":"https:\/\/sxflightcase.com\/tr\/urun\/led-dolap-aydinlatmasi-2\/#breadcrumb"},"inLanguage":"fr-FR","potentialAction":[{"@type":"ReadAction","target":["https:\/\/sxflightcase.com\/tr\/urun\/led-dolap-aydinlatmasi-2\/"]}]},{"@type":"ImageObject","inLanguage":"fr-FR","@id":"https:\/\/sxflightcase.com\/tr\/urun\/led-dolap-aydinlatmasi-2\/#primaryimage","url":"https:\/\/sxflightcase.com\/wp-content\/uploads\/2024\/05\/led-cabinet-lighting30325432296.webp","contentUrl":"https:\/\/sxflightcase.com\/wp-content\/uploads\/2024\/05\/led-cabinet-lighting30325432296.webp","width":730,"height":730,"caption":"LED Cabinet Lighting"},{"@type":"BreadcrumbList","@id":"https:\/\/sxflightcase.com\/tr\/urun\/led-dolap-aydinlatmasi-2\/#breadcrumb","itemListElement":[{"@type":"ListItem","position":1,"name":"Home","item":"https:\/\/sxflightcase.com\/"},{"@type":"ListItem","position":2,"name":"\u0e2a\u0e34\u0e19\u0e04\u0e49\u0e32","item":"https:\/\/sxflightcase.com\/th\/shop\/"},{"@type":"ListItem","position":3,"name":"LED Cabinet Lighting"}]},{"@type":"WebSite","@id":"https:\/\/sxflightcase.com\/th\/#website","url":"https:\/\/sxflightcase.com\/th\/","name":"sxpowercase.com","description":"Flight Case Factory","publisher":{"@id":"https:\/\/sxflightcase.com\/th\/#organization"},"potentialAction":[{"@type":"SearchAction","target":{"@type":"EntryPoint","urlTemplate":"https:\/\/sxflightcase.com\/th\/?s={search_term_string}"},"query-input":{"@type":"PropertyValueSpecification","valueRequired":true,"valueName":"search_term_string"}}],"inLanguage":"fr-FR"},{"@type":"Organization","@id":"https:\/\/sxflightcase.com\/th\/#organization","name":"sxpowercase.com","url":"https:\/\/sxflightcase.com\/th\/","logo":{"@type":"ImageObject","inLanguage":"fr-FR","@id":"https:\/\/sxflightcase.com\/th\/#\/schema\/logo\/image\/","url":"https:\/\/sxflightcase.com\/wp-content\/uploads\/2024\/04\/1713919036007.jpg","contentUrl":"https:\/\/sxflightcase.com\/wp-content\/uploads\/2024\/04\/1713919036007.jpg","width":382,"height":388,"caption":"sxpowercase.com"},"image":{"@id":"https:\/\/sxflightcase.com\/th\/#\/schema\/logo\/image\/"},"sameAs":["https:\/\/www.facebook.com\/profile.php?id=61560407257971"],"numberOfEmployees":{"@type":"QuantitativeValue","minValue":"11","maxValue":"50"}}]}},"_links":{"self":[{"href":"https:\/\/sxflightcase.com\/fr\/wp-json\/wp\/v2\/product\/1713","targetHints":{"allow":["GET"]}}],"collection":[{"href":"https:\/\/sxflightcase.com\/fr\/wp-json\/wp\/v2\/product"}],"about":[{"href":"https:\/\/sxflightcase.com\/fr\/wp-json\/wp\/v2\/types\/product"}],"replies":[{"embeddable":true,"href":"https:\/\/sxflightcase.com\/fr\/wp-json\/wp\/v2\/comments?post=1713"}],"version-history":[{"count":0,"href":"https:\/\/sxflightcase.com\/fr\/wp-json\/wp\/v2\/product\/1713\/revisions"}],"wp:featuredmedia":[{"embeddable":true,"href":"https:\/\/sxflightcase.com\/fr\/wp-json\/wp\/v2\/media\/1715"}],"wp:attachment":[{"href":"https:\/\/sxflightcase.com\/fr\/wp-json\/wp\/v2\/media?parent=1713"}],"wp:term":[{"taxonomy":"product_brand","embeddable":true,"href":"https:\/\/sxflightcase.com\/fr\/wp-json\/wp\/v2\/product_brand?post=1713"},{"taxonomy":"product_cat","embeddable":true,"href":"https:\/\/sxflightcase.com\/fr\/wp-json\/wp\/v2\/product_cat?post=1713"},{"taxonomy":"product_tag","embeddable":true,"href":"https:\/\/sxflightcase.com\/fr\/wp-json\/wp\/v2\/product_tag?post=1713"}],"curies":[{"name":"wp","href":"https:\/\/api.w.org\/{rel}","templated":true}]}}