{"id":1718,"date":"2024-05-10T04:53:18","date_gmt":"2024-05-10T03:53:18","guid":{"rendered":"https:\/\/sxpowercase.com\/?post_type=product&#038;p=1718"},"modified":"2024-06-25T09:32:02","modified_gmt":"2024-06-25T08:32:02","slug":"18-inch-subwoofer-box","status":"publish","type":"product","link":"https:\/\/sxflightcase.com\/fr\/produit\/boitier-de-caisson-de-basse-18-pouces-2\/","title":{"rendered":"Caisson de basses 18 pouces"},"content":{"rendered":"<p><strong>Param\u00e8tre du produit (sp\u00e9cification)<\/strong><\/p>\n<section class=\"table-wrap\">\n<table class=\"table\" width=\"100%\" cellspacing=\"0\" cellpadding=\"0\">\n<tbody>\n<tr class=\"firstRow\">\n<td width=\"134\">Nom du produit<\/td>\n<td width=\"504\">Bo\u00eetier de caisson de basse 18 pouces<\/td>\n<\/tr>\n<tr>\n<td width=\"134\">Mat\u00e9riaux<\/td>\n<td width=\"504\">Cadre en aluminium + contreplaqu\u00e9 de 9 mm<br \/>\n4 x Fermeture papillon avec boucles pour cadenas (cadenas non fourni)<br \/>\nEnti\u00e8rement doubl\u00e9 de mousse de plastazote<br \/>\n4 roulettes en caoutchouc de 100 mm boulonn\u00e9es \u00e0 la caisse par l'interm\u00e9diaire d'une planche de roulettes en bois de bouleau de 15 mm (2 ont des freins \u00e0 blocage total) option de co\u00fbt<\/td>\n<\/tr>\n<tr>\n<td width=\"134\">Couleur<\/td>\n<td width=\"504\">Noir, bleu, rouge ou personnalis\u00e9<\/td>\n<\/tr>\n<tr>\n<td width=\"134\">Usage<\/td>\n<td width=\"504\">Prot\u00e9ger le transport Stockage<\/td>\n<\/tr>\n<\/tbody>\n<\/table>\n<\/section>\n<h1>B\u00e9n\u00e9ficiez d'un son in\u00e9gal\u00e9 avec le caisson de basses 18 pouces de SX<\/h1>\n<h2>Un son puissant, un design parfait<\/h2>\n<p>Le <a href=\"https:\/\/sxpowercase.com\/\" target=\"_blank\"  rel=\"noopener\" title=\"SX\"  data-wpil-monitor-id=\"463\">SX<\/a> Le caisson de basses de 18 pouces offre une exp\u00e9rience audio in\u00e9gal\u00e9e. Con\u00e7u pour am\u00e9liorer votre syst\u00e8me audio, il fournit des basses profondes et puissantes qui transforment n'importe quel espace. Son design \u00e9l\u00e9gant s'int\u00e8gre parfaitement \u00e0 votre installation, offrant \u00e0 la fois un attrait esth\u00e9tique et des performances sup\u00e9rieures.<\/p>\n<h2>Un savoir-faire sup\u00e9rieur<\/h2>\n<h3>Construit pour durer<\/h3>\n<p>Chez SX, nous croyons en la qualit\u00e9. Notre bo\u00eetier de caisson de basse 18 pouces est fabriqu\u00e9 \u00e0 partir de mat\u00e9riaux de haute qualit\u00e9, garantissant une durabilit\u00e9 et des performances \u00e0 long terme. La construction robuste r\u00e9siste aux rigueurs du transport et de l'utilisation, ce qui en fait un compl\u00e9ment fiable \u00e0 votre \u00e9quipement audio.<\/p>\n<h2>Ventes directes d&#039;usine<\/h2>\n<h3>Meilleur rapport qualit\u00e9-prix garanti<\/h3>\n<p>Le mod\u00e8le de vente directe de SX vous garantit le meilleur rapport qualit\u00e9-prix pour votre investissement. En \u00e9liminant les interm\u00e9diaires, nous offrons des produits de haute qualit\u00e9 \u00e0 des prix comp\u00e9titifs. Le caisson de basses 18 pouces est une solution \u00e9conomique pour les audiophiles \u00e0 la recherche d'un son de qualit\u00e9 sup\u00e9rieure sans se ruiner.<\/p>\n<h2>Services de personnalisation<\/h2>\n<h3>Adapt\u00e9 \u00e0 vos besoins<\/h3>\n<p>SX comprend que chaque syst\u00e8me audio est unique. C'est pourquoi nous proposons des options de personnalisation pour notre bo\u00eetier de caisson de basse de 18 pouces. Que vous ayez besoin de dimensions sp\u00e9cifiques, de finitions ou de caract\u00e9ristiques suppl\u00e9mentaires, nous pouvons personnaliser le caisson de sous-graves pour qu'il r\u00e9ponde exactement \u00e0 vos besoins. Profitez d'un produit adapt\u00e9 \u00e0 vos pr\u00e9f\u00e9rences.<\/p>\n<h2>Am\u00e9liorez votre exp\u00e9rience audio<\/h2>\n<h3>Basses profondes, son clair<\/h3>\n<p>Le caisson de basses 18 pouces de SX am\u00e9liore votre installation audio avec des basses profondes et riches et une qualit\u00e9 sonore claire. Parfait pour les amateurs de musique, les home cin\u00e9mas et les installations professionnelles, il \u00e9l\u00e8ve votre exp\u00e9rience d'\u00e9coute. Profitez d'un son immersif qui donne vie \u00e0 vos morceaux et films pr\u00e9f\u00e9r\u00e9s.<\/p>\n<hr \/>\n<p>Am\u00e9liorez votre syst\u00e8me audio avec le bo\u00eetier de caisson de basses SX 18 pouces. Contactez-nous d\u00e8s aujourd'hui pour en savoir plus sur nos ventes directes et nos services de personnalisation. D\u00e9couvrez le m\u00e9lange parfait de puissance, de durabilit\u00e9 et de valeur avec SX, et faites passer votre syst\u00e8me audio au niveau sup\u00e9rieur.<\/p>\n<p><strong>FAQ<\/strong><\/p>\n<p>Q : Pouvez-vous faire notre propre emballage ?<\/p>\n<p>R : Oui, il vous suffit de fournir le design de l&#039;emballage et nous produirons ce que vous souhaitez. Nous disposons \u00e9galement d&#039;un designer professionnel qui peut vous aider \u00e0 concevoir l&#039;emballage.<\/p>\n<p>Q. Fournissez-vous des \u00e9chantillons ?<\/p>\n<p>A. Oui, nous fournissons des \u00e9chantillons et le co\u00fbt de l'\u00e9chantillon vous sera rembours\u00e9 lors de la confirmation de la commande.<\/p>\n<p>Q. Quels sont vos produits ?<\/p>\n<p>UN. <a class=\"wpil_keyword_link\" title=\"\u00c9tui de transport\" href=\"https:\/\/sxpowercase.com\/product-category\/all-product\/flight-case\/\" target=\"_blank\" rel=\"noopener\" data-wpil-keyword-link=\"linked\" data-wpil-monitor-id=\"412\">\u00c9tui de transport<\/a> comme une mallette de rangement, une mallette de coffre, une mallette de mixeur, une mallette de t\u00e9l\u00e9vision, etc...<\/p>\n<p>Hot Tags : Prix bas, en stock, \u00e9chantillon gratuit, C\u00e2ble d'alimentation et de signal, fil de calibre 16 \u00e0 4 conducteurs, Bo\u00eetier de support de microphone, Vitrine d'affichage \u00e0 leds pour l'ext\u00e9rieur, Montage en rack, 19\" Rackmount Mixer Flight Cases\uff0celectrical distro box, China, suppliers, factory, customized, wholesale, 18 Inch Subwoofer Box,<span style=\"color: #993366;\"><a style=\"color: #993366;\" href=\"https:\/\/sxflightcase.com\/fr\/product-category\/all-product\/power-distribution-boxes\/\">bo\u00eetes d&#039;alimentation<\/a>,\u00a0<a style=\"color: #993366;\" href=\"https:\/\/sxflightcase.com\/fr\/product-category\/all-product\/hoist-controllers\/\">c\u00e2bles d&#039;alimentation<\/a>,\u00a0<a style=\"color: #993366;\" href=\"https:\/\/sxflightcase.com\/fr\/product-category\/all-product\/hoist-controllers\/\">contr\u00f4leurs de levage<\/a>,\u00a0<a style=\"color: #993366;\" href=\"https:\/\/sxflightcase.com\/fr\/product-category\/all-product\/flight-case\/\">mallettes de vol.<\/a><\/span><\/p>","protected":false},"excerpt":{"rendered":"<h2 class=\"prodetails-name\">Caisson de basses 18 pouces<\/h2>\n<p>Notre exp\u00e9rience en interne nous permet de comprendre les attentes de nos clients en mati\u00e8re de mallettes, tout en \u00e9tant en mesure d'offrir diverses options de personnalisation pour vous faciliter la t\u00e2che lorsque vous d\u00e9placez votre \u00e9quipement. Le caisson de graves 18 pouces est l'un des flight cases les plus populaires du march\u00e9 en raison de sa polyvalence.<\/p>\n<h2><strong>Pr\u00e9sentation de la production<\/strong><\/h2>\n<p>Bo\u00eetier de caisson de basse 18 pouces<\/p>\n<p>* Coins de boules empilables et robustes<\/p>\n<p>* Rivets industriels \u00e0 double ancre<\/p>\n<p>* Loquets encastr\u00e9s de qualit\u00e9 industrielle<\/p>\n<p>* Poign\u00e9e encastr\u00e9e de qualit\u00e9 industrielle<\/p>\n<p>* Pieds en caoutchouc de qualit\u00e9 industrielle<\/p>\n<p>* Contreplaqu\u00e9 lamin\u00e9 de vinyle de premi\u00e8re qualit\u00e9 de 3\/8 de pouce<\/p>\n<p>* Embo\u00eetement de la languette et de la rainure<\/p>\n<p>* Comprend des bandes de largeur r\u00e9glables pour la table de mixage\/lecteur de CD<\/p>\n<p>* Garantie \u00e0 vie limit\u00e9e du rack<\/p>\n<p>* Classement ATA 300<\/p>","protected":false},"featured_media":1719,"comment_status":"open","ping_status":"closed","template":"","meta":[],"product_brand":[],"product_cat":[41],"product_tag":[],"class_list":{"0":"post-1718","1":"product","2":"type-product","3":"status-publish","4":"has-post-thumbnail","6":"product_cat-equipment-cases","8":"first","9":"instock","10":"shipping-taxable","11":"product-type-simple"},"yoast_head":"<!-- This site is optimized with the Yoast SEO Premium plugin v27.1 (Yoast SEO v27.2) - https:\/\/yoast.com\/product\/yoast-seo-premium-wordpress\/ -->\n<title>18 Inch Subwoofer Box - https:\/\/sxflightcase.com \ud83d\udc97<\/title>\n<meta name=\"description\" content=\"18 Inch Subwoofer Box: Get factory-direct sales and professional customization for optimal protection and organization of your lighting equipment\" \/>\n<meta name=\"robots\" content=\"index, follow, max-snippet:-1, max-image-preview:large, max-video-preview:-1\" \/>\n<link rel=\"canonical\" href=\"https:\/\/sxflightcase.com\/fr\/\u88fd\u54c1\/18\u30a4\u30f3\u30c1\u30fb\u30b5\u30d6\u30a6\u30fc\u30d5\u30a1\u30fc\u30dc\u30c3\u30af\u30b9\/\" \/>\n<meta property=\"og:locale\" content=\"fr_FR\" \/>\n<meta property=\"og:type\" content=\"article\" \/>\n<meta property=\"og:title\" content=\"18 Inch Subwoofer Box\" \/>\n<meta property=\"og:description\" content=\"18 Inch Subwoofer Box: Get factory-direct sales and professional customization for optimal protection and organization of your lighting equipment\" \/>\n<meta property=\"og:url\" content=\"https:\/\/sxflightcase.com\/fr\/\u88fd\u54c1\/18\u30a4\u30f3\u30c1\u30fb\u30b5\u30d6\u30a6\u30fc\u30d5\u30a1\u30fc\u30dc\u30c3\u30af\u30b9\/\" \/>\n<meta property=\"og:site_name\" content=\"https:\/\/sxflightcase.com\" \/>\n<meta property=\"article:publisher\" content=\"https:\/\/www.facebook.com\/profile.php?id=61560407257971\" \/>\n<meta property=\"article:modified_time\" content=\"2024-06-25T08:32:02+00:00\" \/>\n<meta property=\"og:image\" content=\"https:\/\/sxflightcase.com\/wp-content\/uploads\/2024\/05\/18-inch-subwoofer-box05049421198.jpg\" \/>\n\t<meta property=\"og:image:width\" content=\"350\" \/>\n\t<meta property=\"og:image:height\" content=\"350\" \/>\n\t<meta property=\"og:image:type\" content=\"image\/jpeg\" \/>\n<meta name=\"twitter:card\" content=\"summary_large_image\" \/>\n<meta name=\"twitter:label1\" content=\"Dur\u00e9e de lecture estim\u00e9e\" \/>\n\t<meta name=\"twitter:data1\" content=\"3 minutes\" \/>\n<script type=\"application\/ld+json\" class=\"yoast-schema-graph\">{\"@context\":\"https:\/\/schema.org\",\"@graph\":[{\"@type\":\"WebPage\",\"@id\":\"https:\/\/sxflightcase.com\/ja\/\u88fd\u54c1\/18\u30a4\u30f3\u30c1\u30fb\u30b5\u30d6\u30a6\u30fc\u30d5\u30a1\u30fc\u30dc\u30c3\u30af\u30b9\/\",\"url\":\"https:\/\/sxflightcase.com\/ja\/\u88fd\u54c1\/18\u30a4\u30f3\u30c1\u30fb\u30b5\u30d6\u30a6\u30fc\u30d5\u30a1\u30fc\u30dc\u30c3\u30af\u30b9\/\",\"name\":\"18 Inch Subwoofer Box - https:\/\/sxflightcase.com \ud83d\udc97\",\"isPartOf\":{\"@id\":\"https:\/\/sxflightcase.com\/th\/#website\"},\"primaryImageOfPage\":{\"@id\":\"https:\/\/sxflightcase.com\/ja\/\u88fd\u54c1\/18\u30a4\u30f3\u30c1\u30fb\u30b5\u30d6\u30a6\u30fc\u30d5\u30a1\u30fc\u30dc\u30c3\u30af\u30b9\/#primaryimage\"},\"image\":{\"@id\":\"https:\/\/sxflightcase.com\/ja\/\u88fd\u54c1\/18\u30a4\u30f3\u30c1\u30fb\u30b5\u30d6\u30a6\u30fc\u30d5\u30a1\u30fc\u30dc\u30c3\u30af\u30b9\/#primaryimage\"},\"thumbnailUrl\":\"https:\/\/sxflightcase.com\/wp-content\/uploads\/2024\/05\/18-inch-subwoofer-box05049421198.jpg\",\"datePublished\":\"2024-05-10T03:53:18+00:00\",\"dateModified\":\"2024-06-25T08:32:02+00:00\",\"description\":\"18 Inch Subwoofer Box: Get factory-direct sales and professional customization for optimal protection and organization of your lighting equipment\",\"breadcrumb\":{\"@id\":\"https:\/\/sxflightcase.com\/ja\/\u88fd\u54c1\/18\u30a4\u30f3\u30c1\u30fb\u30b5\u30d6\u30a6\u30fc\u30d5\u30a1\u30fc\u30dc\u30c3\u30af\u30b9\/#breadcrumb\"},\"inLanguage\":\"fr-FR\",\"potentialAction\":[{\"@type\":\"ReadAction\",\"target\":[\"https:\/\/sxflightcase.com\/ja\/\u88fd\u54c1\/18\u30a4\u30f3\u30c1\u30fb\u30b5\u30d6\u30a6\u30fc\u30d5\u30a1\u30fc\u30dc\u30c3\u30af\u30b9\/\"]}]},{\"@type\":\"ImageObject\",\"inLanguage\":\"fr-FR\",\"@id\":\"https:\/\/sxflightcase.com\/ja\/\u88fd\u54c1\/18\u30a4\u30f3\u30c1\u30fb\u30b5\u30d6\u30a6\u30fc\u30d5\u30a1\u30fc\u30dc\u30c3\u30af\u30b9\/#primaryimage\",\"url\":\"https:\/\/sxflightcase.com\/wp-content\/uploads\/2024\/05\/18-inch-subwoofer-box05049421198.jpg\",\"contentUrl\":\"https:\/\/sxflightcase.com\/wp-content\/uploads\/2024\/05\/18-inch-subwoofer-box05049421198.jpg\",\"width\":350,\"height\":350,\"caption\":\"18 Inch Subwoofer Box\"},{\"@type\":\"BreadcrumbList\",\"@id\":\"https:\/\/sxflightcase.com\/ja\/\u88fd\u54c1\/18\u30a4\u30f3\u30c1\u30fb\u30b5\u30d6\u30a6\u30fc\u30d5\u30a1\u30fc\u30dc\u30c3\u30af\u30b9\/#breadcrumb\",\"itemListElement\":[{\"@type\":\"ListItem\",\"position\":1,\"name\":\"Home\",\"item\":\"https:\/\/sxflightcase.com\/\"},{\"@type\":\"ListItem\",\"position\":2,\"name\":\"\u0e2a\u0e34\u0e19\u0e04\u0e49\u0e32\",\"item\":\"https:\/\/sxflightcase.com\/th\/shop\/\"},{\"@type\":\"ListItem\",\"position\":3,\"name\":\"18 Inch Subwoofer Box\"}]},{\"@type\":\"WebSite\",\"@id\":\"https:\/\/sxflightcase.com\/th\/#website\",\"url\":\"https:\/\/sxflightcase.com\/th\/\",\"name\":\"sxpowercase.com\",\"description\":\"Flight Case Factory\",\"publisher\":{\"@id\":\"https:\/\/sxflightcase.com\/th\/#organization\"},\"potentialAction\":[{\"@type\":\"SearchAction\",\"target\":{\"@type\":\"EntryPoint\",\"urlTemplate\":\"https:\/\/sxflightcase.com\/th\/?s={search_term_string}\"},\"query-input\":{\"@type\":\"PropertyValueSpecification\",\"valueRequired\":true,\"valueName\":\"search_term_string\"}}],\"inLanguage\":\"fr-FR\"},{\"@type\":\"Organization\",\"@id\":\"https:\/\/sxflightcase.com\/th\/#organization\",\"name\":\"sxpowercase.com\",\"url\":\"https:\/\/sxflightcase.com\/th\/\",\"logo\":{\"@type\":\"ImageObject\",\"inLanguage\":\"fr-FR\",\"@id\":\"https:\/\/sxflightcase.com\/th\/#\/schema\/logo\/image\/\",\"url\":\"https:\/\/sxflightcase.com\/wp-content\/uploads\/2024\/04\/1713919036007.jpg\",\"contentUrl\":\"https:\/\/sxflightcase.com\/wp-content\/uploads\/2024\/04\/1713919036007.jpg\",\"width\":382,\"height\":388,\"caption\":\"sxpowercase.com\"},\"image\":{\"@id\":\"https:\/\/sxflightcase.com\/th\/#\/schema\/logo\/image\/\"},\"sameAs\":[\"https:\/\/www.facebook.com\/profile.php?id=61560407257971\"],\"numberOfEmployees\":{\"@type\":\"QuantitativeValue\",\"minValue\":\"11\",\"maxValue\":\"50\"}}]}<\/script>\n<!-- \/ Yoast SEO Premium plugin. -->","yoast_head_json":{"title":"18 Inch Subwoofer Box - https:\/\/sxflightcase.com \ud83d\udc97","description":"Bo\u00eetier de caisson de basse 18 pouces : Obtenez des ventes directes et une personnalisation professionnelle pour une protection et une organisation optimales de votre \u00e9quipement d'\u00e9clairage.","robots":{"index":"index","follow":"follow","max-snippet":"max-snippet:-1","max-image-preview":"max-image-preview:large","max-video-preview":"max-video-preview:-1"},"canonical":"https:\/\/sxflightcase.com\/fr\/\u88fd\u54c1\/18\u30a4\u30f3\u30c1\u30fb\u30b5\u30d6\u30a6\u30fc\u30d5\u30a1\u30fc\u30dc\u30c3\u30af\u30b9\/","og_locale":"fr_FR","og_type":"article","og_title":"18 Inch Subwoofer Box","og_description":"18 Inch Subwoofer Box: Get factory-direct sales and professional customization for optimal protection and organization of your lighting equipment","og_url":"https:\/\/sxflightcase.com\/fr\/\u88fd\u54c1\/18\u30a4\u30f3\u30c1\u30fb\u30b5\u30d6\u30a6\u30fc\u30d5\u30a1\u30fc\u30dc\u30c3\u30af\u30b9\/","og_site_name":"https:\/\/sxflightcase.com","article_publisher":"https:\/\/www.facebook.com\/profile.php?id=61560407257971","article_modified_time":"2024-06-25T08:32:02+00:00","og_image":[{"width":350,"height":350,"url":"https:\/\/sxflightcase.com\/wp-content\/uploads\/2024\/05\/18-inch-subwoofer-box05049421198.jpg","type":"image\/jpeg"}],"twitter_card":"summary_large_image","twitter_misc":{"Dur\u00e9e de lecture estim\u00e9e":"3 minutes"},"schema":{"@context":"https:\/\/schema.org","@graph":[{"@type":"WebPage","@id":"https:\/\/sxflightcase.com\/ja\/\u88fd\u54c1\/18\u30a4\u30f3\u30c1\u30fb\u30b5\u30d6\u30a6\u30fc\u30d5\u30a1\u30fc\u30dc\u30c3\u30af\u30b9\/","url":"https:\/\/sxflightcase.com\/ja\/\u88fd\u54c1\/18\u30a4\u30f3\u30c1\u30fb\u30b5\u30d6\u30a6\u30fc\u30d5\u30a1\u30fc\u30dc\u30c3\u30af\u30b9\/","name":"18 Inch Subwoofer Box - https:\/\/sxflightcase.com \ud83d\udc97","isPartOf":{"@id":"https:\/\/sxflightcase.com\/th\/#website"},"primaryImageOfPage":{"@id":"https:\/\/sxflightcase.com\/ja\/\u88fd\u54c1\/18\u30a4\u30f3\u30c1\u30fb\u30b5\u30d6\u30a6\u30fc\u30d5\u30a1\u30fc\u30dc\u30c3\u30af\u30b9\/#primaryimage"},"image":{"@id":"https:\/\/sxflightcase.com\/ja\/\u88fd\u54c1\/18\u30a4\u30f3\u30c1\u30fb\u30b5\u30d6\u30a6\u30fc\u30d5\u30a1\u30fc\u30dc\u30c3\u30af\u30b9\/#primaryimage"},"thumbnailUrl":"https:\/\/sxflightcase.com\/wp-content\/uploads\/2024\/05\/18-inch-subwoofer-box05049421198.jpg","datePublished":"2024-05-10T03:53:18+00:00","dateModified":"2024-06-25T08:32:02+00:00","description":"Bo\u00eetier de caisson de basse 18 pouces : Obtenez des ventes directes et une personnalisation professionnelle pour une protection et une organisation optimales de votre \u00e9quipement d'\u00e9clairage.","breadcrumb":{"@id":"https:\/\/sxflightcase.com\/ja\/\u88fd\u54c1\/18\u30a4\u30f3\u30c1\u30fb\u30b5\u30d6\u30a6\u30fc\u30d5\u30a1\u30fc\u30dc\u30c3\u30af\u30b9\/#breadcrumb"},"inLanguage":"fr-FR","potentialAction":[{"@type":"ReadAction","target":["https:\/\/sxflightcase.com\/ja\/\u88fd\u54c1\/18\u30a4\u30f3\u30c1\u30fb\u30b5\u30d6\u30a6\u30fc\u30d5\u30a1\u30fc\u30dc\u30c3\u30af\u30b9\/"]}]},{"@type":"ImageObject","inLanguage":"fr-FR","@id":"https:\/\/sxflightcase.com\/ja\/\u88fd\u54c1\/18\u30a4\u30f3\u30c1\u30fb\u30b5\u30d6\u30a6\u30fc\u30d5\u30a1\u30fc\u30dc\u30c3\u30af\u30b9\/#primaryimage","url":"https:\/\/sxflightcase.com\/wp-content\/uploads\/2024\/05\/18-inch-subwoofer-box05049421198.jpg","contentUrl":"https:\/\/sxflightcase.com\/wp-content\/uploads\/2024\/05\/18-inch-subwoofer-box05049421198.jpg","width":350,"height":350,"caption":"18 Inch Subwoofer Box"},{"@type":"BreadcrumbList","@id":"https:\/\/sxflightcase.com\/ja\/\u88fd\u54c1\/18\u30a4\u30f3\u30c1\u30fb\u30b5\u30d6\u30a6\u30fc\u30d5\u30a1\u30fc\u30dc\u30c3\u30af\u30b9\/#breadcrumb","itemListElement":[{"@type":"ListItem","position":1,"name":"Home","item":"https:\/\/sxflightcase.com\/"},{"@type":"ListItem","position":2,"name":"\u0e2a\u0e34\u0e19\u0e04\u0e49\u0e32","item":"https:\/\/sxflightcase.com\/th\/shop\/"},{"@type":"ListItem","position":3,"name":"18 Inch Subwoofer Box"}]},{"@type":"WebSite","@id":"https:\/\/sxflightcase.com\/th\/#website","url":"https:\/\/sxflightcase.com\/th\/","name":"sxpowercase.com","description":"Flight Case Factory","publisher":{"@id":"https:\/\/sxflightcase.com\/th\/#organization"},"potentialAction":[{"@type":"SearchAction","target":{"@type":"EntryPoint","urlTemplate":"https:\/\/sxflightcase.com\/th\/?s={search_term_string}"},"query-input":{"@type":"PropertyValueSpecification","valueRequired":true,"valueName":"search_term_string"}}],"inLanguage":"fr-FR"},{"@type":"Organization","@id":"https:\/\/sxflightcase.com\/th\/#organization","name":"sxpowercase.com","url":"https:\/\/sxflightcase.com\/th\/","logo":{"@type":"ImageObject","inLanguage":"fr-FR","@id":"https:\/\/sxflightcase.com\/th\/#\/schema\/logo\/image\/","url":"https:\/\/sxflightcase.com\/wp-content\/uploads\/2024\/04\/1713919036007.jpg","contentUrl":"https:\/\/sxflightcase.com\/wp-content\/uploads\/2024\/04\/1713919036007.jpg","width":382,"height":388,"caption":"sxpowercase.com"},"image":{"@id":"https:\/\/sxflightcase.com\/th\/#\/schema\/logo\/image\/"},"sameAs":["https:\/\/www.facebook.com\/profile.php?id=61560407257971"],"numberOfEmployees":{"@type":"QuantitativeValue","minValue":"11","maxValue":"50"}}]}},"_links":{"self":[{"href":"https:\/\/sxflightcase.com\/fr\/wp-json\/wp\/v2\/product\/1718","targetHints":{"allow":["GET"]}}],"collection":[{"href":"https:\/\/sxflightcase.com\/fr\/wp-json\/wp\/v2\/product"}],"about":[{"href":"https:\/\/sxflightcase.com\/fr\/wp-json\/wp\/v2\/types\/product"}],"replies":[{"embeddable":true,"href":"https:\/\/sxflightcase.com\/fr\/wp-json\/wp\/v2\/comments?post=1718"}],"version-history":[{"count":0,"href":"https:\/\/sxflightcase.com\/fr\/wp-json\/wp\/v2\/product\/1718\/revisions"}],"wp:featuredmedia":[{"embeddable":true,"href":"https:\/\/sxflightcase.com\/fr\/wp-json\/wp\/v2\/media\/1719"}],"wp:attachment":[{"href":"https:\/\/sxflightcase.com\/fr\/wp-json\/wp\/v2\/media?parent=1718"}],"wp:term":[{"taxonomy":"product_brand","embeddable":true,"href":"https:\/\/sxflightcase.com\/fr\/wp-json\/wp\/v2\/product_brand?post=1718"},{"taxonomy":"product_cat","embeddable":true,"href":"https:\/\/sxflightcase.com\/fr\/wp-json\/wp\/v2\/product_cat?post=1718"},{"taxonomy":"product_tag","embeddable":true,"href":"https:\/\/sxflightcase.com\/fr\/wp-json\/wp\/v2\/product_tag?post=1718"}],"curies":[{"name":"wp","href":"https:\/\/api.w.org\/{rel}","templated":true}]}}