{"id":1721,"date":"2024-05-10T04:57:40","date_gmt":"2024-05-10T03:57:40","guid":{"rendered":"https:\/\/sxpowercase.com\/?post_type=product&#038;p=1721"},"modified":"2024-06-21T02:32:51","modified_gmt":"2024-06-21T01:32:51","slug":"dual-15-inch-subwoofer-box","status":"publish","type":"product","link":"https:\/\/sxflightcase.com\/fr\/produit\/double-boitier-de-caisson-de-basse-de-15-pouces-2\/","title":{"rendered":"Caisson de basses double de 15 pouces"},"content":{"rendered":"<h3><strong>Param\u00e8tre du produit (sp\u00e9cification)<\/strong><\/h3>\n<section class=\"table-wrap\">\n<table class=\"table\" width=\"100%\" cellspacing=\"0\" cellpadding=\"0\">\n<tbody>\n<tr class=\"firstRow\">\n<td width=\"148\">Nom du produit:<\/td>\n<td width=\"569\">Bo\u00eetier double pour caisson de basse de 15 pouces<\/td>\n<\/tr>\n<tr>\n<td width=\"148\">Dimension:<\/td>\n<td width=\"569\">D\u00e9pend de la taille r\u00e9elle de l'\u00e9quipement<\/td>\n<\/tr>\n<tr>\n<td width=\"148\">Couleur:<\/td>\n<td width=\"569\">noir \/ rouge \/ bleu etc.<\/td>\n<\/tr>\n<tr>\n<td width=\"148\">Mat\u00e9riaux :<\/td>\n<td width=\"569\">Aluminium + Contreplaqu\u00e9 + Panneau ABS + Mat\u00e9riel + Mousse<\/td>\n<\/tr>\n<tr>\n<td width=\"148\">Logo :<\/td>\n<td width=\"569\">Disponible pour logo s\u00e9rigraphi\u00e9 \/ logo en relief \/ logo laser<\/td>\n<\/tr>\n<tr>\n<td width=\"148\">Quantit\u00e9 minimale de commande :<\/td>\n<td width=\"569\">10 pi\u00e8ces<\/td>\n<\/tr>\n<tr>\n<td width=\"148\">Dur\u00e9e de l&#039;\u00e9chantillon :<\/td>\n<td width=\"569\">5-7 jours<\/td>\n<\/tr>\n<tr>\n<td width=\"148\">Temps de production :<\/td>\n<td width=\"569\">4 semaines apr\u00e8s avoir confirm\u00e9 la commande<\/td>\n<\/tr>\n<tr>\n<td width=\"148\">Port d&#039;embarquement :<\/td>\n<td width=\"569\">Shenzhen, Canton, Hong Kong<\/td>\n<\/tr>\n<tr>\n<td width=\"148\">Conditions commerciales :<\/td>\n<td width=\"569\">Ex-work \/ FOB \/ CIF \/ DDU<\/td>\n<\/tr>\n<tr>\n<td width=\"148\">Conditions de paiement :<\/td>\n<td width=\"569\">D\u00e9p\u00f4t T\/T 30% et 70% avant l'exp\u00e9dition, L\/C \u00e0 vue, Western Union, etc.<\/td>\n<\/tr>\n<tr>\n<td width=\"148\">Fonctionnalit\u00e9:<\/td>\n<td width=\"569\">1) Conception \u00e9l\u00e9gante, durable et \u00e9conomique<br \/>\n2) Artisanat raffin\u00e9 et conception sp\u00e9ciale<br \/>\n3) Tous les motifs et logos peuvent \u00eatre imprim\u00e9s ou brod\u00e9s<br \/>\n4) Les tailles, logos et designs personnalis\u00e9s sont accept\u00e9s<\/td>\n<\/tr>\n<\/tbody>\n<\/table>\n<\/section>\n<section class=\"table-wrap\">\n<table class=\"table\" width=\"100%\" cellspacing=\"0\" cellpadding=\"0\">\n<tbody>\n<tr class=\"firstRow\">\n<td colspan=\"3\" width=\"100%\">Emballage et exp\u00e9dition<\/td>\n<\/tr>\n<tr>\n<td rowspan=\"3\" width=\"33%\">D\u00e9lai de livraison<\/td>\n<td width=\"33%\">Par mer<\/td>\n<td width=\"33%\">15-60 jours<\/td>\n<\/tr>\n<tr>\n<td width=\"33%\">Par avion<\/td>\n<td width=\"33%\">4-9 jours<\/td>\n<\/tr>\n<tr>\n<td width=\"33%\">Par expr\u00e8s<\/td>\n<td width=\"33%\">4-9 jours<\/td>\n<\/tr>\n<tr>\n<td width=\"33%\">D\u00e9lai de livraison<\/td>\n<td colspan=\"2\" width=\"66%\">7 \u00e0 15 heures ouvrables ou selon vos besoins<\/td>\n<\/tr>\n<tr>\n<td width=\"33%\">Conditionnement<\/td>\n<td colspan=\"2\" width=\"66%\">Par carton ou selon vos besoins<\/td>\n<\/tr>\n<\/tbody>\n<\/table>\n<\/section>\n<h1><strong>D\u00e9couvrez des basses puissantes avec le caisson de basse double de 15 pouces SX<\/strong><\/h1>\n<h2>Qualit\u00e9 sonore in\u00e9gal\u00e9e<\/h2>\n<p>Am\u00e9liorez votre exp\u00e9rience audio avec le <strong>Caisson de basses double de 15 pouces<\/strong> de <a href=\"https:\/\/sxpowercase.com\/\" target=\"_blank\" rel=\"noopener\" title=\"SX\" data-wpil-monitor-id=\"112\">SX<\/a>. Con\u00e7u pour offrir des basses profondes et riches, ce caisson de basses transforme votre musique et vos bandes sonores de films, cr\u00e9ant une exp\u00e9rience d'\u00e9coute immersive.<\/p>\n<h2>Parfait pour tous les espaces<\/h2>\n<h3>Polyvalent et compact<\/h3>\n<p>Le SX <strong>Caisson de basses double de 15 pouces<\/strong> s'int\u00e8gre parfaitement \u00e0 toute installation. Sa conception compacte ne fait aucun compromis sur la puissance, ce qui le rend id\u00e9al pour les syst\u00e8mes audio de la maison et de la voiture. Profitez d'un son de haute qualit\u00e9 sans sacrifier l'espace.<\/p>\n<h2>Directement du fabricant<\/h2>\n<h3>Ventes directes d&#039;usine<\/h3>\n<p>En choisissant SX, vous b\u00e9n\u00e9ficiez de la vente directe \u00e0 l'usine. Cela signifie que vous recevez des produits de qualit\u00e9 sup\u00e9rieure \u00e0 des prix imbattables. Notre engagement en faveur de l'excellence garantit que vous obtenez un produit de qualit\u00e9 sup\u00e9rieure. <strong>Caisson de basses double de 15 pouces<\/strong> qui r\u00e9pond aux normes les plus strictes en mati\u00e8re de performance et de durabilit\u00e9.<\/p>\n<h2>Options personnalisables<\/h2>\n<h3>Adapt\u00e9 \u00e0 vos besoins<\/h3>\n<p>SX propose des options personnalisables pour r\u00e9pondre \u00e0 vos besoins sp\u00e9cifiques. Que vous ayez besoin d'une finition particuli\u00e8re, d'une taille particuli\u00e8re ou de caract\u00e9ristiques suppl\u00e9mentaires, notre \u00e9quipe est pr\u00eate \u00e0 vous fournir une solution sur mesure. <strong>Caisson de basses 15 pouces<\/strong> qui correspond parfaitement \u00e0 vos besoins.<\/p>\n<h2>Am\u00e9liorez votre exp\u00e9rience audio<\/h2>\n<h3>Son professionnel<\/h3>\n<p>Transformez votre installation audio avec un son de qualit\u00e9 professionnelle. Le SX <strong>Caisson de basses 15 pouces<\/strong> est con\u00e7u pour produire des basses claires et puissantes qui rehaussent chaque rythme, ce qui en fait un outil indispensable pour les amateurs et les professionnels de l'audio.<\/p>\n<hr \/>\n<p>Am\u00e9liorez votre syst\u00e8me audio avec le SX <strong>Caisson de basses 15 pouces<\/strong>. Contactez-nous d\u00e8s aujourd'hui pour en savoir plus sur nos ventes directes et nos options personnalisables. Am\u00e9liorez votre exp\u00e9rience sonore avec SX.<\/p>\n<p><strong>FAQ<\/strong><\/p>\n<p>Q : Pouvez-vous faire notre propre emballage ?<\/p>\n<p>R : Oui, il vous suffit de fournir le design de l&#039;emballage et nous produirons ce que vous souhaitez. Nous disposons \u00e9galement d&#039;un designer professionnel qui peut vous aider \u00e0 concevoir l&#039;emballage.<\/p>\n<p>Q. Pouvons-nous imprimer notre propre logo ?<\/p>\n<p>A. Oui, nous proposons un service OEM.<\/p>\n<p>Q : Comment exp\u00e9diez-vous les marchandises et combien de temps faut-il pour qu'elles arrivent \u00e0 destination ?<\/p>\n<p>R : Normalement, les marchandises sont exp\u00e9di\u00e9es par voie maritime. Nous pouvons vous aider \u00e0 fixer le prix CIF ou le prix d\u00e9part usine.<\/p>\n<p>\u00c9tiquettes populaires: prix bas, en stock, \u00e9chantillon gratuit, c\u00e2ble d&#039;alimentation et de signal, fil \u00e0 4 conducteurs de calibre 16, \u00e9tui pour pied de microphone, armoire d&#039;affichage LED ext\u00e9rieure, montage en rack, mallettes de vol pour mixeur \u00e0 montage en rack 19 pouces, bo\u00eete de distribution \u00e9lectrique, Chine, fournisseurs, usine, personnalis\u00e9, vente en gros, <span style=\"color: #993366;\"><a style=\"color: #993366;\" href=\"https:\/\/sxflightcase.com\/fr\/product-category\/all-product\/power-distribution-boxes\/\">bo\u00eetes d&#039;alimentation<\/a>,\u00a0<a style=\"color: #993366;\" href=\"https:\/\/sxflightcase.com\/fr\/product-category\/all-product\/hoist-controllers\/\">c\u00e2bles d&#039;alimentation<\/a>,\u00a0<a style=\"color: #993366;\" href=\"https:\/\/sxflightcase.com\/fr\/product-category\/all-product\/hoist-controllers\/\">contr\u00f4leurs de levage<\/a>,\u00a0<a style=\"color: #993366;\" href=\"https:\/\/sxflightcase.com\/fr\/product-category\/all-product\/flight-case\/\">mallettes de vol.<\/a><\/span><\/p>","protected":false},"excerpt":{"rendered":"<h2 class=\"prodetails-name\">Caisson de basses double de 15 pouces<\/h2>\n<p>Se rendre d'un point A \u00e0 un point B n'est pas toujours aussi facile qu'il n'y para\u00eet. Garantissez donc la s\u00e9curit\u00e9 de l'\u00e9quipement que vous transportez avec un coffre de route robuste. Le double caisson de basse 15 pouces est l'un des flight cases les plus populaires du march\u00e9 en raison de sa polyvalence.<\/p>\n<h2><strong>Pr\u00e9sentation de la production<\/strong><\/h2>\n<p>Bo\u00eetier double pour caisson de basse de 15 pouces<\/p>\n<p>Ce double caisson de graves de 15 pouces est dot\u00e9 de loquets cadenassables qui garantissent la s\u00e9curit\u00e9 et la tranquillit\u00e9 d'esprit. Les coins intelligents empilables vous permettent de placer plusieurs caissons les uns sur les autres avec une grande stabilit\u00e9, et les poign\u00e9es encastr\u00e9es sont confortables \u00e0 transporter. Fabriqu\u00e9 en plastique ABS\/contreplaqu\u00e9 stratifi\u00e9, rev\u00eatement en mousse, extrusions d'aluminium et quincaillerie de qualit\u00e9.<\/p>","protected":false},"featured_media":1722,"comment_status":"open","ping_status":"closed","template":"","meta":[],"product_brand":[],"product_cat":[41],"product_tag":[],"class_list":{"0":"post-1721","1":"product","2":"type-product","3":"status-publish","4":"has-post-thumbnail","6":"product_cat-equipment-cases","8":"first","9":"instock","10":"shipping-taxable","11":"product-type-simple"},"yoast_head":"<!-- This site is optimized with the Yoast SEO Premium plugin v27.1 (Yoast SEO v27.2) - https:\/\/yoast.com\/product\/yoast-seo-premium-wordpress\/ -->\n<title>Dual 15 Inch Subwoofer Box - https:\/\/sxflightcase.com \ud83d\udc97<\/title>\n<meta name=\"description\" content=\"Dual 15 Inch Subwoofer Box: Get factory-direct sales and professional customization for optimal protection and organization of your lighting equipment\" \/>\n<meta name=\"robots\" content=\"index, follow, max-snippet:-1, max-image-preview:large, max-video-preview:-1\" \/>\n<link rel=\"canonical\" href=\"https:\/\/sxflightcase.com\/fr\/\u0e1c\u0e25\u0e34\u0e15\u0e20\u0e31\u0e13\u0e11\u0e4c\/dual-15-inch-subwoofer-box\/\" \/>\n<meta property=\"og:locale\" content=\"fr_FR\" \/>\n<meta property=\"og:type\" content=\"article\" \/>\n<meta property=\"og:title\" content=\"Dual 15 Inch Subwoofer Box\" \/>\n<meta property=\"og:description\" content=\"Dual 15 Inch Subwoofer Box: Get factory-direct sales and professional customization for optimal protection and organization of your lighting equipment\" \/>\n<meta property=\"og:url\" content=\"https:\/\/sxflightcase.com\/fr\/\u0e1c\u0e25\u0e34\u0e15\u0e20\u0e31\u0e13\u0e11\u0e4c\/dual-15-inch-subwoofer-box\/\" \/>\n<meta property=\"og:site_name\" content=\"https:\/\/sxflightcase.com\" \/>\n<meta property=\"article:publisher\" content=\"https:\/\/www.facebook.com\/profile.php?id=61560407257971\" \/>\n<meta property=\"article:modified_time\" content=\"2024-06-21T01:32:51+00:00\" \/>\n<meta property=\"og:image\" content=\"https:\/\/sxflightcase.com\/wp-content\/uploads\/2024\/05\/dual-15-inch-subwoofer-box34149732810.webp\" \/>\n\t<meta property=\"og:image:width\" content=\"700\" \/>\n\t<meta property=\"og:image:height\" content=\"700\" \/>\n\t<meta property=\"og:image:type\" content=\"image\/webp\" \/>\n<meta name=\"twitter:card\" content=\"summary_large_image\" \/>\n<meta name=\"twitter:label1\" content=\"Dur\u00e9e de lecture estim\u00e9e\" \/>\n\t<meta name=\"twitter:data1\" content=\"4 minutes\" \/>\n<script type=\"application\/ld+json\" class=\"yoast-schema-graph\">{\"@context\":\"https:\/\/schema.org\",\"@graph\":[{\"@type\":\"WebPage\",\"@id\":\"https:\/\/sxflightcase.com\/th\/\u0e1c\u0e25\u0e34\u0e15\u0e20\u0e31\u0e13\u0e11\u0e4c\/dual-15-inch-subwoofer-box\/\",\"url\":\"https:\/\/sxflightcase.com\/th\/\u0e1c\u0e25\u0e34\u0e15\u0e20\u0e31\u0e13\u0e11\u0e4c\/dual-15-inch-subwoofer-box\/\",\"name\":\"Dual 15 Inch Subwoofer Box - https:\/\/sxflightcase.com \ud83d\udc97\",\"isPartOf\":{\"@id\":\"https:\/\/sxflightcase.com\/th\/#website\"},\"primaryImageOfPage\":{\"@id\":\"https:\/\/sxflightcase.com\/th\/\u0e1c\u0e25\u0e34\u0e15\u0e20\u0e31\u0e13\u0e11\u0e4c\/dual-15-inch-subwoofer-box\/#primaryimage\"},\"image\":{\"@id\":\"https:\/\/sxflightcase.com\/th\/\u0e1c\u0e25\u0e34\u0e15\u0e20\u0e31\u0e13\u0e11\u0e4c\/dual-15-inch-subwoofer-box\/#primaryimage\"},\"thumbnailUrl\":\"https:\/\/sxflightcase.com\/wp-content\/uploads\/2024\/05\/dual-15-inch-subwoofer-box34149732810.webp\",\"datePublished\":\"2024-05-10T03:57:40+00:00\",\"dateModified\":\"2024-06-21T01:32:51+00:00\",\"description\":\"Dual 15 Inch Subwoofer Box: Get factory-direct sales and professional customization for optimal protection and organization of your lighting equipment\",\"breadcrumb\":{\"@id\":\"https:\/\/sxflightcase.com\/th\/\u0e1c\u0e25\u0e34\u0e15\u0e20\u0e31\u0e13\u0e11\u0e4c\/dual-15-inch-subwoofer-box\/#breadcrumb\"},\"inLanguage\":\"fr-FR\",\"potentialAction\":[{\"@type\":\"ReadAction\",\"target\":[\"https:\/\/sxflightcase.com\/th\/\u0e1c\u0e25\u0e34\u0e15\u0e20\u0e31\u0e13\u0e11\u0e4c\/dual-15-inch-subwoofer-box\/\"]}]},{\"@type\":\"ImageObject\",\"inLanguage\":\"fr-FR\",\"@id\":\"https:\/\/sxflightcase.com\/th\/\u0e1c\u0e25\u0e34\u0e15\u0e20\u0e31\u0e13\u0e11\u0e4c\/dual-15-inch-subwoofer-box\/#primaryimage\",\"url\":\"https:\/\/sxflightcase.com\/wp-content\/uploads\/2024\/05\/dual-15-inch-subwoofer-box34149732810.webp\",\"contentUrl\":\"https:\/\/sxflightcase.com\/wp-content\/uploads\/2024\/05\/dual-15-inch-subwoofer-box34149732810.webp\",\"width\":700,\"height\":700,\"caption\":\"Dual 15 Inch Subwoofer Box\"},{\"@type\":\"BreadcrumbList\",\"@id\":\"https:\/\/sxflightcase.com\/th\/\u0e1c\u0e25\u0e34\u0e15\u0e20\u0e31\u0e13\u0e11\u0e4c\/dual-15-inch-subwoofer-box\/#breadcrumb\",\"itemListElement\":[{\"@type\":\"ListItem\",\"position\":1,\"name\":\"Home\",\"item\":\"https:\/\/sxflightcase.com\/\"},{\"@type\":\"ListItem\",\"position\":2,\"name\":\"\u0e2a\u0e34\u0e19\u0e04\u0e49\u0e32\",\"item\":\"https:\/\/sxflightcase.com\/th\/shop\/\"},{\"@type\":\"ListItem\",\"position\":3,\"name\":\"Dual 15 Inch Subwoofer Box\"}]},{\"@type\":\"WebSite\",\"@id\":\"https:\/\/sxflightcase.com\/th\/#website\",\"url\":\"https:\/\/sxflightcase.com\/th\/\",\"name\":\"sxpowercase.com\",\"description\":\"Flight Case Factory\",\"publisher\":{\"@id\":\"https:\/\/sxflightcase.com\/th\/#organization\"},\"potentialAction\":[{\"@type\":\"SearchAction\",\"target\":{\"@type\":\"EntryPoint\",\"urlTemplate\":\"https:\/\/sxflightcase.com\/th\/?s={search_term_string}\"},\"query-input\":{\"@type\":\"PropertyValueSpecification\",\"valueRequired\":true,\"valueName\":\"search_term_string\"}}],\"inLanguage\":\"fr-FR\"},{\"@type\":\"Organization\",\"@id\":\"https:\/\/sxflightcase.com\/th\/#organization\",\"name\":\"sxpowercase.com\",\"url\":\"https:\/\/sxflightcase.com\/th\/\",\"logo\":{\"@type\":\"ImageObject\",\"inLanguage\":\"fr-FR\",\"@id\":\"https:\/\/sxflightcase.com\/th\/#\/schema\/logo\/image\/\",\"url\":\"https:\/\/sxflightcase.com\/wp-content\/uploads\/2024\/04\/1713919036007.jpg\",\"contentUrl\":\"https:\/\/sxflightcase.com\/wp-content\/uploads\/2024\/04\/1713919036007.jpg\",\"width\":382,\"height\":388,\"caption\":\"sxpowercase.com\"},\"image\":{\"@id\":\"https:\/\/sxflightcase.com\/th\/#\/schema\/logo\/image\/\"},\"sameAs\":[\"https:\/\/www.facebook.com\/profile.php?id=61560407257971\"],\"numberOfEmployees\":{\"@type\":\"QuantitativeValue\",\"minValue\":\"11\",\"maxValue\":\"50\"}}]}<\/script>\n<!-- \/ Yoast SEO Premium plugin. -->","yoast_head_json":{"title":"Dual 15 Inch Subwoofer Box - https:\/\/sxflightcase.com \ud83d\udc97","description":"Bo\u00eetier double pour subwoofer de 15 pouces : B\u00e9n\u00e9ficiez de ventes directes et d'une personnalisation professionnelle pour une protection et une organisation optimales de votre \u00e9quipement d'\u00e9clairage.","robots":{"index":"index","follow":"follow","max-snippet":"max-snippet:-1","max-image-preview":"max-image-preview:large","max-video-preview":"max-video-preview:-1"},"canonical":"https:\/\/sxflightcase.com\/fr\/\u0e1c\u0e25\u0e34\u0e15\u0e20\u0e31\u0e13\u0e11\u0e4c\/dual-15-inch-subwoofer-box\/","og_locale":"fr_FR","og_type":"article","og_title":"Dual 15 Inch Subwoofer Box","og_description":"Dual 15 Inch Subwoofer Box: Get factory-direct sales and professional customization for optimal protection and organization of your lighting equipment","og_url":"https:\/\/sxflightcase.com\/fr\/\u0e1c\u0e25\u0e34\u0e15\u0e20\u0e31\u0e13\u0e11\u0e4c\/dual-15-inch-subwoofer-box\/","og_site_name":"https:\/\/sxflightcase.com","article_publisher":"https:\/\/www.facebook.com\/profile.php?id=61560407257971","article_modified_time":"2024-06-21T01:32:51+00:00","og_image":[{"width":700,"height":700,"url":"https:\/\/sxflightcase.com\/wp-content\/uploads\/2024\/05\/dual-15-inch-subwoofer-box34149732810.webp","type":"image\/webp"}],"twitter_card":"summary_large_image","twitter_misc":{"Dur\u00e9e de lecture estim\u00e9e":"4 minutes"},"schema":{"@context":"https:\/\/schema.org","@graph":[{"@type":"WebPage","@id":"https:\/\/sxflightcase.com\/th\/\u0e1c\u0e25\u0e34\u0e15\u0e20\u0e31\u0e13\u0e11\u0e4c\/dual-15-inch-subwoofer-box\/","url":"https:\/\/sxflightcase.com\/th\/\u0e1c\u0e25\u0e34\u0e15\u0e20\u0e31\u0e13\u0e11\u0e4c\/dual-15-inch-subwoofer-box\/","name":"Dual 15 Inch Subwoofer Box - https:\/\/sxflightcase.com \ud83d\udc97","isPartOf":{"@id":"https:\/\/sxflightcase.com\/th\/#website"},"primaryImageOfPage":{"@id":"https:\/\/sxflightcase.com\/th\/\u0e1c\u0e25\u0e34\u0e15\u0e20\u0e31\u0e13\u0e11\u0e4c\/dual-15-inch-subwoofer-box\/#primaryimage"},"image":{"@id":"https:\/\/sxflightcase.com\/th\/\u0e1c\u0e25\u0e34\u0e15\u0e20\u0e31\u0e13\u0e11\u0e4c\/dual-15-inch-subwoofer-box\/#primaryimage"},"thumbnailUrl":"https:\/\/sxflightcase.com\/wp-content\/uploads\/2024\/05\/dual-15-inch-subwoofer-box34149732810.webp","datePublished":"2024-05-10T03:57:40+00:00","dateModified":"2024-06-21T01:32:51+00:00","description":"Bo\u00eetier double pour subwoofer de 15 pouces : B\u00e9n\u00e9ficiez de ventes directes et d'une personnalisation professionnelle pour une protection et une organisation optimales de votre \u00e9quipement d'\u00e9clairage.","breadcrumb":{"@id":"https:\/\/sxflightcase.com\/th\/\u0e1c\u0e25\u0e34\u0e15\u0e20\u0e31\u0e13\u0e11\u0e4c\/dual-15-inch-subwoofer-box\/#breadcrumb"},"inLanguage":"fr-FR","potentialAction":[{"@type":"ReadAction","target":["https:\/\/sxflightcase.com\/th\/\u0e1c\u0e25\u0e34\u0e15\u0e20\u0e31\u0e13\u0e11\u0e4c\/dual-15-inch-subwoofer-box\/"]}]},{"@type":"ImageObject","inLanguage":"fr-FR","@id":"https:\/\/sxflightcase.com\/th\/\u0e1c\u0e25\u0e34\u0e15\u0e20\u0e31\u0e13\u0e11\u0e4c\/dual-15-inch-subwoofer-box\/#primaryimage","url":"https:\/\/sxflightcase.com\/wp-content\/uploads\/2024\/05\/dual-15-inch-subwoofer-box34149732810.webp","contentUrl":"https:\/\/sxflightcase.com\/wp-content\/uploads\/2024\/05\/dual-15-inch-subwoofer-box34149732810.webp","width":700,"height":700,"caption":"Dual 15 Inch Subwoofer Box"},{"@type":"BreadcrumbList","@id":"https:\/\/sxflightcase.com\/th\/\u0e1c\u0e25\u0e34\u0e15\u0e20\u0e31\u0e13\u0e11\u0e4c\/dual-15-inch-subwoofer-box\/#breadcrumb","itemListElement":[{"@type":"ListItem","position":1,"name":"Home","item":"https:\/\/sxflightcase.com\/"},{"@type":"ListItem","position":2,"name":"\u0e2a\u0e34\u0e19\u0e04\u0e49\u0e32","item":"https:\/\/sxflightcase.com\/th\/shop\/"},{"@type":"ListItem","position":3,"name":"Dual 15 Inch Subwoofer Box"}]},{"@type":"WebSite","@id":"https:\/\/sxflightcase.com\/th\/#website","url":"https:\/\/sxflightcase.com\/th\/","name":"sxpowercase.com","description":"Flight Case Factory","publisher":{"@id":"https:\/\/sxflightcase.com\/th\/#organization"},"potentialAction":[{"@type":"SearchAction","target":{"@type":"EntryPoint","urlTemplate":"https:\/\/sxflightcase.com\/th\/?s={search_term_string}"},"query-input":{"@type":"PropertyValueSpecification","valueRequired":true,"valueName":"search_term_string"}}],"inLanguage":"fr-FR"},{"@type":"Organization","@id":"https:\/\/sxflightcase.com\/th\/#organization","name":"sxpowercase.com","url":"https:\/\/sxflightcase.com\/th\/","logo":{"@type":"ImageObject","inLanguage":"fr-FR","@id":"https:\/\/sxflightcase.com\/th\/#\/schema\/logo\/image\/","url":"https:\/\/sxflightcase.com\/wp-content\/uploads\/2024\/04\/1713919036007.jpg","contentUrl":"https:\/\/sxflightcase.com\/wp-content\/uploads\/2024\/04\/1713919036007.jpg","width":382,"height":388,"caption":"sxpowercase.com"},"image":{"@id":"https:\/\/sxflightcase.com\/th\/#\/schema\/logo\/image\/"},"sameAs":["https:\/\/www.facebook.com\/profile.php?id=61560407257971"],"numberOfEmployees":{"@type":"QuantitativeValue","minValue":"11","maxValue":"50"}}]}},"_links":{"self":[{"href":"https:\/\/sxflightcase.com\/fr\/wp-json\/wp\/v2\/product\/1721","targetHints":{"allow":["GET"]}}],"collection":[{"href":"https:\/\/sxflightcase.com\/fr\/wp-json\/wp\/v2\/product"}],"about":[{"href":"https:\/\/sxflightcase.com\/fr\/wp-json\/wp\/v2\/types\/product"}],"replies":[{"embeddable":true,"href":"https:\/\/sxflightcase.com\/fr\/wp-json\/wp\/v2\/comments?post=1721"}],"version-history":[{"count":0,"href":"https:\/\/sxflightcase.com\/fr\/wp-json\/wp\/v2\/product\/1721\/revisions"}],"wp:featuredmedia":[{"embeddable":true,"href":"https:\/\/sxflightcase.com\/fr\/wp-json\/wp\/v2\/media\/1722"}],"wp:attachment":[{"href":"https:\/\/sxflightcase.com\/fr\/wp-json\/wp\/v2\/media?parent=1721"}],"wp:term":[{"taxonomy":"product_brand","embeddable":true,"href":"https:\/\/sxflightcase.com\/fr\/wp-json\/wp\/v2\/product_brand?post=1721"},{"taxonomy":"product_cat","embeddable":true,"href":"https:\/\/sxflightcase.com\/fr\/wp-json\/wp\/v2\/product_cat?post=1721"},{"taxonomy":"product_tag","embeddable":true,"href":"https:\/\/sxflightcase.com\/fr\/wp-json\/wp\/v2\/product_tag?post=1721"}],"curies":[{"name":"wp","href":"https:\/\/api.w.org\/{rel}","templated":true}]}}