{"id":1731,"date":"2024-05-10T06:44:25","date_gmt":"2024-05-10T05:44:25","guid":{"rendered":"https:\/\/sxpowercase.com\/?post_type=product&#038;p=1731"},"modified":"2024-06-21T02:56:05","modified_gmt":"2024-06-21T01:56:05","slug":"15-inch-subwoofer-box","status":"publish","type":"product","link":"https:\/\/sxflightcase.com\/fr\/produit\/boitier-de-caisson-de-basse-15-pouces-2\/","title":{"rendered":"Caisson de basses 15 pouces"},"content":{"rendered":"<p><strong>Param\u00e8tre du produit (sp\u00e9cification)<\/strong><\/p>\n<section class=\"table-wrap\">\n<table class=\"table\" width=\"100%\" cellspacing=\"0\" cellpadding=\"0\">\n<tbody>\n<tr class=\"firstRow\">\n<td width=\"134\">Nom du produit:<\/td>\n<td width=\"503\">Bo\u00eetier de caisson de basse 15 pouces<\/td>\n<\/tr>\n<tr>\n<td width=\"134\">Mati\u00e8re et accessoire :<\/td>\n<td width=\"503\">Contreplaqu\u00e9 de 9 mm + quincaillerie chrom\u00e9e\/zingu\u00e9e + extrusion d&#039;aluminium<br \/>\nCouvercles amovibles avant et arri\u00e8re<\/td>\n<\/tr>\n<tr>\n<td width=\"134\">Doublure en mousse :<\/td>\n<td width=\"503\">Mousse perl\u00e9e \/ mousse EVA \/ mousse \u00e0 \u0153ufs, etc., standard ou sur demande<\/td>\n<\/tr>\n<tr>\n<td width=\"134\">Couleur:<\/td>\n<td width=\"503\">Noir (couleur par d\u00e9faut), rouge, bleu, orange, jaune, vert, etc.<\/td>\n<\/tr>\n<tr>\n<td width=\"134\">D\u00e9lai de mise en \u0153uvre:<\/td>\n<td width=\"503\">Commande d&#039;\u00e9chantillon 3 jours, commande normale 7 \u00e0 15 jours<\/td>\n<\/tr>\n<tr>\n<td width=\"134\">Dimension:<\/td>\n<td width=\"503\">D\u00e9pend de la dimension de l&#039;\u00e9quipement<\/td>\n<\/tr>\n<\/tbody>\n<\/table>\n<\/section>\n<h1>Am\u00e9liorez votre son avec le caisson de basses SX 15 pouces<\/h1>\n<h2>Lib\u00e9rez la puissance des basses profondes<\/h2>\n<p>D\u00e9couvrez la diff\u00e9rence de qualit\u00e9 sonore avec le <strong>Caisson de basses 15 pouces<\/strong> de <a href=\"https:\/\/sxpowercase.com\/\" target=\"_blank\" rel=\"noopener\" title=\"SX\" data-wpil-monitor-id=\"114\">SX<\/a>. Con\u00e7u pour offrir des basses puissantes et profondes, ce caisson de basses est parfait pour ceux qui recherchent une exp\u00e9rience audio immersive. Que vous soyez un passionn\u00e9 de musique ou un professionnel de l'audio, le SX <strong>Caisson de basses 15 pouces<\/strong> d\u00e9passera vos attentes.<\/p>\n<h2>Conception et fonctionnalit\u00e9 sup\u00e9rieures<\/h2>\n<h3>Adaptation parfaite \u00e0 toute installation audio<\/h3>\n<p>Le SX <strong>Caisson de basses 15 pouces<\/strong> est dot\u00e9 d'un design \u00e9l\u00e9gant et compact qui s'int\u00e8gre parfaitement \u00e0 toute installation audio. Sa construction robuste garantit une durabilit\u00e9 et des performances durables, ce qui en fait un choix id\u00e9al pour les syst\u00e8mes audio de la maison et de la voiture. Am\u00e9liorez votre syst\u00e8me audio en toute simplicit\u00e9 et profitez d'une qualit\u00e9 sonore sup\u00e9rieure.<\/p>\n<h2>En direct de l'usine<\/h2>\n<h3>Haute qualit\u00e9, prix abordables<\/h3>\n<p>Chez SX, nous sommes convaincus de la n\u00e9cessit\u00e9 de fournir des produits de qualit\u00e9 sup\u00e9rieure \u00e0 des prix abordables. Nos <strong>Bo\u00eetiers de caisson de basse 15 pouces<\/strong> est disponible par le biais des ventes directes de l'usine, ce qui vous permet d'obtenir le meilleur rapport qualit\u00e9-prix. Profitez des avantages d'un \u00e9quipement audio haut de gamme sans en payer le prix.<\/p>\n<h2>Adapt\u00e9 \u00e0 vos besoins<\/h2>\n<h3>Solutions audio sur mesure<\/h3>\n<p>Nous comprenons que chaque installation audio est unique. C'est pourquoi SX propose des options de personnalisation pour ses produits. <strong>Bo\u00eetiers de caisson de basse 15 pouces<\/strong>. Que vous ayez besoin d'une finition sp\u00e9cifique, d'une taille particuli\u00e8re ou de caract\u00e9ristiques suppl\u00e9mentaires, notre \u00e9quipe se consacre \u00e0 la cr\u00e9ation d'un produit r\u00e9pondant \u00e0 vos sp\u00e9cifications exactes. Am\u00e9liorez votre exp\u00e9rience audio avec un caisson de basse con\u00e7u sp\u00e9cialement pour vous.<\/p>\n<h2>Une qualit\u00e9 sonore in\u00e9gal\u00e9e<\/h2>\n<h3>Des basses puissantes et claires comme du cristal<\/h3>\n<p>Transformez votre exp\u00e9rience audio avec le SX <strong>Caisson de basses 15 pouces<\/strong>. Con\u00e7u pour produire des basses cristallines et puissantes, ce caisson de basses vous permet de profiter au mieux de votre musique et de vos films. Ressentez chaque rythme et chaque note avec une clart\u00e9 et une profondeur in\u00e9gal\u00e9es, pour une exp\u00e9rience d'\u00e9coute vraiment inoubliable.<\/p>\n<hr \/>\n<p>Passer au SX <strong>Caisson de basses 15 pouces<\/strong> et faites passer votre syst\u00e8me audio au niveau sup\u00e9rieur. Contactez-nous d\u00e8s aujourd'hui pour en savoir plus sur nos ventes directes et nos options de personnalisation. D\u00e9couvrez la diff\u00e9rence de qualit\u00e9 sonore avec SX et \u00e9levez votre exp\u00e9rience d'\u00e9coute comme jamais auparavant.<\/p>\n<p><strong>FAQ<\/strong><\/p>\n<p>Q : Quel est votre d\u00e9lai de paiement ?<\/p>\n<p>A : 30% acompte avant la production et 70% solde avant l&#039;exp\u00e9dition.<\/p>\n<p>Q : Quel mode de paiement pouvez-vous accepter ?<\/p>\n<p>R : T\/T, Western Union, etc. Nous acceptons toute condition de paiement pratique et rapide.<\/p>\n<p>Q : Comment exp\u00e9diez-vous les marchandises et combien de temps faut-il pour qu'elles arrivent \u00e0 destination ?<\/p>\n<p>R : Normalement, les marchandises sont exp\u00e9di\u00e9es par voie maritime. Nous pouvons vous aider \u00e0 fixer le prix CIF ou le prix d\u00e9part usine.<\/p>\n<p>\u00c9tiquettes populaires: prix bas, en stock, \u00e9chantillon gratuit, c\u00e2ble d&#039;alimentation et de signal, fil \u00e0 4 conducteurs de calibre 16, \u00e9tui pour pied de microphone, armoire d&#039;affichage LED ext\u00e9rieure, montage en rack, mallettes de vol pour mixeur \u00e0 montage en rack 19 pouces, bo\u00eete de distribution \u00e9lectrique, Chine, fournisseurs, usine, personnalis\u00e9, vente en gros, <span style=\"color: #993366;\"><a style=\"color: #993366;\" href=\"https:\/\/sxflightcase.com\/fr\/product-category\/all-product\/power-distribution-boxes\/\">bo\u00eetes d&#039;alimentation<\/a>,\u00a0<a style=\"color: #993366;\" href=\"https:\/\/sxflightcase.com\/fr\/product-category\/all-product\/hoist-controllers\/\">c\u00e2bles d&#039;alimentation<\/a>,\u00a0<a style=\"color: #993366;\" href=\"https:\/\/sxflightcase.com\/fr\/product-category\/all-product\/hoist-controllers\/\">contr\u00f4leurs de levage<\/a>,\u00a0<a style=\"color: #993366;\" href=\"https:\/\/sxflightcase.com\/fr\/product-category\/all-product\/flight-case\/\">mallettes de vol.<\/a><\/span><\/p>","protected":false},"excerpt":{"rendered":"<h2 class=\"prodetails-name\">Caisson de basses 15 pouces<\/h2>\n<p>Nous proposons une vaste s\u00e9lection de coffrets de haut-parleurs comme le coffret de caisson de basse 12 pouces pour vous assurer de pouvoir transporter votre \u00e9quipement sans probl\u00e8me, quel que soit l'endroit o\u00f9 vous voyagez. Que vous ayez besoin de mettre votre \u00e9quipement en soute ou que vous recherchiez des modes de transport faciles, nos malles de route constituent l'achat id\u00e9al.<\/p>\n<h2><strong>Pr\u00e9sentation de la production<\/strong><\/h2>\n<p>Bo\u00eetier de caisson de basse 15 pouces<\/p>\n<p>Fabriqu\u00e9 en Hexagrip de 9,5 mm (contreplaqu\u00e9 de bouleau noir li\u00e9 \u00e0 la r\u00e9sine ph\u00e9nolique avec un motif hexagonal noir \u00e0 l'ext\u00e9rieur et une finition noire lisse \u00e0 l'int\u00e9rieur).<\/p>\n<p>Coins \u00e0 billes tr\u00e8s r\u00e9sistants<\/p>\n<p>2 x grands attrape-papillons<\/p>\n<p>4x Poign\u00e9es de plat robustes avec plaques d'appui, 2 \u00e0 chaque extr\u00e9mit\u00e9 (2 suppl\u00e9mentaires sur chacun des longs c\u00f4t\u00e9s en option)<\/p>\n<p>2 grands supports de couvercle et une charni\u00e8re de piano qui maintient le couvercle juste au-del\u00e0 de 90 degr\u00e9s.<\/p>\n<p>4 roulettes de 100 mm en caoutchouc (2 avec freins) boulonn\u00e9es \u00e0 la base avec un renfort en contreplaqu\u00e9 de bouleau.<\/p>","protected":false},"featured_media":1732,"comment_status":"open","ping_status":"closed","template":"","meta":[],"product_brand":[],"product_cat":[41],"product_tag":[],"class_list":{"0":"post-1731","1":"product","2":"type-product","3":"status-publish","4":"has-post-thumbnail","6":"product_cat-equipment-cases","8":"first","9":"instock","10":"shipping-taxable","11":"product-type-simple"},"yoast_head":"<!-- This site is optimized with the Yoast SEO Premium plugin v27.1 (Yoast SEO v27.2) - https:\/\/yoast.com\/product\/yoast-seo-premium-wordpress\/ -->\n<title>15 Inch Subwoofer Box - https:\/\/sxflightcase.com \ud83d\udc97<\/title>\n<meta name=\"description\" content=\"15 Inch Subwoofer Box: Discover factory-direct sales and professional customization for the perfect fit and performance of your subwoofer system.\" \/>\n<meta name=\"robots\" content=\"index, follow, max-snippet:-1, max-image-preview:large, max-video-preview:-1\" \/>\n<link rel=\"canonical\" href=\"https:\/\/sxflightcase.com\/fr\/produk\/kotak-subwoofer-15-inci-2\/\" \/>\n<meta property=\"og:locale\" content=\"fr_FR\" \/>\n<meta property=\"og:type\" content=\"article\" \/>\n<meta property=\"og:title\" content=\"15 Inch Subwoofer Box\" \/>\n<meta property=\"og:description\" content=\"15 Inch Subwoofer Box: Discover factory-direct sales and professional customization for the perfect fit and performance of your subwoofer system.\" \/>\n<meta property=\"og:url\" content=\"https:\/\/sxflightcase.com\/fr\/produk\/kotak-subwoofer-15-inci-2\/\" \/>\n<meta property=\"og:site_name\" content=\"https:\/\/sxflightcase.com\" \/>\n<meta property=\"article:publisher\" content=\"https:\/\/www.facebook.com\/profile.php?id=61560407257971\" \/>\n<meta property=\"article:modified_time\" content=\"2024-06-21T01:56:05+00:00\" \/>\n<meta property=\"og:image\" content=\"https:\/\/sxflightcase.com\/wp-content\/uploads\/2024\/05\/15-inch-subwoofer-box55497615320.webp\" \/>\n\t<meta property=\"og:image:width\" content=\"750\" \/>\n\t<meta property=\"og:image:height\" content=\"750\" \/>\n\t<meta property=\"og:image:type\" content=\"image\/webp\" \/>\n<meta name=\"twitter:card\" content=\"summary_large_image\" \/>\n<meta name=\"twitter:label1\" content=\"Dur\u00e9e de lecture estim\u00e9e\" \/>\n\t<meta name=\"twitter:data1\" content=\"3 minutes\" \/>\n<script type=\"application\/ld+json\" class=\"yoast-schema-graph\">{\"@context\":\"https:\/\/schema.org\",\"@graph\":[{\"@type\":\"WebPage\",\"@id\":\"https:\/\/sxflightcase.com\/id\/produk\/kotak-subwoofer-15-inci-2\/\",\"url\":\"https:\/\/sxflightcase.com\/id\/produk\/kotak-subwoofer-15-inci-2\/\",\"name\":\"15 Inch Subwoofer Box - https:\/\/sxflightcase.com \ud83d\udc97\",\"isPartOf\":{\"@id\":\"https:\/\/sxflightcase.com\/th\/#website\"},\"primaryImageOfPage\":{\"@id\":\"https:\/\/sxflightcase.com\/id\/produk\/kotak-subwoofer-15-inci-2\/#primaryimage\"},\"image\":{\"@id\":\"https:\/\/sxflightcase.com\/id\/produk\/kotak-subwoofer-15-inci-2\/#primaryimage\"},\"thumbnailUrl\":\"https:\/\/sxflightcase.com\/wp-content\/uploads\/2024\/05\/15-inch-subwoofer-box55497615320.webp\",\"datePublished\":\"2024-05-10T05:44:25+00:00\",\"dateModified\":\"2024-06-21T01:56:05+00:00\",\"description\":\"15 Inch Subwoofer Box: Discover factory-direct sales and professional customization for the perfect fit and performance of your subwoofer system.\",\"breadcrumb\":{\"@id\":\"https:\/\/sxflightcase.com\/id\/produk\/kotak-subwoofer-15-inci-2\/#breadcrumb\"},\"inLanguage\":\"fr-FR\",\"potentialAction\":[{\"@type\":\"ReadAction\",\"target\":[\"https:\/\/sxflightcase.com\/id\/produk\/kotak-subwoofer-15-inci-2\/\"]}]},{\"@type\":\"ImageObject\",\"inLanguage\":\"fr-FR\",\"@id\":\"https:\/\/sxflightcase.com\/id\/produk\/kotak-subwoofer-15-inci-2\/#primaryimage\",\"url\":\"https:\/\/sxflightcase.com\/wp-content\/uploads\/2024\/05\/15-inch-subwoofer-box55497615320.webp\",\"contentUrl\":\"https:\/\/sxflightcase.com\/wp-content\/uploads\/2024\/05\/15-inch-subwoofer-box55497615320.webp\",\"width\":750,\"height\":750,\"caption\":\"15 Inch Subwoofer Box\"},{\"@type\":\"BreadcrumbList\",\"@id\":\"https:\/\/sxflightcase.com\/id\/produk\/kotak-subwoofer-15-inci-2\/#breadcrumb\",\"itemListElement\":[{\"@type\":\"ListItem\",\"position\":1,\"name\":\"Home\",\"item\":\"https:\/\/sxflightcase.com\/\"},{\"@type\":\"ListItem\",\"position\":2,\"name\":\"\u0e2a\u0e34\u0e19\u0e04\u0e49\u0e32\",\"item\":\"https:\/\/sxflightcase.com\/th\/shop\/\"},{\"@type\":\"ListItem\",\"position\":3,\"name\":\"15 Inch Subwoofer Box\"}]},{\"@type\":\"WebSite\",\"@id\":\"https:\/\/sxflightcase.com\/th\/#website\",\"url\":\"https:\/\/sxflightcase.com\/th\/\",\"name\":\"sxpowercase.com\",\"description\":\"Flight Case Factory\",\"publisher\":{\"@id\":\"https:\/\/sxflightcase.com\/th\/#organization\"},\"potentialAction\":[{\"@type\":\"SearchAction\",\"target\":{\"@type\":\"EntryPoint\",\"urlTemplate\":\"https:\/\/sxflightcase.com\/th\/?s={search_term_string}\"},\"query-input\":{\"@type\":\"PropertyValueSpecification\",\"valueRequired\":true,\"valueName\":\"search_term_string\"}}],\"inLanguage\":\"fr-FR\"},{\"@type\":\"Organization\",\"@id\":\"https:\/\/sxflightcase.com\/th\/#organization\",\"name\":\"sxpowercase.com\",\"url\":\"https:\/\/sxflightcase.com\/th\/\",\"logo\":{\"@type\":\"ImageObject\",\"inLanguage\":\"fr-FR\",\"@id\":\"https:\/\/sxflightcase.com\/th\/#\/schema\/logo\/image\/\",\"url\":\"https:\/\/sxflightcase.com\/wp-content\/uploads\/2024\/04\/1713919036007.jpg\",\"contentUrl\":\"https:\/\/sxflightcase.com\/wp-content\/uploads\/2024\/04\/1713919036007.jpg\",\"width\":382,\"height\":388,\"caption\":\"sxpowercase.com\"},\"image\":{\"@id\":\"https:\/\/sxflightcase.com\/th\/#\/schema\/logo\/image\/\"},\"sameAs\":[\"https:\/\/www.facebook.com\/profile.php?id=61560407257971\"],\"numberOfEmployees\":{\"@type\":\"QuantitativeValue\",\"minValue\":\"11\",\"maxValue\":\"50\"}}]}<\/script>\n<!-- \/ Yoast SEO Premium plugin. -->","yoast_head_json":{"title":"15 Inch Subwoofer Box - https:\/\/sxflightcase.com \ud83d\udc97","description":"Bo\u00eetier de caisson de basse 15 pouces : D\u00e9couvrez les ventes directes et la personnalisation professionnelle pour un ajustement et une performance parfaits de votre syst\u00e8me de caisson de basse.","robots":{"index":"index","follow":"follow","max-snippet":"max-snippet:-1","max-image-preview":"max-image-preview:large","max-video-preview":"max-video-preview:-1"},"canonical":"https:\/\/sxflightcase.com\/fr\/produk\/kotak-subwoofer-15-inci-2\/","og_locale":"fr_FR","og_type":"article","og_title":"15 Inch Subwoofer Box","og_description":"15 Inch Subwoofer Box: Discover factory-direct sales and professional customization for the perfect fit and performance of your subwoofer system.","og_url":"https:\/\/sxflightcase.com\/fr\/produk\/kotak-subwoofer-15-inci-2\/","og_site_name":"https:\/\/sxflightcase.com","article_publisher":"https:\/\/www.facebook.com\/profile.php?id=61560407257971","article_modified_time":"2024-06-21T01:56:05+00:00","og_image":[{"width":750,"height":750,"url":"https:\/\/sxflightcase.com\/wp-content\/uploads\/2024\/05\/15-inch-subwoofer-box55497615320.webp","type":"image\/webp"}],"twitter_card":"summary_large_image","twitter_misc":{"Dur\u00e9e de lecture estim\u00e9e":"3 minutes"},"schema":{"@context":"https:\/\/schema.org","@graph":[{"@type":"WebPage","@id":"https:\/\/sxflightcase.com\/id\/produk\/kotak-subwoofer-15-inci-2\/","url":"https:\/\/sxflightcase.com\/id\/produk\/kotak-subwoofer-15-inci-2\/","name":"15 Inch Subwoofer Box - https:\/\/sxflightcase.com \ud83d\udc97","isPartOf":{"@id":"https:\/\/sxflightcase.com\/th\/#website"},"primaryImageOfPage":{"@id":"https:\/\/sxflightcase.com\/id\/produk\/kotak-subwoofer-15-inci-2\/#primaryimage"},"image":{"@id":"https:\/\/sxflightcase.com\/id\/produk\/kotak-subwoofer-15-inci-2\/#primaryimage"},"thumbnailUrl":"https:\/\/sxflightcase.com\/wp-content\/uploads\/2024\/05\/15-inch-subwoofer-box55497615320.webp","datePublished":"2024-05-10T05:44:25+00:00","dateModified":"2024-06-21T01:56:05+00:00","description":"Bo\u00eetier de caisson de basse 15 pouces : D\u00e9couvrez les ventes directes et la personnalisation professionnelle pour un ajustement et une performance parfaits de votre syst\u00e8me de caisson de basse.","breadcrumb":{"@id":"https:\/\/sxflightcase.com\/id\/produk\/kotak-subwoofer-15-inci-2\/#breadcrumb"},"inLanguage":"fr-FR","potentialAction":[{"@type":"ReadAction","target":["https:\/\/sxflightcase.com\/id\/produk\/kotak-subwoofer-15-inci-2\/"]}]},{"@type":"ImageObject","inLanguage":"fr-FR","@id":"https:\/\/sxflightcase.com\/id\/produk\/kotak-subwoofer-15-inci-2\/#primaryimage","url":"https:\/\/sxflightcase.com\/wp-content\/uploads\/2024\/05\/15-inch-subwoofer-box55497615320.webp","contentUrl":"https:\/\/sxflightcase.com\/wp-content\/uploads\/2024\/05\/15-inch-subwoofer-box55497615320.webp","width":750,"height":750,"caption":"15 Inch Subwoofer Box"},{"@type":"BreadcrumbList","@id":"https:\/\/sxflightcase.com\/id\/produk\/kotak-subwoofer-15-inci-2\/#breadcrumb","itemListElement":[{"@type":"ListItem","position":1,"name":"Home","item":"https:\/\/sxflightcase.com\/"},{"@type":"ListItem","position":2,"name":"\u0e2a\u0e34\u0e19\u0e04\u0e49\u0e32","item":"https:\/\/sxflightcase.com\/th\/shop\/"},{"@type":"ListItem","position":3,"name":"15 Inch Subwoofer Box"}]},{"@type":"WebSite","@id":"https:\/\/sxflightcase.com\/th\/#website","url":"https:\/\/sxflightcase.com\/th\/","name":"sxpowercase.com","description":"Flight Case Factory","publisher":{"@id":"https:\/\/sxflightcase.com\/th\/#organization"},"potentialAction":[{"@type":"SearchAction","target":{"@type":"EntryPoint","urlTemplate":"https:\/\/sxflightcase.com\/th\/?s={search_term_string}"},"query-input":{"@type":"PropertyValueSpecification","valueRequired":true,"valueName":"search_term_string"}}],"inLanguage":"fr-FR"},{"@type":"Organization","@id":"https:\/\/sxflightcase.com\/th\/#organization","name":"sxpowercase.com","url":"https:\/\/sxflightcase.com\/th\/","logo":{"@type":"ImageObject","inLanguage":"fr-FR","@id":"https:\/\/sxflightcase.com\/th\/#\/schema\/logo\/image\/","url":"https:\/\/sxflightcase.com\/wp-content\/uploads\/2024\/04\/1713919036007.jpg","contentUrl":"https:\/\/sxflightcase.com\/wp-content\/uploads\/2024\/04\/1713919036007.jpg","width":382,"height":388,"caption":"sxpowercase.com"},"image":{"@id":"https:\/\/sxflightcase.com\/th\/#\/schema\/logo\/image\/"},"sameAs":["https:\/\/www.facebook.com\/profile.php?id=61560407257971"],"numberOfEmployees":{"@type":"QuantitativeValue","minValue":"11","maxValue":"50"}}]}},"_links":{"self":[{"href":"https:\/\/sxflightcase.com\/fr\/wp-json\/wp\/v2\/product\/1731","targetHints":{"allow":["GET"]}}],"collection":[{"href":"https:\/\/sxflightcase.com\/fr\/wp-json\/wp\/v2\/product"}],"about":[{"href":"https:\/\/sxflightcase.com\/fr\/wp-json\/wp\/v2\/types\/product"}],"replies":[{"embeddable":true,"href":"https:\/\/sxflightcase.com\/fr\/wp-json\/wp\/v2\/comments?post=1731"}],"version-history":[{"count":0,"href":"https:\/\/sxflightcase.com\/fr\/wp-json\/wp\/v2\/product\/1731\/revisions"}],"wp:featuredmedia":[{"embeddable":true,"href":"https:\/\/sxflightcase.com\/fr\/wp-json\/wp\/v2\/media\/1732"}],"wp:attachment":[{"href":"https:\/\/sxflightcase.com\/fr\/wp-json\/wp\/v2\/media?parent=1731"}],"wp:term":[{"taxonomy":"product_brand","embeddable":true,"href":"https:\/\/sxflightcase.com\/fr\/wp-json\/wp\/v2\/product_brand?post=1731"},{"taxonomy":"product_cat","embeddable":true,"href":"https:\/\/sxflightcase.com\/fr\/wp-json\/wp\/v2\/product_cat?post=1731"},{"taxonomy":"product_tag","embeddable":true,"href":"https:\/\/sxflightcase.com\/fr\/wp-json\/wp\/v2\/product_tag?post=1731"}],"curies":[{"name":"wp","href":"https:\/\/api.w.org\/{rel}","templated":true}]}}