{"id":1746,"date":"2024-05-10T07:01:54","date_gmt":"2024-05-10T06:01:54","guid":{"rendered":"https:\/\/sxpowercase.com\/?post_type=product&#038;p=1746"},"modified":"2024-06-21T03:08:34","modified_gmt":"2024-06-21T02:08:34","slug":"tv-rack-cabinet","status":"publish","type":"product","link":"https:\/\/sxflightcase.com\/fr\/produit\/meuble-de-rangement-pour-televiseur\/","title":{"rendered":"Meuble TV"},"content":{"rendered":"<p><strong>Param\u00e8tre du produit (sp\u00e9cification)<\/strong><\/p>\n<section class=\"table-wrap\">\n<table class=\"table\" width=\"100%\" cellspacing=\"0\" cellpadding=\"0\">\n<tbody>\n<tr class=\"firstRow\">\n<td width=\"134\">Nom du produit<\/td>\n<td width=\"504\">Meuble de rangement pour TV<\/td>\n<\/tr>\n<tr>\n<td width=\"134\">Mat\u00e9riaux<\/td>\n<td width=\"504\">Cadre en aluminium + contreplaqu\u00e9 de 9 mm<br \/>\n4 x Fermeture papillon avec boucles pour cadenas (cadenas non fourni)<br \/>\nEnti\u00e8rement doubl\u00e9 de mousse de plastazote<br \/>\n4 roulettes en caoutchouc de 100 mm boulonn\u00e9es \u00e0 la caisse par l'interm\u00e9diaire d'une planche de roulettes en bois de bouleau de 15 mm (2 ont des freins \u00e0 blocage total) option de co\u00fbt<\/td>\n<\/tr>\n<tr>\n<td width=\"134\">Couleur<\/td>\n<td width=\"504\">Noir, bleu, rouge ou personnalis\u00e9<\/td>\n<\/tr>\n<tr>\n<td width=\"134\">Usage<\/td>\n<td width=\"504\">Prot\u00e9ger le transport Stockage<\/td>\n<\/tr>\n<\/tbody>\n<\/table>\n<\/section>\n<p><strong>Emballage et exp\u00e9dition<\/strong><\/p>\n<section class=\"table-wrap\">\n<table class=\"table\" width=\"100%\" cellspacing=\"0\" cellpadding=\"0\">\n<tbody>\n<tr class=\"firstRow\">\n<td colspan=\"3\" width=\"100%\">Emballage et exp\u00e9dition<\/td>\n<\/tr>\n<tr>\n<td rowspan=\"3\" width=\"31%\">D\u00e9lai d'exp\u00e9dition<\/td>\n<td width=\"34%\">Par mer<\/td>\n<td width=\"33%\">15-60 jours<\/td>\n<\/tr>\n<tr>\n<td width=\"34%\">Par avion<\/td>\n<td width=\"33%\">5-7 jours<\/td>\n<\/tr>\n<tr>\n<td width=\"34%\">Par Express<\/td>\n<td width=\"33%\">5-7 jours<\/td>\n<\/tr>\n<tr>\n<td width=\"31%\">D\u00e9lai de livraison<\/td>\n<td colspan=\"2\" width=\"68%\">7-10 jours de travail ou selon vos besoins<\/td>\n<\/tr>\n<tr>\n<td width=\"31%\">Conditionnement<\/td>\n<td colspan=\"2\" width=\"68%\">Par carton ou selon vos besoins<\/td>\n<\/tr>\n<\/tbody>\n<\/table>\n<\/section>\n<h1>Transformez votre espace de vie avec le meuble TV de SX<\/h1>\n<h2>Design \u00e9l\u00e9gant et fonctionnel<\/h2>\n<p>Modernisez votre salon avec le <strong>Meuble TV<\/strong> de <a href=\"https:\/\/sxpowercase.com\/\" target=\"_blank\" rel=\"noopener\" title=\"SX\" data-wpil-monitor-id=\"117\">SX<\/a>. Notre meuble TV combine \u00e9l\u00e9gance et fonctionnalit\u00e9, offrant une solution \u00e9l\u00e9gante pour vos besoins en mati\u00e8re de divertissement. Gr\u00e2ce \u00e0 ses nombreux rangements et \u00e0 son design \u00e9l\u00e9gant, il rehausse l'esth\u00e9tique de n'importe quel espace tout en permettant d'organiser les \u00e9l\u00e9ments essentiels de votre syst\u00e8me multim\u00e9dia.<\/p>\n<h2>Mat\u00e9riaux de qualit\u00e9 sup\u00e9rieure<\/h2>\n<h3>Con\u00e7u pour durer<\/h3>\n<p>Le SX <strong>Meuble TV<\/strong> est fabriqu\u00e9 \u00e0 partir de mat\u00e9riaux de premi\u00e8re qualit\u00e9, garantissant durabilit\u00e9 et long\u00e9vit\u00e9. La construction robuste supporte votre t\u00e9l\u00e9viseur et d'autres appareils multim\u00e9dias, offrant un ajout fiable et \u00e9l\u00e9gant \u00e0 votre maison. Les finitions de haute qualit\u00e9 ajoutent une touche de sophistication \u00e0 votre espace de vie.<\/p>\n<h2>Ventes directes d&#039;usine<\/h2>\n<h3>L&#039;excellence \u00e0 prix abordable<\/h3>\n<p>Chez SX, nous nous engageons \u00e0 fournir des produits de haute qualit\u00e9 \u00e0 des prix comp\u00e9titifs. En proposant des ventes directes \u00e0 l'usine, nous \u00e9liminons les interm\u00e9diaires, ce qui vous permet d'obtenir le meilleur rapport qualit\u00e9-prix. Les <strong>Meuble TV<\/strong> offre une qualit\u00e9 et un design sup\u00e9rieurs sans se ruiner, ce qui en fait un excellent investissement pour votre maison.<\/p>\n<h2>Options de personnalisation<\/h2>\n<h3>Adapt\u00e9 \u00e0 vos besoins<\/h3>\n<p>Nous comprenons que chaque maison est unique. C'est pourquoi SX propose des options de personnalisation pour ses produits. <strong>Meuble TV<\/strong>. Que vous ayez besoin de dimensions sp\u00e9cifiques, de finitions ou de caract\u00e9ristiques suppl\u00e9mentaires, notre \u00e9quipe est pr\u00eate \u00e0 cr\u00e9er une armoire qui r\u00e9ponde exactement \u00e0 vos besoins. Profitez d'une solution personnalis\u00e9e qui compl\u00e8te votre d\u00e9cor et r\u00e9pond \u00e0 vos besoins de rangement.<\/p>\n<h2>Am\u00e9liorez votre exp\u00e9rience de divertissement<\/h2>\n<h3>Organis\u00e9 et \u00e9l\u00e9gant<\/h3>\n<p>Le SX <strong>Meuble TV<\/strong> ne se contente pas de supporter votre t\u00e9l\u00e9viseur, mais offre \u00e9galement un vaste espace de rangement pour vos accessoires multim\u00e9dias, vos consoles de jeu et bien plus encore. Gardez votre salon bien rang\u00e9 et sans encombrement gr\u00e2ce \u00e0 nos compartiments et \u00e9tag\u00e8res bien pens\u00e9s. Le design \u00e9l\u00e9gant et moderne du meuble rehausse l'aspect g\u00e9n\u00e9ral de votre espace de divertissement.<\/p>\n<hr \/>\n<p>Ne vous contentez pas de moins lorsqu'il s'agit de votre installation de divertissement \u00e0 domicile. \u00c9levez votre espace avec le syst\u00e8me SX <strong>Meuble TV<\/strong>. Contactez-nous d\u00e8s aujourd'hui pour en savoir plus sur nos ventes directes et nos options de personnalisation. D\u00e9couvrez l'alliance parfaite du style et de la fonctionnalit\u00e9 avec SX et profitez d'une salle de s\u00e9jour bien organis\u00e9e et esth\u00e9tique.<\/p>\n<p><strong>FAQ<\/strong><\/p>\n<p>Q : Quel est votre d\u00e9lai de livraison ?<\/p>\n<p>R : Le d\u00e9lai de livraison g\u00e9n\u00e9ral est de 15 \u00e0 20 jours apr\u00e8s r\u00e9ception de la confirmation de la commande. Par ailleurs, si nous avons les marchandises en stock, le d\u00e9lai de livraison ne sera que de 1 \u00e0 2 jours.<\/p>\n<p>Q : Avez-vous une limite de qualit\u00e9 ?<\/p>\n<p>R : Faible MOQ, 1 pi\u00e8ce pour v\u00e9rification de l'\u00e9chantillon est disponible.<\/p>\n<p>Q : Comment exp\u00e9diez-vous les marchandises et combien de temps faut-il pour qu'elles arrivent \u00e0 destination ?<\/p>\n<p>R : Normalement, les marchandises sont exp\u00e9di\u00e9es par voie maritime. Nous pouvons vous aider \u00e0 fixer le prix CIF ou le prix d\u00e9part usine.<\/p>\n<p>\u00c9tiquettes populaires: prix bas, en stock, \u00e9chantillon gratuit, c\u00e2ble d&#039;alimentation et de signal, fil \u00e0 4 conducteurs de calibre 16, \u00e9tui pour pied de microphone, armoire d&#039;affichage LED ext\u00e9rieure, montage en rack, mallettes de vol pour mixeur \u00e0 montage en rack 19 pouces, bo\u00eete de distribution \u00e9lectrique, Chine, fournisseurs, usine, personnalis\u00e9, vente en gros, <span style=\"color: #993366;\"><a style=\"color: #993366;\" href=\"https:\/\/sxflightcase.com\/fr\/product-category\/all-product\/power-distribution-boxes\/\">bo\u00eetes d&#039;alimentation<\/a>,\u00a0<a style=\"color: #993366;\" href=\"https:\/\/sxflightcase.com\/fr\/product-category\/all-product\/hoist-controllers\/\">c\u00e2bles d&#039;alimentation<\/a>,\u00a0<a style=\"color: #993366;\" href=\"https:\/\/sxflightcase.com\/fr\/product-category\/all-product\/hoist-controllers\/\">contr\u00f4leurs de levage<\/a>,\u00a0<a style=\"color: #993366;\" href=\"https:\/\/sxflightcase.com\/fr\/product-category\/all-product\/flight-case\/\">mallettes de vol.<\/a><\/span><\/p>","protected":false},"excerpt":{"rendered":"<h2 class=\"prodetails-name\">Meuble TV<\/h2>\n<p>Les flight cases de Shengxiang existent depuis plus de 10 ans. Toutes les mallettes sont con\u00e7ues en interne, ici en Chine. Elle s'est forg\u00e9 une r\u00e9putation de fabricant de mallettes r\u00e9sistantes de haute qualit\u00e9. Ces superbes mallettes de protection offrent un transport s\u00fbr pour les \u00e9quipements fragiles ou co\u00fbteux et sont choisies par les professionnels du monde entier.<\/p>\n<h2><strong>Pr\u00e9sentation de la production<\/strong><\/h2>\n<p>- Type : Couvercle \u00e0 soulever<\/p>\n<p>- Mat\u00e9riau : 9mm Finition noire<\/p>\n<p>\u2022 Tr\u00e8s r\u00e9sistant <a class=\"wpil_keyword_link\" href=\"https:\/\/sxpowercase.com\/product-category\/all-product\/flight-case\/\" target=\"_blank\" rel=\"noopener\" title=\"\u00e9tui de transport\" data-wpil-keyword-link=\"linked\" data-wpil-monitor-id=\"414\">\u00e9tui de transport<\/a> accessoires<\/p>\n<p>- Mousse : Doubl\u00e9e de mousse haute densit\u00e9 avec des blocs de mousse de soutien pour maintenir le t\u00e9l\u00e9viseur en place.<\/p>\n<p>- Mousse : Couvercle mouss\u00e9 avec des blocs de soutien pour assurer une protection maximale<\/p>\n<p>- Roulettes : Roues de 100 mm (x2 freins)<\/p>","protected":false},"featured_media":1747,"comment_status":"open","ping_status":"closed","template":"","meta":[],"product_brand":[],"product_cat":[41],"product_tag":[],"class_list":{"0":"post-1746","1":"product","2":"type-product","3":"status-publish","4":"has-post-thumbnail","6":"product_cat-equipment-cases","8":"first","9":"instock","10":"shipping-taxable","11":"product-type-simple"},"yoast_head":"<!-- This site is optimized with the Yoast SEO Premium plugin v27.1 (Yoast SEO v27.2) - https:\/\/yoast.com\/product\/yoast-seo-premium-wordpress\/ -->\n<title>TV Rack Cabinet - https:\/\/sxflightcase.com \ud83d\udc97<\/title>\n<meta name=\"description\" content=\"TV Rack Cabinet: Explore our factory-direct options for professional customization, perfect for organizing and displaying your television and media equipment.\" \/>\n<meta name=\"robots\" content=\"index, follow, max-snippet:-1, max-image-preview:large, max-video-preview:-1\" \/>\n<link rel=\"canonical\" href=\"https:\/\/sxflightcase.com\/fr\/\u0645\u0646\u062a\u062c\/\u062e\u0632\u0627\u0646\u0629-\u0631\u0641-\u0627\u0644\u062a\u0644\u0641\u0632\u064a\u0648\u0646\/\" \/>\n<meta property=\"og:locale\" content=\"fr_FR\" \/>\n<meta property=\"og:type\" content=\"article\" \/>\n<meta property=\"og:title\" content=\"TV Rack Cabinet\" \/>\n<meta property=\"og:description\" content=\"TV Rack Cabinet: Explore our factory-direct options for professional customization, perfect for organizing and displaying your television and media equipment.\" \/>\n<meta property=\"og:url\" content=\"https:\/\/sxflightcase.com\/fr\/\u0645\u0646\u062a\u062c\/\u062e\u0632\u0627\u0646\u0629-\u0631\u0641-\u0627\u0644\u062a\u0644\u0641\u0632\u064a\u0648\u0646\/\" \/>\n<meta property=\"og:site_name\" content=\"https:\/\/sxflightcase.com\" \/>\n<meta property=\"article:publisher\" content=\"https:\/\/www.facebook.com\/profile.php?id=61560407257971\" \/>\n<meta property=\"article:modified_time\" content=\"2024-06-21T02:08:34+00:00\" \/>\n<meta property=\"og:image\" content=\"https:\/\/sxflightcase.com\/wp-content\/uploads\/2024\/05\/tv-rack-cabinet09272992629.webp\" \/>\n\t<meta property=\"og:image:width\" content=\"700\" \/>\n\t<meta property=\"og:image:height\" content=\"700\" \/>\n\t<meta property=\"og:image:type\" content=\"image\/webp\" \/>\n<meta name=\"twitter:card\" content=\"summary_large_image\" \/>\n<meta name=\"twitter:label1\" content=\"Dur\u00e9e de lecture estim\u00e9e\" \/>\n\t<meta name=\"twitter:data1\" content=\"4 minutes\" \/>\n<script type=\"application\/ld+json\" class=\"yoast-schema-graph\">{\"@context\":\"https:\/\/schema.org\",\"@graph\":[{\"@type\":\"WebPage\",\"@id\":\"https:\/\/sxflightcase.com\/ar\/\u0645\u0646\u062a\u062c\/\u062e\u0632\u0627\u0646\u0629-\u0631\u0641-\u0627\u0644\u062a\u0644\u0641\u0632\u064a\u0648\u0646\/\",\"url\":\"https:\/\/sxflightcase.com\/ar\/\u0645\u0646\u062a\u062c\/\u062e\u0632\u0627\u0646\u0629-\u0631\u0641-\u0627\u0644\u062a\u0644\u0641\u0632\u064a\u0648\u0646\/\",\"name\":\"TV Rack Cabinet - https:\/\/sxflightcase.com \ud83d\udc97\",\"isPartOf\":{\"@id\":\"https:\/\/sxflightcase.com\/th\/#website\"},\"primaryImageOfPage\":{\"@id\":\"https:\/\/sxflightcase.com\/ar\/\u0645\u0646\u062a\u062c\/\u062e\u0632\u0627\u0646\u0629-\u0631\u0641-\u0627\u0644\u062a\u0644\u0641\u0632\u064a\u0648\u0646\/#primaryimage\"},\"image\":{\"@id\":\"https:\/\/sxflightcase.com\/ar\/\u0645\u0646\u062a\u062c\/\u062e\u0632\u0627\u0646\u0629-\u0631\u0641-\u0627\u0644\u062a\u0644\u0641\u0632\u064a\u0648\u0646\/#primaryimage\"},\"thumbnailUrl\":\"https:\/\/sxflightcase.com\/wp-content\/uploads\/2024\/05\/tv-rack-cabinet09272992629.webp\",\"datePublished\":\"2024-05-10T06:01:54+00:00\",\"dateModified\":\"2024-06-21T02:08:34+00:00\",\"description\":\"TV Rack Cabinet: Explore our factory-direct options for professional customization, perfect for organizing and displaying your television and media equipment.\",\"breadcrumb\":{\"@id\":\"https:\/\/sxflightcase.com\/ar\/\u0645\u0646\u062a\u062c\/\u062e\u0632\u0627\u0646\u0629-\u0631\u0641-\u0627\u0644\u062a\u0644\u0641\u0632\u064a\u0648\u0646\/#breadcrumb\"},\"inLanguage\":\"fr-FR\",\"potentialAction\":[{\"@type\":\"ReadAction\",\"target\":[\"https:\/\/sxflightcase.com\/ar\/\u0645\u0646\u062a\u062c\/\u062e\u0632\u0627\u0646\u0629-\u0631\u0641-\u0627\u0644\u062a\u0644\u0641\u0632\u064a\u0648\u0646\/\"]}]},{\"@type\":\"ImageObject\",\"inLanguage\":\"fr-FR\",\"@id\":\"https:\/\/sxflightcase.com\/ar\/\u0645\u0646\u062a\u062c\/\u062e\u0632\u0627\u0646\u0629-\u0631\u0641-\u0627\u0644\u062a\u0644\u0641\u0632\u064a\u0648\u0646\/#primaryimage\",\"url\":\"https:\/\/sxflightcase.com\/wp-content\/uploads\/2024\/05\/tv-rack-cabinet09272992629.webp\",\"contentUrl\":\"https:\/\/sxflightcase.com\/wp-content\/uploads\/2024\/05\/tv-rack-cabinet09272992629.webp\",\"width\":700,\"height\":700,\"caption\":\"TV Rack Cabinet\"},{\"@type\":\"BreadcrumbList\",\"@id\":\"https:\/\/sxflightcase.com\/ar\/\u0645\u0646\u062a\u062c\/\u062e\u0632\u0627\u0646\u0629-\u0631\u0641-\u0627\u0644\u062a\u0644\u0641\u0632\u064a\u0648\u0646\/#breadcrumb\",\"itemListElement\":[{\"@type\":\"ListItem\",\"position\":1,\"name\":\"Home\",\"item\":\"https:\/\/sxflightcase.com\/\"},{\"@type\":\"ListItem\",\"position\":2,\"name\":\"\u0e2a\u0e34\u0e19\u0e04\u0e49\u0e32\",\"item\":\"https:\/\/sxflightcase.com\/th\/shop\/\"},{\"@type\":\"ListItem\",\"position\":3,\"name\":\"TV Rack Cabinet\"}]},{\"@type\":\"WebSite\",\"@id\":\"https:\/\/sxflightcase.com\/th\/#website\",\"url\":\"https:\/\/sxflightcase.com\/th\/\",\"name\":\"sxpowercase.com\",\"description\":\"Flight Case Factory\",\"publisher\":{\"@id\":\"https:\/\/sxflightcase.com\/th\/#organization\"},\"potentialAction\":[{\"@type\":\"SearchAction\",\"target\":{\"@type\":\"EntryPoint\",\"urlTemplate\":\"https:\/\/sxflightcase.com\/th\/?s={search_term_string}\"},\"query-input\":{\"@type\":\"PropertyValueSpecification\",\"valueRequired\":true,\"valueName\":\"search_term_string\"}}],\"inLanguage\":\"fr-FR\"},{\"@type\":\"Organization\",\"@id\":\"https:\/\/sxflightcase.com\/th\/#organization\",\"name\":\"sxpowercase.com\",\"url\":\"https:\/\/sxflightcase.com\/th\/\",\"logo\":{\"@type\":\"ImageObject\",\"inLanguage\":\"fr-FR\",\"@id\":\"https:\/\/sxflightcase.com\/th\/#\/schema\/logo\/image\/\",\"url\":\"https:\/\/sxflightcase.com\/wp-content\/uploads\/2024\/04\/1713919036007.jpg\",\"contentUrl\":\"https:\/\/sxflightcase.com\/wp-content\/uploads\/2024\/04\/1713919036007.jpg\",\"width\":382,\"height\":388,\"caption\":\"sxpowercase.com\"},\"image\":{\"@id\":\"https:\/\/sxflightcase.com\/th\/#\/schema\/logo\/image\/\"},\"sameAs\":[\"https:\/\/www.facebook.com\/profile.php?id=61560407257971\"],\"numberOfEmployees\":{\"@type\":\"QuantitativeValue\",\"minValue\":\"11\",\"maxValue\":\"50\"}}]}<\/script>\n<!-- \/ Yoast SEO Premium plugin. -->","yoast_head_json":{"title":"TV Rack Cabinet - https:\/\/sxflightcase.com \ud83d\udc97","description":"Armoire TV Rack : D\u00e9couvrez nos options d'usine pour une personnalisation professionnelle, parfaite pour organiser et pr\u00e9senter votre t\u00e9l\u00e9vision et votre \u00e9quipement multim\u00e9dia.","robots":{"index":"index","follow":"follow","max-snippet":"max-snippet:-1","max-image-preview":"max-image-preview:large","max-video-preview":"max-video-preview:-1"},"canonical":"https:\/\/sxflightcase.com\/fr\/\u0645\u0646\u062a\u062c\/\u062e\u0632\u0627\u0646\u0629-\u0631\u0641-\u0627\u0644\u062a\u0644\u0641\u0632\u064a\u0648\u0646\/","og_locale":"fr_FR","og_type":"article","og_title":"TV Rack Cabinet","og_description":"TV Rack Cabinet: Explore our factory-direct options for professional customization, perfect for organizing and displaying your television and media equipment.","og_url":"https:\/\/sxflightcase.com\/fr\/\u0645\u0646\u062a\u062c\/\u062e\u0632\u0627\u0646\u0629-\u0631\u0641-\u0627\u0644\u062a\u0644\u0641\u0632\u064a\u0648\u0646\/","og_site_name":"https:\/\/sxflightcase.com","article_publisher":"https:\/\/www.facebook.com\/profile.php?id=61560407257971","article_modified_time":"2024-06-21T02:08:34+00:00","og_image":[{"width":700,"height":700,"url":"https:\/\/sxflightcase.com\/wp-content\/uploads\/2024\/05\/tv-rack-cabinet09272992629.webp","type":"image\/webp"}],"twitter_card":"summary_large_image","twitter_misc":{"Dur\u00e9e de lecture estim\u00e9e":"4 minutes"},"schema":{"@context":"https:\/\/schema.org","@graph":[{"@type":"WebPage","@id":"https:\/\/sxflightcase.com\/ar\/\u0645\u0646\u062a\u062c\/\u062e\u0632\u0627\u0646\u0629-\u0631\u0641-\u0627\u0644\u062a\u0644\u0641\u0632\u064a\u0648\u0646\/","url":"https:\/\/sxflightcase.com\/ar\/\u0645\u0646\u062a\u062c\/\u062e\u0632\u0627\u0646\u0629-\u0631\u0641-\u0627\u0644\u062a\u0644\u0641\u0632\u064a\u0648\u0646\/","name":"TV Rack Cabinet - https:\/\/sxflightcase.com \ud83d\udc97","isPartOf":{"@id":"https:\/\/sxflightcase.com\/th\/#website"},"primaryImageOfPage":{"@id":"https:\/\/sxflightcase.com\/ar\/\u0645\u0646\u062a\u062c\/\u062e\u0632\u0627\u0646\u0629-\u0631\u0641-\u0627\u0644\u062a\u0644\u0641\u0632\u064a\u0648\u0646\/#primaryimage"},"image":{"@id":"https:\/\/sxflightcase.com\/ar\/\u0645\u0646\u062a\u062c\/\u062e\u0632\u0627\u0646\u0629-\u0631\u0641-\u0627\u0644\u062a\u0644\u0641\u0632\u064a\u0648\u0646\/#primaryimage"},"thumbnailUrl":"https:\/\/sxflightcase.com\/wp-content\/uploads\/2024\/05\/tv-rack-cabinet09272992629.webp","datePublished":"2024-05-10T06:01:54+00:00","dateModified":"2024-06-21T02:08:34+00:00","description":"Armoire TV Rack : D\u00e9couvrez nos options d'usine pour une personnalisation professionnelle, parfaite pour organiser et pr\u00e9senter votre t\u00e9l\u00e9vision et votre \u00e9quipement multim\u00e9dia.","breadcrumb":{"@id":"https:\/\/sxflightcase.com\/ar\/\u0645\u0646\u062a\u062c\/\u062e\u0632\u0627\u0646\u0629-\u0631\u0641-\u0627\u0644\u062a\u0644\u0641\u0632\u064a\u0648\u0646\/#breadcrumb"},"inLanguage":"fr-FR","potentialAction":[{"@type":"ReadAction","target":["https:\/\/sxflightcase.com\/ar\/\u0645\u0646\u062a\u062c\/\u062e\u0632\u0627\u0646\u0629-\u0631\u0641-\u0627\u0644\u062a\u0644\u0641\u0632\u064a\u0648\u0646\/"]}]},{"@type":"ImageObject","inLanguage":"fr-FR","@id":"https:\/\/sxflightcase.com\/ar\/\u0645\u0646\u062a\u062c\/\u062e\u0632\u0627\u0646\u0629-\u0631\u0641-\u0627\u0644\u062a\u0644\u0641\u0632\u064a\u0648\u0646\/#primaryimage","url":"https:\/\/sxflightcase.com\/wp-content\/uploads\/2024\/05\/tv-rack-cabinet09272992629.webp","contentUrl":"https:\/\/sxflightcase.com\/wp-content\/uploads\/2024\/05\/tv-rack-cabinet09272992629.webp","width":700,"height":700,"caption":"TV Rack Cabinet"},{"@type":"BreadcrumbList","@id":"https:\/\/sxflightcase.com\/ar\/\u0645\u0646\u062a\u062c\/\u062e\u0632\u0627\u0646\u0629-\u0631\u0641-\u0627\u0644\u062a\u0644\u0641\u0632\u064a\u0648\u0646\/#breadcrumb","itemListElement":[{"@type":"ListItem","position":1,"name":"Home","item":"https:\/\/sxflightcase.com\/"},{"@type":"ListItem","position":2,"name":"\u0e2a\u0e34\u0e19\u0e04\u0e49\u0e32","item":"https:\/\/sxflightcase.com\/th\/shop\/"},{"@type":"ListItem","position":3,"name":"TV Rack Cabinet"}]},{"@type":"WebSite","@id":"https:\/\/sxflightcase.com\/th\/#website","url":"https:\/\/sxflightcase.com\/th\/","name":"sxpowercase.com","description":"Flight Case Factory","publisher":{"@id":"https:\/\/sxflightcase.com\/th\/#organization"},"potentialAction":[{"@type":"SearchAction","target":{"@type":"EntryPoint","urlTemplate":"https:\/\/sxflightcase.com\/th\/?s={search_term_string}"},"query-input":{"@type":"PropertyValueSpecification","valueRequired":true,"valueName":"search_term_string"}}],"inLanguage":"fr-FR"},{"@type":"Organization","@id":"https:\/\/sxflightcase.com\/th\/#organization","name":"sxpowercase.com","url":"https:\/\/sxflightcase.com\/th\/","logo":{"@type":"ImageObject","inLanguage":"fr-FR","@id":"https:\/\/sxflightcase.com\/th\/#\/schema\/logo\/image\/","url":"https:\/\/sxflightcase.com\/wp-content\/uploads\/2024\/04\/1713919036007.jpg","contentUrl":"https:\/\/sxflightcase.com\/wp-content\/uploads\/2024\/04\/1713919036007.jpg","width":382,"height":388,"caption":"sxpowercase.com"},"image":{"@id":"https:\/\/sxflightcase.com\/th\/#\/schema\/logo\/image\/"},"sameAs":["https:\/\/www.facebook.com\/profile.php?id=61560407257971"],"numberOfEmployees":{"@type":"QuantitativeValue","minValue":"11","maxValue":"50"}}]}},"_links":{"self":[{"href":"https:\/\/sxflightcase.com\/fr\/wp-json\/wp\/v2\/product\/1746","targetHints":{"allow":["GET"]}}],"collection":[{"href":"https:\/\/sxflightcase.com\/fr\/wp-json\/wp\/v2\/product"}],"about":[{"href":"https:\/\/sxflightcase.com\/fr\/wp-json\/wp\/v2\/types\/product"}],"replies":[{"embeddable":true,"href":"https:\/\/sxflightcase.com\/fr\/wp-json\/wp\/v2\/comments?post=1746"}],"version-history":[{"count":0,"href":"https:\/\/sxflightcase.com\/fr\/wp-json\/wp\/v2\/product\/1746\/revisions"}],"wp:featuredmedia":[{"embeddable":true,"href":"https:\/\/sxflightcase.com\/fr\/wp-json\/wp\/v2\/media\/1747"}],"wp:attachment":[{"href":"https:\/\/sxflightcase.com\/fr\/wp-json\/wp\/v2\/media?parent=1746"}],"wp:term":[{"taxonomy":"product_brand","embeddable":true,"href":"https:\/\/sxflightcase.com\/fr\/wp-json\/wp\/v2\/product_brand?post=1746"},{"taxonomy":"product_cat","embeddable":true,"href":"https:\/\/sxflightcase.com\/fr\/wp-json\/wp\/v2\/product_cat?post=1746"},{"taxonomy":"product_tag","embeddable":true,"href":"https:\/\/sxflightcase.com\/fr\/wp-json\/wp\/v2\/product_tag?post=1746"}],"curies":[{"name":"wp","href":"https:\/\/api.w.org\/{rel}","templated":true}]}}