{"id":1756,"date":"2024-05-10T07:10:35","date_gmt":"2024-05-10T06:10:35","guid":{"rendered":"https:\/\/sxpowercase.com\/?post_type=product&#038;p=1756"},"modified":"2024-06-21T03:14:52","modified_gmt":"2024-06-21T02:14:52","slug":"led-screen-cabinet","status":"publish","type":"product","link":"https:\/\/sxflightcase.com\/fr\/produit\/armoire-pour-ecrans-a-diodes-electroluminescentes\/","title":{"rendered":"Armoire \u00e0 \u00e9cran LED"},"content":{"rendered":"<h3><strong>Param\u00e8tre du produit (sp\u00e9cification)<\/strong><\/h3>\n<section class=\"table-wrap\">\n<table class=\"table\" width=\"100%\" cellspacing=\"0\" cellpadding=\"0\">\n<tbody>\n<tr class=\"firstRow\">\n<td width=\"134\">Couvercle<\/td>\n<td width=\"504\">Amovible<\/td>\n<\/tr>\n<tr>\n<td width=\"134\">Roues<\/td>\n<td width=\"504\">Roues \u00e0 double frein - pratiques pour se d\u00e9placer et s'arr\u00eater<\/td>\n<\/tr>\n<tr>\n<td width=\"134\">Couleur<\/td>\n<td width=\"504\">Noir, blanc, bleu, rouge, orange, vert, jaune, violet<\/td>\n<\/tr>\n<tr>\n<td width=\"134\">Temps de travail<\/td>\n<td width=\"504\">5~7 jours<\/td>\n<\/tr>\n<\/tbody>\n<\/table>\n<\/section>\n<p><strong>Emballage et exp\u00e9dition<\/strong><\/p>\n<section class=\"table-wrap\">\n<table class=\"table\" width=\"100%\" cellspacing=\"0\" cellpadding=\"0\">\n<tbody>\n<tr class=\"firstRow\">\n<td colspan=\"3\" width=\"100%\">Emballage et exp\u00e9dition<\/td>\n<\/tr>\n<tr>\n<td rowspan=\"3\" width=\"31%\">D\u00e9lai d'exp\u00e9dition<\/td>\n<td width=\"34%\">Par mer<\/td>\n<td width=\"33%\">15-60 jours<\/td>\n<\/tr>\n<tr>\n<td width=\"34%\">Par avion<\/td>\n<td width=\"33%\">5-7 jours<\/td>\n<\/tr>\n<tr>\n<td width=\"34%\">Par Express<\/td>\n<td width=\"33%\">5-7 jours<\/td>\n<\/tr>\n<tr>\n<td width=\"31%\">D\u00e9lai de livraison<\/td>\n<td colspan=\"2\" width=\"68%\">7-10 jours de travail ou selon vos besoins<\/td>\n<\/tr>\n<tr>\n<td width=\"31%\">Conditionnement<\/td>\n<td colspan=\"2\" width=\"68%\">Par carton ou selon vos besoins<\/td>\n<\/tr>\n<\/tbody>\n<\/table>\n<\/section>\n<h1>Am\u00e9liorez votre affichage avec l'armoire \u00e0 \u00e9cran LED de SX<\/h1>\n<h2>Protection et affichage ultimes<\/h2>\n<p>Transformez votre installation d'affichage num\u00e9rique avec l'armoire \u00e0 \u00e9cran LED de <a href=\"https:\/\/sxpowercase.com\/\" target=\"_blank\" rel=\"noopener\" title=\"SX\" data-wpil-monitor-id=\"119\">SX<\/a>. Con\u00e7ue pour offrir une protection ultime et une exp\u00e9rience d'affichage am\u00e9lior\u00e9e, cette armoire garantit que vos \u00e9crans LED sont log\u00e9s en toute s\u00e9curit\u00e9 tout en conservant une visibilit\u00e9 optimale. Que ce soit pour un usage commercial ou personnel, cette armoire ajoute une touche professionnelle \u00e0 toute installation.<\/p>\n<h2>Artisanat de haute qualit\u00e9<\/h2>\n<h3>Construit pour durer<\/h3>\n<p>SX est fier de fournir des produits de la plus haute qualit\u00e9. Notre armoire pour \u00e9cran LED est fabriqu\u00e9e \u00e0 partir de mat\u00e9riaux de premi\u00e8re qualit\u00e9, ce qui lui permet de r\u00e9sister \u00e0 l'\u00e9preuve du temps. La conception robuste prot\u00e8ge vos \u00e9crans LED des dommages ext\u00e9rieurs, fournissant une solution fiable et durable pour tous vos besoins d'affichage.<\/p>\n<h2>Ventes directes d&#039;usine<\/h2>\n<h3>Une valeur in\u00e9gal\u00e9e<\/h3>\n<p>En proposant des ventes directes \u00e0 l'usine, SX vous garantit le meilleur rapport qualit\u00e9-prix pour votre investissement. En supprimant les interm\u00e9diaires, nous sommes en mesure de fournir des produits de qualit\u00e9 sup\u00e9rieure \u00e0 des prix comp\u00e9titifs. L'armoire \u00e0 \u00e9cran LED combine une durabilit\u00e9 exceptionnelle et un prix abordable, ce qui en fait un choix judicieux pour les entreprises et les particuliers.<\/p>\n<h2>Options de personnalisation<\/h2>\n<h3>Solutions sur mesure<\/h3>\n<p>Chaque configuration d'\u00e9cran est unique et SX comprend l'importance de la personnalisation. Notre armoire pour \u00e9cran LED est livr\u00e9e avec diverses options de personnalisation pour r\u00e9pondre \u00e0 vos besoins sp\u00e9cifiques. Que vous ayez besoin de dimensions sp\u00e9cifiques, de finitions ou de caract\u00e9ristiques suppl\u00e9mentaires, nous pouvons adapter l'armoire \u00e0 vos besoins exacts. Profitez d'une solution qui s'int\u00e8gre parfaitement \u00e0 votre environnement d'affichage.<\/p>\n<h2>Design \u00e9pur\u00e9 et moderne<\/h2>\n<h3>Am\u00e9liorez votre attrait visuel<\/h3>\n<p>L'armoire pour \u00e9crans LED de SX ne prot\u00e8ge pas seulement vos \u00e9crans, elle am\u00e9liore \u00e9galement l'attrait visuel g\u00e9n\u00e9ral de votre installation. Avec un design \u00e9l\u00e9gant et moderne, cette armoire s'int\u00e8gre parfaitement dans n'importe quel environnement, ajoutant une touche de sophistication. Sa conception bien pens\u00e9e garantit un acc\u00e8s et un entretien faciles de vos \u00e9crans LED.<\/p>\n<hr \/>\n<p>Am\u00e9liorez votre exp\u00e9rience d'affichage avec l'armoire \u00e0 \u00e9cran LED SX. Contactez-nous d\u00e8s aujourd'hui pour en savoir plus sur nos ventes directes et nos options de personnalisation. D\u00e9couvrez le m\u00e9lange parfait de protection, de fonctionnalit\u00e9 et de style avec SX, et profitez d'une installation d'affichage bien prot\u00e9g\u00e9e et visuellement attrayante.<\/p>\n<p><strong>FAQ<\/strong><\/p>\n<p>Paiement : nous acceptons les paiements par T\/T, Western Union, etc. Le transfert bancaire (T\/T) convient aux commandes importantes, tandis que pour les petites commandes, il est pr\u00e9f\u00e9rable de payer par Western Union, qui est facile, rapide et s\u00fbr.<\/p>\n<p>Exp\u00e9dition : nous proposons de nombreuses options d'exp\u00e9dition \u00e0 nos clients, nous entretenons de bonnes relations avec les compagnies maritimes, telles que APL, Cosco, CMA et ainsi de suite, nous pouvons vous aider \u00e0 r\u00e9duire les co\u00fbts d'exp\u00e9dition.<\/p>\n<p>Taxes \u00e0 l'importation : nous pouvons vous aider \u00e0 r\u00e9duire et \u00e0 \u00e9viter les taxes \u00e0 l'importation en d\u00e9clarant des prix inf\u00e9rieurs. Si vous avez des questions, n'h\u00e9sitez pas \u00e0 nous contacter \u00e0 tout moment, nous esp\u00e9rons une longue coop\u00e9ration avec vous.<\/p>\n<p>Emballage : nous proposons \u00e0 nos clients de nombreuses options d'emballage, telles que <a class=\"wpil_keyword_link\" href=\"https:\/\/sxpowercase.com\/product-category\/all-product\/flight-case\/\" target=\"_blank\" rel=\"noopener\" title=\"\u00e9tui de transport\" data-wpil-keyword-link=\"linked\" data-wpil-monitor-id=\"415\">\u00e9tui de transport<\/a> Chariot, bo\u00eete en carton, sac de transport, sac \u00e0 bulles, etc. D'autres options d'emballage personnalis\u00e9es sont \u00e9galement disponibles.<\/p>\n<p>Tags chauds : Prix bas, en stock, \u00e9chantillon gratuit, C\u00e2ble d'alimentation et de signal, fil de calibre 16 \u00e0 4 conducteurs, Bo\u00eetier de support de microphone, Armoire d'affichage \u00e0 LED pour l'ext\u00e9rieur, Montage en rack, 19\" Rackmount Mixer Flight Cases\uff0celectrical distro box, Chine, fournisseurs, usine, personnalis\u00e9, grossiste, Armoire d'\u00e9cran \u00e0 LED,<span style=\"color: #993366;\"><a style=\"color: #993366;\" href=\"https:\/\/sxflightcase.com\/fr\/product-category\/all-product\/power-distribution-boxes\/\">bo\u00eetes d&#039;alimentation<\/a>,\u00a0<a style=\"color: #993366;\" href=\"https:\/\/sxflightcase.com\/fr\/product-category\/all-product\/hoist-controllers\/\">c\u00e2bles d&#039;alimentation<\/a>,\u00a0<a style=\"color: #993366;\" href=\"https:\/\/sxflightcase.com\/fr\/product-category\/all-product\/hoist-controllers\/\">contr\u00f4leurs de levage<\/a>,\u00a0<a style=\"color: #993366;\" href=\"https:\/\/sxflightcase.com\/fr\/product-category\/all-product\/flight-case\/\">mallettes de vol.<\/a><\/span><\/p>","protected":false},"excerpt":{"rendered":"<h2 class=\"prodetails-name\">Armoire \u00e0 \u00e9cran LED<\/h2>\n<p>Notre configurateur de flight case peut vous aider \u00e0 concevoir votre propre valise personnalis\u00e9e. Toutes les modifications que vous apportez au cours du processus de conception sont effectu\u00e9es en temps r\u00e9el, sous vos yeux, dans l'aper\u00e7u 3D. Les prix sont \u00e9galement disponibles imm\u00e9diatement, sans qu'il soit n\u00e9cessaire de demander un devis ou d'attendre une r\u00e9ponse. Outre les caract\u00e9ristiques de base, telles que les dimensions, les mat\u00e9riaux et les couleurs de la mallette, vous pouvez \u00e9galement choisir librement les poign\u00e9es, le rev\u00eatement, les accessoires suppl\u00e9mentaires, ainsi que de nombreux extras tels que les roues pivotantes, les \u00e9videments pour les roues, les porte-\u00e9tiquettes, etc.<\/p>\n<h2><strong>Pr\u00e9sentation de la production<\/strong><\/h2>\n<p>Armoire \u00e0 \u00e9cran LED<\/p>\n<p>1. Utilisation de contreplaqu\u00e9 solide de 9mm\/12mm \u00e0 haute intensit\u00e9.<\/p>\n<p>2. La mousse haute densit\u00e9 de 50 mm offre un syst\u00e8me antichoc.<\/p>\n<p>3. Protection int\u00e9rieure en EVA Ultra-DUR<\/p>\n<p>4. Int\u00e9rieur facilement r\u00e9glable<\/p>\n<p>5. Extrusion d'aluminium \u00e0 double angle, languettes et rainures en aluminium<\/p>\n<p>6. Roulettes robustes de 3,5 ou 4 pouces (2 avec blocage, 2 sans blocage)<\/p>\n<p>7. Couvercles amovibles fix\u00e9s \u00e0 50 mm avec une feuille de mousse perl\u00e9e de 8 mm.<\/p>\n<p>8. Rails de rack standard avant-arri\u00e8re<\/p>","protected":false},"featured_media":1757,"comment_status":"open","ping_status":"closed","template":"","meta":[],"product_brand":[],"product_cat":[41],"product_tag":[],"class_list":{"0":"post-1756","1":"product","2":"type-product","3":"status-publish","4":"has-post-thumbnail","6":"product_cat-equipment-cases","8":"first","9":"instock","10":"shipping-taxable","11":"product-type-simple"},"yoast_head":"<!-- This site is optimized with the Yoast SEO Premium plugin v27.1 (Yoast SEO v27.2) - https:\/\/yoast.com\/product\/yoast-seo-premium-wordpress\/ -->\n<title>LED Screen Cabinet - https:\/\/sxflightcase.com \ud83d\udc97<\/title>\n<meta name=\"description\" content=\"LED Screen Cabinet: Explore our factory-direct options for professional customization, perfect for organizing and displaying your television and media equipment.\" \/>\n<meta name=\"robots\" content=\"index, follow, max-snippet:-1, max-image-preview:large, max-video-preview:-1\" \/>\n<link rel=\"canonical\" href=\"https:\/\/sxflightcase.com\/fr\/produk\/led-screen-cabinet\/\" \/>\n<meta property=\"og:locale\" content=\"fr_FR\" \/>\n<meta property=\"og:type\" content=\"article\" \/>\n<meta property=\"og:title\" content=\"LED Screen Cabinet\" \/>\n<meta property=\"og:description\" content=\"LED Screen Cabinet: Explore our factory-direct options for professional customization, perfect for organizing and displaying your television and media equipment.\" \/>\n<meta property=\"og:url\" content=\"https:\/\/sxflightcase.com\/fr\/produk\/led-screen-cabinet\/\" \/>\n<meta property=\"og:site_name\" content=\"https:\/\/sxflightcase.com\" \/>\n<meta property=\"article:publisher\" content=\"https:\/\/www.facebook.com\/profile.php?id=61560407257971\" \/>\n<meta property=\"article:modified_time\" content=\"2024-06-21T02:14:52+00:00\" \/>\n<meta property=\"og:image\" content=\"https:\/\/sxflightcase.com\/wp-content\/uploads\/2024\/05\/led-screen-cabinet25295279606.webp\" \/>\n\t<meta property=\"og:image:width\" content=\"700\" \/>\n\t<meta property=\"og:image:height\" content=\"700\" \/>\n\t<meta property=\"og:image:type\" content=\"image\/webp\" \/>\n<meta name=\"twitter:card\" content=\"summary_large_image\" \/>\n<meta name=\"twitter:label1\" content=\"Dur\u00e9e de lecture estim\u00e9e\" \/>\n\t<meta name=\"twitter:data1\" content=\"4 minutes\" \/>\n<script type=\"application\/ld+json\" class=\"yoast-schema-graph\">{\"@context\":\"https:\/\/schema.org\",\"@graph\":[{\"@type\":\"WebPage\",\"@id\":\"https:\/\/sxflightcase.com\/af\/produk\/led-screen-cabinet\/\",\"url\":\"https:\/\/sxflightcase.com\/af\/produk\/led-screen-cabinet\/\",\"name\":\"LED Screen Cabinet - https:\/\/sxflightcase.com \ud83d\udc97\",\"isPartOf\":{\"@id\":\"https:\/\/sxflightcase.com\/th\/#website\"},\"primaryImageOfPage\":{\"@id\":\"https:\/\/sxflightcase.com\/af\/produk\/led-screen-cabinet\/#primaryimage\"},\"image\":{\"@id\":\"https:\/\/sxflightcase.com\/af\/produk\/led-screen-cabinet\/#primaryimage\"},\"thumbnailUrl\":\"https:\/\/sxflightcase.com\/wp-content\/uploads\/2024\/05\/led-screen-cabinet25295279606.webp\",\"datePublished\":\"2024-05-10T06:10:35+00:00\",\"dateModified\":\"2024-06-21T02:14:52+00:00\",\"description\":\"LED Screen Cabinet: Explore our factory-direct options for professional customization, perfect for organizing and displaying your television and media equipment.\",\"breadcrumb\":{\"@id\":\"https:\/\/sxflightcase.com\/af\/produk\/led-screen-cabinet\/#breadcrumb\"},\"inLanguage\":\"fr-FR\",\"potentialAction\":[{\"@type\":\"ReadAction\",\"target\":[\"https:\/\/sxflightcase.com\/af\/produk\/led-screen-cabinet\/\"]}]},{\"@type\":\"ImageObject\",\"inLanguage\":\"fr-FR\",\"@id\":\"https:\/\/sxflightcase.com\/af\/produk\/led-screen-cabinet\/#primaryimage\",\"url\":\"https:\/\/sxflightcase.com\/wp-content\/uploads\/2024\/05\/led-screen-cabinet25295279606.webp\",\"contentUrl\":\"https:\/\/sxflightcase.com\/wp-content\/uploads\/2024\/05\/led-screen-cabinet25295279606.webp\",\"width\":700,\"height\":700,\"caption\":\"LED Screen Cabinet\"},{\"@type\":\"BreadcrumbList\",\"@id\":\"https:\/\/sxflightcase.com\/af\/produk\/led-screen-cabinet\/#breadcrumb\",\"itemListElement\":[{\"@type\":\"ListItem\",\"position\":1,\"name\":\"Home\",\"item\":\"https:\/\/sxflightcase.com\/\"},{\"@type\":\"ListItem\",\"position\":2,\"name\":\"\u0e2a\u0e34\u0e19\u0e04\u0e49\u0e32\",\"item\":\"https:\/\/sxflightcase.com\/th\/shop\/\"},{\"@type\":\"ListItem\",\"position\":3,\"name\":\"LED Screen Cabinet\"}]},{\"@type\":\"WebSite\",\"@id\":\"https:\/\/sxflightcase.com\/th\/#website\",\"url\":\"https:\/\/sxflightcase.com\/th\/\",\"name\":\"sxpowercase.com\",\"description\":\"Flight Case Factory\",\"publisher\":{\"@id\":\"https:\/\/sxflightcase.com\/th\/#organization\"},\"potentialAction\":[{\"@type\":\"SearchAction\",\"target\":{\"@type\":\"EntryPoint\",\"urlTemplate\":\"https:\/\/sxflightcase.com\/th\/?s={search_term_string}\"},\"query-input\":{\"@type\":\"PropertyValueSpecification\",\"valueRequired\":true,\"valueName\":\"search_term_string\"}}],\"inLanguage\":\"fr-FR\"},{\"@type\":\"Organization\",\"@id\":\"https:\/\/sxflightcase.com\/th\/#organization\",\"name\":\"sxpowercase.com\",\"url\":\"https:\/\/sxflightcase.com\/th\/\",\"logo\":{\"@type\":\"ImageObject\",\"inLanguage\":\"fr-FR\",\"@id\":\"https:\/\/sxflightcase.com\/th\/#\/schema\/logo\/image\/\",\"url\":\"https:\/\/sxflightcase.com\/wp-content\/uploads\/2024\/04\/1713919036007.jpg\",\"contentUrl\":\"https:\/\/sxflightcase.com\/wp-content\/uploads\/2024\/04\/1713919036007.jpg\",\"width\":382,\"height\":388,\"caption\":\"sxpowercase.com\"},\"image\":{\"@id\":\"https:\/\/sxflightcase.com\/th\/#\/schema\/logo\/image\/\"},\"sameAs\":[\"https:\/\/www.facebook.com\/profile.php?id=61560407257971\"],\"numberOfEmployees\":{\"@type\":\"QuantitativeValue\",\"minValue\":\"11\",\"maxValue\":\"50\"}}]}<\/script>\n<!-- \/ Yoast SEO Premium plugin. -->","yoast_head_json":{"title":"LED Screen Cabinet - https:\/\/sxflightcase.com \ud83d\udc97","description":"Armoire pour \u00e9cran LED : Explorez nos options d'usine pour une personnalisation professionnelle, parfaite pour organiser et pr\u00e9senter votre t\u00e9l\u00e9vision et votre \u00e9quipement multim\u00e9dia.","robots":{"index":"index","follow":"follow","max-snippet":"max-snippet:-1","max-image-preview":"max-image-preview:large","max-video-preview":"max-video-preview:-1"},"canonical":"https:\/\/sxflightcase.com\/fr\/produk\/led-screen-cabinet\/","og_locale":"fr_FR","og_type":"article","og_title":"LED Screen Cabinet","og_description":"LED Screen Cabinet: Explore our factory-direct options for professional customization, perfect for organizing and displaying your television and media equipment.","og_url":"https:\/\/sxflightcase.com\/fr\/produk\/led-screen-cabinet\/","og_site_name":"https:\/\/sxflightcase.com","article_publisher":"https:\/\/www.facebook.com\/profile.php?id=61560407257971","article_modified_time":"2024-06-21T02:14:52+00:00","og_image":[{"width":700,"height":700,"url":"https:\/\/sxflightcase.com\/wp-content\/uploads\/2024\/05\/led-screen-cabinet25295279606.webp","type":"image\/webp"}],"twitter_card":"summary_large_image","twitter_misc":{"Dur\u00e9e de lecture estim\u00e9e":"4 minutes"},"schema":{"@context":"https:\/\/schema.org","@graph":[{"@type":"WebPage","@id":"https:\/\/sxflightcase.com\/af\/produk\/led-screen-cabinet\/","url":"https:\/\/sxflightcase.com\/af\/produk\/led-screen-cabinet\/","name":"LED Screen Cabinet - https:\/\/sxflightcase.com \ud83d\udc97","isPartOf":{"@id":"https:\/\/sxflightcase.com\/th\/#website"},"primaryImageOfPage":{"@id":"https:\/\/sxflightcase.com\/af\/produk\/led-screen-cabinet\/#primaryimage"},"image":{"@id":"https:\/\/sxflightcase.com\/af\/produk\/led-screen-cabinet\/#primaryimage"},"thumbnailUrl":"https:\/\/sxflightcase.com\/wp-content\/uploads\/2024\/05\/led-screen-cabinet25295279606.webp","datePublished":"2024-05-10T06:10:35+00:00","dateModified":"2024-06-21T02:14:52+00:00","description":"Armoire pour \u00e9cran LED : Explorez nos options d'usine pour une personnalisation professionnelle, parfaite pour organiser et pr\u00e9senter votre t\u00e9l\u00e9vision et votre \u00e9quipement multim\u00e9dia.","breadcrumb":{"@id":"https:\/\/sxflightcase.com\/af\/produk\/led-screen-cabinet\/#breadcrumb"},"inLanguage":"fr-FR","potentialAction":[{"@type":"ReadAction","target":["https:\/\/sxflightcase.com\/af\/produk\/led-screen-cabinet\/"]}]},{"@type":"ImageObject","inLanguage":"fr-FR","@id":"https:\/\/sxflightcase.com\/af\/produk\/led-screen-cabinet\/#primaryimage","url":"https:\/\/sxflightcase.com\/wp-content\/uploads\/2024\/05\/led-screen-cabinet25295279606.webp","contentUrl":"https:\/\/sxflightcase.com\/wp-content\/uploads\/2024\/05\/led-screen-cabinet25295279606.webp","width":700,"height":700,"caption":"LED Screen Cabinet"},{"@type":"BreadcrumbList","@id":"https:\/\/sxflightcase.com\/af\/produk\/led-screen-cabinet\/#breadcrumb","itemListElement":[{"@type":"ListItem","position":1,"name":"Home","item":"https:\/\/sxflightcase.com\/"},{"@type":"ListItem","position":2,"name":"\u0e2a\u0e34\u0e19\u0e04\u0e49\u0e32","item":"https:\/\/sxflightcase.com\/th\/shop\/"},{"@type":"ListItem","position":3,"name":"LED Screen Cabinet"}]},{"@type":"WebSite","@id":"https:\/\/sxflightcase.com\/th\/#website","url":"https:\/\/sxflightcase.com\/th\/","name":"sxpowercase.com","description":"Flight Case Factory","publisher":{"@id":"https:\/\/sxflightcase.com\/th\/#organization"},"potentialAction":[{"@type":"SearchAction","target":{"@type":"EntryPoint","urlTemplate":"https:\/\/sxflightcase.com\/th\/?s={search_term_string}"},"query-input":{"@type":"PropertyValueSpecification","valueRequired":true,"valueName":"search_term_string"}}],"inLanguage":"fr-FR"},{"@type":"Organization","@id":"https:\/\/sxflightcase.com\/th\/#organization","name":"sxpowercase.com","url":"https:\/\/sxflightcase.com\/th\/","logo":{"@type":"ImageObject","inLanguage":"fr-FR","@id":"https:\/\/sxflightcase.com\/th\/#\/schema\/logo\/image\/","url":"https:\/\/sxflightcase.com\/wp-content\/uploads\/2024\/04\/1713919036007.jpg","contentUrl":"https:\/\/sxflightcase.com\/wp-content\/uploads\/2024\/04\/1713919036007.jpg","width":382,"height":388,"caption":"sxpowercase.com"},"image":{"@id":"https:\/\/sxflightcase.com\/th\/#\/schema\/logo\/image\/"},"sameAs":["https:\/\/www.facebook.com\/profile.php?id=61560407257971"],"numberOfEmployees":{"@type":"QuantitativeValue","minValue":"11","maxValue":"50"}}]}},"_links":{"self":[{"href":"https:\/\/sxflightcase.com\/fr\/wp-json\/wp\/v2\/product\/1756","targetHints":{"allow":["GET"]}}],"collection":[{"href":"https:\/\/sxflightcase.com\/fr\/wp-json\/wp\/v2\/product"}],"about":[{"href":"https:\/\/sxflightcase.com\/fr\/wp-json\/wp\/v2\/types\/product"}],"replies":[{"embeddable":true,"href":"https:\/\/sxflightcase.com\/fr\/wp-json\/wp\/v2\/comments?post=1756"}],"version-history":[{"count":0,"href":"https:\/\/sxflightcase.com\/fr\/wp-json\/wp\/v2\/product\/1756\/revisions"}],"wp:featuredmedia":[{"embeddable":true,"href":"https:\/\/sxflightcase.com\/fr\/wp-json\/wp\/v2\/media\/1757"}],"wp:attachment":[{"href":"https:\/\/sxflightcase.com\/fr\/wp-json\/wp\/v2\/media?parent=1756"}],"wp:term":[{"taxonomy":"product_brand","embeddable":true,"href":"https:\/\/sxflightcase.com\/fr\/wp-json\/wp\/v2\/product_brand?post=1756"},{"taxonomy":"product_cat","embeddable":true,"href":"https:\/\/sxflightcase.com\/fr\/wp-json\/wp\/v2\/product_cat?post=1756"},{"taxonomy":"product_tag","embeddable":true,"href":"https:\/\/sxflightcase.com\/fr\/wp-json\/wp\/v2\/product_tag?post=1756"}],"curies":[{"name":"wp","href":"https:\/\/api.w.org\/{rel}","templated":true}]}}