{"id":1764,"date":"2024-05-10T07:19:39","date_gmt":"2024-05-10T06:19:39","guid":{"rendered":"https:\/\/sxpowercase.com\/?post_type=product&#038;p=1764"},"modified":"2024-06-21T02:29:53","modified_gmt":"2024-06-21T01:29:53","slug":"cable-packer","status":"publish","type":"product","link":"https:\/\/sxflightcase.com\/fr\/produit\/packer-de-cable-2\/","title":{"rendered":"Emballeuse de c\u00e2bles"},"content":{"rendered":"<h3><strong>Param\u00e8tre du produit (sp\u00e9cification)<\/strong><\/h3>\n<section class=\"table-wrap\">\n<table class=\"table\" width=\"100%\" cellspacing=\"0\" cellpadding=\"0\">\n<tbody>\n<tr class=\"firstRow\">\n<td width=\"148\">Nom du produit:<\/td>\n<td width=\"569\">Packer de c\u00e2ble<\/td>\n<\/tr>\n<tr>\n<td width=\"148\">Dimension:<\/td>\n<td width=\"569\">Nous fabriquons toujours 1000x500x500mm, 1200x600x600mm ou sur mesure<\/td>\n<\/tr>\n<tr>\n<td width=\"148\">Couleur:<\/td>\n<td width=\"569\">noir \/ rouge \/ bleu etc ou n&#039;importe quelle couleur que vous voulez<\/td>\n<\/tr>\n<tr>\n<td width=\"148\">Mat\u00e9riaux :<\/td>\n<td width=\"569\">Aluminium + CONTREPLAQU\u00c9 + panneau ABS + mat\u00e9riel + mousse<\/td>\n<\/tr>\n<tr>\n<td width=\"148\">Conditions commerciales :<\/td>\n<td width=\"569\">Ex-work \/ FOB \/ CIF \/ DDU<\/td>\n<\/tr>\n<tr>\n<td width=\"148\">Conditions de paiement :<\/td>\n<td width=\"569\">T\/T 30% d\u00e9p\u00f4t et 70% avant exp\u00e9dition, Western Union etc.<\/td>\n<\/tr>\n<tr>\n<td width=\"148\">Fonctionnalit\u00e9:<\/td>\n<td width=\"569\">1) Conception \u00e9l\u00e9gante, durable et \u00e9conomique<br \/>\n2) Artisanat raffin\u00e9 et conception sp\u00e9ciale<br \/>\n3) Tous les motifs et logos peuvent \u00eatre imprim\u00e9s ou brod\u00e9s<br \/>\n4) Les tailles, logos et designs personnalis\u00e9s sont accept\u00e9s<\/td>\n<\/tr>\n<tr>\n<td width=\"148\">autre:<\/td>\n<td width=\"569\">Nous offrons un service unique, la conception, la production et l&#039;emballage<br \/>\nQualit\u00e9 sup\u00e9rieure, prix de fabrication et bon service<br \/>\nOEM et LOGO sont propos\u00e9s<\/td>\n<\/tr>\n<\/tbody>\n<\/table>\n<\/section>\n<p><strong>Emballage et exp\u00e9dition<\/strong><\/p>\n<section class=\"table-wrap\">\n<table class=\"table\" width=\"100%\" cellspacing=\"0\" cellpadding=\"0\">\n<tbody>\n<tr class=\"firstRow\">\n<td colspan=\"3\" width=\"100%\">Emballage et exp\u00e9dition<\/td>\n<\/tr>\n<tr>\n<td rowspan=\"3\" width=\"33%\">D\u00e9lai de livraison<\/td>\n<td width=\"33%\">Par mer<\/td>\n<td width=\"33%\">15-60 jours<\/td>\n<\/tr>\n<tr>\n<td width=\"33%\">Par avion<\/td>\n<td width=\"33%\">4-9 jours<\/td>\n<\/tr>\n<tr>\n<td width=\"33%\">Par expr\u00e8s<\/td>\n<td width=\"33%\">4-9 jours<\/td>\n<\/tr>\n<tr>\n<td width=\"33%\">D\u00e9lai de livraison<\/td>\n<td colspan=\"2\" width=\"66%\">7 \u00e0 15 heures ouvrables ou selon vos besoins<\/td>\n<\/tr>\n<tr>\n<td width=\"33%\">Conditionnement<\/td>\n<td colspan=\"2\" width=\"66%\">Par carton ou selon vos besoins<\/td>\n<\/tr>\n<\/tbody>\n<\/table>\n<\/section>\n<h1>Organisez vos c\u00e2bles avec SX Cable Packer<\/h1>\n<h2>La solution ultime de gestion des c\u00e2bles<\/h2>\n<p>Les c\u00e2bles emm\u00eal\u00e9s font partie du pass\u00e9 avec le <strong>Emballeuse de c\u00e2bles<\/strong> par <a href=\"https:\/\/sxpowercase.com\/\" target=\"_blank\" rel=\"noopener\" title=\"SX\" data-wpil-monitor-id=\"121\">SX<\/a>. Con\u00e7u pour les professionnels et les passionn\u00e9s de technologie, ce produit innovant permet d'organiser soigneusement vos c\u00e2bles, ce qui \u00e9vite de les endommager et vous fait gagner du temps.<\/p>\n<h2>Personnalis\u00e9 selon vos besoins<\/h2>\n<h3>Conception polyvalente<\/h3>\n<p>SX offre la <strong>Emballeuse de c\u00e2bles<\/strong> en diff\u00e9rentes tailles et configurations pour accueillir diff\u00e9rents types de c\u00e2bles. Que vous ayez besoin de stocker <a href=\"https:\/\/sxpowercase.com\/product-category\/all-product\/power-cables\/\" target=\"_blank\" rel=\"noopener\" title=\"c\u00e2bles d&#039;alimentation\" data-wpil-monitor-id=\"261\">c\u00e2bles d&#039;alimentation<\/a>Nos options personnalisables vous permettent de trouver le c\u00e2ble id\u00e9al, qu'il s'agisse d'un c\u00e2ble audio ou d'un c\u00e2ble de transmission de donn\u00e9es.<\/p>\n<h2>Directement du fabricant<\/h2>\n<h3>Ventes directes d&#039;usine<\/h3>\n<p>En achetant directement aupr\u00e8s de SX, vous b\u00e9n\u00e9ficiez de la vente directe d'usine, ce qui vous garantit des produits de haute qualit\u00e9 \u00e0 des prix comp\u00e9titifs. Notre engagement en faveur de l'excellence signifie que vous obtenez une machine \u00e0 emballer les c\u00e2bles fiable qui r\u00e9siste \u00e0 une utilisation quotidienne.<\/p>\n<h2>Construit pour durer<\/h2>\n<h3>Robuste et fiable<\/h3>\n<p>Fabriqu\u00e9 \u00e0 partir de mat\u00e9riaux durables, le <strong>Emballeuse de c\u00e2bles<\/strong> est con\u00e7u pour durer. Il prot\u00e8ge vos c\u00e2bles de l'usure, ce qui en fait un outil essentiel pour tous ceux qui transportent ou utilisent fr\u00e9quemment des c\u00e2bles.<\/p>\n<h2>Am\u00e9liorez votre espace de travail<\/h2>\n<h3>Organisation professionnelle<\/h3>\n<p>Un espace de travail bien organis\u00e9 stimule la productivit\u00e9. Avec le SX <strong>Emballeuse de c\u00e2bles<\/strong>Vous pouvez ainsi maintenir une organisation ordonn\u00e9e et efficace et impressionner vos clients et vos coll\u00e8gues par votre souci du d\u00e9tail et votre professionnalisme.<\/p>\n<hr \/>\n<p>Dites adieu \u00e0 l'encombrement des c\u00e2bles et bonjour \u00e0 l'organisation rationalis\u00e9e avec le SX <strong>Emballeuse de c\u00e2bles<\/strong>. Contactez-nous d\u00e8s aujourd'hui pour en savoir plus sur nos options personnalisables et pour passer votre commande directement aupr\u00e8s du fabricant.<\/p>\n<p><strong>FAQ<\/strong><\/p>\n<p>Q : Comment puis-je obtenir un \u00e9chantillon ?<\/p>\n<p>R : En g\u00e9n\u00e9ral, les \u00e9chantillons sont factur\u00e9s, mais nous les remboursons. Lorsque vous passez commande, les \u00e9chantillons sont livr\u00e9s par courrier express (DHL, TNT, FEDEX, EMS, etc.).<\/p>\n<p>Q : Faites-vous des cas sur mesure ?<\/p>\n<p>R : Oui. Avec environ 10 ans d'exp\u00e9rience en mati\u00e8re d'OEM\/ODM, nous pouvons vous aider \u00e0 concevoir<\/p>\n<p>le cas selon vos besoins gr\u00e2ce \u00e0 nos connaissances professionnelles.<\/p>\n<p>Q : Quel mode de paiement pouvez-vous accepter ?<\/p>\n<p>R : T\/T, Western Union, etc. Nous acceptons toute condition de paiement pratique et rapide.<\/p>\n<p>\u00c9tiquettes populaires: prix bas, en stock, \u00e9chantillon gratuit, c\u00e2ble d&#039;alimentation et de signal, fil \u00e0 4 conducteurs de calibre 16, \u00e9tui pour pied de microphone, armoire d&#039;affichage LED ext\u00e9rieure, montage en rack, mallettes de vol pour mixeur \u00e0 montage en rack 19 pouces, bo\u00eete de distribution \u00e9lectrique, Chine, fournisseurs, usine, personnalis\u00e9, vente en gros, <span style=\"color: #993366;\"><a style=\"color: #993366;\" href=\"https:\/\/sxflightcase.com\/fr\/product-category\/all-product\/power-distribution-boxes\/\">bo\u00eetes d&#039;alimentation<\/a>,\u00a0<a style=\"color: #993366;\" href=\"https:\/\/sxflightcase.com\/fr\/product-category\/all-product\/hoist-controllers\/\">c\u00e2bles d&#039;alimentation<\/a>,\u00a0<a style=\"color: #993366;\" href=\"https:\/\/sxflightcase.com\/fr\/product-category\/all-product\/hoist-controllers\/\">contr\u00f4leurs de levage<\/a>,\u00a0<a style=\"color: #993366;\" href=\"https:\/\/sxflightcase.com\/fr\/product-category\/all-product\/flight-case\/\">mallettes de vol.<\/a><\/span><\/p>","protected":false},"excerpt":{"rendered":"<h2 class=\"prodetails-name\">Emballeuse de c\u00e2bles<\/h2>\n<p>Ce range-c\u00e2bles est parfait pour les c\u00e2bles et les \u00e9quipements importants qui ont besoin d'une protection de qualit\u00e9 et d'un transport sans effort. Les roulettes en caoutchouc ultra-robustes vous permettent de vous d\u00e9placer, mais vous n'aurez pas \u00e0 vous soucier de l'int\u00e9grit\u00e9 de votre \u00e9quipement gr\u00e2ce aux caract\u00e9ristiques de durabilit\u00e9 telles que les coins \u00e0 bille et les fermetures papillon ultra-robustes. Cette mallette flexible peut contenir toutes sortes d'\u00e9quipements ou d'accessoires sans vous ruiner ni vous ruiner !<\/p>\n<h2><strong>Pr\u00e9sentation de la production<\/strong><\/h2>\n<p>\u25cf Construction robuste, 3 s\u00e9parations r\u00e9glables et un plateau amovible.<\/p>\n<p>\u25cf Loquets et poign\u00e9es encastr\u00e9s<\/p>\n<p>\u25cf Couvercle \u00e0 charni\u00e8re, roulettes en caoutchouc (2 frein\u00e9es).<\/p>\n<p>\u25cf Poids de l'article 30 Kg<\/p>\n<p>\u25cf Conception moderne de diff\u00e9rents styles.<\/p>\n<p>\u25cf Bordure enti\u00e8rement en aluminium, fixation par anneau m\u00e9tallique, tissu avanc\u00e9, cloison composite et \u00e9ponge gratuite.<\/p>\n<p>\u25cf Poign\u00e9e confortable, flexible et facile \u00e0 transporter.<\/p>","protected":false},"featured_media":1765,"comment_status":"open","ping_status":"closed","template":"","meta":[],"product_brand":[],"product_cat":[36],"product_tag":[],"class_list":{"0":"post-1764","1":"product","2":"type-product","3":"status-publish","4":"has-post-thumbnail","6":"product_cat-cables-cases","8":"first","9":"instock","10":"shipping-taxable","11":"product-type-simple"},"yoast_head":"<!-- This site is optimized with the Yoast SEO Premium plugin v27.1 (Yoast SEO v27.2) - https:\/\/yoast.com\/product\/yoast-seo-premium-wordpress\/ -->\n<title>Cable Packer - https:\/\/sxflightcase.com \ud83d\udc97<\/title>\n<meta name=\"description\" content=\"Cable Packer: Discover our factory-direct options for professional customization, perfect for organizing and managing cables efficiently.\" \/>\n<meta name=\"robots\" content=\"index, follow, max-snippet:-1, max-image-preview:large, max-video-preview:-1\" \/>\n<link rel=\"canonical\" href=\"https:\/\/sxflightcase.com\/fr\/produit\/packer-de-cable-2\/\" \/>\n<meta property=\"og:locale\" content=\"fr_FR\" \/>\n<meta property=\"og:type\" content=\"article\" \/>\n<meta property=\"og:title\" content=\"Cable Packer\" \/>\n<meta property=\"og:description\" content=\"Cable Packer: Discover our factory-direct options for professional customization, perfect for organizing and managing cables efficiently.\" \/>\n<meta property=\"og:url\" content=\"https:\/\/sxflightcase.com\/fr\/produit\/packer-de-cable-2\/\" \/>\n<meta property=\"og:site_name\" content=\"https:\/\/sxflightcase.com\" \/>\n<meta property=\"article:publisher\" content=\"https:\/\/www.facebook.com\/profile.php?id=61560407257971\" \/>\n<meta property=\"article:modified_time\" content=\"2024-06-21T01:29:53+00:00\" \/>\n<meta property=\"og:image\" content=\"https:\/\/sxflightcase.com\/wp-content\/uploads\/2024\/05\/cable-packer49022167594.webp\" \/>\n\t<meta property=\"og:image:width\" content=\"750\" \/>\n\t<meta property=\"og:image:height\" content=\"750\" \/>\n\t<meta property=\"og:image:type\" content=\"image\/webp\" \/>\n<meta name=\"twitter:card\" content=\"summary_large_image\" \/>\n<meta name=\"twitter:label1\" content=\"Dur\u00e9e de lecture estim\u00e9e\" \/>\n\t<meta name=\"twitter:data1\" content=\"3 minutes\" \/>\n<script type=\"application\/ld+json\" class=\"yoast-schema-graph\">{\"@context\":\"https:\/\/schema.org\",\"@graph\":[{\"@type\":\"WebPage\",\"@id\":\"https:\/\/sxflightcase.com\/product\/cable-packer\/\",\"url\":\"https:\/\/sxflightcase.com\/product\/cable-packer\/\",\"name\":\"Cable Packer - https:\/\/sxflightcase.com \ud83d\udc97\",\"isPartOf\":{\"@id\":\"https:\/\/sxflightcase.com\/th\/#website\"},\"primaryImageOfPage\":{\"@id\":\"https:\/\/sxflightcase.com\/product\/cable-packer\/#primaryimage\"},\"image\":{\"@id\":\"https:\/\/sxflightcase.com\/product\/cable-packer\/#primaryimage\"},\"thumbnailUrl\":\"https:\/\/sxflightcase.com\/wp-content\/uploads\/2024\/05\/cable-packer49022167594.webp\",\"datePublished\":\"2024-05-10T06:19:39+00:00\",\"dateModified\":\"2024-06-21T01:29:53+00:00\",\"description\":\"Cable Packer: Discover our factory-direct options for professional customization, perfect for organizing and managing cables efficiently.\",\"breadcrumb\":{\"@id\":\"https:\/\/sxflightcase.com\/product\/cable-packer\/#breadcrumb\"},\"inLanguage\":\"fr-FR\",\"potentialAction\":[{\"@type\":\"ReadAction\",\"target\":[\"https:\/\/sxflightcase.com\/product\/cable-packer\/\"]}]},{\"@type\":\"ImageObject\",\"inLanguage\":\"fr-FR\",\"@id\":\"https:\/\/sxflightcase.com\/product\/cable-packer\/#primaryimage\",\"url\":\"https:\/\/sxflightcase.com\/wp-content\/uploads\/2024\/05\/cable-packer49022167594.webp\",\"contentUrl\":\"https:\/\/sxflightcase.com\/wp-content\/uploads\/2024\/05\/cable-packer49022167594.webp\",\"width\":750,\"height\":750,\"caption\":\"Cable Packer\"},{\"@type\":\"BreadcrumbList\",\"@id\":\"https:\/\/sxflightcase.com\/product\/cable-packer\/#breadcrumb\",\"itemListElement\":[{\"@type\":\"ListItem\",\"position\":1,\"name\":\"Home\",\"item\":\"https:\/\/sxflightcase.com\/\"},{\"@type\":\"ListItem\",\"position\":2,\"name\":\"\u0e2a\u0e34\u0e19\u0e04\u0e49\u0e32\",\"item\":\"https:\/\/sxflightcase.com\/th\/shop\/\"},{\"@type\":\"ListItem\",\"position\":3,\"name\":\"Cable Packer\"}]},{\"@type\":\"WebSite\",\"@id\":\"https:\/\/sxflightcase.com\/th\/#website\",\"url\":\"https:\/\/sxflightcase.com\/th\/\",\"name\":\"sxpowercase.com\",\"description\":\"Flight Case Factory\",\"publisher\":{\"@id\":\"https:\/\/sxflightcase.com\/th\/#organization\"},\"potentialAction\":[{\"@type\":\"SearchAction\",\"target\":{\"@type\":\"EntryPoint\",\"urlTemplate\":\"https:\/\/sxflightcase.com\/th\/?s={search_term_string}\"},\"query-input\":{\"@type\":\"PropertyValueSpecification\",\"valueRequired\":true,\"valueName\":\"search_term_string\"}}],\"inLanguage\":\"fr-FR\"},{\"@type\":\"Organization\",\"@id\":\"https:\/\/sxflightcase.com\/th\/#organization\",\"name\":\"sxpowercase.com\",\"url\":\"https:\/\/sxflightcase.com\/th\/\",\"logo\":{\"@type\":\"ImageObject\",\"inLanguage\":\"fr-FR\",\"@id\":\"https:\/\/sxflightcase.com\/th\/#\/schema\/logo\/image\/\",\"url\":\"https:\/\/sxflightcase.com\/wp-content\/uploads\/2024\/04\/1713919036007.jpg\",\"contentUrl\":\"https:\/\/sxflightcase.com\/wp-content\/uploads\/2024\/04\/1713919036007.jpg\",\"width\":382,\"height\":388,\"caption\":\"sxpowercase.com\"},\"image\":{\"@id\":\"https:\/\/sxflightcase.com\/th\/#\/schema\/logo\/image\/\"},\"sameAs\":[\"https:\/\/www.facebook.com\/profile.php?id=61560407257971\"],\"numberOfEmployees\":{\"@type\":\"QuantitativeValue\",\"minValue\":\"11\",\"maxValue\":\"50\"}}]}<\/script>\n<!-- \/ Yoast SEO Premium plugin. -->","yoast_head_json":{"title":"Cable Packer - https:\/\/sxflightcase.com \ud83d\udc97","description":"Packer de c\u00e2bles : D\u00e9couvrez nos options d'usine pour une personnalisation professionnelle, parfaite pour organiser et g\u00e9rer efficacement les c\u00e2bles.","robots":{"index":"index","follow":"follow","max-snippet":"max-snippet:-1","max-image-preview":"max-image-preview:large","max-video-preview":"max-video-preview:-1"},"canonical":"https:\/\/sxflightcase.com\/fr\/produit\/packer-de-cable-2\/","og_locale":"fr_FR","og_type":"article","og_title":"Cable Packer","og_description":"Cable Packer: Discover our factory-direct options for professional customization, perfect for organizing and managing cables efficiently.","og_url":"https:\/\/sxflightcase.com\/fr\/produit\/packer-de-cable-2\/","og_site_name":"https:\/\/sxflightcase.com","article_publisher":"https:\/\/www.facebook.com\/profile.php?id=61560407257971","article_modified_time":"2024-06-21T01:29:53+00:00","og_image":[{"width":750,"height":750,"url":"https:\/\/sxflightcase.com\/wp-content\/uploads\/2024\/05\/cable-packer49022167594.webp","type":"image\/webp"}],"twitter_card":"summary_large_image","twitter_misc":{"Dur\u00e9e de lecture estim\u00e9e":"3 minutes"},"schema":{"@context":"https:\/\/schema.org","@graph":[{"@type":"WebPage","@id":"https:\/\/sxflightcase.com\/product\/cable-packer\/","url":"https:\/\/sxflightcase.com\/product\/cable-packer\/","name":"Cable Packer - https:\/\/sxflightcase.com \ud83d\udc97","isPartOf":{"@id":"https:\/\/sxflightcase.com\/th\/#website"},"primaryImageOfPage":{"@id":"https:\/\/sxflightcase.com\/product\/cable-packer\/#primaryimage"},"image":{"@id":"https:\/\/sxflightcase.com\/product\/cable-packer\/#primaryimage"},"thumbnailUrl":"https:\/\/sxflightcase.com\/wp-content\/uploads\/2024\/05\/cable-packer49022167594.webp","datePublished":"2024-05-10T06:19:39+00:00","dateModified":"2024-06-21T01:29:53+00:00","description":"Packer de c\u00e2bles : D\u00e9couvrez nos options d'usine pour une personnalisation professionnelle, parfaite pour organiser et g\u00e9rer efficacement les c\u00e2bles.","breadcrumb":{"@id":"https:\/\/sxflightcase.com\/product\/cable-packer\/#breadcrumb"},"inLanguage":"fr-FR","potentialAction":[{"@type":"ReadAction","target":["https:\/\/sxflightcase.com\/product\/cable-packer\/"]}]},{"@type":"ImageObject","inLanguage":"fr-FR","@id":"https:\/\/sxflightcase.com\/product\/cable-packer\/#primaryimage","url":"https:\/\/sxflightcase.com\/wp-content\/uploads\/2024\/05\/cable-packer49022167594.webp","contentUrl":"https:\/\/sxflightcase.com\/wp-content\/uploads\/2024\/05\/cable-packer49022167594.webp","width":750,"height":750,"caption":"Cable Packer"},{"@type":"BreadcrumbList","@id":"https:\/\/sxflightcase.com\/product\/cable-packer\/#breadcrumb","itemListElement":[{"@type":"ListItem","position":1,"name":"Home","item":"https:\/\/sxflightcase.com\/"},{"@type":"ListItem","position":2,"name":"\u0e2a\u0e34\u0e19\u0e04\u0e49\u0e32","item":"https:\/\/sxflightcase.com\/th\/shop\/"},{"@type":"ListItem","position":3,"name":"Cable Packer"}]},{"@type":"WebSite","@id":"https:\/\/sxflightcase.com\/th\/#website","url":"https:\/\/sxflightcase.com\/th\/","name":"sxpowercase.com","description":"Flight Case Factory","publisher":{"@id":"https:\/\/sxflightcase.com\/th\/#organization"},"potentialAction":[{"@type":"SearchAction","target":{"@type":"EntryPoint","urlTemplate":"https:\/\/sxflightcase.com\/th\/?s={search_term_string}"},"query-input":{"@type":"PropertyValueSpecification","valueRequired":true,"valueName":"search_term_string"}}],"inLanguage":"fr-FR"},{"@type":"Organization","@id":"https:\/\/sxflightcase.com\/th\/#organization","name":"sxpowercase.com","url":"https:\/\/sxflightcase.com\/th\/","logo":{"@type":"ImageObject","inLanguage":"fr-FR","@id":"https:\/\/sxflightcase.com\/th\/#\/schema\/logo\/image\/","url":"https:\/\/sxflightcase.com\/wp-content\/uploads\/2024\/04\/1713919036007.jpg","contentUrl":"https:\/\/sxflightcase.com\/wp-content\/uploads\/2024\/04\/1713919036007.jpg","width":382,"height":388,"caption":"sxpowercase.com"},"image":{"@id":"https:\/\/sxflightcase.com\/th\/#\/schema\/logo\/image\/"},"sameAs":["https:\/\/www.facebook.com\/profile.php?id=61560407257971"],"numberOfEmployees":{"@type":"QuantitativeValue","minValue":"11","maxValue":"50"}}]}},"_links":{"self":[{"href":"https:\/\/sxflightcase.com\/fr\/wp-json\/wp\/v2\/product\/1764","targetHints":{"allow":["GET"]}}],"collection":[{"href":"https:\/\/sxflightcase.com\/fr\/wp-json\/wp\/v2\/product"}],"about":[{"href":"https:\/\/sxflightcase.com\/fr\/wp-json\/wp\/v2\/types\/product"}],"replies":[{"embeddable":true,"href":"https:\/\/sxflightcase.com\/fr\/wp-json\/wp\/v2\/comments?post=1764"}],"version-history":[{"count":0,"href":"https:\/\/sxflightcase.com\/fr\/wp-json\/wp\/v2\/product\/1764\/revisions"}],"wp:featuredmedia":[{"embeddable":true,"href":"https:\/\/sxflightcase.com\/fr\/wp-json\/wp\/v2\/media\/1765"}],"wp:attachment":[{"href":"https:\/\/sxflightcase.com\/fr\/wp-json\/wp\/v2\/media?parent=1764"}],"wp:term":[{"taxonomy":"product_brand","embeddable":true,"href":"https:\/\/sxflightcase.com\/fr\/wp-json\/wp\/v2\/product_brand?post=1764"},{"taxonomy":"product_cat","embeddable":true,"href":"https:\/\/sxflightcase.com\/fr\/wp-json\/wp\/v2\/product_cat?post=1764"},{"taxonomy":"product_tag","embeddable":true,"href":"https:\/\/sxflightcase.com\/fr\/wp-json\/wp\/v2\/product_tag?post=1764"}],"curies":[{"name":"wp","href":"https:\/\/api.w.org\/{rel}","templated":true}]}}