{"id":1774,"date":"2024-05-10T07:28:50","date_gmt":"2024-05-10T06:28:50","guid":{"rendered":"https:\/\/sxpowercase.com\/?post_type=product&#038;p=1774"},"modified":"2024-06-20T03:28:08","modified_gmt":"2024-06-20T02:28:08","slug":"cable-case","status":"publish","type":"product","link":"https:\/\/sxflightcase.com\/fr\/produit\/etui-a-cable\/","title":{"rendered":"Fabrication de bo\u00eetiers de c\u00e2bles"},"content":{"rendered":"<h3><strong>Param\u00e8tre du produit (sp\u00e9cification)<\/strong><\/h3>\n<section class=\"table-wrap\">\n<table class=\"table\" width=\"100%\" cellspacing=\"0\" cellpadding=\"0\">\n<tbody>\n<tr class=\"firstRow\">\n<td width=\"147\">Nom du produit:<\/td>\n<td width=\"566\">\u00c9tui \u00e0 c\u00e2bles<\/td>\n<\/tr>\n<tr>\n<td width=\"147\">Dimension:<\/td>\n<td width=\"566\">Nous fabriquons toujours 1000x500x500mm, 1200x600x600mm ou sur mesure<\/td>\n<\/tr>\n<tr>\n<td width=\"147\">Couleur:<\/td>\n<td width=\"566\">noir \/ rouge \/ bleu etc ou n&#039;importe quelle couleur que vous voulez<\/td>\n<\/tr>\n<tr>\n<td width=\"147\">Mat\u00e9riaux :<\/td>\n<td width=\"566\">Aluminium + CONTREPLAQU\u00c9 + panneau ABS + mat\u00e9riel + mousse<\/td>\n<\/tr>\n<tr>\n<td width=\"147\">Logo :<\/td>\n<td width=\"566\">Disponible pour logo s\u00e9rigraphi\u00e9 \/ logo en relief \/ logo laser<\/td>\n<\/tr>\n<tr>\n<td width=\"147\">Quantit\u00e9 minimale de commande :<\/td>\n<td width=\"566\">10 pi\u00e8ces<\/td>\n<\/tr>\n<tr>\n<td width=\"147\">Dur\u00e9e de l&#039;\u00e9chantillon :<\/td>\n<td width=\"566\">5-7 jours<\/td>\n<\/tr>\n<tr>\n<td width=\"147\">Temps de production :<\/td>\n<td width=\"566\">4 semaines apr\u00e8s avoir confirm\u00e9 la commande<\/td>\n<\/tr>\n<tr>\n<td width=\"147\">Port d&#039;embarquement :<\/td>\n<td width=\"566\">Shenzhen, Canton, Hong Kong<\/td>\n<\/tr>\n<tr>\n<td width=\"147\">Conditions commerciales :<\/td>\n<td width=\"566\">Ex-work \/ FOB \/ CIF \/ DDU<\/td>\n<\/tr>\n<tr>\n<td width=\"147\">Conditions de paiement :<\/td>\n<td width=\"566\">T\/T 30% d\u00e9p\u00f4t et 70% avant exp\u00e9dition, Western Union etc.<\/td>\n<\/tr>\n<tr>\n<td width=\"147\">Fonctionnalit\u00e9:<\/td>\n<td width=\"566\">1) Conception \u00e9l\u00e9gante, durable et \u00e9conomique<br \/>\n2) Artisanat raffin\u00e9 et conception sp\u00e9ciale<br \/>\n3) Tous les motifs et logos peuvent \u00eatre imprim\u00e9s ou brod\u00e9s<br \/>\n4) Les tailles, logos et designs personnalis\u00e9s sont accept\u00e9s<\/td>\n<\/tr>\n<tr>\n<td width=\"147\">autre:<\/td>\n<td width=\"566\">Nous offrons un service unique, la conception, la production et l&#039;emballage<br \/>\nQualit\u00e9 sup\u00e9rieure, prix de fabrication et bon service<br \/>\nOEM et LOGO sont propos\u00e9s<\/td>\n<\/tr>\n<\/tbody>\n<\/table>\n<\/section>\n<h1>Leader dans la fabrication de bo\u00eetiers de c\u00e2bles avec SX<\/h1>\n<h2>Qualit\u00e9 et design sup\u00e9rieurs<\/h2>\n<p>\u00c0 <a href=\"https:\/\/sxpowercase.com\/\" target=\"_blank\" rel=\"noopener\" title=\"SX\" data-wpil-monitor-id=\"123\">SX<\/a>, nous sommes sp\u00e9cialis\u00e9s dans la fabrication de bo\u00eetiers de c\u00e2bles, offrant des solutions de stockage haut de gamme pour tous vos besoins de gestion des c\u00e2bles. Nos bo\u00eetiers sont fabriqu\u00e9s \u00e0 partir de mat\u00e9riaux de haute qualit\u00e9, garantissant durabilit\u00e9 et performances \u00e0 long terme. SX allie une qualit\u00e9 sup\u00e9rieure \u00e0 un design innovant, faisant de nos bo\u00eetiers de c\u00e2bles le meilleur choix pour les professionnels et les utilisateurs quotidiens.<\/p>\n<h2>Des solutions personnalis\u00e9es pour chaque besoin<\/h2>\n<h3>Adapt\u00e9 \u00e0 vos sp\u00e9cifications<\/h3>\n<p>SX comprend que chaque client a des exigences uniques. C&#039;est pourquoi nous proposons des services personnalis\u00e9s dans notre processus de fabrication de bo\u00eetiers de c\u00e2bles. Que vous ayez besoin de dimensions sp\u00e9cifiques, de compartiments suppl\u00e9mentaires ou d&#039;une marque personnalis\u00e9e, SX peut adapter nos produits pour r\u00e9pondre exactement \u00e0 vos besoins. Am\u00e9liorez votre activit\u00e9 avec nos solutions sur mesure, con\u00e7ues pour rendre la gestion des c\u00e2bles plus efficace et efficiente.<\/p>\n<h3>Apparence professionnelle<\/h3>\n<p>Un espace de travail \u00e9pur\u00e9 a une allure plus professionnelle et peut impressionner vos clients et coll\u00e8gues. Le design \u00e9l\u00e9gant des bo\u00eetiers de c\u00e2bles SX ajoute une touche de professionnalisme \u00e0 votre installation, vous aidant \u00e0 faire bonne impression. Choisissez SX pour un bo\u00eetier de c\u00e2bles qui allie fonctionnalit\u00e9 et style.<\/p>\n<h2>Ventes directes d&#039;usine pour une valeur imbattable<\/h2>\n<h3>Prix comp\u00e9titifs<\/h3>\n<p>En vendant directement depuis notre usine, SX \u00e9limine les interm\u00e9diaires, ce qui nous permet de proposer nos bo\u00eetiers de c\u00e2bles \u00e0 des prix imbattables. Profitez de produits de haute qualit\u00e9 sans le prix \u00e9lev\u00e9. Notre mod\u00e8le de vente directe d&#039;usine vous garantit le meilleur rapport qualit\u00e9-prix, faisant de SX le choix intelligent pour vos besoins en mati\u00e8re de gestion des c\u00e2bles.<\/p>\n<h3>Boostez votre entreprise<\/h3>\n<p>Investir dans des \u00e9tuis de c\u00e2bles de qualit\u00e9 de SX peut am\u00e9liorer consid\u00e9rablement vos op\u00e9rations commerciales. En gardant vos c\u00e2bles organis\u00e9s et facilement accessibles, vous pouvez augmenter votre efficacit\u00e9 et votre productivit\u00e9. Nos \u00e9tuis durables et personnalisables garantissent que vos c\u00e2bles sont prot\u00e9g\u00e9s et pr\u00eats \u00e0 l&#039;emploi \u00e0 tout moment.<\/p>\n<h2>Service efficace et fiable<\/h2>\n<h3>Livraison rapide<\/h3>\n<p>SX s&#039;engage \u00e0 fournir un service efficace et fiable. D\u00e8s que vous passez votre commande, notre \u00e9quipe travaille avec diligence pour assurer une production et une livraison rapides. Vous pouvez faire confiance \u00e0 SX pour livrer rapidement vos bo\u00eetiers de c\u00e2bles personnalis\u00e9s, afin que vous puissiez commencer \u00e0 b\u00e9n\u00e9ficier imm\u00e9diatement de nos solutions de stockage de haute qualit\u00e9.<\/p>\n<h3>Clients satisfaits<\/h3>\n<p>Notre engagement envers la qualit\u00e9 et la satisfaction de nos clients nous a valu une client\u00e8le fid\u00e8le. \u00ab Les bo\u00eetiers de c\u00e2bles SX changent la donne \u00bb, d\u00e9clare James, un entrepreneur en technologie. \u00ab Les fonctionnalit\u00e9s personnalis\u00e9es et la durabilit\u00e9 les rendent parfaits pour les besoins de mon entreprise \u00bb, ajoute Sarah, une professionnelle de l&#039;informatique. Rejoignez les nombreux clients satisfaits qui font confiance \u00e0 SX pour la fabrication de leurs bo\u00eetiers de c\u00e2bles.<\/p>\n<h2>Engagement envers l\u2019excellence<\/h2>\n<h3>Conception innovante<\/h3>\n<p>SX est toujours \u00e0 la pointe de l&#039;innovation. Nos conceptions de bo\u00eetiers de c\u00e2bles int\u00e8grent les derni\u00e8res tendances et technologies pour garantir une fonctionnalit\u00e9 et un style optimaux. Lorsque vous choisissez SX, vous investissez dans un produit qui refl\u00e8te le meilleur du design et de l&#039;ing\u00e9nierie modernes.<\/p>\n<h3>Assurance qualit\u00e9<\/h3>\n<p>Chaque bo\u00eetier de c\u00e2ble qui quitte notre usine est soumis \u00e0 des contr\u00f4les de qualit\u00e9 rigoureux pour garantir qu&#039;il r\u00e9pond \u00e0 nos normes \u00e9lev\u00e9es. Chez SX, l&#039;assurance qualit\u00e9 est une priorit\u00e9 absolue et nous nous effor\u00e7ons de fournir des produits qui d\u00e9passent vos attentes.<\/p>\n<h2>Commandez votre \u00e9tui \u00e0 c\u00e2bles personnalis\u00e9 d\u00e8s aujourd&#039;hui<\/h2>\n<p>Ne laissez pas des c\u00e2bles d\u00e9sorganis\u00e9s perturber votre flux de travail. Commandez d\u00e8s aujourd&#039;hui votre bo\u00eetier de c\u00e2bles personnalis\u00e9 aupr\u00e8s de SX et d\u00e9couvrez les avantages d&#039;une gestion sup\u00e9rieure des c\u00e2bles. Contactez notre \u00e9quipe commerciale pour discuter de vos besoins et nous nous occuperons du reste. Faites confiance \u00e0 SX pour tous vos besoins de fabrication de bo\u00eetiers de c\u00e2bles et profitez de la tranquillit\u00e9 d&#039;esprit que procure le fait de savoir que vos c\u00e2bles sont stock\u00e9s en toute s\u00e9curit\u00e9 et pr\u00eats \u00e0 l&#039;emploi.<\/p>\n<p>Choisissez SX et am\u00e9liorez vos solutions de gestion des c\u00e2bles avec nos bo\u00eetiers de c\u00e2bles haut de gamme et personnalisables.<\/p>\n<p><strong>Emballage et exp\u00e9dition<\/strong><\/p>\n<section class=\"table-wrap\">\n<table class=\"table\" width=\"100%\" cellspacing=\"0\" cellpadding=\"0\">\n<tbody>\n<tr class=\"firstRow\">\n<td colspan=\"3\" width=\"100%\">Emballage et exp\u00e9dition<\/td>\n<\/tr>\n<tr>\n<td rowspan=\"3\" width=\"33%\">D\u00e9lai de livraison<\/td>\n<td width=\"33%\">Par mer<\/td>\n<td width=\"33%\">15-60 jours<\/td>\n<\/tr>\n<tr>\n<td width=\"33%\">Par avion<\/td>\n<td width=\"33%\">4-9 jours<\/td>\n<\/tr>\n<tr>\n<td width=\"33%\">Par expr\u00e8s<\/td>\n<td width=\"33%\">4-9 jours<\/td>\n<\/tr>\n<tr>\n<td width=\"33%\">D\u00e9lai de livraison<\/td>\n<td colspan=\"2\" width=\"66%\">7 \u00e0 15 heures ouvrables ou selon vos besoins<\/td>\n<\/tr>\n<tr>\n<td width=\"33%\">Conditionnement<\/td>\n<td colspan=\"2\" width=\"66%\">Par carton ou selon vos besoins<\/td>\n<\/tr>\n<\/tbody>\n<\/table>\n<\/section>\n<p><strong>FAQ<\/strong><\/p>\n<p>Q\u00a0: Quel poids peut-il supporter\u00a0?<\/p>\n<p>R : Nous avons test\u00e9 pour 200 kg. Cela peut prendre plus<\/p>\n<p>Q : Quelles sont les dimensions ?<\/p>\n<p>R : Nous pouvons fabriquer diff\u00e9rentes dimensions selon les besoins de la personnalisation pour contenir l&#039;\u00e9quipement.<\/p>\n<p>Q : Quel mode de paiement pouvez-vous accepter ?<\/p>\n<p>R : T\/T, Western Union, etc. Nous acceptons toute condition de paiement pratique et rapide.<\/p>\n<p>\u00c9tiquettes populaires: prix bas, en stock, \u00e9chantillon gratuit, c\u00e2ble d&#039;alimentation et de signal, fil \u00e0 4 conducteurs de calibre 16, \u00e9tui pour pied de microphone, armoire d&#039;affichage LED ext\u00e9rieure, montage en rack, mallettes de vol pour mixeur \u00e0 montage en rack 19 pouces, bo\u00eete de distribution \u00e9lectrique, Chine, fournisseurs, usine, personnalis\u00e9, vente en gros, <span style=\"color: #993366;\"><a style=\"color: #993366;\" href=\"https:\/\/sxflightcase.com\/fr\/product-category\/all-product\/power-distribution-boxes\/\">bo\u00eetes d&#039;alimentation<\/a>,\u00a0<a style=\"color: #993366;\" href=\"https:\/\/sxflightcase.com\/fr\/product-category\/all-product\/hoist-controllers\/\">c\u00e2bles d&#039;alimentation<\/a>,\u00a0<a style=\"color: #993366;\" href=\"https:\/\/sxflightcase.com\/fr\/product-category\/all-product\/hoist-controllers\/\">contr\u00f4leurs de levage<\/a>,\u00a0<a style=\"color: #993366;\" href=\"https:\/\/sxflightcase.com\/fr\/product-category\/all-product\/flight-case\/\">mallettes de vol.<\/a><\/span><\/p>","protected":false},"excerpt":{"rendered":"<h2 class=\"prodetails-name\">\u00c9tui pour c\u00e2ble<\/h2>\n<p>Ce bo\u00eetier de c\u00e2bles est parfait pour les c\u00e2bles et les \u00e9quipements importants qui ont besoin d&#039;une protection de qualit\u00e9 et d&#039;un transport fluide et sans effort. Les roulettes en caoutchouc robustes vous permettent de vous d\u00e9placer sans vous soucier de l&#039;int\u00e9grit\u00e9 de votre \u00e9quipement gr\u00e2ce \u00e0 des caract\u00e9ristiques ax\u00e9es sur la durabilit\u00e9 telles que les coins \u00e0 billes robustes et les loquets papillon. Ce bo\u00eetier flexible peut contenir toutes sortes d&#039;\u00e9quipements ou d&#039;accessoires sans vous ruiner ni vous ruiner !<\/p>\n<h2><strong>Pr\u00e9sentation de la production<\/strong><\/h2>\n<p>\u2022 Type : Couvercle \u00e0 charni\u00e8re<\/p>\n<p>\u2022 Mat\u00e9riau : contreplaqu\u00e9 stratifi\u00e9 noir de 12 mm<\/p>\n<p>\u2022 Dimensions ext\u00e9rieures : l 1200 mm x p 600 mm x h 600 mm<\/p>\n<p>\u2022 Mousse : Mousse EVA dure<\/p>\n<p>\u2022 Tr\u00e8s r\u00e9sistant <a class=\"wpil_keyword_link\" href=\"https:\/\/sxpowercase.com\/product-category\/all-product\/flight-case\/\" target=\"_blank\" rel=\"noopener\" title=\"\u00e9tui de transport\" data-wpil-keyword-link=\"linked\" data-wpil-monitor-id=\"417\">\u00e9tui de transport<\/a> accessoires<\/p>\n<p>\u2022 Roulettes : roulettes en caoutchouc de 4\u2033 de 100 mm mont\u00e9es (x2 avec freins)<\/p>","protected":false},"featured_media":1778,"comment_status":"open","ping_status":"closed","template":"","meta":[],"product_brand":[],"product_cat":[36],"product_tag":[],"class_list":{"0":"post-1774","1":"product","2":"type-product","3":"status-publish","4":"has-post-thumbnail","6":"product_cat-cables-cases","8":"first","9":"instock","10":"shipping-taxable","11":"product-type-simple"},"yoast_head":"<!-- This site is optimized with the Yoast SEO Premium plugin v27.1 (Yoast SEO v27.2) - https:\/\/yoast.com\/product\/yoast-seo-premium-wordpress\/ -->\n<title>Cable Case Manufacture Manufacture- https:\/\/sxflightcase.com<\/title>\n<meta name=\"description\" content=\"Cable Case Manufacture: Discover our factory-direct options for professional customization, perfect for organizing and managing cables efficiently.\" \/>\n<meta name=\"robots\" content=\"index, follow, max-snippet:-1, max-image-preview:large, max-video-preview:-1\" \/>\n<link rel=\"canonical\" href=\"https:\/\/sxflightcase.com\/fr\/\u0645\u0646\u062a\u062c\/\u0639\u0644\u0628\u0629-\u0627\u0644\u0643\u0627\u0628\u0644\/\" \/>\n<meta property=\"og:locale\" content=\"fr_FR\" \/>\n<meta property=\"og:type\" content=\"article\" \/>\n<meta property=\"og:title\" content=\"Cable Case Manufacture\" \/>\n<meta property=\"og:description\" content=\"Cable Case Manufacture: Discover our factory-direct options for professional customization, perfect for organizing and managing cables efficiently.\" \/>\n<meta property=\"og:url\" content=\"https:\/\/sxflightcase.com\/fr\/\u0645\u0646\u062a\u062c\/\u0639\u0644\u0628\u0629-\u0627\u0644\u0643\u0627\u0628\u0644\/\" \/>\n<meta property=\"og:site_name\" content=\"https:\/\/sxflightcase.com\" \/>\n<meta property=\"article:publisher\" content=\"https:\/\/www.facebook.com\/profile.php?id=61560407257971\" \/>\n<meta property=\"article:modified_time\" content=\"2024-06-20T02:28:08+00:00\" \/>\n<meta property=\"og:image\" content=\"https:\/\/sxflightcase.com\/wp-content\/uploads\/2024\/05\/cable-case46234394331.webp\" \/>\n\t<meta property=\"og:image:width\" content=\"730\" \/>\n\t<meta property=\"og:image:height\" content=\"730\" \/>\n\t<meta property=\"og:image:type\" content=\"image\/webp\" \/>\n<meta name=\"twitter:card\" content=\"summary_large_image\" \/>\n<meta name=\"twitter:label1\" content=\"Dur\u00e9e de lecture estim\u00e9e\" \/>\n\t<meta name=\"twitter:data1\" content=\"5 minutes\" \/>\n<script type=\"application\/ld+json\" class=\"yoast-schema-graph\">{\"@context\":\"https:\/\/schema.org\",\"@graph\":[{\"@type\":\"WebPage\",\"@id\":\"https:\/\/sxflightcase.com\/ary\/\u0645\u0646\u062a\u062c\/\u0639\u0644\u0628\u0629-\u0627\u0644\u0643\u0627\u0628\u0644\/\",\"url\":\"https:\/\/sxflightcase.com\/ary\/\u0645\u0646\u062a\u062c\/\u0639\u0644\u0628\u0629-\u0627\u0644\u0643\u0627\u0628\u0644\/\",\"name\":\"Cable Case Manufacture Manufacture- https:\/\/sxflightcase.com\",\"isPartOf\":{\"@id\":\"https:\/\/sxflightcase.com\/th\/#website\"},\"primaryImageOfPage\":{\"@id\":\"https:\/\/sxflightcase.com\/ary\/\u0645\u0646\u062a\u062c\/\u0639\u0644\u0628\u0629-\u0627\u0644\u0643\u0627\u0628\u0644\/#primaryimage\"},\"image\":{\"@id\":\"https:\/\/sxflightcase.com\/ary\/\u0645\u0646\u062a\u062c\/\u0639\u0644\u0628\u0629-\u0627\u0644\u0643\u0627\u0628\u0644\/#primaryimage\"},\"thumbnailUrl\":\"https:\/\/sxflightcase.com\/wp-content\/uploads\/2024\/05\/cable-case46234394331.webp\",\"datePublished\":\"2024-05-10T06:28:50+00:00\",\"dateModified\":\"2024-06-20T02:28:08+00:00\",\"description\":\"Cable Case Manufacture: Discover our factory-direct options for professional customization, perfect for organizing and managing cables efficiently.\",\"breadcrumb\":{\"@id\":\"https:\/\/sxflightcase.com\/ary\/\u0645\u0646\u062a\u062c\/\u0639\u0644\u0628\u0629-\u0627\u0644\u0643\u0627\u0628\u0644\/#breadcrumb\"},\"inLanguage\":\"fr-FR\",\"potentialAction\":[{\"@type\":\"ReadAction\",\"target\":[\"https:\/\/sxflightcase.com\/ary\/\u0645\u0646\u062a\u062c\/\u0639\u0644\u0628\u0629-\u0627\u0644\u0643\u0627\u0628\u0644\/\"]}]},{\"@type\":\"ImageObject\",\"inLanguage\":\"fr-FR\",\"@id\":\"https:\/\/sxflightcase.com\/ary\/\u0645\u0646\u062a\u062c\/\u0639\u0644\u0628\u0629-\u0627\u0644\u0643\u0627\u0628\u0644\/#primaryimage\",\"url\":\"https:\/\/sxflightcase.com\/wp-content\/uploads\/2024\/05\/cable-case46234394331.webp\",\"contentUrl\":\"https:\/\/sxflightcase.com\/wp-content\/uploads\/2024\/05\/cable-case46234394331.webp\",\"width\":730,\"height\":730,\"caption\":\"Cable Case Manufacture\"},{\"@type\":\"BreadcrumbList\",\"@id\":\"https:\/\/sxflightcase.com\/ary\/\u0645\u0646\u062a\u062c\/\u0639\u0644\u0628\u0629-\u0627\u0644\u0643\u0627\u0628\u0644\/#breadcrumb\",\"itemListElement\":[{\"@type\":\"ListItem\",\"position\":1,\"name\":\"Home\",\"item\":\"https:\/\/sxflightcase.com\/\"},{\"@type\":\"ListItem\",\"position\":2,\"name\":\"\u0e2a\u0e34\u0e19\u0e04\u0e49\u0e32\",\"item\":\"https:\/\/sxflightcase.com\/th\/shop\/\"},{\"@type\":\"ListItem\",\"position\":3,\"name\":\"Cable Case Manufacture\"}]},{\"@type\":\"WebSite\",\"@id\":\"https:\/\/sxflightcase.com\/th\/#website\",\"url\":\"https:\/\/sxflightcase.com\/th\/\",\"name\":\"sxpowercase.com\",\"description\":\"Flight Case Factory\",\"publisher\":{\"@id\":\"https:\/\/sxflightcase.com\/th\/#organization\"},\"potentialAction\":[{\"@type\":\"SearchAction\",\"target\":{\"@type\":\"EntryPoint\",\"urlTemplate\":\"https:\/\/sxflightcase.com\/th\/?s={search_term_string}\"},\"query-input\":{\"@type\":\"PropertyValueSpecification\",\"valueRequired\":true,\"valueName\":\"search_term_string\"}}],\"inLanguage\":\"fr-FR\"},{\"@type\":\"Organization\",\"@id\":\"https:\/\/sxflightcase.com\/th\/#organization\",\"name\":\"sxpowercase.com\",\"url\":\"https:\/\/sxflightcase.com\/th\/\",\"logo\":{\"@type\":\"ImageObject\",\"inLanguage\":\"fr-FR\",\"@id\":\"https:\/\/sxflightcase.com\/th\/#\/schema\/logo\/image\/\",\"url\":\"https:\/\/sxflightcase.com\/wp-content\/uploads\/2024\/04\/1713919036007.jpg\",\"contentUrl\":\"https:\/\/sxflightcase.com\/wp-content\/uploads\/2024\/04\/1713919036007.jpg\",\"width\":382,\"height\":388,\"caption\":\"sxpowercase.com\"},\"image\":{\"@id\":\"https:\/\/sxflightcase.com\/th\/#\/schema\/logo\/image\/\"},\"sameAs\":[\"https:\/\/www.facebook.com\/profile.php?id=61560407257971\"],\"numberOfEmployees\":{\"@type\":\"QuantitativeValue\",\"minValue\":\"11\",\"maxValue\":\"50\"}}]}<\/script>\n<!-- \/ Yoast SEO Premium plugin. -->","yoast_head_json":{"title":"Cable Case Manufacture Manufacture- https:\/\/sxflightcase.com","description":"Fabrication de bo\u00eetiers de c\u00e2bles : D\u00e9couvrez nos options directes d&#039;usine pour une personnalisation professionnelle, parfaites pour organiser et g\u00e9rer efficacement les c\u00e2bles.","robots":{"index":"index","follow":"follow","max-snippet":"max-snippet:-1","max-image-preview":"max-image-preview:large","max-video-preview":"max-video-preview:-1"},"canonical":"https:\/\/sxflightcase.com\/fr\/\u0645\u0646\u062a\u062c\/\u0639\u0644\u0628\u0629-\u0627\u0644\u0643\u0627\u0628\u0644\/","og_locale":"fr_FR","og_type":"article","og_title":"Cable Case Manufacture","og_description":"Cable Case Manufacture: Discover our factory-direct options for professional customization, perfect for organizing and managing cables efficiently.","og_url":"https:\/\/sxflightcase.com\/fr\/\u0645\u0646\u062a\u062c\/\u0639\u0644\u0628\u0629-\u0627\u0644\u0643\u0627\u0628\u0644\/","og_site_name":"https:\/\/sxflightcase.com","article_publisher":"https:\/\/www.facebook.com\/profile.php?id=61560407257971","article_modified_time":"2024-06-20T02:28:08+00:00","og_image":[{"width":730,"height":730,"url":"https:\/\/sxflightcase.com\/wp-content\/uploads\/2024\/05\/cable-case46234394331.webp","type":"image\/webp"}],"twitter_card":"summary_large_image","twitter_misc":{"Dur\u00e9e de lecture estim\u00e9e":"5 minutes"},"schema":{"@context":"https:\/\/schema.org","@graph":[{"@type":"WebPage","@id":"https:\/\/sxflightcase.com\/ary\/\u0645\u0646\u062a\u062c\/\u0639\u0644\u0628\u0629-\u0627\u0644\u0643\u0627\u0628\u0644\/","url":"https:\/\/sxflightcase.com\/ary\/\u0645\u0646\u062a\u062c\/\u0639\u0644\u0628\u0629-\u0627\u0644\u0643\u0627\u0628\u0644\/","name":"Cable Case Manufacture Manufacture- https:\/\/sxflightcase.com","isPartOf":{"@id":"https:\/\/sxflightcase.com\/th\/#website"},"primaryImageOfPage":{"@id":"https:\/\/sxflightcase.com\/ary\/\u0645\u0646\u062a\u062c\/\u0639\u0644\u0628\u0629-\u0627\u0644\u0643\u0627\u0628\u0644\/#primaryimage"},"image":{"@id":"https:\/\/sxflightcase.com\/ary\/\u0645\u0646\u062a\u062c\/\u0639\u0644\u0628\u0629-\u0627\u0644\u0643\u0627\u0628\u0644\/#primaryimage"},"thumbnailUrl":"https:\/\/sxflightcase.com\/wp-content\/uploads\/2024\/05\/cable-case46234394331.webp","datePublished":"2024-05-10T06:28:50+00:00","dateModified":"2024-06-20T02:28:08+00:00","description":"Fabrication de bo\u00eetiers de c\u00e2bles : D\u00e9couvrez nos options directes d&#039;usine pour une personnalisation professionnelle, parfaites pour organiser et g\u00e9rer efficacement les c\u00e2bles.","breadcrumb":{"@id":"https:\/\/sxflightcase.com\/ary\/\u0645\u0646\u062a\u062c\/\u0639\u0644\u0628\u0629-\u0627\u0644\u0643\u0627\u0628\u0644\/#breadcrumb"},"inLanguage":"fr-FR","potentialAction":[{"@type":"ReadAction","target":["https:\/\/sxflightcase.com\/ary\/\u0645\u0646\u062a\u062c\/\u0639\u0644\u0628\u0629-\u0627\u0644\u0643\u0627\u0628\u0644\/"]}]},{"@type":"ImageObject","inLanguage":"fr-FR","@id":"https:\/\/sxflightcase.com\/ary\/\u0645\u0646\u062a\u062c\/\u0639\u0644\u0628\u0629-\u0627\u0644\u0643\u0627\u0628\u0644\/#primaryimage","url":"https:\/\/sxflightcase.com\/wp-content\/uploads\/2024\/05\/cable-case46234394331.webp","contentUrl":"https:\/\/sxflightcase.com\/wp-content\/uploads\/2024\/05\/cable-case46234394331.webp","width":730,"height":730,"caption":"Cable Case Manufacture"},{"@type":"BreadcrumbList","@id":"https:\/\/sxflightcase.com\/ary\/\u0645\u0646\u062a\u062c\/\u0639\u0644\u0628\u0629-\u0627\u0644\u0643\u0627\u0628\u0644\/#breadcrumb","itemListElement":[{"@type":"ListItem","position":1,"name":"Home","item":"https:\/\/sxflightcase.com\/"},{"@type":"ListItem","position":2,"name":"\u0e2a\u0e34\u0e19\u0e04\u0e49\u0e32","item":"https:\/\/sxflightcase.com\/th\/shop\/"},{"@type":"ListItem","position":3,"name":"Cable Case Manufacture"}]},{"@type":"WebSite","@id":"https:\/\/sxflightcase.com\/th\/#website","url":"https:\/\/sxflightcase.com\/th\/","name":"sxpowercase.com","description":"Flight Case Factory","publisher":{"@id":"https:\/\/sxflightcase.com\/th\/#organization"},"potentialAction":[{"@type":"SearchAction","target":{"@type":"EntryPoint","urlTemplate":"https:\/\/sxflightcase.com\/th\/?s={search_term_string}"},"query-input":{"@type":"PropertyValueSpecification","valueRequired":true,"valueName":"search_term_string"}}],"inLanguage":"fr-FR"},{"@type":"Organization","@id":"https:\/\/sxflightcase.com\/th\/#organization","name":"sxpowercase.com","url":"https:\/\/sxflightcase.com\/th\/","logo":{"@type":"ImageObject","inLanguage":"fr-FR","@id":"https:\/\/sxflightcase.com\/th\/#\/schema\/logo\/image\/","url":"https:\/\/sxflightcase.com\/wp-content\/uploads\/2024\/04\/1713919036007.jpg","contentUrl":"https:\/\/sxflightcase.com\/wp-content\/uploads\/2024\/04\/1713919036007.jpg","width":382,"height":388,"caption":"sxpowercase.com"},"image":{"@id":"https:\/\/sxflightcase.com\/th\/#\/schema\/logo\/image\/"},"sameAs":["https:\/\/www.facebook.com\/profile.php?id=61560407257971"],"numberOfEmployees":{"@type":"QuantitativeValue","minValue":"11","maxValue":"50"}}]}},"_links":{"self":[{"href":"https:\/\/sxflightcase.com\/fr\/wp-json\/wp\/v2\/product\/1774","targetHints":{"allow":["GET"]}}],"collection":[{"href":"https:\/\/sxflightcase.com\/fr\/wp-json\/wp\/v2\/product"}],"about":[{"href":"https:\/\/sxflightcase.com\/fr\/wp-json\/wp\/v2\/types\/product"}],"replies":[{"embeddable":true,"href":"https:\/\/sxflightcase.com\/fr\/wp-json\/wp\/v2\/comments?post=1774"}],"version-history":[{"count":0,"href":"https:\/\/sxflightcase.com\/fr\/wp-json\/wp\/v2\/product\/1774\/revisions"}],"wp:featuredmedia":[{"embeddable":true,"href":"https:\/\/sxflightcase.com\/fr\/wp-json\/wp\/v2\/media\/1778"}],"wp:attachment":[{"href":"https:\/\/sxflightcase.com\/fr\/wp-json\/wp\/v2\/media?parent=1774"}],"wp:term":[{"taxonomy":"product_brand","embeddable":true,"href":"https:\/\/sxflightcase.com\/fr\/wp-json\/wp\/v2\/product_brand?post=1774"},{"taxonomy":"product_cat","embeddable":true,"href":"https:\/\/sxflightcase.com\/fr\/wp-json\/wp\/v2\/product_cat?post=1774"},{"taxonomy":"product_tag","embeddable":true,"href":"https:\/\/sxflightcase.com\/fr\/wp-json\/wp\/v2\/product_tag?post=1774"}],"curies":[{"name":"wp","href":"https:\/\/api.w.org\/{rel}","templated":true}]}}