{"id":1782,"date":"2024-05-10T07:41:07","date_gmt":"2024-05-10T06:41:07","guid":{"rendered":"https:\/\/sxpowercase.com\/?post_type=product&#038;p=1782"},"modified":"2024-06-20T03:31:21","modified_gmt":"2024-06-20T02:31:21","slug":"display-flight-case","status":"publish","type":"product","link":"https:\/\/sxflightcase.com\/fr\/produit\/flight-case-dexposition-2\/","title":{"rendered":"Flight-case d&#039;exposition"},"content":{"rendered":"<p><strong>Param\u00e8tre du produit (sp\u00e9cification)<\/strong><\/p>\n<section class=\"table-wrap\">\n<table class=\"table\" width=\"100%\" cellspacing=\"0\" cellpadding=\"0\">\n<tbody>\n<tr class=\"firstRow\">\n<td width=\"134\">Nom du produit:<\/td>\n<td width=\"503\">Pr\u00e9sentoir flight case<\/td>\n<\/tr>\n<tr>\n<td width=\"134\">Mat\u00e9riau :<\/td>\n<td width=\"503\">Contreplaqu\u00e9 + Quincaillerie chrom\u00e9e\/zingu\u00e9e + Profil\u00e9 en aluminium<\/td>\n<\/tr>\n<tr>\n<td width=\"134\">Doublure en mousse :<\/td>\n<td width=\"503\">Mousse perl\u00e9e \/ mousse EVA \/ mousse \u00e0 \u0153ufs, etc., standard ou sur demande<\/td>\n<\/tr>\n<tr>\n<td width=\"134\">Couleur:<\/td>\n<td width=\"503\">Noir, rouge, bleu, orange, jaune, vert, etc.<\/td>\n<\/tr>\n<tr>\n<td width=\"134\">D\u00e9lai de mise en \u0153uvre:<\/td>\n<td width=\"503\">Commande d'\u00e9chantillons 5 jours, commande normale 7-15 jours<\/td>\n<\/tr>\n<tr>\n<td width=\"134\">Dimension:<\/td>\n<td width=\"503\">D\u00e9pend de la dimension de l&#039;\u00e9quipement<\/td>\n<\/tr>\n<\/tbody>\n<\/table>\n<\/section>\n<h1>\u00c9levez votre \u00e9quipement avec le Flight Case SX's Display<\/h1>\n<h2>Une solution de stockage s\u00fbre et \u00e9l\u00e9gante<\/h2>\n<p>Voici la derni\u00e8re innovation de SX, le <strong>Affichage <a class=\"wpil_keyword_link\" href=\"https:\/\/sxpowercase.com\/product-category\/all-product\/flight-case\/\" target=\"_blank\" rel=\"noopener\" title=\"\u00c9tui de transport\" data-wpil-keyword-link=\"linked\" data-wpil-monitor-id=\"418\">\u00c9tui de transport<\/a><\/strong>. Con\u00e7ue pour les professionnels et les passionn\u00e9s, cette mallette allie une s\u00e9curit\u00e9 robuste \u00e0 une esth\u00e9tique \u00e9l\u00e9gante pour prot\u00e9ger votre \u00e9quipement de valeur pendant le transport et la pr\u00e9sentation.<\/p>\n<h2>Adapt\u00e9 \u00e0 vos besoins<\/h2>\n<h3>Options de conception personnalisables<\/h3>\n<p>\u00c0 <a href=\"https:\/\/sxpowercase.com\/\" target=\"_blank\" rel=\"noopener\" title=\"SX\" data-wpil-monitor-id=\"125\">SX<\/a>Nous comprenons que chaque client a des exigences uniques. Nos vitrines sont enti\u00e8rement personnalisables, ce qui vous permet de choisir parmi une gamme de tailles, de mat\u00e9riaux et de configurations int\u00e9rieures. Que vous transportiez des instruments d\u00e9licats ou que vous pr\u00e9sentiez des marchandises lors d'\u00e9v\u00e9nements, SX s'assure que votre mallette r\u00e9pond \u00e0 toutes vos sp\u00e9cifications.<\/p>\n<h2>En direct de notre usine<\/h2>\n<h3>Avantage de la vente directe en usine<\/h3>\n<p>En achetant directement aupr\u00e8s de SX, vous b\u00e9n\u00e9ficiez de prix comp\u00e9titifs et d'une qualit\u00e9 sup\u00e9rieure. Notre mod\u00e8le de vente directe \u00e0 l'usine \u00e9limine les co\u00fbts inutiles, ce qui vous garantit de recevoir un flight case de qualit\u00e9 sup\u00e9rieure sans le prix \u00e9lev\u00e9. Investissez dans une mallette qui prot\u00e8ge votre mat\u00e9riel et met en valeur votre image professionnelle.<\/p>\n<h2>Artisanat et durabilit\u00e9<\/h2>\n<h3>Con\u00e7u pour durer<\/h3>\n<p>Les Flight Cases de SX Display sont fabriqu\u00e9s avec pr\u00e9cision dans des mat\u00e9riaux durables qui r\u00e9sistent aux rigueurs du voyage et de l'utilisation quotidienne. Notre engagement en faveur d'une fabrication de qualit\u00e9 garantit la s\u00e9curit\u00e9 de votre \u00e9quipement, quel que soit l'endroit o\u00f9 vous voyagez.<\/p>\n<h2>Am\u00e9liorez votre image de marque<\/h2>\n<h3>Pr\u00e9sentation professionnelle<\/h3>\n<p>Que vous soyez musicien, photographe ou exposant, la pr\u00e9sentation de votre \u00e9quipement dans une Flight Case SX Display est synonyme de professionnalisme et de fiabilit\u00e9. Impressionnez vos clients et coll\u00e8gues avec une mallette qui non seulement prot\u00e8ge mais aussi am\u00e9liore la pr\u00e9sentation de votre mat\u00e9riel de valeur.<\/p>\n<hr \/>\n<p>Am\u00e9liorez votre \u00e9quipement et votre image avec le Flight Case de SX. Contactez-nous d\u00e8s aujourd'hui pour explorer les options de personnalisation et obtenir la mallette id\u00e9ale pour le transport et la pr\u00e9sentation de votre \u00e9quipement.<\/p>\n<p><strong>FAQ<\/strong><\/p>\n<p>Q : Comment puis-je obtenir un \u00e9chantillon ?<\/p>\n<p>R : En g\u00e9n\u00e9ral, l'\u00e9chantillon est factur\u00e9, mais nous le remboursons. Si vous commandez une grande quantit\u00e9, l'\u00e9chantillon sera livr\u00e9 par courrier express, tel que DHL, TNT, FEDEX, EMS, etc.<\/p>\n<p>Q : Faites-vous des cas sur mesure ?<\/p>\n<p>R : Oui. Avec environ 10 ans d'exp\u00e9rience en mati\u00e8re d'OEM\/ODM, nous pouvons vous aider \u00e0 concevoir<\/p>\n<p>le cas selon vos besoins gr\u00e2ce \u00e0 nos connaissances professionnelles.<\/p>\n<p>Q : Quel mode de paiement pouvez-vous accepter ?<\/p>\n<p>R : T\/T, Western Union, etc. Nous acceptons toute condition de paiement pratique et rapide.<\/p>\n<p>\u00c9tiquettes populaires: prix bas, en stock, \u00e9chantillon gratuit, c\u00e2ble d&#039;alimentation et de signal, fil \u00e0 4 conducteurs de calibre 16, \u00e9tui pour pied de microphone, armoire d&#039;affichage LED ext\u00e9rieure, montage en rack, mallettes de vol pour mixeur \u00e0 montage en rack 19 pouces, bo\u00eete de distribution \u00e9lectrique, Chine, fournisseurs, usine, personnalis\u00e9, vente en gros, <span style=\"color: #993366;\"><a style=\"color: #993366;\" href=\"https:\/\/sxflightcase.com\/fr\/product-category\/all-product\/power-distribution-boxes\/\">bo\u00eetes d&#039;alimentation<\/a>,\u00a0<a style=\"color: #993366;\" href=\"https:\/\/sxflightcase.com\/fr\/product-category\/all-product\/hoist-controllers\/\">c\u00e2bles d&#039;alimentation<\/a>,\u00a0<a style=\"color: #993366;\" href=\"https:\/\/sxflightcase.com\/fr\/product-category\/all-product\/hoist-controllers\/\">contr\u00f4leurs de levage<\/a>,\u00a0<a style=\"color: #993366;\" href=\"https:\/\/sxflightcase.com\/fr\/product-category\/all-product\/flight-case\/\">mallettes de vol.<\/a><\/span><\/p>","protected":false},"excerpt":{"rendered":"<h2 class=\"prodetails-name\">Flight-case d&#039;exposition<\/h2>\n<p>Ce pr\u00e9sentoir est parfait pour exposer toutes sortes d'\u00e9chantillons tels que des bijoux, des \u0153uvres d'art, des v\u00eatements, etc. pour la publicit\u00e9, l'affichage, l'exposition, la promotion de carreaux.<\/p>\n<h2><strong>Pr\u00e9sentation de la production<\/strong><\/h2>\n<p>- Convient \u00e0 tous les petits \u00e9chantillons selon la demande du client<\/p>\n<p>- Contreplaqu\u00e9 stratifi\u00e9 ignifug\u00e9 de 12 mm<\/p>\n<p>- Extrusions d'aluminium de 35x35x3mm avec rivets<\/p>\n<p>- Grandes boules d'angle, en quinconce<\/p>\n<p>- Coins en L \u00e0 6 trous<\/p>\n<p>- Extrusions pour le positionnement s\u00fbr et la fermeture du couvercle, m\u00e2le\/femelle 12mm<\/p>","protected":false},"featured_media":1783,"comment_status":"open","ping_status":"closed","template":"","meta":[],"product_brand":[],"product_cat":[41],"product_tag":[],"class_list":{"0":"post-1782","1":"product","2":"type-product","3":"status-publish","4":"has-post-thumbnail","6":"product_cat-equipment-cases","8":"first","9":"instock","10":"shipping-taxable","11":"product-type-simple"},"yoast_head":"<!-- This site is optimized with the Yoast SEO Premium plugin v27.1 (Yoast SEO v27.2) - https:\/\/yoast.com\/product\/yoast-seo-premium-wordpress\/ -->\n<title>Display Flight Case - https:\/\/sxflightcase.com \ud83d\udc97<\/title>\n<meta name=\"description\" content=\"Display Flight Case: Discover our factory-direct options for professional customization, perfect for protecting and showcasing your valuable display items with style and reliability.\" \/>\n<meta name=\"robots\" content=\"index, follow, max-snippet:-1, max-image-preview:large, max-video-preview:-1\" \/>\n<link rel=\"canonical\" href=\"https:\/\/sxflightcase.com\/fr\/san-pham\/display-flight-case\/\" \/>\n<meta property=\"og:locale\" content=\"fr_FR\" \/>\n<meta property=\"og:type\" content=\"article\" \/>\n<meta property=\"og:title\" content=\"Display Flight Case\" \/>\n<meta property=\"og:description\" content=\"Display Flight Case: Discover our factory-direct options for professional customization, perfect for protecting and showcasing your valuable display items with style and reliability.\" \/>\n<meta property=\"og:url\" content=\"https:\/\/sxflightcase.com\/fr\/san-pham\/display-flight-case\/\" \/>\n<meta property=\"og:site_name\" content=\"https:\/\/sxflightcase.com\" \/>\n<meta property=\"article:publisher\" content=\"https:\/\/www.facebook.com\/profile.php?id=61560407257971\" \/>\n<meta property=\"article:modified_time\" content=\"2024-06-20T02:31:21+00:00\" \/>\n<meta property=\"og:image\" content=\"https:\/\/sxflightcase.com\/wp-content\/uploads\/2024\/05\/display-flight-case57542103130.webp\" \/>\n\t<meta property=\"og:image:width\" content=\"700\" \/>\n\t<meta property=\"og:image:height\" content=\"700\" \/>\n\t<meta property=\"og:image:type\" content=\"image\/webp\" \/>\n<meta name=\"twitter:card\" content=\"summary_large_image\" \/>\n<meta name=\"twitter:label1\" content=\"Dur\u00e9e de lecture estim\u00e9e\" \/>\n\t<meta name=\"twitter:data1\" content=\"3 minutes\" \/>\n<script type=\"application\/ld+json\" class=\"yoast-schema-graph\">{\"@context\":\"https:\/\/schema.org\",\"@graph\":[{\"@type\":\"WebPage\",\"@id\":\"https:\/\/sxflightcase.com\/vi\/san-pham\/display-flight-case\/\",\"url\":\"https:\/\/sxflightcase.com\/vi\/san-pham\/display-flight-case\/\",\"name\":\"Display Flight Case - https:\/\/sxflightcase.com \ud83d\udc97\",\"isPartOf\":{\"@id\":\"https:\/\/sxflightcase.com\/th\/#website\"},\"primaryImageOfPage\":{\"@id\":\"https:\/\/sxflightcase.com\/vi\/san-pham\/display-flight-case\/#primaryimage\"},\"image\":{\"@id\":\"https:\/\/sxflightcase.com\/vi\/san-pham\/display-flight-case\/#primaryimage\"},\"thumbnailUrl\":\"https:\/\/sxflightcase.com\/wp-content\/uploads\/2024\/05\/display-flight-case57542103130.webp\",\"datePublished\":\"2024-05-10T06:41:07+00:00\",\"dateModified\":\"2024-06-20T02:31:21+00:00\",\"description\":\"Display Flight Case: Discover our factory-direct options for professional customization, perfect for protecting and showcasing your valuable display items with style and reliability.\",\"breadcrumb\":{\"@id\":\"https:\/\/sxflightcase.com\/vi\/san-pham\/display-flight-case\/#breadcrumb\"},\"inLanguage\":\"fr-FR\",\"potentialAction\":[{\"@type\":\"ReadAction\",\"target\":[\"https:\/\/sxflightcase.com\/vi\/san-pham\/display-flight-case\/\"]}]},{\"@type\":\"ImageObject\",\"inLanguage\":\"fr-FR\",\"@id\":\"https:\/\/sxflightcase.com\/vi\/san-pham\/display-flight-case\/#primaryimage\",\"url\":\"https:\/\/sxflightcase.com\/wp-content\/uploads\/2024\/05\/display-flight-case57542103130.webp\",\"contentUrl\":\"https:\/\/sxflightcase.com\/wp-content\/uploads\/2024\/05\/display-flight-case57542103130.webp\",\"width\":700,\"height\":700,\"caption\":\"Display Flight Case\"},{\"@type\":\"BreadcrumbList\",\"@id\":\"https:\/\/sxflightcase.com\/vi\/san-pham\/display-flight-case\/#breadcrumb\",\"itemListElement\":[{\"@type\":\"ListItem\",\"position\":1,\"name\":\"Home\",\"item\":\"https:\/\/sxflightcase.com\/\"},{\"@type\":\"ListItem\",\"position\":2,\"name\":\"\u0e2a\u0e34\u0e19\u0e04\u0e49\u0e32\",\"item\":\"https:\/\/sxflightcase.com\/th\/shop\/\"},{\"@type\":\"ListItem\",\"position\":3,\"name\":\"Display Flight Case\"}]},{\"@type\":\"WebSite\",\"@id\":\"https:\/\/sxflightcase.com\/th\/#website\",\"url\":\"https:\/\/sxflightcase.com\/th\/\",\"name\":\"sxpowercase.com\",\"description\":\"Flight Case Factory\",\"publisher\":{\"@id\":\"https:\/\/sxflightcase.com\/th\/#organization\"},\"potentialAction\":[{\"@type\":\"SearchAction\",\"target\":{\"@type\":\"EntryPoint\",\"urlTemplate\":\"https:\/\/sxflightcase.com\/th\/?s={search_term_string}\"},\"query-input\":{\"@type\":\"PropertyValueSpecification\",\"valueRequired\":true,\"valueName\":\"search_term_string\"}}],\"inLanguage\":\"fr-FR\"},{\"@type\":\"Organization\",\"@id\":\"https:\/\/sxflightcase.com\/th\/#organization\",\"name\":\"sxpowercase.com\",\"url\":\"https:\/\/sxflightcase.com\/th\/\",\"logo\":{\"@type\":\"ImageObject\",\"inLanguage\":\"fr-FR\",\"@id\":\"https:\/\/sxflightcase.com\/th\/#\/schema\/logo\/image\/\",\"url\":\"https:\/\/sxflightcase.com\/wp-content\/uploads\/2024\/04\/1713919036007.jpg\",\"contentUrl\":\"https:\/\/sxflightcase.com\/wp-content\/uploads\/2024\/04\/1713919036007.jpg\",\"width\":382,\"height\":388,\"caption\":\"sxpowercase.com\"},\"image\":{\"@id\":\"https:\/\/sxflightcase.com\/th\/#\/schema\/logo\/image\/\"},\"sameAs\":[\"https:\/\/www.facebook.com\/profile.php?id=61560407257971\"],\"numberOfEmployees\":{\"@type\":\"QuantitativeValue\",\"minValue\":\"11\",\"maxValue\":\"50\"}}]}<\/script>\n<!-- \/ Yoast SEO Premium plugin. -->","yoast_head_json":{"title":"Display Flight Case - https:\/\/sxflightcase.com \ud83d\udc97","description":"Pr\u00e9sentoir Flight Case : D\u00e9couvrez nos options de personnalisation professionnelle en direct de l'usine, parfaites pour prot\u00e9ger et mettre en valeur vos objets d'exposition de valeur avec style et fiabilit\u00e9.","robots":{"index":"index","follow":"follow","max-snippet":"max-snippet:-1","max-image-preview":"max-image-preview:large","max-video-preview":"max-video-preview:-1"},"canonical":"https:\/\/sxflightcase.com\/fr\/san-pham\/display-flight-case\/","og_locale":"fr_FR","og_type":"article","og_title":"Display Flight Case","og_description":"Display Flight Case: Discover our factory-direct options for professional customization, perfect for protecting and showcasing your valuable display items with style and reliability.","og_url":"https:\/\/sxflightcase.com\/fr\/san-pham\/display-flight-case\/","og_site_name":"https:\/\/sxflightcase.com","article_publisher":"https:\/\/www.facebook.com\/profile.php?id=61560407257971","article_modified_time":"2024-06-20T02:31:21+00:00","og_image":[{"width":700,"height":700,"url":"https:\/\/sxflightcase.com\/wp-content\/uploads\/2024\/05\/display-flight-case57542103130.webp","type":"image\/webp"}],"twitter_card":"summary_large_image","twitter_misc":{"Dur\u00e9e de lecture estim\u00e9e":"3 minutes"},"schema":{"@context":"https:\/\/schema.org","@graph":[{"@type":"WebPage","@id":"https:\/\/sxflightcase.com\/vi\/san-pham\/display-flight-case\/","url":"https:\/\/sxflightcase.com\/vi\/san-pham\/display-flight-case\/","name":"Display Flight Case - https:\/\/sxflightcase.com \ud83d\udc97","isPartOf":{"@id":"https:\/\/sxflightcase.com\/th\/#website"},"primaryImageOfPage":{"@id":"https:\/\/sxflightcase.com\/vi\/san-pham\/display-flight-case\/#primaryimage"},"image":{"@id":"https:\/\/sxflightcase.com\/vi\/san-pham\/display-flight-case\/#primaryimage"},"thumbnailUrl":"https:\/\/sxflightcase.com\/wp-content\/uploads\/2024\/05\/display-flight-case57542103130.webp","datePublished":"2024-05-10T06:41:07+00:00","dateModified":"2024-06-20T02:31:21+00:00","description":"Pr\u00e9sentoir Flight Case : D\u00e9couvrez nos options de personnalisation professionnelle en direct de l'usine, parfaites pour prot\u00e9ger et mettre en valeur vos objets d'exposition de valeur avec style et fiabilit\u00e9.","breadcrumb":{"@id":"https:\/\/sxflightcase.com\/vi\/san-pham\/display-flight-case\/#breadcrumb"},"inLanguage":"fr-FR","potentialAction":[{"@type":"ReadAction","target":["https:\/\/sxflightcase.com\/vi\/san-pham\/display-flight-case\/"]}]},{"@type":"ImageObject","inLanguage":"fr-FR","@id":"https:\/\/sxflightcase.com\/vi\/san-pham\/display-flight-case\/#primaryimage","url":"https:\/\/sxflightcase.com\/wp-content\/uploads\/2024\/05\/display-flight-case57542103130.webp","contentUrl":"https:\/\/sxflightcase.com\/wp-content\/uploads\/2024\/05\/display-flight-case57542103130.webp","width":700,"height":700,"caption":"Display Flight Case"},{"@type":"BreadcrumbList","@id":"https:\/\/sxflightcase.com\/vi\/san-pham\/display-flight-case\/#breadcrumb","itemListElement":[{"@type":"ListItem","position":1,"name":"Home","item":"https:\/\/sxflightcase.com\/"},{"@type":"ListItem","position":2,"name":"\u0e2a\u0e34\u0e19\u0e04\u0e49\u0e32","item":"https:\/\/sxflightcase.com\/th\/shop\/"},{"@type":"ListItem","position":3,"name":"Display Flight Case"}]},{"@type":"WebSite","@id":"https:\/\/sxflightcase.com\/th\/#website","url":"https:\/\/sxflightcase.com\/th\/","name":"sxpowercase.com","description":"Flight Case Factory","publisher":{"@id":"https:\/\/sxflightcase.com\/th\/#organization"},"potentialAction":[{"@type":"SearchAction","target":{"@type":"EntryPoint","urlTemplate":"https:\/\/sxflightcase.com\/th\/?s={search_term_string}"},"query-input":{"@type":"PropertyValueSpecification","valueRequired":true,"valueName":"search_term_string"}}],"inLanguage":"fr-FR"},{"@type":"Organization","@id":"https:\/\/sxflightcase.com\/th\/#organization","name":"sxpowercase.com","url":"https:\/\/sxflightcase.com\/th\/","logo":{"@type":"ImageObject","inLanguage":"fr-FR","@id":"https:\/\/sxflightcase.com\/th\/#\/schema\/logo\/image\/","url":"https:\/\/sxflightcase.com\/wp-content\/uploads\/2024\/04\/1713919036007.jpg","contentUrl":"https:\/\/sxflightcase.com\/wp-content\/uploads\/2024\/04\/1713919036007.jpg","width":382,"height":388,"caption":"sxpowercase.com"},"image":{"@id":"https:\/\/sxflightcase.com\/th\/#\/schema\/logo\/image\/"},"sameAs":["https:\/\/www.facebook.com\/profile.php?id=61560407257971"],"numberOfEmployees":{"@type":"QuantitativeValue","minValue":"11","maxValue":"50"}}]}},"_links":{"self":[{"href":"https:\/\/sxflightcase.com\/fr\/wp-json\/wp\/v2\/product\/1782","targetHints":{"allow":["GET"]}}],"collection":[{"href":"https:\/\/sxflightcase.com\/fr\/wp-json\/wp\/v2\/product"}],"about":[{"href":"https:\/\/sxflightcase.com\/fr\/wp-json\/wp\/v2\/types\/product"}],"replies":[{"embeddable":true,"href":"https:\/\/sxflightcase.com\/fr\/wp-json\/wp\/v2\/comments?post=1782"}],"version-history":[{"count":0,"href":"https:\/\/sxflightcase.com\/fr\/wp-json\/wp\/v2\/product\/1782\/revisions"}],"wp:featuredmedia":[{"embeddable":true,"href":"https:\/\/sxflightcase.com\/fr\/wp-json\/wp\/v2\/media\/1783"}],"wp:attachment":[{"href":"https:\/\/sxflightcase.com\/fr\/wp-json\/wp\/v2\/media?parent=1782"}],"wp:term":[{"taxonomy":"product_brand","embeddable":true,"href":"https:\/\/sxflightcase.com\/fr\/wp-json\/wp\/v2\/product_brand?post=1782"},{"taxonomy":"product_cat","embeddable":true,"href":"https:\/\/sxflightcase.com\/fr\/wp-json\/wp\/v2\/product_cat?post=1782"},{"taxonomy":"product_tag","embeddable":true,"href":"https:\/\/sxflightcase.com\/fr\/wp-json\/wp\/v2\/product_tag?post=1782"}],"curies":[{"name":"wp","href":"https:\/\/api.w.org\/{rel}","templated":true}]}}