{"id":1786,"date":"2024-05-10T07:48:06","date_gmt":"2024-05-10T06:48:06","guid":{"rendered":"https:\/\/sxpowercase.com\/?post_type=product&#038;p=1786"},"modified":"2024-06-20T03:32:10","modified_gmt":"2024-06-20T02:32:10","slug":"mic-stand-carry-box","status":"publish","type":"product","link":"https:\/\/sxflightcase.com\/fr\/produit\/boite-de-transport-pour-pied-de-micro\/","title":{"rendered":"Bo\u00eete de transport pour pied de micro"},"content":{"rendered":"<h3><strong>Param\u00e8tre du produit (sp\u00e9cification)<\/strong><\/h3>\n<section class=\"table-wrap\">\n<table class=\"table\" width=\"100%\" cellspacing=\"0\" cellpadding=\"0\">\n<tbody>\n<tr class=\"firstRow\">\n<td width=\"134\">Nom du produit<\/td>\n<td width=\"504\">Bo\u00eete de transport pour pied de micro<\/td>\n<\/tr>\n<tr>\n<td width=\"134\">Mat\u00e9riaux<\/td>\n<td width=\"504\">Construction en contreplaqu\u00e9 lamin\u00e9 de 9 mm, avec quincaillerie plaqu\u00e9e de qualit\u00e9 commerciale, poign\u00e9es et loquets robustes, et coins \u00e0 rotule.<br \/>\nPoign\u00e9e de remorquage encastr\u00e9e \u00e0 ressort int\u00e9gr\u00e9e<br \/>\nLe rembourrage int\u00e9rieur en mousse EVA Ultra-Dur et les blocs permettent la ventilation de la partie inf\u00e9rieure de la planche.<\/td>\n<\/tr>\n<tr>\n<td width=\"134\">Couleur<\/td>\n<td width=\"504\">Noir, bleu, rouge ou personnalis\u00e9<\/td>\n<\/tr>\n<tr>\n<td width=\"134\">Usage<\/td>\n<td width=\"504\">Prot\u00e9ger le transport Stockage<\/td>\n<\/tr>\n<\/tbody>\n<\/table>\n<\/section>\n<p><strong>Emballage et exp\u00e9dition<\/strong><\/p>\n<section class=\"table-wrap\">\n<table class=\"table\" width=\"100%\" cellspacing=\"0\" cellpadding=\"0\">\n<tbody>\n<tr class=\"firstRow\">\n<td colspan=\"3\" width=\"100%\">Emballage et exp\u00e9dition<\/td>\n<\/tr>\n<tr>\n<td rowspan=\"3\" width=\"33%\">D\u00e9lai de livraison<\/td>\n<td width=\"33%\">Par mer<\/td>\n<td width=\"33%\">15-60 jours<\/td>\n<\/tr>\n<tr>\n<td width=\"33%\">Par avion<\/td>\n<td width=\"33%\">4-9 jours<\/td>\n<\/tr>\n<tr>\n<td width=\"33%\">Par expr\u00e8s<\/td>\n<td width=\"33%\">4-9 jours<\/td>\n<\/tr>\n<tr>\n<td width=\"33%\">D\u00e9lai de livraison<\/td>\n<td colspan=\"2\" width=\"66%\">7 \u00e0 15 heures ouvrables ou selon vos besoins<\/td>\n<\/tr>\n<tr>\n<td width=\"33%\">Conditionnement<\/td>\n<td colspan=\"2\" width=\"66%\">Par carton ou selon vos besoins<\/td>\n<\/tr>\n<\/tbody>\n<\/table>\n<\/section>\n<h1>Bo\u00eete de transport pour pied de micro SX : Votre compagnon fiable pour les concerts<\/h1>\n<h2>Solution portable et protectrice<\/h2>\n<p>Pr\u00e9sentation de la <strong>Bo\u00eete de transport pour pied de micro<\/strong> par <a href=\"https:\/\/sxpowercase.com\/\" target=\"_blank\" rel=\"noopener\" title=\"SX\" data-wpil-monitor-id=\"126\">SX<\/a>La bo\u00eete de transport est con\u00e7ue pour les musiciens et les artistes qui ont besoin d'un moyen pratique de transporter leurs pieds de micro en toute s\u00e9curit\u00e9. Que vous vous rendiez \u00e0 un concert ou \u00e0 une session d'enregistrement, notre bo\u00eete de transport garantit que votre \u00e9quipement arrive intact et pr\u00eat \u00e0 l'emploi.<\/p>\n<h2>Personnalis\u00e9 selon vos sp\u00e9cifications<\/h2>\n<h3>Options de conception sur mesure<\/h3>\n<p>Chez SX, nous comprenons que les musiciens ont des besoins vari\u00e9s. Nos bo\u00eetes de transport pour pieds de micro sont personnalisables pour s'adapter \u00e0 diff\u00e9rents types et tailles de pieds de micro. Choisissez parmi diff\u00e9rents mat\u00e9riaux et couleurs pour correspondre \u00e0 votre style et \u00e0 vos pr\u00e9f\u00e9rences, en veillant \u00e0 ce que votre mat\u00e9riel soit non seulement prot\u00e9g\u00e9, mais aussi \u00e0 ce qu'il refl\u00e8te votre marque personnelle.<\/p>\n<h2>Directement du fabricant<\/h2>\n<h3>Avantage de la vente directe en usine<\/h3>\n<p>En achetant directement aupr\u00e8s de SX, vous \u00e9vitez les interm\u00e9diaires et b\u00e9n\u00e9ficiez de prix comp\u00e9titifs et d'une fabrication de haute qualit\u00e9. Notre approche directe garantit que chaque bo\u00eete de transport pour pied de micro r\u00e9pond \u00e0 nos normes strictes en mati\u00e8re de durabilit\u00e9 et de fiabilit\u00e9, ce qui en fait un investissement judicieux pour votre voyage musical.<\/p>\n<h2>Construit pour durer<\/h2>\n<h3>Robuste et fiable<\/h3>\n<p>Fabriqu\u00e9es \u00e0 partir de mat\u00e9riaux robustes, les bo\u00eetes de transport de pieds de micro SX sont con\u00e7ues pour r\u00e9sister aux chocs du transport. Soyez assur\u00e9 que vos pieds de micro sont \u00e0 l'abri des dommages, que vous soyez en tourn\u00e9e ou que vous d\u00e9placiez simplement votre \u00e9quipement d'une salle \u00e0 l'autre.<\/p>\n<h2>Am\u00e9liorez vos performances<\/h2>\n<h3>Pr\u00e9sentation professionnelle<\/h3>\n<p>Une bo\u00eete de transport pour pied de micro SX ne prot\u00e8ge pas seulement votre \u00e9quipement, mais am\u00e9liore \u00e9galement l'image professionnelle de votre installation. Impressionnez votre public et vos coll\u00e8gues musiciens avec une bo\u00eete de transport \u00e9l\u00e9gante et fonctionnelle qui en dit long sur votre d\u00e9vouement \u00e0 votre m\u00e9tier.<\/p>\n<hr \/>\n<p>Veillez \u00e0 ce que vos pieds de micro soient toujours pr\u00eats pour les projecteurs gr\u00e2ce \u00e0 la bo\u00eete de transport pour pieds de micro de SX. Contactez-nous d\u00e8s aujourd'hui pour discuter des options de personnalisation et obtenir votre accessoire essentiel pour chaque concert.<\/p>\n<p><strong>FAQ<\/strong><\/p>\n<p>Q : Quel est votre service d'exp\u00e9dition ?<\/p>\n<p>R : Nous pouvons fournir des services de r\u00e9servation de navires, de consolidation des marchandises, de d\u00e9claration en douane, de pr\u00e9paration des documents d'exp\u00e9dition et de livraison en vrac au port d'embarquement.<\/p>\n<p>Q : Quel est votre d\u00e9lai de livraison ?<\/p>\n<p>R : Notre d\u00e9lai de livraison ordinaire est EXW Guangzhou. Nous acceptons \u00e9galement FOB, CFR, CIF, DDP, DDU, etc. Nous vous proposerons les frais d'exp\u00e9dition et vous pourrez choisir celui qui est le plus pratique et le plus efficace pour vous.<\/p>\n<p>Q : Quel mode de paiement pouvez-vous accepter ?<\/p>\n<p>R : T\/T, Western Union, etc. Nous acceptons toute condition de paiement pratique et rapide.<\/p>\n<p>\u00c9tiquettes populaires: prix bas, en stock, \u00e9chantillon gratuit, c\u00e2ble d&#039;alimentation et de signal, fil \u00e0 4 conducteurs de calibre 16, \u00e9tui pour pied de microphone, armoire d&#039;affichage LED ext\u00e9rieure, montage en rack, mallettes de vol pour mixeur \u00e0 montage en rack 19 pouces, bo\u00eete de distribution \u00e9lectrique, Chine, fournisseurs, usine, personnalis\u00e9, vente en gros, <span style=\"color: #993366;\"><a style=\"color: #993366;\" href=\"https:\/\/sxflightcase.com\/fr\/product-category\/all-product\/power-distribution-boxes\/\">bo\u00eetes d&#039;alimentation<\/a>,\u00a0<a style=\"color: #993366;\" href=\"https:\/\/sxflightcase.com\/fr\/product-category\/all-product\/hoist-controllers\/\">c\u00e2bles d&#039;alimentation<\/a>,\u00a0<a style=\"color: #993366;\" href=\"https:\/\/sxflightcase.com\/fr\/product-category\/all-product\/hoist-controllers\/\">contr\u00f4leurs de levage<\/a>,\u00a0<a style=\"color: #993366;\" href=\"https:\/\/sxflightcase.com\/fr\/product-category\/all-product\/flight-case\/\">mallettes de vol.<\/a><\/span><\/p>","protected":false},"excerpt":{"rendered":"<h2 class=\"prodetails-name\">Bo\u00eete de transport pour pied de micro<\/h2>\n<p>Voir notre gamme de bo\u00eetes de transport pour pieds de micro. Id\u00e9ale pour les tourn\u00e9es ou les musiciens qui souhaitent transporter tout leur \u00e9quipement dans une seule valise. Nous sommes heureux d'offrir une gamme de solutions de voyage robustes pour les professionnels de l'industrie afin de transporter et de stocker en toute s\u00e9curit\u00e9 leurs microphones et accessoires.<\/p>\n<h2><strong>Pr\u00e9sentation de la production<\/strong><\/h2>\n<p>Coins \u00e0 billes en acier lourds et puissants et rivets d'ancrage doubles<\/p>\n<p>Loquets papillon industriels encastr\u00e9s \u00e0 fermeture tournante - pr\u00eats pour le cadenas<\/p>\n<p>Languette et rainure en aluminium \u00e0 verrouillage facile<\/p>\n<p>Poign\u00e9es encastr\u00e9es \u00e0 ressort et poign\u00e9e en caoutchouc<\/p>\n<p>Roulettes robustes de qualit\u00e9 industrielle 4\u2033, 2 bloquantes<\/p>","protected":false},"featured_media":1787,"comment_status":"open","ping_status":"closed","template":"","meta":[],"product_brand":[],"product_cat":[41],"product_tag":[],"class_list":{"0":"post-1786","1":"product","2":"type-product","3":"status-publish","4":"has-post-thumbnail","6":"product_cat-equipment-cases","8":"first","9":"instock","10":"shipping-taxable","11":"product-type-simple"},"yoast_head":"<!-- This site is optimized with the Yoast SEO Premium plugin v27.1 (Yoast SEO v27.2) - https:\/\/yoast.com\/product\/yoast-seo-premium-wordpress\/ -->\n<title>Mic Stand Carry Box - https:\/\/sxflightcase.com \ud83d\udc97<\/title>\n<meta name=\"description\" content=\"Mic Stand Carry Box: Explore our factory-direct options for professional customization, designed to securely transport and store your mic stands with ease and convenience.\" \/>\n<meta name=\"robots\" content=\"index, follow, max-snippet:-1, max-image-preview:large, max-video-preview:-1\" \/>\n<link rel=\"canonical\" href=\"https:\/\/sxflightcase.com\/fr\/produk\/kotak-jinjing-dudukan-mikrofon\/\" \/>\n<meta property=\"og:locale\" content=\"fr_FR\" \/>\n<meta property=\"og:type\" content=\"article\" \/>\n<meta property=\"og:title\" content=\"Mic Stand Carry Box\" \/>\n<meta property=\"og:description\" content=\"Mic Stand Carry Box: Explore our factory-direct options for professional customization, designed to securely transport and store your mic stands with ease and convenience.\" \/>\n<meta property=\"og:url\" content=\"https:\/\/sxflightcase.com\/fr\/produk\/kotak-jinjing-dudukan-mikrofon\/\" \/>\n<meta property=\"og:site_name\" content=\"https:\/\/sxflightcase.com\" \/>\n<meta property=\"article:publisher\" content=\"https:\/\/www.facebook.com\/profile.php?id=61560407257971\" \/>\n<meta property=\"article:modified_time\" content=\"2024-06-20T02:32:10+00:00\" \/>\n<meta property=\"og:image\" content=\"https:\/\/sxflightcase.com\/wp-content\/uploads\/2024\/05\/mic-stand-carry-box39588798042.jpg\" \/>\n\t<meta property=\"og:image:width\" content=\"750\" \/>\n\t<meta property=\"og:image:height\" content=\"750\" \/>\n\t<meta property=\"og:image:type\" content=\"image\/jpeg\" \/>\n<meta name=\"twitter:card\" content=\"summary_large_image\" \/>\n<meta name=\"twitter:label1\" content=\"Dur\u00e9e de lecture estim\u00e9e\" \/>\n\t<meta name=\"twitter:data1\" content=\"4 minutes\" \/>\n<script type=\"application\/ld+json\" class=\"yoast-schema-graph\">{\"@context\":\"https:\/\/schema.org\",\"@graph\":[{\"@type\":\"WebPage\",\"@id\":\"https:\/\/sxflightcase.com\/id\/produk\/kotak-jinjing-dudukan-mikrofon\/\",\"url\":\"https:\/\/sxflightcase.com\/id\/produk\/kotak-jinjing-dudukan-mikrofon\/\",\"name\":\"Mic Stand Carry Box - https:\/\/sxflightcase.com \ud83d\udc97\",\"isPartOf\":{\"@id\":\"https:\/\/sxflightcase.com\/th\/#website\"},\"primaryImageOfPage\":{\"@id\":\"https:\/\/sxflightcase.com\/id\/produk\/kotak-jinjing-dudukan-mikrofon\/#primaryimage\"},\"image\":{\"@id\":\"https:\/\/sxflightcase.com\/id\/produk\/kotak-jinjing-dudukan-mikrofon\/#primaryimage\"},\"thumbnailUrl\":\"https:\/\/sxflightcase.com\/wp-content\/uploads\/2024\/05\/mic-stand-carry-box39588798042.jpg\",\"datePublished\":\"2024-05-10T06:48:06+00:00\",\"dateModified\":\"2024-06-20T02:32:10+00:00\",\"description\":\"Mic Stand Carry Box: Explore our factory-direct options for professional customization, designed to securely transport and store your mic stands with ease and convenience.\",\"breadcrumb\":{\"@id\":\"https:\/\/sxflightcase.com\/id\/produk\/kotak-jinjing-dudukan-mikrofon\/#breadcrumb\"},\"inLanguage\":\"fr-FR\",\"potentialAction\":[{\"@type\":\"ReadAction\",\"target\":[\"https:\/\/sxflightcase.com\/id\/produk\/kotak-jinjing-dudukan-mikrofon\/\"]}]},{\"@type\":\"ImageObject\",\"inLanguage\":\"fr-FR\",\"@id\":\"https:\/\/sxflightcase.com\/id\/produk\/kotak-jinjing-dudukan-mikrofon\/#primaryimage\",\"url\":\"https:\/\/sxflightcase.com\/wp-content\/uploads\/2024\/05\/mic-stand-carry-box39588798042.jpg\",\"contentUrl\":\"https:\/\/sxflightcase.com\/wp-content\/uploads\/2024\/05\/mic-stand-carry-box39588798042.jpg\",\"width\":750,\"height\":750,\"caption\":\"Mic Stand Carry Box\"},{\"@type\":\"BreadcrumbList\",\"@id\":\"https:\/\/sxflightcase.com\/id\/produk\/kotak-jinjing-dudukan-mikrofon\/#breadcrumb\",\"itemListElement\":[{\"@type\":\"ListItem\",\"position\":1,\"name\":\"Home\",\"item\":\"https:\/\/sxflightcase.com\/\"},{\"@type\":\"ListItem\",\"position\":2,\"name\":\"\u0e2a\u0e34\u0e19\u0e04\u0e49\u0e32\",\"item\":\"https:\/\/sxflightcase.com\/th\/shop\/\"},{\"@type\":\"ListItem\",\"position\":3,\"name\":\"Mic Stand Carry Box\"}]},{\"@type\":\"WebSite\",\"@id\":\"https:\/\/sxflightcase.com\/th\/#website\",\"url\":\"https:\/\/sxflightcase.com\/th\/\",\"name\":\"sxpowercase.com\",\"description\":\"Flight Case Factory\",\"publisher\":{\"@id\":\"https:\/\/sxflightcase.com\/th\/#organization\"},\"potentialAction\":[{\"@type\":\"SearchAction\",\"target\":{\"@type\":\"EntryPoint\",\"urlTemplate\":\"https:\/\/sxflightcase.com\/th\/?s={search_term_string}\"},\"query-input\":{\"@type\":\"PropertyValueSpecification\",\"valueRequired\":true,\"valueName\":\"search_term_string\"}}],\"inLanguage\":\"fr-FR\"},{\"@type\":\"Organization\",\"@id\":\"https:\/\/sxflightcase.com\/th\/#organization\",\"name\":\"sxpowercase.com\",\"url\":\"https:\/\/sxflightcase.com\/th\/\",\"logo\":{\"@type\":\"ImageObject\",\"inLanguage\":\"fr-FR\",\"@id\":\"https:\/\/sxflightcase.com\/th\/#\/schema\/logo\/image\/\",\"url\":\"https:\/\/sxflightcase.com\/wp-content\/uploads\/2024\/04\/1713919036007.jpg\",\"contentUrl\":\"https:\/\/sxflightcase.com\/wp-content\/uploads\/2024\/04\/1713919036007.jpg\",\"width\":382,\"height\":388,\"caption\":\"sxpowercase.com\"},\"image\":{\"@id\":\"https:\/\/sxflightcase.com\/th\/#\/schema\/logo\/image\/\"},\"sameAs\":[\"https:\/\/www.facebook.com\/profile.php?id=61560407257971\"],\"numberOfEmployees\":{\"@type\":\"QuantitativeValue\",\"minValue\":\"11\",\"maxValue\":\"50\"}}]}<\/script>\n<!-- \/ Yoast SEO Premium plugin. -->","yoast_head_json":{"title":"Mic Stand Carry Box - https:\/\/sxflightcase.com \ud83d\udc97","description":"Bo\u00eete de transport pour pied de micro : D\u00e9couvrez nos options de personnalisation professionnelle, con\u00e7ues pour transporter et ranger vos pieds de micro en toute s\u00e9curit\u00e9, avec facilit\u00e9 et commodit\u00e9.","robots":{"index":"index","follow":"follow","max-snippet":"max-snippet:-1","max-image-preview":"max-image-preview:large","max-video-preview":"max-video-preview:-1"},"canonical":"https:\/\/sxflightcase.com\/fr\/produk\/kotak-jinjing-dudukan-mikrofon\/","og_locale":"fr_FR","og_type":"article","og_title":"Mic Stand Carry Box","og_description":"Mic Stand Carry Box: Explore our factory-direct options for professional customization, designed to securely transport and store your mic stands with ease and convenience.","og_url":"https:\/\/sxflightcase.com\/fr\/produk\/kotak-jinjing-dudukan-mikrofon\/","og_site_name":"https:\/\/sxflightcase.com","article_publisher":"https:\/\/www.facebook.com\/profile.php?id=61560407257971","article_modified_time":"2024-06-20T02:32:10+00:00","og_image":[{"width":750,"height":750,"url":"https:\/\/sxflightcase.com\/wp-content\/uploads\/2024\/05\/mic-stand-carry-box39588798042.jpg","type":"image\/jpeg"}],"twitter_card":"summary_large_image","twitter_misc":{"Dur\u00e9e de lecture estim\u00e9e":"4 minutes"},"schema":{"@context":"https:\/\/schema.org","@graph":[{"@type":"WebPage","@id":"https:\/\/sxflightcase.com\/id\/produk\/kotak-jinjing-dudukan-mikrofon\/","url":"https:\/\/sxflightcase.com\/id\/produk\/kotak-jinjing-dudukan-mikrofon\/","name":"Mic Stand Carry Box - https:\/\/sxflightcase.com \ud83d\udc97","isPartOf":{"@id":"https:\/\/sxflightcase.com\/th\/#website"},"primaryImageOfPage":{"@id":"https:\/\/sxflightcase.com\/id\/produk\/kotak-jinjing-dudukan-mikrofon\/#primaryimage"},"image":{"@id":"https:\/\/sxflightcase.com\/id\/produk\/kotak-jinjing-dudukan-mikrofon\/#primaryimage"},"thumbnailUrl":"https:\/\/sxflightcase.com\/wp-content\/uploads\/2024\/05\/mic-stand-carry-box39588798042.jpg","datePublished":"2024-05-10T06:48:06+00:00","dateModified":"2024-06-20T02:32:10+00:00","description":"Bo\u00eete de transport pour pied de micro : D\u00e9couvrez nos options de personnalisation professionnelle, con\u00e7ues pour transporter et ranger vos pieds de micro en toute s\u00e9curit\u00e9, avec facilit\u00e9 et commodit\u00e9.","breadcrumb":{"@id":"https:\/\/sxflightcase.com\/id\/produk\/kotak-jinjing-dudukan-mikrofon\/#breadcrumb"},"inLanguage":"fr-FR","potentialAction":[{"@type":"ReadAction","target":["https:\/\/sxflightcase.com\/id\/produk\/kotak-jinjing-dudukan-mikrofon\/"]}]},{"@type":"ImageObject","inLanguage":"fr-FR","@id":"https:\/\/sxflightcase.com\/id\/produk\/kotak-jinjing-dudukan-mikrofon\/#primaryimage","url":"https:\/\/sxflightcase.com\/wp-content\/uploads\/2024\/05\/mic-stand-carry-box39588798042.jpg","contentUrl":"https:\/\/sxflightcase.com\/wp-content\/uploads\/2024\/05\/mic-stand-carry-box39588798042.jpg","width":750,"height":750,"caption":"Mic Stand Carry Box"},{"@type":"BreadcrumbList","@id":"https:\/\/sxflightcase.com\/id\/produk\/kotak-jinjing-dudukan-mikrofon\/#breadcrumb","itemListElement":[{"@type":"ListItem","position":1,"name":"Home","item":"https:\/\/sxflightcase.com\/"},{"@type":"ListItem","position":2,"name":"\u0e2a\u0e34\u0e19\u0e04\u0e49\u0e32","item":"https:\/\/sxflightcase.com\/th\/shop\/"},{"@type":"ListItem","position":3,"name":"Mic Stand Carry Box"}]},{"@type":"WebSite","@id":"https:\/\/sxflightcase.com\/th\/#website","url":"https:\/\/sxflightcase.com\/th\/","name":"sxpowercase.com","description":"Flight Case Factory","publisher":{"@id":"https:\/\/sxflightcase.com\/th\/#organization"},"potentialAction":[{"@type":"SearchAction","target":{"@type":"EntryPoint","urlTemplate":"https:\/\/sxflightcase.com\/th\/?s={search_term_string}"},"query-input":{"@type":"PropertyValueSpecification","valueRequired":true,"valueName":"search_term_string"}}],"inLanguage":"fr-FR"},{"@type":"Organization","@id":"https:\/\/sxflightcase.com\/th\/#organization","name":"sxpowercase.com","url":"https:\/\/sxflightcase.com\/th\/","logo":{"@type":"ImageObject","inLanguage":"fr-FR","@id":"https:\/\/sxflightcase.com\/th\/#\/schema\/logo\/image\/","url":"https:\/\/sxflightcase.com\/wp-content\/uploads\/2024\/04\/1713919036007.jpg","contentUrl":"https:\/\/sxflightcase.com\/wp-content\/uploads\/2024\/04\/1713919036007.jpg","width":382,"height":388,"caption":"sxpowercase.com"},"image":{"@id":"https:\/\/sxflightcase.com\/th\/#\/schema\/logo\/image\/"},"sameAs":["https:\/\/www.facebook.com\/profile.php?id=61560407257971"],"numberOfEmployees":{"@type":"QuantitativeValue","minValue":"11","maxValue":"50"}}]}},"_links":{"self":[{"href":"https:\/\/sxflightcase.com\/fr\/wp-json\/wp\/v2\/product\/1786","targetHints":{"allow":["GET"]}}],"collection":[{"href":"https:\/\/sxflightcase.com\/fr\/wp-json\/wp\/v2\/product"}],"about":[{"href":"https:\/\/sxflightcase.com\/fr\/wp-json\/wp\/v2\/types\/product"}],"replies":[{"embeddable":true,"href":"https:\/\/sxflightcase.com\/fr\/wp-json\/wp\/v2\/comments?post=1786"}],"version-history":[{"count":0,"href":"https:\/\/sxflightcase.com\/fr\/wp-json\/wp\/v2\/product\/1786\/revisions"}],"wp:featuredmedia":[{"embeddable":true,"href":"https:\/\/sxflightcase.com\/fr\/wp-json\/wp\/v2\/media\/1787"}],"wp:attachment":[{"href":"https:\/\/sxflightcase.com\/fr\/wp-json\/wp\/v2\/media?parent=1786"}],"wp:term":[{"taxonomy":"product_brand","embeddable":true,"href":"https:\/\/sxflightcase.com\/fr\/wp-json\/wp\/v2\/product_brand?post=1786"},{"taxonomy":"product_cat","embeddable":true,"href":"https:\/\/sxflightcase.com\/fr\/wp-json\/wp\/v2\/product_cat?post=1786"},{"taxonomy":"product_tag","embeddable":true,"href":"https:\/\/sxflightcase.com\/fr\/wp-json\/wp\/v2\/product_tag?post=1786"}],"curies":[{"name":"wp","href":"https:\/\/api.w.org\/{rel}","templated":true}]}}