{"id":1838,"date":"2024-05-10T08:41:13","date_gmt":"2024-05-10T07:41:13","guid":{"rendered":"https:\/\/sxpowercase.com\/?post_type=product&#038;p=1838"},"modified":"2024-06-17T08:36:05","modified_gmt":"2024-06-17T07:36:05","slug":"drawer-case","status":"publish","type":"product","link":"https:\/\/sxflightcase.com\/fr\/produit\/coffret-a-tiroirs-2\/","title":{"rendered":"Fabrication de caissons \u00e0 tiroirs"},"content":{"rendered":"<p><strong>Param\u00e8tre du produit (sp\u00e9cification)<\/strong><\/p>\n<section class=\"table-wrap\">\n<table class=\"table\" width=\"100%\" cellspacing=\"0\" cellpadding=\"0\">\n<tbody>\n<tr class=\"firstRow\">\n<td width=\"134\">Nom du produit<\/td>\n<td width=\"504\">Poste de travail<\/td>\n<\/tr>\n<tr>\n<td width=\"134\">Mat\u00e9riaux<\/td>\n<td width=\"504\">Construction en contreplaqu\u00e9 lamin\u00e9 de 9 mm, avec quincaillerie plaqu\u00e9e de qualit\u00e9 commerciale, poign\u00e9es et loquets robustes, et coins \u00e0 rotule.<br \/>\nPoign\u00e9e de remorquage encastr\u00e9e \u00e0 ressort et roues int\u00e9gr\u00e9es<br \/>\nLe rembourrage int\u00e9rieur en mousse EVA Ultra-Dur et les blocs permettent la ventilation de la partie inf\u00e9rieure de la planche.<\/td>\n<\/tr>\n<tr>\n<td width=\"134\">Couleur<\/td>\n<td width=\"504\">Noir, bleu, rouge ou personnalis\u00e9<\/td>\n<\/tr>\n<tr>\n<td width=\"134\">Usage<\/td>\n<td width=\"504\">Prot\u00e9ger le transport Stockage<\/td>\n<\/tr>\n<\/tbody>\n<\/table>\n<\/section>\n<p><strong>Emballage et exp\u00e9dition<\/strong><\/p>\n<section class=\"table-wrap\">\n<table class=\"table\" width=\"100%\" cellspacing=\"0\" cellpadding=\"0\">\n<tbody>\n<tr class=\"firstRow\">\n<td colspan=\"3\" width=\"100%\">Emballage et exp\u00e9dition<\/td>\n<\/tr>\n<tr>\n<td rowspan=\"3\" width=\"33%\">D\u00e9lai de livraison<\/td>\n<td width=\"33%\">Par mer<\/td>\n<td width=\"33%\">15-60 jours<\/td>\n<\/tr>\n<tr>\n<td width=\"33%\">Par avion<\/td>\n<td width=\"33%\">4-9 jours<\/td>\n<\/tr>\n<tr>\n<td width=\"33%\">Par expr\u00e8s<\/td>\n<td width=\"33%\">4-9 jours<\/td>\n<\/tr>\n<tr>\n<td width=\"33%\">D\u00e9lai de livraison<\/td>\n<td colspan=\"2\" width=\"66%\">7 \u00e0 15 heures ouvrables ou selon vos besoins<\/td>\n<\/tr>\n<tr>\n<td width=\"33%\">Conditionnement<\/td>\n<td colspan=\"2\" width=\"66%\">Par carton ou selon vos besoins<\/td>\n<\/tr>\n<\/tbody>\n<\/table>\n<\/section>\n<h1><strong>Fabrication d'\u00e9tuis \u00e0 tiroirs SX : Leader de l'industrie par la qualit\u00e9 et l'innovation<\/strong><\/h1>\n<p>Lorsqu'il s'agit de fabriquer des bo\u00eetiers \u00e0 tiroirs de qualit\u00e9 sup\u00e9rieure, <a href=\"https:\/\/sxpowercase.com\/\" target=\"_blank\" rel=\"noopener\" title=\"SX\" data-wpil-monitor-id=\"135\">SX<\/a> se distingue en tant que leader de l'industrie. Notre engagement en faveur de la qualit\u00e9, de l'innovation et de la satisfaction du client nous distingue de la concurrence. Que vous ayez besoin d'une mallette \u00e0 tiroirs personnalis\u00e9e pour un usage professionnel ou d'une solution efficace pour votre entreprise, SX a ce qu'il vous faut.<\/p>\n<h3><strong>Pourquoi choisir SX pour la fabrication de bo\u00eetiers \u00e0 tiroirs ?<\/strong><\/h3>\n<h4><strong>Qualit\u00e9 et durabilit\u00e9 in\u00e9gal\u00e9es<\/strong><\/h4>\n<p>Chez SX, nous donnons la priorit\u00e9 \u00e0 la qualit\u00e9 dans tous les aspects de la fabrication des bo\u00eetiers \u00e0 tiroirs. Nos produits sont fabriqu\u00e9s \u00e0 partir des mat\u00e9riaux les plus nobles, ce qui garantit leur durabilit\u00e9 et leurs performances \u00e0 long terme. Chaque bo\u00eete \u00e0 tiroirs est m\u00e9ticuleusement fabriqu\u00e9e pour r\u00e9pondre aux normes les plus strictes, vous offrant ainsi une solution de stockage fiable et robuste.<\/p>\n<h4><strong>Des conceptions innovantes pour tous les besoins<\/strong><\/h4>\n<p>L'innovation est au c\u0153ur du processus de fabrication des bo\u00eetiers \u00e0 tiroirs de SX. Nous comprenons que les diff\u00e9rentes industries ont des exigences uniques, et nos conceptions refl\u00e8tent cette diversit\u00e9. Que vous ayez besoin d'une mallette compacte pour vos d\u00e9placements ou d'une grande mallette \u00e0 tiroirs multiples pour un atelier tr\u00e8s actif, SX a la solution id\u00e9ale pour vous.<\/p>\n<h3><strong>L'engagement de SX en faveur des ventes directes et de la croissance des entreprises<\/strong><\/h3>\n<h4><strong>Ventes directes d&#039;usine<\/strong><\/h4>\n<p>En optant pour SX, vous b\u00e9n\u00e9ficiez de la vente directe \u00e0 l'usine. Cette approche \u00e9limine les interm\u00e9diaires, ce qui r\u00e9duit les co\u00fbts et vous garantit des produits de haute qualit\u00e9 en provenance directe du fabricant. Notre mod\u00e8le de vente directe nous permet d'offrir des prix comp\u00e9titifs sans compromis sur la qualit\u00e9.<\/p>\n<h4><strong>Am\u00e9liorez vos op\u00e9rations commerciales<\/strong><\/h4>\n<p>Investir dans des bo\u00eetes \u00e0 tiroirs SX peut consid\u00e9rablement am\u00e9liorer les activit\u00e9s de votre entreprise. Nos produits sont con\u00e7us pour am\u00e9liorer l'efficacit\u00e9, prot\u00e9ger les outils et \u00e9quipements de valeur et donner une image professionnelle. Avec SX, vous pouvez rationaliser vos processus et augmenter votre productivit\u00e9.<\/p>\n<h3><strong>Des services personnalis\u00e9s pour des besoins uniques<\/strong><\/h3>\n<h4><strong>Solutions sur mesure<\/strong><\/h4>\n<p>Chaque entreprise a des besoins uniques et SX excelle dans la fourniture de solutions personnalis\u00e9es. Notre \u00e9quipe travaille en \u00e9troite collaboration avec vous pour concevoir et fabriquer des valises \u00e0 tiroirs qui r\u00e9pondent \u00e0 vos besoins sp\u00e9cifiques. Qu'il s'agisse d'une taille unique, de fonctions suppl\u00e9mentaires ou de compartiments sp\u00e9cialis\u00e9s, nous cr\u00e9ons des produits sur mesure qui r\u00e9pondent \u00e0 vos besoins.<\/p>\n<h4><strong>Service personnalis\u00e9<\/strong><\/h4>\n<p>SX s'efforce d'offrir un service personnalis\u00e9 tout au long du processus de fabrication des bo\u00eetiers \u00e0 tiroirs. De la consultation initiale \u00e0 la livraison finale, nous veillons \u00e0 ce que votre exp\u00e9rience soit transparente et satisfaisante. Notre engagement envers le service \u00e0 la client\u00e8le nous distingue dans l'industrie.<\/p>\n<h3><strong>Applications des mallettes \u00e0 tiroirs SX<\/strong><\/h3>\n<h4><strong>Pour les professionnels en d\u00e9placement<\/strong><\/h4>\n<p>Nos bo\u00eetes \u00e0 tiroirs sont parfaites pour les professionnels qui ont besoin de solutions de stockage fiables et portables. Que vous soyez technicien, artiste ou commer\u00e7ant, les bo\u00eetes \u00e0 tiroirs SX vous offrent l'organisation et la protection dont vous avez besoin lorsque vous \u00eates en d\u00e9placement.<\/p>\n<h4><strong>Pour les ateliers occup\u00e9s<\/strong><\/h4>\n<p>Dans les ateliers occup\u00e9s, l'efficacit\u00e9 est essentielle. Les mallettes \u00e0 tiroirs SX vous aident \u00e0 organiser les outils et l'\u00e9quipement, r\u00e9duisant ainsi les temps d'arr\u00eat et augmentant la productivit\u00e9. Nos mallettes durables r\u00e9sistent aux exigences d'un environnement de travail tr\u00e9pidant, ce qui en fait un compl\u00e9ment pr\u00e9cieux pour tout atelier.<\/p>\n<h3><strong>SX : un nom de confiance dans la fabrication de bo\u00eetiers \u00e0 tiroirs<\/strong><\/h3>\n<h4><strong>Leader de l'industrie<\/strong><\/h4>\n<p>SX s'est impos\u00e9 comme un nom de confiance dans le secteur de la fabrication de bo\u00eetiers \u00e0 tiroirs. Notre r\u00e9putation repose sur la fourniture de produits de haute qualit\u00e9 qui r\u00e9pondent aux besoins de diverses industries. Choisir SX, c'est choisir la fiabilit\u00e9 et l'excellence.<\/p>\n<h4><strong>Satisfaction client<\/strong><\/h4>\n<p>La satisfaction du client est notre priorit\u00e9 absolue. Nous nous effor\u00e7ons de d\u00e9passer les attentes avec chaque produit que nous livrons. Notre engagement en faveur de la qualit\u00e9, de l'innovation et d'un service personnalis\u00e9 garantit que nos clients sont toujours satisfaits de leur achat.<\/p>\n<h3><strong>Conclusion<\/strong><\/h3>\n<p>SX est votre premier choix en mati\u00e8re de fabrication de bo\u00eetiers \u00e0 tiroirs. En mettant l'accent sur la qualit\u00e9, l'innovation et la satisfaction du client, nous fournissons des produits qui r\u00e9pondent aux normes les plus \u00e9lev\u00e9es. Que vous ayez besoin d'une solution personnalis\u00e9e ou d'un produit de s\u00e9rie fiable, SX est l\u00e0 pour vous. Investissez dans les bo\u00eetes \u00e0 tiroirs SX d\u00e8s aujourd'hui et d\u00e9couvrez la diff\u00e9rence en termes de qualit\u00e9 et de service.<\/p>\n<hr \/>\n<p><strong>FAQ<\/strong><\/p>\n<p><strong>1. Quels sont les mat\u00e9riaux utilis\u00e9s dans les bo\u00eetiers des tiroirs SX ?<\/strong><\/p>\n<p>Les coffres \u00e0 tiroirs SX sont fabriqu\u00e9s \u00e0 partir de mat\u00e9riaux durables de haute qualit\u00e9, con\u00e7us pour offrir une performance et une protection durables \u00e0 vos outils et \u00e0 votre \u00e9quipement.<\/p>\n<p><strong>2. Puis-je obtenir un bo\u00eetier \u00e0 tiroirs sur mesure aupr\u00e8s de SX ?<\/strong><\/p>\n<p>Oui, SX est sp\u00e9cialis\u00e9e dans la fabrication de bo\u00eetiers \u00e0 tiroirs sur mesure. Nous travaillons en \u00e9troite collaboration avec vous pour concevoir et cr\u00e9er un produit qui r\u00e9pond \u00e0 vos besoins sp\u00e9cifiques.<\/p>\n<p><strong>3. En quoi le mod\u00e8le de vente directe de SX est-il avantageux pour moi ?<\/strong><\/p>\n<p>Notre mod\u00e8le de vente directe \u00e9limine les interm\u00e9diaires, ce qui r\u00e9duit les co\u00fbts et vous permet de recevoir des produits de haute qualit\u00e9 directement du fabricant \u00e0 des prix comp\u00e9titifs.<\/p>\n<p><strong>4. Les coffres \u00e0 tiroirs SX sont-ils adapt\u00e9s \u00e0 une utilisation en ext\u00e9rieur ?<\/strong><\/p>\n<p>Oui, les coffrets \u00e0 tiroirs SX sont con\u00e7us pour r\u00e9sister \u00e0 des environnements difficiles, ce qui les rend id\u00e9aux pour une utilisation \u00e0 l'int\u00e9rieur comme \u00e0 l'ext\u00e9rieur.<\/p>\n<p><strong>5. Quels sont les secteurs qui b\u00e9n\u00e9ficient des mallettes \u00e0 tiroirs SX ?<\/strong><\/p>\n<p>Les mallettes \u00e0 tiroirs SX sont parfaites pour divers secteurs d'activit\u00e9, notamment les techniciens professionnels, les artistes, les artisans et les ateliers occup\u00e9s, car elles offrent des solutions de rangement organis\u00e9es et portables.<\/p>\n<p>\u00c9tiquettes populaires: prix bas, en stock, \u00e9chantillon gratuit, c\u00e2ble d&#039;alimentation et de signal, fil \u00e0 4 conducteurs de calibre 16, \u00e9tui pour pied de microphone, armoire d&#039;affichage LED ext\u00e9rieure, montage en rack, mallettes de vol pour mixeur \u00e0 montage en rack 19 pouces, bo\u00eete de distribution \u00e9lectrique, Chine, fournisseurs, usine, personnalis\u00e9, vente en gros, <span style=\"color: #993366;\"><a style=\"color: #993366;\" href=\"https:\/\/sxflightcase.com\/fr\/product-category\/all-product\/power-distribution-boxes\/\">bo\u00eetes d&#039;alimentation<\/a>,\u00a0<a style=\"color: #993366;\" href=\"https:\/\/sxflightcase.com\/fr\/product-category\/all-product\/hoist-controllers\/\">c\u00e2bles d&#039;alimentation<\/a>,\u00a0<a style=\"color: #993366;\" href=\"https:\/\/sxflightcase.com\/fr\/product-category\/all-product\/hoist-controllers\/\">contr\u00f4leurs de levage<\/a>,\u00a0<a style=\"color: #993366;\" href=\"https:\/\/sxflightcase.com\/fr\/product-category\/all-product\/flight-case\/\">mallettes de vol.<\/a><\/span><\/p>","protected":false},"excerpt":{"rendered":"<h2 class=\"prodetails-name\">Coffret \u00e0 tiroirs<\/h2>\n<p>Shengxiang s'est forg\u00e9 une r\u00e9putation de fabricant de mallettes r\u00e9sistantes de haute qualit\u00e9. Ces superbes mallettes de protection offrent un transport s\u00fbr pour les \u00e9quipements fragiles ou co\u00fbteux et sont choisies par les professionnels du monde entier.<\/p>\n<h2><strong>Pr\u00e9sentation de la production<\/strong><\/h2>\n<p>- Type : Avant \u00e0 charni\u00e8re<\/p>\n<p>- Mat\u00e9riau : 9mm Hexa board finish<\/p>\n<p>\u2022 Tr\u00e8s r\u00e9sistant <a class=\"wpil_keyword_link\" href=\"https:\/\/sxpowercase.com\/product-category\/all-product\/flight-case\/\" target=\"_blank\" rel=\"noopener\" title=\"\u00e9tui de transport\" data-wpil-keyword-link=\"linked\" data-wpil-monitor-id=\"421\">\u00e9tui de transport<\/a> raccords encastr\u00e9s<\/p>\n<p>- Dimensions des tiroirs : 19\u2033 de largeur, hauteur avec 2U, 3U, 4U etc, selon les besoins du client.<\/p>\n<p>- Parabole encastr\u00e9e munie d'une \u00e9tiquette de visite fournie<\/p>\n<p>- Espace de rangement disponible dans le couvercle<\/p>\n<p>- Roulettes : Roues de 100 mm (x2 freins) avec roue suppl\u00e9mentaire non frein\u00e9e sur le couvercle<\/p>","protected":false},"featured_media":1839,"comment_status":"open","ping_status":"closed","template":"","meta":[],"product_brand":[],"product_cat":[41],"product_tag":[],"class_list":{"0":"post-1838","1":"product","2":"type-product","3":"status-publish","4":"has-post-thumbnail","6":"product_cat-equipment-cases","8":"first","9":"instock","10":"shipping-taxable","11":"product-type-simple"},"yoast_head":"<!-- This site is optimized with the Yoast SEO Premium plugin v27.1 (Yoast SEO v27.2) - https:\/\/yoast.com\/product\/yoast-seo-premium-wordpress\/ -->\n<title>Drawer Case Manufacture - https:\/\/sxflightcase.com \ud83d\udc97<\/title>\n<meta name=\"description\" content=\"Drawer Case Manufacture:Factory-direct options for professional customization, perfect for efficient organization and storage solutions.\" \/>\n<meta name=\"robots\" content=\"index, follow, max-snippet:-1, max-image-preview:large, max-video-preview:-1\" \/>\n<link rel=\"canonical\" href=\"https:\/\/sxflightcase.com\/fr\/\u0645\u0646\u062a\u062c\/\u0639\u0644\u0628\u0629-\u0627\u0644\u062f\u0631\u062c\/\" \/>\n<meta property=\"og:locale\" content=\"fr_FR\" \/>\n<meta property=\"og:type\" content=\"article\" \/>\n<meta property=\"og:title\" content=\"Drawer Case Manufacture\" \/>\n<meta property=\"og:description\" content=\"Drawer Case Manufacture:Factory-direct options for professional customization, perfect for efficient organization and storage solutions.\" \/>\n<meta property=\"og:url\" content=\"https:\/\/sxflightcase.com\/fr\/\u0645\u0646\u062a\u062c\/\u0639\u0644\u0628\u0629-\u0627\u0644\u062f\u0631\u062c\/\" \/>\n<meta property=\"og:site_name\" content=\"https:\/\/sxflightcase.com\" \/>\n<meta property=\"article:publisher\" content=\"https:\/\/www.facebook.com\/profile.php?id=61560407257971\" \/>\n<meta property=\"article:modified_time\" content=\"2024-06-17T07:36:05+00:00\" \/>\n<meta property=\"og:image\" content=\"https:\/\/sxflightcase.com\/wp-content\/uploads\/2024\/05\/drawer-case09290931521.webp\" \/>\n\t<meta property=\"og:image:width\" content=\"750\" \/>\n\t<meta property=\"og:image:height\" content=\"750\" \/>\n\t<meta property=\"og:image:type\" content=\"image\/webp\" \/>\n<meta name=\"twitter:card\" content=\"summary_large_image\" \/>\n<meta name=\"twitter:label1\" content=\"Dur\u00e9e de lecture estim\u00e9e\" \/>\n\t<meta name=\"twitter:data1\" content=\"6 minutes\" \/>\n<script type=\"application\/ld+json\" class=\"yoast-schema-graph\">{\"@context\":\"https:\/\/schema.org\",\"@graph\":[{\"@type\":\"WebPage\",\"@id\":\"https:\/\/sxflightcase.com\/ar\/\u0645\u0646\u062a\u062c\/\u0639\u0644\u0628\u0629-\u0627\u0644\u062f\u0631\u062c\/\",\"url\":\"https:\/\/sxflightcase.com\/ar\/\u0645\u0646\u062a\u062c\/\u0639\u0644\u0628\u0629-\u0627\u0644\u062f\u0631\u062c\/\",\"name\":\"Drawer Case Manufacture - https:\/\/sxflightcase.com \ud83d\udc97\",\"isPartOf\":{\"@id\":\"https:\/\/sxflightcase.com\/th\/#website\"},\"primaryImageOfPage\":{\"@id\":\"https:\/\/sxflightcase.com\/ar\/\u0645\u0646\u062a\u062c\/\u0639\u0644\u0628\u0629-\u0627\u0644\u062f\u0631\u062c\/#primaryimage\"},\"image\":{\"@id\":\"https:\/\/sxflightcase.com\/ar\/\u0645\u0646\u062a\u062c\/\u0639\u0644\u0628\u0629-\u0627\u0644\u062f\u0631\u062c\/#primaryimage\"},\"thumbnailUrl\":\"https:\/\/sxflightcase.com\/wp-content\/uploads\/2024\/05\/drawer-case09290931521.webp\",\"datePublished\":\"2024-05-10T07:41:13+00:00\",\"dateModified\":\"2024-06-17T07:36:05+00:00\",\"description\":\"Drawer Case Manufacture:Factory-direct options for professional customization, perfect for efficient organization and storage solutions.\",\"breadcrumb\":{\"@id\":\"https:\/\/sxflightcase.com\/ar\/\u0645\u0646\u062a\u062c\/\u0639\u0644\u0628\u0629-\u0627\u0644\u062f\u0631\u062c\/#breadcrumb\"},\"inLanguage\":\"fr-FR\",\"potentialAction\":[{\"@type\":\"ReadAction\",\"target\":[\"https:\/\/sxflightcase.com\/ar\/\u0645\u0646\u062a\u062c\/\u0639\u0644\u0628\u0629-\u0627\u0644\u062f\u0631\u062c\/\"]}]},{\"@type\":\"ImageObject\",\"inLanguage\":\"fr-FR\",\"@id\":\"https:\/\/sxflightcase.com\/ar\/\u0645\u0646\u062a\u062c\/\u0639\u0644\u0628\u0629-\u0627\u0644\u062f\u0631\u062c\/#primaryimage\",\"url\":\"https:\/\/sxflightcase.com\/wp-content\/uploads\/2024\/05\/drawer-case09290931521.webp\",\"contentUrl\":\"https:\/\/sxflightcase.com\/wp-content\/uploads\/2024\/05\/drawer-case09290931521.webp\",\"width\":750,\"height\":750,\"caption\":\"Drawer Case\"},{\"@type\":\"BreadcrumbList\",\"@id\":\"https:\/\/sxflightcase.com\/ar\/\u0645\u0646\u062a\u062c\/\u0639\u0644\u0628\u0629-\u0627\u0644\u062f\u0631\u062c\/#breadcrumb\",\"itemListElement\":[{\"@type\":\"ListItem\",\"position\":1,\"name\":\"Home\",\"item\":\"https:\/\/sxflightcase.com\/\"},{\"@type\":\"ListItem\",\"position\":2,\"name\":\"\u0e2a\u0e34\u0e19\u0e04\u0e49\u0e32\",\"item\":\"https:\/\/sxflightcase.com\/th\/shop\/\"},{\"@type\":\"ListItem\",\"position\":3,\"name\":\"Drawer Case Manufacture\"}]},{\"@type\":\"WebSite\",\"@id\":\"https:\/\/sxflightcase.com\/th\/#website\",\"url\":\"https:\/\/sxflightcase.com\/th\/\",\"name\":\"sxpowercase.com\",\"description\":\"Flight Case Factory\",\"publisher\":{\"@id\":\"https:\/\/sxflightcase.com\/th\/#organization\"},\"potentialAction\":[{\"@type\":\"SearchAction\",\"target\":{\"@type\":\"EntryPoint\",\"urlTemplate\":\"https:\/\/sxflightcase.com\/th\/?s={search_term_string}\"},\"query-input\":{\"@type\":\"PropertyValueSpecification\",\"valueRequired\":true,\"valueName\":\"search_term_string\"}}],\"inLanguage\":\"fr-FR\"},{\"@type\":\"Organization\",\"@id\":\"https:\/\/sxflightcase.com\/th\/#organization\",\"name\":\"sxpowercase.com\",\"url\":\"https:\/\/sxflightcase.com\/th\/\",\"logo\":{\"@type\":\"ImageObject\",\"inLanguage\":\"fr-FR\",\"@id\":\"https:\/\/sxflightcase.com\/th\/#\/schema\/logo\/image\/\",\"url\":\"https:\/\/sxflightcase.com\/wp-content\/uploads\/2024\/04\/1713919036007.jpg\",\"contentUrl\":\"https:\/\/sxflightcase.com\/wp-content\/uploads\/2024\/04\/1713919036007.jpg\",\"width\":382,\"height\":388,\"caption\":\"sxpowercase.com\"},\"image\":{\"@id\":\"https:\/\/sxflightcase.com\/th\/#\/schema\/logo\/image\/\"},\"sameAs\":[\"https:\/\/www.facebook.com\/profile.php?id=61560407257971\"],\"numberOfEmployees\":{\"@type\":\"QuantitativeValue\",\"minValue\":\"11\",\"maxValue\":\"50\"}}]}<\/script>\n<!-- \/ Yoast SEO Premium plugin. -->","yoast_head_json":{"title":"Drawer Case Manufacture - https:\/\/sxflightcase.com \ud83d\udc97","description":"Bo\u00eetier \u00e0 tiroirs : Options d'usine pour une personnalisation professionnelle, parfait pour des solutions d'organisation et de stockage efficaces.","robots":{"index":"index","follow":"follow","max-snippet":"max-snippet:-1","max-image-preview":"max-image-preview:large","max-video-preview":"max-video-preview:-1"},"canonical":"https:\/\/sxflightcase.com\/fr\/\u0645\u0646\u062a\u062c\/\u0639\u0644\u0628\u0629-\u0627\u0644\u062f\u0631\u062c\/","og_locale":"fr_FR","og_type":"article","og_title":"Drawer Case Manufacture","og_description":"Drawer Case Manufacture:Factory-direct options for professional customization, perfect for efficient organization and storage solutions.","og_url":"https:\/\/sxflightcase.com\/fr\/\u0645\u0646\u062a\u062c\/\u0639\u0644\u0628\u0629-\u0627\u0644\u062f\u0631\u062c\/","og_site_name":"https:\/\/sxflightcase.com","article_publisher":"https:\/\/www.facebook.com\/profile.php?id=61560407257971","article_modified_time":"2024-06-17T07:36:05+00:00","og_image":[{"width":750,"height":750,"url":"https:\/\/sxflightcase.com\/wp-content\/uploads\/2024\/05\/drawer-case09290931521.webp","type":"image\/webp"}],"twitter_card":"summary_large_image","twitter_misc":{"Dur\u00e9e de lecture estim\u00e9e":"6 minutes"},"schema":{"@context":"https:\/\/schema.org","@graph":[{"@type":"WebPage","@id":"https:\/\/sxflightcase.com\/ar\/\u0645\u0646\u062a\u062c\/\u0639\u0644\u0628\u0629-\u0627\u0644\u062f\u0631\u062c\/","url":"https:\/\/sxflightcase.com\/ar\/\u0645\u0646\u062a\u062c\/\u0639\u0644\u0628\u0629-\u0627\u0644\u062f\u0631\u062c\/","name":"Drawer Case Manufacture - https:\/\/sxflightcase.com \ud83d\udc97","isPartOf":{"@id":"https:\/\/sxflightcase.com\/th\/#website"},"primaryImageOfPage":{"@id":"https:\/\/sxflightcase.com\/ar\/\u0645\u0646\u062a\u062c\/\u0639\u0644\u0628\u0629-\u0627\u0644\u062f\u0631\u062c\/#primaryimage"},"image":{"@id":"https:\/\/sxflightcase.com\/ar\/\u0645\u0646\u062a\u062c\/\u0639\u0644\u0628\u0629-\u0627\u0644\u062f\u0631\u062c\/#primaryimage"},"thumbnailUrl":"https:\/\/sxflightcase.com\/wp-content\/uploads\/2024\/05\/drawer-case09290931521.webp","datePublished":"2024-05-10T07:41:13+00:00","dateModified":"2024-06-17T07:36:05+00:00","description":"Bo\u00eetier \u00e0 tiroirs : Options d'usine pour une personnalisation professionnelle, parfait pour des solutions d'organisation et de stockage efficaces.","breadcrumb":{"@id":"https:\/\/sxflightcase.com\/ar\/\u0645\u0646\u062a\u062c\/\u0639\u0644\u0628\u0629-\u0627\u0644\u062f\u0631\u062c\/#breadcrumb"},"inLanguage":"fr-FR","potentialAction":[{"@type":"ReadAction","target":["https:\/\/sxflightcase.com\/ar\/\u0645\u0646\u062a\u062c\/\u0639\u0644\u0628\u0629-\u0627\u0644\u062f\u0631\u062c\/"]}]},{"@type":"ImageObject","inLanguage":"fr-FR","@id":"https:\/\/sxflightcase.com\/ar\/\u0645\u0646\u062a\u062c\/\u0639\u0644\u0628\u0629-\u0627\u0644\u062f\u0631\u062c\/#primaryimage","url":"https:\/\/sxflightcase.com\/wp-content\/uploads\/2024\/05\/drawer-case09290931521.webp","contentUrl":"https:\/\/sxflightcase.com\/wp-content\/uploads\/2024\/05\/drawer-case09290931521.webp","width":750,"height":750,"caption":"Drawer Case"},{"@type":"BreadcrumbList","@id":"https:\/\/sxflightcase.com\/ar\/\u0645\u0646\u062a\u062c\/\u0639\u0644\u0628\u0629-\u0627\u0644\u062f\u0631\u062c\/#breadcrumb","itemListElement":[{"@type":"ListItem","position":1,"name":"Home","item":"https:\/\/sxflightcase.com\/"},{"@type":"ListItem","position":2,"name":"\u0e2a\u0e34\u0e19\u0e04\u0e49\u0e32","item":"https:\/\/sxflightcase.com\/th\/shop\/"},{"@type":"ListItem","position":3,"name":"Drawer Case Manufacture"}]},{"@type":"WebSite","@id":"https:\/\/sxflightcase.com\/th\/#website","url":"https:\/\/sxflightcase.com\/th\/","name":"sxpowercase.com","description":"Flight Case Factory","publisher":{"@id":"https:\/\/sxflightcase.com\/th\/#organization"},"potentialAction":[{"@type":"SearchAction","target":{"@type":"EntryPoint","urlTemplate":"https:\/\/sxflightcase.com\/th\/?s={search_term_string}"},"query-input":{"@type":"PropertyValueSpecification","valueRequired":true,"valueName":"search_term_string"}}],"inLanguage":"fr-FR"},{"@type":"Organization","@id":"https:\/\/sxflightcase.com\/th\/#organization","name":"sxpowercase.com","url":"https:\/\/sxflightcase.com\/th\/","logo":{"@type":"ImageObject","inLanguage":"fr-FR","@id":"https:\/\/sxflightcase.com\/th\/#\/schema\/logo\/image\/","url":"https:\/\/sxflightcase.com\/wp-content\/uploads\/2024\/04\/1713919036007.jpg","contentUrl":"https:\/\/sxflightcase.com\/wp-content\/uploads\/2024\/04\/1713919036007.jpg","width":382,"height":388,"caption":"sxpowercase.com"},"image":{"@id":"https:\/\/sxflightcase.com\/th\/#\/schema\/logo\/image\/"},"sameAs":["https:\/\/www.facebook.com\/profile.php?id=61560407257971"],"numberOfEmployees":{"@type":"QuantitativeValue","minValue":"11","maxValue":"50"}}]}},"_links":{"self":[{"href":"https:\/\/sxflightcase.com\/fr\/wp-json\/wp\/v2\/product\/1838","targetHints":{"allow":["GET"]}}],"collection":[{"href":"https:\/\/sxflightcase.com\/fr\/wp-json\/wp\/v2\/product"}],"about":[{"href":"https:\/\/sxflightcase.com\/fr\/wp-json\/wp\/v2\/types\/product"}],"replies":[{"embeddable":true,"href":"https:\/\/sxflightcase.com\/fr\/wp-json\/wp\/v2\/comments?post=1838"}],"version-history":[{"count":0,"href":"https:\/\/sxflightcase.com\/fr\/wp-json\/wp\/v2\/product\/1838\/revisions"}],"wp:featuredmedia":[{"embeddable":true,"href":"https:\/\/sxflightcase.com\/fr\/wp-json\/wp\/v2\/media\/1839"}],"wp:attachment":[{"href":"https:\/\/sxflightcase.com\/fr\/wp-json\/wp\/v2\/media?parent=1838"}],"wp:term":[{"taxonomy":"product_brand","embeddable":true,"href":"https:\/\/sxflightcase.com\/fr\/wp-json\/wp\/v2\/product_brand?post=1838"},{"taxonomy":"product_cat","embeddable":true,"href":"https:\/\/sxflightcase.com\/fr\/wp-json\/wp\/v2\/product_cat?post=1838"},{"taxonomy":"product_tag","embeddable":true,"href":"https:\/\/sxflightcase.com\/fr\/wp-json\/wp\/v2\/product_tag?post=1838"}],"curies":[{"name":"wp","href":"https:\/\/api.w.org\/{rel}","templated":true}]}}