{"id":3166,"date":"2024-07-01T03:38:44","date_gmt":"2024-07-01T02:38:44","guid":{"rendered":"https:\/\/sxpowercase.com\/?post_type=product&#038;p=3166"},"modified":"2024-07-01T03:38:45","modified_gmt":"2024-07-01T02:38:45","slug":"speaker-flight-case","status":"publish","type":"product","link":"https:\/\/sxflightcase.com\/fr\/produit\/flight-case-pour-haut-parleur\/","title":{"rendered":"Flight case pour haut-parleur"},"content":{"rendered":"<table style=\"height: 348px;\" border=\"2\" width=\"1272\" cellspacing=\"0\" cellpadding=\"0\">\n<tbody>\n<tr>\n<td>Num\u00e9ro d&#039;article<\/td>\n<td>Micro SXFC<\/td>\n<\/tr>\n<tr>\n<td>Mat\u00e9riel<\/td>\n<td>Cadre en aluminium + ignifuge + contreplaqu\u00e9 de 9 mm<\/td>\n<\/tr>\n<tr>\n<td>\u00c0 l&#039;int\u00e9rieur<\/td>\n<td>doublure en mousse<\/td>\n<\/tr>\n<tr>\n<td>Demande sp\u00e9ciale le cas \u00e9ch\u00e9ant<\/td>\n<td>Peut \u00eatre personnalis\u00e9 (style, couleur, taille, etc.)<\/td>\n<\/tr>\n<tr>\n<td>Mat\u00e9riels<\/td>\n<td>Quincaillerie standard industrielle (coins \u00e0 boule, loquets encastr\u00e9s avec cadenas, poign\u00e9es, etc.)<\/td>\n<\/tr>\n<tr>\n<td data-spm-anchor-id=\"a2700.details.0.i59.743c142bY06GzV\">Service personnalis\u00e9<\/td>\n<td>1. Qualit\u00e9 sup\u00e9rieure, prix de fabrication et bon service<\/p>\n<p>2. Service unique de la conception \u00e0 la production en passant par l&#039;emballage<\/p>\n<p>3. Artisanat raffin\u00e9 et design personnalis\u00e9 pour votre propre<\/p>\n<p>4. Le style, la couleur, le mat\u00e9riau et le mat\u00e9riel peuvent tous \u00eatre uniques<\/td>\n<\/tr>\n<tr>\n<td>Temps d&#039;\u00e9chantillonnage<\/td>\n<td>Environ 3 \u00e0 7 jours ouvrables<\/td>\n<\/tr>\n<tr>\n<td>Heure de la commande formelle<\/td>\n<td>environ 15-20 jours<\/td>\n<\/tr>\n<tr>\n<td>Emballage<\/td>\n<td>Sac \u00e0 bulles + carton ext\u00e9rieur<\/td>\n<\/tr>\n<\/tbody>\n<\/table>\n<h3>Flight Case pour enceintes SX : la protection ultime pour votre \u00e9quipement audio<\/h3>\n<h4>\u00c9tui de transport fiable et durable pour haut-parleur<\/h4>\n<p>Lorsqu&#039;il s&#039;agit de transporter votre pr\u00e9cieux \u00e9quipement audio, la fiabilit\u00e9 et la durabilit\u00e9 sont primordiales. Le flight case pour enceintes SX offre une protection exceptionnelle \u00e0 vos enceintes. Con\u00e7u avec des mat\u00e9riaux robustes, il garantit que votre \u00e9quipement reste \u00e0 l&#039;abri des dommages pendant le transport. Faites confiance \u00e0 SX pour un flight case pour enceintes qui offre des performances exceptionnelles \u00e0 chaque fois.<\/p>\n<h4>\u00c9tui de transport personnalisable pour haut-parleur<\/h4>\n<p>Chaque syst\u00e8me audio est unique, c&#039;est pourquoi SX propose des mallettes de transport personnalisables pour enceintes. Nos mallettes sont con\u00e7ues sur mesure pour s&#039;adapter aux dimensions sp\u00e9cifiques de vos enceintes, offrant un ajustement parfait et s\u00e9curis\u00e9. Gr\u00e2ce \u00e0 nos services personnalis\u00e9s, vous pouvez choisir le rembourrage int\u00e9rieur, la finition ext\u00e9rieure et les fonctionnalit\u00e9s suppl\u00e9mentaires pour r\u00e9pondre exactement \u00e0 vos besoins. Am\u00e9liorez le transport de votre \u00e9quipement avec une mallette de transport pour enceintes SX con\u00e7ue sp\u00e9cialement pour vous.<\/p>\n<h4>Solutions de haut-parleurs en flight case abordables<\/h4>\n<p>Il est essentiel de trouver le juste \u00e9quilibre entre qualit\u00e9 et prix abordable. Chez SX, nous proposons des solutions d&#039;enceintes en flight case de haute qualit\u00e9 \u00e0 des prix d&#039;usine. En \u00e9liminant les interm\u00e9diaires, nous proposons des prix comp\u00e9titifs sans compromettre la qualit\u00e9. Que vous soyez un musicien en tourn\u00e9e ou un technicien du son, nos flight cases \u00e0 vendre offrent un excellent rapport qualit\u00e9-prix.<\/p>\n<hr \/>\n<h4>Flight cases haut de gamme \u00e0 vendre<\/h4>\n<p>SX propose \u00e0 la vente une large gamme de flight cases haut de gamme, con\u00e7us pour r\u00e9pondre \u00e0 divers besoins en mati\u00e8re d&#039;\u00e9quipements audio. Nos mod\u00e8les d&#039;enceintes en flight case sont fabriqu\u00e9s avec pr\u00e9cision pour assurer une protection maximale. Chaque \u00e9tui est con\u00e7u avec des coins renforc\u00e9s, des loquets robustes et des poign\u00e9es durables, ce qui les rend parfaits pour les exigences de voyage rigoureuses. Explorez notre s\u00e9lection et trouvez le flight case SX parfait pour votre \u00e9quipement.<\/p>\n<h4>Transport facile gr\u00e2ce \u00e0 l&#039;\u00e9tui de transport pour haut-parleur<\/h4>\n<p>Le transport d&#039;enceintes lourdes peut \u00eatre un v\u00e9ritable casse-t\u00eate, mais pas avec la mallette de transport pour enceintes SX. Con\u00e7ues pour une utilisation facile, nos mallette sont \u00e9quip\u00e9es de roulettes int\u00e9gr\u00e9es et de poign\u00e9es robustes, vous permettant de d\u00e9placer votre \u00e9quipement sans effort. La conception ergonomique vous permet de transporter vos enceintes avec un minimum d&#039;effort, r\u00e9duisant ainsi le risque de blessure et vous faisant gagner du temps.<\/p>\n<h4>\u00c9tui de transport pour haut-parleur, vente directe d&#039;usine<\/h4>\n<p>SX est fier de proposer des flight cases pour enceintes directement depuis l&#039;usine. En achetant directement chez nous, vous b\u00e9n\u00e9ficiez de prix plus bas et de d\u00e9lais de livraison plus rapides. Notre processus de fabrication rationalis\u00e9 garantit que chaque \u00e9tui r\u00e9pond aux normes de qualit\u00e9 les plus \u00e9lev\u00e9es, vous offrant ainsi un produit fiable et con\u00e7u pour durer. Choisissez SX pour des flight cases pour enceintes \u00e9conomiques et de haute qualit\u00e9.<\/p>\n<hr \/>\n<h4>Protection renforc\u00e9e avec haut-parleur Flight Case<\/h4>\n<p>Vos enceintes m\u00e9ritent la meilleure protection, et le flight case SX pour enceintes vous offre exactement cela. Nos valises sont dot\u00e9es d&#039;un int\u00e9rieur en mousse absorbant les chocs et d&#039;un ext\u00e9rieur r\u00e9sistant \u00e0 l&#039;eau, prot\u00e9geant votre \u00e9quipement des impacts et des dommages environnementaux. Que vous soyez sur la route ou en stockage, notre flight case pour enceintes garantit que votre \u00e9quipement reste en parfait \u00e9tat.<\/p>\n<h4>Options personnalisables selon vos besoins<\/h4>\n<p>SX propose une vari\u00e9t\u00e9 d&#039;options personnalisables pour nos flight cases pour enceintes. Des diff\u00e9rentes tailles et configurations int\u00e9rieures aux marquages personnalis\u00e9s, nous proposons des solutions sur mesure adapt\u00e9es \u00e0 vos pr\u00e9f\u00e9rences. Notre \u00e9quipe d&#039;experts travaille en \u00e9troite collaboration avec vous pour concevoir un \u00e9tui qui r\u00e9pond \u00e0 vos exigences sp\u00e9cifiques, garantissant un ajustement parfait pour votre \u00e9quipement.<\/p>\n<h4>Qualit\u00e9 fiable et satisfaction client<\/h4>\n<p>Chez SX, nous nous engageons \u00e0 fournir une qualit\u00e9 fiable et \u00e0 garantir la satisfaction de nos clients. Nos flight cases pour enceintes sont rigoureusement test\u00e9s pour r\u00e9sister aux conditions les plus difficiles, vous offrant ainsi une tranquillit\u00e9 d&#039;esprit. Nous sommes fiers de notre savoir-faire et offrons une garantie sur tous nos produits, refl\u00e9tant notre confiance dans leur durabilit\u00e9 et leurs performances.<\/p>\n<hr \/>\n<h4>Commandez votre flight case pour enceintes SX d\u00e8s aujourd&#039;hui<\/h4>\n<p>Ne faites aucun compromis sur la protection de votre pr\u00e9cieux \u00e9quipement audio. Commandez votre flight case SX d\u00e8s aujourd&#039;hui et d\u00e9couvrez le nec plus ultra en mati\u00e8re de durabilit\u00e9, de personnalisation et d&#039;accessibilit\u00e9. Gr\u00e2ce \u00e0 nos prix d&#039;usine et \u00e0 notre qualit\u00e9 exceptionnelle, vous pouvez faire confiance \u00e0 SX pour vous fournir la meilleure solution pour vos besoins de transport d&#039;enceintes.<\/p>\n<h4>Faites confiance \u00e0 SX pour vos besoins en \u00e9quipement<\/h4>\n<p>SX propose \u00e0 la vente des flight cases de qualit\u00e9 sup\u00e9rieure, con\u00e7us pour r\u00e9pondre aux divers besoins de l&#039;industrie audio. Nos flight cases pour enceintes combinent une construction robuste avec des fonctionnalit\u00e9s pratiques, garantissant que votre \u00e9quipement est toujours en s\u00e9curit\u00e9. Investissez dans un flight case pour enceintes SX et profitez de la confiance qui accompagne une protection sup\u00e9rieure et un excellent rapport qualit\u00e9-prix.<\/p>\n<p>Obtenez un acc\u00e8s maintenant\u00a0:<span style=\"color: #0000ff;\"><a style=\"color: #0000ff;\" href=\"https:\/\/sxpowercase.com\/\">https:\/\/sxpowercase.com\/<\/a><\/span><\/p>\n<p>\u00c9tiquettes \u00e0 chaud: bo\u00eete de distribution \u00e9lectrique, Chine, fournisseurs, usine, personnalis\u00e9, vente en gros, achat, prix bas, en stock, \u00e9chantillon gratuit, bouchons, armoire de rangement \u00e0 tiroirs, mallette de transport 12U avec roue, mallette de transport pour enceinte, fil \u00e9lectrique, mallette rigide pour mixeur,<span style=\"color: #0000ff;\"><a style=\"color: #0000ff;\" href=\"https:\/\/sxflightcase.com\/fr\/product-category\/all-product\/power-distribution-boxes\/\">pouvoir<\/a><\/span> bo\u00eetes,\u00a0<a style=\"color: #0000ff;\" href=\"https:\/\/sxflightcase.com\/fr\/product-category\/all-product\/hoist-controllers\/\">c\u00e2bles d&#039;alimentation<\/a>,\u00a0<a style=\"color: #0000ff;\" href=\"https:\/\/sxflightcase.com\/fr\/product-category\/all-product\/hoist-controllers\/\">contr\u00f4leurs de levage<\/a>,<\/p>","protected":false},"excerpt":{"rendered":"<h2 id=\"ali-title-AliPostDhMb-smk2m\">Description du produit<\/h2>\n<div>\n<p>\u00c9tui de transport pour microphone professionnel, sp\u00e9cialement con\u00e7u pour prot\u00e9ger le microphone, les c\u00e2bles, le r\u00e9cepteur sans fil, etc. Avec une doublure en mousse \u00e0 l&#039;int\u00e9rieur, des poign\u00e9es\/loquets avec cadenas, offrant une protection fiable et utilitaire pour les \u00e9quipements et pratique \u00e0 utiliser.<\/p>\n<p>Nous pouvons fabriquer 1\/2\/4\/6\/8..24 dans une seule caisse, le tout selon votre demande !<\/p>\n<h2>Caract\u00e9ristiques principales :<\/h2>\n<ul>\n<li>\u00a0 \u00a0Contreplaqu\u00e9 robuste de 9 mm et profil\u00e9s en aluminium<\/li>\n<li>\u00a0 \u00a0Mat\u00e9riels industriels standards<\/li>\n<li>\u00a0 \u00a0Doublure en mousse (s\u00e9lectionnable)<\/li>\n<li data-spm-anchor-id=\"a2700.details.0.i58.743c142bY06GzV\">\u00a0 \u00a0Poign\u00e9es de transport encastr\u00e9es<\/li>\n<\/ul>\n<\/div>","protected":false},"featured_media":3167,"comment_status":"open","ping_status":"closed","template":"","meta":[],"product_brand":[],"product_cat":[41],"product_tag":[],"class_list":{"0":"post-3166","1":"product","2":"type-product","3":"status-publish","4":"has-post-thumbnail","6":"product_cat-equipment-cases","8":"first","9":"instock","10":"shipping-taxable","11":"product-type-simple"},"yoast_head":"<!-- This site is optimized with the Yoast SEO Premium plugin v27.1 (Yoast SEO v27.2) - https:\/\/yoast.com\/product\/yoast-seo-premium-wordpress\/ -->\n<title>speaker flight case - https:\/\/sxflightcase.com \ud83d\udc97<\/title>\n<meta name=\"description\" content=\"Speaker flight cases, factory direct! Provide customized, high-quality solutions to ensure safe and reliable speaker transportation. Ideal choice for a variety of performances and events.\" \/>\n<meta name=\"robots\" content=\"index, follow, max-snippet:-1, max-image-preview:large, max-video-preview:-1\" \/>\n<link rel=\"canonical\" href=\"https:\/\/sxflightcase.com\/fr\/san-pham\/speaker-flight-case\/\" \/>\n<meta property=\"og:locale\" content=\"fr_FR\" \/>\n<meta property=\"og:type\" content=\"article\" \/>\n<meta property=\"og:title\" content=\"speaker flight case\" \/>\n<meta property=\"og:description\" content=\"Speaker flight cases, factory direct! Provide customized, high-quality solutions to ensure safe and reliable speaker transportation. Ideal choice for a variety of performances and events.\" \/>\n<meta property=\"og:url\" content=\"https:\/\/sxflightcase.com\/fr\/san-pham\/speaker-flight-case\/\" \/>\n<meta property=\"og:site_name\" content=\"https:\/\/sxflightcase.com\" \/>\n<meta property=\"article:publisher\" content=\"https:\/\/www.facebook.com\/profile.php?id=61560407257971\" \/>\n<meta property=\"article:modified_time\" content=\"2024-07-01T02:38:45+00:00\" \/>\n<meta property=\"og:image\" content=\"https:\/\/sxflightcase.com\/wp-content\/uploads\/2024\/07\/1719799585672.jpg\" \/>\n\t<meta property=\"og:image:width\" content=\"700\" \/>\n\t<meta property=\"og:image:height\" content=\"700\" \/>\n\t<meta property=\"og:image:type\" content=\"image\/jpeg\" \/>\n<meta name=\"twitter:card\" content=\"summary_large_image\" \/>\n<meta name=\"twitter:label1\" content=\"Dur\u00e9e de lecture estim\u00e9e\" \/>\n\t<meta name=\"twitter:data1\" content=\"5 minutes\" \/>\n<script type=\"application\/ld+json\" class=\"yoast-schema-graph\">{\"@context\":\"https:\/\/schema.org\",\"@graph\":[{\"@type\":\"WebPage\",\"@id\":\"https:\/\/sxflightcase.com\/vi\/san-pham\/speaker-flight-case\/\",\"url\":\"https:\/\/sxflightcase.com\/vi\/san-pham\/speaker-flight-case\/\",\"name\":\"speaker flight case - https:\/\/sxflightcase.com \ud83d\udc97\",\"isPartOf\":{\"@id\":\"https:\/\/sxflightcase.com\/th\/#website\"},\"primaryImageOfPage\":{\"@id\":\"https:\/\/sxflightcase.com\/vi\/san-pham\/speaker-flight-case\/#primaryimage\"},\"image\":{\"@id\":\"https:\/\/sxflightcase.com\/vi\/san-pham\/speaker-flight-case\/#primaryimage\"},\"thumbnailUrl\":\"https:\/\/sxflightcase.com\/wp-content\/uploads\/2024\/07\/1719799585672.jpg\",\"datePublished\":\"2024-07-01T02:38:44+00:00\",\"dateModified\":\"2024-07-01T02:38:45+00:00\",\"description\":\"Speaker flight cases, factory direct! Provide customized, high-quality solutions to ensure safe and reliable speaker transportation. Ideal choice for a variety of performances and events.\",\"breadcrumb\":{\"@id\":\"https:\/\/sxflightcase.com\/vi\/san-pham\/speaker-flight-case\/#breadcrumb\"},\"inLanguage\":\"fr-FR\",\"potentialAction\":[{\"@type\":\"ReadAction\",\"target\":[\"https:\/\/sxflightcase.com\/vi\/san-pham\/speaker-flight-case\/\"]}]},{\"@type\":\"ImageObject\",\"inLanguage\":\"fr-FR\",\"@id\":\"https:\/\/sxflightcase.com\/vi\/san-pham\/speaker-flight-case\/#primaryimage\",\"url\":\"https:\/\/sxflightcase.com\/wp-content\/uploads\/2024\/07\/1719799585672.jpg\",\"contentUrl\":\"https:\/\/sxflightcase.com\/wp-content\/uploads\/2024\/07\/1719799585672.jpg\",\"width\":700,\"height\":700,\"caption\":\"speaker flight case\"},{\"@type\":\"BreadcrumbList\",\"@id\":\"https:\/\/sxflightcase.com\/vi\/san-pham\/speaker-flight-case\/#breadcrumb\",\"itemListElement\":[{\"@type\":\"ListItem\",\"position\":1,\"name\":\"Home\",\"item\":\"https:\/\/sxflightcase.com\/\"},{\"@type\":\"ListItem\",\"position\":2,\"name\":\"\u0e2a\u0e34\u0e19\u0e04\u0e49\u0e32\",\"item\":\"https:\/\/sxflightcase.com\/th\/shop\/\"},{\"@type\":\"ListItem\",\"position\":3,\"name\":\"speaker flight case\"}]},{\"@type\":\"WebSite\",\"@id\":\"https:\/\/sxflightcase.com\/th\/#website\",\"url\":\"https:\/\/sxflightcase.com\/th\/\",\"name\":\"sxpowercase.com\",\"description\":\"Flight Case Factory\",\"publisher\":{\"@id\":\"https:\/\/sxflightcase.com\/th\/#organization\"},\"potentialAction\":[{\"@type\":\"SearchAction\",\"target\":{\"@type\":\"EntryPoint\",\"urlTemplate\":\"https:\/\/sxflightcase.com\/th\/?s={search_term_string}\"},\"query-input\":{\"@type\":\"PropertyValueSpecification\",\"valueRequired\":true,\"valueName\":\"search_term_string\"}}],\"inLanguage\":\"fr-FR\"},{\"@type\":\"Organization\",\"@id\":\"https:\/\/sxflightcase.com\/th\/#organization\",\"name\":\"sxpowercase.com\",\"url\":\"https:\/\/sxflightcase.com\/th\/\",\"logo\":{\"@type\":\"ImageObject\",\"inLanguage\":\"fr-FR\",\"@id\":\"https:\/\/sxflightcase.com\/th\/#\/schema\/logo\/image\/\",\"url\":\"https:\/\/sxflightcase.com\/wp-content\/uploads\/2024\/04\/1713919036007.jpg\",\"contentUrl\":\"https:\/\/sxflightcase.com\/wp-content\/uploads\/2024\/04\/1713919036007.jpg\",\"width\":382,\"height\":388,\"caption\":\"sxpowercase.com\"},\"image\":{\"@id\":\"https:\/\/sxflightcase.com\/th\/#\/schema\/logo\/image\/\"},\"sameAs\":[\"https:\/\/www.facebook.com\/profile.php?id=61560407257971\"],\"numberOfEmployees\":{\"@type\":\"QuantitativeValue\",\"minValue\":\"11\",\"maxValue\":\"50\"}}]}<\/script>\n<!-- \/ Yoast SEO Premium plugin. -->","yoast_head_json":{"title":"speaker flight case - https:\/\/sxflightcase.com \ud83d\udc97","description":"Flight cases pour enceintes, directement depuis l&#039;usine ! Proposez des solutions personnalis\u00e9es et de haute qualit\u00e9 pour assurer un transport s\u00fbr et fiable des enceintes. Choix id\u00e9al pour une vari\u00e9t\u00e9 de performances et d&#039;\u00e9v\u00e9nements.","robots":{"index":"index","follow":"follow","max-snippet":"max-snippet:-1","max-image-preview":"max-image-preview:large","max-video-preview":"max-video-preview:-1"},"canonical":"https:\/\/sxflightcase.com\/fr\/san-pham\/speaker-flight-case\/","og_locale":"fr_FR","og_type":"article","og_title":"speaker flight case","og_description":"Speaker flight cases, factory direct! Provide customized, high-quality solutions to ensure safe and reliable speaker transportation. Ideal choice for a variety of performances and events.","og_url":"https:\/\/sxflightcase.com\/fr\/san-pham\/speaker-flight-case\/","og_site_name":"https:\/\/sxflightcase.com","article_publisher":"https:\/\/www.facebook.com\/profile.php?id=61560407257971","article_modified_time":"2024-07-01T02:38:45+00:00","og_image":[{"width":700,"height":700,"url":"https:\/\/sxflightcase.com\/wp-content\/uploads\/2024\/07\/1719799585672.jpg","type":"image\/jpeg"}],"twitter_card":"summary_large_image","twitter_misc":{"Dur\u00e9e de lecture estim\u00e9e":"5 minutes"},"schema":{"@context":"https:\/\/schema.org","@graph":[{"@type":"WebPage","@id":"https:\/\/sxflightcase.com\/vi\/san-pham\/speaker-flight-case\/","url":"https:\/\/sxflightcase.com\/vi\/san-pham\/speaker-flight-case\/","name":"speaker flight case - https:\/\/sxflightcase.com \ud83d\udc97","isPartOf":{"@id":"https:\/\/sxflightcase.com\/th\/#website"},"primaryImageOfPage":{"@id":"https:\/\/sxflightcase.com\/vi\/san-pham\/speaker-flight-case\/#primaryimage"},"image":{"@id":"https:\/\/sxflightcase.com\/vi\/san-pham\/speaker-flight-case\/#primaryimage"},"thumbnailUrl":"https:\/\/sxflightcase.com\/wp-content\/uploads\/2024\/07\/1719799585672.jpg","datePublished":"2024-07-01T02:38:44+00:00","dateModified":"2024-07-01T02:38:45+00:00","description":"Flight cases pour enceintes, directement depuis l&#039;usine ! Proposez des solutions personnalis\u00e9es et de haute qualit\u00e9 pour assurer un transport s\u00fbr et fiable des enceintes. Choix id\u00e9al pour une vari\u00e9t\u00e9 de performances et d&#039;\u00e9v\u00e9nements.","breadcrumb":{"@id":"https:\/\/sxflightcase.com\/vi\/san-pham\/speaker-flight-case\/#breadcrumb"},"inLanguage":"fr-FR","potentialAction":[{"@type":"ReadAction","target":["https:\/\/sxflightcase.com\/vi\/san-pham\/speaker-flight-case\/"]}]},{"@type":"ImageObject","inLanguage":"fr-FR","@id":"https:\/\/sxflightcase.com\/vi\/san-pham\/speaker-flight-case\/#primaryimage","url":"https:\/\/sxflightcase.com\/wp-content\/uploads\/2024\/07\/1719799585672.jpg","contentUrl":"https:\/\/sxflightcase.com\/wp-content\/uploads\/2024\/07\/1719799585672.jpg","width":700,"height":700,"caption":"speaker flight case"},{"@type":"BreadcrumbList","@id":"https:\/\/sxflightcase.com\/vi\/san-pham\/speaker-flight-case\/#breadcrumb","itemListElement":[{"@type":"ListItem","position":1,"name":"Home","item":"https:\/\/sxflightcase.com\/"},{"@type":"ListItem","position":2,"name":"\u0e2a\u0e34\u0e19\u0e04\u0e49\u0e32","item":"https:\/\/sxflightcase.com\/th\/shop\/"},{"@type":"ListItem","position":3,"name":"speaker flight case"}]},{"@type":"WebSite","@id":"https:\/\/sxflightcase.com\/th\/#website","url":"https:\/\/sxflightcase.com\/th\/","name":"sxpowercase.com","description":"Flight Case Factory","publisher":{"@id":"https:\/\/sxflightcase.com\/th\/#organization"},"potentialAction":[{"@type":"SearchAction","target":{"@type":"EntryPoint","urlTemplate":"https:\/\/sxflightcase.com\/th\/?s={search_term_string}"},"query-input":{"@type":"PropertyValueSpecification","valueRequired":true,"valueName":"search_term_string"}}],"inLanguage":"fr-FR"},{"@type":"Organization","@id":"https:\/\/sxflightcase.com\/th\/#organization","name":"sxpowercase.com","url":"https:\/\/sxflightcase.com\/th\/","logo":{"@type":"ImageObject","inLanguage":"fr-FR","@id":"https:\/\/sxflightcase.com\/th\/#\/schema\/logo\/image\/","url":"https:\/\/sxflightcase.com\/wp-content\/uploads\/2024\/04\/1713919036007.jpg","contentUrl":"https:\/\/sxflightcase.com\/wp-content\/uploads\/2024\/04\/1713919036007.jpg","width":382,"height":388,"caption":"sxpowercase.com"},"image":{"@id":"https:\/\/sxflightcase.com\/th\/#\/schema\/logo\/image\/"},"sameAs":["https:\/\/www.facebook.com\/profile.php?id=61560407257971"],"numberOfEmployees":{"@type":"QuantitativeValue","minValue":"11","maxValue":"50"}}]}},"_links":{"self":[{"href":"https:\/\/sxflightcase.com\/fr\/wp-json\/wp\/v2\/product\/3166","targetHints":{"allow":["GET"]}}],"collection":[{"href":"https:\/\/sxflightcase.com\/fr\/wp-json\/wp\/v2\/product"}],"about":[{"href":"https:\/\/sxflightcase.com\/fr\/wp-json\/wp\/v2\/types\/product"}],"replies":[{"embeddable":true,"href":"https:\/\/sxflightcase.com\/fr\/wp-json\/wp\/v2\/comments?post=3166"}],"version-history":[{"count":0,"href":"https:\/\/sxflightcase.com\/fr\/wp-json\/wp\/v2\/product\/3166\/revisions"}],"wp:featuredmedia":[{"embeddable":true,"href":"https:\/\/sxflightcase.com\/fr\/wp-json\/wp\/v2\/media\/3167"}],"wp:attachment":[{"href":"https:\/\/sxflightcase.com\/fr\/wp-json\/wp\/v2\/media?parent=3166"}],"wp:term":[{"taxonomy":"product_brand","embeddable":true,"href":"https:\/\/sxflightcase.com\/fr\/wp-json\/wp\/v2\/product_brand?post=3166"},{"taxonomy":"product_cat","embeddable":true,"href":"https:\/\/sxflightcase.com\/fr\/wp-json\/wp\/v2\/product_cat?post=3166"},{"taxonomy":"product_tag","embeddable":true,"href":"https:\/\/sxflightcase.com\/fr\/wp-json\/wp\/v2\/product_tag?post=3166"}],"curies":[{"name":"wp","href":"https:\/\/api.w.org\/{rel}","templated":true}]}}