{"id":3834,"date":"2024-07-29T07:38:50","date_gmt":"2024-07-29T06:38:50","guid":{"rendered":"https:\/\/sxpowercase.com\/?post_type=product&#038;p=3834"},"modified":"2024-07-29T07:38:51","modified_gmt":"2024-07-29T06:38:51","slug":"butterfly-latches-loa202","status":"publish","type":"product","link":"https:\/\/sxflightcase.com\/fr\/produit\/loa202-loa202-loa202-loa202-loa202-loa202-loa202-loa202-2\/","title":{"rendered":"Loquets papillon LOA202"},"content":{"rendered":"<h1>Loquets papillon SX : S\u00e9curisez votre \u00e9quipement en toute confiance<\/h1>\n<h2>S\u00e9curit\u00e9 imbattable avec les loquets papillon SX<\/h2>\n<p>Pour prot\u00e9ger votre \u00e9quipement de valeur, le loquet papillon SX est le premier choix. Con\u00e7us avec pr\u00e9cision, nos loquets garantissent que vos flight cases sont bien ferm\u00e9s, offrant ainsi une protection in\u00e9gal\u00e9e. Que ce soit pour les musiciens, les techniciens audio ou les professionnels de l'\u00e9v\u00e9nementiel, les loquets papillon SX offrent la s\u00e9curit\u00e9 et la tranquillit\u00e9 d'esprit dont vous avez besoin.<\/p>\n<h2>Durabilit\u00e9 et qualit\u00e9 sup\u00e9rieures<\/h2>\n<p>\u00c0 <a href=\"https:\/\/sxpowercase.com\/\" target=\"_blank\" rel=\"noopener\" title=\"SX\" data-wpil-monitor-id=\"603\">SX<\/a>En tant qu'entreprise, nous accordons la priorit\u00e9 \u00e0 la qualit\u00e9 et \u00e0 la durabilit\u00e9 de chacun de nos produits. Nos fermetures papillon sont fabriqu\u00e9es \u00e0 partir de mat\u00e9riaux de haute qualit\u00e9, con\u00e7us pour r\u00e9sister aux exigences d'une utilisation fr\u00e9quente. Gr\u00e2ce \u00e0 cette construction robuste, vos flight cases restent solidement attach\u00e9s, prot\u00e9geant ainsi votre \u00e9quipement contre les dommages. Avec SX, vous savez que votre mat\u00e9riel est toujours entre de bonnes mains.<\/p>\n<h2>L'excellence en direct de l'usine<\/h2>\n<p>SX propose des produits fabriqu\u00e9s en usine, ce qui garantit un contr\u00f4le de qualit\u00e9 de premier ordre et des prix comp\u00e9titifs. Nos loquets papillons sont produits avec une attention m\u00e9ticuleuse aux d\u00e9tails et r\u00e9pondent \u00e0 des normes de qualit\u00e9 rigoureuses. En supprimant les interm\u00e9diaires, nous fournissons des produits de qualit\u00e9 sup\u00e9rieure \u00e0 des prix abordables, rendant ainsi les solutions de s\u00e9curit\u00e9 sup\u00e9rieures accessibles \u00e0 tous.<\/p>\n<h2>Conception conviviale<\/h2>\n<p>Nos fermetures papillon sont con\u00e7ues pour \u00eatre faciles \u00e0 utiliser. Le m\u00e9canisme simple et intuitif permet d'ouvrir et de fermer rapidement et sans effort vos flight cases. Qu'il s'agisse de pr\u00e9parer un concert ou de ranger les bagages apr\u00e8s un \u00e9v\u00e9nement, les fermetures papillon SX rationalisent le processus, vous faisant gagner du temps et \u00e9conomiser des efforts.<\/p>\n<h2>Des solutions personnalis\u00e9es pour des besoins uniques<\/h2>\n<p>Chaque \u00e9quipement a des exigences uniques, et SX comprend la n\u00e9cessit\u00e9 de solutions personnalis\u00e9es. Nous proposons une gamme d'options de personnalisation pour nos fermetures papillon, afin qu'elles r\u00e9pondent parfaitement \u00e0 vos besoins sp\u00e9cifiques. Que vous ayez besoin d'une taille, d'une finition ou d'un design particulier, notre \u00e9quipe est pr\u00eate \u00e0 vous fournir des solutions sur mesure.<\/p>\n<h2>Qualit\u00e9 abordable<\/h2>\n<p>Chez SX, nous nous engageons \u00e0 offrir des produits de haute qualit\u00e9 \u00e0 des prix comp\u00e9titifs. Notre mod\u00e8le d'usine directe nous permet d'offrir une valeur exceptionnelle sans compromettre la qualit\u00e9. En choisissant les loquets papillon SX, vous investissez dans des solutions de s\u00e9curit\u00e9 durables et fiables qui offrent un excellent rapport qualit\u00e9-prix.<\/p>\n<h2>Applications polyvalentes<\/h2>\n<p>Les fermetures papillon SX sont polyvalentes et conviennent donc \u00e0 un large \u00e9ventail d'applications. Qu'il s'agisse de caisses de vol, de racks d'\u00e9quipement, de bo\u00eetes de rangement ou de caisses \u00e0 outils, nos loquets garantissent une fermeture s\u00fbre dans diff\u00e9rents contextes. Faites confiance \u00e0 SX pour tous vos besoins en mati\u00e8re de loquets papillon et b\u00e9n\u00e9ficiez de leur flexibilit\u00e9 et de leur fiabilit\u00e9.<\/p>\n<h2>Pourquoi choisir SX?<\/h2>\n<p>Opter pour SX, c'est choisir l'excellence en mati\u00e8re de qualit\u00e9, de fiabilit\u00e9 et de prix. Nos fermetures papillon offrent une protection optimale \u00e0 votre \u00e9quipement, garantissant qu'il reste en s\u00e9curit\u00e9. Gr\u00e2ce \u00e0 notre assurance qualit\u00e9 directe, vous pouvez \u00eatre s\u00fbr de recevoir des produits de premi\u00e8re qualit\u00e9 \u00e0 des prix imbattables.<\/p>\n<h2>Prendre contact avec SX<\/h2>\n<p>Pr\u00eat \u00e0 renforcer la s\u00e9curit\u00e9 de votre \u00e9quipement avec le loquet papillon SX ? Contactez-nous d\u00e8s aujourd'hui pour en savoir plus sur nos produits et nos options de personnalisation. Notre \u00e9quipe est impatiente de vous aider \u00e0 trouver les solutions parfaites pour vos besoins. Faites confiance \u00e0 SX pour toutes vos exigences en mati\u00e8re de loquet papillon et b\u00e9n\u00e9ficiez d'une qualit\u00e9 et d'une fiabilit\u00e9 in\u00e9gal\u00e9es.<\/p>\n<p>Contactez-nous maintenant :<span style=\"color: #0000ff;\"><a style=\"color: #0000ff;\" href=\"https:\/\/sxpowercase.com\/contact-us\/\">https:\/\/sxpowercase.com\/<\/a><\/span><\/p>\n<p>Catalogue de produits mat\u00e9riels :<span style=\"color: #3366ff;\"><a style=\"color: #3366ff;\" href=\"https:\/\/sxpowercase.com\/wp-content\/uploads\/2024\/07\/\u4e94\u91d1.pdf\">Catalogue d&#039;accessoires de quincaillerie<\/a><\/span><\/p>","protected":false},"excerpt":{"rendered":"<div class=\"yoast-text-mark\">ass=&#8221;yoast-text-mark&#8221;&gt;ass=&#8221;flex-shrink-0 flex flex-col relative items-end&#8221;&gt;<\/p>\n<div>\n<div class=\"\">=&#8221;pt-0&#8243;&gt;<\/p>\n<div>s=&#8221;gizmo-bot-avatar flex h-8 w-8 items-center justify-center overflow-hidden rounded-full&#8221;&gt;<\/p>\n<h3 class=\"relative p-1 rounded-sm flex items-center justify-center bg-token-main-surface-primary text-token-text-primary h-8 w-8\">Unmatched Security with SX&#8217;s Butterfly Latch<\/h3>\n<\/div>\n<\/div>\n<p>&lt;\/div&gt;<\/p><\/div>\n<div class=\"\">=&#8221;group\/conversation-turn relative flex w-full min-w-0 flex-col agent-turn&#8221;&gt;<\/p>\n<div class=\"flex-col gap-1 md:gap-3\">\n<div class=\"flex flex-grow flex-col max-w-full AIPRM__conversation__response\">\n<div class=\"min-h-[20px] text-message flex w-full flex-col items-end gap-2 whitespace-pre-wrap break-words [.text-message+&amp;]:mt-5 overflow-x-auto\" dir=\"auto\" data-message-author-role=\"assistant\" data-message-id=\"5f113cd8-0571-4314-acba-63f4a0d58950\">\n<div class=\"flex w-full flex-col gap-1 empty:hidden first:pt-[3px]\">\n<div class=\"markdown prose w-full break-words dark:prose-invert light\">\n<p>Protect your valuable equipment with SX&#8217;s robust and reliable butterfly latches. Built from high-quality materials, these latches ensure secure closure for flight cases, offering unmatched security and peace of mind during transport and storage.<\/p>\n<h3>Factory-Direct Quality at Affordable Prices<\/h3>\n<p>Experience top-tier quality without breaking the bank with SX&#8217;s factory-direct butterfly latches. Our latches provide durability and reliability at competitive prices, ensuring you get the best value for your money.<\/p>\n<h3>Customisable and Convenient Butterfly Latches<\/h3>\n<p>SX offers easy-to-use butterfly latches with customisation options to meet your unique needs. Whether for flight cases or storage boxes, our latches deliver secure closures, making your job simpler and more efficient.<\/p>\n<\/div>\n<\/div>\n<\/div>\n<\/div>\n<\/div>\n<\/div>\n<\/div>\n","protected":false},"featured_media":3775,"comment_status":"open","ping_status":"closed","template":"","meta":[],"product_brand":[],"product_cat":[61],"product_tag":[],"class_list":{"0":"post-3834","1":"product","2":"type-product","3":"status-publish","4":"has-post-thumbnail","6":"product_cat-catchother-locks","8":"first","9":"instock","10":"shipping-taxable","11":"product-type-simple"},"yoast_head":"<!-- This site is optimized with the Yoast SEO Premium plugin v27.1 (Yoast SEO v27.2) - https:\/\/yoast.com\/product\/yoast-seo-premium-wordpress\/ -->\n<title>Butterfly Latches LOA202 - https:\/\/sxflightcase.com \ud83d\udc97<\/title>\n<meta name=\"description\" content=\"Butterfly latches, factory direct! High-quality, reliable solutions for secure closures on flight cases and equipment. Ideal for professional and industrial use.\" \/>\n<meta name=\"robots\" content=\"index, follow, max-snippet:-1, max-image-preview:large, max-video-preview:-1\" \/>\n<link rel=\"canonical\" href=\"https:\/\/sxflightcase.com\/fr\/urun\/kelebek-mandallar-loa202-2\/\" \/>\n<meta property=\"og:locale\" content=\"fr_FR\" \/>\n<meta property=\"og:type\" content=\"article\" \/>\n<meta property=\"og:title\" content=\"Butterfly Latches LOA202\" \/>\n<meta property=\"og:description\" content=\"Butterfly latches, factory direct! High-quality, reliable solutions for secure closures on flight cases and equipment. Ideal for professional and industrial use.\" \/>\n<meta property=\"og:url\" content=\"https:\/\/sxflightcase.com\/fr\/urun\/kelebek-mandallar-loa202-2\/\" \/>\n<meta property=\"og:site_name\" content=\"https:\/\/sxflightcase.com\" \/>\n<meta property=\"article:publisher\" content=\"https:\/\/www.facebook.com\/profile.php?id=61560407257971\" \/>\n<meta property=\"article:modified_time\" content=\"2024-07-29T06:38:51+00:00\" \/>\n<meta property=\"og:image\" content=\"https:\/\/sxflightcase.com\/wp-content\/uploads\/2024\/07\/LOA202.jpg\" \/>\n\t<meta property=\"og:image:width\" content=\"520\" \/>\n\t<meta property=\"og:image:height\" content=\"460\" \/>\n\t<meta property=\"og:image:type\" content=\"image\/jpeg\" \/>\n<meta name=\"twitter:card\" content=\"summary_large_image\" \/>\n<meta name=\"twitter:label1\" content=\"Dur\u00e9e de lecture estim\u00e9e\" \/>\n\t<meta name=\"twitter:data1\" content=\"3 minutes\" \/>\n<script type=\"application\/ld+json\" class=\"yoast-schema-graph\">{\"@context\":\"https:\/\/schema.org\",\"@graph\":[{\"@type\":\"WebPage\",\"@id\":\"https:\/\/sxflightcase.com\/tr\/urun\/kelebek-mandallar-loa202-2\/\",\"url\":\"https:\/\/sxflightcase.com\/tr\/urun\/kelebek-mandallar-loa202-2\/\",\"name\":\"Butterfly Latches LOA202 - https:\/\/sxflightcase.com \ud83d\udc97\",\"isPartOf\":{\"@id\":\"https:\/\/sxflightcase.com\/th\/#website\"},\"primaryImageOfPage\":{\"@id\":\"https:\/\/sxflightcase.com\/tr\/urun\/kelebek-mandallar-loa202-2\/#primaryimage\"},\"image\":{\"@id\":\"https:\/\/sxflightcase.com\/tr\/urun\/kelebek-mandallar-loa202-2\/#primaryimage\"},\"thumbnailUrl\":\"https:\/\/sxflightcase.com\/wp-content\/uploads\/2024\/07\/LOA202.jpg\",\"datePublished\":\"2024-07-29T06:38:50+00:00\",\"dateModified\":\"2024-07-29T06:38:51+00:00\",\"description\":\"Butterfly latches, factory direct! High-quality, reliable solutions for secure closures on flight cases and equipment. Ideal for professional and industrial use.\",\"breadcrumb\":{\"@id\":\"https:\/\/sxflightcase.com\/tr\/urun\/kelebek-mandallar-loa202-2\/#breadcrumb\"},\"inLanguage\":\"fr-FR\",\"potentialAction\":[{\"@type\":\"ReadAction\",\"target\":[\"https:\/\/sxflightcase.com\/tr\/urun\/kelebek-mandallar-loa202-2\/\"]}]},{\"@type\":\"ImageObject\",\"inLanguage\":\"fr-FR\",\"@id\":\"https:\/\/sxflightcase.com\/tr\/urun\/kelebek-mandallar-loa202-2\/#primaryimage\",\"url\":\"https:\/\/sxflightcase.com\/wp-content\/uploads\/2024\/07\/LOA202.jpg\",\"contentUrl\":\"https:\/\/sxflightcase.com\/wp-content\/uploads\/2024\/07\/LOA202.jpg\",\"width\":520,\"height\":460,\"caption\":\"Butterfly Latches\"},{\"@type\":\"BreadcrumbList\",\"@id\":\"https:\/\/sxflightcase.com\/tr\/urun\/kelebek-mandallar-loa202-2\/#breadcrumb\",\"itemListElement\":[{\"@type\":\"ListItem\",\"position\":1,\"name\":\"Home\",\"item\":\"https:\/\/sxflightcase.com\/\"},{\"@type\":\"ListItem\",\"position\":2,\"name\":\"\u0e2a\u0e34\u0e19\u0e04\u0e49\u0e32\",\"item\":\"https:\/\/sxflightcase.com\/th\/shop\/\"},{\"@type\":\"ListItem\",\"position\":3,\"name\":\"Butterfly Latches LOA202\"}]},{\"@type\":\"WebSite\",\"@id\":\"https:\/\/sxflightcase.com\/th\/#website\",\"url\":\"https:\/\/sxflightcase.com\/th\/\",\"name\":\"sxpowercase.com\",\"description\":\"Flight Case Factory\",\"publisher\":{\"@id\":\"https:\/\/sxflightcase.com\/th\/#organization\"},\"potentialAction\":[{\"@type\":\"SearchAction\",\"target\":{\"@type\":\"EntryPoint\",\"urlTemplate\":\"https:\/\/sxflightcase.com\/th\/?s={search_term_string}\"},\"query-input\":{\"@type\":\"PropertyValueSpecification\",\"valueRequired\":true,\"valueName\":\"search_term_string\"}}],\"inLanguage\":\"fr-FR\"},{\"@type\":\"Organization\",\"@id\":\"https:\/\/sxflightcase.com\/th\/#organization\",\"name\":\"sxpowercase.com\",\"url\":\"https:\/\/sxflightcase.com\/th\/\",\"logo\":{\"@type\":\"ImageObject\",\"inLanguage\":\"fr-FR\",\"@id\":\"https:\/\/sxflightcase.com\/th\/#\/schema\/logo\/image\/\",\"url\":\"https:\/\/sxflightcase.com\/wp-content\/uploads\/2024\/04\/1713919036007.jpg\",\"contentUrl\":\"https:\/\/sxflightcase.com\/wp-content\/uploads\/2024\/04\/1713919036007.jpg\",\"width\":382,\"height\":388,\"caption\":\"sxpowercase.com\"},\"image\":{\"@id\":\"https:\/\/sxflightcase.com\/th\/#\/schema\/logo\/image\/\"},\"sameAs\":[\"https:\/\/www.facebook.com\/profile.php?id=61560407257971\"],\"numberOfEmployees\":{\"@type\":\"QuantitativeValue\",\"minValue\":\"11\",\"maxValue\":\"50\"}}]}<\/script>\n<!-- \/ Yoast SEO Premium plugin. -->","yoast_head_json":{"title":"Butterfly Latches LOA202 - https:\/\/sxflightcase.com \ud83d\udc97","description":"Fermetures papillon, en direct de l'usine ! Solutions fiables et de haute qualit\u00e9 pour des fermetures s\u00e9curis\u00e9es sur les flight cases et les \u00e9quipements. Id\u00e9ales pour un usage professionnel et industriel.","robots":{"index":"index","follow":"follow","max-snippet":"max-snippet:-1","max-image-preview":"max-image-preview:large","max-video-preview":"max-video-preview:-1"},"canonical":"https:\/\/sxflightcase.com\/fr\/urun\/kelebek-mandallar-loa202-2\/","og_locale":"fr_FR","og_type":"article","og_title":"Butterfly Latches LOA202","og_description":"Butterfly latches, factory direct! High-quality, reliable solutions for secure closures on flight cases and equipment. Ideal for professional and industrial use.","og_url":"https:\/\/sxflightcase.com\/fr\/urun\/kelebek-mandallar-loa202-2\/","og_site_name":"https:\/\/sxflightcase.com","article_publisher":"https:\/\/www.facebook.com\/profile.php?id=61560407257971","article_modified_time":"2024-07-29T06:38:51+00:00","og_image":[{"width":520,"height":460,"url":"https:\/\/sxflightcase.com\/wp-content\/uploads\/2024\/07\/LOA202.jpg","type":"image\/jpeg"}],"twitter_card":"summary_large_image","twitter_misc":{"Dur\u00e9e de lecture estim\u00e9e":"3 minutes"},"schema":{"@context":"https:\/\/schema.org","@graph":[{"@type":"WebPage","@id":"https:\/\/sxflightcase.com\/tr\/urun\/kelebek-mandallar-loa202-2\/","url":"https:\/\/sxflightcase.com\/tr\/urun\/kelebek-mandallar-loa202-2\/","name":"Butterfly Latches LOA202 - https:\/\/sxflightcase.com \ud83d\udc97","isPartOf":{"@id":"https:\/\/sxflightcase.com\/th\/#website"},"primaryImageOfPage":{"@id":"https:\/\/sxflightcase.com\/tr\/urun\/kelebek-mandallar-loa202-2\/#primaryimage"},"image":{"@id":"https:\/\/sxflightcase.com\/tr\/urun\/kelebek-mandallar-loa202-2\/#primaryimage"},"thumbnailUrl":"https:\/\/sxflightcase.com\/wp-content\/uploads\/2024\/07\/LOA202.jpg","datePublished":"2024-07-29T06:38:50+00:00","dateModified":"2024-07-29T06:38:51+00:00","description":"Fermetures papillon, en direct de l'usine ! Solutions fiables et de haute qualit\u00e9 pour des fermetures s\u00e9curis\u00e9es sur les flight cases et les \u00e9quipements. Id\u00e9ales pour un usage professionnel et industriel.","breadcrumb":{"@id":"https:\/\/sxflightcase.com\/tr\/urun\/kelebek-mandallar-loa202-2\/#breadcrumb"},"inLanguage":"fr-FR","potentialAction":[{"@type":"ReadAction","target":["https:\/\/sxflightcase.com\/tr\/urun\/kelebek-mandallar-loa202-2\/"]}]},{"@type":"ImageObject","inLanguage":"fr-FR","@id":"https:\/\/sxflightcase.com\/tr\/urun\/kelebek-mandallar-loa202-2\/#primaryimage","url":"https:\/\/sxflightcase.com\/wp-content\/uploads\/2024\/07\/LOA202.jpg","contentUrl":"https:\/\/sxflightcase.com\/wp-content\/uploads\/2024\/07\/LOA202.jpg","width":520,"height":460,"caption":"Butterfly Latches"},{"@type":"BreadcrumbList","@id":"https:\/\/sxflightcase.com\/tr\/urun\/kelebek-mandallar-loa202-2\/#breadcrumb","itemListElement":[{"@type":"ListItem","position":1,"name":"Home","item":"https:\/\/sxflightcase.com\/"},{"@type":"ListItem","position":2,"name":"\u0e2a\u0e34\u0e19\u0e04\u0e49\u0e32","item":"https:\/\/sxflightcase.com\/th\/shop\/"},{"@type":"ListItem","position":3,"name":"Butterfly Latches LOA202"}]},{"@type":"WebSite","@id":"https:\/\/sxflightcase.com\/th\/#website","url":"https:\/\/sxflightcase.com\/th\/","name":"sxpowercase.com","description":"Flight Case Factory","publisher":{"@id":"https:\/\/sxflightcase.com\/th\/#organization"},"potentialAction":[{"@type":"SearchAction","target":{"@type":"EntryPoint","urlTemplate":"https:\/\/sxflightcase.com\/th\/?s={search_term_string}"},"query-input":{"@type":"PropertyValueSpecification","valueRequired":true,"valueName":"search_term_string"}}],"inLanguage":"fr-FR"},{"@type":"Organization","@id":"https:\/\/sxflightcase.com\/th\/#organization","name":"sxpowercase.com","url":"https:\/\/sxflightcase.com\/th\/","logo":{"@type":"ImageObject","inLanguage":"fr-FR","@id":"https:\/\/sxflightcase.com\/th\/#\/schema\/logo\/image\/","url":"https:\/\/sxflightcase.com\/wp-content\/uploads\/2024\/04\/1713919036007.jpg","contentUrl":"https:\/\/sxflightcase.com\/wp-content\/uploads\/2024\/04\/1713919036007.jpg","width":382,"height":388,"caption":"sxpowercase.com"},"image":{"@id":"https:\/\/sxflightcase.com\/th\/#\/schema\/logo\/image\/"},"sameAs":["https:\/\/www.facebook.com\/profile.php?id=61560407257971"],"numberOfEmployees":{"@type":"QuantitativeValue","minValue":"11","maxValue":"50"}}]}},"_links":{"self":[{"href":"https:\/\/sxflightcase.com\/fr\/wp-json\/wp\/v2\/product\/3834","targetHints":{"allow":["GET"]}}],"collection":[{"href":"https:\/\/sxflightcase.com\/fr\/wp-json\/wp\/v2\/product"}],"about":[{"href":"https:\/\/sxflightcase.com\/fr\/wp-json\/wp\/v2\/types\/product"}],"replies":[{"embeddable":true,"href":"https:\/\/sxflightcase.com\/fr\/wp-json\/wp\/v2\/comments?post=3834"}],"version-history":[{"count":0,"href":"https:\/\/sxflightcase.com\/fr\/wp-json\/wp\/v2\/product\/3834\/revisions"}],"wp:featuredmedia":[{"embeddable":true,"href":"https:\/\/sxflightcase.com\/fr\/wp-json\/wp\/v2\/media\/3775"}],"wp:attachment":[{"href":"https:\/\/sxflightcase.com\/fr\/wp-json\/wp\/v2\/media?parent=3834"}],"wp:term":[{"taxonomy":"product_brand","embeddable":true,"href":"https:\/\/sxflightcase.com\/fr\/wp-json\/wp\/v2\/product_brand?post=3834"},{"taxonomy":"product_cat","embeddable":true,"href":"https:\/\/sxflightcase.com\/fr\/wp-json\/wp\/v2\/product_cat?post=3834"},{"taxonomy":"product_tag","embeddable":true,"href":"https:\/\/sxflightcase.com\/fr\/wp-json\/wp\/v2\/product_tag?post=3834"}],"curies":[{"name":"wp","href":"https:\/\/api.w.org\/{rel}","templated":true}]}}