{"id":3885,"date":"2024-07-30T09:05:49","date_gmt":"2024-07-30T08:05:49","guid":{"rendered":"https:\/\/sxpowercase.com\/?post_type=product&#038;p=3885"},"modified":"2024-07-30T09:05:49","modified_gmt":"2024-07-30T08:05:49","slug":"flight-case-locks-loa207","status":"publish","type":"product","link":"https:\/\/sxflightcase.com\/fr\/produit\/serrures-pour-flight-case-loa207\/","title":{"rendered":"Serrures pour Flight Case LOA207"},"content":{"rendered":"<h2>S\u00e9curisez votre \u00e9quipement avec les verrous pour flight case SX<\/h2>\n<h3>Une s\u00e9curit\u00e9 fiable pour votre \u00e9quipement<\/h3>\n<p>Pour prot\u00e9ger votre \u00e9quipement de valeur pendant le transport, les verrous pour valises SX offrent une s\u00e9curit\u00e9 optimale. Ces verrous sont sp\u00e9cialement con\u00e7us pour garder votre \u00e9quipement en s\u00e9curit\u00e9, emp\u00eachant tout acc\u00e8s non autoris\u00e9 et garantissant votre tranquillit\u00e9 d&#039;esprit.<\/p>\n<h3>Vente directe d&#039;usine : abordable et de haute qualit\u00e9<\/h3>\n<p>Chez SX, nous nous engageons \u00e0 fournir des produits de qualit\u00e9 sup\u00e9rieure \u00e0 des prix abordables. Nos verrous de flight case sont disponibles en vente directe en usine, ce qui nous permet d&#039;offrir des prix comp\u00e9titifs sans sacrifier la qualit\u00e9. En \u00e9liminant les interm\u00e9diaires, nous vous faisons profiter directement des \u00e9conomies, offrant ainsi une valeur exceptionnelle pour votre investissement.<\/p>\n<h3>Une qualit\u00e9 \u00e0 laquelle vous pouvez faire confiance<\/h3>\n<p>Chaque <a href=\"https:\/\/sxpowercase.com\/\" target=\"_blank\" rel=\"noopener\" title=\"SX\" data-wpil-monitor-id=\"608\">SX<\/a> Le verrou Flight Case est fabriqu\u00e9 selon les normes d&#039;assurance qualit\u00e9 les plus strictes. Nous utilisons des mat\u00e9riaux robustes et une ing\u00e9nierie de pr\u00e9cision pour garantir que nos verrous sont durables et fiables. Que vous s\u00e9curisiez une petite valise d&#039;accessoires ou un grand coffre d&#039;\u00e9quipement, nos verrous sont con\u00e7us pour r\u00e9sister aux rigueurs du voyage et \u00e0 une utilisation fr\u00e9quente.<\/p>\n<h3>Installation et utilisation faciles<\/h3>\n<p>Les verrous pour flight case SX sont con\u00e7us pour une installation et une utilisation faciles. Ils peuvent \u00eatre rapidement install\u00e9s sur n&#039;importe quel flight case, offrant un m\u00e9canisme de verrouillage s\u00e9curis\u00e9 \u00e0 la fois solide et convivial. Avec un fonctionnement simple et une construction robuste, ces verrous offrent une solution simple pour prot\u00e9ger votre \u00e9quipement.<\/p>\n<h3>Options de personnalisation disponibles<\/h3>\n<p>Conscient que chaque cas peut avoir des exigences uniques, SX propose des options de personnalisation pour nos serrures de flight case. Nous proposons diff\u00e9rents styles et finitions de serrures pour r\u00e9pondre \u00e0 vos besoins sp\u00e9cifiques, garantissant que votre flight case fonctionne non seulement en toute s\u00e9curit\u00e9, mais a \u00e9galement un aspect professionnel. Notre \u00e9quipe est l\u00e0 pour vous aider \u00e0 choisir la meilleure serrure pour votre valise.<\/p>\n<h3>Solution de s\u00e9curit\u00e9 \u00e9conomique<\/h3>\n<p>Choisir les serrures pour flight case SX signifie opter pour une solution de s\u00e9curit\u00e9 \u00e9conomique. Notre mod\u00e8le directement d&#039;usine vous garantit de recevoir des serrures de haute qualit\u00e9 \u00e0 des prix parmi les plus bas du march\u00e9. Nous nous engageons \u00e0 fournir une s\u00e9curit\u00e9 abordable sans compromettre la durabilit\u00e9 et la fiabilit\u00e9 de nos produits.<\/p>\n<h3>Applications polyvalentes<\/h3>\n<p>Les verrous pour flight case SX sont polyvalents et conviennent donc \u00e0 une large gamme d&#039;applications. Que vous transportiez des instruments de musique, du mat\u00e9riel \u00e9lectronique ou des outils d\u00e9licats, nos verrous offrent la s\u00e9curit\u00e9 dont vous avez besoin. Ils sont parfaits pour les professionnels de l&#039;industrie de la musique, de l&#039;\u00e9v\u00e9nementiel et de tout domaine o\u00f9 le transport s\u00e9curis\u00e9 du mat\u00e9riel est essentiel.<\/p>\n<h3>Pourquoi choisir SX?<\/h3>\n<p>Avec SX, vous choisissez une marque qui privil\u00e9gie la qualit\u00e9, l&#039;accessibilit\u00e9 et la satisfaction client. Nos verrous pour flight case sont con\u00e7us pour offrir une s\u00e9curit\u00e9 fiable, avec les avantages suppl\u00e9mentaires d&#039;une tarification directe en usine et d&#039;options de personnalisation. SX est votre partenaire de confiance pour tous vos besoins de s\u00e9curit\u00e9 en mati\u00e8re de flight case.<\/p>\n<h3>Contactez-nous pour plus d&#039;informations<\/h3>\n<p>Vous souhaitez am\u00e9liorer la s\u00e9curit\u00e9 de vos flight cases ? Contactez SX d\u00e8s aujourd&#039;hui pour en savoir plus sur notre gamme de verrous pour flight cases. Notre \u00e9quipe comp\u00e9tente est pr\u00eate \u00e0 vous aider \u00e0 choisir les meilleurs verrous pour vos besoins, garantissant ainsi la protection de votre \u00e9quipement \u00e0 tout moment. Faites confiance \u00e0 SX pour des solutions de verrouillage fiables, abordables et de haute qualit\u00e9.<\/p>\n<p>Contactez-nous maintenant :<span style=\"color: #0000ff;\"><a style=\"color: #0000ff;\" href=\"https:\/\/sxpowercase.com\/contact-us\/\">https:\/\/sxpowercase.com\/<\/a><\/span><\/p>\n<p>Catalogue de produits mat\u00e9riels :<span style=\"color: #3366ff;\"><a style=\"color: #3366ff;\" href=\"https:\/\/sxpowercase.com\/wp-content\/uploads\/2024\/07\/\u4e94\u91d1.pdf\">Catalogue d&#039;accessoires de quincaillerie<\/a><\/span><\/p>","protected":false},"excerpt":{"rendered":"<div class=\"flex-shrink-0 flex flex-col relative items-end\">\n<div>\n<div class=\"pt-0\">\n<div class=\"gizmo-bot-avatar flex h-8 w-8 items-center justify-center overflow-hidden rounded-full\">\n<div class=\"relative p-1 rounded-sm flex items-center justify-center bg-token-main-surface-primary text-token-text-primary h-8 w-8\"><\/div>\n<\/div>\n<\/div>\n<\/div>\n<\/div>\n<div class=\"group\/conversation-turn relative flex w-full min-w-0 flex-col agent-turn\">\n<div class=\"flex-col gap-1 md:gap-3\">\n<div class=\"flex flex-grow flex-col max-w-full\">\n<div class=\"min-h-[20px] text-message flex w-full flex-col items-end gap-2 whitespace-pre-wrap break-words [.text-message+&amp;]:mt-5 overflow-x-auto\" dir=\"auto\" data-message-author-role=\"assistant\" data-message-id=\"f2bd0781-0ac1-40b4-8361-25f7ecc8518d\">\n<div class=\"flex w-full flex-col gap-1 empty:hidden first:pt-[3px]\">\n<div class=\"markdown prose w-full break-words dark:prose-invert light\">\n<h3>Ultimate Security with SX Flight Case Locks<\/h3>\n<p>Protect your valuable equipment with SX Flight Case Locks, designed to prevent unauthorised access. Our locks ensure peace of mind during transport with robust and reliable security.<\/p>\n<h3>Affordable, High-Quality Locks<\/h3>\n<p>Enjoy top-quality SX Flight Case Locks at competitive prices through factory-direct sales. We provide exceptional value without compromising on quality, passing savings directly to you.<\/p>\n<h3>Easy Installation and Customisation<\/h3>\n<p>SX Flight Case Locks are easy to install and offer customisation options to fit your specific needs. Secure your equipment effortlessly with strong, user-friendly locks that look professional.<\/p>\n<\/div>\n<\/div>\n<\/div>\n<\/div>\n<\/div>\n<\/div>\n","protected":false},"featured_media":3780,"comment_status":"open","ping_status":"closed","template":"","meta":[],"product_brand":[],"product_cat":[61],"product_tag":[],"class_list":{"0":"post-3885","1":"product","2":"type-product","3":"status-publish","4":"has-post-thumbnail","6":"product_cat-catchother-locks","8":"first","9":"instock","10":"shipping-taxable","11":"product-type-simple"},"yoast_head":"<!-- This site is optimized with the Yoast SEO Premium plugin v27.1 (Yoast SEO v27.2) - https:\/\/yoast.com\/product\/yoast-seo-premium-wordpress\/ -->\n<title>Flight Case Locks LOA207 - https:\/\/sxflightcase.com \ud83d\udc97<\/title>\n<meta name=\"description\" content=\"Flight case locks, factory direct! High-quality, secure locking solutions for protecting your equipment during transport. Ideal for professionals and industry use.\" \/>\n<meta name=\"robots\" content=\"index, follow, max-snippet:-1, max-image-preview:large, max-video-preview:-1\" \/>\n<link rel=\"canonical\" href=\"https:\/\/sxflightcase.com\/fr\/\u0e1c\u0e25\u0e34\u0e15\u0e20\u0e31\u0e13\u0e11\u0e4c\/flight-case-locks-loa207\/\" \/>\n<meta property=\"og:locale\" content=\"fr_FR\" \/>\n<meta property=\"og:type\" content=\"article\" \/>\n<meta property=\"og:title\" content=\"Flight Case Locks LOA207\" \/>\n<meta property=\"og:description\" content=\"Flight case locks, factory direct! High-quality, secure locking solutions for protecting your equipment during transport. Ideal for professionals and industry use.\" \/>\n<meta property=\"og:url\" content=\"https:\/\/sxflightcase.com\/fr\/\u0e1c\u0e25\u0e34\u0e15\u0e20\u0e31\u0e13\u0e11\u0e4c\/flight-case-locks-loa207\/\" \/>\n<meta property=\"og:site_name\" content=\"https:\/\/sxflightcase.com\" \/>\n<meta property=\"article:publisher\" content=\"https:\/\/www.facebook.com\/profile.php?id=61560407257971\" \/>\n<meta property=\"og:image\" content=\"https:\/\/sxflightcase.com\/wp-content\/uploads\/2024\/07\/LOA207.jpg\" \/>\n\t<meta property=\"og:image:width\" content=\"520\" \/>\n\t<meta property=\"og:image:height\" content=\"410\" \/>\n\t<meta property=\"og:image:type\" content=\"image\/jpeg\" \/>\n<meta name=\"twitter:card\" content=\"summary_large_image\" \/>\n<meta name=\"twitter:label1\" content=\"Dur\u00e9e de lecture estim\u00e9e\" \/>\n\t<meta name=\"twitter:data1\" content=\"3 minutes\" \/>\n<script type=\"application\/ld+json\" class=\"yoast-schema-graph\">{\"@context\":\"https:\/\/schema.org\",\"@graph\":[{\"@type\":\"WebPage\",\"@id\":\"https:\/\/sxflightcase.com\/th\/\u0e1c\u0e25\u0e34\u0e15\u0e20\u0e31\u0e13\u0e11\u0e4c\/flight-case-locks-loa207\/\",\"url\":\"https:\/\/sxflightcase.com\/th\/\u0e1c\u0e25\u0e34\u0e15\u0e20\u0e31\u0e13\u0e11\u0e4c\/flight-case-locks-loa207\/\",\"name\":\"Flight Case Locks LOA207 - https:\/\/sxflightcase.com \ud83d\udc97\",\"isPartOf\":{\"@id\":\"https:\/\/sxflightcase.com\/th\/#website\"},\"primaryImageOfPage\":{\"@id\":\"https:\/\/sxflightcase.com\/th\/\u0e1c\u0e25\u0e34\u0e15\u0e20\u0e31\u0e13\u0e11\u0e4c\/flight-case-locks-loa207\/#primaryimage\"},\"image\":{\"@id\":\"https:\/\/sxflightcase.com\/th\/\u0e1c\u0e25\u0e34\u0e15\u0e20\u0e31\u0e13\u0e11\u0e4c\/flight-case-locks-loa207\/#primaryimage\"},\"thumbnailUrl\":\"https:\/\/sxflightcase.com\/wp-content\/uploads\/2024\/07\/LOA207.jpg\",\"datePublished\":\"2024-07-30T08:05:49+00:00\",\"description\":\"Flight case locks, factory direct! High-quality, secure locking solutions for protecting your equipment during transport. Ideal for professionals and industry use.\",\"breadcrumb\":{\"@id\":\"https:\/\/sxflightcase.com\/th\/\u0e1c\u0e25\u0e34\u0e15\u0e20\u0e31\u0e13\u0e11\u0e4c\/flight-case-locks-loa207\/#breadcrumb\"},\"inLanguage\":\"fr-FR\",\"potentialAction\":[{\"@type\":\"ReadAction\",\"target\":[\"https:\/\/sxflightcase.com\/th\/\u0e1c\u0e25\u0e34\u0e15\u0e20\u0e31\u0e13\u0e11\u0e4c\/flight-case-locks-loa207\/\"]}]},{\"@type\":\"ImageObject\",\"inLanguage\":\"fr-FR\",\"@id\":\"https:\/\/sxflightcase.com\/th\/\u0e1c\u0e25\u0e34\u0e15\u0e20\u0e31\u0e13\u0e11\u0e4c\/flight-case-locks-loa207\/#primaryimage\",\"url\":\"https:\/\/sxflightcase.com\/wp-content\/uploads\/2024\/07\/LOA207.jpg\",\"contentUrl\":\"https:\/\/sxflightcase.com\/wp-content\/uploads\/2024\/07\/LOA207.jpg\",\"width\":520,\"height\":410,\"caption\":\"Flight Case Locks\"},{\"@type\":\"BreadcrumbList\",\"@id\":\"https:\/\/sxflightcase.com\/th\/\u0e1c\u0e25\u0e34\u0e15\u0e20\u0e31\u0e13\u0e11\u0e4c\/flight-case-locks-loa207\/#breadcrumb\",\"itemListElement\":[{\"@type\":\"ListItem\",\"position\":1,\"name\":\"Home\",\"item\":\"https:\/\/sxflightcase.com\/\"},{\"@type\":\"ListItem\",\"position\":2,\"name\":\"\u0e2a\u0e34\u0e19\u0e04\u0e49\u0e32\",\"item\":\"https:\/\/sxflightcase.com\/th\/shop\/\"},{\"@type\":\"ListItem\",\"position\":3,\"name\":\"Flight Case Locks LOA207\"}]},{\"@type\":\"WebSite\",\"@id\":\"https:\/\/sxflightcase.com\/th\/#website\",\"url\":\"https:\/\/sxflightcase.com\/th\/\",\"name\":\"sxpowercase.com\",\"description\":\"Flight Case Factory\",\"publisher\":{\"@id\":\"https:\/\/sxflightcase.com\/th\/#organization\"},\"potentialAction\":[{\"@type\":\"SearchAction\",\"target\":{\"@type\":\"EntryPoint\",\"urlTemplate\":\"https:\/\/sxflightcase.com\/th\/?s={search_term_string}\"},\"query-input\":{\"@type\":\"PropertyValueSpecification\",\"valueRequired\":true,\"valueName\":\"search_term_string\"}}],\"inLanguage\":\"fr-FR\"},{\"@type\":\"Organization\",\"@id\":\"https:\/\/sxflightcase.com\/th\/#organization\",\"name\":\"sxpowercase.com\",\"url\":\"https:\/\/sxflightcase.com\/th\/\",\"logo\":{\"@type\":\"ImageObject\",\"inLanguage\":\"fr-FR\",\"@id\":\"https:\/\/sxflightcase.com\/th\/#\/schema\/logo\/image\/\",\"url\":\"https:\/\/sxflightcase.com\/wp-content\/uploads\/2024\/04\/1713919036007.jpg\",\"contentUrl\":\"https:\/\/sxflightcase.com\/wp-content\/uploads\/2024\/04\/1713919036007.jpg\",\"width\":382,\"height\":388,\"caption\":\"sxpowercase.com\"},\"image\":{\"@id\":\"https:\/\/sxflightcase.com\/th\/#\/schema\/logo\/image\/\"},\"sameAs\":[\"https:\/\/www.facebook.com\/profile.php?id=61560407257971\"],\"numberOfEmployees\":{\"@type\":\"QuantitativeValue\",\"minValue\":\"11\",\"maxValue\":\"50\"}}]}<\/script>\n<!-- \/ Yoast SEO Premium plugin. -->","yoast_head_json":{"title":"Flight Case Locks LOA207 - https:\/\/sxflightcase.com \ud83d\udc97","description":"Serrures pour flight case, directement depuis l&#039;usine ! Des solutions de verrouillage s\u00e9curis\u00e9es et de haute qualit\u00e9 pour prot\u00e9ger votre \u00e9quipement pendant le transport. Id\u00e9al pour les professionnels et l&#039;industrie.","robots":{"index":"index","follow":"follow","max-snippet":"max-snippet:-1","max-image-preview":"max-image-preview:large","max-video-preview":"max-video-preview:-1"},"canonical":"https:\/\/sxflightcase.com\/fr\/\u0e1c\u0e25\u0e34\u0e15\u0e20\u0e31\u0e13\u0e11\u0e4c\/flight-case-locks-loa207\/","og_locale":"fr_FR","og_type":"article","og_title":"Flight Case Locks LOA207","og_description":"Flight case locks, factory direct! High-quality, secure locking solutions for protecting your equipment during transport. Ideal for professionals and industry use.","og_url":"https:\/\/sxflightcase.com\/fr\/\u0e1c\u0e25\u0e34\u0e15\u0e20\u0e31\u0e13\u0e11\u0e4c\/flight-case-locks-loa207\/","og_site_name":"https:\/\/sxflightcase.com","article_publisher":"https:\/\/www.facebook.com\/profile.php?id=61560407257971","og_image":[{"width":520,"height":410,"url":"https:\/\/sxflightcase.com\/wp-content\/uploads\/2024\/07\/LOA207.jpg","type":"image\/jpeg"}],"twitter_card":"summary_large_image","twitter_misc":{"Dur\u00e9e de lecture estim\u00e9e":"3 minutes"},"schema":{"@context":"https:\/\/schema.org","@graph":[{"@type":"WebPage","@id":"https:\/\/sxflightcase.com\/th\/\u0e1c\u0e25\u0e34\u0e15\u0e20\u0e31\u0e13\u0e11\u0e4c\/flight-case-locks-loa207\/","url":"https:\/\/sxflightcase.com\/th\/\u0e1c\u0e25\u0e34\u0e15\u0e20\u0e31\u0e13\u0e11\u0e4c\/flight-case-locks-loa207\/","name":"Flight Case Locks LOA207 - https:\/\/sxflightcase.com \ud83d\udc97","isPartOf":{"@id":"https:\/\/sxflightcase.com\/th\/#website"},"primaryImageOfPage":{"@id":"https:\/\/sxflightcase.com\/th\/\u0e1c\u0e25\u0e34\u0e15\u0e20\u0e31\u0e13\u0e11\u0e4c\/flight-case-locks-loa207\/#primaryimage"},"image":{"@id":"https:\/\/sxflightcase.com\/th\/\u0e1c\u0e25\u0e34\u0e15\u0e20\u0e31\u0e13\u0e11\u0e4c\/flight-case-locks-loa207\/#primaryimage"},"thumbnailUrl":"https:\/\/sxflightcase.com\/wp-content\/uploads\/2024\/07\/LOA207.jpg","datePublished":"2024-07-30T08:05:49+00:00","description":"Serrures pour flight case, directement depuis l&#039;usine ! Des solutions de verrouillage s\u00e9curis\u00e9es et de haute qualit\u00e9 pour prot\u00e9ger votre \u00e9quipement pendant le transport. Id\u00e9al pour les professionnels et l&#039;industrie.","breadcrumb":{"@id":"https:\/\/sxflightcase.com\/th\/\u0e1c\u0e25\u0e34\u0e15\u0e20\u0e31\u0e13\u0e11\u0e4c\/flight-case-locks-loa207\/#breadcrumb"},"inLanguage":"fr-FR","potentialAction":[{"@type":"ReadAction","target":["https:\/\/sxflightcase.com\/th\/\u0e1c\u0e25\u0e34\u0e15\u0e20\u0e31\u0e13\u0e11\u0e4c\/flight-case-locks-loa207\/"]}]},{"@type":"ImageObject","inLanguage":"fr-FR","@id":"https:\/\/sxflightcase.com\/th\/\u0e1c\u0e25\u0e34\u0e15\u0e20\u0e31\u0e13\u0e11\u0e4c\/flight-case-locks-loa207\/#primaryimage","url":"https:\/\/sxflightcase.com\/wp-content\/uploads\/2024\/07\/LOA207.jpg","contentUrl":"https:\/\/sxflightcase.com\/wp-content\/uploads\/2024\/07\/LOA207.jpg","width":520,"height":410,"caption":"Flight Case Locks"},{"@type":"BreadcrumbList","@id":"https:\/\/sxflightcase.com\/th\/\u0e1c\u0e25\u0e34\u0e15\u0e20\u0e31\u0e13\u0e11\u0e4c\/flight-case-locks-loa207\/#breadcrumb","itemListElement":[{"@type":"ListItem","position":1,"name":"Home","item":"https:\/\/sxflightcase.com\/"},{"@type":"ListItem","position":2,"name":"\u0e2a\u0e34\u0e19\u0e04\u0e49\u0e32","item":"https:\/\/sxflightcase.com\/th\/shop\/"},{"@type":"ListItem","position":3,"name":"Flight Case Locks LOA207"}]},{"@type":"WebSite","@id":"https:\/\/sxflightcase.com\/th\/#website","url":"https:\/\/sxflightcase.com\/th\/","name":"sxpowercase.com","description":"Flight Case Factory","publisher":{"@id":"https:\/\/sxflightcase.com\/th\/#organization"},"potentialAction":[{"@type":"SearchAction","target":{"@type":"EntryPoint","urlTemplate":"https:\/\/sxflightcase.com\/th\/?s={search_term_string}"},"query-input":{"@type":"PropertyValueSpecification","valueRequired":true,"valueName":"search_term_string"}}],"inLanguage":"fr-FR"},{"@type":"Organization","@id":"https:\/\/sxflightcase.com\/th\/#organization","name":"sxpowercase.com","url":"https:\/\/sxflightcase.com\/th\/","logo":{"@type":"ImageObject","inLanguage":"fr-FR","@id":"https:\/\/sxflightcase.com\/th\/#\/schema\/logo\/image\/","url":"https:\/\/sxflightcase.com\/wp-content\/uploads\/2024\/04\/1713919036007.jpg","contentUrl":"https:\/\/sxflightcase.com\/wp-content\/uploads\/2024\/04\/1713919036007.jpg","width":382,"height":388,"caption":"sxpowercase.com"},"image":{"@id":"https:\/\/sxflightcase.com\/th\/#\/schema\/logo\/image\/"},"sameAs":["https:\/\/www.facebook.com\/profile.php?id=61560407257971"],"numberOfEmployees":{"@type":"QuantitativeValue","minValue":"11","maxValue":"50"}}]}},"_links":{"self":[{"href":"https:\/\/sxflightcase.com\/fr\/wp-json\/wp\/v2\/product\/3885","targetHints":{"allow":["GET"]}}],"collection":[{"href":"https:\/\/sxflightcase.com\/fr\/wp-json\/wp\/v2\/product"}],"about":[{"href":"https:\/\/sxflightcase.com\/fr\/wp-json\/wp\/v2\/types\/product"}],"replies":[{"embeddable":true,"href":"https:\/\/sxflightcase.com\/fr\/wp-json\/wp\/v2\/comments?post=3885"}],"version-history":[{"count":0,"href":"https:\/\/sxflightcase.com\/fr\/wp-json\/wp\/v2\/product\/3885\/revisions"}],"wp:featuredmedia":[{"embeddable":true,"href":"https:\/\/sxflightcase.com\/fr\/wp-json\/wp\/v2\/media\/3780"}],"wp:attachment":[{"href":"https:\/\/sxflightcase.com\/fr\/wp-json\/wp\/v2\/media?parent=3885"}],"wp:term":[{"taxonomy":"product_brand","embeddable":true,"href":"https:\/\/sxflightcase.com\/fr\/wp-json\/wp\/v2\/product_brand?post=3885"},{"taxonomy":"product_cat","embeddable":true,"href":"https:\/\/sxflightcase.com\/fr\/wp-json\/wp\/v2\/product_cat?post=3885"},{"taxonomy":"product_tag","embeddable":true,"href":"https:\/\/sxflightcase.com\/fr\/wp-json\/wp\/v2\/product_tag?post=3885"}],"curies":[{"name":"wp","href":"https:\/\/api.w.org\/{rel}","templated":true}]}}