{"id":3886,"date":"2024-07-30T09:17:20","date_gmt":"2024-07-30T08:17:20","guid":{"rendered":"https:\/\/sxpowercase.com\/?post_type=product&#038;p=3886"},"modified":"2024-07-30T09:17:21","modified_gmt":"2024-07-30T08:17:21","slug":"flight-case-locks-loa208","status":"publish","type":"product","link":"https:\/\/sxflightcase.com\/fr\/produit\/serrures-pour-flight-case-loa208-2\/","title":{"rendered":"Serrures pour Flight Case LOA208"},"content":{"rendered":"<h2>Am\u00e9liorez la protection de votre mat\u00e9riel avec les serrures de Flight Case SX<\/h2>\n<h3>S\u00e9curisez votre \u00e9quipement en toute simplicit\u00e9<\/h3>\n<p>Pour les professionnels qui transportent fr\u00e9quemment des \u00e9quipements de valeur, la s\u00e9curisation de leur mat\u00e9riel est primordiale. SX propose des serrures robustes pour Flight Case, con\u00e7ues pour offrir une s\u00e9curit\u00e9 sup\u00e9rieure pour tous les types de mallettes. Que vous soyez sur la route ou dans les airs, ces serrures garantissent la s\u00e9curit\u00e9 et la protection de votre \u00e9quipement.<\/p>\n<h3>Factory Direct : Qualit\u00e9 et \u00e9conomies<\/h3>\n<p>\u00c0 <a href=\"https:\/\/sxpowercase.com\/\" target=\"_blank\" rel=\"noopener\" title=\"SX\" data-wpil-monitor-id=\"609\">SX<\/a>Nous proposons nos serrures pour Flight Case par le biais de ventes directes \u00e0 l'usine. Cette approche nous permet de maintenir des normes de qualit\u00e9 \u00e9lev\u00e9es tout en conservant des prix bas. En supprimant les interm\u00e9diaires, nous vous fournissons des solutions de s\u00e9curit\u00e9 abordables et de premier ordre, sans compromis sur les performances.<\/p>\n<h3>Une assurance qualit\u00e9 de confiance<\/h3>\n<p>Nos serrures pour Flight Case sont fabriqu\u00e9es dans un souci d'assurance qualit\u00e9. SX utilise des mat\u00e9riaux durables et une ing\u00e9nierie pr\u00e9cise pour cr\u00e9er des antivols qui r\u00e9sistent \u00e0 l'\u00e9preuve du temps. Chaque antivol est rigoureusement test\u00e9 pour s'assurer qu'il r\u00e9pond \u00e0 nos normes strictes en mati\u00e8re de fiabilit\u00e9 et de durabilit\u00e9, vous assurant ainsi une tranquillit\u00e9 d'esprit.<\/p>\n<h3>Installation simple et utilisation fiable<\/h3>\n<p>Les serrures SX pour Flight Case sont con\u00e7ues pour \u00eatre simples et faciles \u00e0 utiliser. L'installation est simple, ce qui permet de s\u00e9curiser rapidement vos valises. Le m\u00e9canisme de verrouillage robuste garantit qu'une fois verrouill\u00e9, votre mat\u00e9riel est prot\u00e9g\u00e9 contre tout acc\u00e8s non autoris\u00e9, gardant vos objets de valeur en s\u00e9curit\u00e9 tout au long de leur voyage.<\/p>\n<h3>Personnalisation pour r\u00e9pondre \u00e0 vos besoins<\/h3>\n<p>Nous savons que les exigences varient d'une mallette \u00e0 l'autre. C'est pourquoi SX propose une gamme d'options de personnalisation pour ses serrures pour Flight Case. Que vous ayez besoin de styles de serrures sp\u00e9cifiques, de finitions ou d'autres modifications, nous pouvons adapter nos serrures \u00e0 vos besoins exacts. Notre service de personnalisation vous garantit un produit qui non seulement assure la s\u00e9curit\u00e9, mais compl\u00e8te \u00e9galement l'esth\u00e9tique de votre \u00e9quipement.<\/p>\n<h3>Des solutions de s\u00e9curit\u00e9 abordables<\/h3>\n<p>Choisir SX, c'est choisir une s\u00e9curit\u00e9 abordable sans sacrifier la qualit\u00e9. Notre mod\u00e8le d'usine directe garantit des prix comp\u00e9titifs, faisant de nos serrures pour Flight Case un choix \u00e9conomique pour la protection de votre \u00e9quipement. Nous pensons qu'une s\u00e9curit\u00e9 de haute qualit\u00e9 doit \u00eatre accessible \u00e0 tous, c'est pourquoi nous proposons des prix parmi les plus bas du march\u00e9.<\/p>\n<h3>Solutions de verrouillage polyvalentes<\/h3>\n<p>Les serrures SX Flight Case sont polyvalentes et conviennent \u00e0 un large \u00e9ventail d'applications. Elles sont id\u00e9ales pour s\u00e9curiser les instruments de musique, les appareils \u00e9lectroniques et les outils sensibles. Que vous soyez musicien itin\u00e9rant, professionnel de l'\u00e9v\u00e9nementiel ou technicien, nos serrures offrent la s\u00e9curit\u00e9 fiable dont vous avez besoin pour avoir l'esprit tranquille.<\/p>\n<h3>Pourquoi choisir SX?<\/h3>\n<p>Avec SX, vous choisissez une marque qui accorde de l'importance \u00e0 la qualit\u00e9, au prix et \u00e0 la satisfaction du client. Nos serrures pour Flight Case sont con\u00e7ues pour offrir une s\u00e9curit\u00e9 fiable avec les avantages suppl\u00e9mentaires d'un prix direct et d'options de personnalisation. SX est votre marque de r\u00e9f\u00e9rence pour des solutions de verrouillage de haute qualit\u00e9 et rentables.<\/p>\n<h3>Prenez contact d\u00e8s aujourd'hui<\/h3>\n<p>S\u00e9curisez votre \u00e9quipement avec le verrou SX Flight Case. Contactez-nous d\u00e8s aujourd'hui pour d\u00e9couvrir notre gamme de solutions de verrouillage et trouver l'antivol id\u00e9al pour vos besoins. Notre \u00e9quipe d'experts est pr\u00eate \u00e0 vous aider \u00e0 s\u00e9lectionner les meilleures options pour assurer la s\u00e9curit\u00e9 de votre mat\u00e9riel. Faites confiance \u00e0 SX pour des solutions de verrouillage s\u00fbres, fiables et abordables.<\/p>\n<p>Contactez-nous maintenant :<span style=\"color: #0000ff;\"><a style=\"color: #0000ff;\" href=\"https:\/\/sxpowercase.com\/contact-us\/\">https:\/\/sxpowercase.com\/<\/a><\/span><\/p>\n<p>Catalogue de produits mat\u00e9riels :<span style=\"color: #3366ff;\"><a style=\"color: #3366ff;\" href=\"https:\/\/sxpowercase.com\/wp-content\/uploads\/2024\/07\/\u4e94\u91d1.pdf\">Catalogue d&#039;accessoires de quincaillerie<\/a><\/span><\/p>","protected":false},"excerpt":{"rendered":"<div class=\"flex-shrink-0 flex flex-col relative items-end\">\n<div>\n<div class=\"pt-0\">\n<div class=\"gizmo-bot-avatar flex h-8 w-8 items-center justify-center overflow-hidden rounded-full\">\n<div class=\"relative p-1 rounded-sm flex items-center justify-center bg-token-main-surface-primary text-token-text-primary h-8 w-8\"><\/div>\n<\/div>\n<\/div>\n<\/div>\n<\/div>\n<div class=\"group\/conversation-turn relative flex w-full min-w-0 flex-col agent-turn\">\n<div class=\"flex-col gap-1 md:gap-3\">\n<div class=\"flex flex-grow flex-col max-w-full\">\n<div class=\"min-h-[20px] text-message flex w-full flex-col items-end gap-2 whitespace-pre-wrap break-words [.text-message+&amp;]:mt-5 overflow-x-auto\" dir=\"auto\" data-message-author-role=\"assistant\" data-message-id=\"f2bd0781-0ac1-40b4-8361-25f7ecc8518d\">\n<div class=\"flex w-full flex-col gap-1 empty:hidden first:pt-[3px]\">\n<div class=\"markdown prose w-full break-words dark:prose-invert light\">\n<h3>Ultimate Security with SX Flight Case Locks<\/h3>\n<p>Protect your valuable equipment with SX Flight Case Locks, designed to prevent unauthorised access. Our locks ensure peace of mind during transport with robust and reliable security.<\/p>\n<h3>Affordable, High-Quality Locks<\/h3>\n<p>Enjoy top-quality SX Flight Case Locks at competitive prices through factory-direct sales. We provide exceptional value without compromising on quality, passing savings directly to you.<\/p>\n<h3>Easy Installation and Customisation<\/h3>\n<p>SX Flight Case Locks are easy to install and offer customisation options to fit your specific needs. Secure your equipment effortlessly with strong, user-friendly locks that look professional.<\/p>\n<\/div>\n<\/div>\n<\/div>\n<\/div>\n<\/div>\n<\/div>\n","protected":false},"featured_media":3781,"comment_status":"open","ping_status":"closed","template":"","meta":[],"product_brand":[],"product_cat":[61],"product_tag":[],"class_list":{"0":"post-3886","1":"product","2":"type-product","3":"status-publish","4":"has-post-thumbnail","6":"product_cat-catchother-locks","8":"first","9":"instock","10":"shipping-taxable","11":"product-type-simple"},"yoast_head":"<!-- This site is optimized with the Yoast SEO Premium plugin v27.1 (Yoast SEO v27.2) - https:\/\/yoast.com\/product\/yoast-seo-premium-wordpress\/ -->\n<title>Flight Case Locks LOA208 - https:\/\/sxflightcase.com \ud83d\udc97<\/title>\n<meta name=\"description\" content=\"Flight case locks, factory direct! High-quality, secure locking solutions for protecting your equipment during transport. Ideal for professionals and industry use.\" \/>\n<meta name=\"robots\" content=\"index, follow, max-snippet:-1, max-image-preview:large, max-video-preview:-1\" \/>\n<link rel=\"canonical\" href=\"https:\/\/sxflightcase.com\/fr\/product\/flightcase-sloten-loa208\/\" \/>\n<meta property=\"og:locale\" content=\"fr_FR\" \/>\n<meta property=\"og:type\" content=\"article\" \/>\n<meta property=\"og:title\" content=\"Flight Case Locks LOA208\" \/>\n<meta property=\"og:description\" content=\"Flight case locks, factory direct! High-quality, secure locking solutions for protecting your equipment during transport. Ideal for professionals and industry use.\" \/>\n<meta property=\"og:url\" content=\"https:\/\/sxflightcase.com\/fr\/product\/flightcase-sloten-loa208\/\" \/>\n<meta property=\"og:site_name\" content=\"https:\/\/sxflightcase.com\" \/>\n<meta property=\"article:publisher\" content=\"https:\/\/www.facebook.com\/profile.php?id=61560407257971\" \/>\n<meta property=\"article:modified_time\" content=\"2024-07-30T08:17:21+00:00\" \/>\n<meta property=\"og:image\" content=\"https:\/\/sxflightcase.com\/wp-content\/uploads\/2024\/07\/LOA208.jpg\" \/>\n\t<meta property=\"og:image:width\" content=\"520\" \/>\n\t<meta property=\"og:image:height\" content=\"406\" \/>\n\t<meta property=\"og:image:type\" content=\"image\/jpeg\" \/>\n<meta name=\"twitter:card\" content=\"summary_large_image\" \/>\n<meta name=\"twitter:label1\" content=\"Dur\u00e9e de lecture estim\u00e9e\" \/>\n\t<meta name=\"twitter:data1\" content=\"3 minutes\" \/>\n<script type=\"application\/ld+json\" class=\"yoast-schema-graph\">{\"@context\":\"https:\/\/schema.org\",\"@graph\":[{\"@type\":\"WebPage\",\"@id\":\"https:\/\/sxflightcase.com\/nl\/product\/flightcase-sloten-loa208\/\",\"url\":\"https:\/\/sxflightcase.com\/nl\/product\/flightcase-sloten-loa208\/\",\"name\":\"Flight Case Locks LOA208 - https:\/\/sxflightcase.com \ud83d\udc97\",\"isPartOf\":{\"@id\":\"https:\/\/sxflightcase.com\/th\/#website\"},\"primaryImageOfPage\":{\"@id\":\"https:\/\/sxflightcase.com\/nl\/product\/flightcase-sloten-loa208\/#primaryimage\"},\"image\":{\"@id\":\"https:\/\/sxflightcase.com\/nl\/product\/flightcase-sloten-loa208\/#primaryimage\"},\"thumbnailUrl\":\"https:\/\/sxflightcase.com\/wp-content\/uploads\/2024\/07\/LOA208.jpg\",\"datePublished\":\"2024-07-30T08:17:20+00:00\",\"dateModified\":\"2024-07-30T08:17:21+00:00\",\"description\":\"Flight case locks, factory direct! High-quality, secure locking solutions for protecting your equipment during transport. Ideal for professionals and industry use.\",\"breadcrumb\":{\"@id\":\"https:\/\/sxflightcase.com\/nl\/product\/flightcase-sloten-loa208\/#breadcrumb\"},\"inLanguage\":\"fr-FR\",\"potentialAction\":[{\"@type\":\"ReadAction\",\"target\":[\"https:\/\/sxflightcase.com\/nl\/product\/flightcase-sloten-loa208\/\"]}]},{\"@type\":\"ImageObject\",\"inLanguage\":\"fr-FR\",\"@id\":\"https:\/\/sxflightcase.com\/nl\/product\/flightcase-sloten-loa208\/#primaryimage\",\"url\":\"https:\/\/sxflightcase.com\/wp-content\/uploads\/2024\/07\/LOA208.jpg\",\"contentUrl\":\"https:\/\/sxflightcase.com\/wp-content\/uploads\/2024\/07\/LOA208.jpg\",\"width\":520,\"height\":406,\"caption\":\"Flight Case Locks\"},{\"@type\":\"BreadcrumbList\",\"@id\":\"https:\/\/sxflightcase.com\/nl\/product\/flightcase-sloten-loa208\/#breadcrumb\",\"itemListElement\":[{\"@type\":\"ListItem\",\"position\":1,\"name\":\"Home\",\"item\":\"https:\/\/sxflightcase.com\/\"},{\"@type\":\"ListItem\",\"position\":2,\"name\":\"\u0e2a\u0e34\u0e19\u0e04\u0e49\u0e32\",\"item\":\"https:\/\/sxflightcase.com\/th\/shop\/\"},{\"@type\":\"ListItem\",\"position\":3,\"name\":\"Flight Case Locks LOA208\"}]},{\"@type\":\"WebSite\",\"@id\":\"https:\/\/sxflightcase.com\/th\/#website\",\"url\":\"https:\/\/sxflightcase.com\/th\/\",\"name\":\"sxpowercase.com\",\"description\":\"Flight Case Factory\",\"publisher\":{\"@id\":\"https:\/\/sxflightcase.com\/th\/#organization\"},\"potentialAction\":[{\"@type\":\"SearchAction\",\"target\":{\"@type\":\"EntryPoint\",\"urlTemplate\":\"https:\/\/sxflightcase.com\/th\/?s={search_term_string}\"},\"query-input\":{\"@type\":\"PropertyValueSpecification\",\"valueRequired\":true,\"valueName\":\"search_term_string\"}}],\"inLanguage\":\"fr-FR\"},{\"@type\":\"Organization\",\"@id\":\"https:\/\/sxflightcase.com\/th\/#organization\",\"name\":\"sxpowercase.com\",\"url\":\"https:\/\/sxflightcase.com\/th\/\",\"logo\":{\"@type\":\"ImageObject\",\"inLanguage\":\"fr-FR\",\"@id\":\"https:\/\/sxflightcase.com\/th\/#\/schema\/logo\/image\/\",\"url\":\"https:\/\/sxflightcase.com\/wp-content\/uploads\/2024\/04\/1713919036007.jpg\",\"contentUrl\":\"https:\/\/sxflightcase.com\/wp-content\/uploads\/2024\/04\/1713919036007.jpg\",\"width\":382,\"height\":388,\"caption\":\"sxpowercase.com\"},\"image\":{\"@id\":\"https:\/\/sxflightcase.com\/th\/#\/schema\/logo\/image\/\"},\"sameAs\":[\"https:\/\/www.facebook.com\/profile.php?id=61560407257971\"],\"numberOfEmployees\":{\"@type\":\"QuantitativeValue\",\"minValue\":\"11\",\"maxValue\":\"50\"}}]}<\/script>\n<!-- \/ Yoast SEO Premium plugin. -->","yoast_head_json":{"title":"Flight Case Locks LOA208 - https:\/\/sxflightcase.com \ud83d\udc97","description":"Serrures pour flight case, directement depuis l&#039;usine ! Des solutions de verrouillage s\u00e9curis\u00e9es et de haute qualit\u00e9 pour prot\u00e9ger votre \u00e9quipement pendant le transport. Id\u00e9al pour les professionnels et l&#039;industrie.","robots":{"index":"index","follow":"follow","max-snippet":"max-snippet:-1","max-image-preview":"max-image-preview:large","max-video-preview":"max-video-preview:-1"},"canonical":"https:\/\/sxflightcase.com\/fr\/product\/flightcase-sloten-loa208\/","og_locale":"fr_FR","og_type":"article","og_title":"Flight Case Locks LOA208","og_description":"Flight case locks, factory direct! High-quality, secure locking solutions for protecting your equipment during transport. Ideal for professionals and industry use.","og_url":"https:\/\/sxflightcase.com\/fr\/product\/flightcase-sloten-loa208\/","og_site_name":"https:\/\/sxflightcase.com","article_publisher":"https:\/\/www.facebook.com\/profile.php?id=61560407257971","article_modified_time":"2024-07-30T08:17:21+00:00","og_image":[{"width":520,"height":406,"url":"https:\/\/sxflightcase.com\/wp-content\/uploads\/2024\/07\/LOA208.jpg","type":"image\/jpeg"}],"twitter_card":"summary_large_image","twitter_misc":{"Dur\u00e9e de lecture estim\u00e9e":"3 minutes"},"schema":{"@context":"https:\/\/schema.org","@graph":[{"@type":"WebPage","@id":"https:\/\/sxflightcase.com\/nl\/product\/flightcase-sloten-loa208\/","url":"https:\/\/sxflightcase.com\/nl\/product\/flightcase-sloten-loa208\/","name":"Flight Case Locks LOA208 - https:\/\/sxflightcase.com \ud83d\udc97","isPartOf":{"@id":"https:\/\/sxflightcase.com\/th\/#website"},"primaryImageOfPage":{"@id":"https:\/\/sxflightcase.com\/nl\/product\/flightcase-sloten-loa208\/#primaryimage"},"image":{"@id":"https:\/\/sxflightcase.com\/nl\/product\/flightcase-sloten-loa208\/#primaryimage"},"thumbnailUrl":"https:\/\/sxflightcase.com\/wp-content\/uploads\/2024\/07\/LOA208.jpg","datePublished":"2024-07-30T08:17:20+00:00","dateModified":"2024-07-30T08:17:21+00:00","description":"Serrures pour flight case, directement depuis l&#039;usine ! Des solutions de verrouillage s\u00e9curis\u00e9es et de haute qualit\u00e9 pour prot\u00e9ger votre \u00e9quipement pendant le transport. Id\u00e9al pour les professionnels et l&#039;industrie.","breadcrumb":{"@id":"https:\/\/sxflightcase.com\/nl\/product\/flightcase-sloten-loa208\/#breadcrumb"},"inLanguage":"fr-FR","potentialAction":[{"@type":"ReadAction","target":["https:\/\/sxflightcase.com\/nl\/product\/flightcase-sloten-loa208\/"]}]},{"@type":"ImageObject","inLanguage":"fr-FR","@id":"https:\/\/sxflightcase.com\/nl\/product\/flightcase-sloten-loa208\/#primaryimage","url":"https:\/\/sxflightcase.com\/wp-content\/uploads\/2024\/07\/LOA208.jpg","contentUrl":"https:\/\/sxflightcase.com\/wp-content\/uploads\/2024\/07\/LOA208.jpg","width":520,"height":406,"caption":"Flight Case Locks"},{"@type":"BreadcrumbList","@id":"https:\/\/sxflightcase.com\/nl\/product\/flightcase-sloten-loa208\/#breadcrumb","itemListElement":[{"@type":"ListItem","position":1,"name":"Home","item":"https:\/\/sxflightcase.com\/"},{"@type":"ListItem","position":2,"name":"\u0e2a\u0e34\u0e19\u0e04\u0e49\u0e32","item":"https:\/\/sxflightcase.com\/th\/shop\/"},{"@type":"ListItem","position":3,"name":"Flight Case Locks LOA208"}]},{"@type":"WebSite","@id":"https:\/\/sxflightcase.com\/th\/#website","url":"https:\/\/sxflightcase.com\/th\/","name":"sxpowercase.com","description":"Flight Case Factory","publisher":{"@id":"https:\/\/sxflightcase.com\/th\/#organization"},"potentialAction":[{"@type":"SearchAction","target":{"@type":"EntryPoint","urlTemplate":"https:\/\/sxflightcase.com\/th\/?s={search_term_string}"},"query-input":{"@type":"PropertyValueSpecification","valueRequired":true,"valueName":"search_term_string"}}],"inLanguage":"fr-FR"},{"@type":"Organization","@id":"https:\/\/sxflightcase.com\/th\/#organization","name":"sxpowercase.com","url":"https:\/\/sxflightcase.com\/th\/","logo":{"@type":"ImageObject","inLanguage":"fr-FR","@id":"https:\/\/sxflightcase.com\/th\/#\/schema\/logo\/image\/","url":"https:\/\/sxflightcase.com\/wp-content\/uploads\/2024\/04\/1713919036007.jpg","contentUrl":"https:\/\/sxflightcase.com\/wp-content\/uploads\/2024\/04\/1713919036007.jpg","width":382,"height":388,"caption":"sxpowercase.com"},"image":{"@id":"https:\/\/sxflightcase.com\/th\/#\/schema\/logo\/image\/"},"sameAs":["https:\/\/www.facebook.com\/profile.php?id=61560407257971"],"numberOfEmployees":{"@type":"QuantitativeValue","minValue":"11","maxValue":"50"}}]}},"_links":{"self":[{"href":"https:\/\/sxflightcase.com\/fr\/wp-json\/wp\/v2\/product\/3886","targetHints":{"allow":["GET"]}}],"collection":[{"href":"https:\/\/sxflightcase.com\/fr\/wp-json\/wp\/v2\/product"}],"about":[{"href":"https:\/\/sxflightcase.com\/fr\/wp-json\/wp\/v2\/types\/product"}],"replies":[{"embeddable":true,"href":"https:\/\/sxflightcase.com\/fr\/wp-json\/wp\/v2\/comments?post=3886"}],"version-history":[{"count":0,"href":"https:\/\/sxflightcase.com\/fr\/wp-json\/wp\/v2\/product\/3886\/revisions"}],"wp:featuredmedia":[{"embeddable":true,"href":"https:\/\/sxflightcase.com\/fr\/wp-json\/wp\/v2\/media\/3781"}],"wp:attachment":[{"href":"https:\/\/sxflightcase.com\/fr\/wp-json\/wp\/v2\/media?parent=3886"}],"wp:term":[{"taxonomy":"product_brand","embeddable":true,"href":"https:\/\/sxflightcase.com\/fr\/wp-json\/wp\/v2\/product_brand?post=3886"},{"taxonomy":"product_cat","embeddable":true,"href":"https:\/\/sxflightcase.com\/fr\/wp-json\/wp\/v2\/product_cat?post=3886"},{"taxonomy":"product_tag","embeddable":true,"href":"https:\/\/sxflightcase.com\/fr\/wp-json\/wp\/v2\/product_tag?post=3886"}],"curies":[{"name":"wp","href":"https:\/\/api.w.org\/{rel}","templated":true}]}}