{"id":3899,"date":"2024-07-31T08:39:57","date_gmt":"2024-07-31T07:39:57","guid":{"rendered":"https:\/\/sxpowercase.com\/?post_type=product&#038;p=3899"},"modified":"2024-07-31T08:39:58","modified_gmt":"2024-07-31T07:39:58","slug":"recessed-latch-loa211","status":"publish","type":"product","link":"https:\/\/sxflightcase.com\/fr\/produit\/loa211-loa211-loa211-loa211-loa211-loa211-loa211-loa211-2\/","title":{"rendered":"Loquet encastr\u00e9 LOA211"},"content":{"rendered":"<h2>S\u00e9curisez votre mat\u00e9riel avec le loquet encastr\u00e9 SX<\/h2>\n<h3>Solutions de verrouillage de haute qualit\u00e9<\/h3>\n<p>Lorsqu'il s'agit de prot\u00e9ger votre \u00e9quipement de valeur, un verrou fiable est essentiel. SX propose des <strong>Loquet encastr\u00e9<\/strong>\u00a0con\u00e7us pour fournir des fermetures s\u00fbres et pratiques pour les mallettes et les bo\u00eetiers. Nos fermetures sont id\u00e9ales pour une vari\u00e9t\u00e9 d'applications, garantissant que votre mat\u00e9riel reste en s\u00e9curit\u00e9 et prot\u00e9g\u00e9 \u00e0 tout moment.<\/p>\n<h3>Ventes directes d&#039;usine pour une valeur imbattable<\/h3>\n<p>\u00c0 <a href=\"https:\/\/sxpowercase.com\/\" target=\"_blank\" rel=\"noopener\" title=\"SX\" data-wpil-monitor-id=\"612\">SX<\/a>Nous sommes convaincus de la n\u00e9cessit\u00e9 de fournir des produits de haute qualit\u00e9 \u00e0 des prix bas. En proposant des ventes directes \u00e0 l'usine, nous \u00e9liminons les majorations inutiles et faisons directement profiter nos clients des \u00e9conomies r\u00e9alis\u00e9es. Nos services <strong>Loquets encastr\u00e9s<\/strong> sont non seulement abordables, mais aussi fabriqu\u00e9s avec pr\u00e9cision pour r\u00e9pondre \u00e0 des normes de qualit\u00e9 strictes. Vous b\u00e9n\u00e9ficiez ainsi du meilleur des deux mondes : une qualit\u00e9 irr\u00e9prochable \u00e0 un prix comp\u00e9titif.<\/p>\n<h3>Une durabilit\u00e9 \u00e0 laquelle vous pouvez faire confiance<\/h3>\n<p>Construits pour durer, les loquets encastr\u00e9s SX sont fabriqu\u00e9s \u00e0 partir de mat\u00e9riaux durables qui r\u00e9sistent aux rigueurs d'une utilisation fr\u00e9quente. Qu'il s'agisse de s\u00e9curiser des valises de route, des bo\u00eetes \u00e0 outils ou des flight cases, nos loquets offrent un m\u00e9canisme de verrouillage fiable sur lequel vous pouvez compter. Nous donnons la priorit\u00e9 \u00e0 l'assurance qualit\u00e9, en veillant \u00e0 ce que chaque loquet r\u00e9ponde \u00e0 nos normes rigoureuses avant d'arriver entre vos mains.<\/p>\n<h3>Rentable et personnalisable<\/h3>\n<p>Chez SX, nous comprenons que des projets diff\u00e9rents n\u00e9cessitent des solutions diff\u00e9rentes. C'est pourquoi nous proposons des options de personnalisation pour nos produits. <strong>Loquets encastr\u00e9s<\/strong>. Que vous ayez besoin d'une taille, d'une finition ou d'un design sp\u00e9cifique, nous pouvons adapter nos produits \u00e0 vos besoins. Tout en offrant une personnalisation, nous maintenons des prix bas, ce qui fait de nos loquets un choix rentable pour tous les budgets.<\/p>\n<h3>Polyvalence et facilit\u00e9 d'utilisation<\/h3>\n<p>SX <strong>Loquets encastr\u00e9s<\/strong> sont con\u00e7us pour \u00eatre polyvalents et faciles \u00e0 utiliser. Leur conception encastr\u00e9e garantit un profil lisse, \u00e9vitant les accrochages et les dommages pendant le transport. Ils sont donc parfaits pour les \u00e9quipements audio, visuels et sc\u00e9niques professionnels, ainsi que pour d'autres \u00e9quipements sensibles. Leur conception conviviale garantit \u00e9galement une installation rapide et facile, ce qui vous permet d'\u00e9conomiser du temps et des efforts.<\/p>\n<h3>Pourquoi choisir SX?<\/h3>\n<p>Choisir SX, c'est choisir la qualit\u00e9, le prix et la fiabilit\u00e9. Notre mod\u00e8le d'usine directe vous garantit les meilleurs produits aux meilleurs prix, sans compromis sur la qualit\u00e9. Nous sommes fid\u00e8les \u00e0 nos produits, offrant des solutions durables et personnalisables qui r\u00e9pondent \u00e0 vos besoins sp\u00e9cifiques. Qu'il s'agisse d'\u00e9quiper un flight case personnalis\u00e9 ou de s\u00e9curiser une bo\u00eete \u00e0 outils, SX <strong>Loquets encastr\u00e9s<\/strong> offrent les performances fiables dont vous avez besoin.<\/p>\n<h3>Contactez-nous aujourd&#039;hui<\/h3>\n<p>S\u00e9curisez votre \u00e9quipement en toute confiance gr\u00e2ce \u00e0 SX <strong>Loquets encastr\u00e9s<\/strong>. Nos loquets offrent une solution s\u00fbre et discr\u00e8te qui allie durabilit\u00e9 et prix abordable. Contactez-nous d\u00e8s aujourd'hui pour en savoir plus sur notre gamme de solutions de verrouillage et sur la fa\u00e7on dont nous pouvons les adapter \u00e0 vos besoins. Avec SX, vous obtenez des produits de qualit\u00e9 en provenance directe de l'usine, ce qui vous garantit le meilleur rapport qualit\u00e9-prix. Faites confiance \u00e0 SX pour tous vos besoins en mati\u00e8re de verrouillage et d\u00e9couvrez la diff\u00e9rence en termes de qualit\u00e9 et de service.<\/p>\n<p>Contactez-nous maintenant :<span style=\"color: #0000ff;\"><a style=\"color: #0000ff;\" href=\"https:\/\/sxpowercase.com\/contact-us\/\">https:\/\/sxpowercase.com\/<\/a><\/span><\/p>\n<p>Catalogue de produits mat\u00e9riels :<span style=\"color: #3366ff;\"><a style=\"color: #3366ff;\" href=\"https:\/\/sxpowercase.com\/wp-content\/uploads\/2024\/07\/\u4e94\u91d1.pdf\">Catalogue d&#039;accessoires de quincaillerie<\/a><\/span><\/p>","protected":false},"excerpt":{"rendered":"<div class=\"flex-shrink-0 flex flex-col relative items-end\">\n<div>\n<div class=\"pt-0\">\n<div class=\"gizmo-bot-avatar flex h-8 w-8 items-center justify-center overflow-hidden rounded-full\">\n<div class=\"relative p-1 rounded-sm flex items-center justify-center bg-token-main-surface-primary text-token-text-primary h-8 w-8\"><\/div>\n<\/div>\n<\/div>\n<\/div>\n<\/div>\n<div class=\"group\/conversation-turn relative flex w-full min-w-0 flex-col agent-turn\">\n<div class=\"flex-col gap-1 md:gap-3\">\n<div class=\"flex flex-grow flex-col max-w-full\">\n<div class=\"min-h-[20px] text-message flex w-full flex-col items-end gap-2 whitespace-pre-wrap break-words [.text-message+&amp;]:mt-5 overflow-x-auto\" dir=\"auto\" data-message-author-role=\"assistant\" data-message-id=\"1ab61275-2362-43eb-9fce-bafb1f1b29ea\">\n<div class=\"flex w-full flex-col gap-1 empty:hidden first:pt-[3px]\">\n<div class=\"markdown prose w-full break-words dark:prose-invert light\">\n<h3>Secure Your Gear with SX Recessed Latches<\/h3>\n<p>Protect your equipment with SX&#8217;s high-quality Recessed Latches, providing secure and convenient closures for various cases and enclosures.<\/p>\n<h3>Unbeatable Value with Factory Direct Sales<\/h3>\n<p>SX offers Recessed Latches at competitive prices through factory direct sales. Enjoy top-notch quality without the high cost.<\/p>\n<h3>Durable, Customisable, and Easy to Use<\/h3>\n<p>SX Recessed Latches are durable and versatile, with customisation options to fit your specific needs. Their recessed design ensures a smooth profile, perfect for professional equipment.<\/p>\n<\/div>\n<\/div>\n<\/div>\n<\/div>\n<div class=\"mt-1 flex gap-3 empty:hidden -ml-2\">\n<div class=\"items-center justify-start rounded-xl p-1 flex\">\n<div class=\"flex items-center\"><\/div>\n<\/div>\n<\/div>\n<\/div>\n<\/div>\n","protected":false},"featured_media":3784,"comment_status":"open","ping_status":"closed","template":"","meta":[],"product_brand":[],"product_cat":[61],"product_tag":[],"class_list":{"0":"post-3899","1":"product","2":"type-product","3":"status-publish","4":"has-post-thumbnail","6":"product_cat-catchother-locks","8":"first","9":"instock","10":"shipping-taxable","11":"product-type-simple"},"yoast_head":"<!-- This site is optimized with the Yoast SEO Premium plugin v27.1 (Yoast SEO v27.2) - https:\/\/yoast.com\/product\/yoast-seo-premium-wordpress\/ -->\n<title>Recessed Latch LOA211 - https:\/\/sxflightcase.com \ud83d\udc97<\/title>\n<meta name=\"description\" content=\"Recessed latch, factory direct! High-quality, secure latching solutions for flight cases and equipment. Ideal for a flush, protected fit in professional and industrial settings.\" \/>\n<meta name=\"robots\" content=\"index, follow, max-snippet:-1, max-image-preview:large, max-video-preview:-1\" \/>\n<link rel=\"canonical\" href=\"https:\/\/sxflightcase.com\/fr\/product\/verzonken-dagschoot-loa211-2\/\" \/>\n<meta property=\"og:locale\" content=\"fr_FR\" \/>\n<meta property=\"og:type\" content=\"article\" \/>\n<meta property=\"og:title\" content=\"Recessed Latch LOA211\" \/>\n<meta property=\"og:description\" content=\"Recessed latch, factory direct! High-quality, secure latching solutions for flight cases and equipment. Ideal for a flush, protected fit in professional and industrial settings.\" \/>\n<meta property=\"og:url\" content=\"https:\/\/sxflightcase.com\/fr\/product\/verzonken-dagschoot-loa211-2\/\" \/>\n<meta property=\"og:site_name\" content=\"https:\/\/sxflightcase.com\" \/>\n<meta property=\"article:publisher\" content=\"https:\/\/www.facebook.com\/profile.php?id=61560407257971\" \/>\n<meta property=\"article:modified_time\" content=\"2024-07-31T07:39:58+00:00\" \/>\n<meta property=\"og:image\" content=\"https:\/\/sxflightcase.com\/wp-content\/uploads\/2024\/07\/LOA211.jpg\" \/>\n\t<meta property=\"og:image:width\" content=\"650\" \/>\n\t<meta property=\"og:image:height\" content=\"565\" \/>\n\t<meta property=\"og:image:type\" content=\"image\/jpeg\" \/>\n<meta name=\"twitter:card\" content=\"summary_large_image\" \/>\n<meta name=\"twitter:label1\" content=\"Dur\u00e9e de lecture estim\u00e9e\" \/>\n\t<meta name=\"twitter:data1\" content=\"3 minutes\" \/>\n<script type=\"application\/ld+json\" class=\"yoast-schema-graph\">{\"@context\":\"https:\/\/schema.org\",\"@graph\":[{\"@type\":\"WebPage\",\"@id\":\"https:\/\/sxflightcase.com\/nl\/product\/verzonken-dagschoot-loa211-2\/\",\"url\":\"https:\/\/sxflightcase.com\/nl\/product\/verzonken-dagschoot-loa211-2\/\",\"name\":\"Recessed Latch LOA211 - https:\/\/sxflightcase.com \ud83d\udc97\",\"isPartOf\":{\"@id\":\"https:\/\/sxflightcase.com\/th\/#website\"},\"primaryImageOfPage\":{\"@id\":\"https:\/\/sxflightcase.com\/nl\/product\/verzonken-dagschoot-loa211-2\/#primaryimage\"},\"image\":{\"@id\":\"https:\/\/sxflightcase.com\/nl\/product\/verzonken-dagschoot-loa211-2\/#primaryimage\"},\"thumbnailUrl\":\"https:\/\/sxflightcase.com\/wp-content\/uploads\/2024\/07\/LOA211.jpg\",\"datePublished\":\"2024-07-31T07:39:57+00:00\",\"dateModified\":\"2024-07-31T07:39:58+00:00\",\"description\":\"Recessed latch, factory direct! High-quality, secure latching solutions for flight cases and equipment. Ideal for a flush, protected fit in professional and industrial settings.\",\"breadcrumb\":{\"@id\":\"https:\/\/sxflightcase.com\/nl\/product\/verzonken-dagschoot-loa211-2\/#breadcrumb\"},\"inLanguage\":\"fr-FR\",\"potentialAction\":[{\"@type\":\"ReadAction\",\"target\":[\"https:\/\/sxflightcase.com\/nl\/product\/verzonken-dagschoot-loa211-2\/\"]}]},{\"@type\":\"ImageObject\",\"inLanguage\":\"fr-FR\",\"@id\":\"https:\/\/sxflightcase.com\/nl\/product\/verzonken-dagschoot-loa211-2\/#primaryimage\",\"url\":\"https:\/\/sxflightcase.com\/wp-content\/uploads\/2024\/07\/LOA211.jpg\",\"contentUrl\":\"https:\/\/sxflightcase.com\/wp-content\/uploads\/2024\/07\/LOA211.jpg\",\"width\":650,\"height\":565,\"caption\":\"Recessed Latch\"},{\"@type\":\"BreadcrumbList\",\"@id\":\"https:\/\/sxflightcase.com\/nl\/product\/verzonken-dagschoot-loa211-2\/#breadcrumb\",\"itemListElement\":[{\"@type\":\"ListItem\",\"position\":1,\"name\":\"Home\",\"item\":\"https:\/\/sxflightcase.com\/\"},{\"@type\":\"ListItem\",\"position\":2,\"name\":\"\u0e2a\u0e34\u0e19\u0e04\u0e49\u0e32\",\"item\":\"https:\/\/sxflightcase.com\/th\/shop\/\"},{\"@type\":\"ListItem\",\"position\":3,\"name\":\"Recessed Latch LOA211\"}]},{\"@type\":\"WebSite\",\"@id\":\"https:\/\/sxflightcase.com\/th\/#website\",\"url\":\"https:\/\/sxflightcase.com\/th\/\",\"name\":\"sxpowercase.com\",\"description\":\"Flight Case Factory\",\"publisher\":{\"@id\":\"https:\/\/sxflightcase.com\/th\/#organization\"},\"potentialAction\":[{\"@type\":\"SearchAction\",\"target\":{\"@type\":\"EntryPoint\",\"urlTemplate\":\"https:\/\/sxflightcase.com\/th\/?s={search_term_string}\"},\"query-input\":{\"@type\":\"PropertyValueSpecification\",\"valueRequired\":true,\"valueName\":\"search_term_string\"}}],\"inLanguage\":\"fr-FR\"},{\"@type\":\"Organization\",\"@id\":\"https:\/\/sxflightcase.com\/th\/#organization\",\"name\":\"sxpowercase.com\",\"url\":\"https:\/\/sxflightcase.com\/th\/\",\"logo\":{\"@type\":\"ImageObject\",\"inLanguage\":\"fr-FR\",\"@id\":\"https:\/\/sxflightcase.com\/th\/#\/schema\/logo\/image\/\",\"url\":\"https:\/\/sxflightcase.com\/wp-content\/uploads\/2024\/04\/1713919036007.jpg\",\"contentUrl\":\"https:\/\/sxflightcase.com\/wp-content\/uploads\/2024\/04\/1713919036007.jpg\",\"width\":382,\"height\":388,\"caption\":\"sxpowercase.com\"},\"image\":{\"@id\":\"https:\/\/sxflightcase.com\/th\/#\/schema\/logo\/image\/\"},\"sameAs\":[\"https:\/\/www.facebook.com\/profile.php?id=61560407257971\"],\"numberOfEmployees\":{\"@type\":\"QuantitativeValue\",\"minValue\":\"11\",\"maxValue\":\"50\"}}]}<\/script>\n<!-- \/ Yoast SEO Premium plugin. -->","yoast_head_json":{"title":"Recessed Latch LOA211 - https:\/\/sxflightcase.com \ud83d\udc97","description":"Loquet encastr\u00e9, direct usine ! Solutions de verrouillage s\u00fbres et de haute qualit\u00e9 pour les flight cases et les \u00e9quipements. Id\u00e9al pour un montage affleurant et prot\u00e9g\u00e9 dans les environnements professionnels et industriels.","robots":{"index":"index","follow":"follow","max-snippet":"max-snippet:-1","max-image-preview":"max-image-preview:large","max-video-preview":"max-video-preview:-1"},"canonical":"https:\/\/sxflightcase.com\/fr\/product\/verzonken-dagschoot-loa211-2\/","og_locale":"fr_FR","og_type":"article","og_title":"Recessed Latch LOA211","og_description":"Recessed latch, factory direct! High-quality, secure latching solutions for flight cases and equipment. Ideal for a flush, protected fit in professional and industrial settings.","og_url":"https:\/\/sxflightcase.com\/fr\/product\/verzonken-dagschoot-loa211-2\/","og_site_name":"https:\/\/sxflightcase.com","article_publisher":"https:\/\/www.facebook.com\/profile.php?id=61560407257971","article_modified_time":"2024-07-31T07:39:58+00:00","og_image":[{"width":650,"height":565,"url":"https:\/\/sxflightcase.com\/wp-content\/uploads\/2024\/07\/LOA211.jpg","type":"image\/jpeg"}],"twitter_card":"summary_large_image","twitter_misc":{"Dur\u00e9e de lecture estim\u00e9e":"3 minutes"},"schema":{"@context":"https:\/\/schema.org","@graph":[{"@type":"WebPage","@id":"https:\/\/sxflightcase.com\/nl\/product\/verzonken-dagschoot-loa211-2\/","url":"https:\/\/sxflightcase.com\/nl\/product\/verzonken-dagschoot-loa211-2\/","name":"Recessed Latch LOA211 - https:\/\/sxflightcase.com \ud83d\udc97","isPartOf":{"@id":"https:\/\/sxflightcase.com\/th\/#website"},"primaryImageOfPage":{"@id":"https:\/\/sxflightcase.com\/nl\/product\/verzonken-dagschoot-loa211-2\/#primaryimage"},"image":{"@id":"https:\/\/sxflightcase.com\/nl\/product\/verzonken-dagschoot-loa211-2\/#primaryimage"},"thumbnailUrl":"https:\/\/sxflightcase.com\/wp-content\/uploads\/2024\/07\/LOA211.jpg","datePublished":"2024-07-31T07:39:57+00:00","dateModified":"2024-07-31T07:39:58+00:00","description":"Loquet encastr\u00e9, direct usine ! Solutions de verrouillage s\u00fbres et de haute qualit\u00e9 pour les flight cases et les \u00e9quipements. Id\u00e9al pour un montage affleurant et prot\u00e9g\u00e9 dans les environnements professionnels et industriels.","breadcrumb":{"@id":"https:\/\/sxflightcase.com\/nl\/product\/verzonken-dagschoot-loa211-2\/#breadcrumb"},"inLanguage":"fr-FR","potentialAction":[{"@type":"ReadAction","target":["https:\/\/sxflightcase.com\/nl\/product\/verzonken-dagschoot-loa211-2\/"]}]},{"@type":"ImageObject","inLanguage":"fr-FR","@id":"https:\/\/sxflightcase.com\/nl\/product\/verzonken-dagschoot-loa211-2\/#primaryimage","url":"https:\/\/sxflightcase.com\/wp-content\/uploads\/2024\/07\/LOA211.jpg","contentUrl":"https:\/\/sxflightcase.com\/wp-content\/uploads\/2024\/07\/LOA211.jpg","width":650,"height":565,"caption":"Recessed Latch"},{"@type":"BreadcrumbList","@id":"https:\/\/sxflightcase.com\/nl\/product\/verzonken-dagschoot-loa211-2\/#breadcrumb","itemListElement":[{"@type":"ListItem","position":1,"name":"Home","item":"https:\/\/sxflightcase.com\/"},{"@type":"ListItem","position":2,"name":"\u0e2a\u0e34\u0e19\u0e04\u0e49\u0e32","item":"https:\/\/sxflightcase.com\/th\/shop\/"},{"@type":"ListItem","position":3,"name":"Recessed Latch LOA211"}]},{"@type":"WebSite","@id":"https:\/\/sxflightcase.com\/th\/#website","url":"https:\/\/sxflightcase.com\/th\/","name":"sxpowercase.com","description":"Flight Case Factory","publisher":{"@id":"https:\/\/sxflightcase.com\/th\/#organization"},"potentialAction":[{"@type":"SearchAction","target":{"@type":"EntryPoint","urlTemplate":"https:\/\/sxflightcase.com\/th\/?s={search_term_string}"},"query-input":{"@type":"PropertyValueSpecification","valueRequired":true,"valueName":"search_term_string"}}],"inLanguage":"fr-FR"},{"@type":"Organization","@id":"https:\/\/sxflightcase.com\/th\/#organization","name":"sxpowercase.com","url":"https:\/\/sxflightcase.com\/th\/","logo":{"@type":"ImageObject","inLanguage":"fr-FR","@id":"https:\/\/sxflightcase.com\/th\/#\/schema\/logo\/image\/","url":"https:\/\/sxflightcase.com\/wp-content\/uploads\/2024\/04\/1713919036007.jpg","contentUrl":"https:\/\/sxflightcase.com\/wp-content\/uploads\/2024\/04\/1713919036007.jpg","width":382,"height":388,"caption":"sxpowercase.com"},"image":{"@id":"https:\/\/sxflightcase.com\/th\/#\/schema\/logo\/image\/"},"sameAs":["https:\/\/www.facebook.com\/profile.php?id=61560407257971"],"numberOfEmployees":{"@type":"QuantitativeValue","minValue":"11","maxValue":"50"}}]}},"_links":{"self":[{"href":"https:\/\/sxflightcase.com\/fr\/wp-json\/wp\/v2\/product\/3899","targetHints":{"allow":["GET"]}}],"collection":[{"href":"https:\/\/sxflightcase.com\/fr\/wp-json\/wp\/v2\/product"}],"about":[{"href":"https:\/\/sxflightcase.com\/fr\/wp-json\/wp\/v2\/types\/product"}],"replies":[{"embeddable":true,"href":"https:\/\/sxflightcase.com\/fr\/wp-json\/wp\/v2\/comments?post=3899"}],"version-history":[{"count":0,"href":"https:\/\/sxflightcase.com\/fr\/wp-json\/wp\/v2\/product\/3899\/revisions"}],"wp:featuredmedia":[{"embeddable":true,"href":"https:\/\/sxflightcase.com\/fr\/wp-json\/wp\/v2\/media\/3784"}],"wp:attachment":[{"href":"https:\/\/sxflightcase.com\/fr\/wp-json\/wp\/v2\/media?parent=3899"}],"wp:term":[{"taxonomy":"product_brand","embeddable":true,"href":"https:\/\/sxflightcase.com\/fr\/wp-json\/wp\/v2\/product_brand?post=3899"},{"taxonomy":"product_cat","embeddable":true,"href":"https:\/\/sxflightcase.com\/fr\/wp-json\/wp\/v2\/product_cat?post=3899"},{"taxonomy":"product_tag","embeddable":true,"href":"https:\/\/sxflightcase.com\/fr\/wp-json\/wp\/v2\/product_tag?post=3899"}],"curies":[{"name":"wp","href":"https:\/\/api.w.org\/{rel}","templated":true}]}}