{"id":3910,"date":"2024-08-01T07:02:11","date_gmt":"2024-08-01T06:02:11","guid":{"rendered":"https:\/\/sxpowercase.com\/?post_type=product&#038;p=3910"},"modified":"2024-08-01T07:02:12","modified_gmt":"2024-08-01T06:02:12","slug":"recessed-latches-loa302","status":"publish","type":"product","link":"https:\/\/sxflightcase.com\/fr\/produit\/loa302-loa302-loa302-loa302-loa302-loa302-loa302-loa302-2\/","title":{"rendered":"Loquets encastr\u00e9s LOA302"},"content":{"rendered":"<h2>S\u00e9curisez votre \u00e9quipement avec les loquets encastr\u00e9s SX<\/h2>\n<h3>Solutions de verrouillage de haute qualit\u00e9<\/h3>\n<p>Lorsqu'il s'agit de s\u00e9curiser vos \u00e9quipements de valeur, <strong>Loquets encastr\u00e9s<\/strong> de SX sont un choix de premier ordre. Con\u00e7us pour offrir une s\u00e9curit\u00e9 maximale, ces loquets sont parfaits pour une large gamme d'applications, y compris les flight cases et les conteneurs de stockage. SX propose des solutions de verrouillage fiables qui garantissent la s\u00e9curit\u00e9 et la protection de votre mat\u00e9riel, quel que soit l'environnement.<\/p>\n<h3>Directement de l'usine et \u00e0 un prix abordable<\/h3>\n<p>\u00c0 <a href=\"https:\/\/sxpowercase.com\/\" target=\"_blank\" rel=\"noopener\" title=\"SX\" data-wpil-monitor-id=\"614\">SX<\/a>Nous sommes fiers de livrer des produits de haute qualit\u00e9 directement de l'usine \u00e0 nos clients. Cette approche nous permet d'offrir \u00e0 nos clients <strong>Loquets encastr\u00e9s<\/strong> \u00e0 des prix comp\u00e9titifs, ce qui vous permet de b\u00e9n\u00e9ficier d'une s\u00e9curit\u00e9 de premier ordre sans vous ruiner. Notre mod\u00e8le de vente directe \u00e0 l'usine \u00e9limine le besoin d'interm\u00e9diaires et vous fait b\u00e9n\u00e9ficier directement des \u00e9conomies r\u00e9alis\u00e9es, tout en maintenant des normes de produits sup\u00e9rieures.<\/p>\n<h3>Une durabilit\u00e9 sur laquelle vous pouvez compter<\/h3>\n<p>SX <strong>Loquets encastr\u00e9s<\/strong> sont fabriqu\u00e9s \u00e0 partir de mat\u00e9riaux solides et durables, con\u00e7us pour r\u00e9sister \u00e0 une utilisation fr\u00e9quente et \u00e0 des conditions difficiles. Chaque loquet est soumis \u00e0 des contr\u00f4les de qualit\u00e9 rigoureux pour s'assurer qu'il r\u00e9pond \u00e0 nos normes strictes. Cet accent mis sur la qualit\u00e9 garantit que nos loquets ne sont pas seulement durables, mais qu'ils offrent \u00e9galement des performances constantes et fiables, ce qui vous permet d'avoir l'esprit tranquille en ce qui concerne la s\u00e9curit\u00e9 de votre \u00e9quipement.<\/p>\n<h3>Personnalisable pour r\u00e9pondre \u00e0 vos besoins<\/h3>\n<p>Nous comprenons que chaque projet a des exigences uniques, c'est pourquoi SX propose des options de personnalisation pour ses services d'assistance technique. <strong>Loquets encastr\u00e9s<\/strong>. Que vous ayez besoin de dimensions, de finitions ou de mat\u00e9riaux sp\u00e9cifiques, nous pouvons adapter nos produits \u00e0 vos besoins. Cette personnalisation vous permet d'obtenir exactement ce dont vous avez besoin sans co\u00fbts inutiles, tout en b\u00e9n\u00e9ficiant de notre engagement en mati\u00e8re de qualit\u00e9 et de prix.<\/p>\n<h3>Facile \u00e0 installer et \u00e0 utiliser<\/h3>\n<p>SX <strong>Loquets encastr\u00e9s<\/strong> se caract\u00e9risent par une conception conviviale qui rend l'installation rapide et simple. Leur structure encastr\u00e9e am\u00e9liore non seulement l'attrait esth\u00e9tique de vos bo\u00eetiers et coffrets, mais pr\u00e9vient \u00e9galement les accrochages et les dommages accidentels. Gr\u00e2ce \u00e0 ce design \u00e9l\u00e9gant, nos loquets conviennent parfaitement \u00e0 diverses applications, qu'il s'agisse d'installations audiovisuelles professionnelles ou d'espaces de stockage \u00e0 usage g\u00e9n\u00e9ral.<\/p>\n<h3>Pourquoi choisir SX?<\/h3>\n<p>Choisir SX, c'est choisir une marque qui privil\u00e9gie la qualit\u00e9, le prix et la satisfaction du client. Notre mod\u00e8le de vente directe aux consommateurs vous garantit des produits de haute qualit\u00e9 aux meilleurs prix. Gr\u00e2ce \u00e0 notre <strong>Loquets encastr\u00e9s<\/strong>Avec SX, vous obtenez une solution durable et personnalisable qui r\u00e9pond \u00e0 vos besoins sp\u00e9cifiques. Faites confiance \u00e0 SX pour des loquets qui allient une excellente s\u00e9curit\u00e9 \u00e0 un design attrayant, le tout \u00e0 un prix rentable.<\/p>\n<h3>Contactez-nous aujourd&#039;hui<\/h3>\n<p>S\u00e9curisez votre \u00e9quipement avec ce qui se fait de mieux dans l'industrie. SX <strong>Loquets encastr\u00e9s<\/strong> offrent une combinaison parfaite de s\u00e9curit\u00e9, de durabilit\u00e9 et de prix abordable. Qu'il s'agisse d'\u00e9quiper des flight cases, des unit\u00e9s de stockage ou d'autres \u00e9quipements, nos loquets constituent une solution fiable et \u00e9l\u00e9gante. Contactez-nous d\u00e8s aujourd'hui pour en savoir plus sur nos produits et sur la mani\u00e8re dont nous pouvons r\u00e9pondre \u00e0 vos besoins sp\u00e9cifiques. Avec SX, vous avez la garantie de produits de qualit\u00e9 en provenance directe de l'usine, \u00e0 des prix qui ne vous ruineront pas.<\/p>\n<p>Contactez-nous maintenant :<span style=\"color: #0000ff;\"><a style=\"color: #0000ff;\" href=\"https:\/\/sxpowercase.com\/contact-us\/\">https:\/\/sxpowercase.com\/<\/a><\/span><\/p>\n<p>Catalogue de produits mat\u00e9riels :<span style=\"color: #3366ff;\"><a style=\"color: #3366ff;\" href=\"https:\/\/sxpowercase.com\/wp-content\/uploads\/2024\/07\/\u4e94\u91d1.pdf\">Catalogue d&#039;accessoires de quincaillerie<\/a><\/span><\/p>","protected":false},"excerpt":{"rendered":"<div class=\"flex-shrink-0 flex flex-col relative items-end\">\n<div>\n<div class=\"pt-0\">\n<div class=\"gizmo-bot-avatar flex h-8 w-8 items-center justify-center overflow-hidden rounded-full\">\n<div class=\"relative p-1 rounded-sm flex items-center justify-center bg-token-main-surface-primary text-token-text-primary h-8 w-8\"><\/div>\n<\/div>\n<\/div>\n<\/div>\n<\/div>\n<div class=\"group\/conversation-turn relative flex w-full min-w-0 flex-col agent-turn\">\n<div class=\"flex-col gap-1 md:gap-3\">\n<div class=\"flex flex-grow flex-col max-w-full\">\n<div class=\"min-h-[20px] text-message flex w-full flex-col items-end gap-2 whitespace-pre-wrap break-words [.text-message+&amp;]:mt-5 overflow-x-auto\" dir=\"auto\" data-message-author-role=\"assistant\" data-message-id=\"1ab61275-2362-43eb-9fce-bafb1f1b29ea\">\n<div class=\"flex w-full flex-col gap-1 empty:hidden first:pt-[3px]\">\n<div class=\"markdown prose w-full break-words dark:prose-invert light\">\n<h3>Secure Your Gear with SX Recessed Latches<\/h3>\n<p>Protect your equipment with SX&#8217;s high-quality Recessed Latches, providing secure and convenient closures for various cases and enclosures.<\/p>\n<h3>Unbeatable Value with Factory Direct Sales<\/h3>\n<p>SX offers Recessed Latches at competitive prices through factory direct sales. Enjoy top-notch quality without the high cost.<\/p>\n<h3>Durable, Customisable, and Easy to Use<\/h3>\n<p>SX Recessed Latches are durable and versatile, with customisation options to fit your specific needs. Their recessed design ensures a smooth profile, perfect for professional equipment.<\/p>\n<\/div>\n<\/div>\n<\/div>\n<\/div>\n<div class=\"mt-1 flex gap-3 empty:hidden -ml-2\">\n<div class=\"items-center justify-start rounded-xl p-1 flex\">\n<div class=\"flex items-center\"><\/div>\n<\/div>\n<\/div>\n<\/div>\n<\/div>\n","protected":false},"featured_media":3786,"comment_status":"open","ping_status":"closed","template":"","meta":[],"product_brand":[],"product_cat":[61],"product_tag":[],"class_list":{"0":"post-3910","1":"product","2":"type-product","3":"status-publish","4":"has-post-thumbnail","6":"product_cat-catchother-locks","8":"first","9":"instock","10":"shipping-taxable","11":"product-type-simple"},"yoast_head":"<!-- This site is optimized with the Yoast SEO Premium plugin v27.1 (Yoast SEO v27.2) - https:\/\/yoast.com\/product\/yoast-seo-premium-wordpress\/ -->\n<title>Recessed Latches LOA302 - https:\/\/sxflightcase.com \ud83d\udc97<\/title>\n<meta name=\"description\" content=\"Recessed latches, factory direct! High-quality, secure latching solutions for flight cases and equipment. Ideal for a flush, protected fit in professional and industrial settings.\" \/>\n<meta name=\"robots\" content=\"index, follow, max-snippet:-1, max-image-preview:large, max-video-preview:-1\" \/>\n<link rel=\"canonical\" href=\"https:\/\/sxflightcase.com\/fr\/\u0645\u0646\u062a\u062c\/\u0627\u0644\u0645\u0632\u0627\u0644\u062c-\u0627\u0644\u063a\u0627\u0626\u0631\u0629-loa302\/\" \/>\n<meta property=\"og:locale\" content=\"fr_FR\" \/>\n<meta property=\"og:type\" content=\"article\" \/>\n<meta property=\"og:title\" content=\"Recessed Latches LOA302\" \/>\n<meta property=\"og:description\" content=\"Recessed latches, factory direct! High-quality, secure latching solutions for flight cases and equipment. Ideal for a flush, protected fit in professional and industrial settings.\" \/>\n<meta property=\"og:url\" content=\"https:\/\/sxflightcase.com\/fr\/\u0645\u0646\u062a\u062c\/\u0627\u0644\u0645\u0632\u0627\u0644\u062c-\u0627\u0644\u063a\u0627\u0626\u0631\u0629-loa302\/\" \/>\n<meta property=\"og:site_name\" content=\"https:\/\/sxflightcase.com\" \/>\n<meta property=\"article:publisher\" content=\"https:\/\/www.facebook.com\/profile.php?id=61560407257971\" \/>\n<meta property=\"article:modified_time\" content=\"2024-08-01T06:02:12+00:00\" \/>\n<meta property=\"og:image\" content=\"https:\/\/sxflightcase.com\/wp-content\/uploads\/2024\/07\/LOA302.jpg\" \/>\n\t<meta property=\"og:image:width\" content=\"520\" \/>\n\t<meta property=\"og:image:height\" content=\"454\" \/>\n\t<meta property=\"og:image:type\" content=\"image\/jpeg\" \/>\n<meta name=\"twitter:card\" content=\"summary_large_image\" \/>\n<meta name=\"twitter:label1\" content=\"Dur\u00e9e de lecture estim\u00e9e\" \/>\n\t<meta name=\"twitter:data1\" content=\"3 minutes\" \/>\n<script type=\"application\/ld+json\" class=\"yoast-schema-graph\">{\"@context\":\"https:\/\/schema.org\",\"@graph\":[{\"@type\":\"WebPage\",\"@id\":\"https:\/\/sxflightcase.com\/ary\/\u0645\u0646\u062a\u062c\/\u0627\u0644\u0645\u0632\u0627\u0644\u062c-\u0627\u0644\u063a\u0627\u0626\u0631\u0629-loa302\/\",\"url\":\"https:\/\/sxflightcase.com\/ary\/\u0645\u0646\u062a\u062c\/\u0627\u0644\u0645\u0632\u0627\u0644\u062c-\u0627\u0644\u063a\u0627\u0626\u0631\u0629-loa302\/\",\"name\":\"Recessed Latches LOA302 - https:\/\/sxflightcase.com \ud83d\udc97\",\"isPartOf\":{\"@id\":\"https:\/\/sxflightcase.com\/th\/#website\"},\"primaryImageOfPage\":{\"@id\":\"https:\/\/sxflightcase.com\/ary\/\u0645\u0646\u062a\u062c\/\u0627\u0644\u0645\u0632\u0627\u0644\u062c-\u0627\u0644\u063a\u0627\u0626\u0631\u0629-loa302\/#primaryimage\"},\"image\":{\"@id\":\"https:\/\/sxflightcase.com\/ary\/\u0645\u0646\u062a\u062c\/\u0627\u0644\u0645\u0632\u0627\u0644\u062c-\u0627\u0644\u063a\u0627\u0626\u0631\u0629-loa302\/#primaryimage\"},\"thumbnailUrl\":\"https:\/\/sxflightcase.com\/wp-content\/uploads\/2024\/07\/LOA302.jpg\",\"datePublished\":\"2024-08-01T06:02:11+00:00\",\"dateModified\":\"2024-08-01T06:02:12+00:00\",\"description\":\"Recessed latches, factory direct! High-quality, secure latching solutions for flight cases and equipment. Ideal for a flush, protected fit in professional and industrial settings.\",\"breadcrumb\":{\"@id\":\"https:\/\/sxflightcase.com\/ary\/\u0645\u0646\u062a\u062c\/\u0627\u0644\u0645\u0632\u0627\u0644\u062c-\u0627\u0644\u063a\u0627\u0626\u0631\u0629-loa302\/#breadcrumb\"},\"inLanguage\":\"fr-FR\",\"potentialAction\":[{\"@type\":\"ReadAction\",\"target\":[\"https:\/\/sxflightcase.com\/ary\/\u0645\u0646\u062a\u062c\/\u0627\u0644\u0645\u0632\u0627\u0644\u062c-\u0627\u0644\u063a\u0627\u0626\u0631\u0629-loa302\/\"]}]},{\"@type\":\"ImageObject\",\"inLanguage\":\"fr-FR\",\"@id\":\"https:\/\/sxflightcase.com\/ary\/\u0645\u0646\u062a\u062c\/\u0627\u0644\u0645\u0632\u0627\u0644\u062c-\u0627\u0644\u063a\u0627\u0626\u0631\u0629-loa302\/#primaryimage\",\"url\":\"https:\/\/sxflightcase.com\/wp-content\/uploads\/2024\/07\/LOA302.jpg\",\"contentUrl\":\"https:\/\/sxflightcase.com\/wp-content\/uploads\/2024\/07\/LOA302.jpg\",\"width\":520,\"height\":454,\"caption\":\"Recessed Latches\"},{\"@type\":\"BreadcrumbList\",\"@id\":\"https:\/\/sxflightcase.com\/ary\/\u0645\u0646\u062a\u062c\/\u0627\u0644\u0645\u0632\u0627\u0644\u062c-\u0627\u0644\u063a\u0627\u0626\u0631\u0629-loa302\/#breadcrumb\",\"itemListElement\":[{\"@type\":\"ListItem\",\"position\":1,\"name\":\"Home\",\"item\":\"https:\/\/sxflightcase.com\/\"},{\"@type\":\"ListItem\",\"position\":2,\"name\":\"\u0e2a\u0e34\u0e19\u0e04\u0e49\u0e32\",\"item\":\"https:\/\/sxflightcase.com\/th\/shop\/\"},{\"@type\":\"ListItem\",\"position\":3,\"name\":\"Recessed Latches LOA302\"}]},{\"@type\":\"WebSite\",\"@id\":\"https:\/\/sxflightcase.com\/th\/#website\",\"url\":\"https:\/\/sxflightcase.com\/th\/\",\"name\":\"sxpowercase.com\",\"description\":\"Flight Case Factory\",\"publisher\":{\"@id\":\"https:\/\/sxflightcase.com\/th\/#organization\"},\"potentialAction\":[{\"@type\":\"SearchAction\",\"target\":{\"@type\":\"EntryPoint\",\"urlTemplate\":\"https:\/\/sxflightcase.com\/th\/?s={search_term_string}\"},\"query-input\":{\"@type\":\"PropertyValueSpecification\",\"valueRequired\":true,\"valueName\":\"search_term_string\"}}],\"inLanguage\":\"fr-FR\"},{\"@type\":\"Organization\",\"@id\":\"https:\/\/sxflightcase.com\/th\/#organization\",\"name\":\"sxpowercase.com\",\"url\":\"https:\/\/sxflightcase.com\/th\/\",\"logo\":{\"@type\":\"ImageObject\",\"inLanguage\":\"fr-FR\",\"@id\":\"https:\/\/sxflightcase.com\/th\/#\/schema\/logo\/image\/\",\"url\":\"https:\/\/sxflightcase.com\/wp-content\/uploads\/2024\/04\/1713919036007.jpg\",\"contentUrl\":\"https:\/\/sxflightcase.com\/wp-content\/uploads\/2024\/04\/1713919036007.jpg\",\"width\":382,\"height\":388,\"caption\":\"sxpowercase.com\"},\"image\":{\"@id\":\"https:\/\/sxflightcase.com\/th\/#\/schema\/logo\/image\/\"},\"sameAs\":[\"https:\/\/www.facebook.com\/profile.php?id=61560407257971\"],\"numberOfEmployees\":{\"@type\":\"QuantitativeValue\",\"minValue\":\"11\",\"maxValue\":\"50\"}}]}<\/script>\n<!-- \/ Yoast SEO Premium plugin. -->","yoast_head_json":{"title":"Recessed Latches LOA302 - https:\/\/sxflightcase.com \ud83d\udc97","description":"Loquets encastr\u00e9s, en direct de l'usine ! Solutions de verrouillage s\u00fbres et de haute qualit\u00e9 pour les flight cases et les \u00e9quipements. Id\u00e9ales pour un montage affleurant et prot\u00e9g\u00e9 dans les environnements professionnels et industriels.","robots":{"index":"index","follow":"follow","max-snippet":"max-snippet:-1","max-image-preview":"max-image-preview:large","max-video-preview":"max-video-preview:-1"},"canonical":"https:\/\/sxflightcase.com\/fr\/\u0645\u0646\u062a\u062c\/\u0627\u0644\u0645\u0632\u0627\u0644\u062c-\u0627\u0644\u063a\u0627\u0626\u0631\u0629-loa302\/","og_locale":"fr_FR","og_type":"article","og_title":"Recessed Latches LOA302","og_description":"Recessed latches, factory direct! High-quality, secure latching solutions for flight cases and equipment. Ideal for a flush, protected fit in professional and industrial settings.","og_url":"https:\/\/sxflightcase.com\/fr\/\u0645\u0646\u062a\u062c\/\u0627\u0644\u0645\u0632\u0627\u0644\u062c-\u0627\u0644\u063a\u0627\u0626\u0631\u0629-loa302\/","og_site_name":"https:\/\/sxflightcase.com","article_publisher":"https:\/\/www.facebook.com\/profile.php?id=61560407257971","article_modified_time":"2024-08-01T06:02:12+00:00","og_image":[{"width":520,"height":454,"url":"https:\/\/sxflightcase.com\/wp-content\/uploads\/2024\/07\/LOA302.jpg","type":"image\/jpeg"}],"twitter_card":"summary_large_image","twitter_misc":{"Dur\u00e9e de lecture estim\u00e9e":"3 minutes"},"schema":{"@context":"https:\/\/schema.org","@graph":[{"@type":"WebPage","@id":"https:\/\/sxflightcase.com\/ary\/\u0645\u0646\u062a\u062c\/\u0627\u0644\u0645\u0632\u0627\u0644\u062c-\u0627\u0644\u063a\u0627\u0626\u0631\u0629-loa302\/","url":"https:\/\/sxflightcase.com\/ary\/\u0645\u0646\u062a\u062c\/\u0627\u0644\u0645\u0632\u0627\u0644\u062c-\u0627\u0644\u063a\u0627\u0626\u0631\u0629-loa302\/","name":"Recessed Latches LOA302 - https:\/\/sxflightcase.com \ud83d\udc97","isPartOf":{"@id":"https:\/\/sxflightcase.com\/th\/#website"},"primaryImageOfPage":{"@id":"https:\/\/sxflightcase.com\/ary\/\u0645\u0646\u062a\u062c\/\u0627\u0644\u0645\u0632\u0627\u0644\u062c-\u0627\u0644\u063a\u0627\u0626\u0631\u0629-loa302\/#primaryimage"},"image":{"@id":"https:\/\/sxflightcase.com\/ary\/\u0645\u0646\u062a\u062c\/\u0627\u0644\u0645\u0632\u0627\u0644\u062c-\u0627\u0644\u063a\u0627\u0626\u0631\u0629-loa302\/#primaryimage"},"thumbnailUrl":"https:\/\/sxflightcase.com\/wp-content\/uploads\/2024\/07\/LOA302.jpg","datePublished":"2024-08-01T06:02:11+00:00","dateModified":"2024-08-01T06:02:12+00:00","description":"Loquets encastr\u00e9s, en direct de l'usine ! Solutions de verrouillage s\u00fbres et de haute qualit\u00e9 pour les flight cases et les \u00e9quipements. Id\u00e9ales pour un montage affleurant et prot\u00e9g\u00e9 dans les environnements professionnels et industriels.","breadcrumb":{"@id":"https:\/\/sxflightcase.com\/ary\/\u0645\u0646\u062a\u062c\/\u0627\u0644\u0645\u0632\u0627\u0644\u062c-\u0627\u0644\u063a\u0627\u0626\u0631\u0629-loa302\/#breadcrumb"},"inLanguage":"fr-FR","potentialAction":[{"@type":"ReadAction","target":["https:\/\/sxflightcase.com\/ary\/\u0645\u0646\u062a\u062c\/\u0627\u0644\u0645\u0632\u0627\u0644\u062c-\u0627\u0644\u063a\u0627\u0626\u0631\u0629-loa302\/"]}]},{"@type":"ImageObject","inLanguage":"fr-FR","@id":"https:\/\/sxflightcase.com\/ary\/\u0645\u0646\u062a\u062c\/\u0627\u0644\u0645\u0632\u0627\u0644\u062c-\u0627\u0644\u063a\u0627\u0626\u0631\u0629-loa302\/#primaryimage","url":"https:\/\/sxflightcase.com\/wp-content\/uploads\/2024\/07\/LOA302.jpg","contentUrl":"https:\/\/sxflightcase.com\/wp-content\/uploads\/2024\/07\/LOA302.jpg","width":520,"height":454,"caption":"Recessed Latches"},{"@type":"BreadcrumbList","@id":"https:\/\/sxflightcase.com\/ary\/\u0645\u0646\u062a\u062c\/\u0627\u0644\u0645\u0632\u0627\u0644\u062c-\u0627\u0644\u063a\u0627\u0626\u0631\u0629-loa302\/#breadcrumb","itemListElement":[{"@type":"ListItem","position":1,"name":"Home","item":"https:\/\/sxflightcase.com\/"},{"@type":"ListItem","position":2,"name":"\u0e2a\u0e34\u0e19\u0e04\u0e49\u0e32","item":"https:\/\/sxflightcase.com\/th\/shop\/"},{"@type":"ListItem","position":3,"name":"Recessed Latches LOA302"}]},{"@type":"WebSite","@id":"https:\/\/sxflightcase.com\/th\/#website","url":"https:\/\/sxflightcase.com\/th\/","name":"sxpowercase.com","description":"Flight Case Factory","publisher":{"@id":"https:\/\/sxflightcase.com\/th\/#organization"},"potentialAction":[{"@type":"SearchAction","target":{"@type":"EntryPoint","urlTemplate":"https:\/\/sxflightcase.com\/th\/?s={search_term_string}"},"query-input":{"@type":"PropertyValueSpecification","valueRequired":true,"valueName":"search_term_string"}}],"inLanguage":"fr-FR"},{"@type":"Organization","@id":"https:\/\/sxflightcase.com\/th\/#organization","name":"sxpowercase.com","url":"https:\/\/sxflightcase.com\/th\/","logo":{"@type":"ImageObject","inLanguage":"fr-FR","@id":"https:\/\/sxflightcase.com\/th\/#\/schema\/logo\/image\/","url":"https:\/\/sxflightcase.com\/wp-content\/uploads\/2024\/04\/1713919036007.jpg","contentUrl":"https:\/\/sxflightcase.com\/wp-content\/uploads\/2024\/04\/1713919036007.jpg","width":382,"height":388,"caption":"sxpowercase.com"},"image":{"@id":"https:\/\/sxflightcase.com\/th\/#\/schema\/logo\/image\/"},"sameAs":["https:\/\/www.facebook.com\/profile.php?id=61560407257971"],"numberOfEmployees":{"@type":"QuantitativeValue","minValue":"11","maxValue":"50"}}]}},"_links":{"self":[{"href":"https:\/\/sxflightcase.com\/fr\/wp-json\/wp\/v2\/product\/3910","targetHints":{"allow":["GET"]}}],"collection":[{"href":"https:\/\/sxflightcase.com\/fr\/wp-json\/wp\/v2\/product"}],"about":[{"href":"https:\/\/sxflightcase.com\/fr\/wp-json\/wp\/v2\/types\/product"}],"replies":[{"embeddable":true,"href":"https:\/\/sxflightcase.com\/fr\/wp-json\/wp\/v2\/comments?post=3910"}],"version-history":[{"count":0,"href":"https:\/\/sxflightcase.com\/fr\/wp-json\/wp\/v2\/product\/3910\/revisions"}],"wp:featuredmedia":[{"embeddable":true,"href":"https:\/\/sxflightcase.com\/fr\/wp-json\/wp\/v2\/media\/3786"}],"wp:attachment":[{"href":"https:\/\/sxflightcase.com\/fr\/wp-json\/wp\/v2\/media?parent=3910"}],"wp:term":[{"taxonomy":"product_brand","embeddable":true,"href":"https:\/\/sxflightcase.com\/fr\/wp-json\/wp\/v2\/product_brand?post=3910"},{"taxonomy":"product_cat","embeddable":true,"href":"https:\/\/sxflightcase.com\/fr\/wp-json\/wp\/v2\/product_cat?post=3910"},{"taxonomy":"product_tag","embeddable":true,"href":"https:\/\/sxflightcase.com\/fr\/wp-json\/wp\/v2\/product_tag?post=3910"}],"curies":[{"name":"wp","href":"https:\/\/api.w.org\/{rel}","templated":true}]}}