{"id":3912,"date":"2024-08-01T07:04:39","date_gmt":"2024-08-01T06:04:39","guid":{"rendered":"https:\/\/sxpowercase.com\/?post_type=product&#038;p=3912"},"modified":"2024-08-01T07:04:40","modified_gmt":"2024-08-01T06:04:40","slug":"recessed-latches-loa303","status":"publish","type":"product","link":"https:\/\/sxflightcase.com\/fr\/produit\/loa303-loa303-loa303-loa303-loa303-loa303-loa303-loa303-2\/","title":{"rendered":"Loquets encastr\u00e9s LOA303"},"content":{"rendered":"<h2>S\u00e9curisez votre mat\u00e9riel avec les loquets encastr\u00e9s SX<\/h2>\n<h3>Solutions de s\u00e9curit\u00e9 haut de gamme<\/h3>\n<p>Lorsque vous prot\u00e9gez votre \u00e9quipement de valeur, <strong>Loquets encastr\u00e9s<\/strong> de SX constituent un choix id\u00e9al. Ces loquets offrent une s\u00e9curit\u00e9 exceptionnelle et sont parfaits pour les flight cases, les racks et autres bo\u00eetiers. Con\u00e7us avec pr\u00e9cision, les loquets SX garantissent la s\u00e9curit\u00e9 et la protection de votre mat\u00e9riel, qu'il soit en d\u00e9placement ou stock\u00e9.<\/p>\n<h3>Directement de l'usine pour des prix imbattables<\/h3>\n<p><a href=\"https:\/\/sxpowercase.com\/\" target=\"_blank\" rel=\"noopener\" title=\"SX\" data-wpil-monitor-id=\"615\">SX<\/a> offres <strong>Loquets encastr\u00e9s<\/strong> directement de l'usine, ce qui vous garantit des produits de qualit\u00e9 sup\u00e9rieure \u00e0 des prix directs d'usine. Ce mod\u00e8le \u00e9limine les interm\u00e9diaires, ce qui nous permet de vous faire b\u00e9n\u00e9ficier des \u00e9conomies r\u00e9alis\u00e9es. Notre engagement en faveur d'un prix abordable signifie que vous obtenez des loquets durables et de haute qualit\u00e9 sans avoir \u00e0 payer le prix fort.<\/p>\n<h3>Construit pour la durabilit\u00e9 et la fiabilit\u00e9<\/h3>\n<p>Notre <strong>Loquets encastr\u00e9s<\/strong> sont fabriqu\u00e9s \u00e0 partir de mat\u00e9riaux robustes, con\u00e7us pour r\u00e9sister \u00e0 une utilisation intensive et \u00e0 des conditions difficiles. Chez SX, l'assurance qualit\u00e9 est primordiale ; chaque verrou est soumis \u00e0 des tests rigoureux pour r\u00e9pondre \u00e0 nos normes \u00e9lev\u00e9es. Cette durabilit\u00e9 garantit une s\u00e9curit\u00e9 \u00e0 long terme pour votre \u00e9quipement, ce qui vous permet d'avoir l'esprit tranquille en sachant que votre mat\u00e9riel est en s\u00e9curit\u00e9.<\/p>\n<h3>Personnalisation pour vos besoins uniques<\/h3>\n<p>SX comprend que chaque projet a des exigences uniques. C'est pourquoi nous proposons des options de personnalisation pour nos produits. <strong>Loquets encastr\u00e9s<\/strong>. Que vous ayez besoin d'une taille, d'une finition ou d'un mat\u00e9riau sp\u00e9cifique, nous pouvons cr\u00e9er un verrou qui r\u00e9pondra parfaitement \u00e0 vos besoins. Cette personnalisation garantit que vous recevrez la solution exacte dont vous avez besoin, sans compromis sur la qualit\u00e9 ou la fonctionnalit\u00e9.<\/p>\n<h3>Installation facile et design \u00e9l\u00e9gant<\/h3>\n<p>Installation de SX <strong>Loquets encastr\u00e9s<\/strong> est un processus simple, gr\u00e2ce \u00e0 leur conception conviviale. La conception encastr\u00e9e ajoute non seulement un aspect \u00e9l\u00e9gant \u00e0 vos bo\u00eetiers et racks, mais emp\u00eache \u00e9galement les accrochages et les dommages. Nos loquets sont donc parfaits pour une large gamme d'applications, y compris le mat\u00e9riel audiovisuel professionnel, l'\u00e9quipement informatique et les solutions de stockage g\u00e9n\u00e9rales.<\/p>\n<h3>L&#039;avantage SX<\/h3>\n<p>Choisir SX, c'est choisir l'excellence en mati\u00e8re de qualit\u00e9, de rentabilit\u00e9 et de satisfaction de la client\u00e8le. Notre mod\u00e8le de vente directe vous garantit des produits de qualit\u00e9 sup\u00e9rieure aux prix les plus comp\u00e9titifs. Gr\u00e2ce \u00e0 notre <strong>Loquets encastr\u00e9s<\/strong>Avec SX, vous obtenez une solution durable et personnalisable qui r\u00e9pond \u00e0 vos sp\u00e9cifications exactes. Faites confiance \u00e0 SX pour vous fournir des loquets qui allient s\u00e9curit\u00e9, durabilit\u00e9 et esth\u00e9tique, le tout \u00e0 un prix abordable.<\/p>\n<h3>Contactez-nous aujourd&#039;hui<\/h3>\n<p>Assurez la s\u00e9curit\u00e9 de votre \u00e9quipement avec SX <strong>Loquets encastr\u00e9s<\/strong>. Nous offrons la meilleure combinaison de s\u00e9curit\u00e9, de durabilit\u00e9 et de rentabilit\u00e9 sur le march\u00e9. Que vous ayez besoin de verrous pour des flight cases, des racks ou d'autres solutions de stockage, SX vous couvre. Contactez-nous d\u00e8s aujourd'hui pour en savoir plus sur nos produits et nos options de personnalisation. Avec SX, vous recevez des produits de qualit\u00e9 directement de l'usine, ce qui vous assure la meilleure valeur pour votre investissement.<\/p>\n<p>Contactez-nous maintenant :<span style=\"color: #0000ff;\"><a style=\"color: #0000ff;\" href=\"https:\/\/sxpowercase.com\/contact-us\/\">https:\/\/sxpowercase.com\/<\/a><\/span><\/p>\n<p>Catalogue de produits mat\u00e9riels :<span style=\"color: #3366ff;\"><a style=\"color: #3366ff;\" href=\"https:\/\/sxpowercase.com\/wp-content\/uploads\/2024\/07\/\u4e94\u91d1.pdf\">Catalogue d&#039;accessoires de quincaillerie<\/a><\/span><\/p>","protected":false},"excerpt":{"rendered":"<div class=\"flex-shrink-0 flex flex-col relative items-end\">\n<div>\n<div class=\"pt-0\">\n<div class=\"gizmo-bot-avatar flex h-8 w-8 items-center justify-center overflow-hidden rounded-full\">\n<div class=\"relative p-1 rounded-sm flex items-center justify-center bg-token-main-surface-primary text-token-text-primary h-8 w-8\"><\/div>\n<\/div>\n<\/div>\n<\/div>\n<\/div>\n<div class=\"group\/conversation-turn relative flex w-full min-w-0 flex-col agent-turn\">\n<div class=\"flex-col gap-1 md:gap-3\">\n<div class=\"flex flex-grow flex-col max-w-full\">\n<div class=\"min-h-[20px] text-message flex w-full flex-col items-end gap-2 whitespace-pre-wrap break-words [.text-message+&amp;]:mt-5 overflow-x-auto\" dir=\"auto\" data-message-author-role=\"assistant\" data-message-id=\"1ab61275-2362-43eb-9fce-bafb1f1b29ea\">\n<div class=\"flex w-full flex-col gap-1 empty:hidden first:pt-[3px]\">\n<div class=\"markdown prose w-full break-words dark:prose-invert light\">\n<h3>Secure Your Gear with SX Recessed Latches<\/h3>\n<p>Protect your equipment with SX&#8217;s high-quality Recessed Latches, providing secure and convenient closures for various cases and enclosures.<\/p>\n<h3>Unbeatable Value with Factory Direct Sales<\/h3>\n<p>SX offers Recessed Latches at competitive prices through factory direct sales. Enjoy top-notch quality without the high cost.<\/p>\n<h3>Durable, Customisable, and Easy to Use<\/h3>\n<p>SX Recessed Latches are durable and versatile, with customisation options to fit your specific needs. Their recessed design ensures a smooth profile, perfect for professional equipment.<\/p>\n<\/div>\n<\/div>\n<\/div>\n<\/div>\n<div class=\"mt-1 flex gap-3 empty:hidden -ml-2\">\n<div class=\"items-center justify-start rounded-xl p-1 flex\">\n<div class=\"flex items-center\"><\/div>\n<\/div>\n<\/div>\n<\/div>\n<\/div>\n","protected":false},"featured_media":3787,"comment_status":"open","ping_status":"closed","template":"","meta":[],"product_brand":[],"product_cat":[61],"product_tag":[],"class_list":{"0":"post-3912","1":"product","2":"type-product","3":"status-publish","4":"has-post-thumbnail","6":"product_cat-catchother-locks","8":"first","9":"instock","10":"shipping-taxable","11":"product-type-simple"},"yoast_head":"<!-- This site is optimized with the Yoast SEO Premium plugin v27.1 (Yoast SEO v27.2) - https:\/\/yoast.com\/product\/yoast-seo-premium-wordpress\/ -->\n<title>Recessed Latches LOA303 - https:\/\/sxflightcase.com \ud83d\udc97<\/title>\n<meta name=\"description\" content=\"Recessed latch, factory direct! High-quality, secure latching solutions for flight cases and equipment. Ideal for a flush, protected fit in professional and industrial settings.\" \/>\n<meta name=\"robots\" content=\"index, follow, max-snippet:-1, max-image-preview:large, max-video-preview:-1\" \/>\n<link rel=\"canonical\" href=\"https:\/\/sxflightcase.com\/fr\/producto\/pestillos-empotrados-loa303-2\/\" \/>\n<meta property=\"og:locale\" content=\"fr_FR\" \/>\n<meta property=\"og:type\" content=\"article\" \/>\n<meta property=\"og:title\" content=\"Recessed Latches LOA303\" \/>\n<meta property=\"og:description\" content=\"Recessed latch, factory direct! High-quality, secure latching solutions for flight cases and equipment. Ideal for a flush, protected fit in professional and industrial settings.\" \/>\n<meta property=\"og:url\" content=\"https:\/\/sxflightcase.com\/fr\/producto\/pestillos-empotrados-loa303-2\/\" \/>\n<meta property=\"og:site_name\" content=\"https:\/\/sxflightcase.com\" \/>\n<meta property=\"article:publisher\" content=\"https:\/\/www.facebook.com\/profile.php?id=61560407257971\" \/>\n<meta property=\"article:modified_time\" content=\"2024-08-01T06:04:40+00:00\" \/>\n<meta property=\"og:image\" content=\"https:\/\/sxflightcase.com\/wp-content\/uploads\/2024\/07\/LOA303.jpg\" \/>\n\t<meta property=\"og:image:width\" content=\"520\" \/>\n\t<meta property=\"og:image:height\" content=\"520\" \/>\n\t<meta property=\"og:image:type\" content=\"image\/jpeg\" \/>\n<meta name=\"twitter:card\" content=\"summary_large_image\" \/>\n<meta name=\"twitter:label1\" content=\"Dur\u00e9e de lecture estim\u00e9e\" \/>\n\t<meta name=\"twitter:data1\" content=\"3 minutes\" \/>\n<script type=\"application\/ld+json\" class=\"yoast-schema-graph\">{\"@context\":\"https:\/\/schema.org\",\"@graph\":[{\"@type\":\"WebPage\",\"@id\":\"https:\/\/sxflightcase.com\/es\/producto\/pestillos-empotrados-loa303-2\/\",\"url\":\"https:\/\/sxflightcase.com\/es\/producto\/pestillos-empotrados-loa303-2\/\",\"name\":\"Recessed Latches LOA303 - https:\/\/sxflightcase.com \ud83d\udc97\",\"isPartOf\":{\"@id\":\"https:\/\/sxflightcase.com\/th\/#website\"},\"primaryImageOfPage\":{\"@id\":\"https:\/\/sxflightcase.com\/es\/producto\/pestillos-empotrados-loa303-2\/#primaryimage\"},\"image\":{\"@id\":\"https:\/\/sxflightcase.com\/es\/producto\/pestillos-empotrados-loa303-2\/#primaryimage\"},\"thumbnailUrl\":\"https:\/\/sxflightcase.com\/wp-content\/uploads\/2024\/07\/LOA303.jpg\",\"datePublished\":\"2024-08-01T06:04:39+00:00\",\"dateModified\":\"2024-08-01T06:04:40+00:00\",\"description\":\"Recessed latch, factory direct! High-quality, secure latching solutions for flight cases and equipment. Ideal for a flush, protected fit in professional and industrial settings.\",\"breadcrumb\":{\"@id\":\"https:\/\/sxflightcase.com\/es\/producto\/pestillos-empotrados-loa303-2\/#breadcrumb\"},\"inLanguage\":\"fr-FR\",\"potentialAction\":[{\"@type\":\"ReadAction\",\"target\":[\"https:\/\/sxflightcase.com\/es\/producto\/pestillos-empotrados-loa303-2\/\"]}]},{\"@type\":\"ImageObject\",\"inLanguage\":\"fr-FR\",\"@id\":\"https:\/\/sxflightcase.com\/es\/producto\/pestillos-empotrados-loa303-2\/#primaryimage\",\"url\":\"https:\/\/sxflightcase.com\/wp-content\/uploads\/2024\/07\/LOA303.jpg\",\"contentUrl\":\"https:\/\/sxflightcase.com\/wp-content\/uploads\/2024\/07\/LOA303.jpg\",\"width\":520,\"height\":520,\"caption\":\"Recessed Latches\"},{\"@type\":\"BreadcrumbList\",\"@id\":\"https:\/\/sxflightcase.com\/es\/producto\/pestillos-empotrados-loa303-2\/#breadcrumb\",\"itemListElement\":[{\"@type\":\"ListItem\",\"position\":1,\"name\":\"Home\",\"item\":\"https:\/\/sxflightcase.com\/\"},{\"@type\":\"ListItem\",\"position\":2,\"name\":\"\u0e2a\u0e34\u0e19\u0e04\u0e49\u0e32\",\"item\":\"https:\/\/sxflightcase.com\/th\/shop\/\"},{\"@type\":\"ListItem\",\"position\":3,\"name\":\"Recessed Latches LOA303\"}]},{\"@type\":\"WebSite\",\"@id\":\"https:\/\/sxflightcase.com\/th\/#website\",\"url\":\"https:\/\/sxflightcase.com\/th\/\",\"name\":\"sxpowercase.com\",\"description\":\"Flight Case Factory\",\"publisher\":{\"@id\":\"https:\/\/sxflightcase.com\/th\/#organization\"},\"potentialAction\":[{\"@type\":\"SearchAction\",\"target\":{\"@type\":\"EntryPoint\",\"urlTemplate\":\"https:\/\/sxflightcase.com\/th\/?s={search_term_string}\"},\"query-input\":{\"@type\":\"PropertyValueSpecification\",\"valueRequired\":true,\"valueName\":\"search_term_string\"}}],\"inLanguage\":\"fr-FR\"},{\"@type\":\"Organization\",\"@id\":\"https:\/\/sxflightcase.com\/th\/#organization\",\"name\":\"sxpowercase.com\",\"url\":\"https:\/\/sxflightcase.com\/th\/\",\"logo\":{\"@type\":\"ImageObject\",\"inLanguage\":\"fr-FR\",\"@id\":\"https:\/\/sxflightcase.com\/th\/#\/schema\/logo\/image\/\",\"url\":\"https:\/\/sxflightcase.com\/wp-content\/uploads\/2024\/04\/1713919036007.jpg\",\"contentUrl\":\"https:\/\/sxflightcase.com\/wp-content\/uploads\/2024\/04\/1713919036007.jpg\",\"width\":382,\"height\":388,\"caption\":\"sxpowercase.com\"},\"image\":{\"@id\":\"https:\/\/sxflightcase.com\/th\/#\/schema\/logo\/image\/\"},\"sameAs\":[\"https:\/\/www.facebook.com\/profile.php?id=61560407257971\"],\"numberOfEmployees\":{\"@type\":\"QuantitativeValue\",\"minValue\":\"11\",\"maxValue\":\"50\"}}]}<\/script>\n<!-- \/ Yoast SEO Premium plugin. -->","yoast_head_json":{"title":"Recessed Latches LOA303 - https:\/\/sxflightcase.com \ud83d\udc97","description":"Loquet encastr\u00e9, direct usine ! Solutions de verrouillage s\u00fbres et de haute qualit\u00e9 pour les flight cases et les \u00e9quipements. Id\u00e9al pour un montage affleurant et prot\u00e9g\u00e9 dans les environnements professionnels et industriels.","robots":{"index":"index","follow":"follow","max-snippet":"max-snippet:-1","max-image-preview":"max-image-preview:large","max-video-preview":"max-video-preview:-1"},"canonical":"https:\/\/sxflightcase.com\/fr\/producto\/pestillos-empotrados-loa303-2\/","og_locale":"fr_FR","og_type":"article","og_title":"Recessed Latches LOA303","og_description":"Recessed latch, factory direct! High-quality, secure latching solutions for flight cases and equipment. Ideal for a flush, protected fit in professional and industrial settings.","og_url":"https:\/\/sxflightcase.com\/fr\/producto\/pestillos-empotrados-loa303-2\/","og_site_name":"https:\/\/sxflightcase.com","article_publisher":"https:\/\/www.facebook.com\/profile.php?id=61560407257971","article_modified_time":"2024-08-01T06:04:40+00:00","og_image":[{"width":520,"height":520,"url":"https:\/\/sxflightcase.com\/wp-content\/uploads\/2024\/07\/LOA303.jpg","type":"image\/jpeg"}],"twitter_card":"summary_large_image","twitter_misc":{"Dur\u00e9e de lecture estim\u00e9e":"3 minutes"},"schema":{"@context":"https:\/\/schema.org","@graph":[{"@type":"WebPage","@id":"https:\/\/sxflightcase.com\/es\/producto\/pestillos-empotrados-loa303-2\/","url":"https:\/\/sxflightcase.com\/es\/producto\/pestillos-empotrados-loa303-2\/","name":"Recessed Latches LOA303 - https:\/\/sxflightcase.com \ud83d\udc97","isPartOf":{"@id":"https:\/\/sxflightcase.com\/th\/#website"},"primaryImageOfPage":{"@id":"https:\/\/sxflightcase.com\/es\/producto\/pestillos-empotrados-loa303-2\/#primaryimage"},"image":{"@id":"https:\/\/sxflightcase.com\/es\/producto\/pestillos-empotrados-loa303-2\/#primaryimage"},"thumbnailUrl":"https:\/\/sxflightcase.com\/wp-content\/uploads\/2024\/07\/LOA303.jpg","datePublished":"2024-08-01T06:04:39+00:00","dateModified":"2024-08-01T06:04:40+00:00","description":"Loquet encastr\u00e9, direct usine ! Solutions de verrouillage s\u00fbres et de haute qualit\u00e9 pour les flight cases et les \u00e9quipements. Id\u00e9al pour un montage affleurant et prot\u00e9g\u00e9 dans les environnements professionnels et industriels.","breadcrumb":{"@id":"https:\/\/sxflightcase.com\/es\/producto\/pestillos-empotrados-loa303-2\/#breadcrumb"},"inLanguage":"fr-FR","potentialAction":[{"@type":"ReadAction","target":["https:\/\/sxflightcase.com\/es\/producto\/pestillos-empotrados-loa303-2\/"]}]},{"@type":"ImageObject","inLanguage":"fr-FR","@id":"https:\/\/sxflightcase.com\/es\/producto\/pestillos-empotrados-loa303-2\/#primaryimage","url":"https:\/\/sxflightcase.com\/wp-content\/uploads\/2024\/07\/LOA303.jpg","contentUrl":"https:\/\/sxflightcase.com\/wp-content\/uploads\/2024\/07\/LOA303.jpg","width":520,"height":520,"caption":"Recessed Latches"},{"@type":"BreadcrumbList","@id":"https:\/\/sxflightcase.com\/es\/producto\/pestillos-empotrados-loa303-2\/#breadcrumb","itemListElement":[{"@type":"ListItem","position":1,"name":"Home","item":"https:\/\/sxflightcase.com\/"},{"@type":"ListItem","position":2,"name":"\u0e2a\u0e34\u0e19\u0e04\u0e49\u0e32","item":"https:\/\/sxflightcase.com\/th\/shop\/"},{"@type":"ListItem","position":3,"name":"Recessed Latches LOA303"}]},{"@type":"WebSite","@id":"https:\/\/sxflightcase.com\/th\/#website","url":"https:\/\/sxflightcase.com\/th\/","name":"sxpowercase.com","description":"Flight Case Factory","publisher":{"@id":"https:\/\/sxflightcase.com\/th\/#organization"},"potentialAction":[{"@type":"SearchAction","target":{"@type":"EntryPoint","urlTemplate":"https:\/\/sxflightcase.com\/th\/?s={search_term_string}"},"query-input":{"@type":"PropertyValueSpecification","valueRequired":true,"valueName":"search_term_string"}}],"inLanguage":"fr-FR"},{"@type":"Organization","@id":"https:\/\/sxflightcase.com\/th\/#organization","name":"sxpowercase.com","url":"https:\/\/sxflightcase.com\/th\/","logo":{"@type":"ImageObject","inLanguage":"fr-FR","@id":"https:\/\/sxflightcase.com\/th\/#\/schema\/logo\/image\/","url":"https:\/\/sxflightcase.com\/wp-content\/uploads\/2024\/04\/1713919036007.jpg","contentUrl":"https:\/\/sxflightcase.com\/wp-content\/uploads\/2024\/04\/1713919036007.jpg","width":382,"height":388,"caption":"sxpowercase.com"},"image":{"@id":"https:\/\/sxflightcase.com\/th\/#\/schema\/logo\/image\/"},"sameAs":["https:\/\/www.facebook.com\/profile.php?id=61560407257971"],"numberOfEmployees":{"@type":"QuantitativeValue","minValue":"11","maxValue":"50"}}]}},"_links":{"self":[{"href":"https:\/\/sxflightcase.com\/fr\/wp-json\/wp\/v2\/product\/3912","targetHints":{"allow":["GET"]}}],"collection":[{"href":"https:\/\/sxflightcase.com\/fr\/wp-json\/wp\/v2\/product"}],"about":[{"href":"https:\/\/sxflightcase.com\/fr\/wp-json\/wp\/v2\/types\/product"}],"replies":[{"embeddable":true,"href":"https:\/\/sxflightcase.com\/fr\/wp-json\/wp\/v2\/comments?post=3912"}],"version-history":[{"count":0,"href":"https:\/\/sxflightcase.com\/fr\/wp-json\/wp\/v2\/product\/3912\/revisions"}],"wp:featuredmedia":[{"embeddable":true,"href":"https:\/\/sxflightcase.com\/fr\/wp-json\/wp\/v2\/media\/3787"}],"wp:attachment":[{"href":"https:\/\/sxflightcase.com\/fr\/wp-json\/wp\/v2\/media?parent=3912"}],"wp:term":[{"taxonomy":"product_brand","embeddable":true,"href":"https:\/\/sxflightcase.com\/fr\/wp-json\/wp\/v2\/product_brand?post=3912"},{"taxonomy":"product_cat","embeddable":true,"href":"https:\/\/sxflightcase.com\/fr\/wp-json\/wp\/v2\/product_cat?post=3912"},{"taxonomy":"product_tag","embeddable":true,"href":"https:\/\/sxflightcase.com\/fr\/wp-json\/wp\/v2\/product_tag?post=3912"}],"curies":[{"name":"wp","href":"https:\/\/api.w.org\/{rel}","templated":true}]}}